{"id":28795,"date":"2026-01-26T14:24:51","date_gmt":"2026-01-26T12:24:51","guid":{"rendered":"https:\/\/biblia.md\/?post_type=product&#038;p=28795"},"modified":"2026-04-22T11:51:42","modified_gmt":"2026-04-22T09:51:42","slug":"craciunul-este-darul-lui-dumnezeu","status":"publish","type":"product","link":"https:\/\/biblia.md\/en\/shop\/craciunul-este-darul-lui-dumnezeu\/","title":{"rendered":"Cr\u0103ciunul este darul lui Dumnezeu"},"content":{"rendered":"<p>Pe c\u00e2nd familia de ur\u015fi polari se preg\u0103tea pentru s\u0103rb\u0103torirea celei mai frumoase zile din an, Puiu\u0163ul cel curios \u00eentreab\u0103&#8230;\u00a0\u201e<strong>Cine a inventat Cr\u0103ciunul?<\/strong>\u201d<br \/>\nR\u0103spunsul mamei st\u00e2rne\u015fte mai multe \u00eentreb\u0103ri, cum ar fi:\u00a0\u201e<strong>Este Dumnezeu mai important dec\u00e2t Mo\u0219 Cr\u0103ciun?<\/strong>\u201d.<br \/>\nPrin urmare, m\u0103mica ursoaic\u0103 \u015fi cu micu\u0163a pleac\u0103 \u00eentr-o expedi\u021bie polar\u0103 pentru a-L \u00eent\u00e2lni pe Dumnezeu \u0219i pentru a \u00een\u0163elege cum le-a d\u0103ruit Cr\u0103ciunul. De-a lungul c\u0103l\u0103toriei, ele \u00eent\u00e2lnesc semne care ne \u00eenva\u0163\u0103 c\u0103 Dumnezeu este cu noi pretutindeni. Prin pov\u0103\u0163uirea bl\u00e2nd\u0103 a Mamei, Puiu\u0163ul \u00eenva\u021b\u0103 despre Cr\u0103ciun \u0219i descoper\u0103 c\u0103&#8230;\u00a0\u201e<strong>Iisus este cel mai bun dar dintre toate<\/strong>\u201d.<br \/>\nAceast\u0103 poveste \u00eenc\u00e2nt\u0103toare \u00eei ajut\u0103 pe copii s\u0103 \u00een\u0163eleag\u0103 adev\u0103rata semnifica\u0163ie a Cr\u0103ciunului \u0219i s\u0103 descopere c\u00e2t de mult \u00eei iube\u0219te Dumnezeu.<\/p>\n<p>Colec\u021bia \u201eDarul lui Dumnezeu\u201d reu\u0219e\u0219te s\u0103 aduc\u0103 r\u0103spunsurile potrivite la \u00eentreb\u0103rile sincere \u0219i dr\u0103g\u0103la\u0219e ale copiilor, care se afl\u0103&#8230;<\/p>","protected":false},"excerpt":{"rendered":"<p>Pe c\u00e2nd familia de ur\u015fi polari se preg\u0103tea pentru s\u0103rb\u0103torirea celei mai frumoase zile din an, Puiu\u0163ul cel curios \u00eentreab\u0103&#8230;\u00a0\u201e<strong>Cine a inventat Cr\u0103ciunul?<\/strong>\u201d<br \/>\nR\u0103spunsul mamei st\u00e2rne\u015fte mai multe \u00eentreb\u0103ri, cum ar fi:\u00a0\u201e<strong>Este Dumnezeu mai important dec\u00e2t Mo\u0219 Cr\u0103ciun?<\/strong>\u201d.<br \/>\nPrin urmare, m\u0103mica ursoaic\u0103 \u015fi cu micu\u0163a pleac\u0103 \u00eentr-o expedi\u021bie polar\u0103 pentru a-L \u00eent\u00e2lni pe Dumnezeu \u0219i pentru a \u00een\u0163elege cum le-a d\u0103ruit Cr\u0103ciunul. De-a lungul c\u0103l\u0103toriei, ele \u00eent\u00e2lnesc semne care ne \u00eenva\u0163\u0103 c\u0103 Dumnezeu este cu noi pretutindeni. Prin pov\u0103\u0163uirea bl\u00e2nd\u0103 a Mamei, Puiu\u0163ul \u00eenva\u021b\u0103 despre Cr\u0103ciun \u0219i descoper\u0103 c\u0103&#8230;\u00a0\u201e<strong>Iisus este cel mai bun dar dintre toate<\/strong>\u201d.<br \/>\nAceast\u0103 poveste \u00eenc\u00e2nt\u0103toare \u00eei ajut\u0103 pe copii s\u0103 \u00een\u0163eleag\u0103 adev\u0103rata semnifica\u0163ie a Cr\u0103ciunului \u0219i s\u0103 descopere c\u00e2t de mult \u00eei iube\u0219te Dumnezeu.<\/p>\n<p>Colec\u021bia \u201eDarul lui Dumnezeu\u201d reu\u0219e\u0219te s\u0103 aduc\u0103 r\u0103spunsurile potrivite la \u00eentreb\u0103rile sincere \u0219i dr\u0103g\u0103la\u0219e ale copiilor, care se afl\u0103&#8230;<\/p>","protected":false},"featured_media":28796,"comment_status":"open","ping_status":"closed","template":"","meta":[],"product_brand":[],"product_cat":[149,378,364],"product_tag":[],"class_list":{"0":"post-28795","1":"product","2":"type-product","3":"status-publish","4":"has-post-thumbnail","6":"product_cat-copii","7":"product_cat-craciun","8":"product_cat-povestiri","9":"product_author-lisa-tawn-bergren","10":"product_genre-knigi-rom","12":"first","13":"instock","14":"shipping-taxable","15":"purchasable","16":"product-type-simple"},"yoast_head":"<!-- This site is optimized with the Yoast SEO plugin v27.3 - https:\/\/yoast.com\/product\/yoast-seo-wordpress\/ -->\n<title>Cr\u0103ciunul este darul lui Dumnezeu - Societatea Biblic\u0103 din Moldova<\/title>\n<meta name=\"robots\" content=\"index, follow, max-snippet:-1, max-image-preview:large, max-video-preview:-1\" \/>\n<link rel=\"canonical\" href=\"https:\/\/biblia.md\/en\/shop\/craciunul-este-darul-lui-dumnezeu\/\" \/>\n<meta property=\"og:locale\" content=\"en_US\" \/>\n<meta property=\"og:type\" content=\"article\" \/>\n<meta property=\"og:title\" content=\"Cr\u0103ciunul este darul lui Dumnezeu - Societatea Biblic\u0103 din Moldova\" \/>\n<meta property=\"og:description\" content=\"Pe c\u00e2nd familia de ur\u015fi polari se preg\u0103tea pentru s\u0103rb\u0103torirea celei mai frumoase zile din an, Puiu\u0163ul cel curios \u00eentreab\u0103...\u00a0\u201eCine a inventat Cr\u0103ciunul?\u201d R\u0103spunsul mamei st\u00e2rne\u015fte mai multe \u00eentreb\u0103ri, cum ar fi:\u00a0\u201eEste Dumnezeu mai important dec\u00e2t Mo\u0219 Cr\u0103ciun?\u201d. Prin urmare, m\u0103mica ursoaic\u0103 \u015fi cu micu\u0163a pleac\u0103 \u00eentr-o expedi\u021bie polar\u0103 pentru a-L \u00eent\u00e2lni pe Dumnezeu \u0219i pentru a \u00een\u0163elege cum le-a d\u0103ruit Cr\u0103ciunul. De-a lungul c\u0103l\u0103toriei, ele \u00eent\u00e2lnesc semne care ne \u00eenva\u0163\u0103 c\u0103 Dumnezeu este cu noi pretutindeni. Prin pov\u0103\u0163uirea bl\u00e2nd\u0103 a Mamei, Puiu\u0163ul \u00eenva\u021b\u0103 despre Cr\u0103ciun \u0219i descoper\u0103 c\u0103...\u00a0\u201eIisus este cel mai bun dar dintre toate\u201d. Aceast\u0103 poveste \u00eenc\u00e2nt\u0103toare \u00eei ajut\u0103 pe copii s\u0103 \u00een\u0163eleag\u0103 adev\u0103rata semnifica\u0163ie a Cr\u0103ciunului \u0219i s\u0103 descopere c\u00e2t de mult \u00eei iube\u0219te Dumnezeu.  Colec\u021bia \u201eDarul lui Dumnezeu\u201d reu\u0219e\u0219te s\u0103 aduc\u0103 r\u0103spunsurile potrivite la \u00eentreb\u0103rile sincere \u0219i dr\u0103g\u0103la\u0219e ale copiilor, care se afl\u0103...\" \/>\n<meta property=\"og:url\" content=\"https:\/\/biblia.md\/en\/shop\/craciunul-este-darul-lui-dumnezeu\/\" \/>\n<meta property=\"og:site_name\" content=\"Societatea Biblic\u0103 din Moldova\" \/>\n<meta property=\"article:publisher\" content=\"https:\/\/www.facebook.com\/SocietateaBiblicaMoldova\/\" \/>\n<meta property=\"article:modified_time\" content=\"2026-04-22T09:51:42+00:00\" \/>\n<meta property=\"og:image\" content=\"https:\/\/biblia.md\/wp-content\/uploads\/2025\/12\/0000000465-1.jpg\" \/>\n\t<meta property=\"og:image:width\" content=\"600\" \/>\n\t<meta property=\"og:image:height\" content=\"900\" \/>\n\t<meta property=\"og:image:type\" content=\"image\/jpeg\" \/>\n<meta name=\"twitter:card\" content=\"summary_large_image\" \/>\n<meta name=\"twitter:label1\" content=\"Est. reading time\" \/>\n\t<meta name=\"twitter:data1\" content=\"1 minute\" \/>\n<script type=\"application\/ld+json\" class=\"yoast-schema-graph\">{\"@context\":\"https:\\\/\\\/schema.org\",\"@graph\":[{\"@type\":\"WebPage\",\"@id\":\"https:\\\/\\\/biblia.md\\\/shop\\\/craciunul-este-darul-lui-dumnezeu\\\/\",\"url\":\"https:\\\/\\\/biblia.md\\\/shop\\\/craciunul-este-darul-lui-dumnezeu\\\/\",\"name\":\"Cr\u0103ciunul este darul lui Dumnezeu - Societatea Biblic\u0103 din Moldova\",\"isPartOf\":{\"@id\":\"https:\\\/\\\/biblia.md\\\/#website\"},\"primaryImageOfPage\":{\"@id\":\"https:\\\/\\\/biblia.md\\\/shop\\\/craciunul-este-darul-lui-dumnezeu\\\/#primaryimage\"},\"image\":{\"@id\":\"https:\\\/\\\/biblia.md\\\/shop\\\/craciunul-este-darul-lui-dumnezeu\\\/#primaryimage\"},\"thumbnailUrl\":\"https:\\\/\\\/biblia.md\\\/wp-content\\\/uploads\\\/2025\\\/12\\\/0000000465-1.jpg\",\"datePublished\":\"2026-01-26T12:24:51+00:00\",\"dateModified\":\"2026-04-22T09:51:42+00:00\",\"breadcrumb\":{\"@id\":\"https:\\\/\\\/biblia.md\\\/shop\\\/craciunul-este-darul-lui-dumnezeu\\\/#breadcrumb\"},\"inLanguage\":\"en-US\",\"potentialAction\":[{\"@type\":\"ReadAction\",\"target\":[\"https:\\\/\\\/biblia.md\\\/shop\\\/craciunul-este-darul-lui-dumnezeu\\\/\"]}]},{\"@type\":\"ImageObject\",\"inLanguage\":\"en-US\",\"@id\":\"https:\\\/\\\/biblia.md\\\/shop\\\/craciunul-este-darul-lui-dumnezeu\\\/#primaryimage\",\"url\":\"https:\\\/\\\/biblia.md\\\/wp-content\\\/uploads\\\/2025\\\/12\\\/0000000465-1.jpg\",\"contentUrl\":\"https:\\\/\\\/biblia.md\\\/wp-content\\\/uploads\\\/2025\\\/12\\\/0000000465-1.jpg\",\"width\":600,\"height\":900},{\"@type\":\"BreadcrumbList\",\"@id\":\"https:\\\/\\\/biblia.md\\\/shop\\\/craciunul-este-darul-lui-dumnezeu\\\/#breadcrumb\",\"itemListElement\":[{\"@type\":\"ListItem\",\"position\":1,\"name\":\"Prima pagin\u0103\",\"item\":\"https:\\\/\\\/biblia.md\\\/\"},{\"@type\":\"ListItem\",\"position\":2,\"name\":\"Shop\",\"item\":\"https:\\\/\\\/biblia.md\\\/shop\\\/\"},{\"@type\":\"ListItem\",\"position\":3,\"name\":\"Cr\u0103ciunul este darul lui Dumnezeu\"}]},{\"@type\":\"WebSite\",\"@id\":\"https:\\\/\\\/biblia.md\\\/#website\",\"url\":\"https:\\\/\\\/biblia.md\\\/\",\"name\":\"Societatea Biblic\u0103 din Moldova\",\"description\":\"\",\"publisher\":{\"@id\":\"https:\\\/\\\/biblia.md\\\/#organization\"},\"potentialAction\":[{\"@type\":\"SearchAction\",\"target\":{\"@type\":\"EntryPoint\",\"urlTemplate\":\"https:\\\/\\\/biblia.md\\\/?s={search_term_string}\"},\"query-input\":{\"@type\":\"PropertyValueSpecification\",\"valueRequired\":true,\"valueName\":\"search_term_string\"}}],\"inLanguage\":\"en-US\"},{\"@type\":\"Organization\",\"@id\":\"https:\\\/\\\/biblia.md\\\/#organization\",\"name\":\"Societatea Biblic\u0103 din Moldova\",\"url\":\"https:\\\/\\\/biblia.md\\\/\",\"logo\":{\"@type\":\"ImageObject\",\"inLanguage\":\"en-US\",\"@id\":\"https:\\\/\\\/biblia.md\\\/#\\\/schema\\\/logo\\\/image\\\/\",\"url\":\"https:\\\/\\\/biblia.md\\\/wp-content\\\/uploads\\\/2026\\\/01\\\/icon_site.jpg\",\"contentUrl\":\"https:\\\/\\\/biblia.md\\\/wp-content\\\/uploads\\\/2026\\\/01\\\/icon_site.jpg\",\"width\":656,\"height\":656,\"caption\":\"Societatea Biblic\u0103 din Moldova\"},\"image\":{\"@id\":\"https:\\\/\\\/biblia.md\\\/#\\\/schema\\\/logo\\\/image\\\/\"},\"sameAs\":[\"https:\\\/\\\/www.facebook.com\\\/SocietateaBiblicaMoldova\\\/\",\"https:\\\/\\\/www.instagram.com\\\/biblia.md\\\/\"]}]}<\/script>\n<!-- \/ Yoast SEO plugin. -->","yoast_head_json":{"title":"Cr\u0103ciunul este darul lui Dumnezeu - Societatea Biblic\u0103 din Moldova","robots":{"index":"index","follow":"follow","max-snippet":"max-snippet:-1","max-image-preview":"max-image-preview:large","max-video-preview":"max-video-preview:-1"},"canonical":"https:\/\/biblia.md\/en\/shop\/craciunul-este-darul-lui-dumnezeu\/","og_locale":"en_US","og_type":"article","og_title":"Cr\u0103ciunul este darul lui Dumnezeu - Societatea Biblic\u0103 din Moldova","og_description":"Pe c\u00e2nd familia de ur\u015fi polari se preg\u0103tea pentru s\u0103rb\u0103torirea celei mai frumoase zile din an, Puiu\u0163ul cel curios \u00eentreab\u0103...\u00a0\u201eCine a inventat Cr\u0103ciunul?\u201d R\u0103spunsul mamei st\u00e2rne\u015fte mai multe \u00eentreb\u0103ri, cum ar fi:\u00a0\u201eEste Dumnezeu mai important dec\u00e2t Mo\u0219 Cr\u0103ciun?\u201d. Prin urmare, m\u0103mica ursoaic\u0103 \u015fi cu micu\u0163a pleac\u0103 \u00eentr-o expedi\u021bie polar\u0103 pentru a-L \u00eent\u00e2lni pe Dumnezeu \u0219i pentru a \u00een\u0163elege cum le-a d\u0103ruit Cr\u0103ciunul. De-a lungul c\u0103l\u0103toriei, ele \u00eent\u00e2lnesc semne care ne \u00eenva\u0163\u0103 c\u0103 Dumnezeu este cu noi pretutindeni. Prin pov\u0103\u0163uirea bl\u00e2nd\u0103 a Mamei, Puiu\u0163ul \u00eenva\u021b\u0103 despre Cr\u0103ciun \u0219i descoper\u0103 c\u0103...\u00a0\u201eIisus este cel mai bun dar dintre toate\u201d. Aceast\u0103 poveste \u00eenc\u00e2nt\u0103toare \u00eei ajut\u0103 pe copii s\u0103 \u00een\u0163eleag\u0103 adev\u0103rata semnifica\u0163ie a Cr\u0103ciunului \u0219i s\u0103 descopere c\u00e2t de mult \u00eei iube\u0219te Dumnezeu.  Colec\u021bia \u201eDarul lui Dumnezeu\u201d reu\u0219e\u0219te s\u0103 aduc\u0103 r\u0103spunsurile potrivite la \u00eentreb\u0103rile sincere \u0219i dr\u0103g\u0103la\u0219e ale copiilor, care se afl\u0103...","og_url":"https:\/\/biblia.md\/en\/shop\/craciunul-este-darul-lui-dumnezeu\/","og_site_name":"Societatea Biblic\u0103 din Moldova","article_publisher":"https:\/\/www.facebook.com\/SocietateaBiblicaMoldova\/","article_modified_time":"2026-04-22T09:51:42+00:00","og_image":[{"width":600,"height":900,"url":"https:\/\/biblia.md\/wp-content\/uploads\/2025\/12\/0000000465-1.jpg","type":"image\/jpeg"}],"twitter_card":"summary_large_image","twitter_misc":{"Est. reading time":"1 minute"},"schema":{"@context":"https:\/\/schema.org","@graph":[{"@type":"WebPage","@id":"https:\/\/biblia.md\/shop\/craciunul-este-darul-lui-dumnezeu\/","url":"https:\/\/biblia.md\/shop\/craciunul-este-darul-lui-dumnezeu\/","name":"Cr\u0103ciunul este darul lui Dumnezeu - Societatea Biblic\u0103 din Moldova","isPartOf":{"@id":"https:\/\/biblia.md\/#website"},"primaryImageOfPage":{"@id":"https:\/\/biblia.md\/shop\/craciunul-este-darul-lui-dumnezeu\/#primaryimage"},"image":{"@id":"https:\/\/biblia.md\/shop\/craciunul-este-darul-lui-dumnezeu\/#primaryimage"},"thumbnailUrl":"https:\/\/biblia.md\/wp-content\/uploads\/2025\/12\/0000000465-1.jpg","datePublished":"2026-01-26T12:24:51+00:00","dateModified":"2026-04-22T09:51:42+00:00","breadcrumb":{"@id":"https:\/\/biblia.md\/shop\/craciunul-este-darul-lui-dumnezeu\/#breadcrumb"},"inLanguage":"en-US","potentialAction":[{"@type":"ReadAction","target":["https:\/\/biblia.md\/shop\/craciunul-este-darul-lui-dumnezeu\/"]}]},{"@type":"ImageObject","inLanguage":"en-US","@id":"https:\/\/biblia.md\/shop\/craciunul-este-darul-lui-dumnezeu\/#primaryimage","url":"https:\/\/biblia.md\/wp-content\/uploads\/2025\/12\/0000000465-1.jpg","contentUrl":"https:\/\/biblia.md\/wp-content\/uploads\/2025\/12\/0000000465-1.jpg","width":600,"height":900},{"@type":"BreadcrumbList","@id":"https:\/\/biblia.md\/shop\/craciunul-este-darul-lui-dumnezeu\/#breadcrumb","itemListElement":[{"@type":"ListItem","position":1,"name":"Prima pagin\u0103","item":"https:\/\/biblia.md\/"},{"@type":"ListItem","position":2,"name":"Shop","item":"https:\/\/biblia.md\/shop\/"},{"@type":"ListItem","position":3,"name":"Cr\u0103ciunul este darul lui Dumnezeu"}]},{"@type":"WebSite","@id":"https:\/\/biblia.md\/#website","url":"https:\/\/biblia.md\/","name":"Societatea Biblic\u0103 din Moldova","description":"","publisher":{"@id":"https:\/\/biblia.md\/#organization"},"potentialAction":[{"@type":"SearchAction","target":{"@type":"EntryPoint","urlTemplate":"https:\/\/biblia.md\/?s={search_term_string}"},"query-input":{"@type":"PropertyValueSpecification","valueRequired":true,"valueName":"search_term_string"}}],"inLanguage":"en-US"},{"@type":"Organization","@id":"https:\/\/biblia.md\/#organization","name":"Societatea Biblic\u0103 din Moldova","url":"https:\/\/biblia.md\/","logo":{"@type":"ImageObject","inLanguage":"en-US","@id":"https:\/\/biblia.md\/#\/schema\/logo\/image\/","url":"https:\/\/biblia.md\/wp-content\/uploads\/2026\/01\/icon_site.jpg","contentUrl":"https:\/\/biblia.md\/wp-content\/uploads\/2026\/01\/icon_site.jpg","width":656,"height":656,"caption":"Societatea Biblic\u0103 din Moldova"},"image":{"@id":"https:\/\/biblia.md\/#\/schema\/logo\/image\/"},"sameAs":["https:\/\/www.facebook.com\/SocietateaBiblicaMoldova\/","https:\/\/www.instagram.com\/biblia.md\/"]}]}},"_links":{"self":[{"href":"https:\/\/biblia.md\/en\/wp-json\/wp\/v2\/product\/28795","targetHints":{"allow":["GET"]}}],"collection":[{"href":"https:\/\/biblia.md\/en\/wp-json\/wp\/v2\/product"}],"about":[{"href":"https:\/\/biblia.md\/en\/wp-json\/wp\/v2\/types\/product"}],"replies":[{"embeddable":true,"href":"https:\/\/biblia.md\/en\/wp-json\/wp\/v2\/comments?post=28795"}],"version-history":[{"count":1,"href":"https:\/\/biblia.md\/en\/wp-json\/wp\/v2\/product\/28795\/revisions"}],"predecessor-version":[{"id":28797,"href":"https:\/\/biblia.md\/en\/wp-json\/wp\/v2\/product\/28795\/revisions\/28797"}],"wp:featuredmedia":[{"embeddable":true,"href":"https:\/\/biblia.md\/en\/wp-json\/wp\/v2\/media\/28796"}],"wp:attachment":[{"href":"https:\/\/biblia.md\/en\/wp-json\/wp\/v2\/media?parent=28795"}],"wp:term":[{"taxonomy":"product_brand","embeddable":true,"href":"https:\/\/biblia.md\/en\/wp-json\/wp\/v2\/product_brand?post=28795"},{"taxonomy":"product_cat","embeddable":true,"href":"https:\/\/biblia.md\/en\/wp-json\/wp\/v2\/product_cat?post=28795"},{"taxonomy":"product_tag","embeddable":true,"href":"https:\/\/biblia.md\/en\/wp-json\/wp\/v2\/product_tag?post=28795"}],"curies":[{"name":"wp","href":"https:\/\/api.w.org\/{rel}","templated":true}]}}