{"id":28865,"date":"2025-12-16T09:40:41","date_gmt":"2025-12-16T07:40:41","guid":{"rendered":"https:\/\/biblia.md\/?post_type=product&#038;p=28865"},"modified":"2025-12-18T13:33:41","modified_gmt":"2025-12-18T11:33:41","slug":"povestea-luminatorului-si-alte-povesti-de-craciun","status":"publish","type":"product","link":"https:\/\/biblia.md\/en\/shop\/povestea-luminatorului-si-alte-povesti-de-craciun\/","title":{"rendered":"Povestea Luminatorului si alte povesti de Craciun"},"content":{"rendered":"<p>\u201eZilele urm\u0103toare au hoin\u0103rit de colo colo, de pe o strad\u0103 pe alta, au intrat prin muzee, au ascultat concerte, au vizitat biserici. Se vedea bine c\u0103 vine Cr\u0103ciunul. Toate magazinele aveau \u00een vitrine \u015fi pe rafturi globuri, betele \u015fi tot felul care luau ochii cump\u0103r\u0103torilor. C\u00e2ntecele de Cr\u0103ciun r\u0103sunau peste tot. Oamenii umblau bine \u00eembr\u0103ca\u0163i, cu paltoanele str\u00e2nse bine \u00een jurul lor. Vremea era friguroas\u0103 bine, ba era cea\u0163\u0103, ba pica lapovi\u0163a, ba ploua, ba totul era \u00eenghe\u0163at. Nu mai spunem despre copacii goi de frunze, despre \u00eengr\u0103diturile caselor lipsite de orice verdea\u0163\u0103.\u201d<\/p>\n<p>Ne plac pove\u015ftile; este o pl\u0103cere s\u0103 cunoa\u015ftem personaje \u015fi s\u0103 tr\u0103im \u00een lumea lor, s\u0103 le experiment\u0103m bucuriile \u015fi necazurile. Copiii iubesc pove\u015ftile. De-a lungul istoriei noastre, oamenii \u015fi-au \u00eendreptat aten\u0163ia c\u0103tre pove\u015fti \u00een timpul nop\u0163ilor lungi \u015fi reci de iarn\u0103. Pove\u015ftile sunt magice, pot crea alte lumi, idei \u015fi pot face cotidianul s\u0103 par\u0103 incredibil. Ele ne pot \u00eenv\u0103\u0163a empatia \u015fi ne pot duce \u00een c\u0103l\u0103torii nemaipomenite. Ne fac s\u0103 r\u00e2dem, s\u0103 pl\u00e2ngem, s\u0103 tres\u0103rim de emo\u0163ie \u015fi apoi s\u0103 ne aduc\u0103 un final fericit. Pove\u015ftile sunt modul \u00een care \u00een\u0163elegem lumea, ne trezesc emo\u0163iile \u015fi ne \u00eencurajeaz\u0103 voin\u0163a. Pove\u015ftile sunt o modalitate excelent\u0103 de a-i influen\u0163a \u015fi de a-i inspira pe al\u0163ii. Pove\u015ftile transmit cultur\u0103, istorie \u015fi valori, sunt punctul nostru de plecare pentru a \u00een\u0163elege lumea din jurul nostru. Oamenii g\u00e2ndesc \u00een pove\u015fti, deoarece povestirea este o parte vital\u0103 a fiin\u0163ei umane.<\/p>\n<p><strong>Cuprins<\/strong><\/p>\n<p>Na\u0219terea copilului Isus . . . . . . . . . . . . . . . . . . . . . . .9<br \/>\nMarea cin\u0103 din P\u0103durea \u00centunecat\u0103 . . . . . . . . . . . .39<br \/>\nNemaipomenita poveste a fantomei de Cr\u0103ciun . . .52<br \/>\nC\u0103l\u0103toria vagonului de aur . . . . . . . . . . . . . . . . . . .73<br \/>\nPovestea elfului Prink . . . . . . . . . . . . . . . . . . . . . .103<br \/>\nMagazinul Domni\u0219oarei Silvia . . . . . . . . . . . . . . .121<br \/>\nClara \u0219i Titus \u00een c\u0103utarea Cr\u0103ciunului . . . . . . . . .133<br \/>\nPrima z\u0103pad\u0103 a aricilor . . . . . . . . . . . . . . . . . . . . .153<br \/>\nMesagerii iernii . . . . . . . . . . . . . . . . . . . . . . . . . . . .167<br \/>\nCr\u0103ciunul \u00een Balta Mare . . . . . . . . . . . . . . . . . . . . .177<br \/>\nCartea pove\u0219tilor cu spirite . . . . . . . . . . . . . . . . . .199<br \/>\nPovestea Lumin\u0103torului . . . . . . . . . . . . . . . . . . . . .211<\/p>","protected":false},"excerpt":{"rendered":"<p>\u201eZilele urm\u0103toare au hoin\u0103rit de colo colo, de pe o strad\u0103 pe alta, au intrat prin muzee, au ascultat concerte, au vizitat biserici. Se vedea bine c\u0103 vine Cr\u0103ciunul. Toate magazinele aveau \u00een vitrine \u015fi pe rafturi globuri, betele \u015fi tot felul care luau ochii cump\u0103r\u0103torilor. C\u00e2ntecele de Cr\u0103ciun r\u0103sunau peste tot. Oamenii umblau bine \u00eembr\u0103ca\u0163i, cu paltoanele str\u00e2nse bine \u00een jurul lor. Vremea era friguroas\u0103 bine, ba era cea\u0163\u0103, ba pica lapovi\u0163a, ba ploua, ba totul era \u00eenghe\u0163at. Nu mai spunem despre copacii goi de frunze, despre \u00eengr\u0103diturile caselor lipsite de orice verdea\u0163\u0103.\u201d<\/p>\n<p>Ne plac pove\u015ftile; este o pl\u0103cere s\u0103 cunoa\u015ftem personaje \u015fi s\u0103 tr\u0103im \u00een lumea lor, s\u0103 le experiment\u0103m bucuriile \u015fi necazurile. Copiii iubesc pove\u015ftile. De-a lungul istoriei noastre, oamenii \u015fi-au \u00eendreptat aten\u0163ia c\u0103tre pove\u015fti \u00een timpul nop\u0163ilor lungi \u015fi reci de iarn\u0103. Pove\u015ftile sunt magice, pot crea alte lumi, idei \u015fi pot face cotidianul s\u0103 par\u0103 incredibil. Ele ne pot \u00eenv\u0103\u0163a empatia \u015fi ne pot duce \u00een c\u0103l\u0103torii nemaipomenite. Ne fac s\u0103 r\u00e2dem, s\u0103 pl\u00e2ngem, s\u0103 tres\u0103rim de emo\u0163ie \u015fi apoi s\u0103 ne aduc\u0103 un final fericit. Pove\u015ftile sunt modul \u00een care \u00een\u0163elegem lumea, ne trezesc emo\u0163iile \u015fi ne \u00eencurajeaz\u0103 voin\u0163a. Pove\u015ftile sunt o modalitate excelent\u0103 de a-i influen\u0163a \u015fi de a-i inspira pe al\u0163ii. Pove\u015ftile transmit cultur\u0103, istorie \u015fi valori, sunt punctul nostru de plecare pentru a \u00een\u0163elege lumea din jurul nostru. Oamenii g\u00e2ndesc \u00een pove\u015fti, deoarece povestirea este o parte vital\u0103 a fiin\u0163ei umane.<\/p>","protected":false},"featured_media":28866,"comment_status":"open","ping_status":"closed","template":"","meta":[],"product_brand":[],"product_cat":[149,378,364],"product_tag":[],"class_list":{"0":"post-28865","1":"product","2":"type-product","3":"status-publish","4":"has-post-thumbnail","6":"product_cat-copii","7":"product_cat-craciun","8":"product_cat-povestiri","9":"product_author-ioana-blaga","10":"product_genre-knigi-rom","12":"first","13":"instock","14":"featured","15":"shipping-taxable","16":"purchasable","17":"product-type-simple"},"yoast_head":"<!-- This site is optimized with the Yoast SEO plugin v27.3 - https:\/\/yoast.com\/product\/yoast-seo-wordpress\/ -->\n<title>Povestea Luminatorului si alte povesti de Craciun - Societatea Biblic\u0103 din Moldova<\/title>\n<meta name=\"robots\" content=\"index, follow, max-snippet:-1, max-image-preview:large, max-video-preview:-1\" \/>\n<link rel=\"canonical\" href=\"https:\/\/biblia.md\/en\/shop\/povestea-luminatorului-si-alte-povesti-de-craciun\/\" \/>\n<meta property=\"og:locale\" content=\"en_US\" \/>\n<meta property=\"og:type\" content=\"article\" \/>\n<meta property=\"og:title\" content=\"Povestea Luminatorului si alte povesti de Craciun - Societatea Biblic\u0103 din Moldova\" \/>\n<meta property=\"og:description\" content=\"\u201eZilele urm\u0103toare au hoin\u0103rit de colo colo, de pe o strad\u0103 pe alta, au intrat prin muzee, au ascultat concerte, au vizitat biserici. Se vedea bine c\u0103 vine Cr\u0103ciunul. Toate magazinele aveau \u00een vitrine \u015fi pe rafturi globuri, betele \u015fi tot felul care luau ochii cump\u0103r\u0103torilor. C\u00e2ntecele de Cr\u0103ciun r\u0103sunau peste tot. Oamenii umblau bine \u00eembr\u0103ca\u0163i, cu paltoanele str\u00e2nse bine \u00een jurul lor. Vremea era friguroas\u0103 bine, ba era cea\u0163\u0103, ba pica lapovi\u0163a, ba ploua, ba totul era \u00eenghe\u0163at. Nu mai spunem despre copacii goi de frunze, despre \u00eengr\u0103diturile caselor lipsite de orice verdea\u0163\u0103.\u201d  Ne plac pove\u015ftile; este o pl\u0103cere s\u0103 cunoa\u015ftem personaje \u015fi s\u0103 tr\u0103im \u00een lumea lor, s\u0103 le experiment\u0103m bucuriile \u015fi necazurile. Copiii iubesc pove\u015ftile. De-a lungul istoriei noastre, oamenii \u015fi-au \u00eendreptat aten\u0163ia c\u0103tre pove\u015fti \u00een timpul nop\u0163ilor lungi \u015fi reci de iarn\u0103. Pove\u015ftile sunt magice, pot crea alte lumi, idei \u015fi pot face cotidianul s\u0103 par\u0103 incredibil. Ele ne pot \u00eenv\u0103\u0163a empatia \u015fi ne pot duce \u00een c\u0103l\u0103torii nemaipomenite. Ne fac s\u0103 r\u00e2dem, s\u0103 pl\u00e2ngem, s\u0103 tres\u0103rim de emo\u0163ie \u015fi apoi s\u0103 ne aduc\u0103 un final fericit. Pove\u015ftile sunt modul \u00een care \u00een\u0163elegem lumea, ne trezesc emo\u0163iile \u015fi ne \u00eencurajeaz\u0103 voin\u0163a. Pove\u015ftile sunt o modalitate excelent\u0103 de a-i influen\u0163a \u015fi de a-i inspira pe al\u0163ii. Pove\u015ftile transmit cultur\u0103, istorie \u015fi valori, sunt punctul nostru de plecare pentru a \u00een\u0163elege lumea din jurul nostru. Oamenii g\u00e2ndesc \u00een pove\u015fti, deoarece povestirea este o parte vital\u0103 a fiin\u0163ei umane.\" \/>\n<meta property=\"og:url\" content=\"https:\/\/biblia.md\/en\/shop\/povestea-luminatorului-si-alte-povesti-de-craciun\/\" \/>\n<meta property=\"og:site_name\" content=\"Societatea Biblic\u0103 din Moldova\" \/>\n<meta property=\"article:publisher\" content=\"https:\/\/www.facebook.com\/SocietateaBiblicaMoldova\/\" \/>\n<meta property=\"article:modified_time\" content=\"2025-12-18T11:33:41+00:00\" \/>\n<meta property=\"og:image\" content=\"https:\/\/biblia.md\/wp-content\/uploads\/2025\/12\/0000000589.jpg\" \/>\n\t<meta property=\"og:image:width\" content=\"1290\" \/>\n\t<meta property=\"og:image:height\" content=\"1810\" \/>\n\t<meta property=\"og:image:type\" content=\"image\/jpeg\" \/>\n<meta name=\"twitter:card\" content=\"summary_large_image\" \/>\n<meta name=\"twitter:label1\" content=\"Est. reading time\" \/>\n\t<meta name=\"twitter:data1\" content=\"2 minutes\" \/>\n<script type=\"application\/ld+json\" class=\"yoast-schema-graph\">{\"@context\":\"https:\\\/\\\/schema.org\",\"@graph\":[{\"@type\":\"WebPage\",\"@id\":\"https:\\\/\\\/biblia.md\\\/shop\\\/povestea-luminatorului-si-alte-povesti-de-craciun\\\/\",\"url\":\"https:\\\/\\\/biblia.md\\\/shop\\\/povestea-luminatorului-si-alte-povesti-de-craciun\\\/\",\"name\":\"Povestea Luminatorului si alte povesti de Craciun - Societatea Biblic\u0103 din Moldova\",\"isPartOf\":{\"@id\":\"https:\\\/\\\/biblia.md\\\/#website\"},\"primaryImageOfPage\":{\"@id\":\"https:\\\/\\\/biblia.md\\\/shop\\\/povestea-luminatorului-si-alte-povesti-de-craciun\\\/#primaryimage\"},\"image\":{\"@id\":\"https:\\\/\\\/biblia.md\\\/shop\\\/povestea-luminatorului-si-alte-povesti-de-craciun\\\/#primaryimage\"},\"thumbnailUrl\":\"https:\\\/\\\/biblia.md\\\/wp-content\\\/uploads\\\/2025\\\/12\\\/0000000589.jpg\",\"datePublished\":\"2025-12-16T07:40:41+00:00\",\"dateModified\":\"2025-12-18T11:33:41+00:00\",\"breadcrumb\":{\"@id\":\"https:\\\/\\\/biblia.md\\\/shop\\\/povestea-luminatorului-si-alte-povesti-de-craciun\\\/#breadcrumb\"},\"inLanguage\":\"en-US\",\"potentialAction\":[{\"@type\":\"ReadAction\",\"target\":[\"https:\\\/\\\/biblia.md\\\/shop\\\/povestea-luminatorului-si-alte-povesti-de-craciun\\\/\"]}]},{\"@type\":\"ImageObject\",\"inLanguage\":\"en-US\",\"@id\":\"https:\\\/\\\/biblia.md\\\/shop\\\/povestea-luminatorului-si-alte-povesti-de-craciun\\\/#primaryimage\",\"url\":\"https:\\\/\\\/biblia.md\\\/wp-content\\\/uploads\\\/2025\\\/12\\\/0000000589.jpg\",\"contentUrl\":\"https:\\\/\\\/biblia.md\\\/wp-content\\\/uploads\\\/2025\\\/12\\\/0000000589.jpg\",\"width\":1290,\"height\":1810,\"caption\":\"Screenshot\"},{\"@type\":\"BreadcrumbList\",\"@id\":\"https:\\\/\\\/biblia.md\\\/shop\\\/povestea-luminatorului-si-alte-povesti-de-craciun\\\/#breadcrumb\",\"itemListElement\":[{\"@type\":\"ListItem\",\"position\":1,\"name\":\"Prima pagin\u0103\",\"item\":\"https:\\\/\\\/biblia.md\\\/\"},{\"@type\":\"ListItem\",\"position\":2,\"name\":\"Shop\",\"item\":\"https:\\\/\\\/biblia.md\\\/shop\\\/\"},{\"@type\":\"ListItem\",\"position\":3,\"name\":\"Povestea Luminatorului si alte povesti de Craciun\"}]},{\"@type\":\"WebSite\",\"@id\":\"https:\\\/\\\/biblia.md\\\/#website\",\"url\":\"https:\\\/\\\/biblia.md\\\/\",\"name\":\"Societatea Biblic\u0103 din Moldova\",\"description\":\"\",\"publisher\":{\"@id\":\"https:\\\/\\\/biblia.md\\\/#organization\"},\"potentialAction\":[{\"@type\":\"SearchAction\",\"target\":{\"@type\":\"EntryPoint\",\"urlTemplate\":\"https:\\\/\\\/biblia.md\\\/?s={search_term_string}\"},\"query-input\":{\"@type\":\"PropertyValueSpecification\",\"valueRequired\":true,\"valueName\":\"search_term_string\"}}],\"inLanguage\":\"en-US\"},{\"@type\":\"Organization\",\"@id\":\"https:\\\/\\\/biblia.md\\\/#organization\",\"name\":\"Societatea Biblic\u0103 din Moldova\",\"url\":\"https:\\\/\\\/biblia.md\\\/\",\"logo\":{\"@type\":\"ImageObject\",\"inLanguage\":\"en-US\",\"@id\":\"https:\\\/\\\/biblia.md\\\/#\\\/schema\\\/logo\\\/image\\\/\",\"url\":\"https:\\\/\\\/biblia.md\\\/wp-content\\\/uploads\\\/2026\\\/01\\\/icon_site.jpg\",\"contentUrl\":\"https:\\\/\\\/biblia.md\\\/wp-content\\\/uploads\\\/2026\\\/01\\\/icon_site.jpg\",\"width\":656,\"height\":656,\"caption\":\"Societatea Biblic\u0103 din Moldova\"},\"image\":{\"@id\":\"https:\\\/\\\/biblia.md\\\/#\\\/schema\\\/logo\\\/image\\\/\"},\"sameAs\":[\"https:\\\/\\\/www.facebook.com\\\/SocietateaBiblicaMoldova\\\/\",\"https:\\\/\\\/www.instagram.com\\\/biblia.md\\\/\"]}]}<\/script>\n<!-- \/ Yoast SEO plugin. -->","yoast_head_json":{"title":"Povestea Luminatorului si alte povesti de Craciun - Societatea Biblic\u0103 din Moldova","robots":{"index":"index","follow":"follow","max-snippet":"max-snippet:-1","max-image-preview":"max-image-preview:large","max-video-preview":"max-video-preview:-1"},"canonical":"https:\/\/biblia.md\/en\/shop\/povestea-luminatorului-si-alte-povesti-de-craciun\/","og_locale":"en_US","og_type":"article","og_title":"Povestea Luminatorului si alte povesti de Craciun - Societatea Biblic\u0103 din Moldova","og_description":"\u201eZilele urm\u0103toare au hoin\u0103rit de colo colo, de pe o strad\u0103 pe alta, au intrat prin muzee, au ascultat concerte, au vizitat biserici. Se vedea bine c\u0103 vine Cr\u0103ciunul. Toate magazinele aveau \u00een vitrine \u015fi pe rafturi globuri, betele \u015fi tot felul care luau ochii cump\u0103r\u0103torilor. C\u00e2ntecele de Cr\u0103ciun r\u0103sunau peste tot. Oamenii umblau bine \u00eembr\u0103ca\u0163i, cu paltoanele str\u00e2nse bine \u00een jurul lor. Vremea era friguroas\u0103 bine, ba era cea\u0163\u0103, ba pica lapovi\u0163a, ba ploua, ba totul era \u00eenghe\u0163at. Nu mai spunem despre copacii goi de frunze, despre \u00eengr\u0103diturile caselor lipsite de orice verdea\u0163\u0103.\u201d  Ne plac pove\u015ftile; este o pl\u0103cere s\u0103 cunoa\u015ftem personaje \u015fi s\u0103 tr\u0103im \u00een lumea lor, s\u0103 le experiment\u0103m bucuriile \u015fi necazurile. Copiii iubesc pove\u015ftile. De-a lungul istoriei noastre, oamenii \u015fi-au \u00eendreptat aten\u0163ia c\u0103tre pove\u015fti \u00een timpul nop\u0163ilor lungi \u015fi reci de iarn\u0103. Pove\u015ftile sunt magice, pot crea alte lumi, idei \u015fi pot face cotidianul s\u0103 par\u0103 incredibil. Ele ne pot \u00eenv\u0103\u0163a empatia \u015fi ne pot duce \u00een c\u0103l\u0103torii nemaipomenite. Ne fac s\u0103 r\u00e2dem, s\u0103 pl\u00e2ngem, s\u0103 tres\u0103rim de emo\u0163ie \u015fi apoi s\u0103 ne aduc\u0103 un final fericit. Pove\u015ftile sunt modul \u00een care \u00een\u0163elegem lumea, ne trezesc emo\u0163iile \u015fi ne \u00eencurajeaz\u0103 voin\u0163a. Pove\u015ftile sunt o modalitate excelent\u0103 de a-i influen\u0163a \u015fi de a-i inspira pe al\u0163ii. Pove\u015ftile transmit cultur\u0103, istorie \u015fi valori, sunt punctul nostru de plecare pentru a \u00een\u0163elege lumea din jurul nostru. Oamenii g\u00e2ndesc \u00een pove\u015fti, deoarece povestirea este o parte vital\u0103 a fiin\u0163ei umane.","og_url":"https:\/\/biblia.md\/en\/shop\/povestea-luminatorului-si-alte-povesti-de-craciun\/","og_site_name":"Societatea Biblic\u0103 din Moldova","article_publisher":"https:\/\/www.facebook.com\/SocietateaBiblicaMoldova\/","article_modified_time":"2025-12-18T11:33:41+00:00","og_image":[{"width":1290,"height":1810,"url":"https:\/\/biblia.md\/wp-content\/uploads\/2025\/12\/0000000589.jpg","type":"image\/jpeg"}],"twitter_card":"summary_large_image","twitter_misc":{"Est. reading time":"2 minutes"},"schema":{"@context":"https:\/\/schema.org","@graph":[{"@type":"WebPage","@id":"https:\/\/biblia.md\/shop\/povestea-luminatorului-si-alte-povesti-de-craciun\/","url":"https:\/\/biblia.md\/shop\/povestea-luminatorului-si-alte-povesti-de-craciun\/","name":"Povestea Luminatorului si alte povesti de Craciun - Societatea Biblic\u0103 din Moldova","isPartOf":{"@id":"https:\/\/biblia.md\/#website"},"primaryImageOfPage":{"@id":"https:\/\/biblia.md\/shop\/povestea-luminatorului-si-alte-povesti-de-craciun\/#primaryimage"},"image":{"@id":"https:\/\/biblia.md\/shop\/povestea-luminatorului-si-alte-povesti-de-craciun\/#primaryimage"},"thumbnailUrl":"https:\/\/biblia.md\/wp-content\/uploads\/2025\/12\/0000000589.jpg","datePublished":"2025-12-16T07:40:41+00:00","dateModified":"2025-12-18T11:33:41+00:00","breadcrumb":{"@id":"https:\/\/biblia.md\/shop\/povestea-luminatorului-si-alte-povesti-de-craciun\/#breadcrumb"},"inLanguage":"en-US","potentialAction":[{"@type":"ReadAction","target":["https:\/\/biblia.md\/shop\/povestea-luminatorului-si-alte-povesti-de-craciun\/"]}]},{"@type":"ImageObject","inLanguage":"en-US","@id":"https:\/\/biblia.md\/shop\/povestea-luminatorului-si-alte-povesti-de-craciun\/#primaryimage","url":"https:\/\/biblia.md\/wp-content\/uploads\/2025\/12\/0000000589.jpg","contentUrl":"https:\/\/biblia.md\/wp-content\/uploads\/2025\/12\/0000000589.jpg","width":1290,"height":1810,"caption":"Screenshot"},{"@type":"BreadcrumbList","@id":"https:\/\/biblia.md\/shop\/povestea-luminatorului-si-alte-povesti-de-craciun\/#breadcrumb","itemListElement":[{"@type":"ListItem","position":1,"name":"Prima pagin\u0103","item":"https:\/\/biblia.md\/"},{"@type":"ListItem","position":2,"name":"Shop","item":"https:\/\/biblia.md\/shop\/"},{"@type":"ListItem","position":3,"name":"Povestea Luminatorului si alte povesti de Craciun"}]},{"@type":"WebSite","@id":"https:\/\/biblia.md\/#website","url":"https:\/\/biblia.md\/","name":"Societatea Biblic\u0103 din Moldova","description":"","publisher":{"@id":"https:\/\/biblia.md\/#organization"},"potentialAction":[{"@type":"SearchAction","target":{"@type":"EntryPoint","urlTemplate":"https:\/\/biblia.md\/?s={search_term_string}"},"query-input":{"@type":"PropertyValueSpecification","valueRequired":true,"valueName":"search_term_string"}}],"inLanguage":"en-US"},{"@type":"Organization","@id":"https:\/\/biblia.md\/#organization","name":"Societatea Biblic\u0103 din Moldova","url":"https:\/\/biblia.md\/","logo":{"@type":"ImageObject","inLanguage":"en-US","@id":"https:\/\/biblia.md\/#\/schema\/logo\/image\/","url":"https:\/\/biblia.md\/wp-content\/uploads\/2026\/01\/icon_site.jpg","contentUrl":"https:\/\/biblia.md\/wp-content\/uploads\/2026\/01\/icon_site.jpg","width":656,"height":656,"caption":"Societatea Biblic\u0103 din Moldova"},"image":{"@id":"https:\/\/biblia.md\/#\/schema\/logo\/image\/"},"sameAs":["https:\/\/www.facebook.com\/SocietateaBiblicaMoldova\/","https:\/\/www.instagram.com\/biblia.md\/"]}]}},"_links":{"self":[{"href":"https:\/\/biblia.md\/en\/wp-json\/wp\/v2\/product\/28865","targetHints":{"allow":["GET"]}}],"collection":[{"href":"https:\/\/biblia.md\/en\/wp-json\/wp\/v2\/product"}],"about":[{"href":"https:\/\/biblia.md\/en\/wp-json\/wp\/v2\/types\/product"}],"replies":[{"embeddable":true,"href":"https:\/\/biblia.md\/en\/wp-json\/wp\/v2\/comments?post=28865"}],"version-history":[{"count":1,"href":"https:\/\/biblia.md\/en\/wp-json\/wp\/v2\/product\/28865\/revisions"}],"predecessor-version":[{"id":28867,"href":"https:\/\/biblia.md\/en\/wp-json\/wp\/v2\/product\/28865\/revisions\/28867"}],"wp:featuredmedia":[{"embeddable":true,"href":"https:\/\/biblia.md\/en\/wp-json\/wp\/v2\/media\/28866"}],"wp:attachment":[{"href":"https:\/\/biblia.md\/en\/wp-json\/wp\/v2\/media?parent=28865"}],"wp:term":[{"taxonomy":"product_brand","embeddable":true,"href":"https:\/\/biblia.md\/en\/wp-json\/wp\/v2\/product_brand?post=28865"},{"taxonomy":"product_cat","embeddable":true,"href":"https:\/\/biblia.md\/en\/wp-json\/wp\/v2\/product_cat?post=28865"},{"taxonomy":"product_tag","embeddable":true,"href":"https:\/\/biblia.md\/en\/wp-json\/wp\/v2\/product_tag?post=28865"}],"curies":[{"name":"wp","href":"https:\/\/api.w.org\/{rel}","templated":true}]}}