{"id":29176,"date":"2025-12-18T15:47:11","date_gmt":"2025-12-18T13:47:11","guid":{"rendered":"https:\/\/biblia.md\/?post_type=product&#038;p=29176"},"modified":"2026-02-10T08:10:41","modified_gmt":"2026-02-10T06:10:41","slug":"cum-sa-fii-fericita-in-dragoste-si-casatorie","status":"publish","type":"product","link":"https:\/\/biblia.md\/en\/shop\/cum-sa-fii-fericita-in-dragoste-si-casatorie\/","title":{"rendered":"Cum sa fii fericita in dragoste si casatorie"},"content":{"rendered":"","protected":false},"excerpt":{"rendered":"<p>Oricine \u00ee\u015fi dore\u015fte s\u0103 fie fericit \u00een dragoste, s\u0103 aib\u0103 o c\u0103snicie reu\u015fit\u0103, o via\u0163\u0103 de familie \u00eemplinit\u0103. \u00cen realitate, acest vis este adeseori distrus de nemul\u0163umirile care se tot adun\u0103 \u015fi de senza\u0163ia ap\u0103s\u0103toare a ne\u00eemplinirii. \u00cen locul armoniei \u015fi fericirii ne cople\u0219esc depresia \u015fi sen\u00adza\u0163ia pustiet\u0103\u0163ii l\u0103untrice. Profesor doctor Valentina Moskalenko, psihiatru \u015fi psi\u00adhoterapeut cu peste jum\u0103tate de secol de experien\u0163\u0103, ne dezv\u0103luie \u00een cartea de fa\u0163\u0103 cauzele ascunse ale du\u00adre\u00adroaselor e\u015fecuri ce \u00eentunec\u0103 aceast\u0103 parte, de o importan\u0163\u0103 crucial\u0103, a vie\u0163ii noastre. Ce ne \u00eempiedic\u0103 s\u0103 avem o via\u0163\u0103 de cuplu senin\u0103 \u015fi aduc\u0103toare de bucurie, o c\u0103snicie cu adev\u0103rat reu\u015fit\u0103? Ce putem face pentru a elimina problemele mari \u015fi amenin\u0163\u0103toare sau m\u0103runte \u015fi s\u00e2c\u00e2itoare care ne stric\u0103 bucuria de a tr\u0103i, de a fi al\u0103turi de omul drag, de a ne sim\u0163i realiza\u0163i \u00een via\u0163a de familie? Suntem convin\u015fi c\u0103 aceast\u0103 carte v\u0103 va oferi, m\u0103car \u00een bun\u0103 parte, r\u0103spunsurile de care ave\u0163i at\u00e2ta nevoie.<\/p>","protected":false},"featured_media":34487,"comment_status":"open","ping_status":"closed","template":"","meta":[],"product_brand":[],"product_cat":[377,397,399],"product_tag":[],"class_list":{"0":"post-29176","1":"product","2":"type-product","3":"status-publish","4":"has-post-thumbnail","6":"product_cat-carti","7":"product_cat-casatorie-familie","8":"product_cat-femei","9":"product_author-valentina-moskalenko","10":"product_genre-knigi-rom","12":"first","13":"instock","14":"shipping-taxable","15":"purchasable","16":"product-type-simple"},"yoast_head":"<!-- This site is optimized with the Yoast SEO plugin v27.3 - https:\/\/yoast.com\/product\/yoast-seo-wordpress\/ -->\n<title>Cum sa fii fericita in dragoste si casatorie - Societatea Biblic\u0103 din Moldova<\/title>\n<meta name=\"robots\" content=\"index, follow, max-snippet:-1, max-image-preview:large, max-video-preview:-1\" \/>\n<link rel=\"canonical\" href=\"https:\/\/biblia.md\/en\/shop\/cum-sa-fii-fericita-in-dragoste-si-casatorie\/\" \/>\n<meta property=\"og:locale\" content=\"en_US\" \/>\n<meta property=\"og:type\" content=\"article\" \/>\n<meta property=\"og:title\" content=\"Cum sa fii fericita in dragoste si casatorie - Societatea Biblic\u0103 din Moldova\" \/>\n<meta property=\"og:description\" content=\"Oricine \u00ee\u015fi dore\u015fte s\u0103 fie fericit \u00een dragoste, s\u0103 aib\u0103 o c\u0103snicie reu\u015fit\u0103, o via\u0163\u0103 de familie \u00eemplinit\u0103. \u00cen realitate, acest vis este adeseori distrus de nemul\u0163umirile care se tot adun\u0103 \u015fi de senza\u0163ia ap\u0103s\u0103toare a ne\u00eemplinirii. \u00cen locul armoniei \u015fi fericirii ne cople\u0219esc depresia \u015fi sen\u00adza\u0163ia pustiet\u0103\u0163ii l\u0103untrice. Profesor doctor Valentina Moskalenko, psihiatru \u015fi psi\u00adhoterapeut cu peste jum\u0103tate de secol de experien\u0163\u0103, ne dezv\u0103luie \u00een cartea de fa\u0163\u0103 cauzele ascunse ale du\u00adre\u00adroaselor e\u015fecuri ce \u00eentunec\u0103 aceast\u0103 parte, de o importan\u0163\u0103 crucial\u0103, a vie\u0163ii noastre. Ce ne \u00eempiedic\u0103 s\u0103 avem o via\u0163\u0103 de cuplu senin\u0103 \u015fi aduc\u0103toare de bucurie, o c\u0103snicie cu adev\u0103rat reu\u015fit\u0103? Ce putem face pentru a elimina problemele mari \u015fi amenin\u0163\u0103toare sau m\u0103runte \u015fi s\u00e2c\u00e2itoare care ne stric\u0103 bucuria de a tr\u0103i, de a fi al\u0103turi de omul drag, de a ne sim\u0163i realiza\u0163i \u00een via\u0163a de familie? Suntem convin\u015fi c\u0103 aceast\u0103 carte v\u0103 va oferi, m\u0103car \u00een bun\u0103 parte, r\u0103spunsurile de care ave\u0163i at\u00e2ta nevoie.\" \/>\n<meta property=\"og:url\" content=\"https:\/\/biblia.md\/en\/shop\/cum-sa-fii-fericita-in-dragoste-si-casatorie\/\" \/>\n<meta property=\"og:site_name\" content=\"Societatea Biblic\u0103 din Moldova\" \/>\n<meta property=\"article:publisher\" content=\"https:\/\/www.facebook.com\/SocietateaBiblicaMoldova\/\" \/>\n<meta property=\"article:modified_time\" content=\"2026-02-10T06:10:41+00:00\" \/>\n<meta property=\"og:image\" content=\"https:\/\/biblia.md\/wp-content\/uploads\/2025\/12\/0000001065.jpg\" \/>\n\t<meta property=\"og:image:width\" content=\"600\" \/>\n\t<meta property=\"og:image:height\" content=\"900\" \/>\n\t<meta property=\"og:image:type\" content=\"image\/jpeg\" \/>\n<meta name=\"twitter:card\" content=\"summary_large_image\" \/>\n<script type=\"application\/ld+json\" class=\"yoast-schema-graph\">{\"@context\":\"https:\\\/\\\/schema.org\",\"@graph\":[{\"@type\":\"WebPage\",\"@id\":\"https:\\\/\\\/biblia.md\\\/shop\\\/cum-sa-fii-fericita-in-dragoste-si-casatorie\\\/\",\"url\":\"https:\\\/\\\/biblia.md\\\/shop\\\/cum-sa-fii-fericita-in-dragoste-si-casatorie\\\/\",\"name\":\"Cum sa fii fericita in dragoste si casatorie - Societatea Biblic\u0103 din Moldova\",\"isPartOf\":{\"@id\":\"https:\\\/\\\/biblia.md\\\/#website\"},\"primaryImageOfPage\":{\"@id\":\"https:\\\/\\\/biblia.md\\\/shop\\\/cum-sa-fii-fericita-in-dragoste-si-casatorie\\\/#primaryimage\"},\"image\":{\"@id\":\"https:\\\/\\\/biblia.md\\\/shop\\\/cum-sa-fii-fericita-in-dragoste-si-casatorie\\\/#primaryimage\"},\"thumbnailUrl\":\"https:\\\/\\\/biblia.md\\\/wp-content\\\/uploads\\\/2025\\\/12\\\/45f5ffe5-7ffc-4fb6-8fb1-7fdbfee969f9.png\",\"datePublished\":\"2025-12-18T13:47:11+00:00\",\"dateModified\":\"2026-02-10T06:10:41+00:00\",\"breadcrumb\":{\"@id\":\"https:\\\/\\\/biblia.md\\\/shop\\\/cum-sa-fii-fericita-in-dragoste-si-casatorie\\\/#breadcrumb\"},\"inLanguage\":\"en-US\",\"potentialAction\":[{\"@type\":\"ReadAction\",\"target\":[\"https:\\\/\\\/biblia.md\\\/shop\\\/cum-sa-fii-fericita-in-dragoste-si-casatorie\\\/\"]}]},{\"@type\":\"ImageObject\",\"inLanguage\":\"en-US\",\"@id\":\"https:\\\/\\\/biblia.md\\\/shop\\\/cum-sa-fii-fericita-in-dragoste-si-casatorie\\\/#primaryimage\",\"url\":\"https:\\\/\\\/biblia.md\\\/wp-content\\\/uploads\\\/2025\\\/12\\\/45f5ffe5-7ffc-4fb6-8fb1-7fdbfee969f9.png\",\"contentUrl\":\"https:\\\/\\\/biblia.md\\\/wp-content\\\/uploads\\\/2025\\\/12\\\/45f5ffe5-7ffc-4fb6-8fb1-7fdbfee969f9.png\",\"width\":1024,\"height\":1536},{\"@type\":\"BreadcrumbList\",\"@id\":\"https:\\\/\\\/biblia.md\\\/shop\\\/cum-sa-fii-fericita-in-dragoste-si-casatorie\\\/#breadcrumb\",\"itemListElement\":[{\"@type\":\"ListItem\",\"position\":1,\"name\":\"Prima pagin\u0103\",\"item\":\"https:\\\/\\\/biblia.md\\\/\"},{\"@type\":\"ListItem\",\"position\":2,\"name\":\"Shop\",\"item\":\"https:\\\/\\\/biblia.md\\\/shop\\\/\"},{\"@type\":\"ListItem\",\"position\":3,\"name\":\"Cum sa fii fericita in dragoste si casatorie\"}]},{\"@type\":\"WebSite\",\"@id\":\"https:\\\/\\\/biblia.md\\\/#website\",\"url\":\"https:\\\/\\\/biblia.md\\\/\",\"name\":\"Societatea Biblic\u0103 din Moldova\",\"description\":\"\",\"publisher\":{\"@id\":\"https:\\\/\\\/biblia.md\\\/#organization\"},\"potentialAction\":[{\"@type\":\"SearchAction\",\"target\":{\"@type\":\"EntryPoint\",\"urlTemplate\":\"https:\\\/\\\/biblia.md\\\/?s={search_term_string}\"},\"query-input\":{\"@type\":\"PropertyValueSpecification\",\"valueRequired\":true,\"valueName\":\"search_term_string\"}}],\"inLanguage\":\"en-US\"},{\"@type\":\"Organization\",\"@id\":\"https:\\\/\\\/biblia.md\\\/#organization\",\"name\":\"Societatea Biblic\u0103 din Moldova\",\"url\":\"https:\\\/\\\/biblia.md\\\/\",\"logo\":{\"@type\":\"ImageObject\",\"inLanguage\":\"en-US\",\"@id\":\"https:\\\/\\\/biblia.md\\\/#\\\/schema\\\/logo\\\/image\\\/\",\"url\":\"https:\\\/\\\/biblia.md\\\/wp-content\\\/uploads\\\/2026\\\/01\\\/icon_site.jpg\",\"contentUrl\":\"https:\\\/\\\/biblia.md\\\/wp-content\\\/uploads\\\/2026\\\/01\\\/icon_site.jpg\",\"width\":656,\"height\":656,\"caption\":\"Societatea Biblic\u0103 din Moldova\"},\"image\":{\"@id\":\"https:\\\/\\\/biblia.md\\\/#\\\/schema\\\/logo\\\/image\\\/\"},\"sameAs\":[\"https:\\\/\\\/www.facebook.com\\\/SocietateaBiblicaMoldova\\\/\",\"https:\\\/\\\/www.instagram.com\\\/biblia.md\\\/\"]}]}<\/script>\n<!-- \/ Yoast SEO plugin. -->","yoast_head_json":{"title":"Cum sa fii fericita in dragoste si casatorie - Societatea Biblic\u0103 din Moldova","robots":{"index":"index","follow":"follow","max-snippet":"max-snippet:-1","max-image-preview":"max-image-preview:large","max-video-preview":"max-video-preview:-1"},"canonical":"https:\/\/biblia.md\/en\/shop\/cum-sa-fii-fericita-in-dragoste-si-casatorie\/","og_locale":"en_US","og_type":"article","og_title":"Cum sa fii fericita in dragoste si casatorie - Societatea Biblic\u0103 din Moldova","og_description":"Oricine \u00ee\u015fi dore\u015fte s\u0103 fie fericit \u00een dragoste, s\u0103 aib\u0103 o c\u0103snicie reu\u015fit\u0103, o via\u0163\u0103 de familie \u00eemplinit\u0103. \u00cen realitate, acest vis este adeseori distrus de nemul\u0163umirile care se tot adun\u0103 \u015fi de senza\u0163ia ap\u0103s\u0103toare a ne\u00eemplinirii. \u00cen locul armoniei \u015fi fericirii ne cople\u0219esc depresia \u015fi sen\u00adza\u0163ia pustiet\u0103\u0163ii l\u0103untrice. Profesor doctor Valentina Moskalenko, psihiatru \u015fi psi\u00adhoterapeut cu peste jum\u0103tate de secol de experien\u0163\u0103, ne dezv\u0103luie \u00een cartea de fa\u0163\u0103 cauzele ascunse ale du\u00adre\u00adroaselor e\u015fecuri ce \u00eentunec\u0103 aceast\u0103 parte, de o importan\u0163\u0103 crucial\u0103, a vie\u0163ii noastre. Ce ne \u00eempiedic\u0103 s\u0103 avem o via\u0163\u0103 de cuplu senin\u0103 \u015fi aduc\u0103toare de bucurie, o c\u0103snicie cu adev\u0103rat reu\u015fit\u0103? Ce putem face pentru a elimina problemele mari \u015fi amenin\u0163\u0103toare sau m\u0103runte \u015fi s\u00e2c\u00e2itoare care ne stric\u0103 bucuria de a tr\u0103i, de a fi al\u0103turi de omul drag, de a ne sim\u0163i realiza\u0163i \u00een via\u0163a de familie? Suntem convin\u015fi c\u0103 aceast\u0103 carte v\u0103 va oferi, m\u0103car \u00een bun\u0103 parte, r\u0103spunsurile de care ave\u0163i at\u00e2ta nevoie.","og_url":"https:\/\/biblia.md\/en\/shop\/cum-sa-fii-fericita-in-dragoste-si-casatorie\/","og_site_name":"Societatea Biblic\u0103 din Moldova","article_publisher":"https:\/\/www.facebook.com\/SocietateaBiblicaMoldova\/","article_modified_time":"2026-02-10T06:10:41+00:00","og_image":[{"width":600,"height":900,"url":"https:\/\/biblia.md\/wp-content\/uploads\/2025\/12\/0000001065.jpg","type":"image\/jpeg"}],"twitter_card":"summary_large_image","schema":{"@context":"https:\/\/schema.org","@graph":[{"@type":"WebPage","@id":"https:\/\/biblia.md\/shop\/cum-sa-fii-fericita-in-dragoste-si-casatorie\/","url":"https:\/\/biblia.md\/shop\/cum-sa-fii-fericita-in-dragoste-si-casatorie\/","name":"Cum sa fii fericita in dragoste si casatorie - Societatea Biblic\u0103 din Moldova","isPartOf":{"@id":"https:\/\/biblia.md\/#website"},"primaryImageOfPage":{"@id":"https:\/\/biblia.md\/shop\/cum-sa-fii-fericita-in-dragoste-si-casatorie\/#primaryimage"},"image":{"@id":"https:\/\/biblia.md\/shop\/cum-sa-fii-fericita-in-dragoste-si-casatorie\/#primaryimage"},"thumbnailUrl":"https:\/\/biblia.md\/wp-content\/uploads\/2025\/12\/45f5ffe5-7ffc-4fb6-8fb1-7fdbfee969f9.png","datePublished":"2025-12-18T13:47:11+00:00","dateModified":"2026-02-10T06:10:41+00:00","breadcrumb":{"@id":"https:\/\/biblia.md\/shop\/cum-sa-fii-fericita-in-dragoste-si-casatorie\/#breadcrumb"},"inLanguage":"en-US","potentialAction":[{"@type":"ReadAction","target":["https:\/\/biblia.md\/shop\/cum-sa-fii-fericita-in-dragoste-si-casatorie\/"]}]},{"@type":"ImageObject","inLanguage":"en-US","@id":"https:\/\/biblia.md\/shop\/cum-sa-fii-fericita-in-dragoste-si-casatorie\/#primaryimage","url":"https:\/\/biblia.md\/wp-content\/uploads\/2025\/12\/45f5ffe5-7ffc-4fb6-8fb1-7fdbfee969f9.png","contentUrl":"https:\/\/biblia.md\/wp-content\/uploads\/2025\/12\/45f5ffe5-7ffc-4fb6-8fb1-7fdbfee969f9.png","width":1024,"height":1536},{"@type":"BreadcrumbList","@id":"https:\/\/biblia.md\/shop\/cum-sa-fii-fericita-in-dragoste-si-casatorie\/#breadcrumb","itemListElement":[{"@type":"ListItem","position":1,"name":"Prima pagin\u0103","item":"https:\/\/biblia.md\/"},{"@type":"ListItem","position":2,"name":"Shop","item":"https:\/\/biblia.md\/shop\/"},{"@type":"ListItem","position":3,"name":"Cum sa fii fericita in dragoste si casatorie"}]},{"@type":"WebSite","@id":"https:\/\/biblia.md\/#website","url":"https:\/\/biblia.md\/","name":"Societatea Biblic\u0103 din Moldova","description":"","publisher":{"@id":"https:\/\/biblia.md\/#organization"},"potentialAction":[{"@type":"SearchAction","target":{"@type":"EntryPoint","urlTemplate":"https:\/\/biblia.md\/?s={search_term_string}"},"query-input":{"@type":"PropertyValueSpecification","valueRequired":true,"valueName":"search_term_string"}}],"inLanguage":"en-US"},{"@type":"Organization","@id":"https:\/\/biblia.md\/#organization","name":"Societatea Biblic\u0103 din Moldova","url":"https:\/\/biblia.md\/","logo":{"@type":"ImageObject","inLanguage":"en-US","@id":"https:\/\/biblia.md\/#\/schema\/logo\/image\/","url":"https:\/\/biblia.md\/wp-content\/uploads\/2026\/01\/icon_site.jpg","contentUrl":"https:\/\/biblia.md\/wp-content\/uploads\/2026\/01\/icon_site.jpg","width":656,"height":656,"caption":"Societatea Biblic\u0103 din Moldova"},"image":{"@id":"https:\/\/biblia.md\/#\/schema\/logo\/image\/"},"sameAs":["https:\/\/www.facebook.com\/SocietateaBiblicaMoldova\/","https:\/\/www.instagram.com\/biblia.md\/"]}]}},"_links":{"self":[{"href":"https:\/\/biblia.md\/en\/wp-json\/wp\/v2\/product\/29176","targetHints":{"allow":["GET"]}}],"collection":[{"href":"https:\/\/biblia.md\/en\/wp-json\/wp\/v2\/product"}],"about":[{"href":"https:\/\/biblia.md\/en\/wp-json\/wp\/v2\/types\/product"}],"replies":[{"embeddable":true,"href":"https:\/\/biblia.md\/en\/wp-json\/wp\/v2\/comments?post=29176"}],"version-history":[{"count":1,"href":"https:\/\/biblia.md\/en\/wp-json\/wp\/v2\/product\/29176\/revisions"}],"predecessor-version":[{"id":29178,"href":"https:\/\/biblia.md\/en\/wp-json\/wp\/v2\/product\/29176\/revisions\/29178"}],"wp:featuredmedia":[{"embeddable":true,"href":"https:\/\/biblia.md\/en\/wp-json\/wp\/v2\/media\/34487"}],"wp:attachment":[{"href":"https:\/\/biblia.md\/en\/wp-json\/wp\/v2\/media?parent=29176"}],"wp:term":[{"taxonomy":"product_brand","embeddable":true,"href":"https:\/\/biblia.md\/en\/wp-json\/wp\/v2\/product_brand?post=29176"},{"taxonomy":"product_cat","embeddable":true,"href":"https:\/\/biblia.md\/en\/wp-json\/wp\/v2\/product_cat?post=29176"},{"taxonomy":"product_tag","embeddable":true,"href":"https:\/\/biblia.md\/en\/wp-json\/wp\/v2\/product_tag?post=29176"}],"curies":[{"name":"wp","href":"https:\/\/api.w.org\/{rel}","templated":true}]}}