{"id":29634,"date":"2025-12-21T15:56:51","date_gmt":"2025-12-21T13:56:51","guid":{"rendered":"https:\/\/biblia.md\/?post_type=product&#038;p=29634"},"modified":"2025-12-21T15:57:34","modified_gmt":"2025-12-21T13:57:34","slug":"minciuni-pe-care-le-cred-barbatii-si-adevarul-care-ii-elibereaza","status":"publish","type":"product","link":"https:\/\/biblia.md\/en\/shop\/minciuni-pe-care-le-cred-barbatii-si-adevarul-care-ii-elibereaza\/","title":{"rendered":"Minciuni pe care le cred barbatii \u0219i adevarul care ii elibereaz\u0103"},"content":{"rendered":"<p>Clar\u0103, interesant\u0103, lucrat\u0103 cu m\u0103iestrie \u0219i, mai presus de orice, ancorat\u0103 \u00een Adev\u0103r. Aceast\u0103 carte va schimba vie\u021bile multor b\u0103rba\u021bi. &#8211; BOB LEPINE<\/p>\n<p>Minciunile apar \u00een diferite forme \u0219i dimensiuni. Cele \u201emicu\u021be\u201d pot s\u0103\u00a0 includ\u0103 un r\u0103spuns dat poli\u021bistului care ne trage pe dreapta din cauza presupusei viteze. \u201eNu, domnule, nici m\u0103car nu mi-am dat seama c\u0103 am dep\u0103\u0219it limita legal\u0103 de vitez\u0103\u201d. Sau, ar putea fi vorba de ceva mult mai grav, a\u0219a cum sunt minciunile celor care \u00ee\u0219i \u00een\u0219al\u0103 partenerii.<\/p>\n<p>\u00cens\u0103 minciuna \u00een orice form\u0103 \u0219i de orice dimensiune are consecin\u021be, iar acest adev\u0103r nu este nou, \u00eel \u0219tim de foarte mult\u0103 vreme.<\/p>\n<p>Probabil c\u0103 nu vei fi surprins s\u0103 afli c\u0103 temelia acestei c\u0103r\u021bi este Biblia. Vei g\u0103si explica\u021bii \u0219i perspective scripturale de la \u00eenceput p\u00e2n\u0103 la sf\u00e2r\u0219it. Cuv\u00e2ntul lui Dumnezeu ne vorbe\u0219te despre minciuni pe care b\u0103rba\u021bii le-au crezut \u00eenc\u0103 de la crea\u021bie \u2013 \u0219i pe care le cred \u0219i \u00een ziua de ast\u0103zi. Ne vom da silin\u021ba s\u0103 identific\u0103m c\u00e2teva dintre aceste neadev\u0103ruri,\u00a0 s\u0103 le analiz\u0103m \u0219i s\u0103 le smulgem din r\u0103d\u0103cin\u0103.<\/p>\n<p><em>Minciunile cele mai periculoase sunt \u0219i cele mai atr\u0103g\u0103toare. Ele se deghizeaz\u0103 \u00eentr-un lucru bun, \u00eenc\u00e2nt\u0103tor \u0219i \u00een\u021belept (Geneza 3:6). Din fericire, \u00een aceast\u0103 carte practic\u0103 \u0219i p\u0103trunz\u0103toare, Robert Wolgemuth nu doar c\u0103 demascheaz\u0103 neadev\u0103rurile, dar ne \u0219i \u00eenva\u021b\u0103 s\u0103 le privim a\u0219a cum sunt. Ce bine mi-ar fi prins s\u0103 fi avut la dipozi\u021bie aceast\u0103 carte acum patruzeci de ani!\u00a0<\/em>\u00a0&#8211; GEORGE GRANT<\/p>\n<p><strong>ROBERT WOLGEMUTH<\/strong>\u00a0este autorul a peste dou\u0103zeci de c\u0103r\u021bi, multe devenite bestseller, printre care se num\u0103r\u0103\u00a0<em>She Calls Me Daddy,<\/em>\u00a0notele pentru\u00a0<em>Dad`s Devotional Bible, The Most Important Place on Earth<\/em>\u00a0\u0219i\u00a0<em>What`s in the Bible<\/em>, scris\u0103 \u00een colaborare cu regretatul dr. R.C. Sproul. Robert a crescut \u00eentr-un c\u0103min \u00een care s\u0103 spui adev\u0103rul a fost un lucru important. Al patrulea copil al tat\u0103lui s\u0103u, un pastor german protestant, Robert, al\u0103turi de ceilal\u021bi fra\u021bi \u0219i surori, a cunoscut valoarea pe care o are fiecare cuv\u00e2nt pe care \u00eel spunem. \u00cen casa lor erau interzise nu doar minciunile, oric\u00e2t de mici, dar \u0219i exager\u0103rile de orice fel.\u00a0 Adev\u0103rul trebuie pre\u021buit \u0219i autorul a pus \u00eentre copertele c\u0103r\u021bii aceast\u0103 mo\u0219tenire valoroas\u0103. Robert este \u00eensurat cu Nancy DeMoss Wolgemuth. Are dou\u0103 fiice c\u0103s\u0103torite, doi gineri, cinci nepo\u021bi \u0219i un nepo\u021bel adoptat.<\/p>\n<p><strong>Cuprins<\/strong><\/p>\n<p>CUV\u00c2NT-\u00ceNAINTE<br \/>\nINTRODUCERE<br \/>\n1: TEMELIILE<br \/>\nCAPITOLUL UNU: VOM REZOLVA ACEAST\u0102 PROBLEM\u0102 LA TIMPUL POTRIVIT<br \/>\n2: MINCIUNI PE CARE LE CRED B\u0102RBA\u021aII<\/p>\n<p>CAPITOLUL DOI: MINCIUNI PE CARE LE CRED B\u0102RBA\u021aII DESPRE DUMNEZEU<br \/>\n1. Dumnezeu nu este cu mult mai diferit dec\u00e2t mine<br \/>\n2. Dumnezeu nu este cu adev\u0103rat implicat sau interesat de am\u0103nuntele vie\u021bii mele<br \/>\n3. Pot s\u0103 ob\u021bin binecuv\u00e2ntarea lui Dumnezeu<br \/>\n4. Exist\u0103 mai multe c\u0103i spre Dumnezeu<br \/>\n5. Biserica? Am libertatea s\u0103 o accept sau nu<\/p>\n<p>CAPITOLUL TREI: MINCIUNI PE CARE LE CRED B\u0102RBA\u021aII DESPRE EI \u00ceN\u0218I\u0218I<br \/>\n6. Nu sunt responsabil pentru ac\u021biunile mele<br \/>\n7. Pl\u0103cerea \u0219i distrac\u021bia m\u0103 pot satisface<br \/>\n8. Sunt st\u0103p\u00e2nul destinului meu<br \/>\n9. B\u0103rba\u021bii adev\u0103ra\u021bi nu pl\u00e2ng<br \/>\n10. Nu am nevoie de prieteni apropia\u021bi de sex masculin<\/p>\n<p>CAPITOLUL PATRU: MINCIUNI PE CARE LE CRED B\u0102RBA\u021aII DESPRE P\u0102CAT<br \/>\n11. Conteaz\u0103 mai mult cine cred oamenii c\u0103 sunt, dec\u00e2t cine sunt cu adev\u0103rat<br \/>\n12. Este suficient s\u0103 am inten\u021bii bune<br \/>\n13. P\u0103catul meu nu este at\u00e2t de grav<br \/>\n14. Dumnezeu nu ar putea niciodat\u0103 s\u0103 m\u0103 ierte pentru ce am f\u0103cut<br \/>\n15. Pot s\u0103 \u00eemi ascund p\u0103catul din moment ce m\u0103 r\u0103ne\u0219te doar pe mine<br \/>\n16. Sfin\u021benia este plictisitoare<\/p>\n<p>CAPITOLUL CINCI: MINCIUNI PE CARE LE CRED B\u0102RBA\u021aII DESPRE SEXUALITATE<br \/>\n17. Pu\u021bin\u0103 pornografie este inofensiv\u0103<br \/>\n18. Dac\u0103 so\u021bia mea nu \u0219tie un lucru, nu o poate r\u0103ni<br \/>\n19. Dac\u0103 am sentimente fa\u021b\u0103 de o persoan\u0103 de acela\u0219i sex, m\u0103 pot implica \u00eentr-o rela\u021bie de acest fel<br \/>\n20. Am nevoi sexuale pe care so\u021bia mea nu le poate satisface<\/p>\n<p>CAPITOLUL \u0218ASE: MINCIUNI PE CARE LE CRED B\u0102RBA\u021aII DESPRE C\u0102SNICIE \u0218I FAMILIE<br \/>\n21. Dragostea nu necesit\u0103 cuvinte<br \/>\n22. So\u021bia mea trebuie s\u0103 m\u0103 fac\u0103 fericit<br \/>\n23. Eu nu sunt potrivit pentru a fi capul familiei mele. Drept urmare, pot s\u0103 \u00eei las so\u021biei acest rol<br \/>\n24. Nu trebuie s\u0103 m\u0103 maturizez<br \/>\n25. Dac\u0103 \u00eemi disciplinez copiii, vor deveni rebeli<\/p>\n<p>CAPITOLUL \u0218APTE: MINCIUNI PE CARE LE CRED B\u0102RBA\u021aII DESPRE MUNC\u0102 \u0218I AVERE<br \/>\n26. Dac\u0103 fac mai mul\u021bi bani, voi fi fericit<br \/>\n27. Modul \u00een care \u00eemi petrec timpul este treaba mea<br \/>\n28. Nu eu sunt cel care trebuie s\u0103 aduc\u0103 banii \u00een cas\u0103<br \/>\n29. Nu exist\u0103 nicio leg\u0103tur\u0103 \u00eentre credin\u021b\u0103 \u0219i locul meu de munc\u0103<br \/>\n30. Nu \u00eemi permit s\u0103 fiu mai darnic<\/p>\n<p>CAPITOLUL OPT: MINCIUNI PE\u00a0 CARE B\u0102RBA\u021aII LE CRED DESPRE CIRCUMSTAN\u021aE<br \/>\n31. Am dreptul s\u0103 m\u0103 enervez atunci c\u00e2nd lucrurile nu merg conform planului<br \/>\n32. \u00centotdeauna suferin\u021ba \u0219i durerea sunt lucruri rele<br \/>\n33. Lumea este \u00eempotriva mea<br \/>\n34. Nu pot s\u0103 \u00eemi controlez reac\u021biile \u00een anumite circumstan\u021be sau \u00een preajma unor anumi\u021bi oameni<br \/>\n35. Pot s\u0103 m\u0103 ascund de prezen\u021ba lui Dumnezeu<\/p>\n<p>CAPITOLUL NOU\u0102: MINCIUNI PE CARE LE CRED B\u0102RBA\u021aII DESPRE LUME<br \/>\n36. Lumea este prea r\u0103v\u0103\u0219it\u0103 pentru a avea copii<br \/>\n37. Este bine s\u0103 m\u0103 compar cu ceilal\u021bi b\u0103rba\u021bi<br \/>\n38. Via\u021ba mea este prea intens\u0103 pentru a m\u0103 \u00eengriji \u0219i de integritate<br \/>\n39. S\u0103 fiu cre\u0219tin ar trebui s\u0103 fie un lucru grozav<br \/>\n40. Moartea va fi sf\u00e2r\u0219itul vie\u021bii mele<br \/>\nCUM S\u0102 UMBL\u0102M \u00ceN ADEV\u0102R<\/p>\n<p>CAPITOLUL ZECE: CONFRUNTAREA MINCIUNILOR CU ADEV\u0102RUL<\/p>\n<p>CAPITOLUL UNSPREZECE: ADEV\u0102RUL CARE NE ELIBEREAZ\u0102<\/p>\n<p>EPILOG<br \/>\nMUL\u021aUMIRI<\/p>","protected":false},"excerpt":{"rendered":"<p>Clar\u0103, interesant\u0103, lucrat\u0103 cu m\u0103iestrie \u0219i, mai presus de orice, ancorat\u0103 \u00een Adev\u0103r. Aceast\u0103 carte va schimba vie\u021bile multor b\u0103rba\u021bi. &#8211; BOB LEPINE<\/p>\n<p>Minciunile apar \u00een diferite forme \u0219i dimensiuni. Cele \u201emicu\u021be\u201d pot s\u0103\u00a0 includ\u0103 un r\u0103spuns dat poli\u021bistului care ne trage pe dreapta din cauza presupusei viteze. \u201eNu, domnule, nici m\u0103car nu mi-am dat seama c\u0103 am dep\u0103\u0219it limita legal\u0103 de vitez\u0103\u201d. Sau, ar putea fi vorba de ceva mult mai grav, a\u0219a cum sunt minciunile celor care \u00ee\u0219i \u00een\u0219al\u0103 partenerii.<\/p>\n<p>\u00cens\u0103 minciuna \u00een orice form\u0103 \u0219i de orice dimensiune are consecin\u021be, iar acest adev\u0103r nu este nou, \u00eel \u0219tim de foarte mult\u0103 vreme.<\/p>\n<p>Probabil c\u0103 nu vei fi surprins s\u0103 afli c\u0103 temelia acestei c\u0103r\u021bi este Biblia. Vei g\u0103si explica\u021bii \u0219i perspective scripturale de la \u00eenceput p\u00e2n\u0103 la sf\u00e2r\u0219it. Cuv\u00e2ntul lui Dumnezeu ne vorbe\u0219te despre minciuni pe care b\u0103rba\u021bii le-au crezut \u00eenc\u0103 de la crea\u021bie \u2013 \u0219i pe care le cred \u0219i \u00een ziua de ast\u0103zi. Ne vom da silin\u021ba s\u0103 identific\u0103m c\u00e2teva dintre aceste neadev\u0103ruri,\u00a0 s\u0103 le analiz\u0103m \u0219i s\u0103 le smulgem din r\u0103d\u0103cin\u0103.<\/p>","protected":false},"featured_media":29641,"comment_status":"open","ping_status":"closed","template":"","meta":[],"product_brand":[],"product_cat":[398,377],"product_tag":[],"class_list":{"0":"post-29634","1":"product","2":"type-product","3":"status-publish","4":"has-post-thumbnail","6":"product_cat-barbati","7":"product_cat-carti","8":"product_author-robert-wolgemuth","9":"product_genre-knigi-rom","11":"first","12":"instock","13":"shipping-taxable","14":"purchasable","15":"product-type-simple"},"yoast_head":"<!-- This site is optimized with the Yoast SEO plugin v27.3 - https:\/\/yoast.com\/product\/yoast-seo-wordpress\/ -->\n<title>Minciuni pe care le cred barbatii \u0219i adevarul care ii elibereaz\u0103 - Societatea Biblic\u0103 din Moldova<\/title>\n<meta name=\"robots\" content=\"index, follow, max-snippet:-1, max-image-preview:large, max-video-preview:-1\" \/>\n<link rel=\"canonical\" href=\"https:\/\/biblia.md\/en\/shop\/minciuni-pe-care-le-cred-barbatii-si-adevarul-care-ii-elibereaza\/\" \/>\n<meta property=\"og:locale\" content=\"en_US\" \/>\n<meta property=\"og:type\" content=\"article\" \/>\n<meta property=\"og:title\" content=\"Minciuni pe care le cred barbatii \u0219i adevarul care ii elibereaz\u0103 - Societatea Biblic\u0103 din Moldova\" \/>\n<meta property=\"og:description\" content=\"Clar\u0103, interesant\u0103, lucrat\u0103 cu m\u0103iestrie \u0219i, mai presus de orice, ancorat\u0103 \u00een Adev\u0103r. Aceast\u0103 carte va schimba vie\u021bile multor b\u0103rba\u021bi. -- BOB LEPINE  Minciunile apar \u00een diferite forme \u0219i dimensiuni. Cele \u201emicu\u021be\u201d pot s\u0103\u00a0 includ\u0103 un r\u0103spuns dat poli\u021bistului care ne trage pe dreapta din cauza presupusei viteze. \u201eNu, domnule, nici m\u0103car nu mi-am dat seama c\u0103 am dep\u0103\u0219it limita legal\u0103 de vitez\u0103\u201d. Sau, ar putea fi vorba de ceva mult mai grav, a\u0219a cum sunt minciunile celor care \u00ee\u0219i \u00een\u0219al\u0103 partenerii.  \u00cens\u0103 minciuna \u00een orice form\u0103 \u0219i de orice dimensiune are consecin\u021be, iar acest adev\u0103r nu este nou, \u00eel \u0219tim de foarte mult\u0103 vreme.  Probabil c\u0103 nu vei fi surprins s\u0103 afli c\u0103 temelia acestei c\u0103r\u021bi este Biblia. Vei g\u0103si explica\u021bii \u0219i perspective scripturale de la \u00eenceput p\u00e2n\u0103 la sf\u00e2r\u0219it. Cuv\u00e2ntul lui Dumnezeu ne vorbe\u0219te despre minciuni pe care b\u0103rba\u021bii le-au crezut \u00eenc\u0103 de la crea\u021bie \u2013 \u0219i pe care le cred \u0219i \u00een ziua de ast\u0103zi. Ne vom da silin\u021ba s\u0103 identific\u0103m c\u00e2teva dintre aceste neadev\u0103ruri,\u00a0 s\u0103 le analiz\u0103m \u0219i s\u0103 le smulgem din r\u0103d\u0103cin\u0103.\" \/>\n<meta property=\"og:url\" content=\"https:\/\/biblia.md\/en\/shop\/minciuni-pe-care-le-cred-barbatii-si-adevarul-care-ii-elibereaza\/\" \/>\n<meta property=\"og:site_name\" content=\"Societatea Biblic\u0103 din Moldova\" \/>\n<meta property=\"article:publisher\" content=\"https:\/\/www.facebook.com\/SocietateaBiblicaMoldova\/\" \/>\n<meta property=\"article:modified_time\" content=\"2025-12-21T13:57:34+00:00\" \/>\n<meta property=\"og:image\" content=\"https:\/\/biblia.md\/wp-content\/uploads\/2025\/12\/0000000270.jpg\" \/>\n\t<meta property=\"og:image:width\" content=\"494\" \/>\n\t<meta property=\"og:image:height\" content=\"700\" \/>\n\t<meta property=\"og:image:type\" content=\"image\/jpeg\" \/>\n<meta name=\"twitter:card\" content=\"summary_large_image\" \/>\n<meta name=\"twitter:label1\" content=\"Est. reading time\" \/>\n\t<meta name=\"twitter:data1\" content=\"5 minutes\" \/>\n<script type=\"application\/ld+json\" class=\"yoast-schema-graph\">{\"@context\":\"https:\\\/\\\/schema.org\",\"@graph\":[{\"@type\":\"WebPage\",\"@id\":\"https:\\\/\\\/biblia.md\\\/shop\\\/minciuni-pe-care-le-cred-barbatii-si-adevarul-care-ii-elibereaza\\\/\",\"url\":\"https:\\\/\\\/biblia.md\\\/shop\\\/minciuni-pe-care-le-cred-barbatii-si-adevarul-care-ii-elibereaza\\\/\",\"name\":\"Minciuni pe care le cred barbatii \u0219i adevarul care ii elibereaz\u0103 - Societatea Biblic\u0103 din Moldova\",\"isPartOf\":{\"@id\":\"https:\\\/\\\/biblia.md\\\/#website\"},\"primaryImageOfPage\":{\"@id\":\"https:\\\/\\\/biblia.md\\\/shop\\\/minciuni-pe-care-le-cred-barbatii-si-adevarul-care-ii-elibereaza\\\/#primaryimage\"},\"image\":{\"@id\":\"https:\\\/\\\/biblia.md\\\/shop\\\/minciuni-pe-care-le-cred-barbatii-si-adevarul-care-ii-elibereaza\\\/#primaryimage\"},\"thumbnailUrl\":\"https:\\\/\\\/biblia.md\\\/wp-content\\\/uploads\\\/2025\\\/12\\\/0000000270.jpg\",\"datePublished\":\"2025-12-21T13:56:51+00:00\",\"dateModified\":\"2025-12-21T13:57:34+00:00\",\"breadcrumb\":{\"@id\":\"https:\\\/\\\/biblia.md\\\/shop\\\/minciuni-pe-care-le-cred-barbatii-si-adevarul-care-ii-elibereaza\\\/#breadcrumb\"},\"inLanguage\":\"en-US\",\"potentialAction\":[{\"@type\":\"ReadAction\",\"target\":[\"https:\\\/\\\/biblia.md\\\/shop\\\/minciuni-pe-care-le-cred-barbatii-si-adevarul-care-ii-elibereaza\\\/\"]}]},{\"@type\":\"ImageObject\",\"inLanguage\":\"en-US\",\"@id\":\"https:\\\/\\\/biblia.md\\\/shop\\\/minciuni-pe-care-le-cred-barbatii-si-adevarul-care-ii-elibereaza\\\/#primaryimage\",\"url\":\"https:\\\/\\\/biblia.md\\\/wp-content\\\/uploads\\\/2025\\\/12\\\/0000000270.jpg\",\"contentUrl\":\"https:\\\/\\\/biblia.md\\\/wp-content\\\/uploads\\\/2025\\\/12\\\/0000000270.jpg\",\"width\":494,\"height\":700},{\"@type\":\"BreadcrumbList\",\"@id\":\"https:\\\/\\\/biblia.md\\\/shop\\\/minciuni-pe-care-le-cred-barbatii-si-adevarul-care-ii-elibereaza\\\/#breadcrumb\",\"itemListElement\":[{\"@type\":\"ListItem\",\"position\":1,\"name\":\"Prima pagin\u0103\",\"item\":\"https:\\\/\\\/biblia.md\\\/\"},{\"@type\":\"ListItem\",\"position\":2,\"name\":\"Shop\",\"item\":\"https:\\\/\\\/biblia.md\\\/shop\\\/\"},{\"@type\":\"ListItem\",\"position\":3,\"name\":\"Minciuni pe care le cred barbatii \u0219i adevarul care ii elibereaz\u0103\"}]},{\"@type\":\"WebSite\",\"@id\":\"https:\\\/\\\/biblia.md\\\/#website\",\"url\":\"https:\\\/\\\/biblia.md\\\/\",\"name\":\"Societatea Biblic\u0103 din Moldova\",\"description\":\"\",\"publisher\":{\"@id\":\"https:\\\/\\\/biblia.md\\\/#organization\"},\"potentialAction\":[{\"@type\":\"SearchAction\",\"target\":{\"@type\":\"EntryPoint\",\"urlTemplate\":\"https:\\\/\\\/biblia.md\\\/?s={search_term_string}\"},\"query-input\":{\"@type\":\"PropertyValueSpecification\",\"valueRequired\":true,\"valueName\":\"search_term_string\"}}],\"inLanguage\":\"en-US\"},{\"@type\":\"Organization\",\"@id\":\"https:\\\/\\\/biblia.md\\\/#organization\",\"name\":\"Societatea Biblic\u0103 din Moldova\",\"url\":\"https:\\\/\\\/biblia.md\\\/\",\"logo\":{\"@type\":\"ImageObject\",\"inLanguage\":\"en-US\",\"@id\":\"https:\\\/\\\/biblia.md\\\/#\\\/schema\\\/logo\\\/image\\\/\",\"url\":\"https:\\\/\\\/biblia.md\\\/wp-content\\\/uploads\\\/2026\\\/01\\\/icon_site.jpg\",\"contentUrl\":\"https:\\\/\\\/biblia.md\\\/wp-content\\\/uploads\\\/2026\\\/01\\\/icon_site.jpg\",\"width\":656,\"height\":656,\"caption\":\"Societatea Biblic\u0103 din Moldova\"},\"image\":{\"@id\":\"https:\\\/\\\/biblia.md\\\/#\\\/schema\\\/logo\\\/image\\\/\"},\"sameAs\":[\"https:\\\/\\\/www.facebook.com\\\/SocietateaBiblicaMoldova\\\/\",\"https:\\\/\\\/www.instagram.com\\\/biblia.md\\\/\"]}]}<\/script>\n<!-- \/ Yoast SEO plugin. -->","yoast_head_json":{"title":"Minciuni pe care le cred barbatii \u0219i adevarul care ii elibereaz\u0103 - Societatea Biblic\u0103 din Moldova","robots":{"index":"index","follow":"follow","max-snippet":"max-snippet:-1","max-image-preview":"max-image-preview:large","max-video-preview":"max-video-preview:-1"},"canonical":"https:\/\/biblia.md\/en\/shop\/minciuni-pe-care-le-cred-barbatii-si-adevarul-care-ii-elibereaza\/","og_locale":"en_US","og_type":"article","og_title":"Minciuni pe care le cred barbatii \u0219i adevarul care ii elibereaz\u0103 - Societatea Biblic\u0103 din Moldova","og_description":"Clar\u0103, interesant\u0103, lucrat\u0103 cu m\u0103iestrie \u0219i, mai presus de orice, ancorat\u0103 \u00een Adev\u0103r. Aceast\u0103 carte va schimba vie\u021bile multor b\u0103rba\u021bi. -- BOB LEPINE  Minciunile apar \u00een diferite forme \u0219i dimensiuni. Cele \u201emicu\u021be\u201d pot s\u0103\u00a0 includ\u0103 un r\u0103spuns dat poli\u021bistului care ne trage pe dreapta din cauza presupusei viteze. \u201eNu, domnule, nici m\u0103car nu mi-am dat seama c\u0103 am dep\u0103\u0219it limita legal\u0103 de vitez\u0103\u201d. Sau, ar putea fi vorba de ceva mult mai grav, a\u0219a cum sunt minciunile celor care \u00ee\u0219i \u00een\u0219al\u0103 partenerii.  \u00cens\u0103 minciuna \u00een orice form\u0103 \u0219i de orice dimensiune are consecin\u021be, iar acest adev\u0103r nu este nou, \u00eel \u0219tim de foarte mult\u0103 vreme.  Probabil c\u0103 nu vei fi surprins s\u0103 afli c\u0103 temelia acestei c\u0103r\u021bi este Biblia. Vei g\u0103si explica\u021bii \u0219i perspective scripturale de la \u00eenceput p\u00e2n\u0103 la sf\u00e2r\u0219it. Cuv\u00e2ntul lui Dumnezeu ne vorbe\u0219te despre minciuni pe care b\u0103rba\u021bii le-au crezut \u00eenc\u0103 de la crea\u021bie \u2013 \u0219i pe care le cred \u0219i \u00een ziua de ast\u0103zi. Ne vom da silin\u021ba s\u0103 identific\u0103m c\u00e2teva dintre aceste neadev\u0103ruri,\u00a0 s\u0103 le analiz\u0103m \u0219i s\u0103 le smulgem din r\u0103d\u0103cin\u0103.","og_url":"https:\/\/biblia.md\/en\/shop\/minciuni-pe-care-le-cred-barbatii-si-adevarul-care-ii-elibereaza\/","og_site_name":"Societatea Biblic\u0103 din Moldova","article_publisher":"https:\/\/www.facebook.com\/SocietateaBiblicaMoldova\/","article_modified_time":"2025-12-21T13:57:34+00:00","og_image":[{"width":494,"height":700,"url":"https:\/\/biblia.md\/wp-content\/uploads\/2025\/12\/0000000270.jpg","type":"image\/jpeg"}],"twitter_card":"summary_large_image","twitter_misc":{"Est. reading time":"5 minutes"},"schema":{"@context":"https:\/\/schema.org","@graph":[{"@type":"WebPage","@id":"https:\/\/biblia.md\/shop\/minciuni-pe-care-le-cred-barbatii-si-adevarul-care-ii-elibereaza\/","url":"https:\/\/biblia.md\/shop\/minciuni-pe-care-le-cred-barbatii-si-adevarul-care-ii-elibereaza\/","name":"Minciuni pe care le cred barbatii \u0219i adevarul care ii elibereaz\u0103 - Societatea Biblic\u0103 din Moldova","isPartOf":{"@id":"https:\/\/biblia.md\/#website"},"primaryImageOfPage":{"@id":"https:\/\/biblia.md\/shop\/minciuni-pe-care-le-cred-barbatii-si-adevarul-care-ii-elibereaza\/#primaryimage"},"image":{"@id":"https:\/\/biblia.md\/shop\/minciuni-pe-care-le-cred-barbatii-si-adevarul-care-ii-elibereaza\/#primaryimage"},"thumbnailUrl":"https:\/\/biblia.md\/wp-content\/uploads\/2025\/12\/0000000270.jpg","datePublished":"2025-12-21T13:56:51+00:00","dateModified":"2025-12-21T13:57:34+00:00","breadcrumb":{"@id":"https:\/\/biblia.md\/shop\/minciuni-pe-care-le-cred-barbatii-si-adevarul-care-ii-elibereaza\/#breadcrumb"},"inLanguage":"en-US","potentialAction":[{"@type":"ReadAction","target":["https:\/\/biblia.md\/shop\/minciuni-pe-care-le-cred-barbatii-si-adevarul-care-ii-elibereaza\/"]}]},{"@type":"ImageObject","inLanguage":"en-US","@id":"https:\/\/biblia.md\/shop\/minciuni-pe-care-le-cred-barbatii-si-adevarul-care-ii-elibereaza\/#primaryimage","url":"https:\/\/biblia.md\/wp-content\/uploads\/2025\/12\/0000000270.jpg","contentUrl":"https:\/\/biblia.md\/wp-content\/uploads\/2025\/12\/0000000270.jpg","width":494,"height":700},{"@type":"BreadcrumbList","@id":"https:\/\/biblia.md\/shop\/minciuni-pe-care-le-cred-barbatii-si-adevarul-care-ii-elibereaza\/#breadcrumb","itemListElement":[{"@type":"ListItem","position":1,"name":"Prima pagin\u0103","item":"https:\/\/biblia.md\/"},{"@type":"ListItem","position":2,"name":"Shop","item":"https:\/\/biblia.md\/shop\/"},{"@type":"ListItem","position":3,"name":"Minciuni pe care le cred barbatii \u0219i adevarul care ii elibereaz\u0103"}]},{"@type":"WebSite","@id":"https:\/\/biblia.md\/#website","url":"https:\/\/biblia.md\/","name":"Societatea Biblic\u0103 din Moldova","description":"","publisher":{"@id":"https:\/\/biblia.md\/#organization"},"potentialAction":[{"@type":"SearchAction","target":{"@type":"EntryPoint","urlTemplate":"https:\/\/biblia.md\/?s={search_term_string}"},"query-input":{"@type":"PropertyValueSpecification","valueRequired":true,"valueName":"search_term_string"}}],"inLanguage":"en-US"},{"@type":"Organization","@id":"https:\/\/biblia.md\/#organization","name":"Societatea Biblic\u0103 din Moldova","url":"https:\/\/biblia.md\/","logo":{"@type":"ImageObject","inLanguage":"en-US","@id":"https:\/\/biblia.md\/#\/schema\/logo\/image\/","url":"https:\/\/biblia.md\/wp-content\/uploads\/2026\/01\/icon_site.jpg","contentUrl":"https:\/\/biblia.md\/wp-content\/uploads\/2026\/01\/icon_site.jpg","width":656,"height":656,"caption":"Societatea Biblic\u0103 din Moldova"},"image":{"@id":"https:\/\/biblia.md\/#\/schema\/logo\/image\/"},"sameAs":["https:\/\/www.facebook.com\/SocietateaBiblicaMoldova\/","https:\/\/www.instagram.com\/biblia.md\/"]}]}},"_links":{"self":[{"href":"https:\/\/biblia.md\/en\/wp-json\/wp\/v2\/product\/29634","targetHints":{"allow":["GET"]}}],"collection":[{"href":"https:\/\/biblia.md\/en\/wp-json\/wp\/v2\/product"}],"about":[{"href":"https:\/\/biblia.md\/en\/wp-json\/wp\/v2\/types\/product"}],"replies":[{"embeddable":true,"href":"https:\/\/biblia.md\/en\/wp-json\/wp\/v2\/comments?post=29634"}],"version-history":[{"count":1,"href":"https:\/\/biblia.md\/en\/wp-json\/wp\/v2\/product\/29634\/revisions"}],"predecessor-version":[{"id":29642,"href":"https:\/\/biblia.md\/en\/wp-json\/wp\/v2\/product\/29634\/revisions\/29642"}],"wp:featuredmedia":[{"embeddable":true,"href":"https:\/\/biblia.md\/en\/wp-json\/wp\/v2\/media\/29641"}],"wp:attachment":[{"href":"https:\/\/biblia.md\/en\/wp-json\/wp\/v2\/media?parent=29634"}],"wp:term":[{"taxonomy":"product_brand","embeddable":true,"href":"https:\/\/biblia.md\/en\/wp-json\/wp\/v2\/product_brand?post=29634"},{"taxonomy":"product_cat","embeddable":true,"href":"https:\/\/biblia.md\/en\/wp-json\/wp\/v2\/product_cat?post=29634"},{"taxonomy":"product_tag","embeddable":true,"href":"https:\/\/biblia.md\/en\/wp-json\/wp\/v2\/product_tag?post=29634"}],"curies":[{"name":"wp","href":"https:\/\/api.w.org\/{rel}","templated":true}]}}