{"id":29813,"date":"2025-12-22T12:17:21","date_gmt":"2025-12-22T10:17:21","guid":{"rendered":"https:\/\/biblia.md\/?post_type=product&#038;p=29813"},"modified":"2025-12-22T12:17:22","modified_gmt":"2025-12-22T10:17:22","slug":"nu-mi-mai-spune-ca-s-frumoasa","status":"publish","type":"product","link":"https:\/\/biblia.md\/en\/shop\/nu-mi-mai-spune-ca-s-frumoasa\/","title":{"rendered":"Nu-mi mai spune c\u0103-s frumoas\u0103"},"content":{"rendered":"<p>\u201eCartea aceasta \u00ee\u021bi va aprinde \u00een suflet un foc pentru o umblare autentic\u0103 cu Isus \u0219i \u00ee\u021bi va deschide calea c\u0103tre profunzimile Cuv\u00e2ntului.\u201c<\/p>\n<p>\u2014Gretchen Saffles, fondatoare a Well-Watered Women<\/p>\n<p>\u201e\u00centr-o cultur\u0103 \u00een\u021besat\u0103 de no\u021biuni vagi \u0219i derutante,\u00a0<em>Nu-mi mai spune c\u0103-s frumoas\u0103<\/em>\u00a0m-a hr\u0103nit cu esen\u021ba naturii lui Dumnezeu \u0219i a Cuv\u00e2ntului S\u0103u minunat.\u201c<\/p>\n<p>\u2014Sara Hagerty, scriitoare de succes<\/p>\n<p><em><strong>De ce avem nevoie de Isus mai mult dec\u00e2t de complimente?<\/strong><\/em><\/p>\n<p>\u201eE\u0219ti fiica minunat\u0103 a \u00cemp\u0103ratului nostru Prea\u00eenalt.\u201c E adev\u0103rat. Dar nu e \u00eentregul adev\u0103r. Frumuse\u021bea faptului c\u0103 suntem fiicele lui Dumnezeu are \u00een spate o \u00eentreag\u0103 poveste.<br \/>\nDac\u0103 te-ai s\u0103turat de \u00eenv\u0103\u021b\u0103turile cre\u0219tine diluate \u0219i r\u00e2vne\u0219ti la o via\u021b\u0103 spiritual\u0103 mai profund\u0103\u2015una care s\u0103-\u021bi r\u0103spund\u0103 la \u00eentreb\u0103rile cele mai grele\u2015atunci cartea\u00a0<em>Nu-mi mai spune c\u0103-s frumoas\u0103<\/em>\u00a0o s\u0103-\u021bi arate cum s\u0103 ajungi acolo unde \u00ee\u021bi dore\u0219ti. Vei \u00eenv\u0103\u021ba<\/p>\n<p>\u25cf cum s\u0103 descoperi cine este Dumnezeu \u0219i cine e\u0219ti tu, \u00een rela\u021bie cu El<br \/>\n\u25cf cum s\u0103 studiezi Scriptura \u0219i cum te va ajuta percep\u021bia ta despre Dumnezeu s\u0103 faci fa\u021b\u0103 \u00eencerc\u0103rilor vie\u021bii<br \/>\n\u25cf c\u0103 legalismul, teologia superficial\u0103 \u0219i \u00eenv\u0103\u021b\u0103turile false te \u00eempiedic\u0103 s\u0103 tr\u0103ie\u0219ti cu \u00eendr\u0103zneal\u0103, ca o adev\u0103rat\u0103 cre\u0219tin\u0103<br \/>\n\u25cf cum s\u0103 sim\u021bi prezen\u021ba lui Dumnezeu c\u00e2nd treci prin momente grele<\/p>\n<p>Isus nu ne ofer\u0103 o m\u00e2ntuire anemic\u0103. El include r\u0103nile tale \u00een povestea de ansamblu a r\u0103scump\u0103r\u0103rii pe care a venit s\u0103 ne-o dea. Nu te mai mul\u021bumi cu o credin\u021b\u0103 c\u0103ldu\u021b\u0103, dac\u0103 vrei s\u0103 \u00eenvingi nesiguran\u021ba, teama, ru\u0219inea \u0219i greut\u0103\u021bile cu care te confrun\u021bi. E timpul s\u0103 \u00cel prime\u0219ti pe Isus. Cu tot ceea ce este El.<\/p>\n<p><strong>Phylicia Masonheimer<\/strong> le \u00eenva\u021b\u0103 pe femeile cre\u0219tine s\u0103 fie sigure de ceea ce cred \u0219i s\u0103 aib\u0103 \u00eendr\u0103zneal\u0103 \u00een aceast\u0103 credin\u021b\u0103 a lor. Este bloggeri\u021b\u0103, gazda unui podcast \u0219i vorbitoare public\u0103. C\u0103r\u021bile ei se concentreaz\u0103 pe discernerea adev\u0103rului \u00eentr-o lume a confuziei \u0219i pe apropierea de Dumnezeu, \u00een virtutea acestui adev\u0103r. Phylicia locuie\u0219te \u00een nordul statului Michigan, \u00eempreun\u0103 cu so\u021bul \u0219i cu fiicele ei.<\/p>\n<p><em>Nu-mi mai spune c\u0103-s frumoas\u0103<\/em>\u00a0este o carte pe care ar trebui s\u0103 o citeasc\u0103 orice femeie cre\u0219tin\u0103. Phylicia distruge \u201eteologia\u201c feminin\u0103 roz-bombon care s-a infiltrat \u00een biseric\u0103, pentru ca apoi s\u0103 pun\u0103 o temelie solid\u0103 pe evanghelia adev\u0103rat\u0103 care ne elibereaz\u0103. Dac\u0103 te-ai s\u0103turat de \u00eenv\u0103\u021b\u0103tura superficial\u0103 \u0219i de credin\u021ba de suprafa\u021b\u0103, cartea aceasta \u00ee\u021bi va aprinde \u00een suflet un foc pentru o umblare autentic\u0103 cu Isus \u0219i \u00ee\u021bi va deschide calea c\u0103tre profunzimile Cuv\u00e2ntului.<br \/>\n<em><\/p>\n<p><\/em><strong>Cuprins<\/strong><em><\/p>\n<p><\/em>Prolog<\/p>\n<p>Partea \u00eent\u00e2i<br \/>\n1. Nu-mi mai spune c\u0103-s frumoas\u0103<br \/>\n2. Fl\u0103m\u00e2nd\u0103 dup\u0103 mai mult \u0219i mai bine<br \/>\n3. Povestea a dou\u0103 femei<br \/>\n4. De ce nu te poate elibera Biblia de pe Instagram<\/p>\n<p>Partea a doua<br \/>\n5. Lungimea fustei \u0219i traducerile Bibliei: s\u0103 ne dezb\u0103r\u0103m de legalismul religios<br \/>\n6. Curajul de a avea \u00eencredere: lupta cu anxietatea \u0219i extenuarea<br \/>\n7. Vremuri de restri\u0219te: cum facem fa\u021b\u0103 durerii<br \/>\n8. Bunuri uzate: restaurarea sexualit\u0103\u021bii pervertite<br \/>\n9. Dumnezeu te cunoa\u0219te \u0219i te vrea l\u00e2ng\u0103 El: cultivarea unei comuniuni ve\u0219nice<br \/>\n10. Un singur spectator \u00een public: \u00eenfr\u00e2ngerea fricii de om<br \/>\n11. Lupta mea dintotdeauna: eliberarea de ru\u0219ine<br \/>\n12. Ce impact vom avea?<br \/>\nNote<\/p>","protected":false},"excerpt":{"rendered":"<p><em><strong>De ce avem nevoie de Isus mai mult dec\u00e2t de complimente?<\/strong><\/em><\/p>\n<p>\u201eE\u0219ti fiica minunat\u0103 a \u00cemp\u0103ratului nostru Prea\u00eenalt.\u201c E adev\u0103rat. Dar nu e \u00eentregul adev\u0103r. Frumuse\u021bea faptului c\u0103 suntem fiicele lui Dumnezeu are \u00een spate o \u00eentreag\u0103 poveste.<br \/>\nDac\u0103 te-ai s\u0103turat de \u00eenv\u0103\u021b\u0103turile cre\u0219tine diluate \u0219i r\u00e2vne\u0219ti la o via\u021b\u0103 spiritual\u0103 mai profund\u0103\u2015una care s\u0103-\u021bi r\u0103spund\u0103 la \u00eentreb\u0103rile cele mai grele\u2015atunci cartea\u00a0<em>Nu-mi mai spune c\u0103-s frumoas\u0103<\/em>\u00a0o s\u0103-\u021bi arate cum s\u0103 ajungi acolo unde \u00ee\u021bi dore\u0219ti. Vei \u00eenv\u0103\u021ba<\/p>\n<p>\u25cf cum s\u0103 descoperi cine este Dumnezeu \u0219i cine e\u0219ti tu, \u00een rela\u021bie cu El<br \/>\n\u25cf cum s\u0103 studiezi Scriptura \u0219i cum te va ajuta percep\u021bia ta despre Dumnezeu s\u0103 faci fa\u021b\u0103 \u00eencerc\u0103rilor vie\u021bii<br \/>\n\u25cf c\u0103 legalismul, teologia superficial\u0103 \u0219i \u00eenv\u0103\u021b\u0103turile false te \u00eempiedic\u0103 s\u0103 tr\u0103ie\u0219ti cu \u00eendr\u0103zneal\u0103, ca o adev\u0103rat\u0103 cre\u0219tin\u0103<br \/>\n\u25cf cum s\u0103 sim\u021bi prezen\u021ba lui Dumnezeu c\u00e2nd treci prin momente grele<\/p>\n<p>Isus nu ne ofer\u0103 o m\u00e2ntuire anemic\u0103. El include r\u0103nile tale \u00een povestea de ansamblu a r\u0103scump\u0103r\u0103rii pe care a venit s\u0103 ne-o dea. Nu te mai mul\u021bumi cu o credin\u021b\u0103 c\u0103ldu\u021b\u0103, dac\u0103 vrei s\u0103 \u00eenvingi nesiguran\u021ba, teama, ru\u0219inea \u0219i greut\u0103\u021bile cu care te confrun\u021bi. E timpul s\u0103 \u00cel prime\u0219ti pe Isus. Cu tot ceea ce este El.<\/p>","protected":false},"featured_media":29821,"comment_status":"open","ping_status":"closed","template":"","meta":[],"product_brand":[],"product_cat":[377,399],"product_tag":[],"class_list":{"0":"post-29813","1":"product","2":"type-product","3":"status-publish","4":"has-post-thumbnail","6":"product_cat-carti","7":"product_cat-femei","8":"product_author-phylicia-masonheimer","9":"product_genre-knigi-rom","11":"first","12":"instock","13":"shipping-taxable","14":"purchasable","15":"product-type-simple"},"yoast_head":"<!-- This site is optimized with the Yoast SEO plugin v27.3 - https:\/\/yoast.com\/product\/yoast-seo-wordpress\/ -->\n<title>Nu-mi mai spune c\u0103-s frumoas\u0103 - Societatea Biblic\u0103 din Moldova<\/title>\n<meta name=\"robots\" content=\"index, follow, max-snippet:-1, max-image-preview:large, max-video-preview:-1\" \/>\n<link rel=\"canonical\" href=\"https:\/\/biblia.md\/en\/shop\/nu-mi-mai-spune-ca-s-frumoasa\/\" \/>\n<meta property=\"og:locale\" content=\"en_US\" \/>\n<meta property=\"og:type\" content=\"article\" \/>\n<meta property=\"og:title\" content=\"Nu-mi mai spune c\u0103-s frumoas\u0103 - Societatea Biblic\u0103 din Moldova\" \/>\n<meta property=\"og:description\" content=\"De ce avem nevoie de Isus mai mult dec\u00e2t de complimente?  \u201eE\u0219ti fiica minunat\u0103 a \u00cemp\u0103ratului nostru Prea\u00eenalt.\u201c E adev\u0103rat. Dar nu e \u00eentregul adev\u0103r. Frumuse\u021bea faptului c\u0103 suntem fiicele lui Dumnezeu are \u00een spate o \u00eentreag\u0103 poveste. Dac\u0103 te-ai s\u0103turat de \u00eenv\u0103\u021b\u0103turile cre\u0219tine diluate \u0219i r\u00e2vne\u0219ti la o via\u021b\u0103 spiritual\u0103 mai profund\u0103\u2015una care s\u0103-\u021bi r\u0103spund\u0103 la \u00eentreb\u0103rile cele mai grele\u2015atunci cartea\u00a0Nu-mi mai spune c\u0103-s frumoas\u0103\u00a0o s\u0103-\u021bi arate cum s\u0103 ajungi acolo unde \u00ee\u021bi dore\u0219ti. Vei \u00eenv\u0103\u021ba  \u25cf cum s\u0103 descoperi cine este Dumnezeu \u0219i cine e\u0219ti tu, \u00een rela\u021bie cu El \u25cf cum s\u0103 studiezi Scriptura \u0219i cum te va ajuta percep\u021bia ta despre Dumnezeu s\u0103 faci fa\u021b\u0103 \u00eencerc\u0103rilor vie\u021bii \u25cf c\u0103 legalismul, teologia superficial\u0103 \u0219i \u00eenv\u0103\u021b\u0103turile false te \u00eempiedic\u0103 s\u0103 tr\u0103ie\u0219ti cu \u00eendr\u0103zneal\u0103, ca o adev\u0103rat\u0103 cre\u0219tin\u0103 \u25cf cum s\u0103 sim\u021bi prezen\u021ba lui Dumnezeu c\u00e2nd treci prin momente grele  Isus nu ne ofer\u0103 o m\u00e2ntuire anemic\u0103. El include r\u0103nile tale \u00een povestea de ansamblu a r\u0103scump\u0103r\u0103rii pe care a venit s\u0103 ne-o dea. Nu te mai mul\u021bumi cu o credin\u021b\u0103 c\u0103ldu\u021b\u0103, dac\u0103 vrei s\u0103 \u00eenvingi nesiguran\u021ba, teama, ru\u0219inea \u0219i greut\u0103\u021bile cu care te confrun\u021bi. E timpul s\u0103 \u00cel prime\u0219ti pe Isus. Cu tot ceea ce este El.\" \/>\n<meta property=\"og:url\" content=\"https:\/\/biblia.md\/en\/shop\/nu-mi-mai-spune-ca-s-frumoasa\/\" \/>\n<meta property=\"og:site_name\" content=\"Societatea Biblic\u0103 din Moldova\" \/>\n<meta property=\"article:publisher\" content=\"https:\/\/www.facebook.com\/SocietateaBiblicaMoldova\/\" \/>\n<meta property=\"article:modified_time\" content=\"2025-12-22T10:17:22+00:00\" \/>\n<meta property=\"og:image\" content=\"https:\/\/biblia.md\/wp-content\/uploads\/2025\/12\/0000008332.jpg\" \/>\n\t<meta property=\"og:image:width\" content=\"600\" \/>\n\t<meta property=\"og:image:height\" content=\"900\" \/>\n\t<meta property=\"og:image:type\" content=\"image\/jpeg\" \/>\n<meta name=\"twitter:card\" content=\"summary_large_image\" \/>\n<meta name=\"twitter:label1\" content=\"Est. reading time\" \/>\n\t<meta name=\"twitter:data1\" content=\"3 minutes\" \/>\n<script type=\"application\/ld+json\" class=\"yoast-schema-graph\">{\"@context\":\"https:\\\/\\\/schema.org\",\"@graph\":[{\"@type\":\"WebPage\",\"@id\":\"https:\\\/\\\/biblia.md\\\/shop\\\/nu-mi-mai-spune-ca-s-frumoasa\\\/\",\"url\":\"https:\\\/\\\/biblia.md\\\/shop\\\/nu-mi-mai-spune-ca-s-frumoasa\\\/\",\"name\":\"Nu-mi mai spune c\u0103-s frumoas\u0103 - Societatea Biblic\u0103 din Moldova\",\"isPartOf\":{\"@id\":\"https:\\\/\\\/biblia.md\\\/#website\"},\"primaryImageOfPage\":{\"@id\":\"https:\\\/\\\/biblia.md\\\/shop\\\/nu-mi-mai-spune-ca-s-frumoasa\\\/#primaryimage\"},\"image\":{\"@id\":\"https:\\\/\\\/biblia.md\\\/shop\\\/nu-mi-mai-spune-ca-s-frumoasa\\\/#primaryimage\"},\"thumbnailUrl\":\"https:\\\/\\\/biblia.md\\\/wp-content\\\/uploads\\\/2025\\\/12\\\/0000008332.jpg\",\"datePublished\":\"2025-12-22T10:17:21+00:00\",\"dateModified\":\"2025-12-22T10:17:22+00:00\",\"breadcrumb\":{\"@id\":\"https:\\\/\\\/biblia.md\\\/shop\\\/nu-mi-mai-spune-ca-s-frumoasa\\\/#breadcrumb\"},\"inLanguage\":\"en-US\",\"potentialAction\":[{\"@type\":\"ReadAction\",\"target\":[\"https:\\\/\\\/biblia.md\\\/shop\\\/nu-mi-mai-spune-ca-s-frumoasa\\\/\"]}]},{\"@type\":\"ImageObject\",\"inLanguage\":\"en-US\",\"@id\":\"https:\\\/\\\/biblia.md\\\/shop\\\/nu-mi-mai-spune-ca-s-frumoasa\\\/#primaryimage\",\"url\":\"https:\\\/\\\/biblia.md\\\/wp-content\\\/uploads\\\/2025\\\/12\\\/0000008332.jpg\",\"contentUrl\":\"https:\\\/\\\/biblia.md\\\/wp-content\\\/uploads\\\/2025\\\/12\\\/0000008332.jpg\",\"width\":600,\"height\":900},{\"@type\":\"BreadcrumbList\",\"@id\":\"https:\\\/\\\/biblia.md\\\/shop\\\/nu-mi-mai-spune-ca-s-frumoasa\\\/#breadcrumb\",\"itemListElement\":[{\"@type\":\"ListItem\",\"position\":1,\"name\":\"Prima pagin\u0103\",\"item\":\"https:\\\/\\\/biblia.md\\\/\"},{\"@type\":\"ListItem\",\"position\":2,\"name\":\"Shop\",\"item\":\"https:\\\/\\\/biblia.md\\\/shop\\\/\"},{\"@type\":\"ListItem\",\"position\":3,\"name\":\"Nu-mi mai spune c\u0103-s frumoas\u0103\"}]},{\"@type\":\"WebSite\",\"@id\":\"https:\\\/\\\/biblia.md\\\/#website\",\"url\":\"https:\\\/\\\/biblia.md\\\/\",\"name\":\"Societatea Biblic\u0103 din Moldova\",\"description\":\"\",\"publisher\":{\"@id\":\"https:\\\/\\\/biblia.md\\\/#organization\"},\"potentialAction\":[{\"@type\":\"SearchAction\",\"target\":{\"@type\":\"EntryPoint\",\"urlTemplate\":\"https:\\\/\\\/biblia.md\\\/?s={search_term_string}\"},\"query-input\":{\"@type\":\"PropertyValueSpecification\",\"valueRequired\":true,\"valueName\":\"search_term_string\"}}],\"inLanguage\":\"en-US\"},{\"@type\":\"Organization\",\"@id\":\"https:\\\/\\\/biblia.md\\\/#organization\",\"name\":\"Societatea Biblic\u0103 din Moldova\",\"url\":\"https:\\\/\\\/biblia.md\\\/\",\"logo\":{\"@type\":\"ImageObject\",\"inLanguage\":\"en-US\",\"@id\":\"https:\\\/\\\/biblia.md\\\/#\\\/schema\\\/logo\\\/image\\\/\",\"url\":\"https:\\\/\\\/biblia.md\\\/wp-content\\\/uploads\\\/2026\\\/01\\\/icon_site.jpg\",\"contentUrl\":\"https:\\\/\\\/biblia.md\\\/wp-content\\\/uploads\\\/2026\\\/01\\\/icon_site.jpg\",\"width\":656,\"height\":656,\"caption\":\"Societatea Biblic\u0103 din Moldova\"},\"image\":{\"@id\":\"https:\\\/\\\/biblia.md\\\/#\\\/schema\\\/logo\\\/image\\\/\"},\"sameAs\":[\"https:\\\/\\\/www.facebook.com\\\/SocietateaBiblicaMoldova\\\/\",\"https:\\\/\\\/www.instagram.com\\\/biblia.md\\\/\"]}]}<\/script>\n<!-- \/ Yoast SEO plugin. -->","yoast_head_json":{"title":"Nu-mi mai spune c\u0103-s frumoas\u0103 - Societatea Biblic\u0103 din Moldova","robots":{"index":"index","follow":"follow","max-snippet":"max-snippet:-1","max-image-preview":"max-image-preview:large","max-video-preview":"max-video-preview:-1"},"canonical":"https:\/\/biblia.md\/en\/shop\/nu-mi-mai-spune-ca-s-frumoasa\/","og_locale":"en_US","og_type":"article","og_title":"Nu-mi mai spune c\u0103-s frumoas\u0103 - Societatea Biblic\u0103 din Moldova","og_description":"De ce avem nevoie de Isus mai mult dec\u00e2t de complimente?  \u201eE\u0219ti fiica minunat\u0103 a \u00cemp\u0103ratului nostru Prea\u00eenalt.\u201c E adev\u0103rat. Dar nu e \u00eentregul adev\u0103r. Frumuse\u021bea faptului c\u0103 suntem fiicele lui Dumnezeu are \u00een spate o \u00eentreag\u0103 poveste. Dac\u0103 te-ai s\u0103turat de \u00eenv\u0103\u021b\u0103turile cre\u0219tine diluate \u0219i r\u00e2vne\u0219ti la o via\u021b\u0103 spiritual\u0103 mai profund\u0103\u2015una care s\u0103-\u021bi r\u0103spund\u0103 la \u00eentreb\u0103rile cele mai grele\u2015atunci cartea\u00a0Nu-mi mai spune c\u0103-s frumoas\u0103\u00a0o s\u0103-\u021bi arate cum s\u0103 ajungi acolo unde \u00ee\u021bi dore\u0219ti. Vei \u00eenv\u0103\u021ba  \u25cf cum s\u0103 descoperi cine este Dumnezeu \u0219i cine e\u0219ti tu, \u00een rela\u021bie cu El \u25cf cum s\u0103 studiezi Scriptura \u0219i cum te va ajuta percep\u021bia ta despre Dumnezeu s\u0103 faci fa\u021b\u0103 \u00eencerc\u0103rilor vie\u021bii \u25cf c\u0103 legalismul, teologia superficial\u0103 \u0219i \u00eenv\u0103\u021b\u0103turile false te \u00eempiedic\u0103 s\u0103 tr\u0103ie\u0219ti cu \u00eendr\u0103zneal\u0103, ca o adev\u0103rat\u0103 cre\u0219tin\u0103 \u25cf cum s\u0103 sim\u021bi prezen\u021ba lui Dumnezeu c\u00e2nd treci prin momente grele  Isus nu ne ofer\u0103 o m\u00e2ntuire anemic\u0103. El include r\u0103nile tale \u00een povestea de ansamblu a r\u0103scump\u0103r\u0103rii pe care a venit s\u0103 ne-o dea. Nu te mai mul\u021bumi cu o credin\u021b\u0103 c\u0103ldu\u021b\u0103, dac\u0103 vrei s\u0103 \u00eenvingi nesiguran\u021ba, teama, ru\u0219inea \u0219i greut\u0103\u021bile cu care te confrun\u021bi. E timpul s\u0103 \u00cel prime\u0219ti pe Isus. Cu tot ceea ce este El.","og_url":"https:\/\/biblia.md\/en\/shop\/nu-mi-mai-spune-ca-s-frumoasa\/","og_site_name":"Societatea Biblic\u0103 din Moldova","article_publisher":"https:\/\/www.facebook.com\/SocietateaBiblicaMoldova\/","article_modified_time":"2025-12-22T10:17:22+00:00","og_image":[{"width":600,"height":900,"url":"https:\/\/biblia.md\/wp-content\/uploads\/2025\/12\/0000008332.jpg","type":"image\/jpeg"}],"twitter_card":"summary_large_image","twitter_misc":{"Est. reading time":"3 minutes"},"schema":{"@context":"https:\/\/schema.org","@graph":[{"@type":"WebPage","@id":"https:\/\/biblia.md\/shop\/nu-mi-mai-spune-ca-s-frumoasa\/","url":"https:\/\/biblia.md\/shop\/nu-mi-mai-spune-ca-s-frumoasa\/","name":"Nu-mi mai spune c\u0103-s frumoas\u0103 - Societatea Biblic\u0103 din Moldova","isPartOf":{"@id":"https:\/\/biblia.md\/#website"},"primaryImageOfPage":{"@id":"https:\/\/biblia.md\/shop\/nu-mi-mai-spune-ca-s-frumoasa\/#primaryimage"},"image":{"@id":"https:\/\/biblia.md\/shop\/nu-mi-mai-spune-ca-s-frumoasa\/#primaryimage"},"thumbnailUrl":"https:\/\/biblia.md\/wp-content\/uploads\/2025\/12\/0000008332.jpg","datePublished":"2025-12-22T10:17:21+00:00","dateModified":"2025-12-22T10:17:22+00:00","breadcrumb":{"@id":"https:\/\/biblia.md\/shop\/nu-mi-mai-spune-ca-s-frumoasa\/#breadcrumb"},"inLanguage":"en-US","potentialAction":[{"@type":"ReadAction","target":["https:\/\/biblia.md\/shop\/nu-mi-mai-spune-ca-s-frumoasa\/"]}]},{"@type":"ImageObject","inLanguage":"en-US","@id":"https:\/\/biblia.md\/shop\/nu-mi-mai-spune-ca-s-frumoasa\/#primaryimage","url":"https:\/\/biblia.md\/wp-content\/uploads\/2025\/12\/0000008332.jpg","contentUrl":"https:\/\/biblia.md\/wp-content\/uploads\/2025\/12\/0000008332.jpg","width":600,"height":900},{"@type":"BreadcrumbList","@id":"https:\/\/biblia.md\/shop\/nu-mi-mai-spune-ca-s-frumoasa\/#breadcrumb","itemListElement":[{"@type":"ListItem","position":1,"name":"Prima pagin\u0103","item":"https:\/\/biblia.md\/"},{"@type":"ListItem","position":2,"name":"Shop","item":"https:\/\/biblia.md\/shop\/"},{"@type":"ListItem","position":3,"name":"Nu-mi mai spune c\u0103-s frumoas\u0103"}]},{"@type":"WebSite","@id":"https:\/\/biblia.md\/#website","url":"https:\/\/biblia.md\/","name":"Societatea Biblic\u0103 din Moldova","description":"","publisher":{"@id":"https:\/\/biblia.md\/#organization"},"potentialAction":[{"@type":"SearchAction","target":{"@type":"EntryPoint","urlTemplate":"https:\/\/biblia.md\/?s={search_term_string}"},"query-input":{"@type":"PropertyValueSpecification","valueRequired":true,"valueName":"search_term_string"}}],"inLanguage":"en-US"},{"@type":"Organization","@id":"https:\/\/biblia.md\/#organization","name":"Societatea Biblic\u0103 din Moldova","url":"https:\/\/biblia.md\/","logo":{"@type":"ImageObject","inLanguage":"en-US","@id":"https:\/\/biblia.md\/#\/schema\/logo\/image\/","url":"https:\/\/biblia.md\/wp-content\/uploads\/2026\/01\/icon_site.jpg","contentUrl":"https:\/\/biblia.md\/wp-content\/uploads\/2026\/01\/icon_site.jpg","width":656,"height":656,"caption":"Societatea Biblic\u0103 din Moldova"},"image":{"@id":"https:\/\/biblia.md\/#\/schema\/logo\/image\/"},"sameAs":["https:\/\/www.facebook.com\/SocietateaBiblicaMoldova\/","https:\/\/www.instagram.com\/biblia.md\/"]}]}},"_links":{"self":[{"href":"https:\/\/biblia.md\/en\/wp-json\/wp\/v2\/product\/29813","targetHints":{"allow":["GET"]}}],"collection":[{"href":"https:\/\/biblia.md\/en\/wp-json\/wp\/v2\/product"}],"about":[{"href":"https:\/\/biblia.md\/en\/wp-json\/wp\/v2\/types\/product"}],"replies":[{"embeddable":true,"href":"https:\/\/biblia.md\/en\/wp-json\/wp\/v2\/comments?post=29813"}],"version-history":[{"count":1,"href":"https:\/\/biblia.md\/en\/wp-json\/wp\/v2\/product\/29813\/revisions"}],"predecessor-version":[{"id":29822,"href":"https:\/\/biblia.md\/en\/wp-json\/wp\/v2\/product\/29813\/revisions\/29822"}],"wp:featuredmedia":[{"embeddable":true,"href":"https:\/\/biblia.md\/en\/wp-json\/wp\/v2\/media\/29821"}],"wp:attachment":[{"href":"https:\/\/biblia.md\/en\/wp-json\/wp\/v2\/media?parent=29813"}],"wp:term":[{"taxonomy":"product_brand","embeddable":true,"href":"https:\/\/biblia.md\/en\/wp-json\/wp\/v2\/product_brand?post=29813"},{"taxonomy":"product_cat","embeddable":true,"href":"https:\/\/biblia.md\/en\/wp-json\/wp\/v2\/product_cat?post=29813"},{"taxonomy":"product_tag","embeddable":true,"href":"https:\/\/biblia.md\/en\/wp-json\/wp\/v2\/product_tag?post=29813"}],"curies":[{"name":"wp","href":"https:\/\/api.w.org\/{rel}","templated":true}]}}