{"id":30283,"date":"2025-12-27T14:34:15","date_gmt":"2025-12-27T12:34:15","guid":{"rendered":"https:\/\/biblia.md\/?post_type=product&#038;p=30283"},"modified":"2026-03-12T08:57:57","modified_gmt":"2026-03-12T06:57:57","slug":"adolescentii-pot-fi-intelesi","status":"publish","type":"product","link":"https:\/\/biblia.md\/en\/shop\/adolescentii-pot-fi-intelesi\/","title":{"rendered":"Adolescen\u021bii: pot fi \u00een\u021bele\u0219i?"},"content":{"rendered":"<p>\u201eAceasta este cu adev\u0103rat cea mai bun\u0103 carte pe care am citit-o despre cre\u0219terea adolescen\u021bilor. Este o combina\u021bie excelent\u0103 \u00eentre \u00een\u021belepciunea biblic\u0103 \u0219i experien\u021ba, discern\u0103m\u00e2ntul \u0219i atitudinea inimii care construiesc rela\u021bia cu adolescen\u021bii no\u0219tri \u00een loc s\u0103-i \u00eendep\u0103rteze, \u00een timp ce se stabilesc a\u0219tept\u0103ri precise \u0219i limite. Ea se adreseaz\u0103 celor mai tulburi \u0219i dificile aspecte ale cre\u0219terii adolescen\u021bilor f\u0103r\u0103 cli\u0219ee sau platitudini. Este de departe cea mai practic\u0103 \u0219i folositoare carte pe care am \u00eent\u00e2lnit-o pentru lucr\u0103tori cu tinerii, p\u0103rin\u021bi \u0219i bunici ai adolescen\u021bilor. O recomand cu toat\u0103 inima!\u201c<br \/>\n<strong>Chip Ingram<\/strong>, pastor \u00eenv\u0103\u021b\u0103tor la Living on the Edge Ministry<\/p>\n<p><strong>Jim Burns<\/strong>\u00a0este un lucr\u0103tor experimentat care a lucrat toat\u0103 via\u021ba cu adolescen\u021bii, tinerii, lucr\u0103torii de adolescen\u021bi \u0219i tineri \u0219i familii pentru a-i \u00eendrepta spre singurul care poate da singura direc\u021bie bun\u0103 a vie\u021bilor lor, spre Isus Cristos. a publicat mai multe c\u0103r\u021bi \u00een acest domeniu, dintre care men\u021bion\u0103m\u00a0<em>P\u0103rintele \u00eencrez\u0103tor<\/em>.<\/p>","protected":false},"excerpt":{"rendered":"<p>Este o carte adresat\u0103 tuturor celor vor s\u0103 \u00een\u021beleag\u0103 adolescen\u021bii \u0219i, mai ales, cum s\u0103-i ajute s\u0103 navigheze c\u00e2t mai lin pentru a ajunge adul\u021bi responsabili. \u00cen contextul actual, al sexualiz\u0103rii copiilor \u0219i adolescen\u021bii, \u00een care ace\u0219tia au devenit grupuri-\u021bint\u0103 pentru comercializarea unor produse \u0219i, mai tragic, pentru trafican\u021bii de droguri, este necesar ca p\u0103rin\u021bii, pastorii, lucr\u0103torii cu adolescen\u021bii \u0219i cu tinereii s\u0103 fie activi \u0219i s\u0103 preia ini\u021biativa \u00een a-i ajuta pe ace\u0219ti adolescen\u021bi care se confrunt\u0103 cu provoc\u0103ri nemai\u00eent\u00e2lnite \u00een genera\u021biile anterioare<\/p>","protected":false},"featured_media":36440,"comment_status":"open","ping_status":"closed","template":"","meta":[],"product_brand":[],"product_cat":[377,396],"product_tag":[],"class_list":{"0":"post-30283","1":"product","2":"type-product","3":"status-publish","4":"has-post-thumbnail","6":"product_cat-carti","7":"product_cat-parinti","8":"product_author-jim-burns","9":"product_genre-knigi-rom","11":"first","12":"instock","13":"shipping-taxable","14":"purchasable","15":"product-type-simple"},"yoast_head":"<!-- This site is optimized with the Yoast SEO plugin v27.3 - https:\/\/yoast.com\/product\/yoast-seo-wordpress\/ -->\n<title>Adolescen\u021bii: pot fi \u00een\u021bele\u0219i? - Societatea Biblic\u0103 din Moldova<\/title>\n<meta name=\"robots\" content=\"index, follow, max-snippet:-1, max-image-preview:large, max-video-preview:-1\" \/>\n<link rel=\"canonical\" href=\"https:\/\/biblia.md\/en\/shop\/adolescentii-pot-fi-intelesi\/\" \/>\n<meta property=\"og:locale\" content=\"en_US\" \/>\n<meta property=\"og:type\" content=\"article\" \/>\n<meta property=\"og:title\" content=\"Adolescen\u021bii: pot fi \u00een\u021bele\u0219i? - Societatea Biblic\u0103 din Moldova\" \/>\n<meta property=\"og:description\" content=\"Este o carte adresat\u0103 tuturor celor vor s\u0103 \u00een\u021beleag\u0103 adolescen\u021bii \u0219i, mai ales, cum s\u0103-i ajute s\u0103 navigheze c\u00e2t mai lin pentru a ajunge adul\u021bi responsabili. \u00cen contextul actual, al sexualiz\u0103rii copiilor \u0219i adolescen\u021bii, \u00een care ace\u0219tia au devenit grupuri-\u021bint\u0103 pentru comercializarea unor produse \u0219i, mai tragic, pentru trafican\u021bii de droguri, este necesar ca p\u0103rin\u021bii, pastorii, lucr\u0103torii cu adolescen\u021bii \u0219i cu tinereii s\u0103 fie activi \u0219i s\u0103 preia ini\u021biativa \u00een a-i ajuta pe ace\u0219ti adolescen\u021bi care se confrunt\u0103 cu provoc\u0103ri nemai\u00eent\u00e2lnite \u00een genera\u021biile anterioare\" \/>\n<meta property=\"og:url\" content=\"https:\/\/biblia.md\/en\/shop\/adolescentii-pot-fi-intelesi\/\" \/>\n<meta property=\"og:site_name\" content=\"Societatea Biblic\u0103 din Moldova\" \/>\n<meta property=\"article:publisher\" content=\"https:\/\/www.facebook.com\/SocietateaBiblicaMoldova\/\" \/>\n<meta property=\"article:modified_time\" content=\"2026-03-12T06:57:57+00:00\" \/>\n<meta property=\"og:image\" content=\"https:\/\/biblia.md\/wp-content\/uploads\/2025\/12\/0000001162.jpg\" \/>\n\t<meta property=\"og:image:width\" content=\"600\" \/>\n\t<meta property=\"og:image:height\" content=\"900\" \/>\n\t<meta property=\"og:image:type\" content=\"image\/jpeg\" \/>\n<meta name=\"twitter:card\" content=\"summary_large_image\" \/>\n<meta name=\"twitter:label1\" content=\"Est. reading time\" \/>\n\t<meta name=\"twitter:data1\" content=\"1 minute\" \/>\n<script type=\"application\/ld+json\" class=\"yoast-schema-graph\">{\"@context\":\"https:\\\/\\\/schema.org\",\"@graph\":[{\"@type\":\"WebPage\",\"@id\":\"https:\\\/\\\/biblia.md\\\/shop\\\/adolescentii-pot-fi-intelesi\\\/\",\"url\":\"https:\\\/\\\/biblia.md\\\/shop\\\/adolescentii-pot-fi-intelesi\\\/\",\"name\":\"Adolescen\u021bii: pot fi \u00een\u021bele\u0219i? - Societatea Biblic\u0103 din Moldova\",\"isPartOf\":{\"@id\":\"https:\\\/\\\/biblia.md\\\/#website\"},\"primaryImageOfPage\":{\"@id\":\"https:\\\/\\\/biblia.md\\\/shop\\\/adolescentii-pot-fi-intelesi\\\/#primaryimage\"},\"image\":{\"@id\":\"https:\\\/\\\/biblia.md\\\/shop\\\/adolescentii-pot-fi-intelesi\\\/#primaryimage\"},\"thumbnailUrl\":\"https:\\\/\\\/biblia.md\\\/wp-content\\\/uploads\\\/2025\\\/12\\\/ee42c90e-24d7-411f-81f8-92f670e7ba5f.png\",\"datePublished\":\"2025-12-27T12:34:15+00:00\",\"dateModified\":\"2026-03-12T06:57:57+00:00\",\"breadcrumb\":{\"@id\":\"https:\\\/\\\/biblia.md\\\/shop\\\/adolescentii-pot-fi-intelesi\\\/#breadcrumb\"},\"inLanguage\":\"en-US\",\"potentialAction\":[{\"@type\":\"ReadAction\",\"target\":[\"https:\\\/\\\/biblia.md\\\/shop\\\/adolescentii-pot-fi-intelesi\\\/\"]}]},{\"@type\":\"ImageObject\",\"inLanguage\":\"en-US\",\"@id\":\"https:\\\/\\\/biblia.md\\\/shop\\\/adolescentii-pot-fi-intelesi\\\/#primaryimage\",\"url\":\"https:\\\/\\\/biblia.md\\\/wp-content\\\/uploads\\\/2025\\\/12\\\/ee42c90e-24d7-411f-81f8-92f670e7ba5f.png\",\"contentUrl\":\"https:\\\/\\\/biblia.md\\\/wp-content\\\/uploads\\\/2025\\\/12\\\/ee42c90e-24d7-411f-81f8-92f670e7ba5f.png\",\"width\":1024,\"height\":1536},{\"@type\":\"BreadcrumbList\",\"@id\":\"https:\\\/\\\/biblia.md\\\/shop\\\/adolescentii-pot-fi-intelesi\\\/#breadcrumb\",\"itemListElement\":[{\"@type\":\"ListItem\",\"position\":1,\"name\":\"Prima pagin\u0103\",\"item\":\"https:\\\/\\\/biblia.md\\\/\"},{\"@type\":\"ListItem\",\"position\":2,\"name\":\"Shop\",\"item\":\"https:\\\/\\\/biblia.md\\\/shop\\\/\"},{\"@type\":\"ListItem\",\"position\":3,\"name\":\"Adolescen\u021bii: pot fi \u00een\u021bele\u0219i?\"}]},{\"@type\":\"WebSite\",\"@id\":\"https:\\\/\\\/biblia.md\\\/#website\",\"url\":\"https:\\\/\\\/biblia.md\\\/\",\"name\":\"Societatea Biblic\u0103 din Moldova\",\"description\":\"\",\"publisher\":{\"@id\":\"https:\\\/\\\/biblia.md\\\/#organization\"},\"potentialAction\":[{\"@type\":\"SearchAction\",\"target\":{\"@type\":\"EntryPoint\",\"urlTemplate\":\"https:\\\/\\\/biblia.md\\\/?s={search_term_string}\"},\"query-input\":{\"@type\":\"PropertyValueSpecification\",\"valueRequired\":true,\"valueName\":\"search_term_string\"}}],\"inLanguage\":\"en-US\"},{\"@type\":\"Organization\",\"@id\":\"https:\\\/\\\/biblia.md\\\/#organization\",\"name\":\"Societatea Biblic\u0103 din Moldova\",\"url\":\"https:\\\/\\\/biblia.md\\\/\",\"logo\":{\"@type\":\"ImageObject\",\"inLanguage\":\"en-US\",\"@id\":\"https:\\\/\\\/biblia.md\\\/#\\\/schema\\\/logo\\\/image\\\/\",\"url\":\"https:\\\/\\\/biblia.md\\\/wp-content\\\/uploads\\\/2026\\\/01\\\/icon_site.jpg\",\"contentUrl\":\"https:\\\/\\\/biblia.md\\\/wp-content\\\/uploads\\\/2026\\\/01\\\/icon_site.jpg\",\"width\":656,\"height\":656,\"caption\":\"Societatea Biblic\u0103 din Moldova\"},\"image\":{\"@id\":\"https:\\\/\\\/biblia.md\\\/#\\\/schema\\\/logo\\\/image\\\/\"},\"sameAs\":[\"https:\\\/\\\/www.facebook.com\\\/SocietateaBiblicaMoldova\\\/\",\"https:\\\/\\\/www.instagram.com\\\/biblia.md\\\/\"]}]}<\/script>\n<!-- \/ Yoast SEO plugin. -->","yoast_head_json":{"title":"Adolescen\u021bii: pot fi \u00een\u021bele\u0219i? - Societatea Biblic\u0103 din Moldova","robots":{"index":"index","follow":"follow","max-snippet":"max-snippet:-1","max-image-preview":"max-image-preview:large","max-video-preview":"max-video-preview:-1"},"canonical":"https:\/\/biblia.md\/en\/shop\/adolescentii-pot-fi-intelesi\/","og_locale":"en_US","og_type":"article","og_title":"Adolescen\u021bii: pot fi \u00een\u021bele\u0219i? - Societatea Biblic\u0103 din Moldova","og_description":"Este o carte adresat\u0103 tuturor celor vor s\u0103 \u00een\u021beleag\u0103 adolescen\u021bii \u0219i, mai ales, cum s\u0103-i ajute s\u0103 navigheze c\u00e2t mai lin pentru a ajunge adul\u021bi responsabili. \u00cen contextul actual, al sexualiz\u0103rii copiilor \u0219i adolescen\u021bii, \u00een care ace\u0219tia au devenit grupuri-\u021bint\u0103 pentru comercializarea unor produse \u0219i, mai tragic, pentru trafican\u021bii de droguri, este necesar ca p\u0103rin\u021bii, pastorii, lucr\u0103torii cu adolescen\u021bii \u0219i cu tinereii s\u0103 fie activi \u0219i s\u0103 preia ini\u021biativa \u00een a-i ajuta pe ace\u0219ti adolescen\u021bi care se confrunt\u0103 cu provoc\u0103ri nemai\u00eent\u00e2lnite \u00een genera\u021biile anterioare","og_url":"https:\/\/biblia.md\/en\/shop\/adolescentii-pot-fi-intelesi\/","og_site_name":"Societatea Biblic\u0103 din Moldova","article_publisher":"https:\/\/www.facebook.com\/SocietateaBiblicaMoldova\/","article_modified_time":"2026-03-12T06:57:57+00:00","og_image":[{"width":600,"height":900,"url":"https:\/\/biblia.md\/wp-content\/uploads\/2025\/12\/0000001162.jpg","type":"image\/jpeg"}],"twitter_card":"summary_large_image","twitter_misc":{"Est. reading time":"1 minute"},"schema":{"@context":"https:\/\/schema.org","@graph":[{"@type":"WebPage","@id":"https:\/\/biblia.md\/shop\/adolescentii-pot-fi-intelesi\/","url":"https:\/\/biblia.md\/shop\/adolescentii-pot-fi-intelesi\/","name":"Adolescen\u021bii: pot fi \u00een\u021bele\u0219i? - Societatea Biblic\u0103 din Moldova","isPartOf":{"@id":"https:\/\/biblia.md\/#website"},"primaryImageOfPage":{"@id":"https:\/\/biblia.md\/shop\/adolescentii-pot-fi-intelesi\/#primaryimage"},"image":{"@id":"https:\/\/biblia.md\/shop\/adolescentii-pot-fi-intelesi\/#primaryimage"},"thumbnailUrl":"https:\/\/biblia.md\/wp-content\/uploads\/2025\/12\/ee42c90e-24d7-411f-81f8-92f670e7ba5f.png","datePublished":"2025-12-27T12:34:15+00:00","dateModified":"2026-03-12T06:57:57+00:00","breadcrumb":{"@id":"https:\/\/biblia.md\/shop\/adolescentii-pot-fi-intelesi\/#breadcrumb"},"inLanguage":"en-US","potentialAction":[{"@type":"ReadAction","target":["https:\/\/biblia.md\/shop\/adolescentii-pot-fi-intelesi\/"]}]},{"@type":"ImageObject","inLanguage":"en-US","@id":"https:\/\/biblia.md\/shop\/adolescentii-pot-fi-intelesi\/#primaryimage","url":"https:\/\/biblia.md\/wp-content\/uploads\/2025\/12\/ee42c90e-24d7-411f-81f8-92f670e7ba5f.png","contentUrl":"https:\/\/biblia.md\/wp-content\/uploads\/2025\/12\/ee42c90e-24d7-411f-81f8-92f670e7ba5f.png","width":1024,"height":1536},{"@type":"BreadcrumbList","@id":"https:\/\/biblia.md\/shop\/adolescentii-pot-fi-intelesi\/#breadcrumb","itemListElement":[{"@type":"ListItem","position":1,"name":"Prima pagin\u0103","item":"https:\/\/biblia.md\/"},{"@type":"ListItem","position":2,"name":"Shop","item":"https:\/\/biblia.md\/shop\/"},{"@type":"ListItem","position":3,"name":"Adolescen\u021bii: pot fi \u00een\u021bele\u0219i?"}]},{"@type":"WebSite","@id":"https:\/\/biblia.md\/#website","url":"https:\/\/biblia.md\/","name":"Societatea Biblic\u0103 din Moldova","description":"","publisher":{"@id":"https:\/\/biblia.md\/#organization"},"potentialAction":[{"@type":"SearchAction","target":{"@type":"EntryPoint","urlTemplate":"https:\/\/biblia.md\/?s={search_term_string}"},"query-input":{"@type":"PropertyValueSpecification","valueRequired":true,"valueName":"search_term_string"}}],"inLanguage":"en-US"},{"@type":"Organization","@id":"https:\/\/biblia.md\/#organization","name":"Societatea Biblic\u0103 din Moldova","url":"https:\/\/biblia.md\/","logo":{"@type":"ImageObject","inLanguage":"en-US","@id":"https:\/\/biblia.md\/#\/schema\/logo\/image\/","url":"https:\/\/biblia.md\/wp-content\/uploads\/2026\/01\/icon_site.jpg","contentUrl":"https:\/\/biblia.md\/wp-content\/uploads\/2026\/01\/icon_site.jpg","width":656,"height":656,"caption":"Societatea Biblic\u0103 din Moldova"},"image":{"@id":"https:\/\/biblia.md\/#\/schema\/logo\/image\/"},"sameAs":["https:\/\/www.facebook.com\/SocietateaBiblicaMoldova\/","https:\/\/www.instagram.com\/biblia.md\/"]}]}},"_links":{"self":[{"href":"https:\/\/biblia.md\/en\/wp-json\/wp\/v2\/product\/30283","targetHints":{"allow":["GET"]}}],"collection":[{"href":"https:\/\/biblia.md\/en\/wp-json\/wp\/v2\/product"}],"about":[{"href":"https:\/\/biblia.md\/en\/wp-json\/wp\/v2\/types\/product"}],"replies":[{"embeddable":true,"href":"https:\/\/biblia.md\/en\/wp-json\/wp\/v2\/comments?post=30283"}],"version-history":[{"count":1,"href":"https:\/\/biblia.md\/en\/wp-json\/wp\/v2\/product\/30283\/revisions"}],"predecessor-version":[{"id":30285,"href":"https:\/\/biblia.md\/en\/wp-json\/wp\/v2\/product\/30283\/revisions\/30285"}],"wp:featuredmedia":[{"embeddable":true,"href":"https:\/\/biblia.md\/en\/wp-json\/wp\/v2\/media\/36440"}],"wp:attachment":[{"href":"https:\/\/biblia.md\/en\/wp-json\/wp\/v2\/media?parent=30283"}],"wp:term":[{"taxonomy":"product_brand","embeddable":true,"href":"https:\/\/biblia.md\/en\/wp-json\/wp\/v2\/product_brand?post=30283"},{"taxonomy":"product_cat","embeddable":true,"href":"https:\/\/biblia.md\/en\/wp-json\/wp\/v2\/product_cat?post=30283"},{"taxonomy":"product_tag","embeddable":true,"href":"https:\/\/biblia.md\/en\/wp-json\/wp\/v2\/product_tag?post=30283"}],"curies":[{"name":"wp","href":"https:\/\/api.w.org\/{rel}","templated":true}]}}