{"id":30286,"date":"2025-12-27T15:23:31","date_gmt":"2025-12-27T13:23:31","guid":{"rendered":"https:\/\/biblia.md\/?post_type=product&#038;p=30286"},"modified":"2025-12-27T15:52:32","modified_gmt":"2025-12-27T13:52:32","slug":"afaceri-bune","status":"publish","type":"product","link":"https:\/\/biblia.md\/en\/shop\/afaceri-bune\/","title":{"rendered":"Afaceri bune"},"content":{"rendered":"","protected":false},"excerpt":{"rendered":"<p><em>Afaceri bune<\/em>\u00a0porne\u015fte de la premisa c\u0103 tr\u0103im ast\u0103zi \u00eentr-o er\u0103 \u00een care afacerile \u015fi munca, \u00een general, au \u00eenlocuit religia \u015fi politica. M.Csikszentmihalyi descrie modul \u00een care liderii din domeniul afacerilor, managerii \u015fi chiar lucr\u0103torii \u00een\u015fi\u015fi \u00ee\u015fi pot g\u0103si \u201efluxul\u201c, contribuind nu doar la crearea propriei lor fericiri, ci chiar la apari\u0163ia unei societ\u0103\u0163i drepte \u015fi \u00een continu\u0103 evolu\u0163ie. El identific\u0103 factorii cruciali pentru func\u0163ionarea unei afaceri bune: \u00eencrederea, angajarea \u00een formarea unui mediu propice pentru dezvoltarea angaja\u0163ilor \u015fi devotamentul fa\u0163\u0103 de ob\u0163inerea unui produs care s\u0103 vin\u0103 \u00een ajutorul oamenilor. Aceast\u0103 carte ar trebui citit\u0103 de c\u0103tre to\u0163i cei care pre\u0163uiesc contribu\u0163iile individuale pozitive \u00een lumea at\u00e2t de schimb\u0103toare a afacerilor.<\/p>\n<p>Pentru realizarea ei, autorul a intervievat mai multe zeci de CEO exemplari din punctul de vedere al implic\u0103rii lor \u00eentr-o astfel de misiune, a c\u0103ror \u00een\u0163elepciune s-ar putea rezuma prin urm\u0103toarea fraz\u0103: \u201eLiderii ar trebui s\u0103 ofere angaja\u0163ilor posibilitatea de a munci cu bucurie, spre mul\u0163umirea sufletului lor, \u0163in\u00e2nd cont totodat\u0103 \u015fi de nevoile societ\u0103\u0163ii.\u201c<\/p>","protected":false},"featured_media":30289,"comment_status":"open","ping_status":"closed","template":"","meta":[],"product_brand":[],"product_cat":[377,385],"product_tag":[],"class_list":{"0":"post-30286","1":"product","2":"type-product","3":"status-publish","4":"has-post-thumbnail","6":"product_cat-carti","7":"product_cat-dezvoltare-personala","8":"product_author-mihaly-csikszentmihalyi","9":"product_genre-knigi-rom","11":"first","12":"instock","13":"shipping-taxable","14":"purchasable","15":"product-type-simple"},"yoast_head":"<!-- This site is optimized with the Yoast SEO plugin v27.3 - https:\/\/yoast.com\/product\/yoast-seo-wordpress\/ -->\n<title>Afaceri bune - Societatea Biblic\u0103 din Moldova<\/title>\n<meta name=\"robots\" content=\"index, follow, max-snippet:-1, max-image-preview:large, max-video-preview:-1\" \/>\n<link rel=\"canonical\" href=\"https:\/\/biblia.md\/en\/shop\/afaceri-bune\/\" \/>\n<meta property=\"og:locale\" content=\"en_US\" \/>\n<meta property=\"og:type\" content=\"article\" \/>\n<meta property=\"og:title\" content=\"Afaceri bune - Societatea Biblic\u0103 din Moldova\" \/>\n<meta property=\"og:description\" content=\"Afaceri bune\u00a0porne\u015fte de la premisa c\u0103 tr\u0103im ast\u0103zi \u00eentr-o er\u0103 \u00een care afacerile \u015fi munca, \u00een general, au \u00eenlocuit religia \u015fi politica. M.Csikszentmihalyi descrie modul \u00een care liderii din domeniul afacerilor, managerii \u015fi chiar lucr\u0103torii \u00een\u015fi\u015fi \u00ee\u015fi pot g\u0103si \u201efluxul\u201c, contribuind nu doar la crearea propriei lor fericiri, ci chiar la apari\u0163ia unei societ\u0103\u0163i drepte \u015fi \u00een continu\u0103 evolu\u0163ie. El identific\u0103 factorii cruciali pentru func\u0163ionarea unei afaceri bune: \u00eencrederea, angajarea \u00een formarea unui mediu propice pentru dezvoltarea angaja\u0163ilor \u015fi devotamentul fa\u0163\u0103 de ob\u0163inerea unui produs care s\u0103 vin\u0103 \u00een ajutorul oamenilor. Aceast\u0103 carte ar trebui citit\u0103 de c\u0103tre to\u0163i cei care pre\u0163uiesc contribu\u0163iile individuale pozitive \u00een lumea at\u00e2t de schimb\u0103toare a afacerilor.  Pentru realizarea ei, autorul a intervievat mai multe zeci de CEO exemplari din punctul de vedere al implic\u0103rii lor \u00eentr-o astfel de misiune, a c\u0103ror \u00een\u0163elepciune s-ar putea rezuma prin urm\u0103toarea fraz\u0103: \u201eLiderii ar trebui s\u0103 ofere angaja\u0163ilor posibilitatea de a munci cu bucurie, spre mul\u0163umirea sufletului lor, \u0163in\u00e2nd cont totodat\u0103 \u015fi de nevoile societ\u0103\u0163ii.\u201c\" \/>\n<meta property=\"og:url\" content=\"https:\/\/biblia.md\/en\/shop\/afaceri-bune\/\" \/>\n<meta property=\"og:site_name\" content=\"Societatea Biblic\u0103 din Moldova\" \/>\n<meta property=\"article:publisher\" content=\"https:\/\/www.facebook.com\/SocietateaBiblicaMoldova\/\" \/>\n<meta property=\"article:modified_time\" content=\"2025-12-27T13:52:32+00:00\" \/>\n<meta property=\"og:image\" content=\"https:\/\/biblia.md\/wp-content\/uploads\/2025\/12\/img_6121-683x1024.png\" \/>\n\t<meta property=\"og:image:width\" content=\"683\" \/>\n\t<meta property=\"og:image:height\" content=\"1024\" \/>\n\t<meta property=\"og:image:type\" content=\"image\/png\" \/>\n<meta name=\"twitter:card\" content=\"summary_large_image\" \/>\n<script type=\"application\/ld+json\" class=\"yoast-schema-graph\">{\"@context\":\"https:\\\/\\\/schema.org\",\"@graph\":[{\"@type\":\"WebPage\",\"@id\":\"https:\\\/\\\/biblia.md\\\/shop\\\/afaceri-bune\\\/\",\"url\":\"https:\\\/\\\/biblia.md\\\/shop\\\/afaceri-bune\\\/\",\"name\":\"Afaceri bune - Societatea Biblic\u0103 din Moldova\",\"isPartOf\":{\"@id\":\"https:\\\/\\\/biblia.md\\\/#website\"},\"primaryImageOfPage\":{\"@id\":\"https:\\\/\\\/biblia.md\\\/shop\\\/afaceri-bune\\\/#primaryimage\"},\"image\":{\"@id\":\"https:\\\/\\\/biblia.md\\\/shop\\\/afaceri-bune\\\/#primaryimage\"},\"thumbnailUrl\":\"https:\\\/\\\/biblia.md\\\/wp-content\\\/uploads\\\/2025\\\/12\\\/img_6121.png\",\"datePublished\":\"2025-12-27T13:23:31+00:00\",\"dateModified\":\"2025-12-27T13:52:32+00:00\",\"breadcrumb\":{\"@id\":\"https:\\\/\\\/biblia.md\\\/shop\\\/afaceri-bune\\\/#breadcrumb\"},\"inLanguage\":\"en-US\",\"potentialAction\":[{\"@type\":\"ReadAction\",\"target\":[\"https:\\\/\\\/biblia.md\\\/shop\\\/afaceri-bune\\\/\"]}]},{\"@type\":\"ImageObject\",\"inLanguage\":\"en-US\",\"@id\":\"https:\\\/\\\/biblia.md\\\/shop\\\/afaceri-bune\\\/#primaryimage\",\"url\":\"https:\\\/\\\/biblia.md\\\/wp-content\\\/uploads\\\/2025\\\/12\\\/img_6121.png\",\"contentUrl\":\"https:\\\/\\\/biblia.md\\\/wp-content\\\/uploads\\\/2025\\\/12\\\/img_6121.png\",\"width\":1024,\"height\":1536},{\"@type\":\"BreadcrumbList\",\"@id\":\"https:\\\/\\\/biblia.md\\\/shop\\\/afaceri-bune\\\/#breadcrumb\",\"itemListElement\":[{\"@type\":\"ListItem\",\"position\":1,\"name\":\"Prima pagin\u0103\",\"item\":\"https:\\\/\\\/biblia.md\\\/\"},{\"@type\":\"ListItem\",\"position\":2,\"name\":\"Shop\",\"item\":\"https:\\\/\\\/biblia.md\\\/shop\\\/\"},{\"@type\":\"ListItem\",\"position\":3,\"name\":\"Afaceri bune\"}]},{\"@type\":\"WebSite\",\"@id\":\"https:\\\/\\\/biblia.md\\\/#website\",\"url\":\"https:\\\/\\\/biblia.md\\\/\",\"name\":\"Societatea Biblic\u0103 din Moldova\",\"description\":\"\",\"publisher\":{\"@id\":\"https:\\\/\\\/biblia.md\\\/#organization\"},\"potentialAction\":[{\"@type\":\"SearchAction\",\"target\":{\"@type\":\"EntryPoint\",\"urlTemplate\":\"https:\\\/\\\/biblia.md\\\/?s={search_term_string}\"},\"query-input\":{\"@type\":\"PropertyValueSpecification\",\"valueRequired\":true,\"valueName\":\"search_term_string\"}}],\"inLanguage\":\"en-US\"},{\"@type\":\"Organization\",\"@id\":\"https:\\\/\\\/biblia.md\\\/#organization\",\"name\":\"Societatea Biblic\u0103 din Moldova\",\"url\":\"https:\\\/\\\/biblia.md\\\/\",\"logo\":{\"@type\":\"ImageObject\",\"inLanguage\":\"en-US\",\"@id\":\"https:\\\/\\\/biblia.md\\\/#\\\/schema\\\/logo\\\/image\\\/\",\"url\":\"https:\\\/\\\/biblia.md\\\/wp-content\\\/uploads\\\/2026\\\/01\\\/icon_site.jpg\",\"contentUrl\":\"https:\\\/\\\/biblia.md\\\/wp-content\\\/uploads\\\/2026\\\/01\\\/icon_site.jpg\",\"width\":656,\"height\":656,\"caption\":\"Societatea Biblic\u0103 din Moldova\"},\"image\":{\"@id\":\"https:\\\/\\\/biblia.md\\\/#\\\/schema\\\/logo\\\/image\\\/\"},\"sameAs\":[\"https:\\\/\\\/www.facebook.com\\\/SocietateaBiblicaMoldova\\\/\",\"https:\\\/\\\/www.instagram.com\\\/biblia.md\\\/\"]}]}<\/script>\n<!-- \/ Yoast SEO plugin. -->","yoast_head_json":{"title":"Afaceri bune - Societatea Biblic\u0103 din Moldova","robots":{"index":"index","follow":"follow","max-snippet":"max-snippet:-1","max-image-preview":"max-image-preview:large","max-video-preview":"max-video-preview:-1"},"canonical":"https:\/\/biblia.md\/en\/shop\/afaceri-bune\/","og_locale":"en_US","og_type":"article","og_title":"Afaceri bune - Societatea Biblic\u0103 din Moldova","og_description":"Afaceri bune\u00a0porne\u015fte de la premisa c\u0103 tr\u0103im ast\u0103zi \u00eentr-o er\u0103 \u00een care afacerile \u015fi munca, \u00een general, au \u00eenlocuit religia \u015fi politica. M.Csikszentmihalyi descrie modul \u00een care liderii din domeniul afacerilor, managerii \u015fi chiar lucr\u0103torii \u00een\u015fi\u015fi \u00ee\u015fi pot g\u0103si \u201efluxul\u201c, contribuind nu doar la crearea propriei lor fericiri, ci chiar la apari\u0163ia unei societ\u0103\u0163i drepte \u015fi \u00een continu\u0103 evolu\u0163ie. El identific\u0103 factorii cruciali pentru func\u0163ionarea unei afaceri bune: \u00eencrederea, angajarea \u00een formarea unui mediu propice pentru dezvoltarea angaja\u0163ilor \u015fi devotamentul fa\u0163\u0103 de ob\u0163inerea unui produs care s\u0103 vin\u0103 \u00een ajutorul oamenilor. Aceast\u0103 carte ar trebui citit\u0103 de c\u0103tre to\u0163i cei care pre\u0163uiesc contribu\u0163iile individuale pozitive \u00een lumea at\u00e2t de schimb\u0103toare a afacerilor.  Pentru realizarea ei, autorul a intervievat mai multe zeci de CEO exemplari din punctul de vedere al implic\u0103rii lor \u00eentr-o astfel de misiune, a c\u0103ror \u00een\u0163elepciune s-ar putea rezuma prin urm\u0103toarea fraz\u0103: \u201eLiderii ar trebui s\u0103 ofere angaja\u0163ilor posibilitatea de a munci cu bucurie, spre mul\u0163umirea sufletului lor, \u0163in\u00e2nd cont totodat\u0103 \u015fi de nevoile societ\u0103\u0163ii.\u201c","og_url":"https:\/\/biblia.md\/en\/shop\/afaceri-bune\/","og_site_name":"Societatea Biblic\u0103 din Moldova","article_publisher":"https:\/\/www.facebook.com\/SocietateaBiblicaMoldova\/","article_modified_time":"2025-12-27T13:52:32+00:00","og_image":[{"width":683,"height":1024,"url":"https:\/\/biblia.md\/wp-content\/uploads\/2025\/12\/img_6121-683x1024.png","type":"image\/png"}],"twitter_card":"summary_large_image","schema":{"@context":"https:\/\/schema.org","@graph":[{"@type":"WebPage","@id":"https:\/\/biblia.md\/shop\/afaceri-bune\/","url":"https:\/\/biblia.md\/shop\/afaceri-bune\/","name":"Afaceri bune - Societatea Biblic\u0103 din Moldova","isPartOf":{"@id":"https:\/\/biblia.md\/#website"},"primaryImageOfPage":{"@id":"https:\/\/biblia.md\/shop\/afaceri-bune\/#primaryimage"},"image":{"@id":"https:\/\/biblia.md\/shop\/afaceri-bune\/#primaryimage"},"thumbnailUrl":"https:\/\/biblia.md\/wp-content\/uploads\/2025\/12\/img_6121.png","datePublished":"2025-12-27T13:23:31+00:00","dateModified":"2025-12-27T13:52:32+00:00","breadcrumb":{"@id":"https:\/\/biblia.md\/shop\/afaceri-bune\/#breadcrumb"},"inLanguage":"en-US","potentialAction":[{"@type":"ReadAction","target":["https:\/\/biblia.md\/shop\/afaceri-bune\/"]}]},{"@type":"ImageObject","inLanguage":"en-US","@id":"https:\/\/biblia.md\/shop\/afaceri-bune\/#primaryimage","url":"https:\/\/biblia.md\/wp-content\/uploads\/2025\/12\/img_6121.png","contentUrl":"https:\/\/biblia.md\/wp-content\/uploads\/2025\/12\/img_6121.png","width":1024,"height":1536},{"@type":"BreadcrumbList","@id":"https:\/\/biblia.md\/shop\/afaceri-bune\/#breadcrumb","itemListElement":[{"@type":"ListItem","position":1,"name":"Prima pagin\u0103","item":"https:\/\/biblia.md\/"},{"@type":"ListItem","position":2,"name":"Shop","item":"https:\/\/biblia.md\/shop\/"},{"@type":"ListItem","position":3,"name":"Afaceri bune"}]},{"@type":"WebSite","@id":"https:\/\/biblia.md\/#website","url":"https:\/\/biblia.md\/","name":"Societatea Biblic\u0103 din Moldova","description":"","publisher":{"@id":"https:\/\/biblia.md\/#organization"},"potentialAction":[{"@type":"SearchAction","target":{"@type":"EntryPoint","urlTemplate":"https:\/\/biblia.md\/?s={search_term_string}"},"query-input":{"@type":"PropertyValueSpecification","valueRequired":true,"valueName":"search_term_string"}}],"inLanguage":"en-US"},{"@type":"Organization","@id":"https:\/\/biblia.md\/#organization","name":"Societatea Biblic\u0103 din Moldova","url":"https:\/\/biblia.md\/","logo":{"@type":"ImageObject","inLanguage":"en-US","@id":"https:\/\/biblia.md\/#\/schema\/logo\/image\/","url":"https:\/\/biblia.md\/wp-content\/uploads\/2026\/01\/icon_site.jpg","contentUrl":"https:\/\/biblia.md\/wp-content\/uploads\/2026\/01\/icon_site.jpg","width":656,"height":656,"caption":"Societatea Biblic\u0103 din Moldova"},"image":{"@id":"https:\/\/biblia.md\/#\/schema\/logo\/image\/"},"sameAs":["https:\/\/www.facebook.com\/SocietateaBiblicaMoldova\/","https:\/\/www.instagram.com\/biblia.md\/"]}]}},"_links":{"self":[{"href":"https:\/\/biblia.md\/en\/wp-json\/wp\/v2\/product\/30286","targetHints":{"allow":["GET"]}}],"collection":[{"href":"https:\/\/biblia.md\/en\/wp-json\/wp\/v2\/product"}],"about":[{"href":"https:\/\/biblia.md\/en\/wp-json\/wp\/v2\/types\/product"}],"replies":[{"embeddable":true,"href":"https:\/\/biblia.md\/en\/wp-json\/wp\/v2\/comments?post=30286"}],"version-history":[{"count":2,"href":"https:\/\/biblia.md\/en\/wp-json\/wp\/v2\/product\/30286\/revisions"}],"predecessor-version":[{"id":30290,"href":"https:\/\/biblia.md\/en\/wp-json\/wp\/v2\/product\/30286\/revisions\/30290"}],"wp:featuredmedia":[{"embeddable":true,"href":"https:\/\/biblia.md\/en\/wp-json\/wp\/v2\/media\/30289"}],"wp:attachment":[{"href":"https:\/\/biblia.md\/en\/wp-json\/wp\/v2\/media?parent=30286"}],"wp:term":[{"taxonomy":"product_brand","embeddable":true,"href":"https:\/\/biblia.md\/en\/wp-json\/wp\/v2\/product_brand?post=30286"},{"taxonomy":"product_cat","embeddable":true,"href":"https:\/\/biblia.md\/en\/wp-json\/wp\/v2\/product_cat?post=30286"},{"taxonomy":"product_tag","embeddable":true,"href":"https:\/\/biblia.md\/en\/wp-json\/wp\/v2\/product_tag?post=30286"}],"curies":[{"name":"wp","href":"https:\/\/api.w.org\/{rel}","templated":true}]}}