{"id":30294,"date":"2025-12-27T16:45:32","date_gmt":"2025-12-27T14:45:32","guid":{"rendered":"https:\/\/biblia.md\/?post_type=product&#038;p=30294"},"modified":"2025-12-27T16:45:32","modified_gmt":"2025-12-27T14:45:32","slug":"afaceri-ca-misiune-impactul-afacerilor-in-imparatia-lui-dumnezeu","status":"publish","type":"product","link":"https:\/\/biblia.md\/en\/shop\/afaceri-ca-misiune-impactul-afacerilor-in-imparatia-lui-dumnezeu\/","title":{"rendered":"Afaceri ca misiune &#8211; Impactul afacerilor \u00een \u00cemp\u0103ra\u021bia lui Dumnezeu"},"content":{"rendered":"<p>\u201eMike Baer demonteaza mitul conform caruia slujirea e sacra, iar afacerile sunt de domeniul profanului. Propriul pelerinaj de la pastor la afacerist si apoi la persoana care imputerniceste biserica pe plan international e un exemplu care dovedeste ce se poate intampla cand constientizam ca afascerile si misiunea pot si ar trebui sa fie acelasi lucru.\u201d Durwood Snead, director al World Missions, North Point Community Church, Atlanta<br \/>\n\u201eAfaceri ca misiune e bine organizata, scrisa concis si usor de citit. Trecutul lui Mike Baer, atat de pastor, cat si de afacerist, face din el persoana potrivita sa scrie un volum corect din punct de vedere biblic, cu o strategie de misionariat, si care elucideaza cu exactitate afacerile conforme Imparatiei. Recomand aceasta carte. Tetsunao Yamamori, director international, Lausanne Committee on World Evangelism (\u201eComitetul de la Lausanne privind evanghelizarea lumii\u201d)<br \/>\n\u201eMulti crestini au intrat in afaceri cu sentimentul ca ar trebui sa minimalizeze dedicarea fata de cariera, astfel incat sa isi poata dedica energia slijirii, sau cu sentimentul de disperare ca nu au reusit sa faca misiune, iar cartea de fata reprezinta antidotul pentru aceste puncte de vedere eonate.\u201d<\/p>\n<p>&#8211; John H. Warton Jr., presedinte, Business Professional Network<\/p>","protected":false},"excerpt":{"rendered":"<p>Traim in Era Afacerilor. Rolul istoric al statului-natiune e inlocuit (in ritm) fulgerator de corporatii. Crestinii care conduc afaceri au sansa de a juca un rol esential in transformarea societatii si in raspandirea Evangheliei. Insa, pentru a profita de aceasta oportunitate, trebuie sa isi schimbe gandirea in ceea ce Il priveste pe Dumnezeu, Imparatia Lui, scopurile Lui pentru lume si afacerile.<br \/>\nIn timp ce unii experti crestini viseaza sa fie \u201escutiti\u201d de afaceri si sa mearga in misiune, sau vad afacerile drept teritoriu strain ce trebuie invadat pentru Hristos, altii sunt convinsi ca principiile crestine pur si simplu nu functioneaza in \u201elumea reala\u201d.<\/p>\n<p>In Afaceri ca misiune, Michael Baer pune sub semnul intrebarii fiecare dintre aceste pozitii. Respinge gandirea lipsita de baze biblice, conform careia misiunea si afacerile sunt, prin definitie, activitati separate, si ca vietile noastre pot fi compartimentate in sacru si secular. In schimb, autorul ii ajuta pe afaceristi sa dezvolte caracteristicile vitale ale unei afaceri conforme Imparatiei \u2013 tipul de afacere care le va permite sa traieasca vieti complet integrate si sa conduca organizatii care sa aiba un impact semnificativ in lume.<\/p>","protected":false},"featured_media":30295,"comment_status":"open","ping_status":"closed","template":"","meta":[],"product_brand":[],"product_cat":[377,385,395],"product_tag":[],"class_list":{"0":"post-30294","1":"product","2":"type-product","3":"status-publish","4":"has-post-thumbnail","6":"product_cat-carti","7":"product_cat-dezvoltare-personala","8":"product_cat-pentru-slujitori","9":"product_author-michael-r-baer","10":"product_genre-knigi-rom","12":"first","13":"instock","14":"sold-individually","15":"shipping-taxable","16":"purchasable","17":"product-type-simple"},"yoast_head":"<!-- This site is optimized with the Yoast SEO plugin v27.3 - https:\/\/yoast.com\/product\/yoast-seo-wordpress\/ -->\n<title>Afaceri ca misiune - Impactul afacerilor \u00een \u00cemp\u0103ra\u021bia lui Dumnezeu - Societatea Biblic\u0103 din Moldova<\/title>\n<meta name=\"robots\" content=\"index, follow, max-snippet:-1, max-image-preview:large, max-video-preview:-1\" \/>\n<link rel=\"canonical\" href=\"https:\/\/biblia.md\/en\/shop\/afaceri-ca-misiune-impactul-afacerilor-in-imparatia-lui-dumnezeu\/\" \/>\n<meta property=\"og:locale\" content=\"en_US\" \/>\n<meta property=\"og:type\" content=\"article\" \/>\n<meta property=\"og:title\" content=\"Afaceri ca misiune - Impactul afacerilor \u00een \u00cemp\u0103ra\u021bia lui Dumnezeu - Societatea Biblic\u0103 din Moldova\" \/>\n<meta property=\"og:description\" content=\"Traim in Era Afacerilor. Rolul istoric al statului-natiune e inlocuit (in ritm) fulgerator de corporatii. Crestinii care conduc afaceri au sansa de a juca un rol esential in transformarea societatii si in raspandirea Evangheliei. Insa, pentru a profita de aceasta oportunitate, trebuie sa isi schimbe gandirea in ceea ce Il priveste pe Dumnezeu, Imparatia Lui, scopurile Lui pentru lume si afacerile. In timp ce unii experti crestini viseaza sa fie \u201escutiti\u201d de afaceri si sa mearga in misiune, sau vad afacerile drept teritoriu strain ce trebuie invadat pentru Hristos, altii sunt convinsi ca principiile crestine pur si simplu nu functioneaza in \u201elumea reala\u201d.  In Afaceri ca misiune, Michael Baer pune sub semnul intrebarii fiecare dintre aceste pozitii. Respinge gandirea lipsita de baze biblice, conform careia misiunea si afacerile sunt, prin definitie, activitati separate, si ca vietile noastre pot fi compartimentate in sacru si secular. In schimb, autorul ii ajuta pe afaceristi sa dezvolte caracteristicile vitale ale unei afaceri conforme Imparatiei \u2013 tipul de afacere care le va permite sa traieasca vieti complet integrate si sa conduca organizatii care sa aiba un impact semnificativ in lume.\" \/>\n<meta property=\"og:url\" content=\"https:\/\/biblia.md\/en\/shop\/afaceri-ca-misiune-impactul-afacerilor-in-imparatia-lui-dumnezeu\/\" \/>\n<meta property=\"og:site_name\" content=\"Societatea Biblic\u0103 din Moldova\" \/>\n<meta property=\"article:publisher\" content=\"https:\/\/www.facebook.com\/SocietateaBiblicaMoldova\/\" \/>\n<meta property=\"og:image\" content=\"https:\/\/biblia.md\/wp-content\/uploads\/2025\/12\/0000000716.png\" \/>\n\t<meta property=\"og:image:width\" content=\"1024\" \/>\n\t<meta property=\"og:image:height\" content=\"1536\" \/>\n\t<meta property=\"og:image:type\" content=\"image\/png\" \/>\n<meta name=\"twitter:card\" content=\"summary_large_image\" \/>\n<meta name=\"twitter:label1\" content=\"Est. reading time\" \/>\n\t<meta name=\"twitter:data1\" content=\"1 minute\" \/>\n<script type=\"application\/ld+json\" class=\"yoast-schema-graph\">{\"@context\":\"https:\\\/\\\/schema.org\",\"@graph\":[{\"@type\":\"WebPage\",\"@id\":\"https:\\\/\\\/biblia.md\\\/shop\\\/afaceri-ca-misiune-impactul-afacerilor-in-imparatia-lui-dumnezeu\\\/\",\"url\":\"https:\\\/\\\/biblia.md\\\/shop\\\/afaceri-ca-misiune-impactul-afacerilor-in-imparatia-lui-dumnezeu\\\/\",\"name\":\"Afaceri ca misiune - Impactul afacerilor \u00een \u00cemp\u0103ra\u021bia lui Dumnezeu - Societatea Biblic\u0103 din Moldova\",\"isPartOf\":{\"@id\":\"https:\\\/\\\/biblia.md\\\/#website\"},\"primaryImageOfPage\":{\"@id\":\"https:\\\/\\\/biblia.md\\\/shop\\\/afaceri-ca-misiune-impactul-afacerilor-in-imparatia-lui-dumnezeu\\\/#primaryimage\"},\"image\":{\"@id\":\"https:\\\/\\\/biblia.md\\\/shop\\\/afaceri-ca-misiune-impactul-afacerilor-in-imparatia-lui-dumnezeu\\\/#primaryimage\"},\"thumbnailUrl\":\"https:\\\/\\\/biblia.md\\\/wp-content\\\/uploads\\\/2025\\\/12\\\/0000000716.png\",\"datePublished\":\"2025-12-27T14:45:32+00:00\",\"breadcrumb\":{\"@id\":\"https:\\\/\\\/biblia.md\\\/shop\\\/afaceri-ca-misiune-impactul-afacerilor-in-imparatia-lui-dumnezeu\\\/#breadcrumb\"},\"inLanguage\":\"en-US\",\"potentialAction\":[{\"@type\":\"ReadAction\",\"target\":[\"https:\\\/\\\/biblia.md\\\/shop\\\/afaceri-ca-misiune-impactul-afacerilor-in-imparatia-lui-dumnezeu\\\/\"]}]},{\"@type\":\"ImageObject\",\"inLanguage\":\"en-US\",\"@id\":\"https:\\\/\\\/biblia.md\\\/shop\\\/afaceri-ca-misiune-impactul-afacerilor-in-imparatia-lui-dumnezeu\\\/#primaryimage\",\"url\":\"https:\\\/\\\/biblia.md\\\/wp-content\\\/uploads\\\/2025\\\/12\\\/0000000716.png\",\"contentUrl\":\"https:\\\/\\\/biblia.md\\\/wp-content\\\/uploads\\\/2025\\\/12\\\/0000000716.png\",\"width\":1024,\"height\":1536},{\"@type\":\"BreadcrumbList\",\"@id\":\"https:\\\/\\\/biblia.md\\\/shop\\\/afaceri-ca-misiune-impactul-afacerilor-in-imparatia-lui-dumnezeu\\\/#breadcrumb\",\"itemListElement\":[{\"@type\":\"ListItem\",\"position\":1,\"name\":\"Prima pagin\u0103\",\"item\":\"https:\\\/\\\/biblia.md\\\/\"},{\"@type\":\"ListItem\",\"position\":2,\"name\":\"Shop\",\"item\":\"https:\\\/\\\/biblia.md\\\/shop\\\/\"},{\"@type\":\"ListItem\",\"position\":3,\"name\":\"Afaceri ca misiune &#8211; Impactul afacerilor \u00een \u00cemp\u0103ra\u021bia lui Dumnezeu\"}]},{\"@type\":\"WebSite\",\"@id\":\"https:\\\/\\\/biblia.md\\\/#website\",\"url\":\"https:\\\/\\\/biblia.md\\\/\",\"name\":\"Societatea Biblic\u0103 din Moldova\",\"description\":\"\",\"publisher\":{\"@id\":\"https:\\\/\\\/biblia.md\\\/#organization\"},\"potentialAction\":[{\"@type\":\"SearchAction\",\"target\":{\"@type\":\"EntryPoint\",\"urlTemplate\":\"https:\\\/\\\/biblia.md\\\/?s={search_term_string}\"},\"query-input\":{\"@type\":\"PropertyValueSpecification\",\"valueRequired\":true,\"valueName\":\"search_term_string\"}}],\"inLanguage\":\"en-US\"},{\"@type\":\"Organization\",\"@id\":\"https:\\\/\\\/biblia.md\\\/#organization\",\"name\":\"Societatea Biblic\u0103 din Moldova\",\"url\":\"https:\\\/\\\/biblia.md\\\/\",\"logo\":{\"@type\":\"ImageObject\",\"inLanguage\":\"en-US\",\"@id\":\"https:\\\/\\\/biblia.md\\\/#\\\/schema\\\/logo\\\/image\\\/\",\"url\":\"https:\\\/\\\/biblia.md\\\/wp-content\\\/uploads\\\/2026\\\/01\\\/icon_site.jpg\",\"contentUrl\":\"https:\\\/\\\/biblia.md\\\/wp-content\\\/uploads\\\/2026\\\/01\\\/icon_site.jpg\",\"width\":656,\"height\":656,\"caption\":\"Societatea Biblic\u0103 din Moldova\"},\"image\":{\"@id\":\"https:\\\/\\\/biblia.md\\\/#\\\/schema\\\/logo\\\/image\\\/\"},\"sameAs\":[\"https:\\\/\\\/www.facebook.com\\\/SocietateaBiblicaMoldova\\\/\",\"https:\\\/\\\/www.instagram.com\\\/biblia.md\\\/\"]}]}<\/script>\n<!-- \/ Yoast SEO plugin. -->","yoast_head_json":{"title":"Afaceri ca misiune - Impactul afacerilor \u00een \u00cemp\u0103ra\u021bia lui Dumnezeu - Societatea Biblic\u0103 din Moldova","robots":{"index":"index","follow":"follow","max-snippet":"max-snippet:-1","max-image-preview":"max-image-preview:large","max-video-preview":"max-video-preview:-1"},"canonical":"https:\/\/biblia.md\/en\/shop\/afaceri-ca-misiune-impactul-afacerilor-in-imparatia-lui-dumnezeu\/","og_locale":"en_US","og_type":"article","og_title":"Afaceri ca misiune - Impactul afacerilor \u00een \u00cemp\u0103ra\u021bia lui Dumnezeu - Societatea Biblic\u0103 din Moldova","og_description":"Traim in Era Afacerilor. Rolul istoric al statului-natiune e inlocuit (in ritm) fulgerator de corporatii. Crestinii care conduc afaceri au sansa de a juca un rol esential in transformarea societatii si in raspandirea Evangheliei. Insa, pentru a profita de aceasta oportunitate, trebuie sa isi schimbe gandirea in ceea ce Il priveste pe Dumnezeu, Imparatia Lui, scopurile Lui pentru lume si afacerile. In timp ce unii experti crestini viseaza sa fie \u201escutiti\u201d de afaceri si sa mearga in misiune, sau vad afacerile drept teritoriu strain ce trebuie invadat pentru Hristos, altii sunt convinsi ca principiile crestine pur si simplu nu functioneaza in \u201elumea reala\u201d.  In Afaceri ca misiune, Michael Baer pune sub semnul intrebarii fiecare dintre aceste pozitii. Respinge gandirea lipsita de baze biblice, conform careia misiunea si afacerile sunt, prin definitie, activitati separate, si ca vietile noastre pot fi compartimentate in sacru si secular. In schimb, autorul ii ajuta pe afaceristi sa dezvolte caracteristicile vitale ale unei afaceri conforme Imparatiei \u2013 tipul de afacere care le va permite sa traieasca vieti complet integrate si sa conduca organizatii care sa aiba un impact semnificativ in lume.","og_url":"https:\/\/biblia.md\/en\/shop\/afaceri-ca-misiune-impactul-afacerilor-in-imparatia-lui-dumnezeu\/","og_site_name":"Societatea Biblic\u0103 din Moldova","article_publisher":"https:\/\/www.facebook.com\/SocietateaBiblicaMoldova\/","og_image":[{"width":1024,"height":1536,"url":"https:\/\/biblia.md\/wp-content\/uploads\/2025\/12\/0000000716.png","type":"image\/png"}],"twitter_card":"summary_large_image","twitter_misc":{"Est. reading time":"1 minute"},"schema":{"@context":"https:\/\/schema.org","@graph":[{"@type":"WebPage","@id":"https:\/\/biblia.md\/shop\/afaceri-ca-misiune-impactul-afacerilor-in-imparatia-lui-dumnezeu\/","url":"https:\/\/biblia.md\/shop\/afaceri-ca-misiune-impactul-afacerilor-in-imparatia-lui-dumnezeu\/","name":"Afaceri ca misiune - Impactul afacerilor \u00een \u00cemp\u0103ra\u021bia lui Dumnezeu - Societatea Biblic\u0103 din Moldova","isPartOf":{"@id":"https:\/\/biblia.md\/#website"},"primaryImageOfPage":{"@id":"https:\/\/biblia.md\/shop\/afaceri-ca-misiune-impactul-afacerilor-in-imparatia-lui-dumnezeu\/#primaryimage"},"image":{"@id":"https:\/\/biblia.md\/shop\/afaceri-ca-misiune-impactul-afacerilor-in-imparatia-lui-dumnezeu\/#primaryimage"},"thumbnailUrl":"https:\/\/biblia.md\/wp-content\/uploads\/2025\/12\/0000000716.png","datePublished":"2025-12-27T14:45:32+00:00","breadcrumb":{"@id":"https:\/\/biblia.md\/shop\/afaceri-ca-misiune-impactul-afacerilor-in-imparatia-lui-dumnezeu\/#breadcrumb"},"inLanguage":"en-US","potentialAction":[{"@type":"ReadAction","target":["https:\/\/biblia.md\/shop\/afaceri-ca-misiune-impactul-afacerilor-in-imparatia-lui-dumnezeu\/"]}]},{"@type":"ImageObject","inLanguage":"en-US","@id":"https:\/\/biblia.md\/shop\/afaceri-ca-misiune-impactul-afacerilor-in-imparatia-lui-dumnezeu\/#primaryimage","url":"https:\/\/biblia.md\/wp-content\/uploads\/2025\/12\/0000000716.png","contentUrl":"https:\/\/biblia.md\/wp-content\/uploads\/2025\/12\/0000000716.png","width":1024,"height":1536},{"@type":"BreadcrumbList","@id":"https:\/\/biblia.md\/shop\/afaceri-ca-misiune-impactul-afacerilor-in-imparatia-lui-dumnezeu\/#breadcrumb","itemListElement":[{"@type":"ListItem","position":1,"name":"Prima pagin\u0103","item":"https:\/\/biblia.md\/"},{"@type":"ListItem","position":2,"name":"Shop","item":"https:\/\/biblia.md\/shop\/"},{"@type":"ListItem","position":3,"name":"Afaceri ca misiune &#8211; Impactul afacerilor \u00een \u00cemp\u0103ra\u021bia lui Dumnezeu"}]},{"@type":"WebSite","@id":"https:\/\/biblia.md\/#website","url":"https:\/\/biblia.md\/","name":"Societatea Biblic\u0103 din Moldova","description":"","publisher":{"@id":"https:\/\/biblia.md\/#organization"},"potentialAction":[{"@type":"SearchAction","target":{"@type":"EntryPoint","urlTemplate":"https:\/\/biblia.md\/?s={search_term_string}"},"query-input":{"@type":"PropertyValueSpecification","valueRequired":true,"valueName":"search_term_string"}}],"inLanguage":"en-US"},{"@type":"Organization","@id":"https:\/\/biblia.md\/#organization","name":"Societatea Biblic\u0103 din Moldova","url":"https:\/\/biblia.md\/","logo":{"@type":"ImageObject","inLanguage":"en-US","@id":"https:\/\/biblia.md\/#\/schema\/logo\/image\/","url":"https:\/\/biblia.md\/wp-content\/uploads\/2026\/01\/icon_site.jpg","contentUrl":"https:\/\/biblia.md\/wp-content\/uploads\/2026\/01\/icon_site.jpg","width":656,"height":656,"caption":"Societatea Biblic\u0103 din Moldova"},"image":{"@id":"https:\/\/biblia.md\/#\/schema\/logo\/image\/"},"sameAs":["https:\/\/www.facebook.com\/SocietateaBiblicaMoldova\/","https:\/\/www.instagram.com\/biblia.md\/"]}]}},"_links":{"self":[{"href":"https:\/\/biblia.md\/en\/wp-json\/wp\/v2\/product\/30294","targetHints":{"allow":["GET"]}}],"collection":[{"href":"https:\/\/biblia.md\/en\/wp-json\/wp\/v2\/product"}],"about":[{"href":"https:\/\/biblia.md\/en\/wp-json\/wp\/v2\/types\/product"}],"replies":[{"embeddable":true,"href":"https:\/\/biblia.md\/en\/wp-json\/wp\/v2\/comments?post=30294"}],"version-history":[{"count":1,"href":"https:\/\/biblia.md\/en\/wp-json\/wp\/v2\/product\/30294\/revisions"}],"predecessor-version":[{"id":30296,"href":"https:\/\/biblia.md\/en\/wp-json\/wp\/v2\/product\/30294\/revisions\/30296"}],"wp:featuredmedia":[{"embeddable":true,"href":"https:\/\/biblia.md\/en\/wp-json\/wp\/v2\/media\/30295"}],"wp:attachment":[{"href":"https:\/\/biblia.md\/en\/wp-json\/wp\/v2\/media?parent=30294"}],"wp:term":[{"taxonomy":"product_brand","embeddable":true,"href":"https:\/\/biblia.md\/en\/wp-json\/wp\/v2\/product_brand?post=30294"},{"taxonomy":"product_cat","embeddable":true,"href":"https:\/\/biblia.md\/en\/wp-json\/wp\/v2\/product_cat?post=30294"},{"taxonomy":"product_tag","embeddable":true,"href":"https:\/\/biblia.md\/en\/wp-json\/wp\/v2\/product_tag?post=30294"}],"curies":[{"name":"wp","href":"https:\/\/api.w.org\/{rel}","templated":true}]}}