{"id":30482,"date":"2025-12-28T02:45:10","date_gmt":"2025-12-28T00:45:10","guid":{"rendered":"https:\/\/biblia.md\/?post_type=product&#038;p=30482"},"modified":"2025-12-28T02:45:10","modified_gmt":"2025-12-28T00:45:10","slug":"anticristul-islamic-adevarul-socant-despre-natura-reala-a-fiarei","status":"publish","type":"product","link":"https:\/\/biblia.md\/en\/shop\/anticristul-islamic-adevarul-socant-despre-natura-reala-a-fiarei\/","title":{"rendered":"Anticristul islamic &#8211; adevarul socant despre natura reala a fiarei"},"content":{"rendered":"<p>&#8222;O abordare s\u0103n\u0103toas\u0103, responsabil\u0103. O prezentare oportun\u0103 a escatologiei biblice. Anticristul islamic prezint\u0103 o paradigm\u0103 captivant\u0103 care \u00ee\u0163i va influen\u0163a profund perspectiva cu privire la vremurile din urm\u0103.&#8221;<br \/>\n&#8211; Jeremy Ray, pastor senior la Old Washington United Methodist Church, Ohio<\/p>\n<p>&#8222;Aceast\u0103 carte ne ofer\u0103 o optic\u0103 nou\u0103 asupra profe\u0163iei biblice, \u00een lumina evenimentelor actuale, c\u00e2nd asist\u0103m la intensificarea fundamentalismului islamic. Pe l\u00e2ng\u0103 faptul c\u0103 Joel face o analiz\u0103 clar\u0103 a doctrinelor \u015fi practicilor islamice care sunt relevante pentru profe\u0163ia biblic\u0103 despre vremurile din urm\u0103, interpretarea pe care o d\u0103 profe\u0163iei biblice este una solid\u0103 &#8211; care respect\u0103 toate regulile hermeneuticii.&#8221;<br \/>\n&#8211; Walid Shoebat, fost terorist palestinian, autor al c\u0103r\u0163ii &#8222;Why I Left Jihad&#8221; [De ce am p\u0103r\u0103sit Jihadul]<\/p>\n<p>\u201eJoel Richardson face o important\u0103 analiz\u0103 a islamului \u015fi a figurii mesianice a islamului. Aceast\u0103 carte are un rol important \u00een recunoa\u015fterea \u00eemplinirii, \u00een zilele noastre, a profe\u0163iilor biblice referitoare la vremurile din urm\u0103 \u015fi a rolului pe care \u00eel joac\u0103 islamul \u00een acestea.&#8221;<br \/>\n&#8211; Reza F. Safa, fost musulman radical, autor al c\u0103r\u0163ii &#8222;Inside Islam&#8221; [\u00cen interiorul islamului]<\/p>\n<p><strong>Cuprins<\/strong><\/p>\n<p>Prefa\u0163\u0103 la edi\u0163ia \u00cen limba rom\u00e2n\u0103 13<br \/>\nMul\u0163umiri 15<br \/>\nIntroducere 17<br \/>\nDe ce aceast\u0103 carte? Trezirea \u00cen fa\u0163a de\u015ftept\u0103rii islamului 21<br \/>\nTextele sacre ale islamului 35<br \/>\nEscatologia islamic\u0103 39<br \/>\nMahdi, mult a\u015fteptatul Mesia al islamului 43<br \/>\nAnticristul biblic versus Mahdi 57<br \/>\nIsus al musulmanilor 75<br \/>\nProrocul mincinos versus isus al musulmanilor 85<br \/>\nDajjal, anticristul islamului 95<br \/>\nIsus al Bibliei versus Dajjal 101<br \/>\nImperiul islamic resuscitat al lui Anticrist 105<br \/>\nNatura \u00eentunecat\u0103 a revela\u0163iilor lui Mahomed 121<br \/>\nSpiritul anticristic al islamului 127<br \/>\nUra str\u0103veche a islamului fa\u0163\u0103 de evrei 135<br \/>\nMartirajul \u00een vremurile din urm\u0103 143<br \/>\nIslamul \u015fi scopul domina\u0163iei mondiale 163<br \/>\nS\u0103 \u00een\u0163elegem lipsa de onestitate \u0219i \u00een\u015fel\u0103ciunea din islam 177<br \/>\nMarea apostazie, teroarea \u0219i ratele de convertire la islam 191<br \/>\nVersiunea islamic\u0103 versus versiunea biblic\u0103 asupra vremurilor din urm\u0103, pe scurt 199<br \/>\nPoten\u0163iale probleme cu aceast\u0103 tez\u0103 203<br \/>\nAlte g\u00e2nduri 213<br \/>\nCum s\u0103 r\u0103spundem? 219<br \/>\nS\u0103 r\u0103spundem prin misiune 229<br \/>\nS\u0103 ne preg\u0103tim pentru martiraj 237<br \/>\nAnexa A: \u00cembr\u0103\u0163i\u015farea escatologiei biblice 247<br \/>\nAnexa B: Un e-mail din partea unui musulman american 265<br \/>\nAnexa C: Interviu cu Harun Yahya 269<br \/>\nBibliografie 291<\/p>\n","protected":false},"excerpt":{"rendered":"<p>\u00cen 17 septembrie 2005, pre\u0219edintele recent ales al Iranului, Mahmoud Ahmadinejad, a luat cuv\u00e2ntul \u00een Adunarea General\u0103 a Na\u021biunilor Unite din New York. La finalul cuv\u00e2nt\u0103rii sale, Ahmadinejad s-a rugat \u00een public, cer\u00e2ndu-i lui Allah s\u0103 gr\u0103beasc\u0103 venirea misterioasei figuri mesianice \u2013 cunoscut\u0103 drept Mahdi. Jurnali\u0219tii \u0219i erudi\u021bii s-au str\u0103duit apoi s\u0103 \u00een\u021beleag\u0103 ce vrea s\u0103 \u00eensemne lucrul acesta.\u00a0 n 17 septembrie 2005, pre\u0219edintele recent ales al Iranului, Mahmoud Ahmadinejad, a luat cuv\u00e2ntul \u00een Adunarea General\u0103 a Na\u021biunilor Unite din New York. La finalul cuv\u00e2nt\u0103rii sale, Ahmadinejad s-a rugat \u00een public, cer\u00e2ndu-i lui Allah s\u0103 gr\u0103beasc\u0103 venirea misterioasei figuri mesianice \u2013 cunoscut\u0103 drept Mahdi. Jurnali\u0219tii \u0219i erudi\u021bii s-au str\u0103duit apoi s\u0103 \u00een\u021beleag\u0103 ce vrea s\u0103 \u00eensemne lucrul acesta.<\/p>\n<p>Aceast\u0103 carte provocatoare examineaz\u0103 \u00een detaliu cine este Mahdi, potrivit credin\u021bei islamice, precum \u0219i multele asem\u0103n\u0103ri izbitoare dintre el \u0219i Anticristul biblic. Dup\u0103 multe studii \u0219i cercet\u0103ri teologice, autorul cre\u0219tin Joel Richardson aduce argumente conving\u0103toare ce dovedesc faptul c\u0103 Anticristul, religia pe care el o promoveaz\u0103, precum \u0219i \u00eemp\u0103r\u0103\u021bia lui se vor ridica mai degrab\u0103 din inima Orientului Mijlociu, dec\u00e2t din Europa, a\u0219a cum au presupus p\u00e2n\u0103 acum erudi\u021bii din domeniul profe\u021biilor.<\/p>\n<p>Este posibil ca Mahomed s\u0103 fi fost inspirat de puteri ale \u00eentunericului, \u0219i nu de \u00eengerul Gavril, dup\u0103 cum pretind musulmanii? Descoperi\u021bi \u00een aceast\u0103 carte profe\u021biile lui Mahomed referitoare la revenirea lui Isus Hristos \u0219i l\u0103sa\u021bi examinarea de fa\u021b\u0103 s\u0103 v\u0103 deschid\u0103 ochii asupra modului \u00een care profe\u021bia biblic\u0103 \u0219i cea islamic\u0103 intr\u0103 \u00een coliziune, sco\u021b\u00e2nd la iveal\u0103 o imagine \u00eensp\u0103im\u00e2nt\u0103toare a unui viitor foarte posibil. O carte care trebuie citit\u0103 de oricine dore\u0219te s\u0103 \u00een\u021beleag\u0103 mai bine profe\u021bia biblic\u0103, islamul \u0219i implicit for\u021bele care preg\u0103tesc scena ultimei ciocniri a ideologiilor \u0219i civiliza\u021biilor.<\/p>","protected":false},"featured_media":30483,"comment_status":"open","ping_status":"closed","template":"","meta":[],"product_brand":[],"product_cat":[377,393],"product_tag":[],"class_list":{"0":"post-30482","1":"product","2":"type-product","3":"status-publish","4":"has-post-thumbnail","6":"product_cat-carti","7":"product_cat-teologie","8":"product_author-joel-richardson","9":"product_genre-knigi-rom","11":"first","12":"instock","13":"shipping-taxable","14":"purchasable","15":"product-type-simple"},"yoast_head":"<!-- This site is optimized with the Yoast SEO plugin v27.3 - https:\/\/yoast.com\/product\/yoast-seo-wordpress\/ -->\n<title>Anticristul islamic - adevarul socant despre natura reala a fiarei - Societatea Biblic\u0103 din Moldova<\/title>\n<meta name=\"robots\" content=\"index, follow, max-snippet:-1, max-image-preview:large, max-video-preview:-1\" \/>\n<link rel=\"canonical\" href=\"https:\/\/biblia.md\/en\/shop\/anticristul-islamic-adevarul-socant-despre-natura-reala-a-fiarei\/\" \/>\n<meta property=\"og:locale\" content=\"en_US\" \/>\n<meta property=\"og:type\" content=\"article\" \/>\n<meta property=\"og:title\" content=\"Anticristul islamic - adevarul socant despre natura reala a fiarei - Societatea Biblic\u0103 din Moldova\" \/>\n<meta property=\"og:description\" content=\"\u00cen 17 septembrie 2005, pre\u0219edintele recent ales al Iranului, Mahmoud Ahmadinejad, a luat cuv\u00e2ntul \u00een Adunarea General\u0103 a Na\u021biunilor Unite din New York. La finalul cuv\u00e2nt\u0103rii sale, Ahmadinejad s-a rugat \u00een public, cer\u00e2ndu-i lui Allah s\u0103 gr\u0103beasc\u0103 venirea misterioasei figuri mesianice \u2013 cunoscut\u0103 drept Mahdi. Jurnali\u0219tii \u0219i erudi\u021bii s-au str\u0103duit apoi s\u0103 \u00een\u021beleag\u0103 ce vrea s\u0103 \u00eensemne lucrul acesta.\u00a0 n 17 septembrie 2005, pre\u0219edintele recent ales al Iranului, Mahmoud Ahmadinejad, a luat cuv\u00e2ntul \u00een Adunarea General\u0103 a Na\u021biunilor Unite din New York. La finalul cuv\u00e2nt\u0103rii sale, Ahmadinejad s-a rugat \u00een public, cer\u00e2ndu-i lui Allah s\u0103 gr\u0103beasc\u0103 venirea misterioasei figuri mesianice \u2013 cunoscut\u0103 drept Mahdi. Jurnali\u0219tii \u0219i erudi\u021bii s-au str\u0103duit apoi s\u0103 \u00een\u021beleag\u0103 ce vrea s\u0103 \u00eensemne lucrul acesta.  Aceast\u0103 carte provocatoare examineaz\u0103 \u00een detaliu cine este Mahdi, potrivit credin\u021bei islamice, precum \u0219i multele asem\u0103n\u0103ri izbitoare dintre el \u0219i Anticristul biblic. Dup\u0103 multe studii \u0219i cercet\u0103ri teologice, autorul cre\u0219tin Joel Richardson aduce argumente conving\u0103toare ce dovedesc faptul c\u0103 Anticristul, religia pe care el o promoveaz\u0103, precum \u0219i \u00eemp\u0103r\u0103\u021bia lui se vor ridica mai degrab\u0103 din inima Orientului Mijlociu, dec\u00e2t din Europa, a\u0219a cum au presupus p\u00e2n\u0103 acum erudi\u021bii din domeniul profe\u021biilor.  Este posibil ca Mahomed s\u0103 fi fost inspirat de puteri ale \u00eentunericului, \u0219i nu de \u00eengerul Gavril, dup\u0103 cum pretind musulmanii? Descoperi\u021bi \u00een aceast\u0103 carte profe\u021biile lui Mahomed referitoare la revenirea lui Isus Hristos \u0219i l\u0103sa\u021bi examinarea de fa\u021b\u0103 s\u0103 v\u0103 deschid\u0103 ochii asupra modului \u00een care profe\u021bia biblic\u0103 \u0219i cea islamic\u0103 intr\u0103 \u00een coliziune, sco\u021b\u00e2nd la iveal\u0103 o imagine \u00eensp\u0103im\u00e2nt\u0103toare a unui viitor foarte posibil. O carte care trebuie citit\u0103 de oricine dore\u0219te s\u0103 \u00een\u021beleag\u0103 mai bine profe\u021bia biblic\u0103, islamul \u0219i implicit for\u021bele care preg\u0103tesc scena ultimei ciocniri a ideologiilor \u0219i civiliza\u021biilor.\" \/>\n<meta property=\"og:url\" content=\"https:\/\/biblia.md\/en\/shop\/anticristul-islamic-adevarul-socant-despre-natura-reala-a-fiarei\/\" \/>\n<meta property=\"og:site_name\" content=\"Societatea Biblic\u0103 din Moldova\" \/>\n<meta property=\"article:publisher\" content=\"https:\/\/www.facebook.com\/SocietateaBiblicaMoldova\/\" \/>\n<meta property=\"og:image\" content=\"https:\/\/biblia.md\/wp-content\/uploads\/2025\/12\/0000002032.jpg\" \/>\n\t<meta property=\"og:image:width\" content=\"432\" \/>\n\t<meta property=\"og:image:height\" content=\"670\" \/>\n\t<meta property=\"og:image:type\" content=\"image\/jpeg\" \/>\n<meta name=\"twitter:card\" content=\"summary_large_image\" \/>\n<meta name=\"twitter:label1\" content=\"Est. reading time\" \/>\n\t<meta name=\"twitter:data1\" content=\"2 minutes\" \/>\n<script type=\"application\/ld+json\" class=\"yoast-schema-graph\">{\"@context\":\"https:\\\/\\\/schema.org\",\"@graph\":[{\"@type\":\"WebPage\",\"@id\":\"https:\\\/\\\/biblia.md\\\/en\\\/shop\\\/anticristul-islamic-adevarul-socant-despre-natura-reala-a-fiarei\\\/\",\"url\":\"https:\\\/\\\/biblia.md\\\/en\\\/shop\\\/anticristul-islamic-adevarul-socant-despre-natura-reala-a-fiarei\\\/\",\"name\":\"Anticristul islamic - adevarul socant despre natura reala a fiarei - Societatea Biblic\u0103 din Moldova\",\"isPartOf\":{\"@id\":\"https:\\\/\\\/biblia.md\\\/#website\"},\"primaryImageOfPage\":{\"@id\":\"https:\\\/\\\/biblia.md\\\/en\\\/shop\\\/anticristul-islamic-adevarul-socant-despre-natura-reala-a-fiarei\\\/#primaryimage\"},\"image\":{\"@id\":\"https:\\\/\\\/biblia.md\\\/en\\\/shop\\\/anticristul-islamic-adevarul-socant-despre-natura-reala-a-fiarei\\\/#primaryimage\"},\"thumbnailUrl\":\"https:\\\/\\\/biblia.md\\\/wp-content\\\/uploads\\\/2025\\\/12\\\/0000002032.jpg\",\"datePublished\":\"2025-12-28T00:45:10+00:00\",\"breadcrumb\":{\"@id\":\"https:\\\/\\\/biblia.md\\\/en\\\/shop\\\/anticristul-islamic-adevarul-socant-despre-natura-reala-a-fiarei\\\/#breadcrumb\"},\"inLanguage\":\"en-US\",\"potentialAction\":[{\"@type\":\"ReadAction\",\"target\":[\"https:\\\/\\\/biblia.md\\\/en\\\/shop\\\/anticristul-islamic-adevarul-socant-despre-natura-reala-a-fiarei\\\/\"]}]},{\"@type\":\"ImageObject\",\"inLanguage\":\"en-US\",\"@id\":\"https:\\\/\\\/biblia.md\\\/en\\\/shop\\\/anticristul-islamic-adevarul-socant-despre-natura-reala-a-fiarei\\\/#primaryimage\",\"url\":\"https:\\\/\\\/biblia.md\\\/wp-content\\\/uploads\\\/2025\\\/12\\\/0000002032.jpg\",\"contentUrl\":\"https:\\\/\\\/biblia.md\\\/wp-content\\\/uploads\\\/2025\\\/12\\\/0000002032.jpg\",\"width\":432,\"height\":670},{\"@type\":\"BreadcrumbList\",\"@id\":\"https:\\\/\\\/biblia.md\\\/en\\\/shop\\\/anticristul-islamic-adevarul-socant-despre-natura-reala-a-fiarei\\\/#breadcrumb\",\"itemListElement\":[{\"@type\":\"ListItem\",\"position\":1,\"name\":\"Prima pagin\u0103\",\"item\":\"https:\\\/\\\/biblia.md\\\/\"},{\"@type\":\"ListItem\",\"position\":2,\"name\":\"Shop\",\"item\":\"https:\\\/\\\/biblia.md\\\/shop\\\/\"},{\"@type\":\"ListItem\",\"position\":3,\"name\":\"Anticristul islamic &#8211; adevarul socant despre natura reala a fiarei\"}]},{\"@type\":\"WebSite\",\"@id\":\"https:\\\/\\\/biblia.md\\\/#website\",\"url\":\"https:\\\/\\\/biblia.md\\\/\",\"name\":\"Societatea Biblic\u0103 din Moldova\",\"description\":\"\",\"publisher\":{\"@id\":\"https:\\\/\\\/biblia.md\\\/#organization\"},\"potentialAction\":[{\"@type\":\"SearchAction\",\"target\":{\"@type\":\"EntryPoint\",\"urlTemplate\":\"https:\\\/\\\/biblia.md\\\/?s={search_term_string}\"},\"query-input\":{\"@type\":\"PropertyValueSpecification\",\"valueRequired\":true,\"valueName\":\"search_term_string\"}}],\"inLanguage\":\"en-US\"},{\"@type\":\"Organization\",\"@id\":\"https:\\\/\\\/biblia.md\\\/#organization\",\"name\":\"Societatea Biblic\u0103 din Moldova\",\"url\":\"https:\\\/\\\/biblia.md\\\/\",\"logo\":{\"@type\":\"ImageObject\",\"inLanguage\":\"en-US\",\"@id\":\"https:\\\/\\\/biblia.md\\\/#\\\/schema\\\/logo\\\/image\\\/\",\"url\":\"https:\\\/\\\/biblia.md\\\/wp-content\\\/uploads\\\/2026\\\/01\\\/icon_site.jpg\",\"contentUrl\":\"https:\\\/\\\/biblia.md\\\/wp-content\\\/uploads\\\/2026\\\/01\\\/icon_site.jpg\",\"width\":656,\"height\":656,\"caption\":\"Societatea Biblic\u0103 din Moldova\"},\"image\":{\"@id\":\"https:\\\/\\\/biblia.md\\\/#\\\/schema\\\/logo\\\/image\\\/\"},\"sameAs\":[\"https:\\\/\\\/www.facebook.com\\\/SocietateaBiblicaMoldova\\\/\",\"https:\\\/\\\/www.instagram.com\\\/biblia.md\\\/\"]}]}<\/script>\n<!-- \/ Yoast SEO plugin. -->","yoast_head_json":{"title":"Anticristul islamic - adevarul socant despre natura reala a fiarei - Societatea Biblic\u0103 din Moldova","robots":{"index":"index","follow":"follow","max-snippet":"max-snippet:-1","max-image-preview":"max-image-preview:large","max-video-preview":"max-video-preview:-1"},"canonical":"https:\/\/biblia.md\/en\/shop\/anticristul-islamic-adevarul-socant-despre-natura-reala-a-fiarei\/","og_locale":"en_US","og_type":"article","og_title":"Anticristul islamic - adevarul socant despre natura reala a fiarei - Societatea Biblic\u0103 din Moldova","og_description":"\u00cen 17 septembrie 2005, pre\u0219edintele recent ales al Iranului, Mahmoud Ahmadinejad, a luat cuv\u00e2ntul \u00een Adunarea General\u0103 a Na\u021biunilor Unite din New York. La finalul cuv\u00e2nt\u0103rii sale, Ahmadinejad s-a rugat \u00een public, cer\u00e2ndu-i lui Allah s\u0103 gr\u0103beasc\u0103 venirea misterioasei figuri mesianice \u2013 cunoscut\u0103 drept Mahdi. Jurnali\u0219tii \u0219i erudi\u021bii s-au str\u0103duit apoi s\u0103 \u00een\u021beleag\u0103 ce vrea s\u0103 \u00eensemne lucrul acesta.\u00a0 n 17 septembrie 2005, pre\u0219edintele recent ales al Iranului, Mahmoud Ahmadinejad, a luat cuv\u00e2ntul \u00een Adunarea General\u0103 a Na\u021biunilor Unite din New York. La finalul cuv\u00e2nt\u0103rii sale, Ahmadinejad s-a rugat \u00een public, cer\u00e2ndu-i lui Allah s\u0103 gr\u0103beasc\u0103 venirea misterioasei figuri mesianice \u2013 cunoscut\u0103 drept Mahdi. Jurnali\u0219tii \u0219i erudi\u021bii s-au str\u0103duit apoi s\u0103 \u00een\u021beleag\u0103 ce vrea s\u0103 \u00eensemne lucrul acesta.  Aceast\u0103 carte provocatoare examineaz\u0103 \u00een detaliu cine este Mahdi, potrivit credin\u021bei islamice, precum \u0219i multele asem\u0103n\u0103ri izbitoare dintre el \u0219i Anticristul biblic. Dup\u0103 multe studii \u0219i cercet\u0103ri teologice, autorul cre\u0219tin Joel Richardson aduce argumente conving\u0103toare ce dovedesc faptul c\u0103 Anticristul, religia pe care el o promoveaz\u0103, precum \u0219i \u00eemp\u0103r\u0103\u021bia lui se vor ridica mai degrab\u0103 din inima Orientului Mijlociu, dec\u00e2t din Europa, a\u0219a cum au presupus p\u00e2n\u0103 acum erudi\u021bii din domeniul profe\u021biilor.  Este posibil ca Mahomed s\u0103 fi fost inspirat de puteri ale \u00eentunericului, \u0219i nu de \u00eengerul Gavril, dup\u0103 cum pretind musulmanii? Descoperi\u021bi \u00een aceast\u0103 carte profe\u021biile lui Mahomed referitoare la revenirea lui Isus Hristos \u0219i l\u0103sa\u021bi examinarea de fa\u021b\u0103 s\u0103 v\u0103 deschid\u0103 ochii asupra modului \u00een care profe\u021bia biblic\u0103 \u0219i cea islamic\u0103 intr\u0103 \u00een coliziune, sco\u021b\u00e2nd la iveal\u0103 o imagine \u00eensp\u0103im\u00e2nt\u0103toare a unui viitor foarte posibil. O carte care trebuie citit\u0103 de oricine dore\u0219te s\u0103 \u00een\u021beleag\u0103 mai bine profe\u021bia biblic\u0103, islamul \u0219i implicit for\u021bele care preg\u0103tesc scena ultimei ciocniri a ideologiilor \u0219i civiliza\u021biilor.","og_url":"https:\/\/biblia.md\/en\/shop\/anticristul-islamic-adevarul-socant-despre-natura-reala-a-fiarei\/","og_site_name":"Societatea Biblic\u0103 din Moldova","article_publisher":"https:\/\/www.facebook.com\/SocietateaBiblicaMoldova\/","og_image":[{"width":432,"height":670,"url":"https:\/\/biblia.md\/wp-content\/uploads\/2025\/12\/0000002032.jpg","type":"image\/jpeg"}],"twitter_card":"summary_large_image","twitter_misc":{"Est. reading time":"2 minutes"},"schema":{"@context":"https:\/\/schema.org","@graph":[{"@type":"WebPage","@id":"https:\/\/biblia.md\/en\/shop\/anticristul-islamic-adevarul-socant-despre-natura-reala-a-fiarei\/","url":"https:\/\/biblia.md\/en\/shop\/anticristul-islamic-adevarul-socant-despre-natura-reala-a-fiarei\/","name":"Anticristul islamic - adevarul socant despre natura reala a fiarei - Societatea Biblic\u0103 din Moldova","isPartOf":{"@id":"https:\/\/biblia.md\/#website"},"primaryImageOfPage":{"@id":"https:\/\/biblia.md\/en\/shop\/anticristul-islamic-adevarul-socant-despre-natura-reala-a-fiarei\/#primaryimage"},"image":{"@id":"https:\/\/biblia.md\/en\/shop\/anticristul-islamic-adevarul-socant-despre-natura-reala-a-fiarei\/#primaryimage"},"thumbnailUrl":"https:\/\/biblia.md\/wp-content\/uploads\/2025\/12\/0000002032.jpg","datePublished":"2025-12-28T00:45:10+00:00","breadcrumb":{"@id":"https:\/\/biblia.md\/en\/shop\/anticristul-islamic-adevarul-socant-despre-natura-reala-a-fiarei\/#breadcrumb"},"inLanguage":"en-US","potentialAction":[{"@type":"ReadAction","target":["https:\/\/biblia.md\/en\/shop\/anticristul-islamic-adevarul-socant-despre-natura-reala-a-fiarei\/"]}]},{"@type":"ImageObject","inLanguage":"en-US","@id":"https:\/\/biblia.md\/en\/shop\/anticristul-islamic-adevarul-socant-despre-natura-reala-a-fiarei\/#primaryimage","url":"https:\/\/biblia.md\/wp-content\/uploads\/2025\/12\/0000002032.jpg","contentUrl":"https:\/\/biblia.md\/wp-content\/uploads\/2025\/12\/0000002032.jpg","width":432,"height":670},{"@type":"BreadcrumbList","@id":"https:\/\/biblia.md\/en\/shop\/anticristul-islamic-adevarul-socant-despre-natura-reala-a-fiarei\/#breadcrumb","itemListElement":[{"@type":"ListItem","position":1,"name":"Prima pagin\u0103","item":"https:\/\/biblia.md\/"},{"@type":"ListItem","position":2,"name":"Shop","item":"https:\/\/biblia.md\/shop\/"},{"@type":"ListItem","position":3,"name":"Anticristul islamic &#8211; adevarul socant despre natura reala a fiarei"}]},{"@type":"WebSite","@id":"https:\/\/biblia.md\/#website","url":"https:\/\/biblia.md\/","name":"Societatea Biblic\u0103 din Moldova","description":"","publisher":{"@id":"https:\/\/biblia.md\/#organization"},"potentialAction":[{"@type":"SearchAction","target":{"@type":"EntryPoint","urlTemplate":"https:\/\/biblia.md\/?s={search_term_string}"},"query-input":{"@type":"PropertyValueSpecification","valueRequired":true,"valueName":"search_term_string"}}],"inLanguage":"en-US"},{"@type":"Organization","@id":"https:\/\/biblia.md\/#organization","name":"Societatea Biblic\u0103 din Moldova","url":"https:\/\/biblia.md\/","logo":{"@type":"ImageObject","inLanguage":"en-US","@id":"https:\/\/biblia.md\/#\/schema\/logo\/image\/","url":"https:\/\/biblia.md\/wp-content\/uploads\/2026\/01\/icon_site.jpg","contentUrl":"https:\/\/biblia.md\/wp-content\/uploads\/2026\/01\/icon_site.jpg","width":656,"height":656,"caption":"Societatea Biblic\u0103 din Moldova"},"image":{"@id":"https:\/\/biblia.md\/#\/schema\/logo\/image\/"},"sameAs":["https:\/\/www.facebook.com\/SocietateaBiblicaMoldova\/","https:\/\/www.instagram.com\/biblia.md\/"]}]}},"_links":{"self":[{"href":"https:\/\/biblia.md\/en\/wp-json\/wp\/v2\/product\/30482","targetHints":{"allow":["GET"]}}],"collection":[{"href":"https:\/\/biblia.md\/en\/wp-json\/wp\/v2\/product"}],"about":[{"href":"https:\/\/biblia.md\/en\/wp-json\/wp\/v2\/types\/product"}],"replies":[{"embeddable":true,"href":"https:\/\/biblia.md\/en\/wp-json\/wp\/v2\/comments?post=30482"}],"version-history":[{"count":1,"href":"https:\/\/biblia.md\/en\/wp-json\/wp\/v2\/product\/30482\/revisions"}],"predecessor-version":[{"id":30484,"href":"https:\/\/biblia.md\/en\/wp-json\/wp\/v2\/product\/30482\/revisions\/30484"}],"wp:featuredmedia":[{"embeddable":true,"href":"https:\/\/biblia.md\/en\/wp-json\/wp\/v2\/media\/30483"}],"wp:attachment":[{"href":"https:\/\/biblia.md\/en\/wp-json\/wp\/v2\/media?parent=30482"}],"wp:term":[{"taxonomy":"product_brand","embeddable":true,"href":"https:\/\/biblia.md\/en\/wp-json\/wp\/v2\/product_brand?post=30482"},{"taxonomy":"product_cat","embeddable":true,"href":"https:\/\/biblia.md\/en\/wp-json\/wp\/v2\/product_cat?post=30482"},{"taxonomy":"product_tag","embeddable":true,"href":"https:\/\/biblia.md\/en\/wp-json\/wp\/v2\/product_tag?post=30482"}],"curies":[{"name":"wp","href":"https:\/\/api.w.org\/{rel}","templated":true}]}}