{"id":30490,"date":"2025-12-28T20:01:18","date_gmt":"2025-12-28T18:01:18","guid":{"rendered":"https:\/\/biblia.md\/?post_type=product&#038;p=30490"},"modified":"2026-03-11T16:25:48","modified_gmt":"2026-03-11T14:25:48","slug":"anxietatea-provocata-de-decizii","status":"publish","type":"product","link":"https:\/\/biblia.md\/en\/shop\/anxietatea-provocata-de-decizii\/","title":{"rendered":"Anxietatea provocat\u0103 de decizii"},"content":{"rendered":"<p>Despre autor:<\/p>\n<p><strong><img decoding=\"async\" class=\"wp-image-6514 alignleft\" src=\"https:\/\/nouasperanta.ro\/wp-content\/uploads\/2024\/10\/Michael-Gembola.jpg\" alt=\"\" width=\"76\" height=\"97\" \/><\/strong><\/p>\n<p><strong>Michael Gembola<\/strong>, MAR, MAC, este pastor \u0219i consilier profesionist. El sluje\u0219te ca director executiv la Blue Ridge Christian Counseling \u00een sud-vestul Virginiei \u0219i a predat consiliere ca profesor asistent la mai multe seminare. Este autorul lucr\u0103rii\u00a0<em>After an Affair: Pursuing Restoration<\/em>,\u00a0<em>Anxious about Decisions<\/em>\u00a0\u0219i a mai multor articole despre consiliere. El \u0219i so\u021bia lui, Kelly, locuiesc \u00een Roanoke, Virginia, cu cei doi fii \u0219i cu fiica lor.<\/p>","protected":false},"excerpt":{"rendered":"<p>Devii anxios c\u00e2nd trebuie s\u0103 iei o decizie? G\u00e2nde\u0219ti, discu\u021bi \u0219i analizezi din nou \u0219i din nou f\u0103r\u0103 a ajunge la o decizie? C\u00e2nd anxietatea \u00eenconjoar\u0103 fiecare decizie, rezultatul poate fi o paralizie \u00een luarea deciziilor. Dac\u0103 vei \u00eenv\u0103\u021ba s\u0103 te \u00eencrezi \u00een Dumnezeu, chiar \u0219i atunci c\u00e2nd calea pe care o urmezi nu este clar\u0103, vei avea curajul de a face c\u00e2te un pas \u00eenainte.<\/p>\n<p><em>Anxietatea provocat\u0103 de decizii<\/em>\u00a0te va ajuta s\u0103 vezi c\u0103 Dumnezeu \u00ee\u021bi ofer\u0103 ceva mai bun dec\u00e2t certitudinea \u0219i absen\u021ba riscurilor atunci c\u00e2nd te afli \u00een fa\u021ba unor decizii esen\u021biale sau mai pu\u021bin importante. El promite s\u0103 fie cu tine. C\u00e2nd \u00cel la\u0219i pe Bunul P\u0103stor s\u0103 te c\u0103l\u0103uzeasc\u0103, vei vedea c\u0103 El folose\u0219te procesul lu\u0103rii deciziilor pentru a te umple de mai mult\u0103 pace \u0219i pentru a deveni un administrator mai bun al oportunit\u0103\u021bilor care \u00ee\u021bi apar \u00een fa\u021b\u0103.<\/p>","protected":false},"featured_media":36433,"comment_status":"open","ping_status":"closed","template":"","meta":[],"product_brand":[],"product_cat":[377,391,385],"product_tag":[],"class_list":{"0":"post-30490","1":"product","2":"type-product","3":"status-publish","4":"has-post-thumbnail","6":"product_cat-carti","7":"product_cat-consiliere-biblica","8":"product_cat-dezvoltare-personala","9":"product_author-michael-gembola","10":"product_genre-knigi-rom","12":"first","13":"outofstock","14":"shipping-taxable","15":"purchasable","16":"product-type-simple"},"yoast_head":"<!-- This site is optimized with the Yoast SEO plugin v27.3 - https:\/\/yoast.com\/product\/yoast-seo-wordpress\/ -->\n<title>Anxietatea provocat\u0103 de decizii - Societatea Biblic\u0103 din Moldova<\/title>\n<meta name=\"robots\" content=\"index, follow, max-snippet:-1, max-image-preview:large, max-video-preview:-1\" \/>\n<link rel=\"canonical\" href=\"https:\/\/biblia.md\/en\/shop\/anxietatea-provocata-de-decizii\/\" \/>\n<meta property=\"og:locale\" content=\"en_US\" \/>\n<meta property=\"og:type\" content=\"article\" \/>\n<meta property=\"og:title\" content=\"Anxietatea provocat\u0103 de decizii - Societatea Biblic\u0103 din Moldova\" \/>\n<meta property=\"og:description\" content=\"Devii anxios c\u00e2nd trebuie s\u0103 iei o decizie? G\u00e2nde\u0219ti, discu\u021bi \u0219i analizezi din nou \u0219i din nou f\u0103r\u0103 a ajunge la o decizie? C\u00e2nd anxietatea \u00eenconjoar\u0103 fiecare decizie, rezultatul poate fi o paralizie \u00een luarea deciziilor. Dac\u0103 vei \u00eenv\u0103\u021ba s\u0103 te \u00eencrezi \u00een Dumnezeu, chiar \u0219i atunci c\u00e2nd calea pe care o urmezi nu este clar\u0103, vei avea curajul de a face c\u00e2te un pas \u00eenainte.  Anxietatea provocat\u0103 de decizii\u00a0te va ajuta s\u0103 vezi c\u0103 Dumnezeu \u00ee\u021bi ofer\u0103 ceva mai bun dec\u00e2t certitudinea \u0219i absen\u021ba riscurilor atunci c\u00e2nd te afli \u00een fa\u021ba unor decizii esen\u021biale sau mai pu\u021bin importante. El promite s\u0103 fie cu tine. C\u00e2nd \u00cel la\u0219i pe Bunul P\u0103stor s\u0103 te c\u0103l\u0103uzeasc\u0103, vei vedea c\u0103 El folose\u0219te procesul lu\u0103rii deciziilor pentru a te umple de mai mult\u0103 pace \u0219i pentru a deveni un administrator mai bun al oportunit\u0103\u021bilor care \u00ee\u021bi apar \u00een fa\u021b\u0103.\" \/>\n<meta property=\"og:url\" content=\"https:\/\/biblia.md\/en\/shop\/anxietatea-provocata-de-decizii\/\" \/>\n<meta property=\"og:site_name\" content=\"Societatea Biblic\u0103 din Moldova\" \/>\n<meta property=\"article:publisher\" content=\"https:\/\/www.facebook.com\/SocietateaBiblicaMoldova\/\" \/>\n<meta property=\"article:modified_time\" content=\"2026-03-11T14:25:48+00:00\" \/>\n<meta property=\"og:image\" content=\"https:\/\/biblia.md\/wp-content\/uploads\/2025\/12\/0000008349.jpg\" \/>\n\t<meta property=\"og:image:width\" content=\"600\" \/>\n\t<meta property=\"og:image:height\" content=\"900\" \/>\n\t<meta property=\"og:image:type\" content=\"image\/jpeg\" \/>\n<meta name=\"twitter:card\" content=\"summary_large_image\" \/>\n<script type=\"application\/ld+json\" class=\"yoast-schema-graph\">{\"@context\":\"https:\\\/\\\/schema.org\",\"@graph\":[{\"@type\":\"WebPage\",\"@id\":\"https:\\\/\\\/biblia.md\\\/ro\\\/shop\\\/anxietatea-provocata-de-decizii\\\/\",\"url\":\"https:\\\/\\\/biblia.md\\\/ro\\\/shop\\\/anxietatea-provocata-de-decizii\\\/\",\"name\":\"Anxietatea provocat\u0103 de decizii - Societatea Biblic\u0103 din Moldova\",\"isPartOf\":{\"@id\":\"https:\\\/\\\/biblia.md\\\/#website\"},\"primaryImageOfPage\":{\"@id\":\"https:\\\/\\\/biblia.md\\\/ro\\\/shop\\\/anxietatea-provocata-de-decizii\\\/#primaryimage\"},\"image\":{\"@id\":\"https:\\\/\\\/biblia.md\\\/ro\\\/shop\\\/anxietatea-provocata-de-decizii\\\/#primaryimage\"},\"thumbnailUrl\":\"https:\\\/\\\/biblia.md\\\/wp-content\\\/uploads\\\/2025\\\/12\\\/a0852553-682c-4424-aeb9-3904c8ba29a7.png\",\"datePublished\":\"2025-12-28T18:01:18+00:00\",\"dateModified\":\"2026-03-11T14:25:48+00:00\",\"breadcrumb\":{\"@id\":\"https:\\\/\\\/biblia.md\\\/ro\\\/shop\\\/anxietatea-provocata-de-decizii\\\/#breadcrumb\"},\"inLanguage\":\"en-US\",\"potentialAction\":[{\"@type\":\"ReadAction\",\"target\":[\"https:\\\/\\\/biblia.md\\\/ro\\\/shop\\\/anxietatea-provocata-de-decizii\\\/\"]}]},{\"@type\":\"ImageObject\",\"inLanguage\":\"en-US\",\"@id\":\"https:\\\/\\\/biblia.md\\\/ro\\\/shop\\\/anxietatea-provocata-de-decizii\\\/#primaryimage\",\"url\":\"https:\\\/\\\/biblia.md\\\/wp-content\\\/uploads\\\/2025\\\/12\\\/a0852553-682c-4424-aeb9-3904c8ba29a7.png\",\"contentUrl\":\"https:\\\/\\\/biblia.md\\\/wp-content\\\/uploads\\\/2025\\\/12\\\/a0852553-682c-4424-aeb9-3904c8ba29a7.png\",\"width\":1024,\"height\":1536},{\"@type\":\"BreadcrumbList\",\"@id\":\"https:\\\/\\\/biblia.md\\\/ro\\\/shop\\\/anxietatea-provocata-de-decizii\\\/#breadcrumb\",\"itemListElement\":[{\"@type\":\"ListItem\",\"position\":1,\"name\":\"Prima pagin\u0103\",\"item\":\"https:\\\/\\\/biblia.md\\\/\"},{\"@type\":\"ListItem\",\"position\":2,\"name\":\"Shop\",\"item\":\"https:\\\/\\\/biblia.md\\\/shop\\\/\"},{\"@type\":\"ListItem\",\"position\":3,\"name\":\"Anxietatea provocat\u0103 de decizii\"}]},{\"@type\":\"WebSite\",\"@id\":\"https:\\\/\\\/biblia.md\\\/#website\",\"url\":\"https:\\\/\\\/biblia.md\\\/\",\"name\":\"Societatea Biblic\u0103 din Moldova\",\"description\":\"\",\"publisher\":{\"@id\":\"https:\\\/\\\/biblia.md\\\/#organization\"},\"potentialAction\":[{\"@type\":\"SearchAction\",\"target\":{\"@type\":\"EntryPoint\",\"urlTemplate\":\"https:\\\/\\\/biblia.md\\\/?s={search_term_string}\"},\"query-input\":{\"@type\":\"PropertyValueSpecification\",\"valueRequired\":true,\"valueName\":\"search_term_string\"}}],\"inLanguage\":\"en-US\"},{\"@type\":\"Organization\",\"@id\":\"https:\\\/\\\/biblia.md\\\/#organization\",\"name\":\"Societatea Biblic\u0103 din Moldova\",\"url\":\"https:\\\/\\\/biblia.md\\\/\",\"logo\":{\"@type\":\"ImageObject\",\"inLanguage\":\"en-US\",\"@id\":\"https:\\\/\\\/biblia.md\\\/#\\\/schema\\\/logo\\\/image\\\/\",\"url\":\"https:\\\/\\\/biblia.md\\\/wp-content\\\/uploads\\\/2026\\\/01\\\/icon_site.jpg\",\"contentUrl\":\"https:\\\/\\\/biblia.md\\\/wp-content\\\/uploads\\\/2026\\\/01\\\/icon_site.jpg\",\"width\":656,\"height\":656,\"caption\":\"Societatea Biblic\u0103 din Moldova\"},\"image\":{\"@id\":\"https:\\\/\\\/biblia.md\\\/#\\\/schema\\\/logo\\\/image\\\/\"},\"sameAs\":[\"https:\\\/\\\/www.facebook.com\\\/SocietateaBiblicaMoldova\\\/\",\"https:\\\/\\\/www.instagram.com\\\/biblia.md\\\/\"]}]}<\/script>\n<!-- \/ Yoast SEO plugin. -->","yoast_head_json":{"title":"Anxietatea provocat\u0103 de decizii - Societatea Biblic\u0103 din Moldova","robots":{"index":"index","follow":"follow","max-snippet":"max-snippet:-1","max-image-preview":"max-image-preview:large","max-video-preview":"max-video-preview:-1"},"canonical":"https:\/\/biblia.md\/en\/shop\/anxietatea-provocata-de-decizii\/","og_locale":"en_US","og_type":"article","og_title":"Anxietatea provocat\u0103 de decizii - Societatea Biblic\u0103 din Moldova","og_description":"Devii anxios c\u00e2nd trebuie s\u0103 iei o decizie? G\u00e2nde\u0219ti, discu\u021bi \u0219i analizezi din nou \u0219i din nou f\u0103r\u0103 a ajunge la o decizie? C\u00e2nd anxietatea \u00eenconjoar\u0103 fiecare decizie, rezultatul poate fi o paralizie \u00een luarea deciziilor. Dac\u0103 vei \u00eenv\u0103\u021ba s\u0103 te \u00eencrezi \u00een Dumnezeu, chiar \u0219i atunci c\u00e2nd calea pe care o urmezi nu este clar\u0103, vei avea curajul de a face c\u00e2te un pas \u00eenainte.  Anxietatea provocat\u0103 de decizii\u00a0te va ajuta s\u0103 vezi c\u0103 Dumnezeu \u00ee\u021bi ofer\u0103 ceva mai bun dec\u00e2t certitudinea \u0219i absen\u021ba riscurilor atunci c\u00e2nd te afli \u00een fa\u021ba unor decizii esen\u021biale sau mai pu\u021bin importante. El promite s\u0103 fie cu tine. C\u00e2nd \u00cel la\u0219i pe Bunul P\u0103stor s\u0103 te c\u0103l\u0103uzeasc\u0103, vei vedea c\u0103 El folose\u0219te procesul lu\u0103rii deciziilor pentru a te umple de mai mult\u0103 pace \u0219i pentru a deveni un administrator mai bun al oportunit\u0103\u021bilor care \u00ee\u021bi apar \u00een fa\u021b\u0103.","og_url":"https:\/\/biblia.md\/en\/shop\/anxietatea-provocata-de-decizii\/","og_site_name":"Societatea Biblic\u0103 din Moldova","article_publisher":"https:\/\/www.facebook.com\/SocietateaBiblicaMoldova\/","article_modified_time":"2026-03-11T14:25:48+00:00","og_image":[{"width":600,"height":900,"url":"https:\/\/biblia.md\/wp-content\/uploads\/2025\/12\/0000008349.jpg","type":"image\/jpeg"}],"twitter_card":"summary_large_image","schema":{"@context":"https:\/\/schema.org","@graph":[{"@type":"WebPage","@id":"https:\/\/biblia.md\/ro\/shop\/anxietatea-provocata-de-decizii\/","url":"https:\/\/biblia.md\/ro\/shop\/anxietatea-provocata-de-decizii\/","name":"Anxietatea provocat\u0103 de decizii - Societatea Biblic\u0103 din Moldova","isPartOf":{"@id":"https:\/\/biblia.md\/#website"},"primaryImageOfPage":{"@id":"https:\/\/biblia.md\/ro\/shop\/anxietatea-provocata-de-decizii\/#primaryimage"},"image":{"@id":"https:\/\/biblia.md\/ro\/shop\/anxietatea-provocata-de-decizii\/#primaryimage"},"thumbnailUrl":"https:\/\/biblia.md\/wp-content\/uploads\/2025\/12\/a0852553-682c-4424-aeb9-3904c8ba29a7.png","datePublished":"2025-12-28T18:01:18+00:00","dateModified":"2026-03-11T14:25:48+00:00","breadcrumb":{"@id":"https:\/\/biblia.md\/ro\/shop\/anxietatea-provocata-de-decizii\/#breadcrumb"},"inLanguage":"en-US","potentialAction":[{"@type":"ReadAction","target":["https:\/\/biblia.md\/ro\/shop\/anxietatea-provocata-de-decizii\/"]}]},{"@type":"ImageObject","inLanguage":"en-US","@id":"https:\/\/biblia.md\/ro\/shop\/anxietatea-provocata-de-decizii\/#primaryimage","url":"https:\/\/biblia.md\/wp-content\/uploads\/2025\/12\/a0852553-682c-4424-aeb9-3904c8ba29a7.png","contentUrl":"https:\/\/biblia.md\/wp-content\/uploads\/2025\/12\/a0852553-682c-4424-aeb9-3904c8ba29a7.png","width":1024,"height":1536},{"@type":"BreadcrumbList","@id":"https:\/\/biblia.md\/ro\/shop\/anxietatea-provocata-de-decizii\/#breadcrumb","itemListElement":[{"@type":"ListItem","position":1,"name":"Prima pagin\u0103","item":"https:\/\/biblia.md\/"},{"@type":"ListItem","position":2,"name":"Shop","item":"https:\/\/biblia.md\/shop\/"},{"@type":"ListItem","position":3,"name":"Anxietatea provocat\u0103 de decizii"}]},{"@type":"WebSite","@id":"https:\/\/biblia.md\/#website","url":"https:\/\/biblia.md\/","name":"Societatea Biblic\u0103 din Moldova","description":"","publisher":{"@id":"https:\/\/biblia.md\/#organization"},"potentialAction":[{"@type":"SearchAction","target":{"@type":"EntryPoint","urlTemplate":"https:\/\/biblia.md\/?s={search_term_string}"},"query-input":{"@type":"PropertyValueSpecification","valueRequired":true,"valueName":"search_term_string"}}],"inLanguage":"en-US"},{"@type":"Organization","@id":"https:\/\/biblia.md\/#organization","name":"Societatea Biblic\u0103 din Moldova","url":"https:\/\/biblia.md\/","logo":{"@type":"ImageObject","inLanguage":"en-US","@id":"https:\/\/biblia.md\/#\/schema\/logo\/image\/","url":"https:\/\/biblia.md\/wp-content\/uploads\/2026\/01\/icon_site.jpg","contentUrl":"https:\/\/biblia.md\/wp-content\/uploads\/2026\/01\/icon_site.jpg","width":656,"height":656,"caption":"Societatea Biblic\u0103 din Moldova"},"image":{"@id":"https:\/\/biblia.md\/#\/schema\/logo\/image\/"},"sameAs":["https:\/\/www.facebook.com\/SocietateaBiblicaMoldova\/","https:\/\/www.instagram.com\/biblia.md\/"]}]}},"_links":{"self":[{"href":"https:\/\/biblia.md\/en\/wp-json\/wp\/v2\/product\/30490","targetHints":{"allow":["GET"]}}],"collection":[{"href":"https:\/\/biblia.md\/en\/wp-json\/wp\/v2\/product"}],"about":[{"href":"https:\/\/biblia.md\/en\/wp-json\/wp\/v2\/types\/product"}],"replies":[{"embeddable":true,"href":"https:\/\/biblia.md\/en\/wp-json\/wp\/v2\/comments?post=30490"}],"version-history":[{"count":1,"href":"https:\/\/biblia.md\/en\/wp-json\/wp\/v2\/product\/30490\/revisions"}],"predecessor-version":[{"id":30492,"href":"https:\/\/biblia.md\/en\/wp-json\/wp\/v2\/product\/30490\/revisions\/30492"}],"wp:featuredmedia":[{"embeddable":true,"href":"https:\/\/biblia.md\/en\/wp-json\/wp\/v2\/media\/36433"}],"wp:attachment":[{"href":"https:\/\/biblia.md\/en\/wp-json\/wp\/v2\/media?parent=30490"}],"wp:term":[{"taxonomy":"product_brand","embeddable":true,"href":"https:\/\/biblia.md\/en\/wp-json\/wp\/v2\/product_brand?post=30490"},{"taxonomy":"product_cat","embeddable":true,"href":"https:\/\/biblia.md\/en\/wp-json\/wp\/v2\/product_cat?post=30490"},{"taxonomy":"product_tag","embeddable":true,"href":"https:\/\/biblia.md\/en\/wp-json\/wp\/v2\/product_tag?post=30490"}],"curies":[{"name":"wp","href":"https:\/\/api.w.org\/{rel}","templated":true}]}}