{"id":30512,"date":"2026-01-01T00:41:34","date_gmt":"2025-12-31T22:41:34","guid":{"rendered":"https:\/\/biblia.md\/?post_type=product&#038;p=30512"},"modified":"2026-01-01T00:41:35","modified_gmt":"2025-12-31T22:41:35","slug":"apocalipsa-cap-1-3-si-doctrina-bisericii-vol-1","status":"publish","type":"product","link":"https:\/\/biblia.md\/en\/shop\/apocalipsa-cap-1-3-si-doctrina-bisericii-vol-1\/","title":{"rendered":"Apocalipsa &#8211; Cap. 1-3 si Doctrina Bisericii, Vol.1"},"content":{"rendered":"<p>CUPRINS:<br \/>\nPREFA\u0162A LA EDI\u0162IA REVIZUIT\u0102 \u015eI COMPLETAT\u0102<br \/>\nAPOCALIPSA \u2013 O PRIVIRE DE ANSAMBLU<br \/>\nPROLOGUL C\u0102R\u0162II\u00a0 APOCALIPSA 1:1-20<br \/>\nBISERICILE APOCALIPSEI:\u00a0 CONSIDERENTE GENERALE<br \/>\nBISERICA DIN EFES\u00a0 APOCALIPSA 2:1-7<br \/>\nBISERICA DIN SMIRNA\u00a0 APOCALIPSA 2:8-11<br \/>\nBISERICA DIN PERGAM\u00a0 APOCALIPSA 2:12-17<br \/>\nBISERICA DIN TIATIRA\u00a0 APOCALIPSA 2:18-29<br \/>\nBISERICA DIN SARDES APOCALIPSA 3:1-6<br \/>\nBISERICA DIN FILADELFIA APOCALIPSA 3:7-13<br \/>\nBISERICA DIN LAODICEA APOCALIPSA 3:14-22<br \/>\nBISERICILE APOCALIPSEI:\u00a0 CONCLUZII<br \/>\nINTRODUCERE &#8211; DOCTRINA BISERICII<br \/>\nNATURA BISERICII<br \/>\nCONDUCEREA BISERICII<br \/>\nFUNC\u0162IILE BISERICII<br \/>\nDESTINUL BISERICII<br \/>\nUNITATEA BISERICII<br \/>\nCONCLUZII \u015eI APLICA\u0162II<br \/>\nANEXA I AUTORUL APOCALIPSEI<br \/>\nANEXA II GHID DE STUDIU PE APOCALIPSA 1-3<br \/>\nANEXA III GHID DE STUDIU \u2013 DOCTRINA BISERICII<br \/>\nBIBLIOGRAFIE<\/p>","protected":false},"excerpt":{"rendered":"<p>Rar ne este dat\u0103 ocazia, chiar \u015fi pe paginile Scripturii, ca s\u0103-L vedem pe Domnul Isus \u201econduc\u00e2nd adunarea general\u0103\u201d a unor biserici locale. Or, tocmai lucrul acesta se \u00eent\u00e2mpl\u0103 \u00een primele trei capitole ale c\u0103r\u0163ii Apocalipsa. Istoria a ajuns la punctul \u00een care se preg\u0103tea judecarea \u015fi pedepsirea Babilonului, Curva cea Mare. Centrul de influen\u0163\u0103 \u00een spa\u0163iul cre\u015ftin al acelor vremuri se mutase din Ierusalim \u00een Asia Mic\u0103. Domnul Isus Hristos Cel glorificat a trimis pe \u00eengerul Lui la robul S\u0103u, Ioan, ca, prin el, bisericile din Asia Mic\u0103 \u2013 Efes, Smirna, Pergam, Tiatira, Sardes, Filadelfia \u015fi Loadicea \u2013 s\u0103 afle lucrurile care aveau s\u0103 se \u00eent\u00e2mple \u00een cur\u00e2nd. Av\u00e2nd \u00eens\u0103 \u00een vedere faptul c\u0103 judecata \u00eencepe \u00eentotdeauna de la Casa lui Dumnezeu, situa\u0163ia specific\u0103 a fiec\u0103rei biserici este c\u00e2nt\u0103rit\u0103 de Domnul Isus, iar apoi a\u015fezat\u0103 \u00een lumina viziunilor apocaliptice din capitolele 4-22, pentru a convinge bisericile \u015fi pe membrii acestora de suveranitatea absolut\u0103 a scaunului de domnie din ceruri \u015fi pentru a \u00eencuraja la biruin\u0163\u0103.<\/p>\n<p>Prin natura scrierii, analiza lui Hristos devine oglinda \u00een care se poate privi oricare din bisericile locale, care pretinde s\u0103-L aib\u0103 ca Domn pe Hristos Cel glorificat.<\/p>","protected":false},"featured_media":30513,"comment_status":"open","ping_status":"closed","template":"","meta":[],"product_brand":[],"product_cat":[377,392],"product_tag":[],"class_list":{"0":"post-30512","1":"product","2":"type-product","3":"status-publish","4":"has-post-thumbnail","6":"product_cat-carti","7":"product_cat-comentarii-biblice","8":"product_author-beniamin-faragau","9":"product_genre-knigi-rom","11":"first","12":"instock","13":"shipping-taxable","14":"purchasable","15":"product-type-simple"},"yoast_head":"<!-- This site is optimized with the Yoast SEO plugin v27.3 - https:\/\/yoast.com\/product\/yoast-seo-wordpress\/ -->\n<title>Apocalipsa - Cap. 1-3 si Doctrina Bisericii, Vol.1 - Societatea Biblic\u0103 din Moldova<\/title>\n<meta name=\"robots\" content=\"index, follow, max-snippet:-1, max-image-preview:large, max-video-preview:-1\" \/>\n<link rel=\"canonical\" href=\"https:\/\/biblia.md\/en\/shop\/apocalipsa-cap-1-3-si-doctrina-bisericii-vol-1\/\" \/>\n<meta property=\"og:locale\" content=\"en_US\" \/>\n<meta property=\"og:type\" content=\"article\" \/>\n<meta property=\"og:title\" content=\"Apocalipsa - Cap. 1-3 si Doctrina Bisericii, Vol.1 - Societatea Biblic\u0103 din Moldova\" \/>\n<meta property=\"og:description\" content=\"Rar ne este dat\u0103 ocazia, chiar \u015fi pe paginile Scripturii, ca s\u0103-L vedem pe Domnul Isus \u201econduc\u00e2nd adunarea general\u0103\u201d a unor biserici locale. Or, tocmai lucrul acesta se \u00eent\u00e2mpl\u0103 \u00een primele trei capitole ale c\u0103r\u0163ii Apocalipsa. Istoria a ajuns la punctul \u00een care se preg\u0103tea judecarea \u015fi pedepsirea Babilonului, Curva cea Mare. Centrul de influen\u0163\u0103 \u00een spa\u0163iul cre\u015ftin al acelor vremuri se mutase din Ierusalim \u00een Asia Mic\u0103. Domnul Isus Hristos Cel glorificat a trimis pe \u00eengerul Lui la robul S\u0103u, Ioan, ca, prin el, bisericile din Asia Mic\u0103 \u2013 Efes, Smirna, Pergam, Tiatira, Sardes, Filadelfia \u015fi Loadicea \u2013 s\u0103 afle lucrurile care aveau s\u0103 se \u00eent\u00e2mple \u00een cur\u00e2nd. Av\u00e2nd \u00eens\u0103 \u00een vedere faptul c\u0103 judecata \u00eencepe \u00eentotdeauna de la Casa lui Dumnezeu, situa\u0163ia specific\u0103 a fiec\u0103rei biserici este c\u00e2nt\u0103rit\u0103 de Domnul Isus, iar apoi a\u015fezat\u0103 \u00een lumina viziunilor apocaliptice din capitolele 4-22, pentru a convinge bisericile \u015fi pe membrii acestora de suveranitatea absolut\u0103 a scaunului de domnie din ceruri \u015fi pentru a \u00eencuraja la biruin\u0163\u0103.  Prin natura scrierii, analiza lui Hristos devine oglinda \u00een care se poate privi oricare din bisericile locale, care pretinde s\u0103-L aib\u0103 ca Domn pe Hristos Cel glorificat.\" \/>\n<meta property=\"og:url\" content=\"https:\/\/biblia.md\/en\/shop\/apocalipsa-cap-1-3-si-doctrina-bisericii-vol-1\/\" \/>\n<meta property=\"og:site_name\" content=\"Societatea Biblic\u0103 din Moldova\" \/>\n<meta property=\"article:publisher\" content=\"https:\/\/www.facebook.com\/SocietateaBiblicaMoldova\/\" \/>\n<meta property=\"article:modified_time\" content=\"2025-12-31T22:41:35+00:00\" \/>\n<meta property=\"og:image\" content=\"https:\/\/biblia.md\/wp-content\/uploads\/2026\/01\/0000008325.jpeg\" \/>\n\t<meta property=\"og:image:width\" content=\"600\" \/>\n\t<meta property=\"og:image:height\" content=\"900\" \/>\n\t<meta property=\"og:image:type\" content=\"image\/jpeg\" \/>\n<meta name=\"twitter:card\" content=\"summary_large_image\" \/>\n<meta name=\"twitter:label1\" content=\"Est. reading time\" \/>\n\t<meta name=\"twitter:data1\" content=\"1 minute\" \/>\n<script type=\"application\/ld+json\" class=\"yoast-schema-graph\">{\"@context\":\"https:\\\/\\\/schema.org\",\"@graph\":[{\"@type\":\"WebPage\",\"@id\":\"https:\\\/\\\/biblia.md\\\/shop\\\/apocalipsa-cap-1-3-si-doctrina-bisericii-vol-1\\\/\",\"url\":\"https:\\\/\\\/biblia.md\\\/shop\\\/apocalipsa-cap-1-3-si-doctrina-bisericii-vol-1\\\/\",\"name\":\"Apocalipsa - Cap. 1-3 si Doctrina Bisericii, Vol.1 - Societatea Biblic\u0103 din Moldova\",\"isPartOf\":{\"@id\":\"https:\\\/\\\/biblia.md\\\/#website\"},\"primaryImageOfPage\":{\"@id\":\"https:\\\/\\\/biblia.md\\\/shop\\\/apocalipsa-cap-1-3-si-doctrina-bisericii-vol-1\\\/#primaryimage\"},\"image\":{\"@id\":\"https:\\\/\\\/biblia.md\\\/shop\\\/apocalipsa-cap-1-3-si-doctrina-bisericii-vol-1\\\/#primaryimage\"},\"thumbnailUrl\":\"https:\\\/\\\/biblia.md\\\/wp-content\\\/uploads\\\/2026\\\/01\\\/0000008325.jpeg\",\"datePublished\":\"2025-12-31T22:41:34+00:00\",\"dateModified\":\"2025-12-31T22:41:35+00:00\",\"breadcrumb\":{\"@id\":\"https:\\\/\\\/biblia.md\\\/shop\\\/apocalipsa-cap-1-3-si-doctrina-bisericii-vol-1\\\/#breadcrumb\"},\"inLanguage\":\"en-US\",\"potentialAction\":[{\"@type\":\"ReadAction\",\"target\":[\"https:\\\/\\\/biblia.md\\\/shop\\\/apocalipsa-cap-1-3-si-doctrina-bisericii-vol-1\\\/\"]}]},{\"@type\":\"ImageObject\",\"inLanguage\":\"en-US\",\"@id\":\"https:\\\/\\\/biblia.md\\\/shop\\\/apocalipsa-cap-1-3-si-doctrina-bisericii-vol-1\\\/#primaryimage\",\"url\":\"https:\\\/\\\/biblia.md\\\/wp-content\\\/uploads\\\/2026\\\/01\\\/0000008325.jpeg\",\"contentUrl\":\"https:\\\/\\\/biblia.md\\\/wp-content\\\/uploads\\\/2026\\\/01\\\/0000008325.jpeg\",\"width\":600,\"height\":900},{\"@type\":\"BreadcrumbList\",\"@id\":\"https:\\\/\\\/biblia.md\\\/shop\\\/apocalipsa-cap-1-3-si-doctrina-bisericii-vol-1\\\/#breadcrumb\",\"itemListElement\":[{\"@type\":\"ListItem\",\"position\":1,\"name\":\"Prima pagin\u0103\",\"item\":\"https:\\\/\\\/biblia.md\\\/\"},{\"@type\":\"ListItem\",\"position\":2,\"name\":\"Shop\",\"item\":\"https:\\\/\\\/biblia.md\\\/shop\\\/\"},{\"@type\":\"ListItem\",\"position\":3,\"name\":\"Apocalipsa &#8211; Cap. 1-3 si Doctrina Bisericii, Vol.1\"}]},{\"@type\":\"WebSite\",\"@id\":\"https:\\\/\\\/biblia.md\\\/#website\",\"url\":\"https:\\\/\\\/biblia.md\\\/\",\"name\":\"Societatea Biblic\u0103 din Moldova\",\"description\":\"\",\"publisher\":{\"@id\":\"https:\\\/\\\/biblia.md\\\/#organization\"},\"potentialAction\":[{\"@type\":\"SearchAction\",\"target\":{\"@type\":\"EntryPoint\",\"urlTemplate\":\"https:\\\/\\\/biblia.md\\\/?s={search_term_string}\"},\"query-input\":{\"@type\":\"PropertyValueSpecification\",\"valueRequired\":true,\"valueName\":\"search_term_string\"}}],\"inLanguage\":\"en-US\"},{\"@type\":\"Organization\",\"@id\":\"https:\\\/\\\/biblia.md\\\/#organization\",\"name\":\"Societatea Biblic\u0103 din Moldova\",\"url\":\"https:\\\/\\\/biblia.md\\\/\",\"logo\":{\"@type\":\"ImageObject\",\"inLanguage\":\"en-US\",\"@id\":\"https:\\\/\\\/biblia.md\\\/#\\\/schema\\\/logo\\\/image\\\/\",\"url\":\"https:\\\/\\\/biblia.md\\\/wp-content\\\/uploads\\\/2026\\\/01\\\/icon_site.jpg\",\"contentUrl\":\"https:\\\/\\\/biblia.md\\\/wp-content\\\/uploads\\\/2026\\\/01\\\/icon_site.jpg\",\"width\":656,\"height\":656,\"caption\":\"Societatea Biblic\u0103 din Moldova\"},\"image\":{\"@id\":\"https:\\\/\\\/biblia.md\\\/#\\\/schema\\\/logo\\\/image\\\/\"},\"sameAs\":[\"https:\\\/\\\/www.facebook.com\\\/SocietateaBiblicaMoldova\\\/\",\"https:\\\/\\\/www.instagram.com\\\/biblia.md\\\/\"]}]}<\/script>\n<!-- \/ Yoast SEO plugin. -->","yoast_head_json":{"title":"Apocalipsa - Cap. 1-3 si Doctrina Bisericii, Vol.1 - Societatea Biblic\u0103 din Moldova","robots":{"index":"index","follow":"follow","max-snippet":"max-snippet:-1","max-image-preview":"max-image-preview:large","max-video-preview":"max-video-preview:-1"},"canonical":"https:\/\/biblia.md\/en\/shop\/apocalipsa-cap-1-3-si-doctrina-bisericii-vol-1\/","og_locale":"en_US","og_type":"article","og_title":"Apocalipsa - Cap. 1-3 si Doctrina Bisericii, Vol.1 - Societatea Biblic\u0103 din Moldova","og_description":"Rar ne este dat\u0103 ocazia, chiar \u015fi pe paginile Scripturii, ca s\u0103-L vedem pe Domnul Isus \u201econduc\u00e2nd adunarea general\u0103\u201d a unor biserici locale. Or, tocmai lucrul acesta se \u00eent\u00e2mpl\u0103 \u00een primele trei capitole ale c\u0103r\u0163ii Apocalipsa. Istoria a ajuns la punctul \u00een care se preg\u0103tea judecarea \u015fi pedepsirea Babilonului, Curva cea Mare. Centrul de influen\u0163\u0103 \u00een spa\u0163iul cre\u015ftin al acelor vremuri se mutase din Ierusalim \u00een Asia Mic\u0103. Domnul Isus Hristos Cel glorificat a trimis pe \u00eengerul Lui la robul S\u0103u, Ioan, ca, prin el, bisericile din Asia Mic\u0103 \u2013 Efes, Smirna, Pergam, Tiatira, Sardes, Filadelfia \u015fi Loadicea \u2013 s\u0103 afle lucrurile care aveau s\u0103 se \u00eent\u00e2mple \u00een cur\u00e2nd. Av\u00e2nd \u00eens\u0103 \u00een vedere faptul c\u0103 judecata \u00eencepe \u00eentotdeauna de la Casa lui Dumnezeu, situa\u0163ia specific\u0103 a fiec\u0103rei biserici este c\u00e2nt\u0103rit\u0103 de Domnul Isus, iar apoi a\u015fezat\u0103 \u00een lumina viziunilor apocaliptice din capitolele 4-22, pentru a convinge bisericile \u015fi pe membrii acestora de suveranitatea absolut\u0103 a scaunului de domnie din ceruri \u015fi pentru a \u00eencuraja la biruin\u0163\u0103.  Prin natura scrierii, analiza lui Hristos devine oglinda \u00een care se poate privi oricare din bisericile locale, care pretinde s\u0103-L aib\u0103 ca Domn pe Hristos Cel glorificat.","og_url":"https:\/\/biblia.md\/en\/shop\/apocalipsa-cap-1-3-si-doctrina-bisericii-vol-1\/","og_site_name":"Societatea Biblic\u0103 din Moldova","article_publisher":"https:\/\/www.facebook.com\/SocietateaBiblicaMoldova\/","article_modified_time":"2025-12-31T22:41:35+00:00","og_image":[{"width":600,"height":900,"url":"https:\/\/biblia.md\/wp-content\/uploads\/2026\/01\/0000008325.jpeg","type":"image\/jpeg"}],"twitter_card":"summary_large_image","twitter_misc":{"Est. reading time":"1 minute"},"schema":{"@context":"https:\/\/schema.org","@graph":[{"@type":"WebPage","@id":"https:\/\/biblia.md\/shop\/apocalipsa-cap-1-3-si-doctrina-bisericii-vol-1\/","url":"https:\/\/biblia.md\/shop\/apocalipsa-cap-1-3-si-doctrina-bisericii-vol-1\/","name":"Apocalipsa - Cap. 1-3 si Doctrina Bisericii, Vol.1 - Societatea Biblic\u0103 din Moldova","isPartOf":{"@id":"https:\/\/biblia.md\/#website"},"primaryImageOfPage":{"@id":"https:\/\/biblia.md\/shop\/apocalipsa-cap-1-3-si-doctrina-bisericii-vol-1\/#primaryimage"},"image":{"@id":"https:\/\/biblia.md\/shop\/apocalipsa-cap-1-3-si-doctrina-bisericii-vol-1\/#primaryimage"},"thumbnailUrl":"https:\/\/biblia.md\/wp-content\/uploads\/2026\/01\/0000008325.jpeg","datePublished":"2025-12-31T22:41:34+00:00","dateModified":"2025-12-31T22:41:35+00:00","breadcrumb":{"@id":"https:\/\/biblia.md\/shop\/apocalipsa-cap-1-3-si-doctrina-bisericii-vol-1\/#breadcrumb"},"inLanguage":"en-US","potentialAction":[{"@type":"ReadAction","target":["https:\/\/biblia.md\/shop\/apocalipsa-cap-1-3-si-doctrina-bisericii-vol-1\/"]}]},{"@type":"ImageObject","inLanguage":"en-US","@id":"https:\/\/biblia.md\/shop\/apocalipsa-cap-1-3-si-doctrina-bisericii-vol-1\/#primaryimage","url":"https:\/\/biblia.md\/wp-content\/uploads\/2026\/01\/0000008325.jpeg","contentUrl":"https:\/\/biblia.md\/wp-content\/uploads\/2026\/01\/0000008325.jpeg","width":600,"height":900},{"@type":"BreadcrumbList","@id":"https:\/\/biblia.md\/shop\/apocalipsa-cap-1-3-si-doctrina-bisericii-vol-1\/#breadcrumb","itemListElement":[{"@type":"ListItem","position":1,"name":"Prima pagin\u0103","item":"https:\/\/biblia.md\/"},{"@type":"ListItem","position":2,"name":"Shop","item":"https:\/\/biblia.md\/shop\/"},{"@type":"ListItem","position":3,"name":"Apocalipsa &#8211; Cap. 1-3 si Doctrina Bisericii, Vol.1"}]},{"@type":"WebSite","@id":"https:\/\/biblia.md\/#website","url":"https:\/\/biblia.md\/","name":"Societatea Biblic\u0103 din Moldova","description":"","publisher":{"@id":"https:\/\/biblia.md\/#organization"},"potentialAction":[{"@type":"SearchAction","target":{"@type":"EntryPoint","urlTemplate":"https:\/\/biblia.md\/?s={search_term_string}"},"query-input":{"@type":"PropertyValueSpecification","valueRequired":true,"valueName":"search_term_string"}}],"inLanguage":"en-US"},{"@type":"Organization","@id":"https:\/\/biblia.md\/#organization","name":"Societatea Biblic\u0103 din Moldova","url":"https:\/\/biblia.md\/","logo":{"@type":"ImageObject","inLanguage":"en-US","@id":"https:\/\/biblia.md\/#\/schema\/logo\/image\/","url":"https:\/\/biblia.md\/wp-content\/uploads\/2026\/01\/icon_site.jpg","contentUrl":"https:\/\/biblia.md\/wp-content\/uploads\/2026\/01\/icon_site.jpg","width":656,"height":656,"caption":"Societatea Biblic\u0103 din Moldova"},"image":{"@id":"https:\/\/biblia.md\/#\/schema\/logo\/image\/"},"sameAs":["https:\/\/www.facebook.com\/SocietateaBiblicaMoldova\/","https:\/\/www.instagram.com\/biblia.md\/"]}]}},"_links":{"self":[{"href":"https:\/\/biblia.md\/en\/wp-json\/wp\/v2\/product\/30512","targetHints":{"allow":["GET"]}}],"collection":[{"href":"https:\/\/biblia.md\/en\/wp-json\/wp\/v2\/product"}],"about":[{"href":"https:\/\/biblia.md\/en\/wp-json\/wp\/v2\/types\/product"}],"replies":[{"embeddable":true,"href":"https:\/\/biblia.md\/en\/wp-json\/wp\/v2\/comments?post=30512"}],"version-history":[{"count":1,"href":"https:\/\/biblia.md\/en\/wp-json\/wp\/v2\/product\/30512\/revisions"}],"predecessor-version":[{"id":30514,"href":"https:\/\/biblia.md\/en\/wp-json\/wp\/v2\/product\/30512\/revisions\/30514"}],"wp:featuredmedia":[{"embeddable":true,"href":"https:\/\/biblia.md\/en\/wp-json\/wp\/v2\/media\/30513"}],"wp:attachment":[{"href":"https:\/\/biblia.md\/en\/wp-json\/wp\/v2\/media?parent=30512"}],"wp:term":[{"taxonomy":"product_brand","embeddable":true,"href":"https:\/\/biblia.md\/en\/wp-json\/wp\/v2\/product_brand?post=30512"},{"taxonomy":"product_cat","embeddable":true,"href":"https:\/\/biblia.md\/en\/wp-json\/wp\/v2\/product_cat?post=30512"},{"taxonomy":"product_tag","embeddable":true,"href":"https:\/\/biblia.md\/en\/wp-json\/wp\/v2\/product_tag?post=30512"}],"curies":[{"name":"wp","href":"https:\/\/api.w.org\/{rel}","templated":true}]}}