{"id":30626,"date":"2026-01-02T16:19:29","date_gmt":"2026-01-02T14:19:29","guid":{"rendered":"https:\/\/biblia.md\/?post_type=product&#038;p=30626"},"modified":"2026-01-02T16:19:29","modified_gmt":"2026-01-02T14:19:29","slug":"asemenea-chipului-sau-abordari-biblice-si-practice-pentru-cresterea-spirituala","status":"publish","type":"product","link":"https:\/\/biblia.md\/en\/shop\/asemenea-chipului-sau-abordari-biblice-si-practice-pentru-cresterea-spirituala\/","title":{"rendered":"Asemenea chipului S\u0103u &#8211; Abordari biblice si practice pentru cresterea spirituala"},"content":{"rendered":"","protected":false},"excerpt":{"rendered":"<p>\u00cen vremurile noastre postmoderne, exist\u0103 o dorin\u021b\u0103 tot mai accentuat\u0103 dup\u0103 spiritualitatea autentic\u0103, care ne afecteaz\u0103 via\u021ba \u00eentr-un mod semnificativ \u0219i practic. Viziunea biblic\u0103 despre via\u021ba spiritual\u0103 ca rela\u021bie r\u0103scumparatoare cu Creatorul cel viu \u0219i personal al tuturor lucrurilor poate s\u0103 satisfac\u0103 aceast\u0103 dorin\u021b\u0103 ad\u00e2nc\u0103, dar cele mai multe relat\u0103ri ale acestei viziuni sunt fragmentare ori unilaterale.<\/p>\n<p>Scopul c\u0103r\u021bii<em>\u00a0Asemenea chipului S\u0103u<\/em>\u00a0este acela de a oferi o abordare mai cuprinz\u0103toare, echilibrat\u0103 \u0219i aplicabil\u0103 a ceea ce \u00eenseamn\u0103 a-L cunoa\u0219te pe Cristos. Cartea aceasta se va referi la aceast\u0103 nevoie prezent\u00e2nd nu una sau dou\u0103, ci o multitudine de c\u0103i \u00een via\u021ba spiritual\u0103 \u0219i ar\u0103t\u00e2nd felul \u00een care fiecare dintre ele poate contribui la procesul dinamic al cre\u0219terii spirituale. Ne vom uita la mai multe fa\u021bete ale giuvaierului care este via\u021ba spiritual\u0103 \u0219i vom vedea cum fiecare dintre acestea contribuie la ansamblu.<\/p>\n<p>&#8211; Dr. Kenneth Boa<\/p>","protected":false},"featured_media":30627,"comment_status":"open","ping_status":"closed","template":"","meta":[],"product_brand":[],"product_cat":[377,391,395],"product_tag":[],"class_list":{"0":"post-30626","1":"product","2":"type-product","3":"status-publish","4":"has-post-thumbnail","6":"product_cat-carti","7":"product_cat-consiliere-biblica","8":"product_cat-pentru-slujitori","9":"product_author-kenneth-boa","10":"product_genre-knigi-rom","12":"first","13":"instock","14":"shipping-taxable","15":"purchasable","16":"product-type-simple"},"yoast_head":"<!-- This site is optimized with the Yoast SEO plugin v27.3 - https:\/\/yoast.com\/product\/yoast-seo-wordpress\/ -->\n<title>Asemenea chipului S\u0103u - Abordari biblice si practice pentru cresterea spirituala - Societatea Biblic\u0103 din Moldova<\/title>\n<meta name=\"robots\" content=\"index, follow, max-snippet:-1, max-image-preview:large, max-video-preview:-1\" \/>\n<link rel=\"canonical\" href=\"https:\/\/biblia.md\/en\/shop\/asemenea-chipului-sau-abordari-biblice-si-practice-pentru-cresterea-spirituala\/\" \/>\n<meta property=\"og:locale\" content=\"en_US\" \/>\n<meta property=\"og:type\" content=\"article\" \/>\n<meta property=\"og:title\" content=\"Asemenea chipului S\u0103u - Abordari biblice si practice pentru cresterea spirituala - Societatea Biblic\u0103 din Moldova\" \/>\n<meta property=\"og:description\" content=\"\u00cen vremurile noastre postmoderne, exist\u0103 o dorin\u021b\u0103 tot mai accentuat\u0103 dup\u0103 spiritualitatea autentic\u0103, care ne afecteaz\u0103 via\u021ba \u00eentr-un mod semnificativ \u0219i practic. Viziunea biblic\u0103 despre via\u021ba spiritual\u0103 ca rela\u021bie r\u0103scumparatoare cu Creatorul cel viu \u0219i personal al tuturor lucrurilor poate s\u0103 satisfac\u0103 aceast\u0103 dorin\u021b\u0103 ad\u00e2nc\u0103, dar cele mai multe relat\u0103ri ale acestei viziuni sunt fragmentare ori unilaterale.  Scopul c\u0103r\u021bii\u00a0Asemenea chipului S\u0103u\u00a0este acela de a oferi o abordare mai cuprinz\u0103toare, echilibrat\u0103 \u0219i aplicabil\u0103 a ceea ce \u00eenseamn\u0103 a-L cunoa\u0219te pe Cristos. Cartea aceasta se va referi la aceast\u0103 nevoie prezent\u00e2nd nu una sau dou\u0103, ci o multitudine de c\u0103i \u00een via\u021ba spiritual\u0103 \u0219i ar\u0103t\u00e2nd felul \u00een care fiecare dintre ele poate contribui la procesul dinamic al cre\u0219terii spirituale. Ne vom uita la mai multe fa\u021bete ale giuvaierului care este via\u021ba spiritual\u0103 \u0219i vom vedea cum fiecare dintre acestea contribuie la ansamblu.  -- Dr. Kenneth Boa\" \/>\n<meta property=\"og:url\" content=\"https:\/\/biblia.md\/en\/shop\/asemenea-chipului-sau-abordari-biblice-si-practice-pentru-cresterea-spirituala\/\" \/>\n<meta property=\"og:site_name\" content=\"Societatea Biblic\u0103 din Moldova\" \/>\n<meta property=\"article:publisher\" content=\"https:\/\/www.facebook.com\/SocietateaBiblicaMoldova\/\" \/>\n<meta property=\"og:image\" content=\"https:\/\/biblia.md\/wp-content\/uploads\/2026\/01\/0000001857.jpeg\" \/>\n\t<meta property=\"og:image:width\" content=\"600\" \/>\n\t<meta property=\"og:image:height\" content=\"900\" \/>\n\t<meta property=\"og:image:type\" content=\"image\/jpeg\" \/>\n<meta name=\"twitter:card\" content=\"summary_large_image\" \/>\n<script type=\"application\/ld+json\" class=\"yoast-schema-graph\">{\"@context\":\"https:\\\/\\\/schema.org\",\"@graph\":[{\"@type\":\"WebPage\",\"@id\":\"https:\\\/\\\/biblia.md\\\/shop\\\/asemenea-chipului-sau-abordari-biblice-si-practice-pentru-cresterea-spirituala\\\/\",\"url\":\"https:\\\/\\\/biblia.md\\\/shop\\\/asemenea-chipului-sau-abordari-biblice-si-practice-pentru-cresterea-spirituala\\\/\",\"name\":\"Asemenea chipului S\u0103u - Abordari biblice si practice pentru cresterea spirituala - Societatea Biblic\u0103 din Moldova\",\"isPartOf\":{\"@id\":\"https:\\\/\\\/biblia.md\\\/#website\"},\"primaryImageOfPage\":{\"@id\":\"https:\\\/\\\/biblia.md\\\/shop\\\/asemenea-chipului-sau-abordari-biblice-si-practice-pentru-cresterea-spirituala\\\/#primaryimage\"},\"image\":{\"@id\":\"https:\\\/\\\/biblia.md\\\/shop\\\/asemenea-chipului-sau-abordari-biblice-si-practice-pentru-cresterea-spirituala\\\/#primaryimage\"},\"thumbnailUrl\":\"https:\\\/\\\/biblia.md\\\/wp-content\\\/uploads\\\/2026\\\/01\\\/0000001857.jpeg\",\"datePublished\":\"2026-01-02T14:19:29+00:00\",\"breadcrumb\":{\"@id\":\"https:\\\/\\\/biblia.md\\\/shop\\\/asemenea-chipului-sau-abordari-biblice-si-practice-pentru-cresterea-spirituala\\\/#breadcrumb\"},\"inLanguage\":\"en-US\",\"potentialAction\":[{\"@type\":\"ReadAction\",\"target\":[\"https:\\\/\\\/biblia.md\\\/shop\\\/asemenea-chipului-sau-abordari-biblice-si-practice-pentru-cresterea-spirituala\\\/\"]}]},{\"@type\":\"ImageObject\",\"inLanguage\":\"en-US\",\"@id\":\"https:\\\/\\\/biblia.md\\\/shop\\\/asemenea-chipului-sau-abordari-biblice-si-practice-pentru-cresterea-spirituala\\\/#primaryimage\",\"url\":\"https:\\\/\\\/biblia.md\\\/wp-content\\\/uploads\\\/2026\\\/01\\\/0000001857.jpeg\",\"contentUrl\":\"https:\\\/\\\/biblia.md\\\/wp-content\\\/uploads\\\/2026\\\/01\\\/0000001857.jpeg\",\"width\":600,\"height\":900},{\"@type\":\"BreadcrumbList\",\"@id\":\"https:\\\/\\\/biblia.md\\\/shop\\\/asemenea-chipului-sau-abordari-biblice-si-practice-pentru-cresterea-spirituala\\\/#breadcrumb\",\"itemListElement\":[{\"@type\":\"ListItem\",\"position\":1,\"name\":\"Prima pagin\u0103\",\"item\":\"https:\\\/\\\/biblia.md\\\/\"},{\"@type\":\"ListItem\",\"position\":2,\"name\":\"Shop\",\"item\":\"https:\\\/\\\/biblia.md\\\/shop\\\/\"},{\"@type\":\"ListItem\",\"position\":3,\"name\":\"Asemenea chipului S\u0103u &#8211; Abordari biblice si practice pentru cresterea spirituala\"}]},{\"@type\":\"WebSite\",\"@id\":\"https:\\\/\\\/biblia.md\\\/#website\",\"url\":\"https:\\\/\\\/biblia.md\\\/\",\"name\":\"Societatea Biblic\u0103 din Moldova\",\"description\":\"\",\"publisher\":{\"@id\":\"https:\\\/\\\/biblia.md\\\/#organization\"},\"potentialAction\":[{\"@type\":\"SearchAction\",\"target\":{\"@type\":\"EntryPoint\",\"urlTemplate\":\"https:\\\/\\\/biblia.md\\\/?s={search_term_string}\"},\"query-input\":{\"@type\":\"PropertyValueSpecification\",\"valueRequired\":true,\"valueName\":\"search_term_string\"}}],\"inLanguage\":\"en-US\"},{\"@type\":\"Organization\",\"@id\":\"https:\\\/\\\/biblia.md\\\/#organization\",\"name\":\"Societatea Biblic\u0103 din Moldova\",\"url\":\"https:\\\/\\\/biblia.md\\\/\",\"logo\":{\"@type\":\"ImageObject\",\"inLanguage\":\"en-US\",\"@id\":\"https:\\\/\\\/biblia.md\\\/#\\\/schema\\\/logo\\\/image\\\/\",\"url\":\"https:\\\/\\\/biblia.md\\\/wp-content\\\/uploads\\\/2026\\\/01\\\/icon_site.jpg\",\"contentUrl\":\"https:\\\/\\\/biblia.md\\\/wp-content\\\/uploads\\\/2026\\\/01\\\/icon_site.jpg\",\"width\":656,\"height\":656,\"caption\":\"Societatea Biblic\u0103 din Moldova\"},\"image\":{\"@id\":\"https:\\\/\\\/biblia.md\\\/#\\\/schema\\\/logo\\\/image\\\/\"},\"sameAs\":[\"https:\\\/\\\/www.facebook.com\\\/SocietateaBiblicaMoldova\\\/\",\"https:\\\/\\\/www.instagram.com\\\/biblia.md\\\/\"]}]}<\/script>\n<!-- \/ Yoast SEO plugin. -->","yoast_head_json":{"title":"Asemenea chipului S\u0103u - Abordari biblice si practice pentru cresterea spirituala - Societatea Biblic\u0103 din Moldova","robots":{"index":"index","follow":"follow","max-snippet":"max-snippet:-1","max-image-preview":"max-image-preview:large","max-video-preview":"max-video-preview:-1"},"canonical":"https:\/\/biblia.md\/en\/shop\/asemenea-chipului-sau-abordari-biblice-si-practice-pentru-cresterea-spirituala\/","og_locale":"en_US","og_type":"article","og_title":"Asemenea chipului S\u0103u - Abordari biblice si practice pentru cresterea spirituala - Societatea Biblic\u0103 din Moldova","og_description":"\u00cen vremurile noastre postmoderne, exist\u0103 o dorin\u021b\u0103 tot mai accentuat\u0103 dup\u0103 spiritualitatea autentic\u0103, care ne afecteaz\u0103 via\u021ba \u00eentr-un mod semnificativ \u0219i practic. Viziunea biblic\u0103 despre via\u021ba spiritual\u0103 ca rela\u021bie r\u0103scumparatoare cu Creatorul cel viu \u0219i personal al tuturor lucrurilor poate s\u0103 satisfac\u0103 aceast\u0103 dorin\u021b\u0103 ad\u00e2nc\u0103, dar cele mai multe relat\u0103ri ale acestei viziuni sunt fragmentare ori unilaterale.  Scopul c\u0103r\u021bii\u00a0Asemenea chipului S\u0103u\u00a0este acela de a oferi o abordare mai cuprinz\u0103toare, echilibrat\u0103 \u0219i aplicabil\u0103 a ceea ce \u00eenseamn\u0103 a-L cunoa\u0219te pe Cristos. Cartea aceasta se va referi la aceast\u0103 nevoie prezent\u00e2nd nu una sau dou\u0103, ci o multitudine de c\u0103i \u00een via\u021ba spiritual\u0103 \u0219i ar\u0103t\u00e2nd felul \u00een care fiecare dintre ele poate contribui la procesul dinamic al cre\u0219terii spirituale. Ne vom uita la mai multe fa\u021bete ale giuvaierului care este via\u021ba spiritual\u0103 \u0219i vom vedea cum fiecare dintre acestea contribuie la ansamblu.  -- Dr. Kenneth Boa","og_url":"https:\/\/biblia.md\/en\/shop\/asemenea-chipului-sau-abordari-biblice-si-practice-pentru-cresterea-spirituala\/","og_site_name":"Societatea Biblic\u0103 din Moldova","article_publisher":"https:\/\/www.facebook.com\/SocietateaBiblicaMoldova\/","og_image":[{"width":600,"height":900,"url":"https:\/\/biblia.md\/wp-content\/uploads\/2026\/01\/0000001857.jpeg","type":"image\/jpeg"}],"twitter_card":"summary_large_image","schema":{"@context":"https:\/\/schema.org","@graph":[{"@type":"WebPage","@id":"https:\/\/biblia.md\/shop\/asemenea-chipului-sau-abordari-biblice-si-practice-pentru-cresterea-spirituala\/","url":"https:\/\/biblia.md\/shop\/asemenea-chipului-sau-abordari-biblice-si-practice-pentru-cresterea-spirituala\/","name":"Asemenea chipului S\u0103u - Abordari biblice si practice pentru cresterea spirituala - Societatea Biblic\u0103 din Moldova","isPartOf":{"@id":"https:\/\/biblia.md\/#website"},"primaryImageOfPage":{"@id":"https:\/\/biblia.md\/shop\/asemenea-chipului-sau-abordari-biblice-si-practice-pentru-cresterea-spirituala\/#primaryimage"},"image":{"@id":"https:\/\/biblia.md\/shop\/asemenea-chipului-sau-abordari-biblice-si-practice-pentru-cresterea-spirituala\/#primaryimage"},"thumbnailUrl":"https:\/\/biblia.md\/wp-content\/uploads\/2026\/01\/0000001857.jpeg","datePublished":"2026-01-02T14:19:29+00:00","breadcrumb":{"@id":"https:\/\/biblia.md\/shop\/asemenea-chipului-sau-abordari-biblice-si-practice-pentru-cresterea-spirituala\/#breadcrumb"},"inLanguage":"en-US","potentialAction":[{"@type":"ReadAction","target":["https:\/\/biblia.md\/shop\/asemenea-chipului-sau-abordari-biblice-si-practice-pentru-cresterea-spirituala\/"]}]},{"@type":"ImageObject","inLanguage":"en-US","@id":"https:\/\/biblia.md\/shop\/asemenea-chipului-sau-abordari-biblice-si-practice-pentru-cresterea-spirituala\/#primaryimage","url":"https:\/\/biblia.md\/wp-content\/uploads\/2026\/01\/0000001857.jpeg","contentUrl":"https:\/\/biblia.md\/wp-content\/uploads\/2026\/01\/0000001857.jpeg","width":600,"height":900},{"@type":"BreadcrumbList","@id":"https:\/\/biblia.md\/shop\/asemenea-chipului-sau-abordari-biblice-si-practice-pentru-cresterea-spirituala\/#breadcrumb","itemListElement":[{"@type":"ListItem","position":1,"name":"Prima pagin\u0103","item":"https:\/\/biblia.md\/"},{"@type":"ListItem","position":2,"name":"Shop","item":"https:\/\/biblia.md\/shop\/"},{"@type":"ListItem","position":3,"name":"Asemenea chipului S\u0103u &#8211; Abordari biblice si practice pentru cresterea spirituala"}]},{"@type":"WebSite","@id":"https:\/\/biblia.md\/#website","url":"https:\/\/biblia.md\/","name":"Societatea Biblic\u0103 din Moldova","description":"","publisher":{"@id":"https:\/\/biblia.md\/#organization"},"potentialAction":[{"@type":"SearchAction","target":{"@type":"EntryPoint","urlTemplate":"https:\/\/biblia.md\/?s={search_term_string}"},"query-input":{"@type":"PropertyValueSpecification","valueRequired":true,"valueName":"search_term_string"}}],"inLanguage":"en-US"},{"@type":"Organization","@id":"https:\/\/biblia.md\/#organization","name":"Societatea Biblic\u0103 din Moldova","url":"https:\/\/biblia.md\/","logo":{"@type":"ImageObject","inLanguage":"en-US","@id":"https:\/\/biblia.md\/#\/schema\/logo\/image\/","url":"https:\/\/biblia.md\/wp-content\/uploads\/2026\/01\/icon_site.jpg","contentUrl":"https:\/\/biblia.md\/wp-content\/uploads\/2026\/01\/icon_site.jpg","width":656,"height":656,"caption":"Societatea Biblic\u0103 din Moldova"},"image":{"@id":"https:\/\/biblia.md\/#\/schema\/logo\/image\/"},"sameAs":["https:\/\/www.facebook.com\/SocietateaBiblicaMoldova\/","https:\/\/www.instagram.com\/biblia.md\/"]}]}},"_links":{"self":[{"href":"https:\/\/biblia.md\/en\/wp-json\/wp\/v2\/product\/30626","targetHints":{"allow":["GET"]}}],"collection":[{"href":"https:\/\/biblia.md\/en\/wp-json\/wp\/v2\/product"}],"about":[{"href":"https:\/\/biblia.md\/en\/wp-json\/wp\/v2\/types\/product"}],"replies":[{"embeddable":true,"href":"https:\/\/biblia.md\/en\/wp-json\/wp\/v2\/comments?post=30626"}],"version-history":[{"count":1,"href":"https:\/\/biblia.md\/en\/wp-json\/wp\/v2\/product\/30626\/revisions"}],"predecessor-version":[{"id":30628,"href":"https:\/\/biblia.md\/en\/wp-json\/wp\/v2\/product\/30626\/revisions\/30628"}],"wp:featuredmedia":[{"embeddable":true,"href":"https:\/\/biblia.md\/en\/wp-json\/wp\/v2\/media\/30627"}],"wp:attachment":[{"href":"https:\/\/biblia.md\/en\/wp-json\/wp\/v2\/media?parent=30626"}],"wp:term":[{"taxonomy":"product_brand","embeddable":true,"href":"https:\/\/biblia.md\/en\/wp-json\/wp\/v2\/product_brand?post=30626"},{"taxonomy":"product_cat","embeddable":true,"href":"https:\/\/biblia.md\/en\/wp-json\/wp\/v2\/product_cat?post=30626"},{"taxonomy":"product_tag","embeddable":true,"href":"https:\/\/biblia.md\/en\/wp-json\/wp\/v2\/product_tag?post=30626"}],"curies":[{"name":"wp","href":"https:\/\/api.w.org\/{rel}","templated":true}]}}