{"id":30632,"date":"2026-01-02T16:33:25","date_gmt":"2026-01-02T14:33:25","guid":{"rendered":"https:\/\/biblia.md\/?post_type=product&#038;p=30632"},"modified":"2026-01-02T16:35:26","modified_gmt":"2026-01-02T14:35:26","slug":"asemenea-lui-isus","status":"publish","type":"product","link":"https:\/\/biblia.md\/en\/shop\/asemenea-lui-isus\/","title":{"rendered":"Asemenea lui Isus &#8211; S\u0103 \u00eenv\u0103\u021b\u0103m s\u0103 avem o inim\u0103 ca a Lui"},"content":{"rendered":"<p><strong>Max Lucado<\/strong>\u00a0este autorul a peste 50 de carti, publicate in peste 28 de milioane de exemplare. Revista\u00a0<em>Christianity Today<\/em>\u00a0l-a numit \u201ePastorul Americii\u201d, iar in 2005, revista\u00a0<em>Reader\u2019s Digest<\/em>\u00a0l-a prezentat drept \u201eCel mai bun predicator din America\u201d. El participa la diverse emisiuni de televiziune, iar cartile sale se afla cu regularitate pe lista bestsellerurilor ziarului<em>\u00a0New York Times.<\/em><br \/>\nMax este casatorit cu Denalyn si au impreuna trei fiice: Jenna, Andrea si Sara.<\/p>","protected":false},"excerpt":{"rendered":"<p>El te iubeste asa cum esti, insa refuza sa te lase asa.<br \/>\nEl vrea sa devii asemenea lui Isus!<\/p>\n<p>Nu-i asa ca e o veste buna? Ca nu esti condamnat la nemultumire vesnica; ca te poti schimba. Chiar daca pana acum te-ai ingrijorat in fiecare zi, de-acum incolo nu mai trebuie sa te ingrijorezi. Daca te-ai nascut cu o perspectiva sumbra, nu trebuie sa si mori cu ea. Dumnezeu te va schimba in asa fel incat sa devii asemenea lui Isus. Poti gasi vreo oferta mai buna?<br \/>\nIsus nu a avut sentimente de vinovatie; Dumnezeu vrea ca nici tu sa nu ai. Insa cum poate avea loc aceasta schimbare? Si de ce pare ea atat de lenta? Daca Dumnezeu vrea sa fii asemenea lui Isus, atunci de ce inca semeni atat de mult cu tine?<br \/>\nLucado este un maestro al cuvintelor, iar in cartea de fata, una dintre capodoperele sale referitoare la modul in care trebuie traita viata, te va ajuta sa raspunzi la aceste intrebari si sa intelegi modul extraordinar in care te transforma Dumnezeu. Lectura ei te va incuraja sa lasi in urma platitudinea unei vieti obisnuite pentru a gusta incantarea pe care numai Isus ti-o poate produce.<\/p>\n<p>&nbsp;<\/p>","protected":false},"featured_media":30633,"comment_status":"open","ping_status":"closed","template":"","meta":[],"product_brand":[],"product_cat":[377,388],"product_tag":[],"class_list":{"0":"post-30632","1":"product","2":"type-product","3":"status-publish","4":"has-post-thumbnail","6":"product_cat-carti","7":"product_cat-viata-crestina","8":"product_author-max-lucado","9":"product_genre-knigi-rom","11":"first","12":"instock","13":"shipping-taxable","14":"purchasable","15":"product-type-simple"},"yoast_head":"<!-- This site is optimized with the Yoast SEO plugin v27.3 - https:\/\/yoast.com\/product\/yoast-seo-wordpress\/ -->\n<title>Asemenea lui Isus - S\u0103 \u00eenv\u0103\u021b\u0103m s\u0103 avem o inim\u0103 ca a Lui - Societatea Biblic\u0103 din Moldova<\/title>\n<meta name=\"robots\" content=\"index, follow, max-snippet:-1, max-image-preview:large, max-video-preview:-1\" \/>\n<link rel=\"canonical\" href=\"https:\/\/biblia.md\/en\/shop\/asemenea-lui-isus\/\" \/>\n<meta property=\"og:locale\" content=\"en_US\" \/>\n<meta property=\"og:type\" content=\"article\" \/>\n<meta property=\"og:title\" content=\"Asemenea lui Isus - S\u0103 \u00eenv\u0103\u021b\u0103m s\u0103 avem o inim\u0103 ca a Lui - Societatea Biblic\u0103 din Moldova\" \/>\n<meta property=\"og:description\" content=\"El te iubeste asa cum esti, insa refuza sa te lase asa. El vrea sa devii asemenea lui Isus!  Nu-i asa ca e o veste buna? Ca nu esti condamnat la nemultumire vesnica; ca te poti schimba. Chiar daca pana acum te-ai ingrijorat in fiecare zi, de-acum incolo nu mai trebuie sa te ingrijorezi. Daca te-ai nascut cu o perspectiva sumbra, nu trebuie sa si mori cu ea. Dumnezeu te va schimba in asa fel incat sa devii asemenea lui Isus. Poti gasi vreo oferta mai buna? Isus nu a avut sentimente de vinovatie; Dumnezeu vrea ca nici tu sa nu ai. Insa cum poate avea loc aceasta schimbare? Si de ce pare ea atat de lenta? Daca Dumnezeu vrea sa fii asemenea lui Isus, atunci de ce inca semeni atat de mult cu tine? Lucado este un maestro al cuvintelor, iar in cartea de fata, una dintre capodoperele sale referitoare la modul in care trebuie traita viata, te va ajuta sa raspunzi la aceste intrebari si sa intelegi modul extraordinar in care te transforma Dumnezeu. Lectura ei te va incuraja sa lasi in urma platitudinea unei vieti obisnuite pentru a gusta incantarea pe care numai Isus ti-o poate produce.  &nbsp;\" \/>\n<meta property=\"og:url\" content=\"https:\/\/biblia.md\/en\/shop\/asemenea-lui-isus\/\" \/>\n<meta property=\"og:site_name\" content=\"Societatea Biblic\u0103 din Moldova\" \/>\n<meta property=\"article:publisher\" content=\"https:\/\/www.facebook.com\/SocietateaBiblicaMoldova\/\" \/>\n<meta property=\"article:modified_time\" content=\"2026-01-02T14:35:26+00:00\" \/>\n<meta property=\"og:image\" content=\"https:\/\/biblia.md\/wp-content\/uploads\/2026\/01\/0000000723.jpg\" \/>\n\t<meta property=\"og:image:width\" content=\"768\" \/>\n\t<meta property=\"og:image:height\" content=\"1086\" \/>\n\t<meta property=\"og:image:type\" content=\"image\/jpeg\" \/>\n<meta name=\"twitter:card\" content=\"summary_large_image\" \/>\n<script type=\"application\/ld+json\" class=\"yoast-schema-graph\">{\"@context\":\"https:\\\/\\\/schema.org\",\"@graph\":[{\"@type\":\"WebPage\",\"@id\":\"https:\\\/\\\/biblia.md\\\/shop\\\/asemenea-lui-isus\\\/\",\"url\":\"https:\\\/\\\/biblia.md\\\/shop\\\/asemenea-lui-isus\\\/\",\"name\":\"Asemenea lui Isus - S\u0103 \u00eenv\u0103\u021b\u0103m s\u0103 avem o inim\u0103 ca a Lui - Societatea Biblic\u0103 din Moldova\",\"isPartOf\":{\"@id\":\"https:\\\/\\\/biblia.md\\\/#website\"},\"primaryImageOfPage\":{\"@id\":\"https:\\\/\\\/biblia.md\\\/shop\\\/asemenea-lui-isus\\\/#primaryimage\"},\"image\":{\"@id\":\"https:\\\/\\\/biblia.md\\\/shop\\\/asemenea-lui-isus\\\/#primaryimage\"},\"thumbnailUrl\":\"https:\\\/\\\/biblia.md\\\/wp-content\\\/uploads\\\/2026\\\/01\\\/0000000723.jpg\",\"datePublished\":\"2026-01-02T14:33:25+00:00\",\"dateModified\":\"2026-01-02T14:35:26+00:00\",\"breadcrumb\":{\"@id\":\"https:\\\/\\\/biblia.md\\\/shop\\\/asemenea-lui-isus\\\/#breadcrumb\"},\"inLanguage\":\"en-US\",\"potentialAction\":[{\"@type\":\"ReadAction\",\"target\":[\"https:\\\/\\\/biblia.md\\\/shop\\\/asemenea-lui-isus\\\/\"]}]},{\"@type\":\"ImageObject\",\"inLanguage\":\"en-US\",\"@id\":\"https:\\\/\\\/biblia.md\\\/shop\\\/asemenea-lui-isus\\\/#primaryimage\",\"url\":\"https:\\\/\\\/biblia.md\\\/wp-content\\\/uploads\\\/2026\\\/01\\\/0000000723.jpg\",\"contentUrl\":\"https:\\\/\\\/biblia.md\\\/wp-content\\\/uploads\\\/2026\\\/01\\\/0000000723.jpg\",\"width\":768,\"height\":1086},{\"@type\":\"BreadcrumbList\",\"@id\":\"https:\\\/\\\/biblia.md\\\/shop\\\/asemenea-lui-isus\\\/#breadcrumb\",\"itemListElement\":[{\"@type\":\"ListItem\",\"position\":1,\"name\":\"Prima pagin\u0103\",\"item\":\"https:\\\/\\\/biblia.md\\\/\"},{\"@type\":\"ListItem\",\"position\":2,\"name\":\"Shop\",\"item\":\"https:\\\/\\\/biblia.md\\\/shop\\\/\"},{\"@type\":\"ListItem\",\"position\":3,\"name\":\"Asemenea lui Isus &#8211; S\u0103 \u00eenv\u0103\u021b\u0103m s\u0103 avem o inim\u0103 ca a Lui\"}]},{\"@type\":\"WebSite\",\"@id\":\"https:\\\/\\\/biblia.md\\\/#website\",\"url\":\"https:\\\/\\\/biblia.md\\\/\",\"name\":\"Societatea Biblic\u0103 din Moldova\",\"description\":\"\",\"publisher\":{\"@id\":\"https:\\\/\\\/biblia.md\\\/#organization\"},\"potentialAction\":[{\"@type\":\"SearchAction\",\"target\":{\"@type\":\"EntryPoint\",\"urlTemplate\":\"https:\\\/\\\/biblia.md\\\/?s={search_term_string}\"},\"query-input\":{\"@type\":\"PropertyValueSpecification\",\"valueRequired\":true,\"valueName\":\"search_term_string\"}}],\"inLanguage\":\"en-US\"},{\"@type\":\"Organization\",\"@id\":\"https:\\\/\\\/biblia.md\\\/#organization\",\"name\":\"Societatea Biblic\u0103 din Moldova\",\"url\":\"https:\\\/\\\/biblia.md\\\/\",\"logo\":{\"@type\":\"ImageObject\",\"inLanguage\":\"en-US\",\"@id\":\"https:\\\/\\\/biblia.md\\\/#\\\/schema\\\/logo\\\/image\\\/\",\"url\":\"https:\\\/\\\/biblia.md\\\/wp-content\\\/uploads\\\/2026\\\/01\\\/icon_site.jpg\",\"contentUrl\":\"https:\\\/\\\/biblia.md\\\/wp-content\\\/uploads\\\/2026\\\/01\\\/icon_site.jpg\",\"width\":656,\"height\":656,\"caption\":\"Societatea Biblic\u0103 din Moldova\"},\"image\":{\"@id\":\"https:\\\/\\\/biblia.md\\\/#\\\/schema\\\/logo\\\/image\\\/\"},\"sameAs\":[\"https:\\\/\\\/www.facebook.com\\\/SocietateaBiblicaMoldova\\\/\",\"https:\\\/\\\/www.instagram.com\\\/biblia.md\\\/\"]}]}<\/script>\n<!-- \/ Yoast SEO plugin. -->","yoast_head_json":{"title":"Asemenea lui Isus - S\u0103 \u00eenv\u0103\u021b\u0103m s\u0103 avem o inim\u0103 ca a Lui - Societatea Biblic\u0103 din Moldova","robots":{"index":"index","follow":"follow","max-snippet":"max-snippet:-1","max-image-preview":"max-image-preview:large","max-video-preview":"max-video-preview:-1"},"canonical":"https:\/\/biblia.md\/en\/shop\/asemenea-lui-isus\/","og_locale":"en_US","og_type":"article","og_title":"Asemenea lui Isus - S\u0103 \u00eenv\u0103\u021b\u0103m s\u0103 avem o inim\u0103 ca a Lui - Societatea Biblic\u0103 din Moldova","og_description":"El te iubeste asa cum esti, insa refuza sa te lase asa. El vrea sa devii asemenea lui Isus!  Nu-i asa ca e o veste buna? Ca nu esti condamnat la nemultumire vesnica; ca te poti schimba. Chiar daca pana acum te-ai ingrijorat in fiecare zi, de-acum incolo nu mai trebuie sa te ingrijorezi. Daca te-ai nascut cu o perspectiva sumbra, nu trebuie sa si mori cu ea. Dumnezeu te va schimba in asa fel incat sa devii asemenea lui Isus. Poti gasi vreo oferta mai buna? Isus nu a avut sentimente de vinovatie; Dumnezeu vrea ca nici tu sa nu ai. Insa cum poate avea loc aceasta schimbare? Si de ce pare ea atat de lenta? Daca Dumnezeu vrea sa fii asemenea lui Isus, atunci de ce inca semeni atat de mult cu tine? Lucado este un maestro al cuvintelor, iar in cartea de fata, una dintre capodoperele sale referitoare la modul in care trebuie traita viata, te va ajuta sa raspunzi la aceste intrebari si sa intelegi modul extraordinar in care te transforma Dumnezeu. Lectura ei te va incuraja sa lasi in urma platitudinea unei vieti obisnuite pentru a gusta incantarea pe care numai Isus ti-o poate produce.  &nbsp;","og_url":"https:\/\/biblia.md\/en\/shop\/asemenea-lui-isus\/","og_site_name":"Societatea Biblic\u0103 din Moldova","article_publisher":"https:\/\/www.facebook.com\/SocietateaBiblicaMoldova\/","article_modified_time":"2026-01-02T14:35:26+00:00","og_image":[{"width":768,"height":1086,"url":"https:\/\/biblia.md\/wp-content\/uploads\/2026\/01\/0000000723.jpg","type":"image\/jpeg"}],"twitter_card":"summary_large_image","schema":{"@context":"https:\/\/schema.org","@graph":[{"@type":"WebPage","@id":"https:\/\/biblia.md\/shop\/asemenea-lui-isus\/","url":"https:\/\/biblia.md\/shop\/asemenea-lui-isus\/","name":"Asemenea lui Isus - S\u0103 \u00eenv\u0103\u021b\u0103m s\u0103 avem o inim\u0103 ca a Lui - Societatea Biblic\u0103 din Moldova","isPartOf":{"@id":"https:\/\/biblia.md\/#website"},"primaryImageOfPage":{"@id":"https:\/\/biblia.md\/shop\/asemenea-lui-isus\/#primaryimage"},"image":{"@id":"https:\/\/biblia.md\/shop\/asemenea-lui-isus\/#primaryimage"},"thumbnailUrl":"https:\/\/biblia.md\/wp-content\/uploads\/2026\/01\/0000000723.jpg","datePublished":"2026-01-02T14:33:25+00:00","dateModified":"2026-01-02T14:35:26+00:00","breadcrumb":{"@id":"https:\/\/biblia.md\/shop\/asemenea-lui-isus\/#breadcrumb"},"inLanguage":"en-US","potentialAction":[{"@type":"ReadAction","target":["https:\/\/biblia.md\/shop\/asemenea-lui-isus\/"]}]},{"@type":"ImageObject","inLanguage":"en-US","@id":"https:\/\/biblia.md\/shop\/asemenea-lui-isus\/#primaryimage","url":"https:\/\/biblia.md\/wp-content\/uploads\/2026\/01\/0000000723.jpg","contentUrl":"https:\/\/biblia.md\/wp-content\/uploads\/2026\/01\/0000000723.jpg","width":768,"height":1086},{"@type":"BreadcrumbList","@id":"https:\/\/biblia.md\/shop\/asemenea-lui-isus\/#breadcrumb","itemListElement":[{"@type":"ListItem","position":1,"name":"Prima pagin\u0103","item":"https:\/\/biblia.md\/"},{"@type":"ListItem","position":2,"name":"Shop","item":"https:\/\/biblia.md\/shop\/"},{"@type":"ListItem","position":3,"name":"Asemenea lui Isus &#8211; S\u0103 \u00eenv\u0103\u021b\u0103m s\u0103 avem o inim\u0103 ca a Lui"}]},{"@type":"WebSite","@id":"https:\/\/biblia.md\/#website","url":"https:\/\/biblia.md\/","name":"Societatea Biblic\u0103 din Moldova","description":"","publisher":{"@id":"https:\/\/biblia.md\/#organization"},"potentialAction":[{"@type":"SearchAction","target":{"@type":"EntryPoint","urlTemplate":"https:\/\/biblia.md\/?s={search_term_string}"},"query-input":{"@type":"PropertyValueSpecification","valueRequired":true,"valueName":"search_term_string"}}],"inLanguage":"en-US"},{"@type":"Organization","@id":"https:\/\/biblia.md\/#organization","name":"Societatea Biblic\u0103 din Moldova","url":"https:\/\/biblia.md\/","logo":{"@type":"ImageObject","inLanguage":"en-US","@id":"https:\/\/biblia.md\/#\/schema\/logo\/image\/","url":"https:\/\/biblia.md\/wp-content\/uploads\/2026\/01\/icon_site.jpg","contentUrl":"https:\/\/biblia.md\/wp-content\/uploads\/2026\/01\/icon_site.jpg","width":656,"height":656,"caption":"Societatea Biblic\u0103 din Moldova"},"image":{"@id":"https:\/\/biblia.md\/#\/schema\/logo\/image\/"},"sameAs":["https:\/\/www.facebook.com\/SocietateaBiblicaMoldova\/","https:\/\/www.instagram.com\/biblia.md\/"]}]}},"_links":{"self":[{"href":"https:\/\/biblia.md\/en\/wp-json\/wp\/v2\/product\/30632","targetHints":{"allow":["GET"]}}],"collection":[{"href":"https:\/\/biblia.md\/en\/wp-json\/wp\/v2\/product"}],"about":[{"href":"https:\/\/biblia.md\/en\/wp-json\/wp\/v2\/types\/product"}],"replies":[{"embeddable":true,"href":"https:\/\/biblia.md\/en\/wp-json\/wp\/v2\/comments?post=30632"}],"version-history":[{"count":2,"href":"https:\/\/biblia.md\/en\/wp-json\/wp\/v2\/product\/30632\/revisions"}],"predecessor-version":[{"id":30635,"href":"https:\/\/biblia.md\/en\/wp-json\/wp\/v2\/product\/30632\/revisions\/30635"}],"wp:featuredmedia":[{"embeddable":true,"href":"https:\/\/biblia.md\/en\/wp-json\/wp\/v2\/media\/30633"}],"wp:attachment":[{"href":"https:\/\/biblia.md\/en\/wp-json\/wp\/v2\/media?parent=30632"}],"wp:term":[{"taxonomy":"product_brand","embeddable":true,"href":"https:\/\/biblia.md\/en\/wp-json\/wp\/v2\/product_brand?post=30632"},{"taxonomy":"product_cat","embeddable":true,"href":"https:\/\/biblia.md\/en\/wp-json\/wp\/v2\/product_cat?post=30632"},{"taxonomy":"product_tag","embeddable":true,"href":"https:\/\/biblia.md\/en\/wp-json\/wp\/v2\/product_tag?post=30632"}],"curies":[{"name":"wp","href":"https:\/\/api.w.org\/{rel}","templated":true}]}}