{"id":30644,"date":"2026-01-02T16:57:57","date_gmt":"2026-01-02T14:57:57","guid":{"rendered":"https:\/\/biblia.md\/?post_type=product&#038;p=30644"},"modified":"2026-01-02T16:57:57","modified_gmt":"2026-01-02T14:57:57","slug":"atitudinea-este-totul","status":"publish","type":"product","link":"https:\/\/biblia.md\/en\/shop\/atitudinea-este-totul\/","title":{"rendered":"Atitudinea este totul"},"content":{"rendered":"","protected":false},"excerpt":{"rendered":"<p>\u201eCon\u0163inutul acestei c\u0103r\u0163i pare s\u0103 fie povestea vie\u0163ii mele. \u015ei eu am trecut printr-o perioad\u0103 grea, demoralizant\u0103. \u00centr-o zi m-am hot\u0103r\u00e2t s\u0103-mi schimb via\u0163a schimb\u00e2ndu-mi g\u00e2ndirea. Am citit c\u0103r\u0163i despre atitudine \u015fi am ascultat casete motiva\u0163ionale p\u00e2n\u0103 c\u00e2nd am reu\u015fit cu adev\u0103rat s\u0103-mi schimb g\u00e2ndurile \u015fi via\u0163a. Cu ani \u00een urm\u0103, mi-am luat angajamentul de a-mi ajuta semenii, \u00eentruc\u00e2t mi-am dat seama c\u0103 noi suntem cei care ne croim propriile destine. Jeff Keller a reu\u015fit un lucru extraordinar a\u015ftern\u00e2nd aceste \u201elec\u0163ii\u201c pe h\u00e2rtie, \u00een timp ce mie mi-au trebuit ani s\u0103 ajung s\u0103 le \u00eenv\u0103\u0163 singur\u0103. El a reu\u015fit s\u0103 v\u0103 ofere o carte u\u015for de citit, o adev\u0103rat\u0103 capodoper\u0103 motiva\u0163ional\u0103 care v\u0103 \u00eenva\u0163\u0103 cum s\u0103 atinge\u0163i adev\u0103rata fericire. V\u0103 recomand cu mult\u0103 c\u0103ldur\u0103\u00a0<em>Atitudinea este totul<\/em>.\u201c Crystal Rose<\/p>","protected":false},"featured_media":30645,"comment_status":"open","ping_status":"closed","template":"","meta":[],"product_brand":[],"product_cat":[377,385],"product_tag":[],"class_list":{"0":"post-30644","1":"product","2":"type-product","3":"status-publish","4":"has-post-thumbnail","6":"product_cat-carti","7":"product_cat-dezvoltare-personala","8":"product_author-jeff-keller","9":"product_genre-knigi-rom","11":"first","12":"instock","13":"shipping-taxable","14":"purchasable","15":"product-type-simple"},"yoast_head":"<!-- This site is optimized with the Yoast SEO plugin v27.3 - https:\/\/yoast.com\/product\/yoast-seo-wordpress\/ -->\n<title>Atitudinea este totul - Societatea Biblic\u0103 din Moldova<\/title>\n<meta name=\"robots\" content=\"index, follow, max-snippet:-1, max-image-preview:large, max-video-preview:-1\" \/>\n<link rel=\"canonical\" href=\"https:\/\/biblia.md\/en\/shop\/atitudinea-este-totul\/\" \/>\n<meta property=\"og:locale\" content=\"en_US\" \/>\n<meta property=\"og:type\" content=\"article\" \/>\n<meta property=\"og:title\" content=\"Atitudinea este totul - Societatea Biblic\u0103 din Moldova\" \/>\n<meta property=\"og:description\" content=\"\u201eCon\u0163inutul acestei c\u0103r\u0163i pare s\u0103 fie povestea vie\u0163ii mele. \u015ei eu am trecut printr-o perioad\u0103 grea, demoralizant\u0103. \u00centr-o zi m-am hot\u0103r\u00e2t s\u0103-mi schimb via\u0163a schimb\u00e2ndu-mi g\u00e2ndirea. Am citit c\u0103r\u0163i despre atitudine \u015fi am ascultat casete motiva\u0163ionale p\u00e2n\u0103 c\u00e2nd am reu\u015fit cu adev\u0103rat s\u0103-mi schimb g\u00e2ndurile \u015fi via\u0163a. Cu ani \u00een urm\u0103, mi-am luat angajamentul de a-mi ajuta semenii, \u00eentruc\u00e2t mi-am dat seama c\u0103 noi suntem cei care ne croim propriile destine. Jeff Keller a reu\u015fit un lucru extraordinar a\u015ftern\u00e2nd aceste \u201elec\u0163ii\u201c pe h\u00e2rtie, \u00een timp ce mie mi-au trebuit ani s\u0103 ajung s\u0103 le \u00eenv\u0103\u0163 singur\u0103. El a reu\u015fit s\u0103 v\u0103 ofere o carte u\u015for de citit, o adev\u0103rat\u0103 capodoper\u0103 motiva\u0163ional\u0103 care v\u0103 \u00eenva\u0163\u0103 cum s\u0103 atinge\u0163i adev\u0103rata fericire. V\u0103 recomand cu mult\u0103 c\u0103ldur\u0103\u00a0Atitudinea este totul.\u201c Crystal Rose\" \/>\n<meta property=\"og:url\" content=\"https:\/\/biblia.md\/en\/shop\/atitudinea-este-totul\/\" \/>\n<meta property=\"og:site_name\" content=\"Societatea Biblic\u0103 din Moldova\" \/>\n<meta property=\"article:publisher\" content=\"https:\/\/www.facebook.com\/SocietateaBiblicaMoldova\/\" \/>\n<meta property=\"og:image\" content=\"https:\/\/biblia.md\/wp-content\/uploads\/2026\/01\/0000000726.jpg\" \/>\n\t<meta property=\"og:image:width\" content=\"600\" \/>\n\t<meta property=\"og:image:height\" content=\"900\" \/>\n\t<meta property=\"og:image:type\" content=\"image\/jpeg\" \/>\n<meta name=\"twitter:card\" content=\"summary_large_image\" \/>\n<script type=\"application\/ld+json\" class=\"yoast-schema-graph\">{\"@context\":\"https:\\\/\\\/schema.org\",\"@graph\":[{\"@type\":\"WebPage\",\"@id\":\"https:\\\/\\\/biblia.md\\\/shop\\\/atitudinea-este-totul\\\/\",\"url\":\"https:\\\/\\\/biblia.md\\\/shop\\\/atitudinea-este-totul\\\/\",\"name\":\"Atitudinea este totul - Societatea Biblic\u0103 din Moldova\",\"isPartOf\":{\"@id\":\"https:\\\/\\\/biblia.md\\\/#website\"},\"primaryImageOfPage\":{\"@id\":\"https:\\\/\\\/biblia.md\\\/shop\\\/atitudinea-este-totul\\\/#primaryimage\"},\"image\":{\"@id\":\"https:\\\/\\\/biblia.md\\\/shop\\\/atitudinea-este-totul\\\/#primaryimage\"},\"thumbnailUrl\":\"https:\\\/\\\/biblia.md\\\/wp-content\\\/uploads\\\/2026\\\/01\\\/0000000726.jpg\",\"datePublished\":\"2026-01-02T14:57:57+00:00\",\"breadcrumb\":{\"@id\":\"https:\\\/\\\/biblia.md\\\/shop\\\/atitudinea-este-totul\\\/#breadcrumb\"},\"inLanguage\":\"en-US\",\"potentialAction\":[{\"@type\":\"ReadAction\",\"target\":[\"https:\\\/\\\/biblia.md\\\/shop\\\/atitudinea-este-totul\\\/\"]}]},{\"@type\":\"ImageObject\",\"inLanguage\":\"en-US\",\"@id\":\"https:\\\/\\\/biblia.md\\\/shop\\\/atitudinea-este-totul\\\/#primaryimage\",\"url\":\"https:\\\/\\\/biblia.md\\\/wp-content\\\/uploads\\\/2026\\\/01\\\/0000000726.jpg\",\"contentUrl\":\"https:\\\/\\\/biblia.md\\\/wp-content\\\/uploads\\\/2026\\\/01\\\/0000000726.jpg\",\"width\":600,\"height\":900},{\"@type\":\"BreadcrumbList\",\"@id\":\"https:\\\/\\\/biblia.md\\\/shop\\\/atitudinea-este-totul\\\/#breadcrumb\",\"itemListElement\":[{\"@type\":\"ListItem\",\"position\":1,\"name\":\"Prima pagin\u0103\",\"item\":\"https:\\\/\\\/biblia.md\\\/\"},{\"@type\":\"ListItem\",\"position\":2,\"name\":\"Shop\",\"item\":\"https:\\\/\\\/biblia.md\\\/shop\\\/\"},{\"@type\":\"ListItem\",\"position\":3,\"name\":\"Atitudinea este totul\"}]},{\"@type\":\"WebSite\",\"@id\":\"https:\\\/\\\/biblia.md\\\/#website\",\"url\":\"https:\\\/\\\/biblia.md\\\/\",\"name\":\"Societatea Biblic\u0103 din Moldova\",\"description\":\"\",\"publisher\":{\"@id\":\"https:\\\/\\\/biblia.md\\\/#organization\"},\"potentialAction\":[{\"@type\":\"SearchAction\",\"target\":{\"@type\":\"EntryPoint\",\"urlTemplate\":\"https:\\\/\\\/biblia.md\\\/?s={search_term_string}\"},\"query-input\":{\"@type\":\"PropertyValueSpecification\",\"valueRequired\":true,\"valueName\":\"search_term_string\"}}],\"inLanguage\":\"en-US\"},{\"@type\":\"Organization\",\"@id\":\"https:\\\/\\\/biblia.md\\\/#organization\",\"name\":\"Societatea Biblic\u0103 din Moldova\",\"url\":\"https:\\\/\\\/biblia.md\\\/\",\"logo\":{\"@type\":\"ImageObject\",\"inLanguage\":\"en-US\",\"@id\":\"https:\\\/\\\/biblia.md\\\/#\\\/schema\\\/logo\\\/image\\\/\",\"url\":\"https:\\\/\\\/biblia.md\\\/wp-content\\\/uploads\\\/2026\\\/01\\\/icon_site.jpg\",\"contentUrl\":\"https:\\\/\\\/biblia.md\\\/wp-content\\\/uploads\\\/2026\\\/01\\\/icon_site.jpg\",\"width\":656,\"height\":656,\"caption\":\"Societatea Biblic\u0103 din Moldova\"},\"image\":{\"@id\":\"https:\\\/\\\/biblia.md\\\/#\\\/schema\\\/logo\\\/image\\\/\"},\"sameAs\":[\"https:\\\/\\\/www.facebook.com\\\/SocietateaBiblicaMoldova\\\/\",\"https:\\\/\\\/www.instagram.com\\\/biblia.md\\\/\"]}]}<\/script>\n<!-- \/ Yoast SEO plugin. -->","yoast_head_json":{"title":"Atitudinea este totul - Societatea Biblic\u0103 din Moldova","robots":{"index":"index","follow":"follow","max-snippet":"max-snippet:-1","max-image-preview":"max-image-preview:large","max-video-preview":"max-video-preview:-1"},"canonical":"https:\/\/biblia.md\/en\/shop\/atitudinea-este-totul\/","og_locale":"en_US","og_type":"article","og_title":"Atitudinea este totul - Societatea Biblic\u0103 din Moldova","og_description":"\u201eCon\u0163inutul acestei c\u0103r\u0163i pare s\u0103 fie povestea vie\u0163ii mele. \u015ei eu am trecut printr-o perioad\u0103 grea, demoralizant\u0103. \u00centr-o zi m-am hot\u0103r\u00e2t s\u0103-mi schimb via\u0163a schimb\u00e2ndu-mi g\u00e2ndirea. Am citit c\u0103r\u0163i despre atitudine \u015fi am ascultat casete motiva\u0163ionale p\u00e2n\u0103 c\u00e2nd am reu\u015fit cu adev\u0103rat s\u0103-mi schimb g\u00e2ndurile \u015fi via\u0163a. Cu ani \u00een urm\u0103, mi-am luat angajamentul de a-mi ajuta semenii, \u00eentruc\u00e2t mi-am dat seama c\u0103 noi suntem cei care ne croim propriile destine. Jeff Keller a reu\u015fit un lucru extraordinar a\u015ftern\u00e2nd aceste \u201elec\u0163ii\u201c pe h\u00e2rtie, \u00een timp ce mie mi-au trebuit ani s\u0103 ajung s\u0103 le \u00eenv\u0103\u0163 singur\u0103. El a reu\u015fit s\u0103 v\u0103 ofere o carte u\u015for de citit, o adev\u0103rat\u0103 capodoper\u0103 motiva\u0163ional\u0103 care v\u0103 \u00eenva\u0163\u0103 cum s\u0103 atinge\u0163i adev\u0103rata fericire. V\u0103 recomand cu mult\u0103 c\u0103ldur\u0103\u00a0Atitudinea este totul.\u201c Crystal Rose","og_url":"https:\/\/biblia.md\/en\/shop\/atitudinea-este-totul\/","og_site_name":"Societatea Biblic\u0103 din Moldova","article_publisher":"https:\/\/www.facebook.com\/SocietateaBiblicaMoldova\/","og_image":[{"width":600,"height":900,"url":"https:\/\/biblia.md\/wp-content\/uploads\/2026\/01\/0000000726.jpg","type":"image\/jpeg"}],"twitter_card":"summary_large_image","schema":{"@context":"https:\/\/schema.org","@graph":[{"@type":"WebPage","@id":"https:\/\/biblia.md\/shop\/atitudinea-este-totul\/","url":"https:\/\/biblia.md\/shop\/atitudinea-este-totul\/","name":"Atitudinea este totul - Societatea Biblic\u0103 din Moldova","isPartOf":{"@id":"https:\/\/biblia.md\/#website"},"primaryImageOfPage":{"@id":"https:\/\/biblia.md\/shop\/atitudinea-este-totul\/#primaryimage"},"image":{"@id":"https:\/\/biblia.md\/shop\/atitudinea-este-totul\/#primaryimage"},"thumbnailUrl":"https:\/\/biblia.md\/wp-content\/uploads\/2026\/01\/0000000726.jpg","datePublished":"2026-01-02T14:57:57+00:00","breadcrumb":{"@id":"https:\/\/biblia.md\/shop\/atitudinea-este-totul\/#breadcrumb"},"inLanguage":"en-US","potentialAction":[{"@type":"ReadAction","target":["https:\/\/biblia.md\/shop\/atitudinea-este-totul\/"]}]},{"@type":"ImageObject","inLanguage":"en-US","@id":"https:\/\/biblia.md\/shop\/atitudinea-este-totul\/#primaryimage","url":"https:\/\/biblia.md\/wp-content\/uploads\/2026\/01\/0000000726.jpg","contentUrl":"https:\/\/biblia.md\/wp-content\/uploads\/2026\/01\/0000000726.jpg","width":600,"height":900},{"@type":"BreadcrumbList","@id":"https:\/\/biblia.md\/shop\/atitudinea-este-totul\/#breadcrumb","itemListElement":[{"@type":"ListItem","position":1,"name":"Prima pagin\u0103","item":"https:\/\/biblia.md\/"},{"@type":"ListItem","position":2,"name":"Shop","item":"https:\/\/biblia.md\/shop\/"},{"@type":"ListItem","position":3,"name":"Atitudinea este totul"}]},{"@type":"WebSite","@id":"https:\/\/biblia.md\/#website","url":"https:\/\/biblia.md\/","name":"Societatea Biblic\u0103 din Moldova","description":"","publisher":{"@id":"https:\/\/biblia.md\/#organization"},"potentialAction":[{"@type":"SearchAction","target":{"@type":"EntryPoint","urlTemplate":"https:\/\/biblia.md\/?s={search_term_string}"},"query-input":{"@type":"PropertyValueSpecification","valueRequired":true,"valueName":"search_term_string"}}],"inLanguage":"en-US"},{"@type":"Organization","@id":"https:\/\/biblia.md\/#organization","name":"Societatea Biblic\u0103 din Moldova","url":"https:\/\/biblia.md\/","logo":{"@type":"ImageObject","inLanguage":"en-US","@id":"https:\/\/biblia.md\/#\/schema\/logo\/image\/","url":"https:\/\/biblia.md\/wp-content\/uploads\/2026\/01\/icon_site.jpg","contentUrl":"https:\/\/biblia.md\/wp-content\/uploads\/2026\/01\/icon_site.jpg","width":656,"height":656,"caption":"Societatea Biblic\u0103 din Moldova"},"image":{"@id":"https:\/\/biblia.md\/#\/schema\/logo\/image\/"},"sameAs":["https:\/\/www.facebook.com\/SocietateaBiblicaMoldova\/","https:\/\/www.instagram.com\/biblia.md\/"]}]}},"_links":{"self":[{"href":"https:\/\/biblia.md\/en\/wp-json\/wp\/v2\/product\/30644","targetHints":{"allow":["GET"]}}],"collection":[{"href":"https:\/\/biblia.md\/en\/wp-json\/wp\/v2\/product"}],"about":[{"href":"https:\/\/biblia.md\/en\/wp-json\/wp\/v2\/types\/product"}],"replies":[{"embeddable":true,"href":"https:\/\/biblia.md\/en\/wp-json\/wp\/v2\/comments?post=30644"}],"version-history":[{"count":1,"href":"https:\/\/biblia.md\/en\/wp-json\/wp\/v2\/product\/30644\/revisions"}],"predecessor-version":[{"id":30646,"href":"https:\/\/biblia.md\/en\/wp-json\/wp\/v2\/product\/30644\/revisions\/30646"}],"wp:featuredmedia":[{"embeddable":true,"href":"https:\/\/biblia.md\/en\/wp-json\/wp\/v2\/media\/30645"}],"wp:attachment":[{"href":"https:\/\/biblia.md\/en\/wp-json\/wp\/v2\/media?parent=30644"}],"wp:term":[{"taxonomy":"product_brand","embeddable":true,"href":"https:\/\/biblia.md\/en\/wp-json\/wp\/v2\/product_brand?post=30644"},{"taxonomy":"product_cat","embeddable":true,"href":"https:\/\/biblia.md\/en\/wp-json\/wp\/v2\/product_cat?post=30644"},{"taxonomy":"product_tag","embeddable":true,"href":"https:\/\/biblia.md\/en\/wp-json\/wp\/v2\/product_tag?post=30644"}],"curies":[{"name":"wp","href":"https:\/\/api.w.org\/{rel}","templated":true}]}}