{"id":30682,"date":"2026-01-02T20:29:00","date_gmt":"2026-01-02T18:29:00","guid":{"rendered":"https:\/\/biblia.md\/?post_type=product&#038;p=30682"},"modified":"2026-03-05T13:53:54","modified_gmt":"2026-03-05T11:53:54","slug":"baraca","status":"publish","type":"product","link":"https:\/\/biblia.md\/en\/shop\/baraca\/","title":{"rendered":"Baraca &#8211; Unde tragedia \u00eent\u00e2lne\u0219te eternitatea"},"content":{"rendered":"<p><strong>William Paul Young<\/strong>\u00a0s-a n\u0103scut \u00een Canada, dar a fost crescut de p\u0103rin\u021bii lui misionari \u00eentr-un trib din Noua Guinee. \u00cen copil\u0103rie, iar apoi \u00een primii ani ai tinere\u021bii, a suferit multe pierderi. Ast\u0103zi se bucur\u0103 de o adev\u0103rat\u0103 \u201erisip\u0103 de har\u201d \u00eempreun\u0103 cu familia sa \u00een regiunea Pacific Northwest din SUA.<\/p>\n<p>\u201e<span class=\"il\">Baraca<\/span>\u201d este cel mai captivant roman pe care l-am citit \u00een ultimii c\u00e2\u021biva ani. \u00cempreun\u0103 cu so\u021bia mea, \u00eentorc\u00e2nd paginile, am z\u00e2mbit, am pl\u00e2ns \u0219i ne-am poc\u0103it de propria noastr\u0103 lips\u0103 de credin\u021b\u0103.\u00a0<span class=\"il\">Baraca<\/span>\u00a0v\u0103 va face s\u0103 v\u0103 dori\u021bi cu ardoare prezen\u021ba lui Dumnezeu. &#8211; Michael W. Smith, artist<\/p>\n<p>\u00cen timp ce citeam \u201e<span class=\"il\">Baraca<\/span>\u201d, mi-am dat seama c\u0103 \u00eentreb\u0103rile pe care le ridic\u0103 acest roman captivant erau acelea\u0219i pe care eu \u00eensumi le purtam ad\u00e2nc \u00een sufletul meu. Frumuse\u021bea acestei c\u0103r\u021bi nu const\u0103 \u00een faptul c\u0103 ofer\u0103 r\u0103spunsuri accesibile unor \u00eentreb\u0103ri chinuitoare, ci \u00een aceea c\u0103 te invit\u0103 s\u0103 te apropii de un Dumnezeu al milei \u0219i-al dragostei, \u00een care g\u0103se\u0219ti speran\u021b\u0103 \u0219i vindecare. &#8211; Jim Palmer, autorul c\u0103r\u021bii &#8222;Divine Nobodies&#8221;<\/p>\n<p>\u201e<span class=\"il\">Baraca<\/span>\u201d e o invita\u021bie cum nu vi s-a mai f\u0103cut p\u00e2n\u0103 acum la o cunoa\u0219tere a \u00eens\u0103\u0219i inimii lui Dumnezeu. Printre lacrimi \u0219i z\u00e2mbete, am fost transformat profund de tandre\u021bea cu care William Paul Young d\u0103 la o parte perdeaua care de prea multe ori m\u0103 separa de Dumnezeu \u0219i de mine \u00eensumi. Cu fiecare pagin\u0103, complicatele \u201ece s\u0103 faci\u201d \u0219i \u201ece s\u0103 nu faci\u201d care distorsioneaz\u0103 o rela\u021bie transform\u00e2nd-o \u00een religie erau date la o parte, \u00een vreme ce \u00cei descopeream \u00eentr-o alt\u0103 lumin\u0103, pentru prima dat\u0103, pe Tat\u0103l, pe Fiul \u0219i pe Duhul. &#8211; Patrick M. Roddy, realizator de programe pentru ABC News, c\u00e2\u0219tig\u0103tor al premiului Emmy<\/p>\n<p>Rodul unui talent creativ de excep\u021bie, \u201e<span class=\"il\">Baraca<\/span>\u201d e \u00een acela\u0219i timp profund\u0103 sub aspect spiritual, l\u0103muritoare sub aspect teologic \u0219i cu impact asupra vie\u021bii cititorului. O recomand din toat\u0103 inima. \u00cen biserica noastr\u0103, am f\u0103cut cadou cu bucurie zeci de exemplare din cartea aceasta. &#8211; Steve Berger, pastor la Grace Chapel Leipers Fork<\/p>\n<p>\u00cen sf\u00e2r\u0219it! Un roman din categoria un-om-se-nt\u00e2lne\u0219te-cu-Dumnezeu, c\u0103ruia nu i se poate repro\u0219a nimic sub aspect literar \u0219i care din punct de vedere spiritual reprezint\u0103 un act de curaj. \u201e<span class=\"il\">Baraca<\/span>\u201d dep\u0103\u0219e\u0219te at\u00e2t cli\u0219eele religioase c\u00e2t \u0219i pe cele ale lucr\u0103rilor cre\u0219tine superficiale, pentru a revela ceva fascinant \u0219i frumos cu privire la dansul deplin al vie\u021bii cu divinul. O poveste care se cite\u0219te precum o rug\u0103ciune &#8211; precum cea mai bun\u0103 rug\u0103ciune, plin\u0103 de uimire, de sinceritate \u0219i de emo\u021bii nea\u0219teptate. Citind-o, am avut sentimentul c\u0103 m\u0103 aflu \u00een p\u0103rt\u0103\u0219ie cu Dumnezeu. Dac\u0103 e s\u0103 citi\u021bi un singur roman anul acesta, citi\u021bi \u201e<span class=\"il\">Baraca<\/span>\u201d. &#8211; Mike Morrell,<\/p>\n<div id=\":3w\" class=\"ii gt\">\n<p>O carte de excep\u021bie, care-\u021bi deschide u\u0219a direct spre inima \u0219i natura lui Dumnezeu \u00een mijlocul suferin\u021bei umane agonizante. O poveste care te provoac\u0103 s\u0103 te g\u00e2nde\u0219ti la persoana \u0219i planul lui Dumnezeu \u00een termeni mai cuprinz\u0103tori dec\u00e2t ai visat vreodat\u0103 c\u0103 ai putea-o face. &#8211; David Gregory, autorul c\u0103r\u021bii &#8222;Dinner with a Perfect Stranger&#8221;<\/p>\n<p>Dac\u0103 exist\u0103 o carte mai bun\u0103 dec\u00e2t aceasta, care s\u0103 dezv\u0103luie chipul minunat al lui Dumnezeu \u0219i capacitatea Lui de-a Se strecura cu iubirea, lumina \u0219i vindecarea Lui \u00een cele mai \u00eentunecate co\u0219maruri ale noastre, eu n-am g\u0103sit-o. Pentru cel mai \u00eenfl\u0103c\u0103rat credincios, ca \u0219i pentru cel de mai de cur\u00e2nd c\u0103ut\u0103tor \u00een ale spiritului, \u201e<span class=\"il\">Baraca<\/span>\u201d e o lectur\u0103 ce nu poate fi trecut\u0103 cu vederea. &#8211; Wayne Jacobsen, autorul c\u0103r\u021bii &#8222;He Loves Me: Learning to Live in the Father&#8217;s Affection&#8221;<\/p>\n<\/div>","protected":false},"excerpt":{"rendered":"<p>V\u00e2ndut \u00een peste 6 milioane de exemplare \u00een SUA<br \/>\nTradus \u00een peste 30 de limbi<\/p>\n<p>\u201eCartea aceasta are poten\u021bialul de a face pentru genera\u021bia noastr\u0103 ceea ce\u00a0<em>C\u0103l\u0103toria cre\u0219tinului<\/em>, de John Bunyan, a f\u0103cut pentru genera\u021bia acestuia.\u201d &#8211; Eugene Peterson, profesor emerit de teologie, Regent College, Vancouver, B.C.<\/p>\n<p>\u00centr-o vacan\u021b\u0103 cu familia, fiica cea mai mic\u0103 a lui Mackenzie Allen Philips, Missy, este r\u0103pit\u0103. \u00cen p\u0103durile din Oregon, \u00eentr-o\u00a0<span class=\"il\">barac\u0103\u00a0<\/span>abandonat\u0103, se descoper\u0103 indicii c\u0103 feti\u021ba ar fi fost omor\u00e2t\u0103 cu s\u0103lb\u0103ticie. Patru ani mai t\u00e2rziu, aflat sub povara Marii Triste\u021bi, Mack prime\u0219te un bile\u021bel suspect, aparent din partea lui Dumnezeu, prin care este invitat la\u00a0<span class=\"il\">barac\u0103<\/span>\u00a0pentru un weekend.<br \/>\nF\u0103r\u0103 s\u0103 fie sigur c\u0103 e bine ce face, \u00eentr-o dup\u0103-amiaz\u0103 de iarn\u0103 sose\u0219te la\u00a0<span class=\"il\">barac\u0103<\/span>, locul celor mai \u00eentunecate co\u0219maruri ale sale. Ceea ce va g\u0103si aici \u00eei va schimba via\u021ba pentru totdeauna.<\/p>\n<p>\u00centr-o lume \u00een care religia pare s\u0103 devin\u0103 pe zi ce trece tot mai irelevanta, \u201e<span class=\"il\">Baraca<\/span>\u201d ridic\u0103 \u00eentrebarea cu care to\u021bi ne confrunt\u0103m: \u201eUnde este Dumnezeu \u00eentr-o lume \u00eencercat\u0103 de at\u00e2ta suferin\u021b\u0103?\u201d R\u0103spunsurile pe care le prime\u0219te Mack te vor surprinde \u0219i, probabil, te vor transforma \u00een aceea\u0219i m\u0103sur\u0103 \u00een care l-au transformat pe el. \u00ce\u021bi vei dori ca to\u021bi cei pe care-i cuno\u0219ti s\u0103 citeasc\u0103 aceast\u0103 carte.<\/p>","protected":false},"featured_media":36000,"comment_status":"open","ping_status":"closed","template":"","meta":[],"product_brand":[],"product_cat":[377,400],"product_tag":[],"class_list":{"0":"post-30682","1":"product","2":"type-product","3":"status-publish","4":"has-post-thumbnail","6":"product_cat-carti","7":"product_cat-romane-povestiri-nuvele","8":"product_author-william-paul-young","9":"product_genre-knigi-rom","11":"first","12":"instock","13":"featured","14":"shipping-taxable","15":"purchasable","16":"product-type-simple"},"yoast_head":"<!-- This site is optimized with the Yoast SEO plugin v27.3 - https:\/\/yoast.com\/product\/yoast-seo-wordpress\/ -->\n<title>Baraca - Unde tragedia \u00eent\u00e2lne\u0219te eternitatea - Societatea Biblic\u0103 din Moldova<\/title>\n<meta name=\"robots\" content=\"index, follow, max-snippet:-1, max-image-preview:large, max-video-preview:-1\" \/>\n<link rel=\"canonical\" href=\"https:\/\/biblia.md\/en\/shop\/baraca\/\" \/>\n<meta property=\"og:locale\" content=\"en_US\" \/>\n<meta property=\"og:type\" content=\"article\" \/>\n<meta property=\"og:title\" content=\"Baraca - Unde tragedia \u00eent\u00e2lne\u0219te eternitatea - Societatea Biblic\u0103 din Moldova\" \/>\n<meta property=\"og:description\" content=\"V\u00e2ndut \u00een peste 6 milioane de exemplare \u00een SUA Tradus \u00een peste 30 de limbi  \u201eCartea aceasta are poten\u021bialul de a face pentru genera\u021bia noastr\u0103 ceea ce\u00a0C\u0103l\u0103toria cre\u0219tinului, de John Bunyan, a f\u0103cut pentru genera\u021bia acestuia.\u201d - Eugene Peterson, profesor emerit de teologie, Regent College, Vancouver, B.C.  \u00centr-o vacan\u021b\u0103 cu familia, fiica cea mai mic\u0103 a lui Mackenzie Allen Philips, Missy, este r\u0103pit\u0103. \u00cen p\u0103durile din Oregon, \u00eentr-o\u00a0barac\u0103\u00a0abandonat\u0103, se descoper\u0103 indicii c\u0103 feti\u021ba ar fi fost omor\u00e2t\u0103 cu s\u0103lb\u0103ticie. Patru ani mai t\u00e2rziu, aflat sub povara Marii Triste\u021bi, Mack prime\u0219te un bile\u021bel suspect, aparent din partea lui Dumnezeu, prin care este invitat la\u00a0barac\u0103\u00a0pentru un weekend. F\u0103r\u0103 s\u0103 fie sigur c\u0103 e bine ce face, \u00eentr-o dup\u0103-amiaz\u0103 de iarn\u0103 sose\u0219te la\u00a0barac\u0103, locul celor mai \u00eentunecate co\u0219maruri ale sale. Ceea ce va g\u0103si aici \u00eei va schimba via\u021ba pentru totdeauna.  \u00centr-o lume \u00een care religia pare s\u0103 devin\u0103 pe zi ce trece tot mai irelevanta, \u201eBaraca\u201d ridic\u0103 \u00eentrebarea cu care to\u021bi ne confrunt\u0103m: \u201eUnde este Dumnezeu \u00eentr-o lume \u00eencercat\u0103 de at\u00e2ta suferin\u021b\u0103?\u201d R\u0103spunsurile pe care le prime\u0219te Mack te vor surprinde \u0219i, probabil, te vor transforma \u00een aceea\u0219i m\u0103sur\u0103 \u00een care l-au transformat pe el. \u00ce\u021bi vei dori ca to\u021bi cei pe care-i cuno\u0219ti s\u0103 citeasc\u0103 aceast\u0103 carte.\" \/>\n<meta property=\"og:url\" content=\"https:\/\/biblia.md\/en\/shop\/baraca\/\" \/>\n<meta property=\"og:site_name\" content=\"Societatea Biblic\u0103 din Moldova\" \/>\n<meta property=\"article:publisher\" content=\"https:\/\/www.facebook.com\/SocietateaBiblicaMoldova\/\" \/>\n<meta property=\"article:modified_time\" content=\"2026-03-05T11:53:54+00:00\" \/>\n<meta property=\"og:image\" content=\"https:\/\/biblia.md\/wp-content\/uploads\/2026\/01\/0000002050.jpg\" \/>\n\t<meta property=\"og:image:width\" content=\"600\" \/>\n\t<meta property=\"og:image:height\" content=\"900\" \/>\n\t<meta property=\"og:image:type\" content=\"image\/jpeg\" \/>\n<meta name=\"twitter:card\" content=\"summary_large_image\" \/>\n<meta name=\"twitter:label1\" content=\"Est. reading time\" \/>\n\t<meta name=\"twitter:data1\" content=\"3 minutes\" \/>\n<script type=\"application\/ld+json\" class=\"yoast-schema-graph\">{\"@context\":\"https:\\\/\\\/schema.org\",\"@graph\":[{\"@type\":\"WebPage\",\"@id\":\"https:\\\/\\\/biblia.md\\\/shop\\\/baraca\\\/\",\"url\":\"https:\\\/\\\/biblia.md\\\/shop\\\/baraca\\\/\",\"name\":\"Baraca - Unde tragedia \u00eent\u00e2lne\u0219te eternitatea - Societatea Biblic\u0103 din Moldova\",\"isPartOf\":{\"@id\":\"https:\\\/\\\/biblia.md\\\/#website\"},\"primaryImageOfPage\":{\"@id\":\"https:\\\/\\\/biblia.md\\\/shop\\\/baraca\\\/#primaryimage\"},\"image\":{\"@id\":\"https:\\\/\\\/biblia.md\\\/shop\\\/baraca\\\/#primaryimage\"},\"thumbnailUrl\":\"https:\\\/\\\/biblia.md\\\/wp-content\\\/uploads\\\/2026\\\/01\\\/22ec7363-957b-4965-9212-ddf2771104cf.png\",\"datePublished\":\"2026-01-02T18:29:00+00:00\",\"dateModified\":\"2026-03-05T11:53:54+00:00\",\"breadcrumb\":{\"@id\":\"https:\\\/\\\/biblia.md\\\/shop\\\/baraca\\\/#breadcrumb\"},\"inLanguage\":\"en-US\",\"potentialAction\":[{\"@type\":\"ReadAction\",\"target\":[\"https:\\\/\\\/biblia.md\\\/shop\\\/baraca\\\/\"]}]},{\"@type\":\"ImageObject\",\"inLanguage\":\"en-US\",\"@id\":\"https:\\\/\\\/biblia.md\\\/shop\\\/baraca\\\/#primaryimage\",\"url\":\"https:\\\/\\\/biblia.md\\\/wp-content\\\/uploads\\\/2026\\\/01\\\/22ec7363-957b-4965-9212-ddf2771104cf.png\",\"contentUrl\":\"https:\\\/\\\/biblia.md\\\/wp-content\\\/uploads\\\/2026\\\/01\\\/22ec7363-957b-4965-9212-ddf2771104cf.png\",\"width\":1024,\"height\":1536},{\"@type\":\"BreadcrumbList\",\"@id\":\"https:\\\/\\\/biblia.md\\\/shop\\\/baraca\\\/#breadcrumb\",\"itemListElement\":[{\"@type\":\"ListItem\",\"position\":1,\"name\":\"Prima pagin\u0103\",\"item\":\"https:\\\/\\\/biblia.md\\\/\"},{\"@type\":\"ListItem\",\"position\":2,\"name\":\"Shop\",\"item\":\"https:\\\/\\\/biblia.md\\\/shop\\\/\"},{\"@type\":\"ListItem\",\"position\":3,\"name\":\"Baraca &#8211; Unde tragedia \u00eent\u00e2lne\u0219te eternitatea\"}]},{\"@type\":\"WebSite\",\"@id\":\"https:\\\/\\\/biblia.md\\\/#website\",\"url\":\"https:\\\/\\\/biblia.md\\\/\",\"name\":\"Societatea Biblic\u0103 din Moldova\",\"description\":\"\",\"publisher\":{\"@id\":\"https:\\\/\\\/biblia.md\\\/#organization\"},\"potentialAction\":[{\"@type\":\"SearchAction\",\"target\":{\"@type\":\"EntryPoint\",\"urlTemplate\":\"https:\\\/\\\/biblia.md\\\/?s={search_term_string}\"},\"query-input\":{\"@type\":\"PropertyValueSpecification\",\"valueRequired\":true,\"valueName\":\"search_term_string\"}}],\"inLanguage\":\"en-US\"},{\"@type\":\"Organization\",\"@id\":\"https:\\\/\\\/biblia.md\\\/#organization\",\"name\":\"Societatea Biblic\u0103 din Moldova\",\"url\":\"https:\\\/\\\/biblia.md\\\/\",\"logo\":{\"@type\":\"ImageObject\",\"inLanguage\":\"en-US\",\"@id\":\"https:\\\/\\\/biblia.md\\\/#\\\/schema\\\/logo\\\/image\\\/\",\"url\":\"https:\\\/\\\/biblia.md\\\/wp-content\\\/uploads\\\/2026\\\/01\\\/icon_site.jpg\",\"contentUrl\":\"https:\\\/\\\/biblia.md\\\/wp-content\\\/uploads\\\/2026\\\/01\\\/icon_site.jpg\",\"width\":656,\"height\":656,\"caption\":\"Societatea Biblic\u0103 din Moldova\"},\"image\":{\"@id\":\"https:\\\/\\\/biblia.md\\\/#\\\/schema\\\/logo\\\/image\\\/\"},\"sameAs\":[\"https:\\\/\\\/www.facebook.com\\\/SocietateaBiblicaMoldova\\\/\",\"https:\\\/\\\/www.instagram.com\\\/biblia.md\\\/\"]}]}<\/script>\n<!-- \/ Yoast SEO plugin. -->","yoast_head_json":{"title":"Baraca - Unde tragedia \u00eent\u00e2lne\u0219te eternitatea - Societatea Biblic\u0103 din Moldova","robots":{"index":"index","follow":"follow","max-snippet":"max-snippet:-1","max-image-preview":"max-image-preview:large","max-video-preview":"max-video-preview:-1"},"canonical":"https:\/\/biblia.md\/en\/shop\/baraca\/","og_locale":"en_US","og_type":"article","og_title":"Baraca - Unde tragedia \u00eent\u00e2lne\u0219te eternitatea - Societatea Biblic\u0103 din Moldova","og_description":"V\u00e2ndut \u00een peste 6 milioane de exemplare \u00een SUA Tradus \u00een peste 30 de limbi  \u201eCartea aceasta are poten\u021bialul de a face pentru genera\u021bia noastr\u0103 ceea ce\u00a0C\u0103l\u0103toria cre\u0219tinului, de John Bunyan, a f\u0103cut pentru genera\u021bia acestuia.\u201d - Eugene Peterson, profesor emerit de teologie, Regent College, Vancouver, B.C.  \u00centr-o vacan\u021b\u0103 cu familia, fiica cea mai mic\u0103 a lui Mackenzie Allen Philips, Missy, este r\u0103pit\u0103. \u00cen p\u0103durile din Oregon, \u00eentr-o\u00a0barac\u0103\u00a0abandonat\u0103, se descoper\u0103 indicii c\u0103 feti\u021ba ar fi fost omor\u00e2t\u0103 cu s\u0103lb\u0103ticie. Patru ani mai t\u00e2rziu, aflat sub povara Marii Triste\u021bi, Mack prime\u0219te un bile\u021bel suspect, aparent din partea lui Dumnezeu, prin care este invitat la\u00a0barac\u0103\u00a0pentru un weekend. F\u0103r\u0103 s\u0103 fie sigur c\u0103 e bine ce face, \u00eentr-o dup\u0103-amiaz\u0103 de iarn\u0103 sose\u0219te la\u00a0barac\u0103, locul celor mai \u00eentunecate co\u0219maruri ale sale. Ceea ce va g\u0103si aici \u00eei va schimba via\u021ba pentru totdeauna.  \u00centr-o lume \u00een care religia pare s\u0103 devin\u0103 pe zi ce trece tot mai irelevanta, \u201eBaraca\u201d ridic\u0103 \u00eentrebarea cu care to\u021bi ne confrunt\u0103m: \u201eUnde este Dumnezeu \u00eentr-o lume \u00eencercat\u0103 de at\u00e2ta suferin\u021b\u0103?\u201d R\u0103spunsurile pe care le prime\u0219te Mack te vor surprinde \u0219i, probabil, te vor transforma \u00een aceea\u0219i m\u0103sur\u0103 \u00een care l-au transformat pe el. \u00ce\u021bi vei dori ca to\u021bi cei pe care-i cuno\u0219ti s\u0103 citeasc\u0103 aceast\u0103 carte.","og_url":"https:\/\/biblia.md\/en\/shop\/baraca\/","og_site_name":"Societatea Biblic\u0103 din Moldova","article_publisher":"https:\/\/www.facebook.com\/SocietateaBiblicaMoldova\/","article_modified_time":"2026-03-05T11:53:54+00:00","og_image":[{"width":600,"height":900,"url":"https:\/\/biblia.md\/wp-content\/uploads\/2026\/01\/0000002050.jpg","type":"image\/jpeg"}],"twitter_card":"summary_large_image","twitter_misc":{"Est. reading time":"3 minutes"},"schema":{"@context":"https:\/\/schema.org","@graph":[{"@type":"WebPage","@id":"https:\/\/biblia.md\/shop\/baraca\/","url":"https:\/\/biblia.md\/shop\/baraca\/","name":"Baraca - Unde tragedia \u00eent\u00e2lne\u0219te eternitatea - Societatea Biblic\u0103 din Moldova","isPartOf":{"@id":"https:\/\/biblia.md\/#website"},"primaryImageOfPage":{"@id":"https:\/\/biblia.md\/shop\/baraca\/#primaryimage"},"image":{"@id":"https:\/\/biblia.md\/shop\/baraca\/#primaryimage"},"thumbnailUrl":"https:\/\/biblia.md\/wp-content\/uploads\/2026\/01\/22ec7363-957b-4965-9212-ddf2771104cf.png","datePublished":"2026-01-02T18:29:00+00:00","dateModified":"2026-03-05T11:53:54+00:00","breadcrumb":{"@id":"https:\/\/biblia.md\/shop\/baraca\/#breadcrumb"},"inLanguage":"en-US","potentialAction":[{"@type":"ReadAction","target":["https:\/\/biblia.md\/shop\/baraca\/"]}]},{"@type":"ImageObject","inLanguage":"en-US","@id":"https:\/\/biblia.md\/shop\/baraca\/#primaryimage","url":"https:\/\/biblia.md\/wp-content\/uploads\/2026\/01\/22ec7363-957b-4965-9212-ddf2771104cf.png","contentUrl":"https:\/\/biblia.md\/wp-content\/uploads\/2026\/01\/22ec7363-957b-4965-9212-ddf2771104cf.png","width":1024,"height":1536},{"@type":"BreadcrumbList","@id":"https:\/\/biblia.md\/shop\/baraca\/#breadcrumb","itemListElement":[{"@type":"ListItem","position":1,"name":"Prima pagin\u0103","item":"https:\/\/biblia.md\/"},{"@type":"ListItem","position":2,"name":"Shop","item":"https:\/\/biblia.md\/shop\/"},{"@type":"ListItem","position":3,"name":"Baraca &#8211; Unde tragedia \u00eent\u00e2lne\u0219te eternitatea"}]},{"@type":"WebSite","@id":"https:\/\/biblia.md\/#website","url":"https:\/\/biblia.md\/","name":"Societatea Biblic\u0103 din Moldova","description":"","publisher":{"@id":"https:\/\/biblia.md\/#organization"},"potentialAction":[{"@type":"SearchAction","target":{"@type":"EntryPoint","urlTemplate":"https:\/\/biblia.md\/?s={search_term_string}"},"query-input":{"@type":"PropertyValueSpecification","valueRequired":true,"valueName":"search_term_string"}}],"inLanguage":"en-US"},{"@type":"Organization","@id":"https:\/\/biblia.md\/#organization","name":"Societatea Biblic\u0103 din Moldova","url":"https:\/\/biblia.md\/","logo":{"@type":"ImageObject","inLanguage":"en-US","@id":"https:\/\/biblia.md\/#\/schema\/logo\/image\/","url":"https:\/\/biblia.md\/wp-content\/uploads\/2026\/01\/icon_site.jpg","contentUrl":"https:\/\/biblia.md\/wp-content\/uploads\/2026\/01\/icon_site.jpg","width":656,"height":656,"caption":"Societatea Biblic\u0103 din Moldova"},"image":{"@id":"https:\/\/biblia.md\/#\/schema\/logo\/image\/"},"sameAs":["https:\/\/www.facebook.com\/SocietateaBiblicaMoldova\/","https:\/\/www.instagram.com\/biblia.md\/"]}]}},"_links":{"self":[{"href":"https:\/\/biblia.md\/en\/wp-json\/wp\/v2\/product\/30682","targetHints":{"allow":["GET"]}}],"collection":[{"href":"https:\/\/biblia.md\/en\/wp-json\/wp\/v2\/product"}],"about":[{"href":"https:\/\/biblia.md\/en\/wp-json\/wp\/v2\/types\/product"}],"replies":[{"embeddable":true,"href":"https:\/\/biblia.md\/en\/wp-json\/wp\/v2\/comments?post=30682"}],"version-history":[{"count":3,"href":"https:\/\/biblia.md\/en\/wp-json\/wp\/v2\/product\/30682\/revisions"}],"predecessor-version":[{"id":35998,"href":"https:\/\/biblia.md\/en\/wp-json\/wp\/v2\/product\/30682\/revisions\/35998"}],"wp:featuredmedia":[{"embeddable":true,"href":"https:\/\/biblia.md\/en\/wp-json\/wp\/v2\/media\/36000"}],"wp:attachment":[{"href":"https:\/\/biblia.md\/en\/wp-json\/wp\/v2\/media?parent=30682"}],"wp:term":[{"taxonomy":"product_brand","embeddable":true,"href":"https:\/\/biblia.md\/en\/wp-json\/wp\/v2\/product_brand?post=30682"},{"taxonomy":"product_cat","embeddable":true,"href":"https:\/\/biblia.md\/en\/wp-json\/wp\/v2\/product_cat?post=30682"},{"taxonomy":"product_tag","embeddable":true,"href":"https:\/\/biblia.md\/en\/wp-json\/wp\/v2\/product_tag?post=30682"}],"curies":[{"name":"wp","href":"https:\/\/api.w.org\/{rel}","templated":true}]}}