{"id":31038,"date":"2026-01-11T16:44:06","date_gmt":"2026-01-11T14:44:06","guid":{"rendered":"https:\/\/biblia.md\/?post_type=product&#038;p=31038"},"modified":"2026-01-11T16:57:00","modified_gmt":"2026-01-11T14:57:00","slug":"care-este-invatatura-bibliei-despre-persoana-lui-cristos","status":"publish","type":"product","link":"https:\/\/biblia.md\/en\/shop\/care-este-invatatura-bibliei-despre-persoana-lui-cristos\/","title":{"rendered":"Care este invatatura Bibliei despre Persoana lui Cristos"},"content":{"rendered":"<p><strong>CUPRINS<\/strong><\/p>\n<p>Cuv\u00e2nt \u00eenainte 9<br \/>\nPrefa\u021b\u0103 15<\/p>\n<p>Domnul \u2013 divinitatea Lui<br \/>\nIntroducere<br \/>\n1. Dumnezeu de-a pururi<br \/>\n2. Dumnezeu cu noi<br \/>\n3. Dumnezeu \u2013 acum \u0219i \u00eentotdeauna<\/p>\n<p>Isus \u2013 umanitatea Lui<br \/>\n4. Promisiunea unui om<br \/>\n5. Iat\u0103 omul!<br \/>\n6. Un om \u2013 acum \u0219i \u00eentotdeauna<\/p>\n<p>Cristos \u2013 fiin\u021ba Sa unipersonal\u0103<br \/>\n7. O singur\u0103 persoan\u0103<br \/>\n8. Dou\u0103 naturi distincte<br \/>\n9. Erezii vechi \u0219i noi<br \/>\nCuv\u00e2nt de \u00eencheiere<\/p>\n<p>Anexa 1: Crezul de la Calcedon<br \/>\nAnexa 2: Crezul atanasian<\/p>","protected":false},"excerpt":{"rendered":"<p>Lucrarea de fa\u021b\u0103 a lui Stuart Olyott reprezint\u0103 un studiu responsabil privitor la \u00eenv\u0103\u0163\u0103tura pe care Biblia ne-o ofer\u0103 despre Cristos. Pe l\u00e2ng\u0103 claritatea acestuia, care este o tr\u0103s\u0103tur\u0103 important\u0103 \u00een vremurile noastre, ne uime\u0219te \u0219i duhul cu care este scris. Aici avem lucrarea unui \u201eteolog aflat pe genunchi\u201d. Autorul acestei c\u0103r\u021bi are un sim\u0163 dezvoltat al m\u0103re\u021biei Cristosului despre care scrie \u0219i \u015ftie c\u0103, mai \u00eent\u00e2i, g\u00e2ndurile noastre despre Cristos trebuie ordonate biblic, iar apoi inimile noastre trebuie s\u0103 se smereasc\u0103 \u00eenaintea Lui. Nu avem aici doar un demers academic. Aici avem o chemare la a crede corect \u0219i la a tr\u0103i frumos \u00een prezen\u0163a Cristosului care \u021bine veacurile \u00een m\u00e2na Lui, care sus\u0163ine totul cu puterea Lui \u015fi spre care se \u00eendreapt\u0103 \u00eentreaga istorie. Aceasta este o carte care merit\u0103 s\u0103 fie citit\u0103 \u015fi studiat\u0103.<\/p>\n<p><strong>Stuart Olyott<\/strong>\u00a0s-a n\u0103scut \u00een Pakistan \u00een anul 1942, a crescut \u00een Asia, \u00een Chester \u0219i \u00een \u021aara Galilor. A slujit ca pastor \u00een Londra, Liverpool \u0219i Lausanne \u0219i a predat teologie la Bryntirion College \u0219i la\u00a0\u00a0 Evagelical Movement of Wales. Este bine-cunoscut ca vorbitor la conferin\u021be \u0219i autor al mai multor c\u0103r\u021bi, printre care mai multe comentarii \u0219i o alt\u0103 carte asem\u0103n\u0103toare celei de fa\u021b\u0103 intitulat\u0103\u00a0<em>Care este \u00eenv\u0103\u021b\u0103tura Biblie despre Trinitate.<\/em><\/p>","protected":false},"featured_media":31039,"comment_status":"open","ping_status":"closed","template":"","meta":[],"product_brand":[],"product_cat":[377,392,393],"product_tag":[],"class_list":{"0":"post-31038","1":"product","2":"type-product","3":"status-publish","4":"has-post-thumbnail","6":"product_cat-carti","7":"product_cat-comentarii-biblice","8":"product_cat-teologie","9":"product_author-stuart-olyott","10":"product_genre-knigi-rom","12":"first","13":"instock","14":"shipping-taxable","15":"purchasable","16":"product-type-simple"},"yoast_head":"<!-- This site is optimized with the Yoast SEO plugin v27.3 - https:\/\/yoast.com\/product\/yoast-seo-wordpress\/ -->\n<title>Care este invatatura Bibliei despre Persoana lui Cristos - Societatea Biblic\u0103 din Moldova<\/title>\n<meta name=\"robots\" content=\"index, follow, max-snippet:-1, max-image-preview:large, max-video-preview:-1\" \/>\n<link rel=\"canonical\" href=\"https:\/\/biblia.md\/en\/shop\/care-este-invatatura-bibliei-despre-persoana-lui-cristos\/\" \/>\n<meta property=\"og:locale\" content=\"en_US\" \/>\n<meta property=\"og:type\" content=\"article\" \/>\n<meta property=\"og:title\" content=\"Care este invatatura Bibliei despre Persoana lui Cristos - Societatea Biblic\u0103 din Moldova\" \/>\n<meta property=\"og:description\" content=\"Lucrarea de fa\u021b\u0103 a lui Stuart Olyott reprezint\u0103 un studiu responsabil privitor la \u00eenv\u0103\u0163\u0103tura pe care Biblia ne-o ofer\u0103 despre Cristos. Pe l\u00e2ng\u0103 claritatea acestuia, care este o tr\u0103s\u0103tur\u0103 important\u0103 \u00een vremurile noastre, ne uime\u0219te \u0219i duhul cu care este scris. Aici avem lucrarea unui \u201eteolog aflat pe genunchi\u201d. Autorul acestei c\u0103r\u021bi are un sim\u0163 dezvoltat al m\u0103re\u021biei Cristosului despre care scrie \u0219i \u015ftie c\u0103, mai \u00eent\u00e2i, g\u00e2ndurile noastre despre Cristos trebuie ordonate biblic, iar apoi inimile noastre trebuie s\u0103 se smereasc\u0103 \u00eenaintea Lui. Nu avem aici doar un demers academic. Aici avem o chemare la a crede corect \u0219i la a tr\u0103i frumos \u00een prezen\u0163a Cristosului care \u021bine veacurile \u00een m\u00e2na Lui, care sus\u0163ine totul cu puterea Lui \u015fi spre care se \u00eendreapt\u0103 \u00eentreaga istorie. Aceasta este o carte care merit\u0103 s\u0103 fie citit\u0103 \u015fi studiat\u0103.  Stuart Olyott\u00a0s-a n\u0103scut \u00een Pakistan \u00een anul 1942, a crescut \u00een Asia, \u00een Chester \u0219i \u00een \u021aara Galilor. A slujit ca pastor \u00een Londra, Liverpool \u0219i Lausanne \u0219i a predat teologie la Bryntirion College \u0219i la\u00a0\u00a0 Evagelical Movement of Wales. Este bine-cunoscut ca vorbitor la conferin\u021be \u0219i autor al mai multor c\u0103r\u021bi, printre care mai multe comentarii \u0219i o alt\u0103 carte asem\u0103n\u0103toare celei de fa\u021b\u0103 intitulat\u0103\u00a0Care este \u00eenv\u0103\u021b\u0103tura Biblie despre Trinitate.\" \/>\n<meta property=\"og:url\" content=\"https:\/\/biblia.md\/en\/shop\/care-este-invatatura-bibliei-despre-persoana-lui-cristos\/\" \/>\n<meta property=\"og:site_name\" content=\"Societatea Biblic\u0103 din Moldova\" \/>\n<meta property=\"article:publisher\" content=\"https:\/\/www.facebook.com\/SocietateaBiblicaMoldova\/\" \/>\n<meta property=\"article:modified_time\" content=\"2026-01-11T14:57:00+00:00\" \/>\n<meta property=\"og:image\" content=\"https:\/\/biblia.md\/wp-content\/uploads\/2026\/01\/0000001870.jpg\" \/>\n\t<meta property=\"og:image:width\" content=\"600\" \/>\n\t<meta property=\"og:image:height\" content=\"900\" \/>\n\t<meta property=\"og:image:type\" content=\"image\/jpeg\" \/>\n<meta name=\"twitter:card\" content=\"summary_large_image\" \/>\n<script type=\"application\/ld+json\" class=\"yoast-schema-graph\">{\"@context\":\"https:\\\/\\\/schema.org\",\"@graph\":[{\"@type\":\"WebPage\",\"@id\":\"https:\\\/\\\/biblia.md\\\/shop\\\/care-este-invatatura-bibliei-despre-persoana-lui-cristos\\\/\",\"url\":\"https:\\\/\\\/biblia.md\\\/shop\\\/care-este-invatatura-bibliei-despre-persoana-lui-cristos\\\/\",\"name\":\"Care este invatatura Bibliei despre Persoana lui Cristos - Societatea Biblic\u0103 din Moldova\",\"isPartOf\":{\"@id\":\"https:\\\/\\\/biblia.md\\\/#website\"},\"primaryImageOfPage\":{\"@id\":\"https:\\\/\\\/biblia.md\\\/shop\\\/care-este-invatatura-bibliei-despre-persoana-lui-cristos\\\/#primaryimage\"},\"image\":{\"@id\":\"https:\\\/\\\/biblia.md\\\/shop\\\/care-este-invatatura-bibliei-despre-persoana-lui-cristos\\\/#primaryimage\"},\"thumbnailUrl\":\"https:\\\/\\\/biblia.md\\\/wp-content\\\/uploads\\\/2026\\\/01\\\/0000001870.jpg\",\"datePublished\":\"2026-01-11T14:44:06+00:00\",\"dateModified\":\"2026-01-11T14:57:00+00:00\",\"breadcrumb\":{\"@id\":\"https:\\\/\\\/biblia.md\\\/shop\\\/care-este-invatatura-bibliei-despre-persoana-lui-cristos\\\/#breadcrumb\"},\"inLanguage\":\"en-US\",\"potentialAction\":[{\"@type\":\"ReadAction\",\"target\":[\"https:\\\/\\\/biblia.md\\\/shop\\\/care-este-invatatura-bibliei-despre-persoana-lui-cristos\\\/\"]}]},{\"@type\":\"ImageObject\",\"inLanguage\":\"en-US\",\"@id\":\"https:\\\/\\\/biblia.md\\\/shop\\\/care-este-invatatura-bibliei-despre-persoana-lui-cristos\\\/#primaryimage\",\"url\":\"https:\\\/\\\/biblia.md\\\/wp-content\\\/uploads\\\/2026\\\/01\\\/0000001870.jpg\",\"contentUrl\":\"https:\\\/\\\/biblia.md\\\/wp-content\\\/uploads\\\/2026\\\/01\\\/0000001870.jpg\",\"width\":600,\"height\":900},{\"@type\":\"BreadcrumbList\",\"@id\":\"https:\\\/\\\/biblia.md\\\/shop\\\/care-este-invatatura-bibliei-despre-persoana-lui-cristos\\\/#breadcrumb\",\"itemListElement\":[{\"@type\":\"ListItem\",\"position\":1,\"name\":\"Prima pagin\u0103\",\"item\":\"https:\\\/\\\/biblia.md\\\/\"},{\"@type\":\"ListItem\",\"position\":2,\"name\":\"Shop\",\"item\":\"https:\\\/\\\/biblia.md\\\/shop\\\/\"},{\"@type\":\"ListItem\",\"position\":3,\"name\":\"Care este invatatura Bibliei despre Persoana lui Cristos\"}]},{\"@type\":\"WebSite\",\"@id\":\"https:\\\/\\\/biblia.md\\\/#website\",\"url\":\"https:\\\/\\\/biblia.md\\\/\",\"name\":\"Societatea Biblic\u0103 din Moldova\",\"description\":\"\",\"publisher\":{\"@id\":\"https:\\\/\\\/biblia.md\\\/#organization\"},\"potentialAction\":[{\"@type\":\"SearchAction\",\"target\":{\"@type\":\"EntryPoint\",\"urlTemplate\":\"https:\\\/\\\/biblia.md\\\/?s={search_term_string}\"},\"query-input\":{\"@type\":\"PropertyValueSpecification\",\"valueRequired\":true,\"valueName\":\"search_term_string\"}}],\"inLanguage\":\"en-US\"},{\"@type\":\"Organization\",\"@id\":\"https:\\\/\\\/biblia.md\\\/#organization\",\"name\":\"Societatea Biblic\u0103 din Moldova\",\"url\":\"https:\\\/\\\/biblia.md\\\/\",\"logo\":{\"@type\":\"ImageObject\",\"inLanguage\":\"en-US\",\"@id\":\"https:\\\/\\\/biblia.md\\\/#\\\/schema\\\/logo\\\/image\\\/\",\"url\":\"https:\\\/\\\/biblia.md\\\/wp-content\\\/uploads\\\/2026\\\/01\\\/icon_site.jpg\",\"contentUrl\":\"https:\\\/\\\/biblia.md\\\/wp-content\\\/uploads\\\/2026\\\/01\\\/icon_site.jpg\",\"width\":656,\"height\":656,\"caption\":\"Societatea Biblic\u0103 din Moldova\"},\"image\":{\"@id\":\"https:\\\/\\\/biblia.md\\\/#\\\/schema\\\/logo\\\/image\\\/\"},\"sameAs\":[\"https:\\\/\\\/www.facebook.com\\\/SocietateaBiblicaMoldova\\\/\",\"https:\\\/\\\/www.instagram.com\\\/biblia.md\\\/\"]}]}<\/script>\n<!-- \/ Yoast SEO plugin. -->","yoast_head_json":{"title":"Care este invatatura Bibliei despre Persoana lui Cristos - Societatea Biblic\u0103 din Moldova","robots":{"index":"index","follow":"follow","max-snippet":"max-snippet:-1","max-image-preview":"max-image-preview:large","max-video-preview":"max-video-preview:-1"},"canonical":"https:\/\/biblia.md\/en\/shop\/care-este-invatatura-bibliei-despre-persoana-lui-cristos\/","og_locale":"en_US","og_type":"article","og_title":"Care este invatatura Bibliei despre Persoana lui Cristos - Societatea Biblic\u0103 din Moldova","og_description":"Lucrarea de fa\u021b\u0103 a lui Stuart Olyott reprezint\u0103 un studiu responsabil privitor la \u00eenv\u0103\u0163\u0103tura pe care Biblia ne-o ofer\u0103 despre Cristos. Pe l\u00e2ng\u0103 claritatea acestuia, care este o tr\u0103s\u0103tur\u0103 important\u0103 \u00een vremurile noastre, ne uime\u0219te \u0219i duhul cu care este scris. Aici avem lucrarea unui \u201eteolog aflat pe genunchi\u201d. Autorul acestei c\u0103r\u021bi are un sim\u0163 dezvoltat al m\u0103re\u021biei Cristosului despre care scrie \u0219i \u015ftie c\u0103, mai \u00eent\u00e2i, g\u00e2ndurile noastre despre Cristos trebuie ordonate biblic, iar apoi inimile noastre trebuie s\u0103 se smereasc\u0103 \u00eenaintea Lui. Nu avem aici doar un demers academic. Aici avem o chemare la a crede corect \u0219i la a tr\u0103i frumos \u00een prezen\u0163a Cristosului care \u021bine veacurile \u00een m\u00e2na Lui, care sus\u0163ine totul cu puterea Lui \u015fi spre care se \u00eendreapt\u0103 \u00eentreaga istorie. Aceasta este o carte care merit\u0103 s\u0103 fie citit\u0103 \u015fi studiat\u0103.  Stuart Olyott\u00a0s-a n\u0103scut \u00een Pakistan \u00een anul 1942, a crescut \u00een Asia, \u00een Chester \u0219i \u00een \u021aara Galilor. A slujit ca pastor \u00een Londra, Liverpool \u0219i Lausanne \u0219i a predat teologie la Bryntirion College \u0219i la\u00a0\u00a0 Evagelical Movement of Wales. Este bine-cunoscut ca vorbitor la conferin\u021be \u0219i autor al mai multor c\u0103r\u021bi, printre care mai multe comentarii \u0219i o alt\u0103 carte asem\u0103n\u0103toare celei de fa\u021b\u0103 intitulat\u0103\u00a0Care este \u00eenv\u0103\u021b\u0103tura Biblie despre Trinitate.","og_url":"https:\/\/biblia.md\/en\/shop\/care-este-invatatura-bibliei-despre-persoana-lui-cristos\/","og_site_name":"Societatea Biblic\u0103 din Moldova","article_publisher":"https:\/\/www.facebook.com\/SocietateaBiblicaMoldova\/","article_modified_time":"2026-01-11T14:57:00+00:00","og_image":[{"width":600,"height":900,"url":"https:\/\/biblia.md\/wp-content\/uploads\/2026\/01\/0000001870.jpg","type":"image\/jpeg"}],"twitter_card":"summary_large_image","schema":{"@context":"https:\/\/schema.org","@graph":[{"@type":"WebPage","@id":"https:\/\/biblia.md\/shop\/care-este-invatatura-bibliei-despre-persoana-lui-cristos\/","url":"https:\/\/biblia.md\/shop\/care-este-invatatura-bibliei-despre-persoana-lui-cristos\/","name":"Care este invatatura Bibliei despre Persoana lui Cristos - Societatea Biblic\u0103 din Moldova","isPartOf":{"@id":"https:\/\/biblia.md\/#website"},"primaryImageOfPage":{"@id":"https:\/\/biblia.md\/shop\/care-este-invatatura-bibliei-despre-persoana-lui-cristos\/#primaryimage"},"image":{"@id":"https:\/\/biblia.md\/shop\/care-este-invatatura-bibliei-despre-persoana-lui-cristos\/#primaryimage"},"thumbnailUrl":"https:\/\/biblia.md\/wp-content\/uploads\/2026\/01\/0000001870.jpg","datePublished":"2026-01-11T14:44:06+00:00","dateModified":"2026-01-11T14:57:00+00:00","breadcrumb":{"@id":"https:\/\/biblia.md\/shop\/care-este-invatatura-bibliei-despre-persoana-lui-cristos\/#breadcrumb"},"inLanguage":"en-US","potentialAction":[{"@type":"ReadAction","target":["https:\/\/biblia.md\/shop\/care-este-invatatura-bibliei-despre-persoana-lui-cristos\/"]}]},{"@type":"ImageObject","inLanguage":"en-US","@id":"https:\/\/biblia.md\/shop\/care-este-invatatura-bibliei-despre-persoana-lui-cristos\/#primaryimage","url":"https:\/\/biblia.md\/wp-content\/uploads\/2026\/01\/0000001870.jpg","contentUrl":"https:\/\/biblia.md\/wp-content\/uploads\/2026\/01\/0000001870.jpg","width":600,"height":900},{"@type":"BreadcrumbList","@id":"https:\/\/biblia.md\/shop\/care-este-invatatura-bibliei-despre-persoana-lui-cristos\/#breadcrumb","itemListElement":[{"@type":"ListItem","position":1,"name":"Prima pagin\u0103","item":"https:\/\/biblia.md\/"},{"@type":"ListItem","position":2,"name":"Shop","item":"https:\/\/biblia.md\/shop\/"},{"@type":"ListItem","position":3,"name":"Care este invatatura Bibliei despre Persoana lui Cristos"}]},{"@type":"WebSite","@id":"https:\/\/biblia.md\/#website","url":"https:\/\/biblia.md\/","name":"Societatea Biblic\u0103 din Moldova","description":"","publisher":{"@id":"https:\/\/biblia.md\/#organization"},"potentialAction":[{"@type":"SearchAction","target":{"@type":"EntryPoint","urlTemplate":"https:\/\/biblia.md\/?s={search_term_string}"},"query-input":{"@type":"PropertyValueSpecification","valueRequired":true,"valueName":"search_term_string"}}],"inLanguage":"en-US"},{"@type":"Organization","@id":"https:\/\/biblia.md\/#organization","name":"Societatea Biblic\u0103 din Moldova","url":"https:\/\/biblia.md\/","logo":{"@type":"ImageObject","inLanguage":"en-US","@id":"https:\/\/biblia.md\/#\/schema\/logo\/image\/","url":"https:\/\/biblia.md\/wp-content\/uploads\/2026\/01\/icon_site.jpg","contentUrl":"https:\/\/biblia.md\/wp-content\/uploads\/2026\/01\/icon_site.jpg","width":656,"height":656,"caption":"Societatea Biblic\u0103 din Moldova"},"image":{"@id":"https:\/\/biblia.md\/#\/schema\/logo\/image\/"},"sameAs":["https:\/\/www.facebook.com\/SocietateaBiblicaMoldova\/","https:\/\/www.instagram.com\/biblia.md\/"]}]}},"_links":{"self":[{"href":"https:\/\/biblia.md\/en\/wp-json\/wp\/v2\/product\/31038","targetHints":{"allow":["GET"]}}],"collection":[{"href":"https:\/\/biblia.md\/en\/wp-json\/wp\/v2\/product"}],"about":[{"href":"https:\/\/biblia.md\/en\/wp-json\/wp\/v2\/types\/product"}],"replies":[{"embeddable":true,"href":"https:\/\/biblia.md\/en\/wp-json\/wp\/v2\/comments?post=31038"}],"version-history":[{"count":1,"href":"https:\/\/biblia.md\/en\/wp-json\/wp\/v2\/product\/31038\/revisions"}],"predecessor-version":[{"id":31040,"href":"https:\/\/biblia.md\/en\/wp-json\/wp\/v2\/product\/31038\/revisions\/31040"}],"wp:featuredmedia":[{"embeddable":true,"href":"https:\/\/biblia.md\/en\/wp-json\/wp\/v2\/media\/31039"}],"wp:attachment":[{"href":"https:\/\/biblia.md\/en\/wp-json\/wp\/v2\/media?parent=31038"}],"wp:term":[{"taxonomy":"product_brand","embeddable":true,"href":"https:\/\/biblia.md\/en\/wp-json\/wp\/v2\/product_brand?post=31038"},{"taxonomy":"product_cat","embeddable":true,"href":"https:\/\/biblia.md\/en\/wp-json\/wp\/v2\/product_cat?post=31038"},{"taxonomy":"product_tag","embeddable":true,"href":"https:\/\/biblia.md\/en\/wp-json\/wp\/v2\/product_tag?post=31038"}],"curies":[{"name":"wp","href":"https:\/\/api.w.org\/{rel}","templated":true}]}}