{"id":31342,"date":"2026-01-14T10:42:47","date_gmt":"2026-01-14T08:42:47","guid":{"rendered":"https:\/\/biblia.md\/?post_type=product&#038;p=31342"},"modified":"2026-02-27T16:12:21","modified_gmt":"2026-02-27T14:12:21","slug":"cele-zece-porunci","status":"publish","type":"product","link":"https:\/\/biblia.md\/en\/shop\/cele-zece-porunci\/","title":{"rendered":"Cele zece porunci"},"content":{"rendered":"","protected":false},"excerpt":{"rendered":"<p>Cu to\u021bii am auzit de Cele 10 Porunci. Dar oare ca\u021bi le \u0219i \u00een\u021belegem? Cartea aceasta \u021bi le explic\u0103 &#8211; biblic, teologic \u0219i practic, analiz\u00e2nd contextul istorico-social \u00een care au ap\u0103rut, dar f\u0103c\u00e2ndu-le relevante \u0219i azi, prin prisma unor \u00eentreb\u0103ri, provoc\u0103ri \u0219i aplica\u021bii potrivite vremurilor \u00een care tr\u0103im.<\/p>\n<p>Un lucru e cert. \u00centr-o lume relativ, care redefine\u0219te valorile \u0219i absoluturile, caut\u00e2nd s\u0103 creeze o nou\u0103 normalitate, Poruncile Divine sunt mai importante ca oric\u00e2nd, fiindc\u0103 ne-au fost date ca marcaje ale sfin\u021beniei pe c\u0103rarea vie\u021bii. Ignori marcajul? Nu te mira c\u0103 vei ajunge r\u0103t\u0103cit, \u00een pericol sau pierdut. P\u0103ze\u0219ti poruncile, \u00ee\u021bi vei p\u0103zi rela\u021bia ta cu Dumnezeu, dar \u0219i cu semenul t\u0103u, \u0219i prin aceasta \u00ee\u021bi p\u0103ze\u0219ti bun\u0103starea \u0219i \u00eemplinirea ta. Cite\u0219te aceast\u0103\u00a0carte \u0219i cu mintea, dar \u0219i cu inima. Te va ajuta s\u0103 g\u0103se\u0219ti direc\u021bia corecta a vie\u021bi tale.<\/p>","protected":false},"featured_media":35587,"comment_status":"open","ping_status":"closed","template":"","meta":[],"product_brand":[],"product_cat":[377,392,393],"product_tag":[],"class_list":{"0":"post-31342","1":"product","2":"type-product","3":"status-publish","4":"has-post-thumbnail","6":"product_cat-carti","7":"product_cat-comentarii-biblice","8":"product_cat-teologie","9":"product_author-cristian-barbosu","10":"product_genre-knigi-rom","12":"first","13":"instock","14":"shipping-taxable","15":"purchasable","16":"product-type-simple"},"yoast_head":"<!-- This site is optimized with the Yoast SEO plugin v27.3 - https:\/\/yoast.com\/product\/yoast-seo-wordpress\/ -->\n<title>Cele zece porunci - Societatea Biblic\u0103 din Moldova<\/title>\n<meta name=\"robots\" content=\"index, follow, max-snippet:-1, max-image-preview:large, max-video-preview:-1\" \/>\n<link rel=\"canonical\" href=\"https:\/\/biblia.md\/en\/shop\/cele-zece-porunci\/\" \/>\n<meta property=\"og:locale\" content=\"en_US\" \/>\n<meta property=\"og:type\" content=\"article\" \/>\n<meta property=\"og:title\" content=\"Cele zece porunci - Societatea Biblic\u0103 din Moldova\" \/>\n<meta property=\"og:description\" content=\"Cu to\u021bii am auzit de Cele 10 Porunci. Dar oare ca\u021bi le \u0219i \u00een\u021belegem? Cartea aceasta \u021bi le explic\u0103 - biblic, teologic \u0219i practic, analiz\u00e2nd contextul istorico-social \u00een care au ap\u0103rut, dar f\u0103c\u00e2ndu-le relevante \u0219i azi, prin prisma unor \u00eentreb\u0103ri, provoc\u0103ri \u0219i aplica\u021bii potrivite vremurilor \u00een care tr\u0103im.  Un lucru e cert. \u00centr-o lume relativ, care redefine\u0219te valorile \u0219i absoluturile, caut\u00e2nd s\u0103 creeze o nou\u0103 normalitate, Poruncile Divine sunt mai importante ca oric\u00e2nd, fiindc\u0103 ne-au fost date ca marcaje ale sfin\u021beniei pe c\u0103rarea vie\u021bii. Ignori marcajul? Nu te mira c\u0103 vei ajunge r\u0103t\u0103cit, \u00een pericol sau pierdut. P\u0103ze\u0219ti poruncile, \u00ee\u021bi vei p\u0103zi rela\u021bia ta cu Dumnezeu, dar \u0219i cu semenul t\u0103u, \u0219i prin aceasta \u00ee\u021bi p\u0103ze\u0219ti bun\u0103starea \u0219i \u00eemplinirea ta. Cite\u0219te aceast\u0103\u00a0carte \u0219i cu mintea, dar \u0219i cu inima. Te va ajuta s\u0103 g\u0103se\u0219ti direc\u021bia corecta a vie\u021bi tale.\" \/>\n<meta property=\"og:url\" content=\"https:\/\/biblia.md\/en\/shop\/cele-zece-porunci\/\" \/>\n<meta property=\"og:site_name\" content=\"Societatea Biblic\u0103 din Moldova\" \/>\n<meta property=\"article:publisher\" content=\"https:\/\/www.facebook.com\/SocietateaBiblicaMoldova\/\" \/>\n<meta property=\"article:modified_time\" content=\"2026-02-27T14:12:21+00:00\" \/>\n<meta property=\"og:image\" content=\"https:\/\/biblia.md\/wp-content\/uploads\/2026\/01\/img_6969.jpg\" \/>\n\t<meta property=\"og:image:width\" content=\"715\" \/>\n\t<meta property=\"og:image:height\" content=\"1018\" \/>\n\t<meta property=\"og:image:type\" content=\"image\/jpeg\" \/>\n<meta name=\"twitter:card\" content=\"summary_large_image\" \/>\n<script type=\"application\/ld+json\" class=\"yoast-schema-graph\">{\"@context\":\"https:\\\/\\\/schema.org\",\"@graph\":[{\"@type\":\"WebPage\",\"@id\":\"https:\\\/\\\/biblia.md\\\/shop\\\/cele-zece-porunci\\\/\",\"url\":\"https:\\\/\\\/biblia.md\\\/shop\\\/cele-zece-porunci\\\/\",\"name\":\"Cele zece porunci - Societatea Biblic\u0103 din Moldova\",\"isPartOf\":{\"@id\":\"https:\\\/\\\/biblia.md\\\/#website\"},\"primaryImageOfPage\":{\"@id\":\"https:\\\/\\\/biblia.md\\\/shop\\\/cele-zece-porunci\\\/#primaryimage\"},\"image\":{\"@id\":\"https:\\\/\\\/biblia.md\\\/shop\\\/cele-zece-porunci\\\/#primaryimage\"},\"thumbnailUrl\":\"https:\\\/\\\/biblia.md\\\/wp-content\\\/uploads\\\/2026\\\/01\\\/cca47337-eefa-418f-a0ac-717b8aac22fd.jpeg\",\"datePublished\":\"2026-01-14T08:42:47+00:00\",\"dateModified\":\"2026-02-27T14:12:21+00:00\",\"breadcrumb\":{\"@id\":\"https:\\\/\\\/biblia.md\\\/shop\\\/cele-zece-porunci\\\/#breadcrumb\"},\"inLanguage\":\"en-US\",\"potentialAction\":[{\"@type\":\"ReadAction\",\"target\":[\"https:\\\/\\\/biblia.md\\\/shop\\\/cele-zece-porunci\\\/\"]}]},{\"@type\":\"ImageObject\",\"inLanguage\":\"en-US\",\"@id\":\"https:\\\/\\\/biblia.md\\\/shop\\\/cele-zece-porunci\\\/#primaryimage\",\"url\":\"https:\\\/\\\/biblia.md\\\/wp-content\\\/uploads\\\/2026\\\/01\\\/cca47337-eefa-418f-a0ac-717b8aac22fd.jpeg\",\"contentUrl\":\"https:\\\/\\\/biblia.md\\\/wp-content\\\/uploads\\\/2026\\\/01\\\/cca47337-eefa-418f-a0ac-717b8aac22fd.jpeg\",\"width\":740,\"height\":1019},{\"@type\":\"BreadcrumbList\",\"@id\":\"https:\\\/\\\/biblia.md\\\/shop\\\/cele-zece-porunci\\\/#breadcrumb\",\"itemListElement\":[{\"@type\":\"ListItem\",\"position\":1,\"name\":\"Prima pagin\u0103\",\"item\":\"https:\\\/\\\/biblia.md\\\/\"},{\"@type\":\"ListItem\",\"position\":2,\"name\":\"Shop\",\"item\":\"https:\\\/\\\/biblia.md\\\/shop\\\/\"},{\"@type\":\"ListItem\",\"position\":3,\"name\":\"Cele zece porunci\"}]},{\"@type\":\"WebSite\",\"@id\":\"https:\\\/\\\/biblia.md\\\/#website\",\"url\":\"https:\\\/\\\/biblia.md\\\/\",\"name\":\"Societatea Biblic\u0103 din Moldova\",\"description\":\"\",\"publisher\":{\"@id\":\"https:\\\/\\\/biblia.md\\\/#organization\"},\"potentialAction\":[{\"@type\":\"SearchAction\",\"target\":{\"@type\":\"EntryPoint\",\"urlTemplate\":\"https:\\\/\\\/biblia.md\\\/?s={search_term_string}\"},\"query-input\":{\"@type\":\"PropertyValueSpecification\",\"valueRequired\":true,\"valueName\":\"search_term_string\"}}],\"inLanguage\":\"en-US\"},{\"@type\":\"Organization\",\"@id\":\"https:\\\/\\\/biblia.md\\\/#organization\",\"name\":\"Societatea Biblic\u0103 din Moldova\",\"url\":\"https:\\\/\\\/biblia.md\\\/\",\"logo\":{\"@type\":\"ImageObject\",\"inLanguage\":\"en-US\",\"@id\":\"https:\\\/\\\/biblia.md\\\/#\\\/schema\\\/logo\\\/image\\\/\",\"url\":\"https:\\\/\\\/biblia.md\\\/wp-content\\\/uploads\\\/2026\\\/01\\\/icon_site.jpg\",\"contentUrl\":\"https:\\\/\\\/biblia.md\\\/wp-content\\\/uploads\\\/2026\\\/01\\\/icon_site.jpg\",\"width\":656,\"height\":656,\"caption\":\"Societatea Biblic\u0103 din Moldova\"},\"image\":{\"@id\":\"https:\\\/\\\/biblia.md\\\/#\\\/schema\\\/logo\\\/image\\\/\"},\"sameAs\":[\"https:\\\/\\\/www.facebook.com\\\/SocietateaBiblicaMoldova\\\/\",\"https:\\\/\\\/www.instagram.com\\\/biblia.md\\\/\"]}]}<\/script>\n<!-- \/ Yoast SEO plugin. -->","yoast_head_json":{"title":"Cele zece porunci - Societatea Biblic\u0103 din Moldova","robots":{"index":"index","follow":"follow","max-snippet":"max-snippet:-1","max-image-preview":"max-image-preview:large","max-video-preview":"max-video-preview:-1"},"canonical":"https:\/\/biblia.md\/en\/shop\/cele-zece-porunci\/","og_locale":"en_US","og_type":"article","og_title":"Cele zece porunci - Societatea Biblic\u0103 din Moldova","og_description":"Cu to\u021bii am auzit de Cele 10 Porunci. Dar oare ca\u021bi le \u0219i \u00een\u021belegem? Cartea aceasta \u021bi le explic\u0103 - biblic, teologic \u0219i practic, analiz\u00e2nd contextul istorico-social \u00een care au ap\u0103rut, dar f\u0103c\u00e2ndu-le relevante \u0219i azi, prin prisma unor \u00eentreb\u0103ri, provoc\u0103ri \u0219i aplica\u021bii potrivite vremurilor \u00een care tr\u0103im.  Un lucru e cert. \u00centr-o lume relativ, care redefine\u0219te valorile \u0219i absoluturile, caut\u00e2nd s\u0103 creeze o nou\u0103 normalitate, Poruncile Divine sunt mai importante ca oric\u00e2nd, fiindc\u0103 ne-au fost date ca marcaje ale sfin\u021beniei pe c\u0103rarea vie\u021bii. Ignori marcajul? Nu te mira c\u0103 vei ajunge r\u0103t\u0103cit, \u00een pericol sau pierdut. P\u0103ze\u0219ti poruncile, \u00ee\u021bi vei p\u0103zi rela\u021bia ta cu Dumnezeu, dar \u0219i cu semenul t\u0103u, \u0219i prin aceasta \u00ee\u021bi p\u0103ze\u0219ti bun\u0103starea \u0219i \u00eemplinirea ta. Cite\u0219te aceast\u0103\u00a0carte \u0219i cu mintea, dar \u0219i cu inima. Te va ajuta s\u0103 g\u0103se\u0219ti direc\u021bia corecta a vie\u021bi tale.","og_url":"https:\/\/biblia.md\/en\/shop\/cele-zece-porunci\/","og_site_name":"Societatea Biblic\u0103 din Moldova","article_publisher":"https:\/\/www.facebook.com\/SocietateaBiblicaMoldova\/","article_modified_time":"2026-02-27T14:12:21+00:00","og_image":[{"width":715,"height":1018,"url":"https:\/\/biblia.md\/wp-content\/uploads\/2026\/01\/img_6969.jpg","type":"image\/jpeg"}],"twitter_card":"summary_large_image","schema":{"@context":"https:\/\/schema.org","@graph":[{"@type":"WebPage","@id":"https:\/\/biblia.md\/shop\/cele-zece-porunci\/","url":"https:\/\/biblia.md\/shop\/cele-zece-porunci\/","name":"Cele zece porunci - Societatea Biblic\u0103 din Moldova","isPartOf":{"@id":"https:\/\/biblia.md\/#website"},"primaryImageOfPage":{"@id":"https:\/\/biblia.md\/shop\/cele-zece-porunci\/#primaryimage"},"image":{"@id":"https:\/\/biblia.md\/shop\/cele-zece-porunci\/#primaryimage"},"thumbnailUrl":"https:\/\/biblia.md\/wp-content\/uploads\/2026\/01\/cca47337-eefa-418f-a0ac-717b8aac22fd.jpeg","datePublished":"2026-01-14T08:42:47+00:00","dateModified":"2026-02-27T14:12:21+00:00","breadcrumb":{"@id":"https:\/\/biblia.md\/shop\/cele-zece-porunci\/#breadcrumb"},"inLanguage":"en-US","potentialAction":[{"@type":"ReadAction","target":["https:\/\/biblia.md\/shop\/cele-zece-porunci\/"]}]},{"@type":"ImageObject","inLanguage":"en-US","@id":"https:\/\/biblia.md\/shop\/cele-zece-porunci\/#primaryimage","url":"https:\/\/biblia.md\/wp-content\/uploads\/2026\/01\/cca47337-eefa-418f-a0ac-717b8aac22fd.jpeg","contentUrl":"https:\/\/biblia.md\/wp-content\/uploads\/2026\/01\/cca47337-eefa-418f-a0ac-717b8aac22fd.jpeg","width":740,"height":1019},{"@type":"BreadcrumbList","@id":"https:\/\/biblia.md\/shop\/cele-zece-porunci\/#breadcrumb","itemListElement":[{"@type":"ListItem","position":1,"name":"Prima pagin\u0103","item":"https:\/\/biblia.md\/"},{"@type":"ListItem","position":2,"name":"Shop","item":"https:\/\/biblia.md\/shop\/"},{"@type":"ListItem","position":3,"name":"Cele zece porunci"}]},{"@type":"WebSite","@id":"https:\/\/biblia.md\/#website","url":"https:\/\/biblia.md\/","name":"Societatea Biblic\u0103 din Moldova","description":"","publisher":{"@id":"https:\/\/biblia.md\/#organization"},"potentialAction":[{"@type":"SearchAction","target":{"@type":"EntryPoint","urlTemplate":"https:\/\/biblia.md\/?s={search_term_string}"},"query-input":{"@type":"PropertyValueSpecification","valueRequired":true,"valueName":"search_term_string"}}],"inLanguage":"en-US"},{"@type":"Organization","@id":"https:\/\/biblia.md\/#organization","name":"Societatea Biblic\u0103 din Moldova","url":"https:\/\/biblia.md\/","logo":{"@type":"ImageObject","inLanguage":"en-US","@id":"https:\/\/biblia.md\/#\/schema\/logo\/image\/","url":"https:\/\/biblia.md\/wp-content\/uploads\/2026\/01\/icon_site.jpg","contentUrl":"https:\/\/biblia.md\/wp-content\/uploads\/2026\/01\/icon_site.jpg","width":656,"height":656,"caption":"Societatea Biblic\u0103 din Moldova"},"image":{"@id":"https:\/\/biblia.md\/#\/schema\/logo\/image\/"},"sameAs":["https:\/\/www.facebook.com\/SocietateaBiblicaMoldova\/","https:\/\/www.instagram.com\/biblia.md\/"]}]}},"_links":{"self":[{"href":"https:\/\/biblia.md\/en\/wp-json\/wp\/v2\/product\/31342","targetHints":{"allow":["GET"]}}],"collection":[{"href":"https:\/\/biblia.md\/en\/wp-json\/wp\/v2\/product"}],"about":[{"href":"https:\/\/biblia.md\/en\/wp-json\/wp\/v2\/types\/product"}],"replies":[{"embeddable":true,"href":"https:\/\/biblia.md\/en\/wp-json\/wp\/v2\/comments?post=31342"}],"version-history":[{"count":1,"href":"https:\/\/biblia.md\/en\/wp-json\/wp\/v2\/product\/31342\/revisions"}],"predecessor-version":[{"id":31344,"href":"https:\/\/biblia.md\/en\/wp-json\/wp\/v2\/product\/31342\/revisions\/31344"}],"wp:featuredmedia":[{"embeddable":true,"href":"https:\/\/biblia.md\/en\/wp-json\/wp\/v2\/media\/35587"}],"wp:attachment":[{"href":"https:\/\/biblia.md\/en\/wp-json\/wp\/v2\/media?parent=31342"}],"wp:term":[{"taxonomy":"product_brand","embeddable":true,"href":"https:\/\/biblia.md\/en\/wp-json\/wp\/v2\/product_brand?post=31342"},{"taxonomy":"product_cat","embeddable":true,"href":"https:\/\/biblia.md\/en\/wp-json\/wp\/v2\/product_cat?post=31342"},{"taxonomy":"product_tag","embeddable":true,"href":"https:\/\/biblia.md\/en\/wp-json\/wp\/v2\/product_tag?post=31342"}],"curies":[{"name":"wp","href":"https:\/\/api.w.org\/{rel}","templated":true}]}}