{"id":31435,"date":"2026-02-18T15:00:20","date_gmt":"2026-02-18T13:00:20","guid":{"rendered":"https:\/\/biblia.md\/?post_type=product&#038;p=31435"},"modified":"2026-02-19T12:47:02","modified_gmt":"2026-02-19T10:47:02","slug":"dumnezeu-ne-a-daruit-inimi-recunoscatoare","status":"publish","type":"product","link":"https:\/\/biblia.md\/en\/shop\/dumnezeu-ne-a-daruit-inimi-recunoscatoare\/","title":{"rendered":"Dumnezeu ne-a d\u0103ruit inimi recunosc\u0103toare"},"content":{"rendered":"<p><span lang=\"EN-US\">Aventurosul Lupusor este trist, deoarece sezonul de hibernare se apropie de Marile Paduri Nordice. De ce atat de multi prieteni de-ai lui trebuie sa plece pe perioada iernii si sa-l lase pe Lupusor fara prieteni? Mama ii reaminteste micutului pui de lup ca nu toate animalele hiberneaza si ii ofera indrumare in a invata cum poate fi recunoscator pentru frumosul sezon de toamna. Si tot ea subliniaza&#8230;<\/span><\/p>\n<p><span lang=\"EN-US\">\u00a0<\/span><span lang=\"EN-US\">\u201cCheia pentru a avea o inima recunoscatoare, este sa ne gandim la lucrurile care ne fac fericiti in loc sa ne gandim la cele care nu ne plac.\u201c<\/span><\/p>\n<p><span lang=\"EN-US\">Pe masura ce mama si Lupusor exploreaza, ea ii reaminteste ca Dumnezeu este Cel care daruieste toate lucrurile bune. Lupusor invata ca, si in momentele in care ceva distractiv se sfarseste, inima lui poate fi recunoscatoare daca isi antreneaza mintea sa se concentreze pe cele mai bune lucruri din viata lui.<\/span><\/p>\n<p><span lang=\"EN-US\">O completare imbietoare a binecunoscutei serii \u201eDumnezeu ne-a daruit\u201c, cu aproape 2.5 milioane de carti vandute, ii ajuta pe cei micuti sa inteleaga modul in care multumirea incalzeste inimile si aduce bucurie.<\/span><\/p>","protected":false},"excerpt":{"rendered":"<p><span lang=\"EN-US\">Aventurosul Lupusor este trist, deoarece sezonul de hibernare se apropie de Marile Paduri Nordice. De ce atat de multi prieteni de-ai lui trebuie sa plece pe perioada iernii si sa-l lase pe Lupusor fara prieteni? Mama ii reaminteste micutului pui de lup ca nu toate animalele hiberneaza si ii ofera indrumare in a invata cum poate fi recunoscator pentru frumosul sezon de toamna. Si tot ea subliniaza&#8230;<\/span><\/p>\n<p><span lang=\"EN-US\">\u00a0<\/span><span lang=\"EN-US\">\u201cCheia pentru a avea o inima recunoscatoare, este sa ne gandim la lucrurile care ne fac fericiti in loc sa ne gandim la cele care nu ne plac.\u201c<\/span><\/p>","protected":false},"featured_media":31448,"comment_status":"open","ping_status":"closed","template":"","meta":[],"product_brand":[],"product_cat":[149,364],"product_tag":[],"class_list":{"0":"post-31435","1":"product","2":"type-product","3":"status-publish","4":"has-post-thumbnail","6":"product_cat-copii","7":"product_cat-povestiri","8":"product_author-lisa-tawn-bergren","9":"product_genre-knigi-rom","11":"first","12":"instock","13":"shipping-taxable","14":"purchasable","15":"product-type-simple"},"yoast_head":"<!-- This site is optimized with the Yoast SEO plugin v27.3 - https:\/\/yoast.com\/product\/yoast-seo-wordpress\/ -->\n<title>Dumnezeu ne-a d\u0103ruit inimi recunosc\u0103toare - Societatea Biblic\u0103 din Moldova<\/title>\n<meta name=\"robots\" content=\"index, follow, max-snippet:-1, max-image-preview:large, max-video-preview:-1\" \/>\n<link rel=\"canonical\" href=\"https:\/\/biblia.md\/en\/shop\/dumnezeu-ne-a-daruit-inimi-recunoscatoare\/\" \/>\n<meta property=\"og:locale\" content=\"en_US\" \/>\n<meta property=\"og:type\" content=\"article\" \/>\n<meta property=\"og:title\" content=\"Dumnezeu ne-a d\u0103ruit inimi recunosc\u0103toare - Societatea Biblic\u0103 din Moldova\" \/>\n<meta property=\"og:description\" content=\"Aventurosul Lupusor este trist, deoarece sezonul de hibernare se apropie de Marile Paduri Nordice. De ce atat de multi prieteni de-ai lui trebuie sa plece pe perioada iernii si sa-l lase pe Lupusor fara prieteni? Mama ii reaminteste micutului pui de lup ca nu toate animalele hiberneaza si ii ofera indrumare in a invata cum poate fi recunoscator pentru frumosul sezon de toamna. Si tot ea subliniaza...  \u00a0\u201cCheia pentru a avea o inima recunoscatoare, este sa ne gandim la lucrurile care ne fac fericiti in loc sa ne gandim la cele care nu ne plac.\u201c\" \/>\n<meta property=\"og:url\" content=\"https:\/\/biblia.md\/en\/shop\/dumnezeu-ne-a-daruit-inimi-recunoscatoare\/\" \/>\n<meta property=\"og:site_name\" content=\"Societatea Biblic\u0103 din Moldova\" \/>\n<meta property=\"article:publisher\" content=\"https:\/\/www.facebook.com\/SocietateaBiblicaMoldova\/\" \/>\n<meta property=\"article:modified_time\" content=\"2026-02-19T10:47:02+00:00\" \/>\n<meta property=\"og:image\" content=\"https:\/\/biblia.md\/wp-content\/uploads\/2026\/01\/0000000504.jpg\" \/>\n\t<meta property=\"og:image:width\" content=\"700\" \/>\n\t<meta property=\"og:image:height\" content=\"699\" \/>\n\t<meta property=\"og:image:type\" content=\"image\/jpeg\" \/>\n<meta name=\"twitter:card\" content=\"summary_large_image\" \/>\n<meta name=\"twitter:label1\" content=\"Est. reading time\" \/>\n\t<meta name=\"twitter:data1\" content=\"2 minutes\" \/>\n<script type=\"application\/ld+json\" class=\"yoast-schema-graph\">{\"@context\":\"https:\\\/\\\/schema.org\",\"@graph\":[{\"@type\":\"WebPage\",\"@id\":\"https:\\\/\\\/biblia.md\\\/shop\\\/dumnezeu-ne-a-daruit-inimi-recunoscatoare\\\/\",\"url\":\"https:\\\/\\\/biblia.md\\\/shop\\\/dumnezeu-ne-a-daruit-inimi-recunoscatoare\\\/\",\"name\":\"Dumnezeu ne-a d\u0103ruit inimi recunosc\u0103toare - Societatea Biblic\u0103 din Moldova\",\"isPartOf\":{\"@id\":\"https:\\\/\\\/biblia.md\\\/#website\"},\"primaryImageOfPage\":{\"@id\":\"https:\\\/\\\/biblia.md\\\/shop\\\/dumnezeu-ne-a-daruit-inimi-recunoscatoare\\\/#primaryimage\"},\"image\":{\"@id\":\"https:\\\/\\\/biblia.md\\\/shop\\\/dumnezeu-ne-a-daruit-inimi-recunoscatoare\\\/#primaryimage\"},\"thumbnailUrl\":\"https:\\\/\\\/biblia.md\\\/wp-content\\\/uploads\\\/2026\\\/01\\\/0000000504.jpg\",\"datePublished\":\"2026-02-18T13:00:20+00:00\",\"dateModified\":\"2026-02-19T10:47:02+00:00\",\"breadcrumb\":{\"@id\":\"https:\\\/\\\/biblia.md\\\/shop\\\/dumnezeu-ne-a-daruit-inimi-recunoscatoare\\\/#breadcrumb\"},\"inLanguage\":\"en-US\",\"potentialAction\":[{\"@type\":\"ReadAction\",\"target\":[\"https:\\\/\\\/biblia.md\\\/shop\\\/dumnezeu-ne-a-daruit-inimi-recunoscatoare\\\/\"]}]},{\"@type\":\"ImageObject\",\"inLanguage\":\"en-US\",\"@id\":\"https:\\\/\\\/biblia.md\\\/shop\\\/dumnezeu-ne-a-daruit-inimi-recunoscatoare\\\/#primaryimage\",\"url\":\"https:\\\/\\\/biblia.md\\\/wp-content\\\/uploads\\\/2026\\\/01\\\/0000000504.jpg\",\"contentUrl\":\"https:\\\/\\\/biblia.md\\\/wp-content\\\/uploads\\\/2026\\\/01\\\/0000000504.jpg\",\"width\":700,\"height\":699},{\"@type\":\"BreadcrumbList\",\"@id\":\"https:\\\/\\\/biblia.md\\\/shop\\\/dumnezeu-ne-a-daruit-inimi-recunoscatoare\\\/#breadcrumb\",\"itemListElement\":[{\"@type\":\"ListItem\",\"position\":1,\"name\":\"Prima pagin\u0103\",\"item\":\"https:\\\/\\\/biblia.md\\\/\"},{\"@type\":\"ListItem\",\"position\":2,\"name\":\"Shop\",\"item\":\"https:\\\/\\\/biblia.md\\\/shop\\\/\"},{\"@type\":\"ListItem\",\"position\":3,\"name\":\"Dumnezeu ne-a d\u0103ruit inimi recunosc\u0103toare\"}]},{\"@type\":\"WebSite\",\"@id\":\"https:\\\/\\\/biblia.md\\\/#website\",\"url\":\"https:\\\/\\\/biblia.md\\\/\",\"name\":\"Societatea Biblic\u0103 din Moldova\",\"description\":\"\",\"publisher\":{\"@id\":\"https:\\\/\\\/biblia.md\\\/#organization\"},\"potentialAction\":[{\"@type\":\"SearchAction\",\"target\":{\"@type\":\"EntryPoint\",\"urlTemplate\":\"https:\\\/\\\/biblia.md\\\/?s={search_term_string}\"},\"query-input\":{\"@type\":\"PropertyValueSpecification\",\"valueRequired\":true,\"valueName\":\"search_term_string\"}}],\"inLanguage\":\"en-US\"},{\"@type\":\"Organization\",\"@id\":\"https:\\\/\\\/biblia.md\\\/#organization\",\"name\":\"Societatea Biblic\u0103 din Moldova\",\"url\":\"https:\\\/\\\/biblia.md\\\/\",\"logo\":{\"@type\":\"ImageObject\",\"inLanguage\":\"en-US\",\"@id\":\"https:\\\/\\\/biblia.md\\\/#\\\/schema\\\/logo\\\/image\\\/\",\"url\":\"https:\\\/\\\/biblia.md\\\/wp-content\\\/uploads\\\/2026\\\/01\\\/icon_site.jpg\",\"contentUrl\":\"https:\\\/\\\/biblia.md\\\/wp-content\\\/uploads\\\/2026\\\/01\\\/icon_site.jpg\",\"width\":656,\"height\":656,\"caption\":\"Societatea Biblic\u0103 din Moldova\"},\"image\":{\"@id\":\"https:\\\/\\\/biblia.md\\\/#\\\/schema\\\/logo\\\/image\\\/\"},\"sameAs\":[\"https:\\\/\\\/www.facebook.com\\\/SocietateaBiblicaMoldova\\\/\",\"https:\\\/\\\/www.instagram.com\\\/biblia.md\\\/\"]}]}<\/script>\n<!-- \/ Yoast SEO plugin. -->","yoast_head_json":{"title":"Dumnezeu ne-a d\u0103ruit inimi recunosc\u0103toare - Societatea Biblic\u0103 din Moldova","robots":{"index":"index","follow":"follow","max-snippet":"max-snippet:-1","max-image-preview":"max-image-preview:large","max-video-preview":"max-video-preview:-1"},"canonical":"https:\/\/biblia.md\/en\/shop\/dumnezeu-ne-a-daruit-inimi-recunoscatoare\/","og_locale":"en_US","og_type":"article","og_title":"Dumnezeu ne-a d\u0103ruit inimi recunosc\u0103toare - Societatea Biblic\u0103 din Moldova","og_description":"Aventurosul Lupusor este trist, deoarece sezonul de hibernare se apropie de Marile Paduri Nordice. De ce atat de multi prieteni de-ai lui trebuie sa plece pe perioada iernii si sa-l lase pe Lupusor fara prieteni? Mama ii reaminteste micutului pui de lup ca nu toate animalele hiberneaza si ii ofera indrumare in a invata cum poate fi recunoscator pentru frumosul sezon de toamna. Si tot ea subliniaza...  \u00a0\u201cCheia pentru a avea o inima recunoscatoare, este sa ne gandim la lucrurile care ne fac fericiti in loc sa ne gandim la cele care nu ne plac.\u201c","og_url":"https:\/\/biblia.md\/en\/shop\/dumnezeu-ne-a-daruit-inimi-recunoscatoare\/","og_site_name":"Societatea Biblic\u0103 din Moldova","article_publisher":"https:\/\/www.facebook.com\/SocietateaBiblicaMoldova\/","article_modified_time":"2026-02-19T10:47:02+00:00","og_image":[{"width":700,"height":699,"url":"https:\/\/biblia.md\/wp-content\/uploads\/2026\/01\/0000000504.jpg","type":"image\/jpeg"}],"twitter_card":"summary_large_image","twitter_misc":{"Est. reading time":"2 minutes"},"schema":{"@context":"https:\/\/schema.org","@graph":[{"@type":"WebPage","@id":"https:\/\/biblia.md\/shop\/dumnezeu-ne-a-daruit-inimi-recunoscatoare\/","url":"https:\/\/biblia.md\/shop\/dumnezeu-ne-a-daruit-inimi-recunoscatoare\/","name":"Dumnezeu ne-a d\u0103ruit inimi recunosc\u0103toare - Societatea Biblic\u0103 din Moldova","isPartOf":{"@id":"https:\/\/biblia.md\/#website"},"primaryImageOfPage":{"@id":"https:\/\/biblia.md\/shop\/dumnezeu-ne-a-daruit-inimi-recunoscatoare\/#primaryimage"},"image":{"@id":"https:\/\/biblia.md\/shop\/dumnezeu-ne-a-daruit-inimi-recunoscatoare\/#primaryimage"},"thumbnailUrl":"https:\/\/biblia.md\/wp-content\/uploads\/2026\/01\/0000000504.jpg","datePublished":"2026-02-18T13:00:20+00:00","dateModified":"2026-02-19T10:47:02+00:00","breadcrumb":{"@id":"https:\/\/biblia.md\/shop\/dumnezeu-ne-a-daruit-inimi-recunoscatoare\/#breadcrumb"},"inLanguage":"en-US","potentialAction":[{"@type":"ReadAction","target":["https:\/\/biblia.md\/shop\/dumnezeu-ne-a-daruit-inimi-recunoscatoare\/"]}]},{"@type":"ImageObject","inLanguage":"en-US","@id":"https:\/\/biblia.md\/shop\/dumnezeu-ne-a-daruit-inimi-recunoscatoare\/#primaryimage","url":"https:\/\/biblia.md\/wp-content\/uploads\/2026\/01\/0000000504.jpg","contentUrl":"https:\/\/biblia.md\/wp-content\/uploads\/2026\/01\/0000000504.jpg","width":700,"height":699},{"@type":"BreadcrumbList","@id":"https:\/\/biblia.md\/shop\/dumnezeu-ne-a-daruit-inimi-recunoscatoare\/#breadcrumb","itemListElement":[{"@type":"ListItem","position":1,"name":"Prima pagin\u0103","item":"https:\/\/biblia.md\/"},{"@type":"ListItem","position":2,"name":"Shop","item":"https:\/\/biblia.md\/shop\/"},{"@type":"ListItem","position":3,"name":"Dumnezeu ne-a d\u0103ruit inimi recunosc\u0103toare"}]},{"@type":"WebSite","@id":"https:\/\/biblia.md\/#website","url":"https:\/\/biblia.md\/","name":"Societatea Biblic\u0103 din Moldova","description":"","publisher":{"@id":"https:\/\/biblia.md\/#organization"},"potentialAction":[{"@type":"SearchAction","target":{"@type":"EntryPoint","urlTemplate":"https:\/\/biblia.md\/?s={search_term_string}"},"query-input":{"@type":"PropertyValueSpecification","valueRequired":true,"valueName":"search_term_string"}}],"inLanguage":"en-US"},{"@type":"Organization","@id":"https:\/\/biblia.md\/#organization","name":"Societatea Biblic\u0103 din Moldova","url":"https:\/\/biblia.md\/","logo":{"@type":"ImageObject","inLanguage":"en-US","@id":"https:\/\/biblia.md\/#\/schema\/logo\/image\/","url":"https:\/\/biblia.md\/wp-content\/uploads\/2026\/01\/icon_site.jpg","contentUrl":"https:\/\/biblia.md\/wp-content\/uploads\/2026\/01\/icon_site.jpg","width":656,"height":656,"caption":"Societatea Biblic\u0103 din Moldova"},"image":{"@id":"https:\/\/biblia.md\/#\/schema\/logo\/image\/"},"sameAs":["https:\/\/www.facebook.com\/SocietateaBiblicaMoldova\/","https:\/\/www.instagram.com\/biblia.md\/"]}]}},"_links":{"self":[{"href":"https:\/\/biblia.md\/en\/wp-json\/wp\/v2\/product\/31435","targetHints":{"allow":["GET"]}}],"collection":[{"href":"https:\/\/biblia.md\/en\/wp-json\/wp\/v2\/product"}],"about":[{"href":"https:\/\/biblia.md\/en\/wp-json\/wp\/v2\/types\/product"}],"replies":[{"embeddable":true,"href":"https:\/\/biblia.md\/en\/wp-json\/wp\/v2\/comments?post=31435"}],"version-history":[{"count":2,"href":"https:\/\/biblia.md\/en\/wp-json\/wp\/v2\/product\/31435\/revisions"}],"predecessor-version":[{"id":35134,"href":"https:\/\/biblia.md\/en\/wp-json\/wp\/v2\/product\/31435\/revisions\/35134"}],"wp:featuredmedia":[{"embeddable":true,"href":"https:\/\/biblia.md\/en\/wp-json\/wp\/v2\/media\/31448"}],"wp:attachment":[{"href":"https:\/\/biblia.md\/en\/wp-json\/wp\/v2\/media?parent=31435"}],"wp:term":[{"taxonomy":"product_brand","embeddable":true,"href":"https:\/\/biblia.md\/en\/wp-json\/wp\/v2\/product_brand?post=31435"},{"taxonomy":"product_cat","embeddable":true,"href":"https:\/\/biblia.md\/en\/wp-json\/wp\/v2\/product_cat?post=31435"},{"taxonomy":"product_tag","embeddable":true,"href":"https:\/\/biblia.md\/en\/wp-json\/wp\/v2\/product_tag?post=31435"}],"curies":[{"name":"wp","href":"https:\/\/api.w.org\/{rel}","templated":true}]}}