{"id":31440,"date":"2026-01-14T14:46:04","date_gmt":"2026-01-14T12:46:04","guid":{"rendered":"https:\/\/biblia.md\/?post_type=product&#038;p=31440"},"modified":"2026-01-14T14:50:13","modified_gmt":"2026-01-14T12:50:13","slug":"chemare-periculoasa-confruntarea-provocarilor-unice-ale-lucrarii-pastorale","status":"publish","type":"product","link":"https:\/\/biblia.md\/en\/shop\/chemare-periculoasa-confruntarea-provocarilor-unice-ale-lucrarii-pastorale\/","title":{"rendered":"Chemare periculoas\u0103 &#8211; Confruntarea provoc\u0103rilor unice ale lucr\u0103rii pastorale"},"content":{"rendered":"<p>\u201eTripp \u00aba comis-o\u00bb din nou. Cu o intelegere patrunzatoare si un realism robust, el arunca o privire cuprinzatoare asupra provocarilor care sunt unice pentru lucrarea pastorala, sau intensificate de aceasta. Centrata pe Evanghelie si saturata de har pana la miez,\u00a0<em>Chemare periculoasa<\/em>\u00a0este o lectura obligatorie.\u201c<\/p>\n<p>&#8211; TULLIAN TCHIVIDJIAN, autor,<em>\u00a0Jesus + Nothing = Everything<\/em><\/p>\n<p>\u201eDaca aceasta carte ar fi o predica, ar fi cea mai consistenta si invioratoare predica pe care ati avea vreodata nevoie s-o auziti. Speranta mea este sa fie tradusa in cat mai multe limbi, sa devina o lectura obligatorie in seminarii si sa ajunga la crestinii de pretutindeni.\u201c<\/p>\n<p>&#8211; BURK PARSONS, pastor, Saint Andrew\u2019s Chapel, Sanford, Florida<\/p>\n<p>\u201eExista in zilele de azi o forta intunecata si distructiva care lucreaza impotriva pastorilor. Cu multa intelepciune, dar si cu fermitate,<em>\u00a0Chemare periculoasa<\/em>\u00a0a lui Tripp predica Evanghelia harului oamenilor care predica Evanghelia duminica de duminica tuturor, dar nu si lor insisi.\u201c<\/p>\n<p>&#8211; ERIC C. REDMOND, pastor si profesor de teologie, New Canaan Baptist Church<\/p>\n<p>\u201ePutini ar privi slujba de pastor ca pe o chemare periculoasa, dar putini sunt si la fel de calificati si profunzi ca Paul Tripp sa dezvaluie capcanele potentiale asociate cu lucrarea pastorala. Acest excelent volum ar trebui citit, recitit si aplicat.\u201c<\/p>\n<p>&#8211; TERRY VIRGO, fondator, Newfrontiers<\/p>\n<p><strong>CUPRINS<\/strong><\/p>\n<p>Introducere<\/p>\n<p>PARTEA I<br \/>\nO EXAMINARE A CULTURII PASTORALE<br \/>\n1. Indreptat spre dezastru<br \/>\n2. Din nou si din nou<br \/>\n3. Creiere teologice mari si inimi bolnave<br \/>\n4. Mai mult decat cunostinte si competente<br \/>\n5. Incheieturi si ligamente<br \/>\n6. Comunitate absenta<br \/>\n7. Zone de razboi<\/p>\n<p>PARTEA a II-a<br \/>\nPERICOLUL DE A-TI PIERDE VENERATIA (SA UITI CINE ESTE DUMNEZEU)<br \/>\n8. Obisnuinta<br \/>\n9. Secrete murdare<br \/>\n10. Mediocritate<br \/>\n11. Intre deja si nu inca<\/p>\n<p>PARTEA a III-a<br \/>\nPERICOLUL ATINGERII SUCCESULUI (SA UITI CINE ESTI TU)<br \/>\n12. Autoglorificare<br \/>\n13. Pregatire continua<br \/>\n14. Separare<br \/>\n15. Ce urmeaza acum?<\/p>","protected":false},"excerpt":{"rendered":"<p><strong>ATENTIUNE!<\/strong><br \/>\n<strong>Catre pastori si profesori, seminaristi si studenti, lideri de biserica si enoriasi \u2013 catre oricine isi ia in serios rolul ce ii revine in protejarea lucrarii de pastorat!<br \/>\n<\/strong><br \/>\n\u201eDaca esti in lucrare, ar trebui sa citesti cartea aceasta. Este o carte care te taie la inima si te arata vinovat, dar care iti si pune la indemana remedii biblice pentru vindecare. Mi-ar placea sa o pun in mainile fiecarui seminarist din campusul pe care il conduc.\u201c<\/p>\n<p>&#8211; DANIEL L. AKIN, presedinte, Southeastern Baptist Theological Seminary<\/p>\n<p>\u201ePrin cartea aceasta, prietenul meu Paul Tripp aprinde lumina reflectorului Cuvantului lui Dumnezeu in inima oricarui pastor. Fie ca esti in lucrare de douazeci de minute sau de douazeci de ani, ti-o recomand \u2013 fii pregatit pentru schimbarea pe care Dumnezeu o va face in inima, viata si lucrarea ta.\u201c<\/p>\n<p>&#8211; JAMES MACDONALD, pastor, Harvest Bible Chapel; autor,\u00a0<em>Vertical Church<\/em><\/p>\n<p>&nbsp;<\/p>","protected":false},"featured_media":31441,"comment_status":"open","ping_status":"closed","template":"","meta":[],"product_brand":[],"product_cat":[377,395],"product_tag":[],"class_list":{"0":"post-31440","1":"product","2":"type-product","3":"status-publish","4":"has-post-thumbnail","6":"product_cat-carti","7":"product_cat-pentru-slujitori","8":"product_author-paul-david-tripp","9":"product_genre-knigi-rom","11":"first","12":"instock","13":"shipping-taxable","14":"purchasable","15":"product-type-simple"},"yoast_head":"<!-- This site is optimized with the Yoast SEO plugin v27.3 - https:\/\/yoast.com\/product\/yoast-seo-wordpress\/ -->\n<title>Chemare periculoas\u0103 - Confruntarea provoc\u0103rilor unice ale lucr\u0103rii pastorale - Societatea Biblic\u0103 din Moldova<\/title>\n<meta name=\"robots\" content=\"index, follow, max-snippet:-1, max-image-preview:large, max-video-preview:-1\" \/>\n<link rel=\"canonical\" href=\"https:\/\/biblia.md\/en\/shop\/chemare-periculoasa-confruntarea-provocarilor-unice-ale-lucrarii-pastorale\/\" \/>\n<meta property=\"og:locale\" content=\"en_US\" \/>\n<meta property=\"og:type\" content=\"article\" \/>\n<meta property=\"og:title\" content=\"Chemare periculoas\u0103 - Confruntarea provoc\u0103rilor unice ale lucr\u0103rii pastorale - Societatea Biblic\u0103 din Moldova\" \/>\n<meta property=\"og:description\" content=\"ATENTIUNE! Catre pastori si profesori, seminaristi si studenti, lideri de biserica si enoriasi \u2013 catre oricine isi ia in serios rolul ce ii revine in protejarea lucrarii de pastorat!  \u201eDaca esti in lucrare, ar trebui sa citesti cartea aceasta. Este o carte care te taie la inima si te arata vinovat, dar care iti si pune la indemana remedii biblice pentru vindecare. Mi-ar placea sa o pun in mainile fiecarui seminarist din campusul pe care il conduc.\u201c  -- DANIEL L. AKIN, presedinte, Southeastern Baptist Theological Seminary  \u201ePrin cartea aceasta, prietenul meu Paul Tripp aprinde lumina reflectorului Cuvantului lui Dumnezeu in inima oricarui pastor. Fie ca esti in lucrare de douazeci de minute sau de douazeci de ani, ti-o recomand \u2013 fii pregatit pentru schimbarea pe care Dumnezeu o va face in inima, viata si lucrarea ta.\u201c  -- JAMES MACDONALD, pastor, Harvest Bible Chapel; autor,\u00a0Vertical Church  &nbsp;\" \/>\n<meta property=\"og:url\" content=\"https:\/\/biblia.md\/en\/shop\/chemare-periculoasa-confruntarea-provocarilor-unice-ale-lucrarii-pastorale\/\" \/>\n<meta property=\"og:site_name\" content=\"Societatea Biblic\u0103 din Moldova\" \/>\n<meta property=\"article:publisher\" content=\"https:\/\/www.facebook.com\/SocietateaBiblicaMoldova\/\" \/>\n<meta property=\"article:modified_time\" content=\"2026-01-14T12:50:13+00:00\" \/>\n<meta property=\"og:image\" content=\"https:\/\/biblia.md\/wp-content\/uploads\/2026\/01\/0000001256.jpg\" \/>\n\t<meta property=\"og:image:width\" content=\"492\" \/>\n\t<meta property=\"og:image:height\" content=\"700\" \/>\n\t<meta property=\"og:image:type\" content=\"image\/jpeg\" \/>\n<meta name=\"twitter:card\" content=\"summary_large_image\" \/>\n<meta name=\"twitter:label1\" content=\"Est. reading time\" \/>\n\t<meta name=\"twitter:data1\" content=\"1 minute\" \/>\n<script type=\"application\/ld+json\" class=\"yoast-schema-graph\">{\"@context\":\"https:\\\/\\\/schema.org\",\"@graph\":[{\"@type\":\"WebPage\",\"@id\":\"https:\\\/\\\/biblia.md\\\/shop\\\/chemare-periculoasa-confruntarea-provocarilor-unice-ale-lucrarii-pastorale\\\/\",\"url\":\"https:\\\/\\\/biblia.md\\\/shop\\\/chemare-periculoasa-confruntarea-provocarilor-unice-ale-lucrarii-pastorale\\\/\",\"name\":\"Chemare periculoas\u0103 - Confruntarea provoc\u0103rilor unice ale lucr\u0103rii pastorale - Societatea Biblic\u0103 din Moldova\",\"isPartOf\":{\"@id\":\"https:\\\/\\\/biblia.md\\\/#website\"},\"primaryImageOfPage\":{\"@id\":\"https:\\\/\\\/biblia.md\\\/shop\\\/chemare-periculoasa-confruntarea-provocarilor-unice-ale-lucrarii-pastorale\\\/#primaryimage\"},\"image\":{\"@id\":\"https:\\\/\\\/biblia.md\\\/shop\\\/chemare-periculoasa-confruntarea-provocarilor-unice-ale-lucrarii-pastorale\\\/#primaryimage\"},\"thumbnailUrl\":\"https:\\\/\\\/biblia.md\\\/wp-content\\\/uploads\\\/2026\\\/01\\\/0000001256.jpg\",\"datePublished\":\"2026-01-14T12:46:04+00:00\",\"dateModified\":\"2026-01-14T12:50:13+00:00\",\"breadcrumb\":{\"@id\":\"https:\\\/\\\/biblia.md\\\/shop\\\/chemare-periculoasa-confruntarea-provocarilor-unice-ale-lucrarii-pastorale\\\/#breadcrumb\"},\"inLanguage\":\"en-US\",\"potentialAction\":[{\"@type\":\"ReadAction\",\"target\":[\"https:\\\/\\\/biblia.md\\\/shop\\\/chemare-periculoasa-confruntarea-provocarilor-unice-ale-lucrarii-pastorale\\\/\"]}]},{\"@type\":\"ImageObject\",\"inLanguage\":\"en-US\",\"@id\":\"https:\\\/\\\/biblia.md\\\/shop\\\/chemare-periculoasa-confruntarea-provocarilor-unice-ale-lucrarii-pastorale\\\/#primaryimage\",\"url\":\"https:\\\/\\\/biblia.md\\\/wp-content\\\/uploads\\\/2026\\\/01\\\/0000001256.jpg\",\"contentUrl\":\"https:\\\/\\\/biblia.md\\\/wp-content\\\/uploads\\\/2026\\\/01\\\/0000001256.jpg\",\"width\":492,\"height\":700},{\"@type\":\"BreadcrumbList\",\"@id\":\"https:\\\/\\\/biblia.md\\\/shop\\\/chemare-periculoasa-confruntarea-provocarilor-unice-ale-lucrarii-pastorale\\\/#breadcrumb\",\"itemListElement\":[{\"@type\":\"ListItem\",\"position\":1,\"name\":\"Prima pagin\u0103\",\"item\":\"https:\\\/\\\/biblia.md\\\/\"},{\"@type\":\"ListItem\",\"position\":2,\"name\":\"Shop\",\"item\":\"https:\\\/\\\/biblia.md\\\/shop\\\/\"},{\"@type\":\"ListItem\",\"position\":3,\"name\":\"Chemare periculoas\u0103 &#8211; Confruntarea provoc\u0103rilor unice ale lucr\u0103rii pastorale\"}]},{\"@type\":\"WebSite\",\"@id\":\"https:\\\/\\\/biblia.md\\\/#website\",\"url\":\"https:\\\/\\\/biblia.md\\\/\",\"name\":\"Societatea Biblic\u0103 din Moldova\",\"description\":\"\",\"publisher\":{\"@id\":\"https:\\\/\\\/biblia.md\\\/#organization\"},\"potentialAction\":[{\"@type\":\"SearchAction\",\"target\":{\"@type\":\"EntryPoint\",\"urlTemplate\":\"https:\\\/\\\/biblia.md\\\/?s={search_term_string}\"},\"query-input\":{\"@type\":\"PropertyValueSpecification\",\"valueRequired\":true,\"valueName\":\"search_term_string\"}}],\"inLanguage\":\"en-US\"},{\"@type\":\"Organization\",\"@id\":\"https:\\\/\\\/biblia.md\\\/#organization\",\"name\":\"Societatea Biblic\u0103 din Moldova\",\"url\":\"https:\\\/\\\/biblia.md\\\/\",\"logo\":{\"@type\":\"ImageObject\",\"inLanguage\":\"en-US\",\"@id\":\"https:\\\/\\\/biblia.md\\\/#\\\/schema\\\/logo\\\/image\\\/\",\"url\":\"https:\\\/\\\/biblia.md\\\/wp-content\\\/uploads\\\/2026\\\/01\\\/icon_site.jpg\",\"contentUrl\":\"https:\\\/\\\/biblia.md\\\/wp-content\\\/uploads\\\/2026\\\/01\\\/icon_site.jpg\",\"width\":656,\"height\":656,\"caption\":\"Societatea Biblic\u0103 din Moldova\"},\"image\":{\"@id\":\"https:\\\/\\\/biblia.md\\\/#\\\/schema\\\/logo\\\/image\\\/\"},\"sameAs\":[\"https:\\\/\\\/www.facebook.com\\\/SocietateaBiblicaMoldova\\\/\",\"https:\\\/\\\/www.instagram.com\\\/biblia.md\\\/\"]}]}<\/script>\n<!-- \/ Yoast SEO plugin. -->","yoast_head_json":{"title":"Chemare periculoas\u0103 - Confruntarea provoc\u0103rilor unice ale lucr\u0103rii pastorale - Societatea Biblic\u0103 din Moldova","robots":{"index":"index","follow":"follow","max-snippet":"max-snippet:-1","max-image-preview":"max-image-preview:large","max-video-preview":"max-video-preview:-1"},"canonical":"https:\/\/biblia.md\/en\/shop\/chemare-periculoasa-confruntarea-provocarilor-unice-ale-lucrarii-pastorale\/","og_locale":"en_US","og_type":"article","og_title":"Chemare periculoas\u0103 - Confruntarea provoc\u0103rilor unice ale lucr\u0103rii pastorale - Societatea Biblic\u0103 din Moldova","og_description":"ATENTIUNE! Catre pastori si profesori, seminaristi si studenti, lideri de biserica si enoriasi \u2013 catre oricine isi ia in serios rolul ce ii revine in protejarea lucrarii de pastorat!  \u201eDaca esti in lucrare, ar trebui sa citesti cartea aceasta. Este o carte care te taie la inima si te arata vinovat, dar care iti si pune la indemana remedii biblice pentru vindecare. Mi-ar placea sa o pun in mainile fiecarui seminarist din campusul pe care il conduc.\u201c  -- DANIEL L. AKIN, presedinte, Southeastern Baptist Theological Seminary  \u201ePrin cartea aceasta, prietenul meu Paul Tripp aprinde lumina reflectorului Cuvantului lui Dumnezeu in inima oricarui pastor. Fie ca esti in lucrare de douazeci de minute sau de douazeci de ani, ti-o recomand \u2013 fii pregatit pentru schimbarea pe care Dumnezeu o va face in inima, viata si lucrarea ta.\u201c  -- JAMES MACDONALD, pastor, Harvest Bible Chapel; autor,\u00a0Vertical Church  &nbsp;","og_url":"https:\/\/biblia.md\/en\/shop\/chemare-periculoasa-confruntarea-provocarilor-unice-ale-lucrarii-pastorale\/","og_site_name":"Societatea Biblic\u0103 din Moldova","article_publisher":"https:\/\/www.facebook.com\/SocietateaBiblicaMoldova\/","article_modified_time":"2026-01-14T12:50:13+00:00","og_image":[{"width":492,"height":700,"url":"https:\/\/biblia.md\/wp-content\/uploads\/2026\/01\/0000001256.jpg","type":"image\/jpeg"}],"twitter_card":"summary_large_image","twitter_misc":{"Est. reading time":"1 minute"},"schema":{"@context":"https:\/\/schema.org","@graph":[{"@type":"WebPage","@id":"https:\/\/biblia.md\/shop\/chemare-periculoasa-confruntarea-provocarilor-unice-ale-lucrarii-pastorale\/","url":"https:\/\/biblia.md\/shop\/chemare-periculoasa-confruntarea-provocarilor-unice-ale-lucrarii-pastorale\/","name":"Chemare periculoas\u0103 - Confruntarea provoc\u0103rilor unice ale lucr\u0103rii pastorale - Societatea Biblic\u0103 din Moldova","isPartOf":{"@id":"https:\/\/biblia.md\/#website"},"primaryImageOfPage":{"@id":"https:\/\/biblia.md\/shop\/chemare-periculoasa-confruntarea-provocarilor-unice-ale-lucrarii-pastorale\/#primaryimage"},"image":{"@id":"https:\/\/biblia.md\/shop\/chemare-periculoasa-confruntarea-provocarilor-unice-ale-lucrarii-pastorale\/#primaryimage"},"thumbnailUrl":"https:\/\/biblia.md\/wp-content\/uploads\/2026\/01\/0000001256.jpg","datePublished":"2026-01-14T12:46:04+00:00","dateModified":"2026-01-14T12:50:13+00:00","breadcrumb":{"@id":"https:\/\/biblia.md\/shop\/chemare-periculoasa-confruntarea-provocarilor-unice-ale-lucrarii-pastorale\/#breadcrumb"},"inLanguage":"en-US","potentialAction":[{"@type":"ReadAction","target":["https:\/\/biblia.md\/shop\/chemare-periculoasa-confruntarea-provocarilor-unice-ale-lucrarii-pastorale\/"]}]},{"@type":"ImageObject","inLanguage":"en-US","@id":"https:\/\/biblia.md\/shop\/chemare-periculoasa-confruntarea-provocarilor-unice-ale-lucrarii-pastorale\/#primaryimage","url":"https:\/\/biblia.md\/wp-content\/uploads\/2026\/01\/0000001256.jpg","contentUrl":"https:\/\/biblia.md\/wp-content\/uploads\/2026\/01\/0000001256.jpg","width":492,"height":700},{"@type":"BreadcrumbList","@id":"https:\/\/biblia.md\/shop\/chemare-periculoasa-confruntarea-provocarilor-unice-ale-lucrarii-pastorale\/#breadcrumb","itemListElement":[{"@type":"ListItem","position":1,"name":"Prima pagin\u0103","item":"https:\/\/biblia.md\/"},{"@type":"ListItem","position":2,"name":"Shop","item":"https:\/\/biblia.md\/shop\/"},{"@type":"ListItem","position":3,"name":"Chemare periculoas\u0103 &#8211; Confruntarea provoc\u0103rilor unice ale lucr\u0103rii pastorale"}]},{"@type":"WebSite","@id":"https:\/\/biblia.md\/#website","url":"https:\/\/biblia.md\/","name":"Societatea Biblic\u0103 din Moldova","description":"","publisher":{"@id":"https:\/\/biblia.md\/#organization"},"potentialAction":[{"@type":"SearchAction","target":{"@type":"EntryPoint","urlTemplate":"https:\/\/biblia.md\/?s={search_term_string}"},"query-input":{"@type":"PropertyValueSpecification","valueRequired":true,"valueName":"search_term_string"}}],"inLanguage":"en-US"},{"@type":"Organization","@id":"https:\/\/biblia.md\/#organization","name":"Societatea Biblic\u0103 din Moldova","url":"https:\/\/biblia.md\/","logo":{"@type":"ImageObject","inLanguage":"en-US","@id":"https:\/\/biblia.md\/#\/schema\/logo\/image\/","url":"https:\/\/biblia.md\/wp-content\/uploads\/2026\/01\/icon_site.jpg","contentUrl":"https:\/\/biblia.md\/wp-content\/uploads\/2026\/01\/icon_site.jpg","width":656,"height":656,"caption":"Societatea Biblic\u0103 din Moldova"},"image":{"@id":"https:\/\/biblia.md\/#\/schema\/logo\/image\/"},"sameAs":["https:\/\/www.facebook.com\/SocietateaBiblicaMoldova\/","https:\/\/www.instagram.com\/biblia.md\/"]}]}},"_links":{"self":[{"href":"https:\/\/biblia.md\/en\/wp-json\/wp\/v2\/product\/31440","targetHints":{"allow":["GET"]}}],"collection":[{"href":"https:\/\/biblia.md\/en\/wp-json\/wp\/v2\/product"}],"about":[{"href":"https:\/\/biblia.md\/en\/wp-json\/wp\/v2\/types\/product"}],"replies":[{"embeddable":true,"href":"https:\/\/biblia.md\/en\/wp-json\/wp\/v2\/comments?post=31440"}],"version-history":[{"count":3,"href":"https:\/\/biblia.md\/en\/wp-json\/wp\/v2\/product\/31440\/revisions"}],"predecessor-version":[{"id":31444,"href":"https:\/\/biblia.md\/en\/wp-json\/wp\/v2\/product\/31440\/revisions\/31444"}],"wp:featuredmedia":[{"embeddable":true,"href":"https:\/\/biblia.md\/en\/wp-json\/wp\/v2\/media\/31441"}],"wp:attachment":[{"href":"https:\/\/biblia.md\/en\/wp-json\/wp\/v2\/media?parent=31440"}],"wp:term":[{"taxonomy":"product_brand","embeddable":true,"href":"https:\/\/biblia.md\/en\/wp-json\/wp\/v2\/product_brand?post=31440"},{"taxonomy":"product_cat","embeddable":true,"href":"https:\/\/biblia.md\/en\/wp-json\/wp\/v2\/product_cat?post=31440"},{"taxonomy":"product_tag","embeddable":true,"href":"https:\/\/biblia.md\/en\/wp-json\/wp\/v2\/product_tag?post=31440"}],"curies":[{"name":"wp","href":"https:\/\/api.w.org\/{rel}","templated":true}]}}