{"id":31450,"date":"2026-02-18T15:04:38","date_gmt":"2026-02-18T13:04:38","guid":{"rendered":"https:\/\/biblia.md\/?post_type=product&#038;p=31450"},"modified":"2026-02-19T12:49:47","modified_gmt":"2026-02-19T10:49:47","slug":"dumnezeu-ne-a-daruit-rugaciunea","status":"publish","type":"product","link":"https:\/\/biblia.md\/en\/shop\/dumnezeu-ne-a-daruit-rugaciunea\/","title":{"rendered":"Dumnezeu ne-a d\u0103ruit rug\u0103ciunea"},"content":{"rendered":"<p class=\"p\"><span lang=\"EN-US\">\u201eCe ai vrea sa vorbesti cu Dumnezeu astazi, Lupusor?\u201c<\/span><\/p>\n<p class=\"p\"><span lang=\"EN-US\">Lupusor are o multime de intrebari dupa ce o gaseste pe mama lui rugandu-se intr-o seara, in liniste, pe malul lacului. Cum poate Dumnezeu sa ii auda rugaciunile daca el doar se gandeste la ele in mintea lui? De ce ne-a daruit Dumnezeu rugaciunea? Si, daca Dumnezeu cunoaste totul despre noi, de ce trebuie sa ne mai rugam? Cu multa dragoste, mama si tata il invata pe Lupusor despre diferitele moduri si momente din zi cand ne putem ruga. Dar el are mai multe intrebari &#8211; si acum prietenii lui vor si ei sa invete sa se roage!<\/span><\/p>\n<p class=\"p\"><span lang=\"EN-US\">Cu o naratiune cuceritoare, exemple utile si instructiuni practice pentru Micutii Cititori, cartea \u201eDumnezeu ne-a daruit rugaciunea\u201c raspunde copiilor la cele mai importante intrebari cu privire la rugaciune: (ce, cand, unde, cum) si ne arata cat de linistitor si usor poate fi sa vorbesti cu Dumnezeu.<\/span><\/p>","protected":false},"excerpt":{"rendered":"<p class=\"p\"><span lang=\"EN-US\">\u201eCe ai vrea sa vorbesti cu Dumnezeu astazi, Lupusor?\u201c<\/span><\/p>\n<p class=\"p\"><span lang=\"EN-US\">Lupusor are o multime de intrebari dupa ce o gaseste pe mama lui rugandu-se intr-o seara, in liniste, pe malul lacului. Cum poate Dumnezeu sa ii auda rugaciunile daca el doar se gandeste la ele in mintea lui? De ce ne-a daruit Dumnezeu rugaciunea? Si, daca Dumnezeu cunoaste totul despre noi, de ce trebuie sa ne mai rugam? Cu multa dragoste, mama si tata il invata pe Lupusor despre diferitele moduri si momente din zi cand ne putem ruga. Dar el are mai multe intrebari &#8211; si acum prietenii lui vor si ei sa invete sa se roage!<\/span><\/p>\n<p class=\"p\"><span lang=\"EN-US\">Cu o naratiune cuceritoare, exemple utile si instructiuni practice pentru Micutii Cititori, cartea \u201eDumnezeu ne-a daruit rugaciunea\u201c raspunde copiilor la cele mai importante intrebari cu privire la rugaciune: (ce, cand, unde, cum) si ne arata cat de linistitor si usor poate fi sa vorbesti cu Dumnezeu.<\/span><\/p>","protected":false},"featured_media":34152,"comment_status":"open","ping_status":"closed","template":"","meta":[],"product_brand":[],"product_cat":[149,364],"product_tag":[],"class_list":{"0":"post-31450","1":"product","2":"type-product","3":"status-publish","4":"has-post-thumbnail","6":"product_cat-copii","7":"product_cat-povestiri","8":"product_author-lisa-tawn-bergren","9":"product_genre-knigi-rom","11":"first","12":"outofstock","13":"shipping-taxable","14":"purchasable","15":"product-type-simple"},"yoast_head":"<!-- This site is optimized with the Yoast SEO plugin v27.3 - https:\/\/yoast.com\/product\/yoast-seo-wordpress\/ -->\n<title>Dumnezeu ne-a d\u0103ruit rug\u0103ciunea - Societatea Biblic\u0103 din Moldova<\/title>\n<meta name=\"robots\" content=\"index, follow, max-snippet:-1, max-image-preview:large, max-video-preview:-1\" \/>\n<link rel=\"canonical\" href=\"https:\/\/biblia.md\/en\/shop\/dumnezeu-ne-a-daruit-rugaciunea\/\" \/>\n<meta property=\"og:locale\" content=\"en_US\" \/>\n<meta property=\"og:type\" content=\"article\" \/>\n<meta property=\"og:title\" content=\"Dumnezeu ne-a d\u0103ruit rug\u0103ciunea - Societatea Biblic\u0103 din Moldova\" \/>\n<meta property=\"og:description\" content=\"\u201eCe ai vrea sa vorbesti cu Dumnezeu astazi, Lupusor?\u201c Lupusor are o multime de intrebari dupa ce o gaseste pe mama lui rugandu-se intr-o seara, in liniste, pe malul lacului. Cum poate Dumnezeu sa ii auda rugaciunile daca el doar se gandeste la ele in mintea lui? De ce ne-a daruit Dumnezeu rugaciunea? Si, daca Dumnezeu cunoaste totul despre noi, de ce trebuie sa ne mai rugam? Cu multa dragoste, mama si tata il invata pe Lupusor despre diferitele moduri si momente din zi cand ne putem ruga. Dar el are mai multe intrebari - si acum prietenii lui vor si ei sa invete sa se roage! Cu o naratiune cuceritoare, exemple utile si instructiuni practice pentru Micutii Cititori, cartea \u201eDumnezeu ne-a daruit rugaciunea\u201c raspunde copiilor la cele mai importante intrebari cu privire la rugaciune: (ce, cand, unde, cum) si ne arata cat de linistitor si usor poate fi sa vorbesti cu Dumnezeu.\" \/>\n<meta property=\"og:url\" content=\"https:\/\/biblia.md\/en\/shop\/dumnezeu-ne-a-daruit-rugaciunea\/\" \/>\n<meta property=\"og:site_name\" content=\"Societatea Biblic\u0103 din Moldova\" \/>\n<meta property=\"article:publisher\" content=\"https:\/\/www.facebook.com\/SocietateaBiblicaMoldova\/\" \/>\n<meta property=\"article:modified_time\" content=\"2026-02-19T10:49:47+00:00\" \/>\n<meta property=\"og:image\" content=\"https:\/\/biblia.md\/wp-content\/uploads\/2026\/01\/086f2e48-199e-4d10-8621-10c64e746763.png\" \/>\n\t<meta property=\"og:image:width\" content=\"1024\" \/>\n\t<meta property=\"og:image:height\" content=\"1024\" \/>\n\t<meta property=\"og:image:type\" content=\"image\/png\" \/>\n<meta name=\"twitter:card\" content=\"summary_large_image\" \/>\n<meta name=\"twitter:label1\" content=\"Est. reading time\" \/>\n\t<meta name=\"twitter:data1\" content=\"1 minute\" \/>\n<script type=\"application\/ld+json\" class=\"yoast-schema-graph\">{\"@context\":\"https:\\\/\\\/schema.org\",\"@graph\":[{\"@type\":\"WebPage\",\"@id\":\"https:\\\/\\\/biblia.md\\\/shop\\\/dumnezeu-ne-a-daruit-rugaciunea\\\/\",\"url\":\"https:\\\/\\\/biblia.md\\\/shop\\\/dumnezeu-ne-a-daruit-rugaciunea\\\/\",\"name\":\"Dumnezeu ne-a d\u0103ruit rug\u0103ciunea - Societatea Biblic\u0103 din Moldova\",\"isPartOf\":{\"@id\":\"https:\\\/\\\/biblia.md\\\/#website\"},\"primaryImageOfPage\":{\"@id\":\"https:\\\/\\\/biblia.md\\\/shop\\\/dumnezeu-ne-a-daruit-rugaciunea\\\/#primaryimage\"},\"image\":{\"@id\":\"https:\\\/\\\/biblia.md\\\/shop\\\/dumnezeu-ne-a-daruit-rugaciunea\\\/#primaryimage\"},\"thumbnailUrl\":\"https:\\\/\\\/biblia.md\\\/wp-content\\\/uploads\\\/2026\\\/01\\\/086f2e48-199e-4d10-8621-10c64e746763.png\",\"datePublished\":\"2026-02-18T13:04:38+00:00\",\"dateModified\":\"2026-02-19T10:49:47+00:00\",\"breadcrumb\":{\"@id\":\"https:\\\/\\\/biblia.md\\\/shop\\\/dumnezeu-ne-a-daruit-rugaciunea\\\/#breadcrumb\"},\"inLanguage\":\"en-US\",\"potentialAction\":[{\"@type\":\"ReadAction\",\"target\":[\"https:\\\/\\\/biblia.md\\\/shop\\\/dumnezeu-ne-a-daruit-rugaciunea\\\/\"]}]},{\"@type\":\"ImageObject\",\"inLanguage\":\"en-US\",\"@id\":\"https:\\\/\\\/biblia.md\\\/shop\\\/dumnezeu-ne-a-daruit-rugaciunea\\\/#primaryimage\",\"url\":\"https:\\\/\\\/biblia.md\\\/wp-content\\\/uploads\\\/2026\\\/01\\\/086f2e48-199e-4d10-8621-10c64e746763.png\",\"contentUrl\":\"https:\\\/\\\/biblia.md\\\/wp-content\\\/uploads\\\/2026\\\/01\\\/086f2e48-199e-4d10-8621-10c64e746763.png\",\"width\":1024,\"height\":1024},{\"@type\":\"BreadcrumbList\",\"@id\":\"https:\\\/\\\/biblia.md\\\/shop\\\/dumnezeu-ne-a-daruit-rugaciunea\\\/#breadcrumb\",\"itemListElement\":[{\"@type\":\"ListItem\",\"position\":1,\"name\":\"Prima pagin\u0103\",\"item\":\"https:\\\/\\\/biblia.md\\\/\"},{\"@type\":\"ListItem\",\"position\":2,\"name\":\"Shop\",\"item\":\"https:\\\/\\\/biblia.md\\\/shop\\\/\"},{\"@type\":\"ListItem\",\"position\":3,\"name\":\"Dumnezeu ne-a d\u0103ruit rug\u0103ciunea\"}]},{\"@type\":\"WebSite\",\"@id\":\"https:\\\/\\\/biblia.md\\\/#website\",\"url\":\"https:\\\/\\\/biblia.md\\\/\",\"name\":\"Societatea Biblic\u0103 din Moldova\",\"description\":\"\",\"publisher\":{\"@id\":\"https:\\\/\\\/biblia.md\\\/#organization\"},\"potentialAction\":[{\"@type\":\"SearchAction\",\"target\":{\"@type\":\"EntryPoint\",\"urlTemplate\":\"https:\\\/\\\/biblia.md\\\/?s={search_term_string}\"},\"query-input\":{\"@type\":\"PropertyValueSpecification\",\"valueRequired\":true,\"valueName\":\"search_term_string\"}}],\"inLanguage\":\"en-US\"},{\"@type\":\"Organization\",\"@id\":\"https:\\\/\\\/biblia.md\\\/#organization\",\"name\":\"Societatea Biblic\u0103 din Moldova\",\"url\":\"https:\\\/\\\/biblia.md\\\/\",\"logo\":{\"@type\":\"ImageObject\",\"inLanguage\":\"en-US\",\"@id\":\"https:\\\/\\\/biblia.md\\\/#\\\/schema\\\/logo\\\/image\\\/\",\"url\":\"https:\\\/\\\/biblia.md\\\/wp-content\\\/uploads\\\/2026\\\/01\\\/icon_site.jpg\",\"contentUrl\":\"https:\\\/\\\/biblia.md\\\/wp-content\\\/uploads\\\/2026\\\/01\\\/icon_site.jpg\",\"width\":656,\"height\":656,\"caption\":\"Societatea Biblic\u0103 din Moldova\"},\"image\":{\"@id\":\"https:\\\/\\\/biblia.md\\\/#\\\/schema\\\/logo\\\/image\\\/\"},\"sameAs\":[\"https:\\\/\\\/www.facebook.com\\\/SocietateaBiblicaMoldova\\\/\",\"https:\\\/\\\/www.instagram.com\\\/biblia.md\\\/\"]}]}<\/script>\n<!-- \/ Yoast SEO plugin. -->","yoast_head_json":{"title":"Dumnezeu ne-a d\u0103ruit rug\u0103ciunea - Societatea Biblic\u0103 din Moldova","robots":{"index":"index","follow":"follow","max-snippet":"max-snippet:-1","max-image-preview":"max-image-preview:large","max-video-preview":"max-video-preview:-1"},"canonical":"https:\/\/biblia.md\/en\/shop\/dumnezeu-ne-a-daruit-rugaciunea\/","og_locale":"en_US","og_type":"article","og_title":"Dumnezeu ne-a d\u0103ruit rug\u0103ciunea - Societatea Biblic\u0103 din Moldova","og_description":"\u201eCe ai vrea sa vorbesti cu Dumnezeu astazi, Lupusor?\u201c Lupusor are o multime de intrebari dupa ce o gaseste pe mama lui rugandu-se intr-o seara, in liniste, pe malul lacului. Cum poate Dumnezeu sa ii auda rugaciunile daca el doar se gandeste la ele in mintea lui? De ce ne-a daruit Dumnezeu rugaciunea? Si, daca Dumnezeu cunoaste totul despre noi, de ce trebuie sa ne mai rugam? Cu multa dragoste, mama si tata il invata pe Lupusor despre diferitele moduri si momente din zi cand ne putem ruga. Dar el are mai multe intrebari - si acum prietenii lui vor si ei sa invete sa se roage! Cu o naratiune cuceritoare, exemple utile si instructiuni practice pentru Micutii Cititori, cartea \u201eDumnezeu ne-a daruit rugaciunea\u201c raspunde copiilor la cele mai importante intrebari cu privire la rugaciune: (ce, cand, unde, cum) si ne arata cat de linistitor si usor poate fi sa vorbesti cu Dumnezeu.","og_url":"https:\/\/biblia.md\/en\/shop\/dumnezeu-ne-a-daruit-rugaciunea\/","og_site_name":"Societatea Biblic\u0103 din Moldova","article_publisher":"https:\/\/www.facebook.com\/SocietateaBiblicaMoldova\/","article_modified_time":"2026-02-19T10:49:47+00:00","og_image":[{"width":1024,"height":1024,"url":"https:\/\/biblia.md\/wp-content\/uploads\/2026\/01\/086f2e48-199e-4d10-8621-10c64e746763.png","type":"image\/png"}],"twitter_card":"summary_large_image","twitter_misc":{"Est. reading time":"1 minute"},"schema":{"@context":"https:\/\/schema.org","@graph":[{"@type":"WebPage","@id":"https:\/\/biblia.md\/shop\/dumnezeu-ne-a-daruit-rugaciunea\/","url":"https:\/\/biblia.md\/shop\/dumnezeu-ne-a-daruit-rugaciunea\/","name":"Dumnezeu ne-a d\u0103ruit rug\u0103ciunea - Societatea Biblic\u0103 din Moldova","isPartOf":{"@id":"https:\/\/biblia.md\/#website"},"primaryImageOfPage":{"@id":"https:\/\/biblia.md\/shop\/dumnezeu-ne-a-daruit-rugaciunea\/#primaryimage"},"image":{"@id":"https:\/\/biblia.md\/shop\/dumnezeu-ne-a-daruit-rugaciunea\/#primaryimage"},"thumbnailUrl":"https:\/\/biblia.md\/wp-content\/uploads\/2026\/01\/086f2e48-199e-4d10-8621-10c64e746763.png","datePublished":"2026-02-18T13:04:38+00:00","dateModified":"2026-02-19T10:49:47+00:00","breadcrumb":{"@id":"https:\/\/biblia.md\/shop\/dumnezeu-ne-a-daruit-rugaciunea\/#breadcrumb"},"inLanguage":"en-US","potentialAction":[{"@type":"ReadAction","target":["https:\/\/biblia.md\/shop\/dumnezeu-ne-a-daruit-rugaciunea\/"]}]},{"@type":"ImageObject","inLanguage":"en-US","@id":"https:\/\/biblia.md\/shop\/dumnezeu-ne-a-daruit-rugaciunea\/#primaryimage","url":"https:\/\/biblia.md\/wp-content\/uploads\/2026\/01\/086f2e48-199e-4d10-8621-10c64e746763.png","contentUrl":"https:\/\/biblia.md\/wp-content\/uploads\/2026\/01\/086f2e48-199e-4d10-8621-10c64e746763.png","width":1024,"height":1024},{"@type":"BreadcrumbList","@id":"https:\/\/biblia.md\/shop\/dumnezeu-ne-a-daruit-rugaciunea\/#breadcrumb","itemListElement":[{"@type":"ListItem","position":1,"name":"Prima pagin\u0103","item":"https:\/\/biblia.md\/"},{"@type":"ListItem","position":2,"name":"Shop","item":"https:\/\/biblia.md\/shop\/"},{"@type":"ListItem","position":3,"name":"Dumnezeu ne-a d\u0103ruit rug\u0103ciunea"}]},{"@type":"WebSite","@id":"https:\/\/biblia.md\/#website","url":"https:\/\/biblia.md\/","name":"Societatea Biblic\u0103 din Moldova","description":"","publisher":{"@id":"https:\/\/biblia.md\/#organization"},"potentialAction":[{"@type":"SearchAction","target":{"@type":"EntryPoint","urlTemplate":"https:\/\/biblia.md\/?s={search_term_string}"},"query-input":{"@type":"PropertyValueSpecification","valueRequired":true,"valueName":"search_term_string"}}],"inLanguage":"en-US"},{"@type":"Organization","@id":"https:\/\/biblia.md\/#organization","name":"Societatea Biblic\u0103 din Moldova","url":"https:\/\/biblia.md\/","logo":{"@type":"ImageObject","inLanguage":"en-US","@id":"https:\/\/biblia.md\/#\/schema\/logo\/image\/","url":"https:\/\/biblia.md\/wp-content\/uploads\/2026\/01\/icon_site.jpg","contentUrl":"https:\/\/biblia.md\/wp-content\/uploads\/2026\/01\/icon_site.jpg","width":656,"height":656,"caption":"Societatea Biblic\u0103 din Moldova"},"image":{"@id":"https:\/\/biblia.md\/#\/schema\/logo\/image\/"},"sameAs":["https:\/\/www.facebook.com\/SocietateaBiblicaMoldova\/","https:\/\/www.instagram.com\/biblia.md\/"]}]}},"_links":{"self":[{"href":"https:\/\/biblia.md\/en\/wp-json\/wp\/v2\/product\/31450","targetHints":{"allow":["GET"]}}],"collection":[{"href":"https:\/\/biblia.md\/en\/wp-json\/wp\/v2\/product"}],"about":[{"href":"https:\/\/biblia.md\/en\/wp-json\/wp\/v2\/types\/product"}],"replies":[{"embeddable":true,"href":"https:\/\/biblia.md\/en\/wp-json\/wp\/v2\/comments?post=31450"}],"version-history":[{"count":1,"href":"https:\/\/biblia.md\/en\/wp-json\/wp\/v2\/product\/31450\/revisions"}],"predecessor-version":[{"id":31452,"href":"https:\/\/biblia.md\/en\/wp-json\/wp\/v2\/product\/31450\/revisions\/31452"}],"wp:featuredmedia":[{"embeddable":true,"href":"https:\/\/biblia.md\/en\/wp-json\/wp\/v2\/media\/34152"}],"wp:attachment":[{"href":"https:\/\/biblia.md\/en\/wp-json\/wp\/v2\/media?parent=31450"}],"wp:term":[{"taxonomy":"product_brand","embeddable":true,"href":"https:\/\/biblia.md\/en\/wp-json\/wp\/v2\/product_brand?post=31450"},{"taxonomy":"product_cat","embeddable":true,"href":"https:\/\/biblia.md\/en\/wp-json\/wp\/v2\/product_cat?post=31450"},{"taxonomy":"product_tag","embeddable":true,"href":"https:\/\/biblia.md\/en\/wp-json\/wp\/v2\/product_tag?post=31450"}],"curies":[{"name":"wp","href":"https:\/\/api.w.org\/{rel}","templated":true}]}}