{"id":31678,"date":"2026-01-16T10:25:42","date_gmt":"2026-01-16T08:25:42","guid":{"rendered":"https:\/\/biblia.md\/?post_type=product&#038;p=31678"},"modified":"2026-01-16T10:25:42","modified_gmt":"2026-01-16T08:25:42","slug":"confruntati-de-isus","status":"publish","type":"product","link":"https:\/\/biblia.md\/en\/shop\/confruntati-de-isus\/","title":{"rendered":"Confrunta\u021bi de Isus"},"content":{"rendered":"<p>Printr-o rescriere a renumitei c\u0103r\u0163i clasice\u00a0The Jesus you can\u2019t ignore, lucrarea de fa\u0163\u0103, intitulat\u0103\u00a0Confrunta\u0163i de Isus,\u00a0\u00eentreprinde o c\u0103l\u0103torie rapid\u0103 prin textele Evangheliilor. La fel ca un journalist st\u0103ruitor care \u015fi-a fixat un obiectiv bine definit, autorul \u015fi \u00eenv\u0103\u0163\u0103torul biblic, John Macarthur, eviden\u0163iaz\u0103 curajul \u015fi puterea lui Isus, investig\u00e2nd intensitatea interac\u0163iunilor Sale cu fariseii \u2013 \u00a0interac\u0163iune prin care El nu c\u0103uta s\u0103 \u00eendulceasc\u0103 sau s\u0103 cenzureze ceva.<\/p>\n<p>JOHN MACARTHUR \u015fi- a \u00eenceput slujirea ca pastor-\u00eenv\u0103\u021b\u0103tor la Grace Community Church \u00een Sun Valley, California, \u00eencep\u00e2nd cu anul 1969. Lucrarea sa de predicare expozitiv\u0103 este f\u0103r\u0103 egal \u00een dimensiunea \u0219i influen\u021ba ei. MACARTHUR este pre\u0219edinte al \u0219colii\u00a0The Master\u2019s University and Seminary\u00a0\u0219i poate fi ascultat zilnic pe postul de radio\u00a0Grace to You\u00a0precum \u015fi pe alte sute de posturi radiofonice din lumea \u00eentreag\u0103. John a scris mai multe c\u0103r\u021bi de renume, printre care\u00a0Twelve Ordinary Men\u00a0\u0219i\u00a0One Perfect Life.<\/p>\n<p>Adaptat\u0103 dup\u0103 materialul scris anterior \u015fi publicat sub titlul\u00a0The Jesus you can\u2019t ignore.<\/p>","protected":false},"excerpt":{"rendered":"<p style=\"text-align: center\">OARE\u00a0 \u015eTII CINE ESTE CU ADEV\u0102RAT ISUS?<\/p>\n<p>\u00cencearc\u0103 s\u0103 \u00ee\u0163i imaginezi\u00a0un \u00eenv\u0103\u021b\u0103tor biblic at\u00e2t de devotat sus\u021binerii adev\u0103rului \u00eenc\u00e2t nu rateaz\u0103 \u00a0niciodat\u0103\u00a0\u00a0oportunitatea de a-i confrunta pe fal\u0219ii \u00eenv\u0103\u021b\u0103tori \u0219i de a le respinge abaterile de la adev\u0103ratele \u00eenv\u0103\u021b\u0103turi.<\/p>\n<p>Oriunde Se afla, Isus era gata s\u0103 dema\u015fte \u015fi s\u0103 mustre ipocrizia religioas\u0103. Nu f\u0103cea parte din structura de putere a vremii \u015fi nu Se bucura de nicio recomandare obi\u015fnuit\u0103 precum studiile avansate sau titlurile \u00eenalte. Cu orice prilej, El era mai direct \u015fi mai aspru cu elitele preo\u0163e\u015fti dec\u00e2t cu oamenii simpli, f\u0103r\u0103 studii. Iar c\u00e2nd venea vorba de confrunt\u0103ri, nu avea nicio ezitare. \u00cen zilele noastre, o\u00a0 astfel de persoan\u0103 ar fi dispre\u0163uit\u0103 \u015fi respins\u0103 de cei mai mul\u0163i dintre liderii influen\u0163i ai bisericilor.\u00a0 Ace\u015ftia ar face tot posibilul s\u0103-L reduc\u0103 la t\u0103cere \u015fi s\u0103-I \u0163in\u0103 sub control influen\u0163a deoarece, \u00een aceast\u0103 er\u0103 postmodern\u0103 a toleran\u0163ei \u015fi a diversit\u0103\u0163ii, spiritul aprobativ este o virtute mult mai apreciat\u0103 dec\u00e2t credincio\u015fia \u00een sus\u0163inerea adev\u0103rului biblic.<\/p>","protected":false},"featured_media":31679,"comment_status":"open","ping_status":"closed","template":"","meta":[],"product_brand":[],"product_cat":[377,395],"product_tag":[],"class_list":{"0":"post-31678","1":"product","2":"type-product","3":"status-publish","4":"has-post-thumbnail","6":"product_cat-carti","7":"product_cat-pentru-slujitori","8":"product_author-john-macarthur","9":"product_genre-knigi-rom","11":"first","12":"instock","13":"shipping-taxable","14":"purchasable","15":"product-type-simple"},"yoast_head":"<!-- This site is optimized with the Yoast SEO plugin v27.3 - https:\/\/yoast.com\/product\/yoast-seo-wordpress\/ -->\n<title>Confrunta\u021bi de Isus - Societatea Biblic\u0103 din Moldova<\/title>\n<meta name=\"robots\" content=\"index, follow, max-snippet:-1, max-image-preview:large, max-video-preview:-1\" \/>\n<link rel=\"canonical\" href=\"https:\/\/biblia.md\/en\/shop\/confruntati-de-isus\/\" \/>\n<meta property=\"og:locale\" content=\"en_US\" \/>\n<meta property=\"og:type\" content=\"article\" \/>\n<meta property=\"og:title\" content=\"Confrunta\u021bi de Isus - Societatea Biblic\u0103 din Moldova\" \/>\n<meta property=\"og:description\" content=\"OARE\u00a0 \u015eTII CINE ESTE CU ADEV\u0102RAT ISUS? \u00cencearc\u0103 s\u0103 \u00ee\u0163i imaginezi\u00a0un \u00eenv\u0103\u021b\u0103tor biblic at\u00e2t de devotat sus\u021binerii adev\u0103rului \u00eenc\u00e2t nu rateaz\u0103 \u00a0niciodat\u0103\u00a0\u00a0oportunitatea de a-i confrunta pe fal\u0219ii \u00eenv\u0103\u021b\u0103tori \u0219i de a le respinge abaterile de la adev\u0103ratele \u00eenv\u0103\u021b\u0103turi.  Oriunde Se afla, Isus era gata s\u0103 dema\u015fte \u015fi s\u0103 mustre ipocrizia religioas\u0103. Nu f\u0103cea parte din structura de putere a vremii \u015fi nu Se bucura de nicio recomandare obi\u015fnuit\u0103 precum studiile avansate sau titlurile \u00eenalte. Cu orice prilej, El era mai direct \u015fi mai aspru cu elitele preo\u0163e\u015fti dec\u00e2t cu oamenii simpli, f\u0103r\u0103 studii. Iar c\u00e2nd venea vorba de confrunt\u0103ri, nu avea nicio ezitare. \u00cen zilele noastre, o\u00a0 astfel de persoan\u0103 ar fi dispre\u0163uit\u0103 \u015fi respins\u0103 de cei mai mul\u0163i dintre liderii influen\u0163i ai bisericilor.\u00a0 Ace\u015ftia ar face tot posibilul s\u0103-L reduc\u0103 la t\u0103cere \u015fi s\u0103-I \u0163in\u0103 sub control influen\u0163a deoarece, \u00een aceast\u0103 er\u0103 postmodern\u0103 a toleran\u0163ei \u015fi a diversit\u0103\u0163ii, spiritul aprobativ este o virtute mult mai apreciat\u0103 dec\u00e2t credincio\u015fia \u00een sus\u0163inerea adev\u0103rului biblic.\" \/>\n<meta property=\"og:url\" content=\"https:\/\/biblia.md\/en\/shop\/confruntati-de-isus\/\" \/>\n<meta property=\"og:site_name\" content=\"Societatea Biblic\u0103 din Moldova\" \/>\n<meta property=\"article:publisher\" content=\"https:\/\/www.facebook.com\/SocietateaBiblicaMoldova\/\" \/>\n<meta property=\"og:image\" content=\"https:\/\/biblia.md\/wp-content\/uploads\/2026\/01\/0000001874.png\" \/>\n\t<meta property=\"og:image:width\" content=\"600\" \/>\n\t<meta property=\"og:image:height\" content=\"900\" \/>\n\t<meta property=\"og:image:type\" content=\"image\/png\" \/>\n<meta name=\"twitter:card\" content=\"summary_large_image\" \/>\n<meta name=\"twitter:label1\" content=\"Est. reading time\" \/>\n\t<meta name=\"twitter:data1\" content=\"1 minute\" \/>\n<script type=\"application\/ld+json\" class=\"yoast-schema-graph\">{\"@context\":\"https:\\\/\\\/schema.org\",\"@graph\":[{\"@type\":\"WebPage\",\"@id\":\"https:\\\/\\\/biblia.md\\\/shop\\\/confruntati-de-isus\\\/\",\"url\":\"https:\\\/\\\/biblia.md\\\/shop\\\/confruntati-de-isus\\\/\",\"name\":\"Confrunta\u021bi de Isus - Societatea Biblic\u0103 din Moldova\",\"isPartOf\":{\"@id\":\"https:\\\/\\\/biblia.md\\\/#website\"},\"primaryImageOfPage\":{\"@id\":\"https:\\\/\\\/biblia.md\\\/shop\\\/confruntati-de-isus\\\/#primaryimage\"},\"image\":{\"@id\":\"https:\\\/\\\/biblia.md\\\/shop\\\/confruntati-de-isus\\\/#primaryimage\"},\"thumbnailUrl\":\"https:\\\/\\\/biblia.md\\\/wp-content\\\/uploads\\\/2026\\\/01\\\/0000001874.png\",\"datePublished\":\"2026-01-16T08:25:42+00:00\",\"breadcrumb\":{\"@id\":\"https:\\\/\\\/biblia.md\\\/shop\\\/confruntati-de-isus\\\/#breadcrumb\"},\"inLanguage\":\"en-US\",\"potentialAction\":[{\"@type\":\"ReadAction\",\"target\":[\"https:\\\/\\\/biblia.md\\\/shop\\\/confruntati-de-isus\\\/\"]}]},{\"@type\":\"ImageObject\",\"inLanguage\":\"en-US\",\"@id\":\"https:\\\/\\\/biblia.md\\\/shop\\\/confruntati-de-isus\\\/#primaryimage\",\"url\":\"https:\\\/\\\/biblia.md\\\/wp-content\\\/uploads\\\/2026\\\/01\\\/0000001874.png\",\"contentUrl\":\"https:\\\/\\\/biblia.md\\\/wp-content\\\/uploads\\\/2026\\\/01\\\/0000001874.png\",\"width\":600,\"height\":900},{\"@type\":\"BreadcrumbList\",\"@id\":\"https:\\\/\\\/biblia.md\\\/shop\\\/confruntati-de-isus\\\/#breadcrumb\",\"itemListElement\":[{\"@type\":\"ListItem\",\"position\":1,\"name\":\"Prima pagin\u0103\",\"item\":\"https:\\\/\\\/biblia.md\\\/\"},{\"@type\":\"ListItem\",\"position\":2,\"name\":\"Shop\",\"item\":\"https:\\\/\\\/biblia.md\\\/shop\\\/\"},{\"@type\":\"ListItem\",\"position\":3,\"name\":\"Confrunta\u021bi de Isus\"}]},{\"@type\":\"WebSite\",\"@id\":\"https:\\\/\\\/biblia.md\\\/#website\",\"url\":\"https:\\\/\\\/biblia.md\\\/\",\"name\":\"Societatea Biblic\u0103 din Moldova\",\"description\":\"\",\"publisher\":{\"@id\":\"https:\\\/\\\/biblia.md\\\/#organization\"},\"potentialAction\":[{\"@type\":\"SearchAction\",\"target\":{\"@type\":\"EntryPoint\",\"urlTemplate\":\"https:\\\/\\\/biblia.md\\\/?s={search_term_string}\"},\"query-input\":{\"@type\":\"PropertyValueSpecification\",\"valueRequired\":true,\"valueName\":\"search_term_string\"}}],\"inLanguage\":\"en-US\"},{\"@type\":\"Organization\",\"@id\":\"https:\\\/\\\/biblia.md\\\/#organization\",\"name\":\"Societatea Biblic\u0103 din Moldova\",\"url\":\"https:\\\/\\\/biblia.md\\\/\",\"logo\":{\"@type\":\"ImageObject\",\"inLanguage\":\"en-US\",\"@id\":\"https:\\\/\\\/biblia.md\\\/#\\\/schema\\\/logo\\\/image\\\/\",\"url\":\"https:\\\/\\\/biblia.md\\\/wp-content\\\/uploads\\\/2026\\\/01\\\/icon_site.jpg\",\"contentUrl\":\"https:\\\/\\\/biblia.md\\\/wp-content\\\/uploads\\\/2026\\\/01\\\/icon_site.jpg\",\"width\":656,\"height\":656,\"caption\":\"Societatea Biblic\u0103 din Moldova\"},\"image\":{\"@id\":\"https:\\\/\\\/biblia.md\\\/#\\\/schema\\\/logo\\\/image\\\/\"},\"sameAs\":[\"https:\\\/\\\/www.facebook.com\\\/SocietateaBiblicaMoldova\\\/\",\"https:\\\/\\\/www.instagram.com\\\/biblia.md\\\/\"]}]}<\/script>\n<!-- \/ Yoast SEO plugin. -->","yoast_head_json":{"title":"Confrunta\u021bi de Isus - Societatea Biblic\u0103 din Moldova","robots":{"index":"index","follow":"follow","max-snippet":"max-snippet:-1","max-image-preview":"max-image-preview:large","max-video-preview":"max-video-preview:-1"},"canonical":"https:\/\/biblia.md\/en\/shop\/confruntati-de-isus\/","og_locale":"en_US","og_type":"article","og_title":"Confrunta\u021bi de Isus - Societatea Biblic\u0103 din Moldova","og_description":"OARE\u00a0 \u015eTII CINE ESTE CU ADEV\u0102RAT ISUS? \u00cencearc\u0103 s\u0103 \u00ee\u0163i imaginezi\u00a0un \u00eenv\u0103\u021b\u0103tor biblic at\u00e2t de devotat sus\u021binerii adev\u0103rului \u00eenc\u00e2t nu rateaz\u0103 \u00a0niciodat\u0103\u00a0\u00a0oportunitatea de a-i confrunta pe fal\u0219ii \u00eenv\u0103\u021b\u0103tori \u0219i de a le respinge abaterile de la adev\u0103ratele \u00eenv\u0103\u021b\u0103turi.  Oriunde Se afla, Isus era gata s\u0103 dema\u015fte \u015fi s\u0103 mustre ipocrizia religioas\u0103. Nu f\u0103cea parte din structura de putere a vremii \u015fi nu Se bucura de nicio recomandare obi\u015fnuit\u0103 precum studiile avansate sau titlurile \u00eenalte. Cu orice prilej, El era mai direct \u015fi mai aspru cu elitele preo\u0163e\u015fti dec\u00e2t cu oamenii simpli, f\u0103r\u0103 studii. Iar c\u00e2nd venea vorba de confrunt\u0103ri, nu avea nicio ezitare. \u00cen zilele noastre, o\u00a0 astfel de persoan\u0103 ar fi dispre\u0163uit\u0103 \u015fi respins\u0103 de cei mai mul\u0163i dintre liderii influen\u0163i ai bisericilor.\u00a0 Ace\u015ftia ar face tot posibilul s\u0103-L reduc\u0103 la t\u0103cere \u015fi s\u0103-I \u0163in\u0103 sub control influen\u0163a deoarece, \u00een aceast\u0103 er\u0103 postmodern\u0103 a toleran\u0163ei \u015fi a diversit\u0103\u0163ii, spiritul aprobativ este o virtute mult mai apreciat\u0103 dec\u00e2t credincio\u015fia \u00een sus\u0163inerea adev\u0103rului biblic.","og_url":"https:\/\/biblia.md\/en\/shop\/confruntati-de-isus\/","og_site_name":"Societatea Biblic\u0103 din Moldova","article_publisher":"https:\/\/www.facebook.com\/SocietateaBiblicaMoldova\/","og_image":[{"width":600,"height":900,"url":"https:\/\/biblia.md\/wp-content\/uploads\/2026\/01\/0000001874.png","type":"image\/png"}],"twitter_card":"summary_large_image","twitter_misc":{"Est. reading time":"1 minute"},"schema":{"@context":"https:\/\/schema.org","@graph":[{"@type":"WebPage","@id":"https:\/\/biblia.md\/shop\/confruntati-de-isus\/","url":"https:\/\/biblia.md\/shop\/confruntati-de-isus\/","name":"Confrunta\u021bi de Isus - Societatea Biblic\u0103 din Moldova","isPartOf":{"@id":"https:\/\/biblia.md\/#website"},"primaryImageOfPage":{"@id":"https:\/\/biblia.md\/shop\/confruntati-de-isus\/#primaryimage"},"image":{"@id":"https:\/\/biblia.md\/shop\/confruntati-de-isus\/#primaryimage"},"thumbnailUrl":"https:\/\/biblia.md\/wp-content\/uploads\/2026\/01\/0000001874.png","datePublished":"2026-01-16T08:25:42+00:00","breadcrumb":{"@id":"https:\/\/biblia.md\/shop\/confruntati-de-isus\/#breadcrumb"},"inLanguage":"en-US","potentialAction":[{"@type":"ReadAction","target":["https:\/\/biblia.md\/shop\/confruntati-de-isus\/"]}]},{"@type":"ImageObject","inLanguage":"en-US","@id":"https:\/\/biblia.md\/shop\/confruntati-de-isus\/#primaryimage","url":"https:\/\/biblia.md\/wp-content\/uploads\/2026\/01\/0000001874.png","contentUrl":"https:\/\/biblia.md\/wp-content\/uploads\/2026\/01\/0000001874.png","width":600,"height":900},{"@type":"BreadcrumbList","@id":"https:\/\/biblia.md\/shop\/confruntati-de-isus\/#breadcrumb","itemListElement":[{"@type":"ListItem","position":1,"name":"Prima pagin\u0103","item":"https:\/\/biblia.md\/"},{"@type":"ListItem","position":2,"name":"Shop","item":"https:\/\/biblia.md\/shop\/"},{"@type":"ListItem","position":3,"name":"Confrunta\u021bi de Isus"}]},{"@type":"WebSite","@id":"https:\/\/biblia.md\/#website","url":"https:\/\/biblia.md\/","name":"Societatea Biblic\u0103 din Moldova","description":"","publisher":{"@id":"https:\/\/biblia.md\/#organization"},"potentialAction":[{"@type":"SearchAction","target":{"@type":"EntryPoint","urlTemplate":"https:\/\/biblia.md\/?s={search_term_string}"},"query-input":{"@type":"PropertyValueSpecification","valueRequired":true,"valueName":"search_term_string"}}],"inLanguage":"en-US"},{"@type":"Organization","@id":"https:\/\/biblia.md\/#organization","name":"Societatea Biblic\u0103 din Moldova","url":"https:\/\/biblia.md\/","logo":{"@type":"ImageObject","inLanguage":"en-US","@id":"https:\/\/biblia.md\/#\/schema\/logo\/image\/","url":"https:\/\/biblia.md\/wp-content\/uploads\/2026\/01\/icon_site.jpg","contentUrl":"https:\/\/biblia.md\/wp-content\/uploads\/2026\/01\/icon_site.jpg","width":656,"height":656,"caption":"Societatea Biblic\u0103 din Moldova"},"image":{"@id":"https:\/\/biblia.md\/#\/schema\/logo\/image\/"},"sameAs":["https:\/\/www.facebook.com\/SocietateaBiblicaMoldova\/","https:\/\/www.instagram.com\/biblia.md\/"]}]}},"_links":{"self":[{"href":"https:\/\/biblia.md\/en\/wp-json\/wp\/v2\/product\/31678","targetHints":{"allow":["GET"]}}],"collection":[{"href":"https:\/\/biblia.md\/en\/wp-json\/wp\/v2\/product"}],"about":[{"href":"https:\/\/biblia.md\/en\/wp-json\/wp\/v2\/types\/product"}],"replies":[{"embeddable":true,"href":"https:\/\/biblia.md\/en\/wp-json\/wp\/v2\/comments?post=31678"}],"version-history":[{"count":1,"href":"https:\/\/biblia.md\/en\/wp-json\/wp\/v2\/product\/31678\/revisions"}],"predecessor-version":[{"id":31680,"href":"https:\/\/biblia.md\/en\/wp-json\/wp\/v2\/product\/31678\/revisions\/31680"}],"wp:featuredmedia":[{"embeddable":true,"href":"https:\/\/biblia.md\/en\/wp-json\/wp\/v2\/media\/31679"}],"wp:attachment":[{"href":"https:\/\/biblia.md\/en\/wp-json\/wp\/v2\/media?parent=31678"}],"wp:term":[{"taxonomy":"product_brand","embeddable":true,"href":"https:\/\/biblia.md\/en\/wp-json\/wp\/v2\/product_brand?post=31678"},{"taxonomy":"product_cat","embeddable":true,"href":"https:\/\/biblia.md\/en\/wp-json\/wp\/v2\/product_cat?post=31678"},{"taxonomy":"product_tag","embeddable":true,"href":"https:\/\/biblia.md\/en\/wp-json\/wp\/v2\/product_tag?post=31678"}],"curies":[{"name":"wp","href":"https:\/\/api.w.org\/{rel}","templated":true}]}}