{"id":31831,"date":"2026-01-17T21:20:51","date_gmt":"2026-01-17T19:20:51","guid":{"rendered":"https:\/\/biblia.md\/?post_type=product&#038;p=31831"},"modified":"2026-01-17T21:20:51","modified_gmt":"2026-01-17T19:20:51","slug":"e-nevoie-de-o-biserica-sa-creasca-un-parinte","status":"publish","type":"product","link":"https:\/\/biblia.md\/en\/shop\/e-nevoie-de-o-biserica-sa-creasca-un-parinte\/","title":{"rendered":"E nevoie de o biserica sa creasca un parinte"},"content":{"rendered":"<h6>Cuprinsul c\u0103r\u021bii:<\/h6>\n<p>Introducere: Transformarea abord\u0103rii noastre<\/p>\n<p>VIZIUNE<br \/>\nIntroducere: Crearea unui apetit \u0219i unei sete<br \/>\n1. Fii IKEA 27<br \/>\n2. Rostirea adev\u0103rurilor<br \/>\n3. Crearea unei comunit\u0103\u021bi a pove\u0219tilor<\/p>\n<p>ABILIT\u0102\u021aI<br \/>\nIntroducere: Cele patru elemente esen\u021biale<br \/>\n4. Antrenarea unei comunit\u0103\u021bi<br \/>\n5. Antrenarea individual\u0103<br \/>\n6. Fi\u021bi biroul de informa\u021bii<\/p>\n<p>CULTURA BISERICII<br \/>\nIntroducere: Cele patru elemente esen\u021biale<br \/>\n7. Crearea unui loc \u00een care abilit\u0103\u021bile s\u0103 se dezvolte<br \/>\n8. Crearea unei comunit\u0103\u021bi multigenera\u021bionale<br \/>\n9. \u00cencurajarea cre\u0219terii copiilor \u00een credin\u021b\u0103 prin slujbele de duminic\u0103<br \/>\n10. Cre\u0219terea copiilor \u00een credin\u021b\u0103 \u0219i lucrarea cu copiii<br \/>\n11. Cre\u0219terea copiilor \u00een credin\u021b\u0103 \u0219i lucrarea cu adolescen\u021bii<br \/>\n12. Cre\u0219terea copiilor \u00een credin\u021b\u0103 aflat\u0103 la limit\u0103<br \/>\n\u00centreb\u0103ri frecvente<\/p>\n<p>Alte c\u0103r\u021bi ale autoarei Rachel Turner pe tema cre\u0219terii copiilor, sunt urm\u0103toarele:<\/p>\n<p>1. Cre\u015fte-\u0163i copiii pentru o via\u0163\u0103 de credint\u0103<\/p>\n<p>2. Cre\u015fte-\u0163i copiii pentru o via\u0163\u0103 cu scop<\/p>","protected":false},"excerpt":{"rendered":"<p>Cre\u0219terea copiilor \u2014<\/p>\n<p>E nevoie de o biseric\u0103 pentru a cre\u0219te un p\u0103rinte\u00a0este o carte care prezint\u0103 valori \u0219i abilit\u0103\u021bi de care liderii \u0219i \u00eenv\u0103\u021b\u0103torii din biseric\u0103 au nevoie pentru a-i \u00eenconjura \u0219i sprijini pe cei care \u00eenconjoar\u0103 copilul \u0219i s\u0103-i cheme pe p\u0103rin\u021bi s\u0103 prospere \u00een ceea ce \u00eenseamn\u0103 cre\u0219terea credin\u021bei copiilor \u00een famlie.<\/p>\n<p>Dac\u0103 vrem s\u0103 vedem p\u0103rin\u021bi \u00eembr\u0103\u021bi\u0219\u00e2ndu-\u0219i cu adev\u0103rat rolul de ucenicizatori ai copiilor lor, atunci trebuie s\u0103 reg\u00e2ndim radical rolul nostru ca lideri din comunitatea bisericii.<\/p>\n<p>Trebuie s\u0103 ne apropiem de p\u0103rin\u021bi cu o altfel de inim\u0103 \u0219i cu angajamentul de a fi o biseric\u0103 care le sluje\u0219te.<\/p>\n<p>\u201eCe sper s\u0103 realizez prin aceast\u0103 carte este s\u0103 v\u0103 ofer valori \u0219i abilit\u0103\u021bi de care ave\u021bi nevoie pentru a fi pionieri \u00een locul unde v\u0103 afla\u021bi, s\u0103 v\u0103 ajut s\u0103 v\u0103 g\u00e2ndi\u021bi la p\u0103rin\u021bii pe care \u00eei sluji\u021bi \u0219i s\u0103 v\u0103 dau funda\u021bia de care ave\u021bi nevoie pentru a fi gata s\u0103 fi\u021bi o inspira\u021bie, s\u0103 \u00eencuraja\u021bi, s\u0103 echipa\u021bi \u0219i s\u0103 p\u0103\u0219i\u021bi al\u0103turi de p\u0103rin\u021bi. Toate \u00eent\u00e2mpl\u0103rile din aceast\u0103 carte sunt \u00eent\u00e2mpl\u0103ri cu p\u0103rin\u021bi, biserici \u0219i lideri reali,\u201d spune Rachel<\/p>","protected":false},"featured_media":31832,"comment_status":"open","ping_status":"closed","template":"","meta":[],"product_brand":[],"product_cat":[377,396],"product_tag":[],"class_list":{"0":"post-31831","1":"product","2":"type-product","3":"status-publish","4":"has-post-thumbnail","6":"product_cat-carti","7":"product_cat-parinti","8":"product_author-rachel-turner","9":"product_genre-knigi-rom","11":"first","12":"instock","13":"shipping-taxable","14":"purchasable","15":"product-type-simple"},"yoast_head":"<!-- This site is optimized with the Yoast SEO plugin v27.3 - https:\/\/yoast.com\/product\/yoast-seo-wordpress\/ -->\n<title>E nevoie de o biserica sa creasca un parinte - Societatea Biblic\u0103 din Moldova<\/title>\n<meta name=\"robots\" content=\"index, follow, max-snippet:-1, max-image-preview:large, max-video-preview:-1\" \/>\n<link rel=\"canonical\" href=\"https:\/\/biblia.md\/en\/shop\/e-nevoie-de-o-biserica-sa-creasca-un-parinte\/\" \/>\n<meta property=\"og:locale\" content=\"en_US\" \/>\n<meta property=\"og:type\" content=\"article\" \/>\n<meta property=\"og:title\" content=\"E nevoie de o biserica sa creasca un parinte - Societatea Biblic\u0103 din Moldova\" \/>\n<meta property=\"og:description\" content=\"Cre\u0219terea copiilor \u2014  E nevoie de o biseric\u0103 pentru a cre\u0219te un p\u0103rinte\u00a0este o carte care prezint\u0103 valori \u0219i abilit\u0103\u021bi de care liderii \u0219i \u00eenv\u0103\u021b\u0103torii din biseric\u0103 au nevoie pentru a-i \u00eenconjura \u0219i sprijini pe cei care \u00eenconjoar\u0103 copilul \u0219i s\u0103-i cheme pe p\u0103rin\u021bi s\u0103 prospere \u00een ceea ce \u00eenseamn\u0103 cre\u0219terea credin\u021bei copiilor \u00een famlie.  Dac\u0103 vrem s\u0103 vedem p\u0103rin\u021bi \u00eembr\u0103\u021bi\u0219\u00e2ndu-\u0219i cu adev\u0103rat rolul de ucenicizatori ai copiilor lor, atunci trebuie s\u0103 reg\u00e2ndim radical rolul nostru ca lideri din comunitatea bisericii.  Trebuie s\u0103 ne apropiem de p\u0103rin\u021bi cu o altfel de inim\u0103 \u0219i cu angajamentul de a fi o biseric\u0103 care le sluje\u0219te.  \u201eCe sper s\u0103 realizez prin aceast\u0103 carte este s\u0103 v\u0103 ofer valori \u0219i abilit\u0103\u021bi de care ave\u021bi nevoie pentru a fi pionieri \u00een locul unde v\u0103 afla\u021bi, s\u0103 v\u0103 ajut s\u0103 v\u0103 g\u00e2ndi\u021bi la p\u0103rin\u021bii pe care \u00eei sluji\u021bi \u0219i s\u0103 v\u0103 dau funda\u021bia de care ave\u021bi nevoie pentru a fi gata s\u0103 fi\u021bi o inspira\u021bie, s\u0103 \u00eencuraja\u021bi, s\u0103 echipa\u021bi \u0219i s\u0103 p\u0103\u0219i\u021bi al\u0103turi de p\u0103rin\u021bi. Toate \u00eent\u00e2mpl\u0103rile din aceast\u0103 carte sunt \u00eent\u00e2mpl\u0103ri cu p\u0103rin\u021bi, biserici \u0219i lideri reali,\u201d spune Rachel\" \/>\n<meta property=\"og:url\" content=\"https:\/\/biblia.md\/en\/shop\/e-nevoie-de-o-biserica-sa-creasca-un-parinte\/\" \/>\n<meta property=\"og:site_name\" content=\"Societatea Biblic\u0103 din Moldova\" \/>\n<meta property=\"article:publisher\" content=\"https:\/\/www.facebook.com\/SocietateaBiblicaMoldova\/\" \/>\n<meta property=\"og:image\" content=\"https:\/\/biblia.md\/wp-content\/uploads\/2026\/01\/img_7008.jpg\" \/>\n\t<meta property=\"og:image:width\" content=\"596\" \/>\n\t<meta property=\"og:image:height\" content=\"888\" \/>\n\t<meta property=\"og:image:type\" content=\"image\/jpeg\" \/>\n<meta name=\"twitter:card\" content=\"summary_large_image\" \/>\n<meta name=\"twitter:label1\" content=\"Est. reading time\" \/>\n\t<meta name=\"twitter:data1\" content=\"1 minute\" \/>\n<script type=\"application\/ld+json\" class=\"yoast-schema-graph\">{\"@context\":\"https:\\\/\\\/schema.org\",\"@graph\":[{\"@type\":\"WebPage\",\"@id\":\"https:\\\/\\\/biblia.md\\\/shop\\\/e-nevoie-de-o-biserica-sa-creasca-un-parinte\\\/\",\"url\":\"https:\\\/\\\/biblia.md\\\/shop\\\/e-nevoie-de-o-biserica-sa-creasca-un-parinte\\\/\",\"name\":\"E nevoie de o biserica sa creasca un parinte - Societatea Biblic\u0103 din Moldova\",\"isPartOf\":{\"@id\":\"https:\\\/\\\/biblia.md\\\/#website\"},\"primaryImageOfPage\":{\"@id\":\"https:\\\/\\\/biblia.md\\\/shop\\\/e-nevoie-de-o-biserica-sa-creasca-un-parinte\\\/#primaryimage\"},\"image\":{\"@id\":\"https:\\\/\\\/biblia.md\\\/shop\\\/e-nevoie-de-o-biserica-sa-creasca-un-parinte\\\/#primaryimage\"},\"thumbnailUrl\":\"https:\\\/\\\/biblia.md\\\/wp-content\\\/uploads\\\/2026\\\/01\\\/img_7008.jpg\",\"datePublished\":\"2026-01-17T19:20:51+00:00\",\"breadcrumb\":{\"@id\":\"https:\\\/\\\/biblia.md\\\/shop\\\/e-nevoie-de-o-biserica-sa-creasca-un-parinte\\\/#breadcrumb\"},\"inLanguage\":\"en-US\",\"potentialAction\":[{\"@type\":\"ReadAction\",\"target\":[\"https:\\\/\\\/biblia.md\\\/shop\\\/e-nevoie-de-o-biserica-sa-creasca-un-parinte\\\/\"]}]},{\"@type\":\"ImageObject\",\"inLanguage\":\"en-US\",\"@id\":\"https:\\\/\\\/biblia.md\\\/shop\\\/e-nevoie-de-o-biserica-sa-creasca-un-parinte\\\/#primaryimage\",\"url\":\"https:\\\/\\\/biblia.md\\\/wp-content\\\/uploads\\\/2026\\\/01\\\/img_7008.jpg\",\"contentUrl\":\"https:\\\/\\\/biblia.md\\\/wp-content\\\/uploads\\\/2026\\\/01\\\/img_7008.jpg\",\"width\":596,\"height\":888},{\"@type\":\"BreadcrumbList\",\"@id\":\"https:\\\/\\\/biblia.md\\\/shop\\\/e-nevoie-de-o-biserica-sa-creasca-un-parinte\\\/#breadcrumb\",\"itemListElement\":[{\"@type\":\"ListItem\",\"position\":1,\"name\":\"Prima pagin\u0103\",\"item\":\"https:\\\/\\\/biblia.md\\\/\"},{\"@type\":\"ListItem\",\"position\":2,\"name\":\"Shop\",\"item\":\"https:\\\/\\\/biblia.md\\\/shop\\\/\"},{\"@type\":\"ListItem\",\"position\":3,\"name\":\"E nevoie de o biserica sa creasca un parinte\"}]},{\"@type\":\"WebSite\",\"@id\":\"https:\\\/\\\/biblia.md\\\/#website\",\"url\":\"https:\\\/\\\/biblia.md\\\/\",\"name\":\"Societatea Biblic\u0103 din Moldova\",\"description\":\"\",\"publisher\":{\"@id\":\"https:\\\/\\\/biblia.md\\\/#organization\"},\"potentialAction\":[{\"@type\":\"SearchAction\",\"target\":{\"@type\":\"EntryPoint\",\"urlTemplate\":\"https:\\\/\\\/biblia.md\\\/?s={search_term_string}\"},\"query-input\":{\"@type\":\"PropertyValueSpecification\",\"valueRequired\":true,\"valueName\":\"search_term_string\"}}],\"inLanguage\":\"en-US\"},{\"@type\":\"Organization\",\"@id\":\"https:\\\/\\\/biblia.md\\\/#organization\",\"name\":\"Societatea Biblic\u0103 din Moldova\",\"url\":\"https:\\\/\\\/biblia.md\\\/\",\"logo\":{\"@type\":\"ImageObject\",\"inLanguage\":\"en-US\",\"@id\":\"https:\\\/\\\/biblia.md\\\/#\\\/schema\\\/logo\\\/image\\\/\",\"url\":\"https:\\\/\\\/biblia.md\\\/wp-content\\\/uploads\\\/2026\\\/01\\\/icon_site.jpg\",\"contentUrl\":\"https:\\\/\\\/biblia.md\\\/wp-content\\\/uploads\\\/2026\\\/01\\\/icon_site.jpg\",\"width\":656,\"height\":656,\"caption\":\"Societatea Biblic\u0103 din Moldova\"},\"image\":{\"@id\":\"https:\\\/\\\/biblia.md\\\/#\\\/schema\\\/logo\\\/image\\\/\"},\"sameAs\":[\"https:\\\/\\\/www.facebook.com\\\/SocietateaBiblicaMoldova\\\/\",\"https:\\\/\\\/www.instagram.com\\\/biblia.md\\\/\"]}]}<\/script>\n<!-- \/ Yoast SEO plugin. -->","yoast_head_json":{"title":"E nevoie de o biserica sa creasca un parinte - Societatea Biblic\u0103 din Moldova","robots":{"index":"index","follow":"follow","max-snippet":"max-snippet:-1","max-image-preview":"max-image-preview:large","max-video-preview":"max-video-preview:-1"},"canonical":"https:\/\/biblia.md\/en\/shop\/e-nevoie-de-o-biserica-sa-creasca-un-parinte\/","og_locale":"en_US","og_type":"article","og_title":"E nevoie de o biserica sa creasca un parinte - Societatea Biblic\u0103 din Moldova","og_description":"Cre\u0219terea copiilor \u2014  E nevoie de o biseric\u0103 pentru a cre\u0219te un p\u0103rinte\u00a0este o carte care prezint\u0103 valori \u0219i abilit\u0103\u021bi de care liderii \u0219i \u00eenv\u0103\u021b\u0103torii din biseric\u0103 au nevoie pentru a-i \u00eenconjura \u0219i sprijini pe cei care \u00eenconjoar\u0103 copilul \u0219i s\u0103-i cheme pe p\u0103rin\u021bi s\u0103 prospere \u00een ceea ce \u00eenseamn\u0103 cre\u0219terea credin\u021bei copiilor \u00een famlie.  Dac\u0103 vrem s\u0103 vedem p\u0103rin\u021bi \u00eembr\u0103\u021bi\u0219\u00e2ndu-\u0219i cu adev\u0103rat rolul de ucenicizatori ai copiilor lor, atunci trebuie s\u0103 reg\u00e2ndim radical rolul nostru ca lideri din comunitatea bisericii.  Trebuie s\u0103 ne apropiem de p\u0103rin\u021bi cu o altfel de inim\u0103 \u0219i cu angajamentul de a fi o biseric\u0103 care le sluje\u0219te.  \u201eCe sper s\u0103 realizez prin aceast\u0103 carte este s\u0103 v\u0103 ofer valori \u0219i abilit\u0103\u021bi de care ave\u021bi nevoie pentru a fi pionieri \u00een locul unde v\u0103 afla\u021bi, s\u0103 v\u0103 ajut s\u0103 v\u0103 g\u00e2ndi\u021bi la p\u0103rin\u021bii pe care \u00eei sluji\u021bi \u0219i s\u0103 v\u0103 dau funda\u021bia de care ave\u021bi nevoie pentru a fi gata s\u0103 fi\u021bi o inspira\u021bie, s\u0103 \u00eencuraja\u021bi, s\u0103 echipa\u021bi \u0219i s\u0103 p\u0103\u0219i\u021bi al\u0103turi de p\u0103rin\u021bi. Toate \u00eent\u00e2mpl\u0103rile din aceast\u0103 carte sunt \u00eent\u00e2mpl\u0103ri cu p\u0103rin\u021bi, biserici \u0219i lideri reali,\u201d spune Rachel","og_url":"https:\/\/biblia.md\/en\/shop\/e-nevoie-de-o-biserica-sa-creasca-un-parinte\/","og_site_name":"Societatea Biblic\u0103 din Moldova","article_publisher":"https:\/\/www.facebook.com\/SocietateaBiblicaMoldova\/","og_image":[{"width":596,"height":888,"url":"https:\/\/biblia.md\/wp-content\/uploads\/2026\/01\/img_7008.jpg","type":"image\/jpeg"}],"twitter_card":"summary_large_image","twitter_misc":{"Est. reading time":"1 minute"},"schema":{"@context":"https:\/\/schema.org","@graph":[{"@type":"WebPage","@id":"https:\/\/biblia.md\/shop\/e-nevoie-de-o-biserica-sa-creasca-un-parinte\/","url":"https:\/\/biblia.md\/shop\/e-nevoie-de-o-biserica-sa-creasca-un-parinte\/","name":"E nevoie de o biserica sa creasca un parinte - Societatea Biblic\u0103 din Moldova","isPartOf":{"@id":"https:\/\/biblia.md\/#website"},"primaryImageOfPage":{"@id":"https:\/\/biblia.md\/shop\/e-nevoie-de-o-biserica-sa-creasca-un-parinte\/#primaryimage"},"image":{"@id":"https:\/\/biblia.md\/shop\/e-nevoie-de-o-biserica-sa-creasca-un-parinte\/#primaryimage"},"thumbnailUrl":"https:\/\/biblia.md\/wp-content\/uploads\/2026\/01\/img_7008.jpg","datePublished":"2026-01-17T19:20:51+00:00","breadcrumb":{"@id":"https:\/\/biblia.md\/shop\/e-nevoie-de-o-biserica-sa-creasca-un-parinte\/#breadcrumb"},"inLanguage":"en-US","potentialAction":[{"@type":"ReadAction","target":["https:\/\/biblia.md\/shop\/e-nevoie-de-o-biserica-sa-creasca-un-parinte\/"]}]},{"@type":"ImageObject","inLanguage":"en-US","@id":"https:\/\/biblia.md\/shop\/e-nevoie-de-o-biserica-sa-creasca-un-parinte\/#primaryimage","url":"https:\/\/biblia.md\/wp-content\/uploads\/2026\/01\/img_7008.jpg","contentUrl":"https:\/\/biblia.md\/wp-content\/uploads\/2026\/01\/img_7008.jpg","width":596,"height":888},{"@type":"BreadcrumbList","@id":"https:\/\/biblia.md\/shop\/e-nevoie-de-o-biserica-sa-creasca-un-parinte\/#breadcrumb","itemListElement":[{"@type":"ListItem","position":1,"name":"Prima pagin\u0103","item":"https:\/\/biblia.md\/"},{"@type":"ListItem","position":2,"name":"Shop","item":"https:\/\/biblia.md\/shop\/"},{"@type":"ListItem","position":3,"name":"E nevoie de o biserica sa creasca un parinte"}]},{"@type":"WebSite","@id":"https:\/\/biblia.md\/#website","url":"https:\/\/biblia.md\/","name":"Societatea Biblic\u0103 din Moldova","description":"","publisher":{"@id":"https:\/\/biblia.md\/#organization"},"potentialAction":[{"@type":"SearchAction","target":{"@type":"EntryPoint","urlTemplate":"https:\/\/biblia.md\/?s={search_term_string}"},"query-input":{"@type":"PropertyValueSpecification","valueRequired":true,"valueName":"search_term_string"}}],"inLanguage":"en-US"},{"@type":"Organization","@id":"https:\/\/biblia.md\/#organization","name":"Societatea Biblic\u0103 din Moldova","url":"https:\/\/biblia.md\/","logo":{"@type":"ImageObject","inLanguage":"en-US","@id":"https:\/\/biblia.md\/#\/schema\/logo\/image\/","url":"https:\/\/biblia.md\/wp-content\/uploads\/2026\/01\/icon_site.jpg","contentUrl":"https:\/\/biblia.md\/wp-content\/uploads\/2026\/01\/icon_site.jpg","width":656,"height":656,"caption":"Societatea Biblic\u0103 din Moldova"},"image":{"@id":"https:\/\/biblia.md\/#\/schema\/logo\/image\/"},"sameAs":["https:\/\/www.facebook.com\/SocietateaBiblicaMoldova\/","https:\/\/www.instagram.com\/biblia.md\/"]}]}},"_links":{"self":[{"href":"https:\/\/biblia.md\/en\/wp-json\/wp\/v2\/product\/31831","targetHints":{"allow":["GET"]}}],"collection":[{"href":"https:\/\/biblia.md\/en\/wp-json\/wp\/v2\/product"}],"about":[{"href":"https:\/\/biblia.md\/en\/wp-json\/wp\/v2\/types\/product"}],"replies":[{"embeddable":true,"href":"https:\/\/biblia.md\/en\/wp-json\/wp\/v2\/comments?post=31831"}],"version-history":[{"count":1,"href":"https:\/\/biblia.md\/en\/wp-json\/wp\/v2\/product\/31831\/revisions"}],"predecessor-version":[{"id":31833,"href":"https:\/\/biblia.md\/en\/wp-json\/wp\/v2\/product\/31831\/revisions\/31833"}],"wp:featuredmedia":[{"embeddable":true,"href":"https:\/\/biblia.md\/en\/wp-json\/wp\/v2\/media\/31832"}],"wp:attachment":[{"href":"https:\/\/biblia.md\/en\/wp-json\/wp\/v2\/media?parent=31831"}],"wp:term":[{"taxonomy":"product_brand","embeddable":true,"href":"https:\/\/biblia.md\/en\/wp-json\/wp\/v2\/product_brand?post=31831"},{"taxonomy":"product_cat","embeddable":true,"href":"https:\/\/biblia.md\/en\/wp-json\/wp\/v2\/product_cat?post=31831"},{"taxonomy":"product_tag","embeddable":true,"href":"https:\/\/biblia.md\/en\/wp-json\/wp\/v2\/product_tag?post=31831"}],"curies":[{"name":"wp","href":"https:\/\/api.w.org\/{rel}","templated":true}]}}