{"id":31843,"date":"2026-01-17T22:08:38","date_gmt":"2026-01-17T20:08:38","guid":{"rendered":"https:\/\/biblia.md\/?post_type=product&#038;p=31843"},"modified":"2026-01-17T22:08:38","modified_gmt":"2026-01-17T20:08:38","slug":"crestinism-pur-si-simplu","status":"publish","type":"product","link":"https:\/\/biblia.md\/en\/shop\/crestinism-pur-si-simplu\/","title":{"rendered":"Crestinism pur si simplu"},"content":{"rendered":"","protected":false},"excerpt":{"rendered":"<p>\u201eS\u0103 nu uita\u021bi niciodat\u0103 c\u0103 noi suntem \u00eenc\u0103 primii cre\u0219tini. Dezbin\u0103rile actuale dintre noi sunt, s\u0103 sper\u0103m, o boal\u0103 a copil\u0103riei: abia acum ne ies din\u021bii. F\u0103r\u0103 \u00eendoial\u0103 c\u0103 lumea din afar\u0103 crede tocmai contrariul, sus\u021bin\u00e2nd c\u0103 am muri de b\u0103tr\u00e2ne\u021be. Dar au mai crezut a\u0219a de foarte multe ori. Iar\u0103\u0219i \u0219i iar\u0103\u0219i s-a crezut c\u0103 se apropie sf\u00e2r\u0219itul cre\u0219tinismului, din cauza persecu\u021biilor din afar\u0103 sau a descompunerii din\u0103untru, din cauza ridic\u0103rii mahomedanismului, din cauza progresului \u0219tiin\u021belor naturii, din cauza ridic\u0103rii marilor mi\u0219c\u0103ri revolu\u021bionare anticre\u0219tine. Dar lumea a fost dezam\u0103git\u0103 de fiecare dat\u0103.\u201c \u2013 C.S. LEWIS<\/p>","protected":false},"featured_media":31844,"comment_status":"open","ping_status":"closed","template":"","meta":[],"product_brand":[],"product_cat":[377,395,388],"product_tag":[],"class_list":{"0":"post-31843","1":"product","2":"type-product","3":"status-publish","4":"has-post-thumbnail","6":"product_cat-carti","7":"product_cat-pentru-slujitori","8":"product_cat-viata-crestina","9":"product_author-c-s-lewis","10":"product_genre-knigi-rom","12":"first","13":"instock","14":"shipping-taxable","15":"purchasable","16":"product-type-simple"},"yoast_head":"<!-- This site is optimized with the Yoast SEO plugin v27.3 - https:\/\/yoast.com\/product\/yoast-seo-wordpress\/ -->\n<title>Crestinism pur si simplu - Societatea Biblic\u0103 din Moldova<\/title>\n<meta name=\"robots\" content=\"index, follow, max-snippet:-1, max-image-preview:large, max-video-preview:-1\" \/>\n<link rel=\"canonical\" href=\"https:\/\/biblia.md\/en\/shop\/crestinism-pur-si-simplu\/\" \/>\n<meta property=\"og:locale\" content=\"en_US\" \/>\n<meta property=\"og:type\" content=\"article\" \/>\n<meta property=\"og:title\" content=\"Crestinism pur si simplu - Societatea Biblic\u0103 din Moldova\" \/>\n<meta property=\"og:description\" content=\"\u201eS\u0103 nu uita\u021bi niciodat\u0103 c\u0103 noi suntem \u00eenc\u0103 primii cre\u0219tini. Dezbin\u0103rile actuale dintre noi sunt, s\u0103 sper\u0103m, o boal\u0103 a copil\u0103riei: abia acum ne ies din\u021bii. F\u0103r\u0103 \u00eendoial\u0103 c\u0103 lumea din afar\u0103 crede tocmai contrariul, sus\u021bin\u00e2nd c\u0103 am muri de b\u0103tr\u00e2ne\u021be. Dar au mai crezut a\u0219a de foarte multe ori. Iar\u0103\u0219i \u0219i iar\u0103\u0219i s-a crezut c\u0103 se apropie sf\u00e2r\u0219itul cre\u0219tinismului, din cauza persecu\u021biilor din afar\u0103 sau a descompunerii din\u0103untru, din cauza ridic\u0103rii mahomedanismului, din cauza progresului \u0219tiin\u021belor naturii, din cauza ridic\u0103rii marilor mi\u0219c\u0103ri revolu\u021bionare anticre\u0219tine. Dar lumea a fost dezam\u0103git\u0103 de fiecare dat\u0103.\u201c \u2013 C.S. LEWIS\" \/>\n<meta property=\"og:url\" content=\"https:\/\/biblia.md\/en\/shop\/crestinism-pur-si-simplu\/\" \/>\n<meta property=\"og:site_name\" content=\"Societatea Biblic\u0103 din Moldova\" \/>\n<meta property=\"article:publisher\" content=\"https:\/\/www.facebook.com\/SocietateaBiblicaMoldova\/\" \/>\n<meta property=\"og:image\" content=\"https:\/\/biblia.md\/wp-content\/uploads\/2026\/01\/0000002146.jpeg\" \/>\n\t<meta property=\"og:image:width\" content=\"600\" \/>\n\t<meta property=\"og:image:height\" content=\"922\" \/>\n\t<meta property=\"og:image:type\" content=\"image\/jpeg\" \/>\n<meta name=\"twitter:card\" content=\"summary_large_image\" \/>\n<script type=\"application\/ld+json\" class=\"yoast-schema-graph\">{\"@context\":\"https:\\\/\\\/schema.org\",\"@graph\":[{\"@type\":\"WebPage\",\"@id\":\"https:\\\/\\\/biblia.md\\\/shop\\\/crestinism-pur-si-simplu\\\/\",\"url\":\"https:\\\/\\\/biblia.md\\\/shop\\\/crestinism-pur-si-simplu\\\/\",\"name\":\"Crestinism pur si simplu - Societatea Biblic\u0103 din Moldova\",\"isPartOf\":{\"@id\":\"https:\\\/\\\/biblia.md\\\/#website\"},\"primaryImageOfPage\":{\"@id\":\"https:\\\/\\\/biblia.md\\\/shop\\\/crestinism-pur-si-simplu\\\/#primaryimage\"},\"image\":{\"@id\":\"https:\\\/\\\/biblia.md\\\/shop\\\/crestinism-pur-si-simplu\\\/#primaryimage\"},\"thumbnailUrl\":\"https:\\\/\\\/biblia.md\\\/wp-content\\\/uploads\\\/2026\\\/01\\\/0000002146.jpeg\",\"datePublished\":\"2026-01-17T20:08:38+00:00\",\"breadcrumb\":{\"@id\":\"https:\\\/\\\/biblia.md\\\/shop\\\/crestinism-pur-si-simplu\\\/#breadcrumb\"},\"inLanguage\":\"en-US\",\"potentialAction\":[{\"@type\":\"ReadAction\",\"target\":[\"https:\\\/\\\/biblia.md\\\/shop\\\/crestinism-pur-si-simplu\\\/\"]}]},{\"@type\":\"ImageObject\",\"inLanguage\":\"en-US\",\"@id\":\"https:\\\/\\\/biblia.md\\\/shop\\\/crestinism-pur-si-simplu\\\/#primaryimage\",\"url\":\"https:\\\/\\\/biblia.md\\\/wp-content\\\/uploads\\\/2026\\\/01\\\/0000002146.jpeg\",\"contentUrl\":\"https:\\\/\\\/biblia.md\\\/wp-content\\\/uploads\\\/2026\\\/01\\\/0000002146.jpeg\",\"width\":600,\"height\":922},{\"@type\":\"BreadcrumbList\",\"@id\":\"https:\\\/\\\/biblia.md\\\/shop\\\/crestinism-pur-si-simplu\\\/#breadcrumb\",\"itemListElement\":[{\"@type\":\"ListItem\",\"position\":1,\"name\":\"Prima pagin\u0103\",\"item\":\"https:\\\/\\\/biblia.md\\\/\"},{\"@type\":\"ListItem\",\"position\":2,\"name\":\"Shop\",\"item\":\"https:\\\/\\\/biblia.md\\\/shop\\\/\"},{\"@type\":\"ListItem\",\"position\":3,\"name\":\"Crestinism pur si simplu\"}]},{\"@type\":\"WebSite\",\"@id\":\"https:\\\/\\\/biblia.md\\\/#website\",\"url\":\"https:\\\/\\\/biblia.md\\\/\",\"name\":\"Societatea Biblic\u0103 din Moldova\",\"description\":\"\",\"publisher\":{\"@id\":\"https:\\\/\\\/biblia.md\\\/#organization\"},\"potentialAction\":[{\"@type\":\"SearchAction\",\"target\":{\"@type\":\"EntryPoint\",\"urlTemplate\":\"https:\\\/\\\/biblia.md\\\/?s={search_term_string}\"},\"query-input\":{\"@type\":\"PropertyValueSpecification\",\"valueRequired\":true,\"valueName\":\"search_term_string\"}}],\"inLanguage\":\"en-US\"},{\"@type\":\"Organization\",\"@id\":\"https:\\\/\\\/biblia.md\\\/#organization\",\"name\":\"Societatea Biblic\u0103 din Moldova\",\"url\":\"https:\\\/\\\/biblia.md\\\/\",\"logo\":{\"@type\":\"ImageObject\",\"inLanguage\":\"en-US\",\"@id\":\"https:\\\/\\\/biblia.md\\\/#\\\/schema\\\/logo\\\/image\\\/\",\"url\":\"https:\\\/\\\/biblia.md\\\/wp-content\\\/uploads\\\/2026\\\/01\\\/icon_site.jpg\",\"contentUrl\":\"https:\\\/\\\/biblia.md\\\/wp-content\\\/uploads\\\/2026\\\/01\\\/icon_site.jpg\",\"width\":656,\"height\":656,\"caption\":\"Societatea Biblic\u0103 din Moldova\"},\"image\":{\"@id\":\"https:\\\/\\\/biblia.md\\\/#\\\/schema\\\/logo\\\/image\\\/\"},\"sameAs\":[\"https:\\\/\\\/www.facebook.com\\\/SocietateaBiblicaMoldova\\\/\",\"https:\\\/\\\/www.instagram.com\\\/biblia.md\\\/\"]}]}<\/script>\n<!-- \/ Yoast SEO plugin. -->","yoast_head_json":{"title":"Crestinism pur si simplu - Societatea Biblic\u0103 din Moldova","robots":{"index":"index","follow":"follow","max-snippet":"max-snippet:-1","max-image-preview":"max-image-preview:large","max-video-preview":"max-video-preview:-1"},"canonical":"https:\/\/biblia.md\/en\/shop\/crestinism-pur-si-simplu\/","og_locale":"en_US","og_type":"article","og_title":"Crestinism pur si simplu - Societatea Biblic\u0103 din Moldova","og_description":"\u201eS\u0103 nu uita\u021bi niciodat\u0103 c\u0103 noi suntem \u00eenc\u0103 primii cre\u0219tini. Dezbin\u0103rile actuale dintre noi sunt, s\u0103 sper\u0103m, o boal\u0103 a copil\u0103riei: abia acum ne ies din\u021bii. F\u0103r\u0103 \u00eendoial\u0103 c\u0103 lumea din afar\u0103 crede tocmai contrariul, sus\u021bin\u00e2nd c\u0103 am muri de b\u0103tr\u00e2ne\u021be. Dar au mai crezut a\u0219a de foarte multe ori. Iar\u0103\u0219i \u0219i iar\u0103\u0219i s-a crezut c\u0103 se apropie sf\u00e2r\u0219itul cre\u0219tinismului, din cauza persecu\u021biilor din afar\u0103 sau a descompunerii din\u0103untru, din cauza ridic\u0103rii mahomedanismului, din cauza progresului \u0219tiin\u021belor naturii, din cauza ridic\u0103rii marilor mi\u0219c\u0103ri revolu\u021bionare anticre\u0219tine. Dar lumea a fost dezam\u0103git\u0103 de fiecare dat\u0103.\u201c \u2013 C.S. LEWIS","og_url":"https:\/\/biblia.md\/en\/shop\/crestinism-pur-si-simplu\/","og_site_name":"Societatea Biblic\u0103 din Moldova","article_publisher":"https:\/\/www.facebook.com\/SocietateaBiblicaMoldova\/","og_image":[{"width":600,"height":922,"url":"https:\/\/biblia.md\/wp-content\/uploads\/2026\/01\/0000002146.jpeg","type":"image\/jpeg"}],"twitter_card":"summary_large_image","schema":{"@context":"https:\/\/schema.org","@graph":[{"@type":"WebPage","@id":"https:\/\/biblia.md\/shop\/crestinism-pur-si-simplu\/","url":"https:\/\/biblia.md\/shop\/crestinism-pur-si-simplu\/","name":"Crestinism pur si simplu - Societatea Biblic\u0103 din Moldova","isPartOf":{"@id":"https:\/\/biblia.md\/#website"},"primaryImageOfPage":{"@id":"https:\/\/biblia.md\/shop\/crestinism-pur-si-simplu\/#primaryimage"},"image":{"@id":"https:\/\/biblia.md\/shop\/crestinism-pur-si-simplu\/#primaryimage"},"thumbnailUrl":"https:\/\/biblia.md\/wp-content\/uploads\/2026\/01\/0000002146.jpeg","datePublished":"2026-01-17T20:08:38+00:00","breadcrumb":{"@id":"https:\/\/biblia.md\/shop\/crestinism-pur-si-simplu\/#breadcrumb"},"inLanguage":"en-US","potentialAction":[{"@type":"ReadAction","target":["https:\/\/biblia.md\/shop\/crestinism-pur-si-simplu\/"]}]},{"@type":"ImageObject","inLanguage":"en-US","@id":"https:\/\/biblia.md\/shop\/crestinism-pur-si-simplu\/#primaryimage","url":"https:\/\/biblia.md\/wp-content\/uploads\/2026\/01\/0000002146.jpeg","contentUrl":"https:\/\/biblia.md\/wp-content\/uploads\/2026\/01\/0000002146.jpeg","width":600,"height":922},{"@type":"BreadcrumbList","@id":"https:\/\/biblia.md\/shop\/crestinism-pur-si-simplu\/#breadcrumb","itemListElement":[{"@type":"ListItem","position":1,"name":"Prima pagin\u0103","item":"https:\/\/biblia.md\/"},{"@type":"ListItem","position":2,"name":"Shop","item":"https:\/\/biblia.md\/shop\/"},{"@type":"ListItem","position":3,"name":"Crestinism pur si simplu"}]},{"@type":"WebSite","@id":"https:\/\/biblia.md\/#website","url":"https:\/\/biblia.md\/","name":"Societatea Biblic\u0103 din Moldova","description":"","publisher":{"@id":"https:\/\/biblia.md\/#organization"},"potentialAction":[{"@type":"SearchAction","target":{"@type":"EntryPoint","urlTemplate":"https:\/\/biblia.md\/?s={search_term_string}"},"query-input":{"@type":"PropertyValueSpecification","valueRequired":true,"valueName":"search_term_string"}}],"inLanguage":"en-US"},{"@type":"Organization","@id":"https:\/\/biblia.md\/#organization","name":"Societatea Biblic\u0103 din Moldova","url":"https:\/\/biblia.md\/","logo":{"@type":"ImageObject","inLanguage":"en-US","@id":"https:\/\/biblia.md\/#\/schema\/logo\/image\/","url":"https:\/\/biblia.md\/wp-content\/uploads\/2026\/01\/icon_site.jpg","contentUrl":"https:\/\/biblia.md\/wp-content\/uploads\/2026\/01\/icon_site.jpg","width":656,"height":656,"caption":"Societatea Biblic\u0103 din Moldova"},"image":{"@id":"https:\/\/biblia.md\/#\/schema\/logo\/image\/"},"sameAs":["https:\/\/www.facebook.com\/SocietateaBiblicaMoldova\/","https:\/\/www.instagram.com\/biblia.md\/"]}]}},"_links":{"self":[{"href":"https:\/\/biblia.md\/en\/wp-json\/wp\/v2\/product\/31843","targetHints":{"allow":["GET"]}}],"collection":[{"href":"https:\/\/biblia.md\/en\/wp-json\/wp\/v2\/product"}],"about":[{"href":"https:\/\/biblia.md\/en\/wp-json\/wp\/v2\/types\/product"}],"replies":[{"embeddable":true,"href":"https:\/\/biblia.md\/en\/wp-json\/wp\/v2\/comments?post=31843"}],"version-history":[{"count":1,"href":"https:\/\/biblia.md\/en\/wp-json\/wp\/v2\/product\/31843\/revisions"}],"predecessor-version":[{"id":31845,"href":"https:\/\/biblia.md\/en\/wp-json\/wp\/v2\/product\/31843\/revisions\/31845"}],"wp:featuredmedia":[{"embeddable":true,"href":"https:\/\/biblia.md\/en\/wp-json\/wp\/v2\/media\/31844"}],"wp:attachment":[{"href":"https:\/\/biblia.md\/en\/wp-json\/wp\/v2\/media?parent=31843"}],"wp:term":[{"taxonomy":"product_brand","embeddable":true,"href":"https:\/\/biblia.md\/en\/wp-json\/wp\/v2\/product_brand?post=31843"},{"taxonomy":"product_cat","embeddable":true,"href":"https:\/\/biblia.md\/en\/wp-json\/wp\/v2\/product_cat?post=31843"},{"taxonomy":"product_tag","embeddable":true,"href":"https:\/\/biblia.md\/en\/wp-json\/wp\/v2\/product_tag?post=31843"}],"curies":[{"name":"wp","href":"https:\/\/api.w.org\/{rel}","templated":true}]}}