{"id":31923,"date":"2026-01-19T08:35:53","date_gmt":"2026-01-19T06:35:53","guid":{"rendered":"https:\/\/biblia.md\/?post_type=product&#038;p=31923"},"modified":"2026-01-21T13:04:52","modified_gmt":"2026-01-21T11:04:52","slug":"cum-e-sa-fii-casatorit-cu-mine","status":"publish","type":"product","link":"https:\/\/biblia.md\/en\/shop\/cum-e-sa-fii-casatorit-cu-mine\/","title":{"rendered":"Cum e sa fii casatorit cu mine?"},"content":{"rendered":"<p>Cartea Lindei Dillow, Cum e s\u0103 fii c\u0103s\u0103torit cu mine?, este fenomenal\u0103; de fapt, s-ar putea s\u0103 fie cea mai bun\u0103 carte despre c\u0103s\u0103torie pe care am citit-o vreodat\u0103. Dac\u0103 v\u0103 dori\u021bi s\u0103-L sl\u0103viti pe Domnul \u00een c\u0103s\u0103toria voastr\u0103, dac\u0103 v\u0103 dori\u021bi s\u0103 tr\u0103i\u021bi \u00een intimidate autentic\u0103 al\u0103turi de partenerul vostru, dac\u0103 v\u0103 dori\u021bi s\u0103 sem\u0103na\u021bi mai mult cu Isus, v\u0103 rog s\u0103 citi\u021bi aceast\u0103 carte. Este o lucrare special\u0103 \u0219i original\u0103, care \u00eembin\u0103 o cercetare p\u0103trunz\u0103toare asupra c\u0103s\u0103toriei cu \u00eendrum\u0103ri practice privind cre\u0219terea spiritual\u0103.<br \/>\nGary Thomas, autorul c\u0103r\u021bii C\u0103s\u0103torie Sf\u00e2nt\u0103<\/p>\n<p>Oferindu-va indrumare pentru scrierea propriei declaratii de intentie cu privire la casatorie, Cum e sa fi casatorit cu mine? Vorbeste despre diferenta dintre a avea dorinta sa ai o casnicie mai buna si a-ti stabili telul de a avea o casnicie mai buna \u2013 in timp ce te privesti in oglinda pentru a vedea in ce fel te poti schimba. De fapt, aceasta nu este deloc o carte despre casatorie. Este o carte despre cum sa-ti traiesti casatoria din plin, zi dupa zi si an dupa an, devenind sotia care iti doresti sa fii si urmarind efectul pe care acest lucru il are asupra propriei casnicii.<\/p>\n<p>Cuprinde un studiu biblic pentru zece sau douasprezece saptamani<\/p>\n<p><strong>Linda Dillow<\/strong>\u00a0este autoarea a numeroase carti, printre care Conversatii intime (scrisa impreuna cu Lorraine Pintus), Linisteste-mi inima ingrijorata si Partenera creative, cu vanzari de peste 1,5 milioane de exemplare. Cunoscuta vorbitoare la conferintele pentru femei din lumea intreaga, Linda locuieste in Monument, Colorado, cu sotul ei, Jody. Familia Dillow are patru copii si zece nepoti.<\/p>","protected":false},"excerpt":{"rendered":"<p>Nu e ceea ce am visat.<br \/>\nNu se poate s\u0103 am o casnicie mai bun\u0103?<\/p>\n<p>Ba da! Ceea ce vei deveni ca so\u021bie influenteaz\u0103 intimitatea, pasiunea \u0219i bucuria tr\u0103ite \u00een casnicie. Dar cum ajungi unde iti doresti?<\/p>\n<p>In Cum e sa fii casatorit cu mine?, Linda Dillow va provoaca sa va puneti intrebari riscante: Cum e sa fii sotul meu? Cum e sa faca dragoste cu mine? De ce ma incapatanez sa fiu suparata pe el? Extrem de sincera si personala, Linda va dezvaluie cele mai bune si cele mai rele lucruri pe care le-a facut in cei aproape cincizeci de ani de casnicie si va conduce spre inima lui Dumnezeu ca sa aflati cum poate fi casnicia voastra.<\/p>\n<p>Cuprinde un studiu biblic pentru zece sau douasprezece saptamani<\/p>","protected":false},"featured_media":31924,"comment_status":"open","ping_status":"closed","template":"","meta":[],"product_brand":[],"product_cat":[377,397,399],"product_tag":[],"class_list":{"0":"post-31923","1":"product","2":"type-product","3":"status-publish","4":"has-post-thumbnail","6":"product_cat-carti","7":"product_cat-casatorie-familie","8":"product_cat-femei","9":"product_author-linda-dillow","10":"product_genre-knigi-rom","12":"first","13":"instock","14":"featured","15":"shipping-taxable","16":"purchasable","17":"product-type-simple"},"yoast_head":"<!-- This site is optimized with the Yoast SEO plugin v27.3 - https:\/\/yoast.com\/product\/yoast-seo-wordpress\/ -->\n<title>Cum e sa fii casatorit cu mine? - Societatea Biblic\u0103 din Moldova<\/title>\n<meta name=\"robots\" content=\"index, follow, max-snippet:-1, max-image-preview:large, max-video-preview:-1\" \/>\n<link rel=\"canonical\" href=\"https:\/\/biblia.md\/en\/shop\/cum-e-sa-fii-casatorit-cu-mine\/\" \/>\n<meta property=\"og:locale\" content=\"en_US\" \/>\n<meta property=\"og:type\" content=\"article\" \/>\n<meta property=\"og:title\" content=\"Cum e sa fii casatorit cu mine? - Societatea Biblic\u0103 din Moldova\" \/>\n<meta property=\"og:description\" content=\"Nu e ceea ce am visat. Nu se poate s\u0103 am o casnicie mai bun\u0103?  Ba da! Ceea ce vei deveni ca so\u021bie influenteaz\u0103 intimitatea, pasiunea \u0219i bucuria tr\u0103ite \u00een casnicie. Dar cum ajungi unde iti doresti?  In Cum e sa fii casatorit cu mine?, Linda Dillow va provoaca sa va puneti intrebari riscante: Cum e sa fii sotul meu? Cum e sa faca dragoste cu mine? De ce ma incapatanez sa fiu suparata pe el? Extrem de sincera si personala, Linda va dezvaluie cele mai bune si cele mai rele lucruri pe care le-a facut in cei aproape cincizeci de ani de casnicie si va conduce spre inima lui Dumnezeu ca sa aflati cum poate fi casnicia voastra.  Cuprinde un studiu biblic pentru zece sau douasprezece saptamani\" \/>\n<meta property=\"og:url\" content=\"https:\/\/biblia.md\/en\/shop\/cum-e-sa-fii-casatorit-cu-mine\/\" \/>\n<meta property=\"og:site_name\" content=\"Societatea Biblic\u0103 din Moldova\" \/>\n<meta property=\"article:publisher\" content=\"https:\/\/www.facebook.com\/SocietateaBiblicaMoldova\/\" \/>\n<meta property=\"article:modified_time\" content=\"2026-01-21T11:04:52+00:00\" \/>\n<meta property=\"og:image\" content=\"https:\/\/biblia.md\/wp-content\/uploads\/2026\/01\/0000000967.jpg\" \/>\n\t<meta property=\"og:image:width\" content=\"600\" \/>\n\t<meta property=\"og:image:height\" content=\"900\" \/>\n\t<meta property=\"og:image:type\" content=\"image\/jpeg\" \/>\n<meta name=\"twitter:card\" content=\"summary_large_image\" \/>\n<meta name=\"twitter:label1\" content=\"Est. reading time\" \/>\n\t<meta name=\"twitter:data1\" content=\"1 minute\" \/>\n<script type=\"application\/ld+json\" class=\"yoast-schema-graph\">{\"@context\":\"https:\\\/\\\/schema.org\",\"@graph\":[{\"@type\":\"WebPage\",\"@id\":\"https:\\\/\\\/biblia.md\\\/shop\\\/cum-e-sa-fii-casatorit-cu-mine\\\/\",\"url\":\"https:\\\/\\\/biblia.md\\\/shop\\\/cum-e-sa-fii-casatorit-cu-mine\\\/\",\"name\":\"Cum e sa fii casatorit cu mine? - Societatea Biblic\u0103 din Moldova\",\"isPartOf\":{\"@id\":\"https:\\\/\\\/biblia.md\\\/#website\"},\"primaryImageOfPage\":{\"@id\":\"https:\\\/\\\/biblia.md\\\/shop\\\/cum-e-sa-fii-casatorit-cu-mine\\\/#primaryimage\"},\"image\":{\"@id\":\"https:\\\/\\\/biblia.md\\\/shop\\\/cum-e-sa-fii-casatorit-cu-mine\\\/#primaryimage\"},\"thumbnailUrl\":\"https:\\\/\\\/biblia.md\\\/wp-content\\\/uploads\\\/2026\\\/01\\\/0000000967.jpg\",\"datePublished\":\"2026-01-19T06:35:53+00:00\",\"dateModified\":\"2026-01-21T11:04:52+00:00\",\"breadcrumb\":{\"@id\":\"https:\\\/\\\/biblia.md\\\/shop\\\/cum-e-sa-fii-casatorit-cu-mine\\\/#breadcrumb\"},\"inLanguage\":\"en-US\",\"potentialAction\":[{\"@type\":\"ReadAction\",\"target\":[\"https:\\\/\\\/biblia.md\\\/shop\\\/cum-e-sa-fii-casatorit-cu-mine\\\/\"]}]},{\"@type\":\"ImageObject\",\"inLanguage\":\"en-US\",\"@id\":\"https:\\\/\\\/biblia.md\\\/shop\\\/cum-e-sa-fii-casatorit-cu-mine\\\/#primaryimage\",\"url\":\"https:\\\/\\\/biblia.md\\\/wp-content\\\/uploads\\\/2026\\\/01\\\/0000000967.jpg\",\"contentUrl\":\"https:\\\/\\\/biblia.md\\\/wp-content\\\/uploads\\\/2026\\\/01\\\/0000000967.jpg\",\"width\":600,\"height\":900},{\"@type\":\"BreadcrumbList\",\"@id\":\"https:\\\/\\\/biblia.md\\\/shop\\\/cum-e-sa-fii-casatorit-cu-mine\\\/#breadcrumb\",\"itemListElement\":[{\"@type\":\"ListItem\",\"position\":1,\"name\":\"Prima pagin\u0103\",\"item\":\"https:\\\/\\\/biblia.md\\\/\"},{\"@type\":\"ListItem\",\"position\":2,\"name\":\"Shop\",\"item\":\"https:\\\/\\\/biblia.md\\\/shop\\\/\"},{\"@type\":\"ListItem\",\"position\":3,\"name\":\"Cum e sa fii casatorit cu mine?\"}]},{\"@type\":\"WebSite\",\"@id\":\"https:\\\/\\\/biblia.md\\\/#website\",\"url\":\"https:\\\/\\\/biblia.md\\\/\",\"name\":\"Societatea Biblic\u0103 din Moldova\",\"description\":\"\",\"publisher\":{\"@id\":\"https:\\\/\\\/biblia.md\\\/#organization\"},\"potentialAction\":[{\"@type\":\"SearchAction\",\"target\":{\"@type\":\"EntryPoint\",\"urlTemplate\":\"https:\\\/\\\/biblia.md\\\/?s={search_term_string}\"},\"query-input\":{\"@type\":\"PropertyValueSpecification\",\"valueRequired\":true,\"valueName\":\"search_term_string\"}}],\"inLanguage\":\"en-US\"},{\"@type\":\"Organization\",\"@id\":\"https:\\\/\\\/biblia.md\\\/#organization\",\"name\":\"Societatea Biblic\u0103 din Moldova\",\"url\":\"https:\\\/\\\/biblia.md\\\/\",\"logo\":{\"@type\":\"ImageObject\",\"inLanguage\":\"en-US\",\"@id\":\"https:\\\/\\\/biblia.md\\\/#\\\/schema\\\/logo\\\/image\\\/\",\"url\":\"https:\\\/\\\/biblia.md\\\/wp-content\\\/uploads\\\/2026\\\/01\\\/icon_site.jpg\",\"contentUrl\":\"https:\\\/\\\/biblia.md\\\/wp-content\\\/uploads\\\/2026\\\/01\\\/icon_site.jpg\",\"width\":656,\"height\":656,\"caption\":\"Societatea Biblic\u0103 din Moldova\"},\"image\":{\"@id\":\"https:\\\/\\\/biblia.md\\\/#\\\/schema\\\/logo\\\/image\\\/\"},\"sameAs\":[\"https:\\\/\\\/www.facebook.com\\\/SocietateaBiblicaMoldova\\\/\",\"https:\\\/\\\/www.instagram.com\\\/biblia.md\\\/\"]}]}<\/script>\n<!-- \/ Yoast SEO plugin. -->","yoast_head_json":{"title":"Cum e sa fii casatorit cu mine? - Societatea Biblic\u0103 din Moldova","robots":{"index":"index","follow":"follow","max-snippet":"max-snippet:-1","max-image-preview":"max-image-preview:large","max-video-preview":"max-video-preview:-1"},"canonical":"https:\/\/biblia.md\/en\/shop\/cum-e-sa-fii-casatorit-cu-mine\/","og_locale":"en_US","og_type":"article","og_title":"Cum e sa fii casatorit cu mine? - Societatea Biblic\u0103 din Moldova","og_description":"Nu e ceea ce am visat. Nu se poate s\u0103 am o casnicie mai bun\u0103?  Ba da! Ceea ce vei deveni ca so\u021bie influenteaz\u0103 intimitatea, pasiunea \u0219i bucuria tr\u0103ite \u00een casnicie. Dar cum ajungi unde iti doresti?  In Cum e sa fii casatorit cu mine?, Linda Dillow va provoaca sa va puneti intrebari riscante: Cum e sa fii sotul meu? Cum e sa faca dragoste cu mine? De ce ma incapatanez sa fiu suparata pe el? Extrem de sincera si personala, Linda va dezvaluie cele mai bune si cele mai rele lucruri pe care le-a facut in cei aproape cincizeci de ani de casnicie si va conduce spre inima lui Dumnezeu ca sa aflati cum poate fi casnicia voastra.  Cuprinde un studiu biblic pentru zece sau douasprezece saptamani","og_url":"https:\/\/biblia.md\/en\/shop\/cum-e-sa-fii-casatorit-cu-mine\/","og_site_name":"Societatea Biblic\u0103 din Moldova","article_publisher":"https:\/\/www.facebook.com\/SocietateaBiblicaMoldova\/","article_modified_time":"2026-01-21T11:04:52+00:00","og_image":[{"width":600,"height":900,"url":"https:\/\/biblia.md\/wp-content\/uploads\/2026\/01\/0000000967.jpg","type":"image\/jpeg"}],"twitter_card":"summary_large_image","twitter_misc":{"Est. reading time":"1 minute"},"schema":{"@context":"https:\/\/schema.org","@graph":[{"@type":"WebPage","@id":"https:\/\/biblia.md\/shop\/cum-e-sa-fii-casatorit-cu-mine\/","url":"https:\/\/biblia.md\/shop\/cum-e-sa-fii-casatorit-cu-mine\/","name":"Cum e sa fii casatorit cu mine? - Societatea Biblic\u0103 din Moldova","isPartOf":{"@id":"https:\/\/biblia.md\/#website"},"primaryImageOfPage":{"@id":"https:\/\/biblia.md\/shop\/cum-e-sa-fii-casatorit-cu-mine\/#primaryimage"},"image":{"@id":"https:\/\/biblia.md\/shop\/cum-e-sa-fii-casatorit-cu-mine\/#primaryimage"},"thumbnailUrl":"https:\/\/biblia.md\/wp-content\/uploads\/2026\/01\/0000000967.jpg","datePublished":"2026-01-19T06:35:53+00:00","dateModified":"2026-01-21T11:04:52+00:00","breadcrumb":{"@id":"https:\/\/biblia.md\/shop\/cum-e-sa-fii-casatorit-cu-mine\/#breadcrumb"},"inLanguage":"en-US","potentialAction":[{"@type":"ReadAction","target":["https:\/\/biblia.md\/shop\/cum-e-sa-fii-casatorit-cu-mine\/"]}]},{"@type":"ImageObject","inLanguage":"en-US","@id":"https:\/\/biblia.md\/shop\/cum-e-sa-fii-casatorit-cu-mine\/#primaryimage","url":"https:\/\/biblia.md\/wp-content\/uploads\/2026\/01\/0000000967.jpg","contentUrl":"https:\/\/biblia.md\/wp-content\/uploads\/2026\/01\/0000000967.jpg","width":600,"height":900},{"@type":"BreadcrumbList","@id":"https:\/\/biblia.md\/shop\/cum-e-sa-fii-casatorit-cu-mine\/#breadcrumb","itemListElement":[{"@type":"ListItem","position":1,"name":"Prima pagin\u0103","item":"https:\/\/biblia.md\/"},{"@type":"ListItem","position":2,"name":"Shop","item":"https:\/\/biblia.md\/shop\/"},{"@type":"ListItem","position":3,"name":"Cum e sa fii casatorit cu mine?"}]},{"@type":"WebSite","@id":"https:\/\/biblia.md\/#website","url":"https:\/\/biblia.md\/","name":"Societatea Biblic\u0103 din Moldova","description":"","publisher":{"@id":"https:\/\/biblia.md\/#organization"},"potentialAction":[{"@type":"SearchAction","target":{"@type":"EntryPoint","urlTemplate":"https:\/\/biblia.md\/?s={search_term_string}"},"query-input":{"@type":"PropertyValueSpecification","valueRequired":true,"valueName":"search_term_string"}}],"inLanguage":"en-US"},{"@type":"Organization","@id":"https:\/\/biblia.md\/#organization","name":"Societatea Biblic\u0103 din Moldova","url":"https:\/\/biblia.md\/","logo":{"@type":"ImageObject","inLanguage":"en-US","@id":"https:\/\/biblia.md\/#\/schema\/logo\/image\/","url":"https:\/\/biblia.md\/wp-content\/uploads\/2026\/01\/icon_site.jpg","contentUrl":"https:\/\/biblia.md\/wp-content\/uploads\/2026\/01\/icon_site.jpg","width":656,"height":656,"caption":"Societatea Biblic\u0103 din Moldova"},"image":{"@id":"https:\/\/biblia.md\/#\/schema\/logo\/image\/"},"sameAs":["https:\/\/www.facebook.com\/SocietateaBiblicaMoldova\/","https:\/\/www.instagram.com\/biblia.md\/"]}]}},"_links":{"self":[{"href":"https:\/\/biblia.md\/en\/wp-json\/wp\/v2\/product\/31923","targetHints":{"allow":["GET"]}}],"collection":[{"href":"https:\/\/biblia.md\/en\/wp-json\/wp\/v2\/product"}],"about":[{"href":"https:\/\/biblia.md\/en\/wp-json\/wp\/v2\/types\/product"}],"replies":[{"embeddable":true,"href":"https:\/\/biblia.md\/en\/wp-json\/wp\/v2\/comments?post=31923"}],"version-history":[{"count":1,"href":"https:\/\/biblia.md\/en\/wp-json\/wp\/v2\/product\/31923\/revisions"}],"predecessor-version":[{"id":31925,"href":"https:\/\/biblia.md\/en\/wp-json\/wp\/v2\/product\/31923\/revisions\/31925"}],"wp:featuredmedia":[{"embeddable":true,"href":"https:\/\/biblia.md\/en\/wp-json\/wp\/v2\/media\/31924"}],"wp:attachment":[{"href":"https:\/\/biblia.md\/en\/wp-json\/wp\/v2\/media?parent=31923"}],"wp:term":[{"taxonomy":"product_brand","embeddable":true,"href":"https:\/\/biblia.md\/en\/wp-json\/wp\/v2\/product_brand?post=31923"},{"taxonomy":"product_cat","embeddable":true,"href":"https:\/\/biblia.md\/en\/wp-json\/wp\/v2\/product_cat?post=31923"},{"taxonomy":"product_tag","embeddable":true,"href":"https:\/\/biblia.md\/en\/wp-json\/wp\/v2\/product_tag?post=31923"}],"curies":[{"name":"wp","href":"https:\/\/api.w.org\/{rel}","templated":true}]}}