{"id":32150,"date":"2026-01-19T16:21:36","date_gmt":"2026-01-19T14:21:36","guid":{"rendered":"https:\/\/biblia.md\/?post_type=product&#038;p=32150"},"modified":"2026-01-19T16:22:23","modified_gmt":"2026-01-19T14:22:23","slug":"cum-se-schimba-oamenii","status":"publish","type":"product","link":"https:\/\/biblia.md\/en\/shop\/cum-se-schimba-oamenii\/","title":{"rendered":"Cum se schimba Oamenii"},"content":{"rendered":"","protected":false},"excerpt":{"rendered":"<p>Indiferent de orientarea clinic\u0103 \u015fi de stil, psihoterapia reprezint\u0103 un proces ce se creeaz\u0103 \u00een fiecare moment \u00eentre client \u015fi terapeut. Editat\u0103 de doi psihoterapeu\u0163i, autori \u015fi editori de renume, Daniel J. Siegel \u015fi Marion Solomon,\u00a0Cum se schimb\u0103 oamenii\u00a0exploreaz\u0103 \u00een profunzime complexele resorturi ale ata\u015famentului, creierului, min\u0163ii \u015fi corpului pentru a ne oferi o imagine c\u00e2t mai complet\u0103 a schimb\u0103rii care apare \u00een psihoterapie.<\/p>\n<p>Autorii, ale c\u0103ror scrieri sunt adunate \u00een aceast\u0103 lucrare, baz\u00e2ndu-se pe descoperiri \u015ftiin\u0163ifice de ultim\u0103 or\u0103 din domeniul neuropsihologiei \u015fi al altor \u015ftiin\u0163e ale creierului, au reu\u015fit s\u0103 ne redea, prin formul\u0103ri accesibile \u015fi \u00eentr-un stil fascinant, teoriile personale care informeaz\u0103 practica lor clinic\u0103. Iar rezultatul este un mare tezaur de resurse pentru orice profesionist, care ajut\u0103 la schimbarea \u00een mai bine a oamenilor.<\/p>\n<p>Domeniile vizate de autori pentru a ilustra schimbarea cuprind terapia individual\u0103, lucrul cu copiii, terapia de cuplu \u015fi lucrul cu corpul \u00een psihoterapie.<\/p>","protected":false},"featured_media":32151,"comment_status":"open","ping_status":"closed","template":"","meta":[],"product_brand":[],"product_cat":[377,395,388],"product_tag":[],"class_list":{"0":"post-32150","1":"product","2":"type-product","3":"status-publish","4":"has-post-thumbnail","6":"product_cat-carti","7":"product_cat-pentru-slujitori","8":"product_cat-viata-crestina","9":"product_author-timothy-s-lane-amp-paul-david-tripp","10":"product_genre-knigi-rom","12":"first","13":"instock","14":"shipping-taxable","15":"purchasable","16":"product-type-simple"},"yoast_head":"<!-- This site is optimized with the Yoast SEO plugin v27.3 - https:\/\/yoast.com\/product\/yoast-seo-wordpress\/ -->\n<title>Cum se schimba Oamenii - Societatea Biblic\u0103 din Moldova<\/title>\n<meta name=\"robots\" content=\"index, follow, max-snippet:-1, max-image-preview:large, max-video-preview:-1\" \/>\n<link rel=\"canonical\" href=\"https:\/\/biblia.md\/en\/shop\/cum-se-schimba-oamenii\/\" \/>\n<meta property=\"og:locale\" content=\"en_US\" \/>\n<meta property=\"og:type\" content=\"article\" \/>\n<meta property=\"og:title\" content=\"Cum se schimba Oamenii - Societatea Biblic\u0103 din Moldova\" \/>\n<meta property=\"og:description\" content=\"Indiferent de orientarea clinic\u0103 \u015fi de stil, psihoterapia reprezint\u0103 un proces ce se creeaz\u0103 \u00een fiecare moment \u00eentre client \u015fi terapeut. Editat\u0103 de doi psihoterapeu\u0163i, autori \u015fi editori de renume, Daniel J. Siegel \u015fi Marion Solomon,\u00a0Cum se schimb\u0103 oamenii\u00a0exploreaz\u0103 \u00een profunzime complexele resorturi ale ata\u015famentului, creierului, min\u0163ii \u015fi corpului pentru a ne oferi o imagine c\u00e2t mai complet\u0103 a schimb\u0103rii care apare \u00een psihoterapie.  Autorii, ale c\u0103ror scrieri sunt adunate \u00een aceast\u0103 lucrare, baz\u00e2ndu-se pe descoperiri \u015ftiin\u0163ifice de ultim\u0103 or\u0103 din domeniul neuropsihologiei \u015fi al altor \u015ftiin\u0163e ale creierului, au reu\u015fit s\u0103 ne redea, prin formul\u0103ri accesibile \u015fi \u00eentr-un stil fascinant, teoriile personale care informeaz\u0103 practica lor clinic\u0103. Iar rezultatul este un mare tezaur de resurse pentru orice profesionist, care ajut\u0103 la schimbarea \u00een mai bine a oamenilor.  Domeniile vizate de autori pentru a ilustra schimbarea cuprind terapia individual\u0103, lucrul cu copiii, terapia de cuplu \u015fi lucrul cu corpul \u00een psihoterapie.\" \/>\n<meta property=\"og:url\" content=\"https:\/\/biblia.md\/en\/shop\/cum-se-schimba-oamenii\/\" \/>\n<meta property=\"og:site_name\" content=\"Societatea Biblic\u0103 din Moldova\" \/>\n<meta property=\"article:publisher\" content=\"https:\/\/www.facebook.com\/SocietateaBiblicaMoldova\/\" \/>\n<meta property=\"article:modified_time\" content=\"2026-01-19T14:22:23+00:00\" \/>\n<meta property=\"og:image\" content=\"https:\/\/biblia.md\/wp-content\/uploads\/2026\/01\/0000008278.jpg\" \/>\n\t<meta property=\"og:image:width\" content=\"600\" \/>\n\t<meta property=\"og:image:height\" content=\"900\" \/>\n\t<meta property=\"og:image:type\" content=\"image\/jpeg\" \/>\n<meta name=\"twitter:card\" content=\"summary_large_image\" \/>\n<script type=\"application\/ld+json\" class=\"yoast-schema-graph\">{\"@context\":\"https:\\\/\\\/schema.org\",\"@graph\":[{\"@type\":\"WebPage\",\"@id\":\"https:\\\/\\\/biblia.md\\\/shop\\\/cum-se-schimba-oamenii\\\/\",\"url\":\"https:\\\/\\\/biblia.md\\\/shop\\\/cum-se-schimba-oamenii\\\/\",\"name\":\"Cum se schimba Oamenii - Societatea Biblic\u0103 din Moldova\",\"isPartOf\":{\"@id\":\"https:\\\/\\\/biblia.md\\\/#website\"},\"primaryImageOfPage\":{\"@id\":\"https:\\\/\\\/biblia.md\\\/shop\\\/cum-se-schimba-oamenii\\\/#primaryimage\"},\"image\":{\"@id\":\"https:\\\/\\\/biblia.md\\\/shop\\\/cum-se-schimba-oamenii\\\/#primaryimage\"},\"thumbnailUrl\":\"https:\\\/\\\/biblia.md\\\/wp-content\\\/uploads\\\/2026\\\/01\\\/0000008278.jpg\",\"datePublished\":\"2026-01-19T14:21:36+00:00\",\"dateModified\":\"2026-01-19T14:22:23+00:00\",\"breadcrumb\":{\"@id\":\"https:\\\/\\\/biblia.md\\\/shop\\\/cum-se-schimba-oamenii\\\/#breadcrumb\"},\"inLanguage\":\"en-US\",\"potentialAction\":[{\"@type\":\"ReadAction\",\"target\":[\"https:\\\/\\\/biblia.md\\\/shop\\\/cum-se-schimba-oamenii\\\/\"]}]},{\"@type\":\"ImageObject\",\"inLanguage\":\"en-US\",\"@id\":\"https:\\\/\\\/biblia.md\\\/shop\\\/cum-se-schimba-oamenii\\\/#primaryimage\",\"url\":\"https:\\\/\\\/biblia.md\\\/wp-content\\\/uploads\\\/2026\\\/01\\\/0000008278.jpg\",\"contentUrl\":\"https:\\\/\\\/biblia.md\\\/wp-content\\\/uploads\\\/2026\\\/01\\\/0000008278.jpg\",\"width\":600,\"height\":900},{\"@type\":\"BreadcrumbList\",\"@id\":\"https:\\\/\\\/biblia.md\\\/shop\\\/cum-se-schimba-oamenii\\\/#breadcrumb\",\"itemListElement\":[{\"@type\":\"ListItem\",\"position\":1,\"name\":\"Prima pagin\u0103\",\"item\":\"https:\\\/\\\/biblia.md\\\/\"},{\"@type\":\"ListItem\",\"position\":2,\"name\":\"Shop\",\"item\":\"https:\\\/\\\/biblia.md\\\/shop\\\/\"},{\"@type\":\"ListItem\",\"position\":3,\"name\":\"Cum se schimba Oamenii\"}]},{\"@type\":\"WebSite\",\"@id\":\"https:\\\/\\\/biblia.md\\\/#website\",\"url\":\"https:\\\/\\\/biblia.md\\\/\",\"name\":\"Societatea Biblic\u0103 din Moldova\",\"description\":\"\",\"publisher\":{\"@id\":\"https:\\\/\\\/biblia.md\\\/#organization\"},\"potentialAction\":[{\"@type\":\"SearchAction\",\"target\":{\"@type\":\"EntryPoint\",\"urlTemplate\":\"https:\\\/\\\/biblia.md\\\/?s={search_term_string}\"},\"query-input\":{\"@type\":\"PropertyValueSpecification\",\"valueRequired\":true,\"valueName\":\"search_term_string\"}}],\"inLanguage\":\"en-US\"},{\"@type\":\"Organization\",\"@id\":\"https:\\\/\\\/biblia.md\\\/#organization\",\"name\":\"Societatea Biblic\u0103 din Moldova\",\"url\":\"https:\\\/\\\/biblia.md\\\/\",\"logo\":{\"@type\":\"ImageObject\",\"inLanguage\":\"en-US\",\"@id\":\"https:\\\/\\\/biblia.md\\\/#\\\/schema\\\/logo\\\/image\\\/\",\"url\":\"https:\\\/\\\/biblia.md\\\/wp-content\\\/uploads\\\/2026\\\/01\\\/icon_site.jpg\",\"contentUrl\":\"https:\\\/\\\/biblia.md\\\/wp-content\\\/uploads\\\/2026\\\/01\\\/icon_site.jpg\",\"width\":656,\"height\":656,\"caption\":\"Societatea Biblic\u0103 din Moldova\"},\"image\":{\"@id\":\"https:\\\/\\\/biblia.md\\\/#\\\/schema\\\/logo\\\/image\\\/\"},\"sameAs\":[\"https:\\\/\\\/www.facebook.com\\\/SocietateaBiblicaMoldova\\\/\",\"https:\\\/\\\/www.instagram.com\\\/biblia.md\\\/\"]}]}<\/script>\n<!-- \/ Yoast SEO plugin. -->","yoast_head_json":{"title":"Cum se schimba Oamenii - Societatea Biblic\u0103 din Moldova","robots":{"index":"index","follow":"follow","max-snippet":"max-snippet:-1","max-image-preview":"max-image-preview:large","max-video-preview":"max-video-preview:-1"},"canonical":"https:\/\/biblia.md\/en\/shop\/cum-se-schimba-oamenii\/","og_locale":"en_US","og_type":"article","og_title":"Cum se schimba Oamenii - Societatea Biblic\u0103 din Moldova","og_description":"Indiferent de orientarea clinic\u0103 \u015fi de stil, psihoterapia reprezint\u0103 un proces ce se creeaz\u0103 \u00een fiecare moment \u00eentre client \u015fi terapeut. Editat\u0103 de doi psihoterapeu\u0163i, autori \u015fi editori de renume, Daniel J. Siegel \u015fi Marion Solomon,\u00a0Cum se schimb\u0103 oamenii\u00a0exploreaz\u0103 \u00een profunzime complexele resorturi ale ata\u015famentului, creierului, min\u0163ii \u015fi corpului pentru a ne oferi o imagine c\u00e2t mai complet\u0103 a schimb\u0103rii care apare \u00een psihoterapie.  Autorii, ale c\u0103ror scrieri sunt adunate \u00een aceast\u0103 lucrare, baz\u00e2ndu-se pe descoperiri \u015ftiin\u0163ifice de ultim\u0103 or\u0103 din domeniul neuropsihologiei \u015fi al altor \u015ftiin\u0163e ale creierului, au reu\u015fit s\u0103 ne redea, prin formul\u0103ri accesibile \u015fi \u00eentr-un stil fascinant, teoriile personale care informeaz\u0103 practica lor clinic\u0103. Iar rezultatul este un mare tezaur de resurse pentru orice profesionist, care ajut\u0103 la schimbarea \u00een mai bine a oamenilor.  Domeniile vizate de autori pentru a ilustra schimbarea cuprind terapia individual\u0103, lucrul cu copiii, terapia de cuplu \u015fi lucrul cu corpul \u00een psihoterapie.","og_url":"https:\/\/biblia.md\/en\/shop\/cum-se-schimba-oamenii\/","og_site_name":"Societatea Biblic\u0103 din Moldova","article_publisher":"https:\/\/www.facebook.com\/SocietateaBiblicaMoldova\/","article_modified_time":"2026-01-19T14:22:23+00:00","og_image":[{"width":600,"height":900,"url":"https:\/\/biblia.md\/wp-content\/uploads\/2026\/01\/0000008278.jpg","type":"image\/jpeg"}],"twitter_card":"summary_large_image","schema":{"@context":"https:\/\/schema.org","@graph":[{"@type":"WebPage","@id":"https:\/\/biblia.md\/shop\/cum-se-schimba-oamenii\/","url":"https:\/\/biblia.md\/shop\/cum-se-schimba-oamenii\/","name":"Cum se schimba Oamenii - Societatea Biblic\u0103 din Moldova","isPartOf":{"@id":"https:\/\/biblia.md\/#website"},"primaryImageOfPage":{"@id":"https:\/\/biblia.md\/shop\/cum-se-schimba-oamenii\/#primaryimage"},"image":{"@id":"https:\/\/biblia.md\/shop\/cum-se-schimba-oamenii\/#primaryimage"},"thumbnailUrl":"https:\/\/biblia.md\/wp-content\/uploads\/2026\/01\/0000008278.jpg","datePublished":"2026-01-19T14:21:36+00:00","dateModified":"2026-01-19T14:22:23+00:00","breadcrumb":{"@id":"https:\/\/biblia.md\/shop\/cum-se-schimba-oamenii\/#breadcrumb"},"inLanguage":"en-US","potentialAction":[{"@type":"ReadAction","target":["https:\/\/biblia.md\/shop\/cum-se-schimba-oamenii\/"]}]},{"@type":"ImageObject","inLanguage":"en-US","@id":"https:\/\/biblia.md\/shop\/cum-se-schimba-oamenii\/#primaryimage","url":"https:\/\/biblia.md\/wp-content\/uploads\/2026\/01\/0000008278.jpg","contentUrl":"https:\/\/biblia.md\/wp-content\/uploads\/2026\/01\/0000008278.jpg","width":600,"height":900},{"@type":"BreadcrumbList","@id":"https:\/\/biblia.md\/shop\/cum-se-schimba-oamenii\/#breadcrumb","itemListElement":[{"@type":"ListItem","position":1,"name":"Prima pagin\u0103","item":"https:\/\/biblia.md\/"},{"@type":"ListItem","position":2,"name":"Shop","item":"https:\/\/biblia.md\/shop\/"},{"@type":"ListItem","position":3,"name":"Cum se schimba Oamenii"}]},{"@type":"WebSite","@id":"https:\/\/biblia.md\/#website","url":"https:\/\/biblia.md\/","name":"Societatea Biblic\u0103 din Moldova","description":"","publisher":{"@id":"https:\/\/biblia.md\/#organization"},"potentialAction":[{"@type":"SearchAction","target":{"@type":"EntryPoint","urlTemplate":"https:\/\/biblia.md\/?s={search_term_string}"},"query-input":{"@type":"PropertyValueSpecification","valueRequired":true,"valueName":"search_term_string"}}],"inLanguage":"en-US"},{"@type":"Organization","@id":"https:\/\/biblia.md\/#organization","name":"Societatea Biblic\u0103 din Moldova","url":"https:\/\/biblia.md\/","logo":{"@type":"ImageObject","inLanguage":"en-US","@id":"https:\/\/biblia.md\/#\/schema\/logo\/image\/","url":"https:\/\/biblia.md\/wp-content\/uploads\/2026\/01\/icon_site.jpg","contentUrl":"https:\/\/biblia.md\/wp-content\/uploads\/2026\/01\/icon_site.jpg","width":656,"height":656,"caption":"Societatea Biblic\u0103 din Moldova"},"image":{"@id":"https:\/\/biblia.md\/#\/schema\/logo\/image\/"},"sameAs":["https:\/\/www.facebook.com\/SocietateaBiblicaMoldova\/","https:\/\/www.instagram.com\/biblia.md\/"]}]}},"_links":{"self":[{"href":"https:\/\/biblia.md\/en\/wp-json\/wp\/v2\/product\/32150","targetHints":{"allow":["GET"]}}],"collection":[{"href":"https:\/\/biblia.md\/en\/wp-json\/wp\/v2\/product"}],"about":[{"href":"https:\/\/biblia.md\/en\/wp-json\/wp\/v2\/types\/product"}],"replies":[{"embeddable":true,"href":"https:\/\/biblia.md\/en\/wp-json\/wp\/v2\/comments?post=32150"}],"version-history":[{"count":2,"href":"https:\/\/biblia.md\/en\/wp-json\/wp\/v2\/product\/32150\/revisions"}],"predecessor-version":[{"id":32153,"href":"https:\/\/biblia.md\/en\/wp-json\/wp\/v2\/product\/32150\/revisions\/32153"}],"wp:featuredmedia":[{"embeddable":true,"href":"https:\/\/biblia.md\/en\/wp-json\/wp\/v2\/media\/32151"}],"wp:attachment":[{"href":"https:\/\/biblia.md\/en\/wp-json\/wp\/v2\/media?parent=32150"}],"wp:term":[{"taxonomy":"product_brand","embeddable":true,"href":"https:\/\/biblia.md\/en\/wp-json\/wp\/v2\/product_brand?post=32150"},{"taxonomy":"product_cat","embeddable":true,"href":"https:\/\/biblia.md\/en\/wp-json\/wp\/v2\/product_cat?post=32150"},{"taxonomy":"product_tag","embeddable":true,"href":"https:\/\/biblia.md\/en\/wp-json\/wp\/v2\/product_tag?post=32150"}],"curies":[{"name":"wp","href":"https:\/\/api.w.org\/{rel}","templated":true}]}}