{"id":32427,"date":"2026-01-20T13:55:15","date_gmt":"2026-01-20T11:55:15","guid":{"rendered":"https:\/\/biblia.md\/?post_type=product&#038;p=32427"},"modified":"2026-01-20T13:57:39","modified_gmt":"2026-01-20T11:57:39","slug":"de-moda-veche-cum-sa-gasesti-dragostea-care-dainuie-atunci-cand-cultura-intalnirilor-s-a-schimbat","status":"publish","type":"product","link":"https:\/\/biblia.md\/en\/shop\/de-moda-veche-cum-sa-gasesti-dragostea-care-dainuie-atunci-cand-cultura-intalnirilor-s-a-schimbat\/","title":{"rendered":"De moda veche &#8211; Cum s\u0103 g\u0103se\u0219ti dragostea care d\u0103inuie atunci c\u00e2nd cultura \u00eent\u00e2lnirilor s-a schimbat"},"content":{"rendered":"<p><strong>Cuprins<\/strong><\/p>\n<p>Introducere<\/p>\n<p>PARTEA \u00ceNT\u00c2I: DE CE MERGEM LA \u00ceNT\u00c2LNIRI<br \/>\n1. Mersul la \u00eent\u00e2lniri de dragul distrac\u021biei<br \/>\n2. Celibatul este o problem\u0103 care trebuie rezolvat\u0103<\/p>\n<p>PARTEA A DOUA: CU CINE MERGEM LA \u00ceNT\u00c2LNIRI<br \/>\n3. Alesul<br \/>\n4. Dragoste la prima vedere<br \/>\n5. Dragostea este un sentiment<br \/>\n6. O pereche perfect\u0103<\/p>\n<p>PARTEA A TREIA: CUM IE\u0218IM LA \u00ceNT\u00c2LNIRI<br \/>\n7. Cu dou\u0103 fe\u021be<br \/>\n8. F\u0103r\u0103 obliga\u021bii<br \/>\n9. \u00cenainte s\u0103 cumperi, \u00eencearc\u0103<br \/>\n10. Desp\u0103r\u021birea este grea<br \/>\n11. \u0218tii atunci c\u00e2nd \u0219tii<br \/>\n12. Ferici\u021bi p\u00e2n\u0103 la ad\u00e2nci b\u0103tr\u00e2ne\u021bi<\/p>\n<p>Note<br \/>\nDespre autor<\/p>\n<p>\u201eTotul s-a schimbat \u00een cultura \u00eent\u00e2lnirilor, \u0219i nu este o alt\u0103 persoan\u0103 \u00een care s\u0103 am mai mult\u0103 \u00eencredere c\u0103 te va ajuta s\u0103 navighezi pe aceste ape tulburi dec\u00e2t JP! El este liderul viitoarei genera\u021bii.\u201c<\/p>\n<p>\u2014Annie F. Downs, autoarea multipremiat\u0103 New York Times a c\u0103r\u021bii\u00a0<em>Elibereaz\u0103-te de g\u00e2ndurile toxice<\/em><\/p>\n<p>\u201e\u00cent\u00e2lnirile moderne produc durere, duc la probleme \u0219i provoac\u0103 mult\u0103 confu-zie \u0219i frustrare. \u00cen cartea\u00a0<em>De mod\u0103 veche<\/em>, JP ne relev\u0103 faptul c\u0103 Biblia este plin\u0103 de principii \u00een\u021belepte pe care, dac\u0103 le aplici, vei avea parte de o bucurie incredibil\u0103 la \u00eent\u00e2lniri \u2013 \u0219i de o dragoste care va d\u0103inui toat\u0103 via\u021ba.\u201c<\/p>\n<p>\u2014Kyle Idleman, autorul c\u0103r\u021bilor<em>\u00a0Doar Fan?<\/em>\u00a0\u0219i\u00a0<em>Don\u2019t Give Up<\/em><\/p>\n<p><strong>Jonathan \u201eJP\u201c Pokluda<\/strong>\u00a0este pastorul Bisericii Harris Creek din Waco, Texas, \u0219i fost lider al mi\u0219c\u0103rii The Porch, unde a v\u0103zut cum lucrarea aceasta a crescut la mai mult de \u0219apte mii de tineri adul\u021bi. Este totodat\u0103 autorul bestseller-ului\u00a0<em>Welcome to Adulting<\/em>, precum \u0219i a c\u0103r\u021bilor\u00a0<em>Welcome to Adulting Survival Guide<\/em>\u00a0\u0219i\u00a0<em>Welcoming the Future Church<\/em>. Pokluda este so\u021bul Monic\u0103i \u0219i tat\u0103l celor trei copii ai lor.<\/p>","protected":false},"excerpt":{"rendered":"<p style=\"text-align: center\"><strong>E\u0219ti gata s\u0103 renun\u021bi la modul lumii de a ie\u0219i la \u00eent\u00e2lniri \u0219i s\u0103 adop\u021bi modelul care chiar func\u021bioneaz\u0103?<\/strong><\/p>\n<p style=\"text-align: left\">To\u021bi ne dorim s\u0103 fim iubi\u021bi \u2013 s\u0103 g\u0103sim pe cineva care s\u0103 ne fie al\u0103turi de-a lungul sui\u0219urilor \u0219i cobor\u00e2\u0219urilor vie\u021bii, cineva care s\u0103 fie \u201ede curs\u0103 lung\u0103\u201c \u00een lupta vie\u021bii. Dar \u00eentr-o lume \u00een care \u00eent\u00e2lnirile se bazeaz\u0103 aproape \u00een totalitate pe decizii spontane \u0219i tind mai degrab\u0103 doar spre rela\u021bii de ocazie dec\u00e2t spre c\u0103s\u0103torie, e u\u0219or s\u0103 te sim\u021bi descurajat, folosit sau nedemn de dragoste adev\u0103rat\u0103 \u0219i afec\u021biune trainic\u0103.<br \/>\nJonathan \u201eJP\u201c Pokluda a consiliat mii de tineri nec\u0103s\u0103tori\u021bi marca\u021bi de durerea \u0219i dezam\u0103girea de a fi ie\u0219it la \u00eent\u00e2lniri dup\u0103 moda lumii. \u00cen cartea aceasta el d\u0103r\u00e2m\u0103 miturile, percep\u021biile gre\u0219ite \u0219i basmele pe care le-ai crezut cu privire la \u00eent\u00e2lniri \u0219i pune \u00een locul lor adev\u0103rul Aceluia care a conceput c\u0103s\u0103toria, care te-a creat s\u0103 t\u00e2nje\u0219ti dup\u0103 rela\u021bii autentice \u0219i care este \u00eensu\u0219i \u00eentruchiparea dragostei adev\u0103rate. Cu o mul\u021bime de relat\u0103ri despre rela\u021bii vindecate \u0219i g\u0103sirea dragostei adev\u0103rate, aceast\u0103 carte explic\u0103 scopurile lui Dumnezeu pentru celibat, \u00eent\u00e2lniri \u0219i c\u0103s\u0103torie \u0219i discut\u0103 motivul pentru care ar trebui s\u0103 mergi la \u00eent\u00e2lniri, cu cine s\u0103 mergi la \u00eent\u00e2lniri \u0219i cum s\u0103 mergi la \u00eent\u00e2lniri.<\/p>","protected":false},"featured_media":32429,"comment_status":"open","ping_status":"closed","template":"","meta":[],"product_brand":[],"product_cat":[387,377,397],"product_tag":[],"class_list":{"0":"post-32427","1":"product","2":"type-product","3":"status-publish","4":"has-post-thumbnail","6":"product_cat-adolescenti-tineri","7":"product_cat-carti","8":"product_cat-casatorie-familie","9":"product_author-jonathan-pokluda-amp-kevin-mcconaghy","10":"product_genre-knigi-rom","12":"first","13":"instock","14":"shipping-taxable","15":"purchasable","16":"product-type-simple"},"yoast_head":"<!-- This site is optimized with the Yoast SEO plugin v27.3 - https:\/\/yoast.com\/product\/yoast-seo-wordpress\/ -->\n<title>De moda veche - Cum s\u0103 g\u0103se\u0219ti dragostea care d\u0103inuie atunci c\u00e2nd cultura \u00eent\u00e2lnirilor s-a schimbat - Societatea Biblic\u0103 din Moldova<\/title>\n<meta name=\"robots\" content=\"index, follow, max-snippet:-1, max-image-preview:large, max-video-preview:-1\" \/>\n<link rel=\"canonical\" href=\"https:\/\/biblia.md\/en\/shop\/de-moda-veche-cum-sa-gasesti-dragostea-care-dainuie-atunci-cand-cultura-intalnirilor-s-a-schimbat\/\" \/>\n<meta property=\"og:locale\" content=\"en_US\" \/>\n<meta property=\"og:type\" content=\"article\" \/>\n<meta property=\"og:title\" content=\"De moda veche - Cum s\u0103 g\u0103se\u0219ti dragostea care d\u0103inuie atunci c\u00e2nd cultura \u00eent\u00e2lnirilor s-a schimbat - Societatea Biblic\u0103 din Moldova\" \/>\n<meta property=\"og:description\" content=\"E\u0219ti gata s\u0103 renun\u021bi la modul lumii de a ie\u0219i la \u00eent\u00e2lniri \u0219i s\u0103 adop\u021bi modelul care chiar func\u021bioneaz\u0103? To\u021bi ne dorim s\u0103 fim iubi\u021bi \u2013 s\u0103 g\u0103sim pe cineva care s\u0103 ne fie al\u0103turi de-a lungul sui\u0219urilor \u0219i cobor\u00e2\u0219urilor vie\u021bii, cineva care s\u0103 fie \u201ede curs\u0103 lung\u0103\u201c \u00een lupta vie\u021bii. Dar \u00eentr-o lume \u00een care \u00eent\u00e2lnirile se bazeaz\u0103 aproape \u00een totalitate pe decizii spontane \u0219i tind mai degrab\u0103 doar spre rela\u021bii de ocazie dec\u00e2t spre c\u0103s\u0103torie, e u\u0219or s\u0103 te sim\u021bi descurajat, folosit sau nedemn de dragoste adev\u0103rat\u0103 \u0219i afec\u021biune trainic\u0103. Jonathan \u201eJP\u201c Pokluda a consiliat mii de tineri nec\u0103s\u0103tori\u021bi marca\u021bi de durerea \u0219i dezam\u0103girea de a fi ie\u0219it la \u00eent\u00e2lniri dup\u0103 moda lumii. \u00cen cartea aceasta el d\u0103r\u00e2m\u0103 miturile, percep\u021biile gre\u0219ite \u0219i basmele pe care le-ai crezut cu privire la \u00eent\u00e2lniri \u0219i pune \u00een locul lor adev\u0103rul Aceluia care a conceput c\u0103s\u0103toria, care te-a creat s\u0103 t\u00e2nje\u0219ti dup\u0103 rela\u021bii autentice \u0219i care este \u00eensu\u0219i \u00eentruchiparea dragostei adev\u0103rate. Cu o mul\u021bime de relat\u0103ri despre rela\u021bii vindecate \u0219i g\u0103sirea dragostei adev\u0103rate, aceast\u0103 carte explic\u0103 scopurile lui Dumnezeu pentru celibat, \u00eent\u00e2lniri \u0219i c\u0103s\u0103torie \u0219i discut\u0103 motivul pentru care ar trebui s\u0103 mergi la \u00eent\u00e2lniri, cu cine s\u0103 mergi la \u00eent\u00e2lniri \u0219i cum s\u0103 mergi la \u00eent\u00e2lniri.\" \/>\n<meta property=\"og:url\" content=\"https:\/\/biblia.md\/en\/shop\/de-moda-veche-cum-sa-gasesti-dragostea-care-dainuie-atunci-cand-cultura-intalnirilor-s-a-schimbat\/\" \/>\n<meta property=\"og:site_name\" content=\"Societatea Biblic\u0103 din Moldova\" \/>\n<meta property=\"article:publisher\" content=\"https:\/\/www.facebook.com\/SocietateaBiblicaMoldova\/\" \/>\n<meta property=\"article:modified_time\" content=\"2026-01-20T11:57:39+00:00\" \/>\n<meta property=\"og:image\" content=\"https:\/\/biblia.md\/wp-content\/uploads\/2026\/01\/0000008328.jpg\" \/>\n\t<meta property=\"og:image:width\" content=\"492\" \/>\n\t<meta property=\"og:image:height\" content=\"700\" \/>\n\t<meta property=\"og:image:type\" content=\"image\/jpeg\" \/>\n<meta name=\"twitter:card\" content=\"summary_large_image\" \/>\n<meta name=\"twitter:label1\" content=\"Est. reading time\" \/>\n\t<meta name=\"twitter:data1\" content=\"1 minute\" \/>\n<script type=\"application\/ld+json\" class=\"yoast-schema-graph\">{\"@context\":\"https:\\\/\\\/schema.org\",\"@graph\":[{\"@type\":\"WebPage\",\"@id\":\"https:\\\/\\\/biblia.md\\\/shop\\\/de-moda-veche-cum-sa-gasesti-dragostea-care-dainuie-atunci-cand-cultura-intalnirilor-s-a-schimbat\\\/\",\"url\":\"https:\\\/\\\/biblia.md\\\/shop\\\/de-moda-veche-cum-sa-gasesti-dragostea-care-dainuie-atunci-cand-cultura-intalnirilor-s-a-schimbat\\\/\",\"name\":\"De moda veche - Cum s\u0103 g\u0103se\u0219ti dragostea care d\u0103inuie atunci c\u00e2nd cultura \u00eent\u00e2lnirilor s-a schimbat - Societatea Biblic\u0103 din Moldova\",\"isPartOf\":{\"@id\":\"https:\\\/\\\/biblia.md\\\/#website\"},\"primaryImageOfPage\":{\"@id\":\"https:\\\/\\\/biblia.md\\\/shop\\\/de-moda-veche-cum-sa-gasesti-dragostea-care-dainuie-atunci-cand-cultura-intalnirilor-s-a-schimbat\\\/#primaryimage\"},\"image\":{\"@id\":\"https:\\\/\\\/biblia.md\\\/shop\\\/de-moda-veche-cum-sa-gasesti-dragostea-care-dainuie-atunci-cand-cultura-intalnirilor-s-a-schimbat\\\/#primaryimage\"},\"thumbnailUrl\":\"https:\\\/\\\/biblia.md\\\/wp-content\\\/uploads\\\/2026\\\/01\\\/0000008328.jpg\",\"datePublished\":\"2026-01-20T11:55:15+00:00\",\"dateModified\":\"2026-01-20T11:57:39+00:00\",\"breadcrumb\":{\"@id\":\"https:\\\/\\\/biblia.md\\\/shop\\\/de-moda-veche-cum-sa-gasesti-dragostea-care-dainuie-atunci-cand-cultura-intalnirilor-s-a-schimbat\\\/#breadcrumb\"},\"inLanguage\":\"en-US\",\"potentialAction\":[{\"@type\":\"ReadAction\",\"target\":[\"https:\\\/\\\/biblia.md\\\/shop\\\/de-moda-veche-cum-sa-gasesti-dragostea-care-dainuie-atunci-cand-cultura-intalnirilor-s-a-schimbat\\\/\"]}]},{\"@type\":\"ImageObject\",\"inLanguage\":\"en-US\",\"@id\":\"https:\\\/\\\/biblia.md\\\/shop\\\/de-moda-veche-cum-sa-gasesti-dragostea-care-dainuie-atunci-cand-cultura-intalnirilor-s-a-schimbat\\\/#primaryimage\",\"url\":\"https:\\\/\\\/biblia.md\\\/wp-content\\\/uploads\\\/2026\\\/01\\\/0000008328.jpg\",\"contentUrl\":\"https:\\\/\\\/biblia.md\\\/wp-content\\\/uploads\\\/2026\\\/01\\\/0000008328.jpg\",\"width\":492,\"height\":700},{\"@type\":\"BreadcrumbList\",\"@id\":\"https:\\\/\\\/biblia.md\\\/shop\\\/de-moda-veche-cum-sa-gasesti-dragostea-care-dainuie-atunci-cand-cultura-intalnirilor-s-a-schimbat\\\/#breadcrumb\",\"itemListElement\":[{\"@type\":\"ListItem\",\"position\":1,\"name\":\"Prima pagin\u0103\",\"item\":\"https:\\\/\\\/biblia.md\\\/\"},{\"@type\":\"ListItem\",\"position\":2,\"name\":\"Shop\",\"item\":\"https:\\\/\\\/biblia.md\\\/shop\\\/\"},{\"@type\":\"ListItem\",\"position\":3,\"name\":\"De moda veche &#8211; Cum s\u0103 g\u0103se\u0219ti dragostea care d\u0103inuie atunci c\u00e2nd cultura \u00eent\u00e2lnirilor s-a schimbat\"}]},{\"@type\":\"WebSite\",\"@id\":\"https:\\\/\\\/biblia.md\\\/#website\",\"url\":\"https:\\\/\\\/biblia.md\\\/\",\"name\":\"Societatea Biblic\u0103 din Moldova\",\"description\":\"\",\"publisher\":{\"@id\":\"https:\\\/\\\/biblia.md\\\/#organization\"},\"potentialAction\":[{\"@type\":\"SearchAction\",\"target\":{\"@type\":\"EntryPoint\",\"urlTemplate\":\"https:\\\/\\\/biblia.md\\\/?s={search_term_string}\"},\"query-input\":{\"@type\":\"PropertyValueSpecification\",\"valueRequired\":true,\"valueName\":\"search_term_string\"}}],\"inLanguage\":\"en-US\"},{\"@type\":\"Organization\",\"@id\":\"https:\\\/\\\/biblia.md\\\/#organization\",\"name\":\"Societatea Biblic\u0103 din Moldova\",\"url\":\"https:\\\/\\\/biblia.md\\\/\",\"logo\":{\"@type\":\"ImageObject\",\"inLanguage\":\"en-US\",\"@id\":\"https:\\\/\\\/biblia.md\\\/#\\\/schema\\\/logo\\\/image\\\/\",\"url\":\"https:\\\/\\\/biblia.md\\\/wp-content\\\/uploads\\\/2026\\\/01\\\/icon_site.jpg\",\"contentUrl\":\"https:\\\/\\\/biblia.md\\\/wp-content\\\/uploads\\\/2026\\\/01\\\/icon_site.jpg\",\"width\":656,\"height\":656,\"caption\":\"Societatea Biblic\u0103 din Moldova\"},\"image\":{\"@id\":\"https:\\\/\\\/biblia.md\\\/#\\\/schema\\\/logo\\\/image\\\/\"},\"sameAs\":[\"https:\\\/\\\/www.facebook.com\\\/SocietateaBiblicaMoldova\\\/\",\"https:\\\/\\\/www.instagram.com\\\/biblia.md\\\/\"]}]}<\/script>\n<!-- \/ Yoast SEO plugin. -->","yoast_head_json":{"title":"De moda veche - Cum s\u0103 g\u0103se\u0219ti dragostea care d\u0103inuie atunci c\u00e2nd cultura \u00eent\u00e2lnirilor s-a schimbat - Societatea Biblic\u0103 din Moldova","robots":{"index":"index","follow":"follow","max-snippet":"max-snippet:-1","max-image-preview":"max-image-preview:large","max-video-preview":"max-video-preview:-1"},"canonical":"https:\/\/biblia.md\/en\/shop\/de-moda-veche-cum-sa-gasesti-dragostea-care-dainuie-atunci-cand-cultura-intalnirilor-s-a-schimbat\/","og_locale":"en_US","og_type":"article","og_title":"De moda veche - Cum s\u0103 g\u0103se\u0219ti dragostea care d\u0103inuie atunci c\u00e2nd cultura \u00eent\u00e2lnirilor s-a schimbat - Societatea Biblic\u0103 din Moldova","og_description":"E\u0219ti gata s\u0103 renun\u021bi la modul lumii de a ie\u0219i la \u00eent\u00e2lniri \u0219i s\u0103 adop\u021bi modelul care chiar func\u021bioneaz\u0103? To\u021bi ne dorim s\u0103 fim iubi\u021bi \u2013 s\u0103 g\u0103sim pe cineva care s\u0103 ne fie al\u0103turi de-a lungul sui\u0219urilor \u0219i cobor\u00e2\u0219urilor vie\u021bii, cineva care s\u0103 fie \u201ede curs\u0103 lung\u0103\u201c \u00een lupta vie\u021bii. Dar \u00eentr-o lume \u00een care \u00eent\u00e2lnirile se bazeaz\u0103 aproape \u00een totalitate pe decizii spontane \u0219i tind mai degrab\u0103 doar spre rela\u021bii de ocazie dec\u00e2t spre c\u0103s\u0103torie, e u\u0219or s\u0103 te sim\u021bi descurajat, folosit sau nedemn de dragoste adev\u0103rat\u0103 \u0219i afec\u021biune trainic\u0103. Jonathan \u201eJP\u201c Pokluda a consiliat mii de tineri nec\u0103s\u0103tori\u021bi marca\u021bi de durerea \u0219i dezam\u0103girea de a fi ie\u0219it la \u00eent\u00e2lniri dup\u0103 moda lumii. \u00cen cartea aceasta el d\u0103r\u00e2m\u0103 miturile, percep\u021biile gre\u0219ite \u0219i basmele pe care le-ai crezut cu privire la \u00eent\u00e2lniri \u0219i pune \u00een locul lor adev\u0103rul Aceluia care a conceput c\u0103s\u0103toria, care te-a creat s\u0103 t\u00e2nje\u0219ti dup\u0103 rela\u021bii autentice \u0219i care este \u00eensu\u0219i \u00eentruchiparea dragostei adev\u0103rate. Cu o mul\u021bime de relat\u0103ri despre rela\u021bii vindecate \u0219i g\u0103sirea dragostei adev\u0103rate, aceast\u0103 carte explic\u0103 scopurile lui Dumnezeu pentru celibat, \u00eent\u00e2lniri \u0219i c\u0103s\u0103torie \u0219i discut\u0103 motivul pentru care ar trebui s\u0103 mergi la \u00eent\u00e2lniri, cu cine s\u0103 mergi la \u00eent\u00e2lniri \u0219i cum s\u0103 mergi la \u00eent\u00e2lniri.","og_url":"https:\/\/biblia.md\/en\/shop\/de-moda-veche-cum-sa-gasesti-dragostea-care-dainuie-atunci-cand-cultura-intalnirilor-s-a-schimbat\/","og_site_name":"Societatea Biblic\u0103 din Moldova","article_publisher":"https:\/\/www.facebook.com\/SocietateaBiblicaMoldova\/","article_modified_time":"2026-01-20T11:57:39+00:00","og_image":[{"width":492,"height":700,"url":"https:\/\/biblia.md\/wp-content\/uploads\/2026\/01\/0000008328.jpg","type":"image\/jpeg"}],"twitter_card":"summary_large_image","twitter_misc":{"Est. reading time":"1 minute"},"schema":{"@context":"https:\/\/schema.org","@graph":[{"@type":"WebPage","@id":"https:\/\/biblia.md\/shop\/de-moda-veche-cum-sa-gasesti-dragostea-care-dainuie-atunci-cand-cultura-intalnirilor-s-a-schimbat\/","url":"https:\/\/biblia.md\/shop\/de-moda-veche-cum-sa-gasesti-dragostea-care-dainuie-atunci-cand-cultura-intalnirilor-s-a-schimbat\/","name":"De moda veche - Cum s\u0103 g\u0103se\u0219ti dragostea care d\u0103inuie atunci c\u00e2nd cultura \u00eent\u00e2lnirilor s-a schimbat - Societatea Biblic\u0103 din Moldova","isPartOf":{"@id":"https:\/\/biblia.md\/#website"},"primaryImageOfPage":{"@id":"https:\/\/biblia.md\/shop\/de-moda-veche-cum-sa-gasesti-dragostea-care-dainuie-atunci-cand-cultura-intalnirilor-s-a-schimbat\/#primaryimage"},"image":{"@id":"https:\/\/biblia.md\/shop\/de-moda-veche-cum-sa-gasesti-dragostea-care-dainuie-atunci-cand-cultura-intalnirilor-s-a-schimbat\/#primaryimage"},"thumbnailUrl":"https:\/\/biblia.md\/wp-content\/uploads\/2026\/01\/0000008328.jpg","datePublished":"2026-01-20T11:55:15+00:00","dateModified":"2026-01-20T11:57:39+00:00","breadcrumb":{"@id":"https:\/\/biblia.md\/shop\/de-moda-veche-cum-sa-gasesti-dragostea-care-dainuie-atunci-cand-cultura-intalnirilor-s-a-schimbat\/#breadcrumb"},"inLanguage":"en-US","potentialAction":[{"@type":"ReadAction","target":["https:\/\/biblia.md\/shop\/de-moda-veche-cum-sa-gasesti-dragostea-care-dainuie-atunci-cand-cultura-intalnirilor-s-a-schimbat\/"]}]},{"@type":"ImageObject","inLanguage":"en-US","@id":"https:\/\/biblia.md\/shop\/de-moda-veche-cum-sa-gasesti-dragostea-care-dainuie-atunci-cand-cultura-intalnirilor-s-a-schimbat\/#primaryimage","url":"https:\/\/biblia.md\/wp-content\/uploads\/2026\/01\/0000008328.jpg","contentUrl":"https:\/\/biblia.md\/wp-content\/uploads\/2026\/01\/0000008328.jpg","width":492,"height":700},{"@type":"BreadcrumbList","@id":"https:\/\/biblia.md\/shop\/de-moda-veche-cum-sa-gasesti-dragostea-care-dainuie-atunci-cand-cultura-intalnirilor-s-a-schimbat\/#breadcrumb","itemListElement":[{"@type":"ListItem","position":1,"name":"Prima pagin\u0103","item":"https:\/\/biblia.md\/"},{"@type":"ListItem","position":2,"name":"Shop","item":"https:\/\/biblia.md\/shop\/"},{"@type":"ListItem","position":3,"name":"De moda veche &#8211; Cum s\u0103 g\u0103se\u0219ti dragostea care d\u0103inuie atunci c\u00e2nd cultura \u00eent\u00e2lnirilor s-a schimbat"}]},{"@type":"WebSite","@id":"https:\/\/biblia.md\/#website","url":"https:\/\/biblia.md\/","name":"Societatea Biblic\u0103 din Moldova","description":"","publisher":{"@id":"https:\/\/biblia.md\/#organization"},"potentialAction":[{"@type":"SearchAction","target":{"@type":"EntryPoint","urlTemplate":"https:\/\/biblia.md\/?s={search_term_string}"},"query-input":{"@type":"PropertyValueSpecification","valueRequired":true,"valueName":"search_term_string"}}],"inLanguage":"en-US"},{"@type":"Organization","@id":"https:\/\/biblia.md\/#organization","name":"Societatea Biblic\u0103 din Moldova","url":"https:\/\/biblia.md\/","logo":{"@type":"ImageObject","inLanguage":"en-US","@id":"https:\/\/biblia.md\/#\/schema\/logo\/image\/","url":"https:\/\/biblia.md\/wp-content\/uploads\/2026\/01\/icon_site.jpg","contentUrl":"https:\/\/biblia.md\/wp-content\/uploads\/2026\/01\/icon_site.jpg","width":656,"height":656,"caption":"Societatea Biblic\u0103 din Moldova"},"image":{"@id":"https:\/\/biblia.md\/#\/schema\/logo\/image\/"},"sameAs":["https:\/\/www.facebook.com\/SocietateaBiblicaMoldova\/","https:\/\/www.instagram.com\/biblia.md\/"]}]}},"_links":{"self":[{"href":"https:\/\/biblia.md\/en\/wp-json\/wp\/v2\/product\/32427","targetHints":{"allow":["GET"]}}],"collection":[{"href":"https:\/\/biblia.md\/en\/wp-json\/wp\/v2\/product"}],"about":[{"href":"https:\/\/biblia.md\/en\/wp-json\/wp\/v2\/types\/product"}],"replies":[{"embeddable":true,"href":"https:\/\/biblia.md\/en\/wp-json\/wp\/v2\/comments?post=32427"}],"version-history":[{"count":1,"href":"https:\/\/biblia.md\/en\/wp-json\/wp\/v2\/product\/32427\/revisions"}],"predecessor-version":[{"id":32430,"href":"https:\/\/biblia.md\/en\/wp-json\/wp\/v2\/product\/32427\/revisions\/32430"}],"wp:featuredmedia":[{"embeddable":true,"href":"https:\/\/biblia.md\/en\/wp-json\/wp\/v2\/media\/32429"}],"wp:attachment":[{"href":"https:\/\/biblia.md\/en\/wp-json\/wp\/v2\/media?parent=32427"}],"wp:term":[{"taxonomy":"product_brand","embeddable":true,"href":"https:\/\/biblia.md\/en\/wp-json\/wp\/v2\/product_brand?post=32427"},{"taxonomy":"product_cat","embeddable":true,"href":"https:\/\/biblia.md\/en\/wp-json\/wp\/v2\/product_cat?post=32427"},{"taxonomy":"product_tag","embeddable":true,"href":"https:\/\/biblia.md\/en\/wp-json\/wp\/v2\/product_tag?post=32427"}],"curies":[{"name":"wp","href":"https:\/\/api.w.org\/{rel}","templated":true}]}}