{"id":32457,"date":"2026-01-20T14:29:59","date_gmt":"2026-01-20T12:29:59","guid":{"rendered":"https:\/\/biblia.md\/?post_type=product&#038;p=32457"},"modified":"2026-01-20T14:29:59","modified_gmt":"2026-01-20T12:29:59","slug":"lasa-poporul-meu-sa-plece","status":"publish","type":"product","link":"https:\/\/biblia.md\/en\/shop\/lasa-poporul-meu-sa-plece\/","title":{"rendered":"Las\u0103 Poporul Meu S\u0103 Plece!"},"content":{"rendered":"<p>Lasa poporul meu sa plece! Zece urgii in Tara Faraonilor este o repovestire a intamplarilor din cartea Exodul. Istoria bine cunoscuta, care aduce in prim-plan cele 10 plagi trimise de Dumnezeu asupra Egiptului pentru a-l convinge pe faraon sa elibereze poporul evreu din sclavie, este vazuta de aceasta data prin ochii unui baiat de 13 ani.<\/p>\n<p>Mesac, personajul principal al cartii, este martorul unei seri de evenimente care schimba viata poporului lui Dumnezeu. Urgiile care lovesc Egiptul, rand pe rand, ridica in mintea baiatului o multime de intrebari. Pe masura ce descopera raspunsul la framantarile sale, Mesac devine din ce ince mai constient de iubirea lui Dumnezeu fata de poporul Sau.<\/p>","protected":false},"excerpt":{"rendered":"<p>Lasa poporul meu sa plece! Zece urgii in Tara Faraonilor este o repovestire a intamplarilor din cartea Exodul. Istoria bine cunoscuta, care aduce in prim-plan cele 10 plagi trimise de Dumnezeu asupra Egiptului pentru a-l convinge pe faraon sa elibereze poporul evreu din sclavie, este vazuta de aceasta data prin ochii unui baiat de 13 ani.<\/p>\n<p>Mesac, personajul principal al cartii, este martorul unei seri de evenimente care schimba viata poporului lui Dumnezeu. Urgiile care lovesc Egiptul, rand pe rand, ridica in mintea baiatului o multime de intrebari. Pe masura ce descopera raspunsul la framantarile sale, Mesac devine din ce ince mai constient de iubirea lui Dumnezeu fata de poporul Sau.<\/p>","protected":false},"featured_media":32458,"comment_status":"open","ping_status":"closed","template":"","meta":[],"product_brand":[],"product_cat":[149,364],"product_tag":[],"class_list":{"0":"post-32457","1":"product","2":"type-product","3":"status-publish","4":"has-post-thumbnail","6":"product_cat-copii","7":"product_cat-povestiri","8":"product_author-bradley-booth","9":"product_genre-knigi-rom","11":"first","12":"instock","13":"shipping-taxable","14":"purchasable","15":"product-type-simple"},"yoast_head":"<!-- This site is optimized with the Yoast SEO plugin v27.3 - https:\/\/yoast.com\/product\/yoast-seo-wordpress\/ -->\n<title>Las\u0103 Poporul Meu S\u0103 Plece! - Societatea Biblic\u0103 din Moldova<\/title>\n<meta name=\"robots\" content=\"index, follow, max-snippet:-1, max-image-preview:large, max-video-preview:-1\" \/>\n<link rel=\"canonical\" href=\"https:\/\/biblia.md\/en\/shop\/lasa-poporul-meu-sa-plece\/\" \/>\n<meta property=\"og:locale\" content=\"en_US\" \/>\n<meta property=\"og:type\" content=\"article\" \/>\n<meta property=\"og:title\" content=\"Las\u0103 Poporul Meu S\u0103 Plece! - Societatea Biblic\u0103 din Moldova\" \/>\n<meta property=\"og:description\" content=\"Lasa poporul meu sa plece! Zece urgii in Tara Faraonilor este o repovestire a intamplarilor din cartea Exodul. Istoria bine cunoscuta, care aduce in prim-plan cele 10 plagi trimise de Dumnezeu asupra Egiptului pentru a-l convinge pe faraon sa elibereze poporul evreu din sclavie, este vazuta de aceasta data prin ochii unui baiat de 13 ani.  Mesac, personajul principal al cartii, este martorul unei seri de evenimente care schimba viata poporului lui Dumnezeu. Urgiile care lovesc Egiptul, rand pe rand, ridica in mintea baiatului o multime de intrebari. Pe masura ce descopera raspunsul la framantarile sale, Mesac devine din ce ince mai constient de iubirea lui Dumnezeu fata de poporul Sau.\" \/>\n<meta property=\"og:url\" content=\"https:\/\/biblia.md\/en\/shop\/lasa-poporul-meu-sa-plece\/\" \/>\n<meta property=\"og:site_name\" content=\"Societatea Biblic\u0103 din Moldova\" \/>\n<meta property=\"article:publisher\" content=\"https:\/\/www.facebook.com\/SocietateaBiblicaMoldova\/\" \/>\n<meta property=\"og:image\" content=\"https:\/\/biblia.md\/wp-content\/uploads\/2026\/01\/2253573abfa2429026.34419758.jpg\" \/>\n\t<meta property=\"og:image:width\" content=\"367\" \/>\n\t<meta property=\"og:image:height\" content=\"550\" \/>\n\t<meta property=\"og:image:type\" content=\"image\/jpeg\" \/>\n<meta name=\"twitter:card\" content=\"summary_large_image\" \/>\n<meta name=\"twitter:label1\" content=\"Est. reading time\" \/>\n\t<meta name=\"twitter:data1\" content=\"1 minute\" \/>\n<script type=\"application\/ld+json\" class=\"yoast-schema-graph\">{\"@context\":\"https:\\\/\\\/schema.org\",\"@graph\":[{\"@type\":\"WebPage\",\"@id\":\"https:\\\/\\\/biblia.md\\\/shop\\\/lasa-poporul-meu-sa-plece\\\/\",\"url\":\"https:\\\/\\\/biblia.md\\\/shop\\\/lasa-poporul-meu-sa-plece\\\/\",\"name\":\"Las\u0103 Poporul Meu S\u0103 Plece! - Societatea Biblic\u0103 din Moldova\",\"isPartOf\":{\"@id\":\"https:\\\/\\\/biblia.md\\\/#website\"},\"primaryImageOfPage\":{\"@id\":\"https:\\\/\\\/biblia.md\\\/shop\\\/lasa-poporul-meu-sa-plece\\\/#primaryimage\"},\"image\":{\"@id\":\"https:\\\/\\\/biblia.md\\\/shop\\\/lasa-poporul-meu-sa-plece\\\/#primaryimage\"},\"thumbnailUrl\":\"https:\\\/\\\/biblia.md\\\/wp-content\\\/uploads\\\/2026\\\/01\\\/2253573abfa2429026.34419758.jpg\",\"datePublished\":\"2026-01-20T12:29:59+00:00\",\"breadcrumb\":{\"@id\":\"https:\\\/\\\/biblia.md\\\/shop\\\/lasa-poporul-meu-sa-plece\\\/#breadcrumb\"},\"inLanguage\":\"en-US\",\"potentialAction\":[{\"@type\":\"ReadAction\",\"target\":[\"https:\\\/\\\/biblia.md\\\/shop\\\/lasa-poporul-meu-sa-plece\\\/\"]}]},{\"@type\":\"ImageObject\",\"inLanguage\":\"en-US\",\"@id\":\"https:\\\/\\\/biblia.md\\\/shop\\\/lasa-poporul-meu-sa-plece\\\/#primaryimage\",\"url\":\"https:\\\/\\\/biblia.md\\\/wp-content\\\/uploads\\\/2026\\\/01\\\/2253573abfa2429026.34419758.jpg\",\"contentUrl\":\"https:\\\/\\\/biblia.md\\\/wp-content\\\/uploads\\\/2026\\\/01\\\/2253573abfa2429026.34419758.jpg\",\"width\":367,\"height\":550},{\"@type\":\"BreadcrumbList\",\"@id\":\"https:\\\/\\\/biblia.md\\\/shop\\\/lasa-poporul-meu-sa-plece\\\/#breadcrumb\",\"itemListElement\":[{\"@type\":\"ListItem\",\"position\":1,\"name\":\"Prima pagin\u0103\",\"item\":\"https:\\\/\\\/biblia.md\\\/\"},{\"@type\":\"ListItem\",\"position\":2,\"name\":\"Shop\",\"item\":\"https:\\\/\\\/biblia.md\\\/shop\\\/\"},{\"@type\":\"ListItem\",\"position\":3,\"name\":\"Las\u0103 Poporul Meu S\u0103 Plece!\"}]},{\"@type\":\"WebSite\",\"@id\":\"https:\\\/\\\/biblia.md\\\/#website\",\"url\":\"https:\\\/\\\/biblia.md\\\/\",\"name\":\"Societatea Biblic\u0103 din Moldova\",\"description\":\"\",\"publisher\":{\"@id\":\"https:\\\/\\\/biblia.md\\\/#organization\"},\"potentialAction\":[{\"@type\":\"SearchAction\",\"target\":{\"@type\":\"EntryPoint\",\"urlTemplate\":\"https:\\\/\\\/biblia.md\\\/?s={search_term_string}\"},\"query-input\":{\"@type\":\"PropertyValueSpecification\",\"valueRequired\":true,\"valueName\":\"search_term_string\"}}],\"inLanguage\":\"en-US\"},{\"@type\":\"Organization\",\"@id\":\"https:\\\/\\\/biblia.md\\\/#organization\",\"name\":\"Societatea Biblic\u0103 din Moldova\",\"url\":\"https:\\\/\\\/biblia.md\\\/\",\"logo\":{\"@type\":\"ImageObject\",\"inLanguage\":\"en-US\",\"@id\":\"https:\\\/\\\/biblia.md\\\/#\\\/schema\\\/logo\\\/image\\\/\",\"url\":\"https:\\\/\\\/biblia.md\\\/wp-content\\\/uploads\\\/2026\\\/01\\\/icon_site.jpg\",\"contentUrl\":\"https:\\\/\\\/biblia.md\\\/wp-content\\\/uploads\\\/2026\\\/01\\\/icon_site.jpg\",\"width\":656,\"height\":656,\"caption\":\"Societatea Biblic\u0103 din Moldova\"},\"image\":{\"@id\":\"https:\\\/\\\/biblia.md\\\/#\\\/schema\\\/logo\\\/image\\\/\"},\"sameAs\":[\"https:\\\/\\\/www.facebook.com\\\/SocietateaBiblicaMoldova\\\/\",\"https:\\\/\\\/www.instagram.com\\\/biblia.md\\\/\"]}]}<\/script>\n<!-- \/ Yoast SEO plugin. -->","yoast_head_json":{"title":"Las\u0103 Poporul Meu S\u0103 Plece! - Societatea Biblic\u0103 din Moldova","robots":{"index":"index","follow":"follow","max-snippet":"max-snippet:-1","max-image-preview":"max-image-preview:large","max-video-preview":"max-video-preview:-1"},"canonical":"https:\/\/biblia.md\/en\/shop\/lasa-poporul-meu-sa-plece\/","og_locale":"en_US","og_type":"article","og_title":"Las\u0103 Poporul Meu S\u0103 Plece! - Societatea Biblic\u0103 din Moldova","og_description":"Lasa poporul meu sa plece! Zece urgii in Tara Faraonilor este o repovestire a intamplarilor din cartea Exodul. Istoria bine cunoscuta, care aduce in prim-plan cele 10 plagi trimise de Dumnezeu asupra Egiptului pentru a-l convinge pe faraon sa elibereze poporul evreu din sclavie, este vazuta de aceasta data prin ochii unui baiat de 13 ani.  Mesac, personajul principal al cartii, este martorul unei seri de evenimente care schimba viata poporului lui Dumnezeu. Urgiile care lovesc Egiptul, rand pe rand, ridica in mintea baiatului o multime de intrebari. Pe masura ce descopera raspunsul la framantarile sale, Mesac devine din ce ince mai constient de iubirea lui Dumnezeu fata de poporul Sau.","og_url":"https:\/\/biblia.md\/en\/shop\/lasa-poporul-meu-sa-plece\/","og_site_name":"Societatea Biblic\u0103 din Moldova","article_publisher":"https:\/\/www.facebook.com\/SocietateaBiblicaMoldova\/","og_image":[{"width":367,"height":550,"url":"https:\/\/biblia.md\/wp-content\/uploads\/2026\/01\/2253573abfa2429026.34419758.jpg","type":"image\/jpeg"}],"twitter_card":"summary_large_image","twitter_misc":{"Est. reading time":"1 minute"},"schema":{"@context":"https:\/\/schema.org","@graph":[{"@type":"WebPage","@id":"https:\/\/biblia.md\/shop\/lasa-poporul-meu-sa-plece\/","url":"https:\/\/biblia.md\/shop\/lasa-poporul-meu-sa-plece\/","name":"Las\u0103 Poporul Meu S\u0103 Plece! - Societatea Biblic\u0103 din Moldova","isPartOf":{"@id":"https:\/\/biblia.md\/#website"},"primaryImageOfPage":{"@id":"https:\/\/biblia.md\/shop\/lasa-poporul-meu-sa-plece\/#primaryimage"},"image":{"@id":"https:\/\/biblia.md\/shop\/lasa-poporul-meu-sa-plece\/#primaryimage"},"thumbnailUrl":"https:\/\/biblia.md\/wp-content\/uploads\/2026\/01\/2253573abfa2429026.34419758.jpg","datePublished":"2026-01-20T12:29:59+00:00","breadcrumb":{"@id":"https:\/\/biblia.md\/shop\/lasa-poporul-meu-sa-plece\/#breadcrumb"},"inLanguage":"en-US","potentialAction":[{"@type":"ReadAction","target":["https:\/\/biblia.md\/shop\/lasa-poporul-meu-sa-plece\/"]}]},{"@type":"ImageObject","inLanguage":"en-US","@id":"https:\/\/biblia.md\/shop\/lasa-poporul-meu-sa-plece\/#primaryimage","url":"https:\/\/biblia.md\/wp-content\/uploads\/2026\/01\/2253573abfa2429026.34419758.jpg","contentUrl":"https:\/\/biblia.md\/wp-content\/uploads\/2026\/01\/2253573abfa2429026.34419758.jpg","width":367,"height":550},{"@type":"BreadcrumbList","@id":"https:\/\/biblia.md\/shop\/lasa-poporul-meu-sa-plece\/#breadcrumb","itemListElement":[{"@type":"ListItem","position":1,"name":"Prima pagin\u0103","item":"https:\/\/biblia.md\/"},{"@type":"ListItem","position":2,"name":"Shop","item":"https:\/\/biblia.md\/shop\/"},{"@type":"ListItem","position":3,"name":"Las\u0103 Poporul Meu S\u0103 Plece!"}]},{"@type":"WebSite","@id":"https:\/\/biblia.md\/#website","url":"https:\/\/biblia.md\/","name":"Societatea Biblic\u0103 din Moldova","description":"","publisher":{"@id":"https:\/\/biblia.md\/#organization"},"potentialAction":[{"@type":"SearchAction","target":{"@type":"EntryPoint","urlTemplate":"https:\/\/biblia.md\/?s={search_term_string}"},"query-input":{"@type":"PropertyValueSpecification","valueRequired":true,"valueName":"search_term_string"}}],"inLanguage":"en-US"},{"@type":"Organization","@id":"https:\/\/biblia.md\/#organization","name":"Societatea Biblic\u0103 din Moldova","url":"https:\/\/biblia.md\/","logo":{"@type":"ImageObject","inLanguage":"en-US","@id":"https:\/\/biblia.md\/#\/schema\/logo\/image\/","url":"https:\/\/biblia.md\/wp-content\/uploads\/2026\/01\/icon_site.jpg","contentUrl":"https:\/\/biblia.md\/wp-content\/uploads\/2026\/01\/icon_site.jpg","width":656,"height":656,"caption":"Societatea Biblic\u0103 din Moldova"},"image":{"@id":"https:\/\/biblia.md\/#\/schema\/logo\/image\/"},"sameAs":["https:\/\/www.facebook.com\/SocietateaBiblicaMoldova\/","https:\/\/www.instagram.com\/biblia.md\/"]}]}},"_links":{"self":[{"href":"https:\/\/biblia.md\/en\/wp-json\/wp\/v2\/product\/32457","targetHints":{"allow":["GET"]}}],"collection":[{"href":"https:\/\/biblia.md\/en\/wp-json\/wp\/v2\/product"}],"about":[{"href":"https:\/\/biblia.md\/en\/wp-json\/wp\/v2\/types\/product"}],"replies":[{"embeddable":true,"href":"https:\/\/biblia.md\/en\/wp-json\/wp\/v2\/comments?post=32457"}],"version-history":[{"count":1,"href":"https:\/\/biblia.md\/en\/wp-json\/wp\/v2\/product\/32457\/revisions"}],"predecessor-version":[{"id":32462,"href":"https:\/\/biblia.md\/en\/wp-json\/wp\/v2\/product\/32457\/revisions\/32462"}],"wp:featuredmedia":[{"embeddable":true,"href":"https:\/\/biblia.md\/en\/wp-json\/wp\/v2\/media\/32458"}],"wp:attachment":[{"href":"https:\/\/biblia.md\/en\/wp-json\/wp\/v2\/media?parent=32457"}],"wp:term":[{"taxonomy":"product_brand","embeddable":true,"href":"https:\/\/biblia.md\/en\/wp-json\/wp\/v2\/product_brand?post=32457"},{"taxonomy":"product_cat","embeddable":true,"href":"https:\/\/biblia.md\/en\/wp-json\/wp\/v2\/product_cat?post=32457"},{"taxonomy":"product_tag","embeddable":true,"href":"https:\/\/biblia.md\/en\/wp-json\/wp\/v2\/product_tag?post=32457"}],"curies":[{"name":"wp","href":"https:\/\/api.w.org\/{rel}","templated":true}]}}