{"id":32487,"date":"2026-01-20T14:58:57","date_gmt":"2026-01-20T12:58:57","guid":{"rendered":"https:\/\/biblia.md\/?post_type=product&#038;p=32487"},"modified":"2026-02-11T10:41:30","modified_gmt":"2026-02-11T08:41:30","slug":"marea-calatorie-a-micului-crestin-set-3-vol-in-caseta","status":"publish","type":"product","link":"https:\/\/biblia.md\/en\/shop\/marea-calatorie-a-micului-crestin-set-3-vol-in-caseta\/","title":{"rendered":"Marea c\u0103latorie a micului cre\u0219tin &#8211; Set 3 Vol. In caseta"},"content":{"rendered":"<p><em><strong>Cele 3 volume din Marea Calatorie a Micului Cre\u0219tin sunt puse \u00eentr-o caset\u0103 din carton tare, \u00eembr\u0103cat \u00een p\u00e2nz\u0103 catifelat\u0103 cu folio auriu &#8211; ceea ce face din pachetul \u00eentreg unul dintre cele mai frumoase cadouri pentru copii \u0219i adolescenti.<\/p>\n<p>VOLUMUL 1<\/strong><\/em><\/p>\n<p>\u00censo\u021be\u0219te-l pe Cre\u0219tin \u00een c\u0103l\u0103toria sa de neuitat \u0219i ajut\u0103-i pe copiii t\u0103i s\u0103 fie preg\u0103ti\u021bi pentru o via\u021b\u0103 de credin\u021b\u0103, \u00een timp ce urmeaz\u0103 calea Regelui spre Cetatea Cereasc\u0103.<\/p>\n<p>Al\u0103turi de Biblie, C\u0103l\u0103toria Cre\u0219tinului este cea mai tip\u0103rit\u0103 \u0219i tradus\u0103 carte din toate timpurile. Abilitatea lui John Bunyan de a combina o poveste plin\u0103 de aventuri cu adev\u0103rul biblic a captivat min\u021bile \u0219i inimile copiilor \u0219i adul\u021bilor timp de secole.<\/p>\n<p>Cu 224 de pagini de ilustra\u021bii captivante,\u00a0<em><strong>Marea c\u0103l\u0103torie a micului cre\u0219tin<\/strong><\/em>\u00a0face aceast\u0103 poveste mai captivant\u0103 ca niciodat\u0103. Credem c\u0103 acest mesaj, plin de credin\u021b\u0103 \u0219i de curaj, este necesar ast\u0103zi mai mult ca oric\u00e2nd \u0219i sper\u0103m c\u0103 aceast\u0103 carte va inspira urm\u0103toarea genera\u021bie de \u201emici peregrini\u201d s\u0103 cread\u0103 Cuv\u00e2ntul Regelui, s\u0103 urmeze Calea Regelui \u0219i s\u0103 caute Cetatea Regelui.<\/p>\n<p><strong>\u00cembarc\u00e2ndu-te \u00een aceast\u0103 c\u0103l\u0103torie, ne rug\u0103m ca ea s\u0103 te inspire \u00een a deveni un peregrin \u0219i a-\u021bi \u00eencepe propria c\u0103l\u0103torie \u00eenspre Ora\u0219ul Celest.<\/strong><\/p>\n<ul>\n<li>Scris\u0103 pentru v\u00e2rsta cuprins\u0103 \u00eentre 2 \u0219i 15 ani<\/li>\n<li>Copert\u0103 cartonat\u0103, \u00eembr\u0103cat\u0103 \u00een p\u00e2nz\u0103. Cartea este f\u0103cut\u0103 s\u0103 dureze genera\u021bii \u00eentregi.<\/li>\n<li>Imprimare cu folio auriu<\/li>\n<li>Semn de carte din p\u00e2nz\u0103<\/li>\n<li>224 de pagini complet ilustrate<\/li>\n<\/ul>\n<p><strong>VOLUMUL 2<\/strong><\/p>\n<p>Povestea continu\u0103! John Bunyan a publicat Partea a II-a din<em>\u00a0C\u0103l\u0103toria Cre\u0219tinului\u00a0<\/em>\u00een 1684, la \u0219ase ani dup\u0103 prima parte. De data asta o vom \u00eenso\u021bii pe Cre\u0219tin\u0103, al\u0103turi de multe alte personaje \u0219i lec\u021bii biblice noi. Abilitatea lui John Bunyan de a combina o poveste plin\u0103 de aventuri cu adev\u0103rul biblic a captivat min\u021bile \u0219i inimile copiilor \u0219i adul\u021bilor timp de secole.<\/p>\n<p>Cu 232 de pagini de ilustra\u021bii captivante, <em><strong>Marea c\u0103l\u0103torie a micului cre\u0219tin<\/strong><\/em> face aceast\u0103 poveste mai captivant\u0103 ca niciodat\u0103. Credem c\u0103 acest mesaj, plin de credin\u021b\u0103 \u0219i de curaj, este necesar ast\u0103zi mai mult ca oric\u00e2nd \u0219i sper\u0103m c\u0103 aceast\u0103 carte va inspira urm\u0103toarea genera\u021bie de \u201emici peregrini\u201d s\u0103 cread\u0103 Cuv\u00e2ntul Regelui, s\u0103 urmeze Calea Regelui \u0219i s\u0103 caute Cetatea Regelui.<\/p>\n<p><strong>\u00cembarc\u00e2ndu-te \u00een aceast\u0103 c\u0103l\u0103torie, ne rug\u0103m ca ea s\u0103 te inspire \u00een a deveni un peregrin \u0219i a-\u021bi \u00eencepe propria c\u0103l\u0103torie \u00eenspre Ora\u0219ul Celest.<\/strong><\/p>\n<p>\u201eCa persoan\u0103 care \u0219i-a dedicat via\u021ba slujirii copiilor, am c\u0103utat mult timp o versiune a\u00a0<em><strong>C\u0103l\u0103toriei cre\u0219tinulu<\/strong><\/em>i care s\u0103 fie at\u00e2t fidel\u0103 textului original, c\u00e2t \u0219i u\u0219or de \u00een\u021beles pentru copii. Acest lucru este foarte greu de realizat, at\u00e2t din cauza limbajului arhaic, c\u00e2t \u0219i din cauza naturii abstracte a alegoriei pe care cartea o presupune.\u00a0<em><strong>Cartea pe care o \u021bii \u00een m\u00e2n\u0103 este versiunea pe care o a\u0219teptam&#8230; de zeci de ani.\u00a0<\/strong><\/em>Am descoperit c\u0103, \u00een biserica noastr\u0103, cartea este folosit\u0103 \u0219i apreciat\u0103 de copii de la doi ani p\u00e2n\u0103 la liceeni. Chiar \u0219i p\u0103rin\u021bii o \u00eendr\u0103gesc. Fie ca Domnul s\u0103 foloseasc\u0103 aceast\u0103 carte pentru a ajuta mul\u021bi copii, precum \u0219i mul\u021bi adul\u021bi, s\u0103 \u00een\u021beleag\u0103 ce \u00eenseamn\u0103 s\u0103 tr\u0103ie\u0219ti ca un cre\u0219tin \u0219i s\u0103 fie \u00eencuraja\u021bi c\u0103 au al\u0103turi un Dumnezeu minunat.\u201d\u00a0<strong>&#8211; Connie Dever &#8211;\u00a0<\/strong><em>Biserica Baptist\u0103 Capitol Hill<\/em><\/p>\n<ul>\n<li>Scris\u0103 pentru v\u00e2rsta cuprins\u0103 \u00eentre 2 \u0219i 15 ani<\/li>\n<li>Copert\u0103 cartonat\u0103, \u00eembr\u0103cat\u0103 \u00een p\u00e2nz\u0103. Cartea este f\u0103cut\u0103 s\u0103 dureze genera\u021bii \u00eentregi.<\/li>\n<li>Imprimare cu folio auriu<\/li>\n<li>Semn de carte din p\u00e2nz\u0103<\/li>\n<li>224 de pagini complet ilustrate<\/li>\n<\/ul>\n<p><strong>VOLUMUL 3<\/strong><\/p>\n<p>La sf\u00e2r\u0219itul celei de-a doua p\u0103r\u021bi a C\u0103l\u0103toriei Cre\u0219tinului, John Bunyan a scris c\u0103 dup\u0103 ce Cre\u0219tina a intrat \u00een Ora\u0219ul Ceresc, copiii ei au continuat s\u0103 \u00cel slujeasc\u0103 pe Rege \u0219i s\u0103 ajute la cre\u0219terea bisericii. Unii au crezut c\u0103 Bunyan a scris \u0219i o a treia parte a c\u0103r\u021bii dar nu s-a g\u0103sit niciodat\u0103 o copie a acestei p\u0103r\u021bi. \u021b<\/p>\n<p>Aceast\u0103 carte\u00a0<em><strong>Marea calatorie a micului crestin &#8211; partea III &#8211; Sfarsitul Veacurilor si Imparatia Eterna\u00a0<\/strong><\/em>este o \u00eenchipuire a ceea ce John Bunyan ar fi putut scrie. \u00cen ea sunt combinate personaje din celelalte p\u0103r\u021bi cu \u00eent\u00e2mpl\u0103ri adev\u0103rate din via\u021ba lui John Bunyan, dar \u0219i din c\u0103r\u021bile Noului testament: Faptele Apostolilor \u0219i Apocalipsa.\u00a0 Acest volum exploreaz\u0103 at\u00e2t de realist teme biblice al\u0103turi de Minte-Ascu\u021bit\u0103, Eli \u0219i \u00cendurare care caut\u0103 s\u0103-\u0219i \u00eemplineasc\u0103 chemarea primit\u0103 de la Rege.\u00a0<em><strong>Povestea aceasta pune accentul pe importan\u021ba bisericii, a evangheliz\u0103rii, a p\u0103rt\u0103\u0219iei \u0219i a slujirii.<\/strong><\/em><\/p>\n<p>\u201eCa persoan\u0103 care \u0219i-a dedicat via\u021ba slujirii copiilor, am c\u0103utat mult timp o versiune a <em><strong>C\u0103l\u0103toriei cre\u0219tinulu<\/strong><\/em>i care s\u0103 fie at\u00e2t fidel\u0103 textului original, c\u00e2t \u0219i u\u0219or de \u00een\u021beles pentru copii. Acest lucru este foarte greu de realizat, at\u00e2t din cauza limbajului arhaic, c\u00e2t \u0219i din cauza naturii abstracte a alegoriei pe care cartea o presupune.\u00a0<em><strong>Cartea pe care o \u021bii \u00een m\u00e2n\u0103 este versiunea pe care o a\u0219teptam&#8230; de zeci de ani.\u00a0<\/strong><\/em>Am descoperit c\u0103, \u00een biserica noastr\u0103, cartea este folosit\u0103 \u0219i apreciat\u0103 de copii de la doi ani p\u00e2n\u0103 la liceeni. Chiar \u0219i p\u0103rin\u021bii o \u00eendr\u0103gesc. Fie ca Domnul s\u0103 foloseasc\u0103 aceast\u0103 carte pentru a ajuta mul\u021bi copii, precum \u0219i mul\u021bi adul\u021bi, s\u0103 \u00een\u021beleag\u0103 ce \u00eenseamn\u0103 s\u0103 tr\u0103ie\u0219ti ca un cre\u0219tin \u0219i s\u0103 fie \u00eencuraja\u021bi c\u0103 au al\u0103turi un Dumnezeu minunat.\u201d\u00a0<strong>&#8211; Connie Dever &#8211;\u00a0<\/strong><em>Biserica Baptist\u0103 Capitol Hill<\/em><\/p>\n<ul>\n<li>Scris\u0103 pentru v\u00e2rsta cuprins\u0103 \u00eentre 2 \u0219i 15 ani<\/li>\n<li><strong>Copert\u0103 cartonat\u0103, \u00eembr\u0103cat\u0103 \u00een p\u00e2nz\u0103. Cartea este f\u0103cut\u0103 s\u0103 dureze genera\u021bii \u00eentregi.<\/strong><\/li>\n<li>Imprimare cu folio auriu<\/li>\n<li>Semn de carte din p\u00e2nz\u0103<\/li>\n<li>232 de pagini complet ilustrate<\/li>\n<\/ul>","protected":false},"excerpt":{"rendered":"<p><em><strong>Cele 3 volume din Marea Calatorie a Micului Cre\u0219tin sunt puse \u00eentr-o caset\u0103 din carton tare, \u00eembr\u0103cat \u00een p\u00e2nz\u0103 catifelat\u0103 cu folio auriu &#8211; ceea ce face din pachetul \u00eentreg unul dintre cele mai frumoase cadouri pentru copii \u0219i adolescenti.<\/strong><\/em><\/p>","protected":false},"featured_media":34765,"comment_status":"open","ping_status":"closed","template":"","meta":[],"product_brand":[],"product_cat":[149,364],"product_tag":[],"class_list":{"0":"post-32487","1":"product","2":"type-product","3":"status-publish","4":"has-post-thumbnail","6":"product_cat-copii","7":"product_cat-povestiri","8":"product_author-john-bunyan","9":"product_genre-knigi-rom","11":"first","12":"instock","13":"featured","14":"shipping-taxable","15":"purchasable","16":"product-type-simple"},"yoast_head":"<!-- This site is optimized with the Yoast SEO plugin v27.3 - https:\/\/yoast.com\/product\/yoast-seo-wordpress\/ -->\n<title>Marea c\u0103latorie a micului cre\u0219tin - Set 3 Vol. In caseta - Societatea Biblic\u0103 din Moldova<\/title>\n<meta name=\"robots\" content=\"index, follow, max-snippet:-1, max-image-preview:large, max-video-preview:-1\" \/>\n<link rel=\"canonical\" href=\"https:\/\/biblia.md\/en\/shop\/marea-calatorie-a-micului-crestin-set-3-vol-in-caseta\/\" \/>\n<meta property=\"og:locale\" content=\"en_US\" \/>\n<meta property=\"og:type\" content=\"article\" \/>\n<meta property=\"og:title\" content=\"Marea c\u0103latorie a micului cre\u0219tin - Set 3 Vol. In caseta - Societatea Biblic\u0103 din Moldova\" \/>\n<meta property=\"og:description\" content=\"Cele 3 volume din Marea Calatorie a Micului Cre\u0219tin sunt puse \u00eentr-o caset\u0103 din carton tare, \u00eembr\u0103cat \u00een p\u00e2nz\u0103 catifelat\u0103 cu folio auriu - ceea ce face din pachetul \u00eentreg unul dintre cele mai frumoase cadouri pentru copii \u0219i adolescenti.\" \/>\n<meta property=\"og:url\" content=\"https:\/\/biblia.md\/en\/shop\/marea-calatorie-a-micului-crestin-set-3-vol-in-caseta\/\" \/>\n<meta property=\"og:site_name\" content=\"Societatea Biblic\u0103 din Moldova\" \/>\n<meta property=\"article:publisher\" content=\"https:\/\/www.facebook.com\/SocietateaBiblicaMoldova\/\" \/>\n<meta property=\"article:modified_time\" content=\"2026-02-11T08:41:30+00:00\" \/>\n<meta property=\"og:image\" content=\"https:\/\/biblia.md\/wp-content\/uploads\/2026\/01\/caseta-marea-calatorie-a-micului-crestin-i-ii-iii-557363.jpg\" \/>\n\t<meta property=\"og:image:width\" content=\"407\" \/>\n\t<meta property=\"og:image:height\" content=\"700\" \/>\n\t<meta property=\"og:image:type\" content=\"image\/jpeg\" \/>\n<meta name=\"twitter:card\" content=\"summary_large_image\" \/>\n<meta name=\"twitter:label1\" content=\"Est. reading time\" \/>\n\t<meta name=\"twitter:data1\" content=\"5 minutes\" \/>\n<script type=\"application\/ld+json\" class=\"yoast-schema-graph\">{\"@context\":\"https:\\\/\\\/schema.org\",\"@graph\":[{\"@type\":\"WebPage\",\"@id\":\"https:\\\/\\\/biblia.md\\\/shop\\\/marea-calatorie-a-micului-crestin-set-3-vol-in-caseta\\\/\",\"url\":\"https:\\\/\\\/biblia.md\\\/shop\\\/marea-calatorie-a-micului-crestin-set-3-vol-in-caseta\\\/\",\"name\":\"Marea c\u0103latorie a micului cre\u0219tin - Set 3 Vol. In caseta - Societatea Biblic\u0103 din Moldova\",\"isPartOf\":{\"@id\":\"https:\\\/\\\/biblia.md\\\/#website\"},\"primaryImageOfPage\":{\"@id\":\"https:\\\/\\\/biblia.md\\\/shop\\\/marea-calatorie-a-micului-crestin-set-3-vol-in-caseta\\\/#primaryimage\"},\"image\":{\"@id\":\"https:\\\/\\\/biblia.md\\\/shop\\\/marea-calatorie-a-micului-crestin-set-3-vol-in-caseta\\\/#primaryimage\"},\"thumbnailUrl\":\"https:\\\/\\\/biblia.md\\\/wp-content\\\/uploads\\\/2026\\\/01\\\/f6fce6f9-f2ee-483d-b6e0-ea53e17f53b6.png\",\"datePublished\":\"2026-01-20T12:58:57+00:00\",\"dateModified\":\"2026-02-11T08:41:30+00:00\",\"breadcrumb\":{\"@id\":\"https:\\\/\\\/biblia.md\\\/shop\\\/marea-calatorie-a-micului-crestin-set-3-vol-in-caseta\\\/#breadcrumb\"},\"inLanguage\":\"en-US\",\"potentialAction\":[{\"@type\":\"ReadAction\",\"target\":[\"https:\\\/\\\/biblia.md\\\/shop\\\/marea-calatorie-a-micului-crestin-set-3-vol-in-caseta\\\/\"]}]},{\"@type\":\"ImageObject\",\"inLanguage\":\"en-US\",\"@id\":\"https:\\\/\\\/biblia.md\\\/shop\\\/marea-calatorie-a-micului-crestin-set-3-vol-in-caseta\\\/#primaryimage\",\"url\":\"https:\\\/\\\/biblia.md\\\/wp-content\\\/uploads\\\/2026\\\/01\\\/f6fce6f9-f2ee-483d-b6e0-ea53e17f53b6.png\",\"contentUrl\":\"https:\\\/\\\/biblia.md\\\/wp-content\\\/uploads\\\/2026\\\/01\\\/f6fce6f9-f2ee-483d-b6e0-ea53e17f53b6.png\",\"width\":1024,\"height\":1536},{\"@type\":\"BreadcrumbList\",\"@id\":\"https:\\\/\\\/biblia.md\\\/shop\\\/marea-calatorie-a-micului-crestin-set-3-vol-in-caseta\\\/#breadcrumb\",\"itemListElement\":[{\"@type\":\"ListItem\",\"position\":1,\"name\":\"Prima pagin\u0103\",\"item\":\"https:\\\/\\\/biblia.md\\\/\"},{\"@type\":\"ListItem\",\"position\":2,\"name\":\"Shop\",\"item\":\"https:\\\/\\\/biblia.md\\\/shop\\\/\"},{\"@type\":\"ListItem\",\"position\":3,\"name\":\"Marea c\u0103latorie a micului cre\u0219tin &#8211; Set 3 Vol. In caseta\"}]},{\"@type\":\"WebSite\",\"@id\":\"https:\\\/\\\/biblia.md\\\/#website\",\"url\":\"https:\\\/\\\/biblia.md\\\/\",\"name\":\"Societatea Biblic\u0103 din Moldova\",\"description\":\"\",\"publisher\":{\"@id\":\"https:\\\/\\\/biblia.md\\\/#organization\"},\"potentialAction\":[{\"@type\":\"SearchAction\",\"target\":{\"@type\":\"EntryPoint\",\"urlTemplate\":\"https:\\\/\\\/biblia.md\\\/?s={search_term_string}\"},\"query-input\":{\"@type\":\"PropertyValueSpecification\",\"valueRequired\":true,\"valueName\":\"search_term_string\"}}],\"inLanguage\":\"en-US\"},{\"@type\":\"Organization\",\"@id\":\"https:\\\/\\\/biblia.md\\\/#organization\",\"name\":\"Societatea Biblic\u0103 din Moldova\",\"url\":\"https:\\\/\\\/biblia.md\\\/\",\"logo\":{\"@type\":\"ImageObject\",\"inLanguage\":\"en-US\",\"@id\":\"https:\\\/\\\/biblia.md\\\/#\\\/schema\\\/logo\\\/image\\\/\",\"url\":\"https:\\\/\\\/biblia.md\\\/wp-content\\\/uploads\\\/2026\\\/01\\\/icon_site.jpg\",\"contentUrl\":\"https:\\\/\\\/biblia.md\\\/wp-content\\\/uploads\\\/2026\\\/01\\\/icon_site.jpg\",\"width\":656,\"height\":656,\"caption\":\"Societatea Biblic\u0103 din Moldova\"},\"image\":{\"@id\":\"https:\\\/\\\/biblia.md\\\/#\\\/schema\\\/logo\\\/image\\\/\"},\"sameAs\":[\"https:\\\/\\\/www.facebook.com\\\/SocietateaBiblicaMoldova\\\/\",\"https:\\\/\\\/www.instagram.com\\\/biblia.md\\\/\"]}]}<\/script>\n<!-- \/ Yoast SEO plugin. -->","yoast_head_json":{"title":"Marea c\u0103latorie a micului cre\u0219tin - Set 3 Vol. In caseta - Societatea Biblic\u0103 din Moldova","robots":{"index":"index","follow":"follow","max-snippet":"max-snippet:-1","max-image-preview":"max-image-preview:large","max-video-preview":"max-video-preview:-1"},"canonical":"https:\/\/biblia.md\/en\/shop\/marea-calatorie-a-micului-crestin-set-3-vol-in-caseta\/","og_locale":"en_US","og_type":"article","og_title":"Marea c\u0103latorie a micului cre\u0219tin - Set 3 Vol. In caseta - Societatea Biblic\u0103 din Moldova","og_description":"Cele 3 volume din Marea Calatorie a Micului Cre\u0219tin sunt puse \u00eentr-o caset\u0103 din carton tare, \u00eembr\u0103cat \u00een p\u00e2nz\u0103 catifelat\u0103 cu folio auriu - ceea ce face din pachetul \u00eentreg unul dintre cele mai frumoase cadouri pentru copii \u0219i adolescenti.","og_url":"https:\/\/biblia.md\/en\/shop\/marea-calatorie-a-micului-crestin-set-3-vol-in-caseta\/","og_site_name":"Societatea Biblic\u0103 din Moldova","article_publisher":"https:\/\/www.facebook.com\/SocietateaBiblicaMoldova\/","article_modified_time":"2026-02-11T08:41:30+00:00","og_image":[{"width":407,"height":700,"url":"https:\/\/biblia.md\/wp-content\/uploads\/2026\/01\/caseta-marea-calatorie-a-micului-crestin-i-ii-iii-557363.jpg","type":"image\/jpeg"}],"twitter_card":"summary_large_image","twitter_misc":{"Est. reading time":"5 minutes"},"schema":{"@context":"https:\/\/schema.org","@graph":[{"@type":"WebPage","@id":"https:\/\/biblia.md\/shop\/marea-calatorie-a-micului-crestin-set-3-vol-in-caseta\/","url":"https:\/\/biblia.md\/shop\/marea-calatorie-a-micului-crestin-set-3-vol-in-caseta\/","name":"Marea c\u0103latorie a micului cre\u0219tin - Set 3 Vol. In caseta - Societatea Biblic\u0103 din Moldova","isPartOf":{"@id":"https:\/\/biblia.md\/#website"},"primaryImageOfPage":{"@id":"https:\/\/biblia.md\/shop\/marea-calatorie-a-micului-crestin-set-3-vol-in-caseta\/#primaryimage"},"image":{"@id":"https:\/\/biblia.md\/shop\/marea-calatorie-a-micului-crestin-set-3-vol-in-caseta\/#primaryimage"},"thumbnailUrl":"https:\/\/biblia.md\/wp-content\/uploads\/2026\/01\/f6fce6f9-f2ee-483d-b6e0-ea53e17f53b6.png","datePublished":"2026-01-20T12:58:57+00:00","dateModified":"2026-02-11T08:41:30+00:00","breadcrumb":{"@id":"https:\/\/biblia.md\/shop\/marea-calatorie-a-micului-crestin-set-3-vol-in-caseta\/#breadcrumb"},"inLanguage":"en-US","potentialAction":[{"@type":"ReadAction","target":["https:\/\/biblia.md\/shop\/marea-calatorie-a-micului-crestin-set-3-vol-in-caseta\/"]}]},{"@type":"ImageObject","inLanguage":"en-US","@id":"https:\/\/biblia.md\/shop\/marea-calatorie-a-micului-crestin-set-3-vol-in-caseta\/#primaryimage","url":"https:\/\/biblia.md\/wp-content\/uploads\/2026\/01\/f6fce6f9-f2ee-483d-b6e0-ea53e17f53b6.png","contentUrl":"https:\/\/biblia.md\/wp-content\/uploads\/2026\/01\/f6fce6f9-f2ee-483d-b6e0-ea53e17f53b6.png","width":1024,"height":1536},{"@type":"BreadcrumbList","@id":"https:\/\/biblia.md\/shop\/marea-calatorie-a-micului-crestin-set-3-vol-in-caseta\/#breadcrumb","itemListElement":[{"@type":"ListItem","position":1,"name":"Prima pagin\u0103","item":"https:\/\/biblia.md\/"},{"@type":"ListItem","position":2,"name":"Shop","item":"https:\/\/biblia.md\/shop\/"},{"@type":"ListItem","position":3,"name":"Marea c\u0103latorie a micului cre\u0219tin &#8211; Set 3 Vol. In caseta"}]},{"@type":"WebSite","@id":"https:\/\/biblia.md\/#website","url":"https:\/\/biblia.md\/","name":"Societatea Biblic\u0103 din Moldova","description":"","publisher":{"@id":"https:\/\/biblia.md\/#organization"},"potentialAction":[{"@type":"SearchAction","target":{"@type":"EntryPoint","urlTemplate":"https:\/\/biblia.md\/?s={search_term_string}"},"query-input":{"@type":"PropertyValueSpecification","valueRequired":true,"valueName":"search_term_string"}}],"inLanguage":"en-US"},{"@type":"Organization","@id":"https:\/\/biblia.md\/#organization","name":"Societatea Biblic\u0103 din Moldova","url":"https:\/\/biblia.md\/","logo":{"@type":"ImageObject","inLanguage":"en-US","@id":"https:\/\/biblia.md\/#\/schema\/logo\/image\/","url":"https:\/\/biblia.md\/wp-content\/uploads\/2026\/01\/icon_site.jpg","contentUrl":"https:\/\/biblia.md\/wp-content\/uploads\/2026\/01\/icon_site.jpg","width":656,"height":656,"caption":"Societatea Biblic\u0103 din Moldova"},"image":{"@id":"https:\/\/biblia.md\/#\/schema\/logo\/image\/"},"sameAs":["https:\/\/www.facebook.com\/SocietateaBiblicaMoldova\/","https:\/\/www.instagram.com\/biblia.md\/"]}]}},"_links":{"self":[{"href":"https:\/\/biblia.md\/en\/wp-json\/wp\/v2\/product\/32487","targetHints":{"allow":["GET"]}}],"collection":[{"href":"https:\/\/biblia.md\/en\/wp-json\/wp\/v2\/product"}],"about":[{"href":"https:\/\/biblia.md\/en\/wp-json\/wp\/v2\/types\/product"}],"replies":[{"embeddable":true,"href":"https:\/\/biblia.md\/en\/wp-json\/wp\/v2\/comments?post=32487"}],"version-history":[{"count":1,"href":"https:\/\/biblia.md\/en\/wp-json\/wp\/v2\/product\/32487\/revisions"}],"predecessor-version":[{"id":32493,"href":"https:\/\/biblia.md\/en\/wp-json\/wp\/v2\/product\/32487\/revisions\/32493"}],"wp:featuredmedia":[{"embeddable":true,"href":"https:\/\/biblia.md\/en\/wp-json\/wp\/v2\/media\/34765"}],"wp:attachment":[{"href":"https:\/\/biblia.md\/en\/wp-json\/wp\/v2\/media?parent=32487"}],"wp:term":[{"taxonomy":"product_brand","embeddable":true,"href":"https:\/\/biblia.md\/en\/wp-json\/wp\/v2\/product_brand?post=32487"},{"taxonomy":"product_cat","embeddable":true,"href":"https:\/\/biblia.md\/en\/wp-json\/wp\/v2\/product_cat?post=32487"},{"taxonomy":"product_tag","embeddable":true,"href":"https:\/\/biblia.md\/en\/wp-json\/wp\/v2\/product_tag?post=32487"}],"curies":[{"name":"wp","href":"https:\/\/api.w.org\/{rel}","templated":true}]}}