{"id":32545,"date":"2026-01-21T08:49:00","date_gmt":"2026-01-21T06:49:00","guid":{"rendered":"https:\/\/biblia.md\/?post_type=product&#038;p=32545"},"modified":"2026-01-21T08:49:01","modified_gmt":"2026-01-21T06:49:01","slug":"despre-ceea-ce-inseamna-sa-fii-pastor-o-teologie-a-lucrarii-de-pastorire-a-bisericii","status":"publish","type":"product","link":"https:\/\/biblia.md\/en\/shop\/despre-ceea-ce-inseamna-sa-fii-pastor-o-teologie-a-lucrarii-de-pastorire-a-bisericii\/","title":{"rendered":"Despre ceea ce \u00eenseamna sa fii p\u0103stor &#8211; O teologie a lucr\u0103rii de p\u0103storire a bisericii"},"content":{"rendered":"","protected":false},"excerpt":{"rendered":"<p>Despre ceea ce \u00eenseamna sa fii p\u0103stor &#8211; O teologie a lucr\u0103rii de p\u0103storire a bisericii<\/p>\n<p>Niciun p\u0103stor nu este perfect \u0219i niciunul nu are toate darurile pentru o slujire pastoral\u0103 f\u0103r\u0103 cusur, deoarece to\u021bi &#8222;sunt lipsi\u021bi de slava lui Dumnezeu&#8221;.\u00a0 Cu toate acestea, exist\u0103 o chemare \u0219i exist\u0103 un dar de slujire oferit bisericilor locale pentru edificarea, p\u0103zirea, p\u0103strarea \u0219i proclamarea adev\u0103rului evanghelic.<\/p>\n<p>Aceasta \u00eenalt\u0103 si sf\u00e2nt\u0103 chemare de a predica\u00a0 si de a p\u0103stori turma lui Cristos ca p\u0103stor nu este u\u0219oara, dar vine cu harul \u0219i puterea promise atunci c\u00e2nd credin\u021ba, dragostea si speran\u021ba sunt prezente \u00een viata lui.<\/p>\n<p>Nevoia zilnica de a ne lua crucea \u0219i de a-L urma pe Isus este o chemare de afirmare a vie\u021bii, f\u0103r\u0103 de care slujirea p\u0103storului este lipsit\u0103 de sfin\u021benie, de prezenta duhului sf\u00e2nt \u0219i de certitudinea de care are nevoie in fiecare zi.<\/p>","protected":false},"featured_media":32546,"comment_status":"open","ping_status":"closed","template":"","meta":[],"product_brand":[],"product_cat":[377,395],"product_tag":[],"class_list":{"0":"post-32545","1":"product","2":"type-product","3":"status-publish","4":"has-post-thumbnail","6":"product_cat-carti","7":"product_cat-pentru-slujitori","8":"product_author-ian-s-mcnaughton","9":"product_genre-knigi-rom","11":"first","12":"instock","13":"shipping-taxable","14":"purchasable","15":"product-type-simple"},"yoast_head":"<!-- This site is optimized with the Yoast SEO plugin v27.3 - https:\/\/yoast.com\/product\/yoast-seo-wordpress\/ -->\n<title>Despre ceea ce \u00eenseamna sa fii p\u0103stor - O teologie a lucr\u0103rii de p\u0103storire a bisericii - Societatea Biblic\u0103 din Moldova<\/title>\n<meta name=\"robots\" content=\"index, follow, max-snippet:-1, max-image-preview:large, max-video-preview:-1\" \/>\n<link rel=\"canonical\" href=\"https:\/\/biblia.md\/en\/shop\/despre-ceea-ce-inseamna-sa-fii-pastor-o-teologie-a-lucrarii-de-pastorire-a-bisericii\/\" \/>\n<meta property=\"og:locale\" content=\"en_US\" \/>\n<meta property=\"og:type\" content=\"article\" \/>\n<meta property=\"og:title\" content=\"Despre ceea ce \u00eenseamna sa fii p\u0103stor - O teologie a lucr\u0103rii de p\u0103storire a bisericii - Societatea Biblic\u0103 din Moldova\" \/>\n<meta property=\"og:description\" content=\"Despre ceea ce \u00eenseamna sa fii p\u0103stor - O teologie a lucr\u0103rii de p\u0103storire a bisericii  Niciun p\u0103stor nu este perfect \u0219i niciunul nu are toate darurile pentru o slujire pastoral\u0103 f\u0103r\u0103 cusur, deoarece to\u021bi &quot;sunt lipsi\u021bi de slava lui Dumnezeu&quot;.\u00a0 Cu toate acestea, exist\u0103 o chemare \u0219i exist\u0103 un dar de slujire oferit bisericilor locale pentru edificarea, p\u0103zirea, p\u0103strarea \u0219i proclamarea adev\u0103rului evanghelic.  Aceasta \u00eenalt\u0103 si sf\u00e2nt\u0103 chemare de a predica\u00a0 si de a p\u0103stori turma lui Cristos ca p\u0103stor nu este u\u0219oara, dar vine cu harul \u0219i puterea promise atunci c\u00e2nd credin\u021ba, dragostea si speran\u021ba sunt prezente \u00een viata lui.  Nevoia zilnica de a ne lua crucea \u0219i de a-L urma pe Isus este o chemare de afirmare a vie\u021bii, f\u0103r\u0103 de care slujirea p\u0103storului este lipsit\u0103 de sfin\u021benie, de prezenta duhului sf\u00e2nt \u0219i de certitudinea de care are nevoie in fiecare zi.\" \/>\n<meta property=\"og:url\" content=\"https:\/\/biblia.md\/en\/shop\/despre-ceea-ce-inseamna-sa-fii-pastor-o-teologie-a-lucrarii-de-pastorire-a-bisericii\/\" \/>\n<meta property=\"og:site_name\" content=\"Societatea Biblic\u0103 din Moldova\" \/>\n<meta property=\"article:publisher\" content=\"https:\/\/www.facebook.com\/SocietateaBiblicaMoldova\/\" \/>\n<meta property=\"article:modified_time\" content=\"2026-01-21T06:49:01+00:00\" \/>\n<meta property=\"og:image\" content=\"https:\/\/biblia.md\/wp-content\/uploads\/2026\/01\/0000008293.jpg\" \/>\n\t<meta property=\"og:image:width\" content=\"600\" \/>\n\t<meta property=\"og:image:height\" content=\"900\" \/>\n\t<meta property=\"og:image:type\" content=\"image\/jpeg\" \/>\n<meta name=\"twitter:card\" content=\"summary_large_image\" \/>\n<script type=\"application\/ld+json\" class=\"yoast-schema-graph\">{\"@context\":\"https:\\\/\\\/schema.org\",\"@graph\":[{\"@type\":\"WebPage\",\"@id\":\"https:\\\/\\\/biblia.md\\\/shop\\\/despre-ceea-ce-inseamna-sa-fii-pastor-o-teologie-a-lucrarii-de-pastorire-a-bisericii\\\/\",\"url\":\"https:\\\/\\\/biblia.md\\\/shop\\\/despre-ceea-ce-inseamna-sa-fii-pastor-o-teologie-a-lucrarii-de-pastorire-a-bisericii\\\/\",\"name\":\"Despre ceea ce \u00eenseamna sa fii p\u0103stor - O teologie a lucr\u0103rii de p\u0103storire a bisericii - Societatea Biblic\u0103 din Moldova\",\"isPartOf\":{\"@id\":\"https:\\\/\\\/biblia.md\\\/#website\"},\"primaryImageOfPage\":{\"@id\":\"https:\\\/\\\/biblia.md\\\/shop\\\/despre-ceea-ce-inseamna-sa-fii-pastor-o-teologie-a-lucrarii-de-pastorire-a-bisericii\\\/#primaryimage\"},\"image\":{\"@id\":\"https:\\\/\\\/biblia.md\\\/shop\\\/despre-ceea-ce-inseamna-sa-fii-pastor-o-teologie-a-lucrarii-de-pastorire-a-bisericii\\\/#primaryimage\"},\"thumbnailUrl\":\"https:\\\/\\\/biblia.md\\\/wp-content\\\/uploads\\\/2026\\\/01\\\/0000008293.jpg\",\"datePublished\":\"2026-01-21T06:49:00+00:00\",\"dateModified\":\"2026-01-21T06:49:01+00:00\",\"breadcrumb\":{\"@id\":\"https:\\\/\\\/biblia.md\\\/shop\\\/despre-ceea-ce-inseamna-sa-fii-pastor-o-teologie-a-lucrarii-de-pastorire-a-bisericii\\\/#breadcrumb\"},\"inLanguage\":\"en-US\",\"potentialAction\":[{\"@type\":\"ReadAction\",\"target\":[\"https:\\\/\\\/biblia.md\\\/shop\\\/despre-ceea-ce-inseamna-sa-fii-pastor-o-teologie-a-lucrarii-de-pastorire-a-bisericii\\\/\"]}]},{\"@type\":\"ImageObject\",\"inLanguage\":\"en-US\",\"@id\":\"https:\\\/\\\/biblia.md\\\/shop\\\/despre-ceea-ce-inseamna-sa-fii-pastor-o-teologie-a-lucrarii-de-pastorire-a-bisericii\\\/#primaryimage\",\"url\":\"https:\\\/\\\/biblia.md\\\/wp-content\\\/uploads\\\/2026\\\/01\\\/0000008293.jpg\",\"contentUrl\":\"https:\\\/\\\/biblia.md\\\/wp-content\\\/uploads\\\/2026\\\/01\\\/0000008293.jpg\",\"width\":600,\"height\":900},{\"@type\":\"BreadcrumbList\",\"@id\":\"https:\\\/\\\/biblia.md\\\/shop\\\/despre-ceea-ce-inseamna-sa-fii-pastor-o-teologie-a-lucrarii-de-pastorire-a-bisericii\\\/#breadcrumb\",\"itemListElement\":[{\"@type\":\"ListItem\",\"position\":1,\"name\":\"Prima pagin\u0103\",\"item\":\"https:\\\/\\\/biblia.md\\\/\"},{\"@type\":\"ListItem\",\"position\":2,\"name\":\"Shop\",\"item\":\"https:\\\/\\\/biblia.md\\\/shop\\\/\"},{\"@type\":\"ListItem\",\"position\":3,\"name\":\"Despre ceea ce \u00eenseamna sa fii p\u0103stor &#8211; O teologie a lucr\u0103rii de p\u0103storire a bisericii\"}]},{\"@type\":\"WebSite\",\"@id\":\"https:\\\/\\\/biblia.md\\\/#website\",\"url\":\"https:\\\/\\\/biblia.md\\\/\",\"name\":\"Societatea Biblic\u0103 din Moldova\",\"description\":\"\",\"publisher\":{\"@id\":\"https:\\\/\\\/biblia.md\\\/#organization\"},\"potentialAction\":[{\"@type\":\"SearchAction\",\"target\":{\"@type\":\"EntryPoint\",\"urlTemplate\":\"https:\\\/\\\/biblia.md\\\/?s={search_term_string}\"},\"query-input\":{\"@type\":\"PropertyValueSpecification\",\"valueRequired\":true,\"valueName\":\"search_term_string\"}}],\"inLanguage\":\"en-US\"},{\"@type\":\"Organization\",\"@id\":\"https:\\\/\\\/biblia.md\\\/#organization\",\"name\":\"Societatea Biblic\u0103 din Moldova\",\"url\":\"https:\\\/\\\/biblia.md\\\/\",\"logo\":{\"@type\":\"ImageObject\",\"inLanguage\":\"en-US\",\"@id\":\"https:\\\/\\\/biblia.md\\\/#\\\/schema\\\/logo\\\/image\\\/\",\"url\":\"https:\\\/\\\/biblia.md\\\/wp-content\\\/uploads\\\/2026\\\/01\\\/icon_site.jpg\",\"contentUrl\":\"https:\\\/\\\/biblia.md\\\/wp-content\\\/uploads\\\/2026\\\/01\\\/icon_site.jpg\",\"width\":656,\"height\":656,\"caption\":\"Societatea Biblic\u0103 din Moldova\"},\"image\":{\"@id\":\"https:\\\/\\\/biblia.md\\\/#\\\/schema\\\/logo\\\/image\\\/\"},\"sameAs\":[\"https:\\\/\\\/www.facebook.com\\\/SocietateaBiblicaMoldova\\\/\",\"https:\\\/\\\/www.instagram.com\\\/biblia.md\\\/\"]}]}<\/script>\n<!-- \/ Yoast SEO plugin. -->","yoast_head_json":{"title":"Despre ceea ce \u00eenseamna sa fii p\u0103stor - O teologie a lucr\u0103rii de p\u0103storire a bisericii - Societatea Biblic\u0103 din Moldova","robots":{"index":"index","follow":"follow","max-snippet":"max-snippet:-1","max-image-preview":"max-image-preview:large","max-video-preview":"max-video-preview:-1"},"canonical":"https:\/\/biblia.md\/en\/shop\/despre-ceea-ce-inseamna-sa-fii-pastor-o-teologie-a-lucrarii-de-pastorire-a-bisericii\/","og_locale":"en_US","og_type":"article","og_title":"Despre ceea ce \u00eenseamna sa fii p\u0103stor - O teologie a lucr\u0103rii de p\u0103storire a bisericii - Societatea Biblic\u0103 din Moldova","og_description":"Despre ceea ce \u00eenseamna sa fii p\u0103stor - O teologie a lucr\u0103rii de p\u0103storire a bisericii  Niciun p\u0103stor nu este perfect \u0219i niciunul nu are toate darurile pentru o slujire pastoral\u0103 f\u0103r\u0103 cusur, deoarece to\u021bi \"sunt lipsi\u021bi de slava lui Dumnezeu\".\u00a0 Cu toate acestea, exist\u0103 o chemare \u0219i exist\u0103 un dar de slujire oferit bisericilor locale pentru edificarea, p\u0103zirea, p\u0103strarea \u0219i proclamarea adev\u0103rului evanghelic.  Aceasta \u00eenalt\u0103 si sf\u00e2nt\u0103 chemare de a predica\u00a0 si de a p\u0103stori turma lui Cristos ca p\u0103stor nu este u\u0219oara, dar vine cu harul \u0219i puterea promise atunci c\u00e2nd credin\u021ba, dragostea si speran\u021ba sunt prezente \u00een viata lui.  Nevoia zilnica de a ne lua crucea \u0219i de a-L urma pe Isus este o chemare de afirmare a vie\u021bii, f\u0103r\u0103 de care slujirea p\u0103storului este lipsit\u0103 de sfin\u021benie, de prezenta duhului sf\u00e2nt \u0219i de certitudinea de care are nevoie in fiecare zi.","og_url":"https:\/\/biblia.md\/en\/shop\/despre-ceea-ce-inseamna-sa-fii-pastor-o-teologie-a-lucrarii-de-pastorire-a-bisericii\/","og_site_name":"Societatea Biblic\u0103 din Moldova","article_publisher":"https:\/\/www.facebook.com\/SocietateaBiblicaMoldova\/","article_modified_time":"2026-01-21T06:49:01+00:00","og_image":[{"width":600,"height":900,"url":"https:\/\/biblia.md\/wp-content\/uploads\/2026\/01\/0000008293.jpg","type":"image\/jpeg"}],"twitter_card":"summary_large_image","schema":{"@context":"https:\/\/schema.org","@graph":[{"@type":"WebPage","@id":"https:\/\/biblia.md\/shop\/despre-ceea-ce-inseamna-sa-fii-pastor-o-teologie-a-lucrarii-de-pastorire-a-bisericii\/","url":"https:\/\/biblia.md\/shop\/despre-ceea-ce-inseamna-sa-fii-pastor-o-teologie-a-lucrarii-de-pastorire-a-bisericii\/","name":"Despre ceea ce \u00eenseamna sa fii p\u0103stor - O teologie a lucr\u0103rii de p\u0103storire a bisericii - Societatea Biblic\u0103 din Moldova","isPartOf":{"@id":"https:\/\/biblia.md\/#website"},"primaryImageOfPage":{"@id":"https:\/\/biblia.md\/shop\/despre-ceea-ce-inseamna-sa-fii-pastor-o-teologie-a-lucrarii-de-pastorire-a-bisericii\/#primaryimage"},"image":{"@id":"https:\/\/biblia.md\/shop\/despre-ceea-ce-inseamna-sa-fii-pastor-o-teologie-a-lucrarii-de-pastorire-a-bisericii\/#primaryimage"},"thumbnailUrl":"https:\/\/biblia.md\/wp-content\/uploads\/2026\/01\/0000008293.jpg","datePublished":"2026-01-21T06:49:00+00:00","dateModified":"2026-01-21T06:49:01+00:00","breadcrumb":{"@id":"https:\/\/biblia.md\/shop\/despre-ceea-ce-inseamna-sa-fii-pastor-o-teologie-a-lucrarii-de-pastorire-a-bisericii\/#breadcrumb"},"inLanguage":"en-US","potentialAction":[{"@type":"ReadAction","target":["https:\/\/biblia.md\/shop\/despre-ceea-ce-inseamna-sa-fii-pastor-o-teologie-a-lucrarii-de-pastorire-a-bisericii\/"]}]},{"@type":"ImageObject","inLanguage":"en-US","@id":"https:\/\/biblia.md\/shop\/despre-ceea-ce-inseamna-sa-fii-pastor-o-teologie-a-lucrarii-de-pastorire-a-bisericii\/#primaryimage","url":"https:\/\/biblia.md\/wp-content\/uploads\/2026\/01\/0000008293.jpg","contentUrl":"https:\/\/biblia.md\/wp-content\/uploads\/2026\/01\/0000008293.jpg","width":600,"height":900},{"@type":"BreadcrumbList","@id":"https:\/\/biblia.md\/shop\/despre-ceea-ce-inseamna-sa-fii-pastor-o-teologie-a-lucrarii-de-pastorire-a-bisericii\/#breadcrumb","itemListElement":[{"@type":"ListItem","position":1,"name":"Prima pagin\u0103","item":"https:\/\/biblia.md\/"},{"@type":"ListItem","position":2,"name":"Shop","item":"https:\/\/biblia.md\/shop\/"},{"@type":"ListItem","position":3,"name":"Despre ceea ce \u00eenseamna sa fii p\u0103stor &#8211; O teologie a lucr\u0103rii de p\u0103storire a bisericii"}]},{"@type":"WebSite","@id":"https:\/\/biblia.md\/#website","url":"https:\/\/biblia.md\/","name":"Societatea Biblic\u0103 din Moldova","description":"","publisher":{"@id":"https:\/\/biblia.md\/#organization"},"potentialAction":[{"@type":"SearchAction","target":{"@type":"EntryPoint","urlTemplate":"https:\/\/biblia.md\/?s={search_term_string}"},"query-input":{"@type":"PropertyValueSpecification","valueRequired":true,"valueName":"search_term_string"}}],"inLanguage":"en-US"},{"@type":"Organization","@id":"https:\/\/biblia.md\/#organization","name":"Societatea Biblic\u0103 din Moldova","url":"https:\/\/biblia.md\/","logo":{"@type":"ImageObject","inLanguage":"en-US","@id":"https:\/\/biblia.md\/#\/schema\/logo\/image\/","url":"https:\/\/biblia.md\/wp-content\/uploads\/2026\/01\/icon_site.jpg","contentUrl":"https:\/\/biblia.md\/wp-content\/uploads\/2026\/01\/icon_site.jpg","width":656,"height":656,"caption":"Societatea Biblic\u0103 din Moldova"},"image":{"@id":"https:\/\/biblia.md\/#\/schema\/logo\/image\/"},"sameAs":["https:\/\/www.facebook.com\/SocietateaBiblicaMoldova\/","https:\/\/www.instagram.com\/biblia.md\/"]}]}},"_links":{"self":[{"href":"https:\/\/biblia.md\/en\/wp-json\/wp\/v2\/product\/32545","targetHints":{"allow":["GET"]}}],"collection":[{"href":"https:\/\/biblia.md\/en\/wp-json\/wp\/v2\/product"}],"about":[{"href":"https:\/\/biblia.md\/en\/wp-json\/wp\/v2\/types\/product"}],"replies":[{"embeddable":true,"href":"https:\/\/biblia.md\/en\/wp-json\/wp\/v2\/comments?post=32545"}],"version-history":[{"count":1,"href":"https:\/\/biblia.md\/en\/wp-json\/wp\/v2\/product\/32545\/revisions"}],"predecessor-version":[{"id":32547,"href":"https:\/\/biblia.md\/en\/wp-json\/wp\/v2\/product\/32545\/revisions\/32547"}],"wp:featuredmedia":[{"embeddable":true,"href":"https:\/\/biblia.md\/en\/wp-json\/wp\/v2\/media\/32546"}],"wp:attachment":[{"href":"https:\/\/biblia.md\/en\/wp-json\/wp\/v2\/media?parent=32545"}],"wp:term":[{"taxonomy":"product_brand","embeddable":true,"href":"https:\/\/biblia.md\/en\/wp-json\/wp\/v2\/product_brand?post=32545"},{"taxonomy":"product_cat","embeddable":true,"href":"https:\/\/biblia.md\/en\/wp-json\/wp\/v2\/product_cat?post=32545"},{"taxonomy":"product_tag","embeddable":true,"href":"https:\/\/biblia.md\/en\/wp-json\/wp\/v2\/product_tag?post=32545"}],"curies":[{"name":"wp","href":"https:\/\/api.w.org\/{rel}","templated":true}]}}