{"id":32570,"date":"2026-01-21T09:22:57","date_gmt":"2026-01-21T07:22:57","guid":{"rendered":"https:\/\/biblia.md\/?post_type=product&#038;p=32570"},"modified":"2026-01-21T09:22:57","modified_gmt":"2026-01-21T07:22:57","slug":"mici-intamplari-din-copilaria-unor-oameni-remarcabili","status":"publish","type":"product","link":"https:\/\/biblia.md\/en\/shop\/mici-intamplari-din-copilaria-unor-oameni-remarcabili\/","title":{"rendered":"Mici \u00cent\u00e2mpl\u0103ri Din Copilaria Unor Oameni Remarcabili"},"content":{"rendered":"<p>\u00cen sufletul micu\u021bilor eroi ai c\u0103r\u021bii reg\u0103sim semin\u021bele realiz\u0103rilor excep\u021bionale de mai t\u00e2rziu &#8211; \u00een primul r\u00e2nd curiozitatea, iar mai apoi bun\u0103tatea, dorin\u021ba de a \u00eenv\u0103\u021ba, curajul, talentul, sinceritatea \u0219i, \u00eentr-un mod aparte \u00een cazul fiec\u0103ruia, sclipirea de geniu.<\/p>\n<p><em>Mici \u00eent\u00e2mpl\u0103ri din copil\u0103ria unor oameni remarcabili<\/em>\u00a0\u00eei introduce pe cititorii s\u0103i \u00een lumea unor copii care, la v\u00e2rsta adult\u0103, aveau s\u0103 scrie Istorie cu I mare: Jean-Henri Fabre; Jane Goodall, Hans Christian Andersen, Wolfgang Amadeus Mozart, Hellen Keller, Thomas Alva Edison \u0219i Charles Chaplin.<\/p>\n<p>Evident, toate \u00eent\u00e2mpl\u0103rile relatate sunt sut\u0103 la sut\u0103 adev\u0103rate.<\/p>","protected":false},"excerpt":{"rendered":"<p>\u00cen sufletul micu\u021bilor eroi ai c\u0103r\u021bii reg\u0103sim semin\u021bele realiz\u0103rilor excep\u021bionale de mai t\u00e2rziu &#8211; \u00een primul r\u00e2nd curiozitatea, iar mai apoi bun\u0103tatea, dorin\u021ba de a \u00eenv\u0103\u021ba, curajul, talentul, sinceritatea \u0219i, \u00eentr-un mod aparte \u00een cazul fiec\u0103ruia, sclipirea de geniu.<\/p>\n<p><em>Mici \u00eent\u00e2mpl\u0103ri din copil\u0103ria unor oameni remarcabili<\/em>\u00a0\u00eei introduce pe cititorii s\u0103i \u00een lumea unor copii care, la v\u00e2rsta adult\u0103, aveau s\u0103 scrie Istorie cu I mare: Jean-Henri Fabre; Jane Goodall, Hans Christian Andersen, Wolfgang Amadeus Mozart, Hellen Keller, Thomas Alva Edison \u0219i Charles Chaplin.<\/p>\n<p>Evident, toate \u00eent\u00e2mpl\u0103rile relatate sunt sut\u0103 la sut\u0103 adev\u0103rate.<\/p>","protected":false},"featured_media":32572,"comment_status":"open","ping_status":"closed","template":"","meta":[],"product_brand":[],"product_cat":[149,364],"product_tag":[],"class_list":{"0":"post-32570","1":"product","2":"type-product","3":"status-publish","4":"has-post-thumbnail","6":"product_cat-copii","7":"product_cat-povestiri","8":"product_author-florin-bica","9":"product_genre-knigi-rom","11":"first","12":"instock","13":"shipping-taxable","14":"purchasable","15":"product-type-simple"},"yoast_head":"<!-- This site is optimized with the Yoast SEO plugin v27.3 - https:\/\/yoast.com\/product\/yoast-seo-wordpress\/ -->\n<title>Mici \u00cent\u00e2mpl\u0103ri Din Copilaria Unor Oameni Remarcabili - Societatea Biblic\u0103 din Moldova<\/title>\n<meta name=\"robots\" content=\"index, follow, max-snippet:-1, max-image-preview:large, max-video-preview:-1\" \/>\n<link rel=\"canonical\" href=\"https:\/\/biblia.md\/en\/shop\/mici-intamplari-din-copilaria-unor-oameni-remarcabili\/\" \/>\n<meta property=\"og:locale\" content=\"en_US\" \/>\n<meta property=\"og:type\" content=\"article\" \/>\n<meta property=\"og:title\" content=\"Mici \u00cent\u00e2mpl\u0103ri Din Copilaria Unor Oameni Remarcabili - Societatea Biblic\u0103 din Moldova\" \/>\n<meta property=\"og:description\" content=\"\u00cen sufletul micu\u021bilor eroi ai c\u0103r\u021bii reg\u0103sim semin\u021bele realiz\u0103rilor excep\u021bionale de mai t\u00e2rziu - \u00een primul r\u00e2nd curiozitatea, iar mai apoi bun\u0103tatea, dorin\u021ba de a \u00eenv\u0103\u021ba, curajul, talentul, sinceritatea \u0219i, \u00eentr-un mod aparte \u00een cazul fiec\u0103ruia, sclipirea de geniu.  Mici \u00eent\u00e2mpl\u0103ri din copil\u0103ria unor oameni remarcabili\u00a0\u00eei introduce pe cititorii s\u0103i \u00een lumea unor copii care, la v\u00e2rsta adult\u0103, aveau s\u0103 scrie Istorie cu I mare: Jean-Henri Fabre; Jane Goodall, Hans Christian Andersen, Wolfgang Amadeus Mozart, Hellen Keller, Thomas Alva Edison \u0219i Charles Chaplin.  Evident, toate \u00eent\u00e2mpl\u0103rile relatate sunt sut\u0103 la sut\u0103 adev\u0103rate.\" \/>\n<meta property=\"og:url\" content=\"https:\/\/biblia.md\/en\/shop\/mici-intamplari-din-copilaria-unor-oameni-remarcabili\/\" \/>\n<meta property=\"og:site_name\" content=\"Societatea Biblic\u0103 din Moldova\" \/>\n<meta property=\"article:publisher\" content=\"https:\/\/www.facebook.com\/SocietateaBiblicaMoldova\/\" \/>\n<meta property=\"og:image\" content=\"https:\/\/biblia.md\/wp-content\/uploads\/2026\/01\/0000000571.jpg\" \/>\n\t<meta property=\"og:image:width\" content=\"2506\" \/>\n\t<meta property=\"og:image:height\" content=\"2492\" \/>\n\t<meta property=\"og:image:type\" content=\"image\/jpeg\" \/>\n<meta name=\"twitter:card\" content=\"summary_large_image\" \/>\n<meta name=\"twitter:label1\" content=\"Est. reading time\" \/>\n\t<meta name=\"twitter:data1\" content=\"1 minute\" \/>\n<script type=\"application\/ld+json\" class=\"yoast-schema-graph\">{\"@context\":\"https:\\\/\\\/schema.org\",\"@graph\":[{\"@type\":\"WebPage\",\"@id\":\"https:\\\/\\\/biblia.md\\\/shop\\\/mici-intamplari-din-copilaria-unor-oameni-remarcabili\\\/\",\"url\":\"https:\\\/\\\/biblia.md\\\/shop\\\/mici-intamplari-din-copilaria-unor-oameni-remarcabili\\\/\",\"name\":\"Mici \u00cent\u00e2mpl\u0103ri Din Copilaria Unor Oameni Remarcabili - Societatea Biblic\u0103 din Moldova\",\"isPartOf\":{\"@id\":\"https:\\\/\\\/biblia.md\\\/#website\"},\"primaryImageOfPage\":{\"@id\":\"https:\\\/\\\/biblia.md\\\/shop\\\/mici-intamplari-din-copilaria-unor-oameni-remarcabili\\\/#primaryimage\"},\"image\":{\"@id\":\"https:\\\/\\\/biblia.md\\\/shop\\\/mici-intamplari-din-copilaria-unor-oameni-remarcabili\\\/#primaryimage\"},\"thumbnailUrl\":\"https:\\\/\\\/biblia.md\\\/wp-content\\\/uploads\\\/2026\\\/01\\\/0000000571.jpg\",\"datePublished\":\"2026-01-21T07:22:57+00:00\",\"breadcrumb\":{\"@id\":\"https:\\\/\\\/biblia.md\\\/shop\\\/mici-intamplari-din-copilaria-unor-oameni-remarcabili\\\/#breadcrumb\"},\"inLanguage\":\"en-US\",\"potentialAction\":[{\"@type\":\"ReadAction\",\"target\":[\"https:\\\/\\\/biblia.md\\\/shop\\\/mici-intamplari-din-copilaria-unor-oameni-remarcabili\\\/\"]}]},{\"@type\":\"ImageObject\",\"inLanguage\":\"en-US\",\"@id\":\"https:\\\/\\\/biblia.md\\\/shop\\\/mici-intamplari-din-copilaria-unor-oameni-remarcabili\\\/#primaryimage\",\"url\":\"https:\\\/\\\/biblia.md\\\/wp-content\\\/uploads\\\/2026\\\/01\\\/0000000571.jpg\",\"contentUrl\":\"https:\\\/\\\/biblia.md\\\/wp-content\\\/uploads\\\/2026\\\/01\\\/0000000571.jpg\",\"width\":2506,\"height\":2492},{\"@type\":\"BreadcrumbList\",\"@id\":\"https:\\\/\\\/biblia.md\\\/shop\\\/mici-intamplari-din-copilaria-unor-oameni-remarcabili\\\/#breadcrumb\",\"itemListElement\":[{\"@type\":\"ListItem\",\"position\":1,\"name\":\"Prima pagin\u0103\",\"item\":\"https:\\\/\\\/biblia.md\\\/\"},{\"@type\":\"ListItem\",\"position\":2,\"name\":\"Shop\",\"item\":\"https:\\\/\\\/biblia.md\\\/shop\\\/\"},{\"@type\":\"ListItem\",\"position\":3,\"name\":\"Mici \u00cent\u00e2mpl\u0103ri Din Copilaria Unor Oameni Remarcabili\"}]},{\"@type\":\"WebSite\",\"@id\":\"https:\\\/\\\/biblia.md\\\/#website\",\"url\":\"https:\\\/\\\/biblia.md\\\/\",\"name\":\"Societatea Biblic\u0103 din Moldova\",\"description\":\"\",\"publisher\":{\"@id\":\"https:\\\/\\\/biblia.md\\\/#organization\"},\"potentialAction\":[{\"@type\":\"SearchAction\",\"target\":{\"@type\":\"EntryPoint\",\"urlTemplate\":\"https:\\\/\\\/biblia.md\\\/?s={search_term_string}\"},\"query-input\":{\"@type\":\"PropertyValueSpecification\",\"valueRequired\":true,\"valueName\":\"search_term_string\"}}],\"inLanguage\":\"en-US\"},{\"@type\":\"Organization\",\"@id\":\"https:\\\/\\\/biblia.md\\\/#organization\",\"name\":\"Societatea Biblic\u0103 din Moldova\",\"url\":\"https:\\\/\\\/biblia.md\\\/\",\"logo\":{\"@type\":\"ImageObject\",\"inLanguage\":\"en-US\",\"@id\":\"https:\\\/\\\/biblia.md\\\/#\\\/schema\\\/logo\\\/image\\\/\",\"url\":\"https:\\\/\\\/biblia.md\\\/wp-content\\\/uploads\\\/2026\\\/01\\\/icon_site.jpg\",\"contentUrl\":\"https:\\\/\\\/biblia.md\\\/wp-content\\\/uploads\\\/2026\\\/01\\\/icon_site.jpg\",\"width\":656,\"height\":656,\"caption\":\"Societatea Biblic\u0103 din Moldova\"},\"image\":{\"@id\":\"https:\\\/\\\/biblia.md\\\/#\\\/schema\\\/logo\\\/image\\\/\"},\"sameAs\":[\"https:\\\/\\\/www.facebook.com\\\/SocietateaBiblicaMoldova\\\/\",\"https:\\\/\\\/www.instagram.com\\\/biblia.md\\\/\"]}]}<\/script>\n<!-- \/ Yoast SEO plugin. -->","yoast_head_json":{"title":"Mici \u00cent\u00e2mpl\u0103ri Din Copilaria Unor Oameni Remarcabili - Societatea Biblic\u0103 din Moldova","robots":{"index":"index","follow":"follow","max-snippet":"max-snippet:-1","max-image-preview":"max-image-preview:large","max-video-preview":"max-video-preview:-1"},"canonical":"https:\/\/biblia.md\/en\/shop\/mici-intamplari-din-copilaria-unor-oameni-remarcabili\/","og_locale":"en_US","og_type":"article","og_title":"Mici \u00cent\u00e2mpl\u0103ri Din Copilaria Unor Oameni Remarcabili - Societatea Biblic\u0103 din Moldova","og_description":"\u00cen sufletul micu\u021bilor eroi ai c\u0103r\u021bii reg\u0103sim semin\u021bele realiz\u0103rilor excep\u021bionale de mai t\u00e2rziu - \u00een primul r\u00e2nd curiozitatea, iar mai apoi bun\u0103tatea, dorin\u021ba de a \u00eenv\u0103\u021ba, curajul, talentul, sinceritatea \u0219i, \u00eentr-un mod aparte \u00een cazul fiec\u0103ruia, sclipirea de geniu.  Mici \u00eent\u00e2mpl\u0103ri din copil\u0103ria unor oameni remarcabili\u00a0\u00eei introduce pe cititorii s\u0103i \u00een lumea unor copii care, la v\u00e2rsta adult\u0103, aveau s\u0103 scrie Istorie cu I mare: Jean-Henri Fabre; Jane Goodall, Hans Christian Andersen, Wolfgang Amadeus Mozart, Hellen Keller, Thomas Alva Edison \u0219i Charles Chaplin.  Evident, toate \u00eent\u00e2mpl\u0103rile relatate sunt sut\u0103 la sut\u0103 adev\u0103rate.","og_url":"https:\/\/biblia.md\/en\/shop\/mici-intamplari-din-copilaria-unor-oameni-remarcabili\/","og_site_name":"Societatea Biblic\u0103 din Moldova","article_publisher":"https:\/\/www.facebook.com\/SocietateaBiblicaMoldova\/","og_image":[{"width":2506,"height":2492,"url":"https:\/\/biblia.md\/wp-content\/uploads\/2026\/01\/0000000571.jpg","type":"image\/jpeg"}],"twitter_card":"summary_large_image","twitter_misc":{"Est. reading time":"1 minute"},"schema":{"@context":"https:\/\/schema.org","@graph":[{"@type":"WebPage","@id":"https:\/\/biblia.md\/shop\/mici-intamplari-din-copilaria-unor-oameni-remarcabili\/","url":"https:\/\/biblia.md\/shop\/mici-intamplari-din-copilaria-unor-oameni-remarcabili\/","name":"Mici \u00cent\u00e2mpl\u0103ri Din Copilaria Unor Oameni Remarcabili - Societatea Biblic\u0103 din Moldova","isPartOf":{"@id":"https:\/\/biblia.md\/#website"},"primaryImageOfPage":{"@id":"https:\/\/biblia.md\/shop\/mici-intamplari-din-copilaria-unor-oameni-remarcabili\/#primaryimage"},"image":{"@id":"https:\/\/biblia.md\/shop\/mici-intamplari-din-copilaria-unor-oameni-remarcabili\/#primaryimage"},"thumbnailUrl":"https:\/\/biblia.md\/wp-content\/uploads\/2026\/01\/0000000571.jpg","datePublished":"2026-01-21T07:22:57+00:00","breadcrumb":{"@id":"https:\/\/biblia.md\/shop\/mici-intamplari-din-copilaria-unor-oameni-remarcabili\/#breadcrumb"},"inLanguage":"en-US","potentialAction":[{"@type":"ReadAction","target":["https:\/\/biblia.md\/shop\/mici-intamplari-din-copilaria-unor-oameni-remarcabili\/"]}]},{"@type":"ImageObject","inLanguage":"en-US","@id":"https:\/\/biblia.md\/shop\/mici-intamplari-din-copilaria-unor-oameni-remarcabili\/#primaryimage","url":"https:\/\/biblia.md\/wp-content\/uploads\/2026\/01\/0000000571.jpg","contentUrl":"https:\/\/biblia.md\/wp-content\/uploads\/2026\/01\/0000000571.jpg","width":2506,"height":2492},{"@type":"BreadcrumbList","@id":"https:\/\/biblia.md\/shop\/mici-intamplari-din-copilaria-unor-oameni-remarcabili\/#breadcrumb","itemListElement":[{"@type":"ListItem","position":1,"name":"Prima pagin\u0103","item":"https:\/\/biblia.md\/"},{"@type":"ListItem","position":2,"name":"Shop","item":"https:\/\/biblia.md\/shop\/"},{"@type":"ListItem","position":3,"name":"Mici \u00cent\u00e2mpl\u0103ri Din Copilaria Unor Oameni Remarcabili"}]},{"@type":"WebSite","@id":"https:\/\/biblia.md\/#website","url":"https:\/\/biblia.md\/","name":"Societatea Biblic\u0103 din Moldova","description":"","publisher":{"@id":"https:\/\/biblia.md\/#organization"},"potentialAction":[{"@type":"SearchAction","target":{"@type":"EntryPoint","urlTemplate":"https:\/\/biblia.md\/?s={search_term_string}"},"query-input":{"@type":"PropertyValueSpecification","valueRequired":true,"valueName":"search_term_string"}}],"inLanguage":"en-US"},{"@type":"Organization","@id":"https:\/\/biblia.md\/#organization","name":"Societatea Biblic\u0103 din Moldova","url":"https:\/\/biblia.md\/","logo":{"@type":"ImageObject","inLanguage":"en-US","@id":"https:\/\/biblia.md\/#\/schema\/logo\/image\/","url":"https:\/\/biblia.md\/wp-content\/uploads\/2026\/01\/icon_site.jpg","contentUrl":"https:\/\/biblia.md\/wp-content\/uploads\/2026\/01\/icon_site.jpg","width":656,"height":656,"caption":"Societatea Biblic\u0103 din Moldova"},"image":{"@id":"https:\/\/biblia.md\/#\/schema\/logo\/image\/"},"sameAs":["https:\/\/www.facebook.com\/SocietateaBiblicaMoldova\/","https:\/\/www.instagram.com\/biblia.md\/"]}]}},"_links":{"self":[{"href":"https:\/\/biblia.md\/en\/wp-json\/wp\/v2\/product\/32570","targetHints":{"allow":["GET"]}}],"collection":[{"href":"https:\/\/biblia.md\/en\/wp-json\/wp\/v2\/product"}],"about":[{"href":"https:\/\/biblia.md\/en\/wp-json\/wp\/v2\/types\/product"}],"replies":[{"embeddable":true,"href":"https:\/\/biblia.md\/en\/wp-json\/wp\/v2\/comments?post=32570"}],"version-history":[{"count":1,"href":"https:\/\/biblia.md\/en\/wp-json\/wp\/v2\/product\/32570\/revisions"}],"predecessor-version":[{"id":32573,"href":"https:\/\/biblia.md\/en\/wp-json\/wp\/v2\/product\/32570\/revisions\/32573"}],"wp:featuredmedia":[{"embeddable":true,"href":"https:\/\/biblia.md\/en\/wp-json\/wp\/v2\/media\/32572"}],"wp:attachment":[{"href":"https:\/\/biblia.md\/en\/wp-json\/wp\/v2\/media?parent=32570"}],"wp:term":[{"taxonomy":"product_brand","embeddable":true,"href":"https:\/\/biblia.md\/en\/wp-json\/wp\/v2\/product_brand?post=32570"},{"taxonomy":"product_cat","embeddable":true,"href":"https:\/\/biblia.md\/en\/wp-json\/wp\/v2\/product_cat?post=32570"},{"taxonomy":"product_tag","embeddable":true,"href":"https:\/\/biblia.md\/en\/wp-json\/wp\/v2\/product_tag?post=32570"}],"curies":[{"name":"wp","href":"https:\/\/api.w.org\/{rel}","templated":true}]}}