{"id":32682,"date":"2026-01-21T11:15:07","date_gmt":"2026-01-21T09:15:07","guid":{"rendered":"https:\/\/biblia.md\/?post_type=product&#038;p=32682"},"modified":"2026-01-21T13:43:02","modified_gmt":"2026-01-21T11:43:02","slug":"dictionar-de-teologi-crestini","status":"publish","type":"product","link":"https:\/\/biblia.md\/en\/shop\/dictionar-de-teologi-crestini\/","title":{"rendered":"Dictionar de teologi crestini"},"content":{"rendered":"","protected":false},"excerpt":{"rendered":"<p>Ioan Tamas ne surprinde cu publicarea unui <em>Dictionar de teologi crestini<\/em>, \u00een care a dorit \u201esa furnizeze principalele informatii referitoare la viata, opera si importanta a numerosi teologi, de la \u00eenceputurile crestinismului p\u00e2na \u00een zilele noastre\u201d.<\/p>\n<p>\u00cen prefata, parintele se \u00eentreaba: \u201eCe este un teolog?\u201d Raspunsul: \u201e\u00cen sens strict, este persoana care cerceteaza, aprofundeaza si prezinta \u00een mod stiintific Revelatia divina. \u00cen sens larg, este persoana care trateaza despre Dumnezeu si lucrurile sfinte\u201d. Fidel acestui raspuns, autorul explica faptul ca a \u00eencercat sa includa \u00een acest dictionar \u201eat\u00e2t teologii din prima categorie sau teologii de profesie, marii creatori de sisteme teologice, c\u00e2t si o mare parte dintre cei care, \u00een decursul istoriei Bisericii, s-au remarcat \u00een activitatea didactica din marile scoli si facultati teologice sau \u00een activitatea de propovaduire a adevarurilor crestine\u201d. Unul dintre multele merite ale acestui Dictionar este deschiderea sa ecumenica, \u00eentruc\u00e2t autorul a inclus \u00een lista at\u00e2t pe teologii catolici, c\u00e2t si pe cei ortodocsi si protestanti, care au avut un rol important \u00een istoria teologiei.<\/p>\n<p>Fiecare articol cuprinde datele esentiale din viata teologului respectiv, operele principale, precum si rolul pe care l-a avut \u00een dezbaterea teologica a timpului sau. De asemenea, la sf\u00e2rsitul fiecarui articol se gaseste o scurta bibliografie, care cuprinde at\u00e2t editii ale operelor publicate ale teologului, c\u00e2t si studii despre viata si opera sa.<\/p>","protected":false},"featured_media":32699,"comment_status":"open","ping_status":"closed","template":"","meta":[],"product_brand":[],"product_cat":[377,392],"product_tag":[],"class_list":{"0":"post-32682","1":"product","2":"type-product","3":"status-publish","4":"has-post-thumbnail","6":"product_cat-carti","7":"product_cat-comentarii-biblice","8":"product_author-ioan-tamas","9":"product_genre-knigi-rom","11":"first","12":"instock","13":"shipping-taxable","14":"purchasable","15":"product-type-simple"},"yoast_head":"<!-- This site is optimized with the Yoast SEO plugin v27.3 - https:\/\/yoast.com\/product\/yoast-seo-wordpress\/ -->\n<title>Dictionar de teologi crestini - Societatea Biblic\u0103 din Moldova<\/title>\n<meta name=\"robots\" content=\"index, follow, max-snippet:-1, max-image-preview:large, max-video-preview:-1\" \/>\n<link rel=\"canonical\" href=\"https:\/\/biblia.md\/en\/shop\/dictionar-de-teologi-crestini\/\" \/>\n<meta property=\"og:locale\" content=\"en_US\" \/>\n<meta property=\"og:type\" content=\"article\" \/>\n<meta property=\"og:title\" content=\"Dictionar de teologi crestini - Societatea Biblic\u0103 din Moldova\" \/>\n<meta property=\"og:description\" content=\"Ioan Tamas ne surprinde cu publicarea unui Dictionar de teologi crestini, \u00een care a dorit \u201esa furnizeze principalele informatii referitoare la viata, opera si importanta a numerosi teologi, de la \u00eenceputurile crestinismului p\u00e2na \u00een zilele noastre\u201d.  \u00cen prefata, parintele se \u00eentreaba: \u201eCe este un teolog?\u201d Raspunsul: \u201e\u00cen sens strict, este persoana care cerceteaza, aprofundeaza si prezinta \u00een mod stiintific Revelatia divina. \u00cen sens larg, este persoana care trateaza despre Dumnezeu si lucrurile sfinte\u201d. Fidel acestui raspuns, autorul explica faptul ca a \u00eencercat sa includa \u00een acest dictionar \u201eat\u00e2t teologii din prima categorie sau teologii de profesie, marii creatori de sisteme teologice, c\u00e2t si o mare parte dintre cei care, \u00een decursul istoriei Bisericii, s-au remarcat \u00een activitatea didactica din marile scoli si facultati teologice sau \u00een activitatea de propovaduire a adevarurilor crestine\u201d. Unul dintre multele merite ale acestui Dictionar este deschiderea sa ecumenica, \u00eentruc\u00e2t autorul a inclus \u00een lista at\u00e2t pe teologii catolici, c\u00e2t si pe cei ortodocsi si protestanti, care au avut un rol important \u00een istoria teologiei.  Fiecare articol cuprinde datele esentiale din viata teologului respectiv, operele principale, precum si rolul pe care l-a avut \u00een dezbaterea teologica a timpului sau. De asemenea, la sf\u00e2rsitul fiecarui articol se gaseste o scurta bibliografie, care cuprinde at\u00e2t editii ale operelor publicate ale teologului, c\u00e2t si studii despre viata si opera sa.\" \/>\n<meta property=\"og:url\" content=\"https:\/\/biblia.md\/en\/shop\/dictionar-de-teologi-crestini\/\" \/>\n<meta property=\"og:site_name\" content=\"Societatea Biblic\u0103 din Moldova\" \/>\n<meta property=\"article:publisher\" content=\"https:\/\/www.facebook.com\/SocietateaBiblicaMoldova\/\" \/>\n<meta property=\"article:modified_time\" content=\"2026-01-21T11:43:02+00:00\" \/>\n<meta property=\"og:image\" content=\"https:\/\/biblia.md\/wp-content\/uploads\/2026\/01\/img_7103-682x1024.png\" \/>\n\t<meta property=\"og:image:width\" content=\"682\" \/>\n\t<meta property=\"og:image:height\" content=\"1024\" \/>\n\t<meta property=\"og:image:type\" content=\"image\/png\" \/>\n<meta name=\"twitter:card\" content=\"summary_large_image\" \/>\n<script type=\"application\/ld+json\" class=\"yoast-schema-graph\">{\"@context\":\"https:\\\/\\\/schema.org\",\"@graph\":[{\"@type\":\"WebPage\",\"@id\":\"https:\\\/\\\/biblia.md\\\/shop\\\/dictionar-de-teologi-crestini\\\/\",\"url\":\"https:\\\/\\\/biblia.md\\\/shop\\\/dictionar-de-teologi-crestini\\\/\",\"name\":\"Dictionar de teologi crestini - Societatea Biblic\u0103 din Moldova\",\"isPartOf\":{\"@id\":\"https:\\\/\\\/biblia.md\\\/#website\"},\"primaryImageOfPage\":{\"@id\":\"https:\\\/\\\/biblia.md\\\/shop\\\/dictionar-de-teologi-crestini\\\/#primaryimage\"},\"image\":{\"@id\":\"https:\\\/\\\/biblia.md\\\/shop\\\/dictionar-de-teologi-crestini\\\/#primaryimage\"},\"thumbnailUrl\":\"https:\\\/\\\/biblia.md\\\/wp-content\\\/uploads\\\/2026\\\/01\\\/img_7103.png\",\"datePublished\":\"2026-01-21T09:15:07+00:00\",\"dateModified\":\"2026-01-21T11:43:02+00:00\",\"breadcrumb\":{\"@id\":\"https:\\\/\\\/biblia.md\\\/shop\\\/dictionar-de-teologi-crestini\\\/#breadcrumb\"},\"inLanguage\":\"en-US\",\"potentialAction\":[{\"@type\":\"ReadAction\",\"target\":[\"https:\\\/\\\/biblia.md\\\/shop\\\/dictionar-de-teologi-crestini\\\/\"]}]},{\"@type\":\"ImageObject\",\"inLanguage\":\"en-US\",\"@id\":\"https:\\\/\\\/biblia.md\\\/shop\\\/dictionar-de-teologi-crestini\\\/#primaryimage\",\"url\":\"https:\\\/\\\/biblia.md\\\/wp-content\\\/uploads\\\/2026\\\/01\\\/img_7103.png\",\"contentUrl\":\"https:\\\/\\\/biblia.md\\\/wp-content\\\/uploads\\\/2026\\\/01\\\/img_7103.png\",\"width\":1364,\"height\":2048},{\"@type\":\"BreadcrumbList\",\"@id\":\"https:\\\/\\\/biblia.md\\\/shop\\\/dictionar-de-teologi-crestini\\\/#breadcrumb\",\"itemListElement\":[{\"@type\":\"ListItem\",\"position\":1,\"name\":\"Prima pagin\u0103\",\"item\":\"https:\\\/\\\/biblia.md\\\/\"},{\"@type\":\"ListItem\",\"position\":2,\"name\":\"Shop\",\"item\":\"https:\\\/\\\/biblia.md\\\/shop\\\/\"},{\"@type\":\"ListItem\",\"position\":3,\"name\":\"Dictionar de teologi crestini\"}]},{\"@type\":\"WebSite\",\"@id\":\"https:\\\/\\\/biblia.md\\\/#website\",\"url\":\"https:\\\/\\\/biblia.md\\\/\",\"name\":\"Societatea Biblic\u0103 din Moldova\",\"description\":\"\",\"publisher\":{\"@id\":\"https:\\\/\\\/biblia.md\\\/#organization\"},\"potentialAction\":[{\"@type\":\"SearchAction\",\"target\":{\"@type\":\"EntryPoint\",\"urlTemplate\":\"https:\\\/\\\/biblia.md\\\/?s={search_term_string}\"},\"query-input\":{\"@type\":\"PropertyValueSpecification\",\"valueRequired\":true,\"valueName\":\"search_term_string\"}}],\"inLanguage\":\"en-US\"},{\"@type\":\"Organization\",\"@id\":\"https:\\\/\\\/biblia.md\\\/#organization\",\"name\":\"Societatea Biblic\u0103 din Moldova\",\"url\":\"https:\\\/\\\/biblia.md\\\/\",\"logo\":{\"@type\":\"ImageObject\",\"inLanguage\":\"en-US\",\"@id\":\"https:\\\/\\\/biblia.md\\\/#\\\/schema\\\/logo\\\/image\\\/\",\"url\":\"https:\\\/\\\/biblia.md\\\/wp-content\\\/uploads\\\/2026\\\/01\\\/icon_site.jpg\",\"contentUrl\":\"https:\\\/\\\/biblia.md\\\/wp-content\\\/uploads\\\/2026\\\/01\\\/icon_site.jpg\",\"width\":656,\"height\":656,\"caption\":\"Societatea Biblic\u0103 din Moldova\"},\"image\":{\"@id\":\"https:\\\/\\\/biblia.md\\\/#\\\/schema\\\/logo\\\/image\\\/\"},\"sameAs\":[\"https:\\\/\\\/www.facebook.com\\\/SocietateaBiblicaMoldova\\\/\",\"https:\\\/\\\/www.instagram.com\\\/biblia.md\\\/\"]}]}<\/script>\n<!-- \/ Yoast SEO plugin. -->","yoast_head_json":{"title":"Dictionar de teologi crestini - Societatea Biblic\u0103 din Moldova","robots":{"index":"index","follow":"follow","max-snippet":"max-snippet:-1","max-image-preview":"max-image-preview:large","max-video-preview":"max-video-preview:-1"},"canonical":"https:\/\/biblia.md\/en\/shop\/dictionar-de-teologi-crestini\/","og_locale":"en_US","og_type":"article","og_title":"Dictionar de teologi crestini - Societatea Biblic\u0103 din Moldova","og_description":"Ioan Tamas ne surprinde cu publicarea unui Dictionar de teologi crestini, \u00een care a dorit \u201esa furnizeze principalele informatii referitoare la viata, opera si importanta a numerosi teologi, de la \u00eenceputurile crestinismului p\u00e2na \u00een zilele noastre\u201d.  \u00cen prefata, parintele se \u00eentreaba: \u201eCe este un teolog?\u201d Raspunsul: \u201e\u00cen sens strict, este persoana care cerceteaza, aprofundeaza si prezinta \u00een mod stiintific Revelatia divina. \u00cen sens larg, este persoana care trateaza despre Dumnezeu si lucrurile sfinte\u201d. Fidel acestui raspuns, autorul explica faptul ca a \u00eencercat sa includa \u00een acest dictionar \u201eat\u00e2t teologii din prima categorie sau teologii de profesie, marii creatori de sisteme teologice, c\u00e2t si o mare parte dintre cei care, \u00een decursul istoriei Bisericii, s-au remarcat \u00een activitatea didactica din marile scoli si facultati teologice sau \u00een activitatea de propovaduire a adevarurilor crestine\u201d. Unul dintre multele merite ale acestui Dictionar este deschiderea sa ecumenica, \u00eentruc\u00e2t autorul a inclus \u00een lista at\u00e2t pe teologii catolici, c\u00e2t si pe cei ortodocsi si protestanti, care au avut un rol important \u00een istoria teologiei.  Fiecare articol cuprinde datele esentiale din viata teologului respectiv, operele principale, precum si rolul pe care l-a avut \u00een dezbaterea teologica a timpului sau. De asemenea, la sf\u00e2rsitul fiecarui articol se gaseste o scurta bibliografie, care cuprinde at\u00e2t editii ale operelor publicate ale teologului, c\u00e2t si studii despre viata si opera sa.","og_url":"https:\/\/biblia.md\/en\/shop\/dictionar-de-teologi-crestini\/","og_site_name":"Societatea Biblic\u0103 din Moldova","article_publisher":"https:\/\/www.facebook.com\/SocietateaBiblicaMoldova\/","article_modified_time":"2026-01-21T11:43:02+00:00","og_image":[{"width":682,"height":1024,"url":"https:\/\/biblia.md\/wp-content\/uploads\/2026\/01\/img_7103-682x1024.png","type":"image\/png"}],"twitter_card":"summary_large_image","schema":{"@context":"https:\/\/schema.org","@graph":[{"@type":"WebPage","@id":"https:\/\/biblia.md\/shop\/dictionar-de-teologi-crestini\/","url":"https:\/\/biblia.md\/shop\/dictionar-de-teologi-crestini\/","name":"Dictionar de teologi crestini - Societatea Biblic\u0103 din Moldova","isPartOf":{"@id":"https:\/\/biblia.md\/#website"},"primaryImageOfPage":{"@id":"https:\/\/biblia.md\/shop\/dictionar-de-teologi-crestini\/#primaryimage"},"image":{"@id":"https:\/\/biblia.md\/shop\/dictionar-de-teologi-crestini\/#primaryimage"},"thumbnailUrl":"https:\/\/biblia.md\/wp-content\/uploads\/2026\/01\/img_7103.png","datePublished":"2026-01-21T09:15:07+00:00","dateModified":"2026-01-21T11:43:02+00:00","breadcrumb":{"@id":"https:\/\/biblia.md\/shop\/dictionar-de-teologi-crestini\/#breadcrumb"},"inLanguage":"en-US","potentialAction":[{"@type":"ReadAction","target":["https:\/\/biblia.md\/shop\/dictionar-de-teologi-crestini\/"]}]},{"@type":"ImageObject","inLanguage":"en-US","@id":"https:\/\/biblia.md\/shop\/dictionar-de-teologi-crestini\/#primaryimage","url":"https:\/\/biblia.md\/wp-content\/uploads\/2026\/01\/img_7103.png","contentUrl":"https:\/\/biblia.md\/wp-content\/uploads\/2026\/01\/img_7103.png","width":1364,"height":2048},{"@type":"BreadcrumbList","@id":"https:\/\/biblia.md\/shop\/dictionar-de-teologi-crestini\/#breadcrumb","itemListElement":[{"@type":"ListItem","position":1,"name":"Prima pagin\u0103","item":"https:\/\/biblia.md\/"},{"@type":"ListItem","position":2,"name":"Shop","item":"https:\/\/biblia.md\/shop\/"},{"@type":"ListItem","position":3,"name":"Dictionar de teologi crestini"}]},{"@type":"WebSite","@id":"https:\/\/biblia.md\/#website","url":"https:\/\/biblia.md\/","name":"Societatea Biblic\u0103 din Moldova","description":"","publisher":{"@id":"https:\/\/biblia.md\/#organization"},"potentialAction":[{"@type":"SearchAction","target":{"@type":"EntryPoint","urlTemplate":"https:\/\/biblia.md\/?s={search_term_string}"},"query-input":{"@type":"PropertyValueSpecification","valueRequired":true,"valueName":"search_term_string"}}],"inLanguage":"en-US"},{"@type":"Organization","@id":"https:\/\/biblia.md\/#organization","name":"Societatea Biblic\u0103 din Moldova","url":"https:\/\/biblia.md\/","logo":{"@type":"ImageObject","inLanguage":"en-US","@id":"https:\/\/biblia.md\/#\/schema\/logo\/image\/","url":"https:\/\/biblia.md\/wp-content\/uploads\/2026\/01\/icon_site.jpg","contentUrl":"https:\/\/biblia.md\/wp-content\/uploads\/2026\/01\/icon_site.jpg","width":656,"height":656,"caption":"Societatea Biblic\u0103 din Moldova"},"image":{"@id":"https:\/\/biblia.md\/#\/schema\/logo\/image\/"},"sameAs":["https:\/\/www.facebook.com\/SocietateaBiblicaMoldova\/","https:\/\/www.instagram.com\/biblia.md\/"]}]}},"_links":{"self":[{"href":"https:\/\/biblia.md\/en\/wp-json\/wp\/v2\/product\/32682","targetHints":{"allow":["GET"]}}],"collection":[{"href":"https:\/\/biblia.md\/en\/wp-json\/wp\/v2\/product"}],"about":[{"href":"https:\/\/biblia.md\/en\/wp-json\/wp\/v2\/types\/product"}],"replies":[{"embeddable":true,"href":"https:\/\/biblia.md\/en\/wp-json\/wp\/v2\/comments?post=32682"}],"version-history":[{"count":1,"href":"https:\/\/biblia.md\/en\/wp-json\/wp\/v2\/product\/32682\/revisions"}],"predecessor-version":[{"id":32691,"href":"https:\/\/biblia.md\/en\/wp-json\/wp\/v2\/product\/32682\/revisions\/32691"}],"wp:featuredmedia":[{"embeddable":true,"href":"https:\/\/biblia.md\/en\/wp-json\/wp\/v2\/media\/32699"}],"wp:attachment":[{"href":"https:\/\/biblia.md\/en\/wp-json\/wp\/v2\/media?parent=32682"}],"wp:term":[{"taxonomy":"product_brand","embeddable":true,"href":"https:\/\/biblia.md\/en\/wp-json\/wp\/v2\/product_brand?post=32682"},{"taxonomy":"product_cat","embeddable":true,"href":"https:\/\/biblia.md\/en\/wp-json\/wp\/v2\/product_cat?post=32682"},{"taxonomy":"product_tag","embeddable":true,"href":"https:\/\/biblia.md\/en\/wp-json\/wp\/v2\/product_tag?post=32682"}],"curies":[{"name":"wp","href":"https:\/\/api.w.org\/{rel}","templated":true}]}}