{"id":32684,"date":"2026-01-21T11:14:50","date_gmt":"2026-01-21T09:14:50","guid":{"rendered":"https:\/\/biblia.md\/?post_type=product&#038;p=32684"},"modified":"2026-02-11T08:35:06","modified_gmt":"2026-02-11T06:35:06","slug":"poeziile-padurii","status":"publish","type":"product","link":"https:\/\/biblia.md\/en\/shop\/poeziile-padurii\/","title":{"rendered":"Poeziile Padurii"},"content":{"rendered":"<p>Versurile din acest volum ne \u00eentorc pe to\u021bi, copii \u0219i adul\u021bi deopotriv\u0103, spre natur\u0103 \u0219i, prin intermediul ei, spre naturale\u021be, ajut\u00e2ndu-ne s\u0103 redescoperim nu doar frumuse\u021bile mediului \u00eenconjur\u0103tor, ci \u0219i frumosul ca o categorie a esteticii. Prin\u00a0<em>Poeziile p\u0103durii<\/em>\u00a0ne uimim \u00een fa\u021ba miracolului vie\u021bii, poposim \u00een lumini\u0219urile p\u0103durii doar pentru a reg\u0103si lumina din sufletul nostru \u0219i ne l\u0103s\u0103m purta\u021bi \u00een ritmuri line spre ad\u00e2ncurile codrului, acolo unde pare c\u0103 eternitatea \u0219i-a f\u0103cut s\u0103la\u0219.<\/p>\n<p>Copiii vor g\u0103si \u00een\u00a0<em>Poeziile p\u0103durii<\/em>\u00a0o binevenit\u0103 ocazie de a iubi natura din ce \u00een ce mai mult.<\/p>","protected":false},"excerpt":{"rendered":"<p>Versurile din acest volum ne \u00eentorc pe to\u021bi, copii \u0219i adul\u021bi deopotriv\u0103, spre natur\u0103 \u0219i, prin intermediul ei, spre naturale\u021be, ajut\u00e2ndu-ne s\u0103 redescoperim nu doar frumuse\u021bile mediului \u00eenconjur\u0103tor, ci \u0219i frumosul ca o categorie a esteticii. Prin\u00a0<em>Poeziile p\u0103durii<\/em>\u00a0ne uimim \u00een fa\u021ba miracolului vie\u021bii, poposim \u00een lumini\u0219urile p\u0103durii doar pentru a reg\u0103si lumina din sufletul nostru \u0219i ne l\u0103s\u0103m purta\u021bi \u00een ritmuri line spre ad\u00e2ncurile codrului, acolo unde pare c\u0103 eternitatea \u0219i-a f\u0103cut s\u0103la\u0219.<\/p>\n<p>Copiii vor g\u0103si \u00een\u00a0<em>Poeziile p\u0103durii<\/em>\u00a0o binevenit\u0103 ocazie de a iubi natura din ce \u00een ce mai mult.<\/p>","protected":false},"featured_media":34734,"comment_status":"open","ping_status":"closed","template":"","meta":[],"product_brand":[],"product_cat":[149,366],"product_tag":[],"class_list":{"0":"post-32684","1":"product","2":"type-product","3":"status-publish","4":"has-post-thumbnail","6":"product_cat-copii","7":"product_cat-poezii-pentru-copii","8":"product_author-roxana-lupu","9":"product_genre-knigi-rom","11":"first","12":"instock","13":"shipping-taxable","14":"purchasable","15":"product-type-simple"},"yoast_head":"<!-- This site is optimized with the Yoast SEO plugin v27.3 - https:\/\/yoast.com\/product\/yoast-seo-wordpress\/ -->\n<title>Poeziile Padurii - Societatea Biblic\u0103 din Moldova<\/title>\n<meta name=\"robots\" content=\"index, follow, max-snippet:-1, max-image-preview:large, max-video-preview:-1\" \/>\n<link rel=\"canonical\" href=\"https:\/\/biblia.md\/en\/shop\/poeziile-padurii\/\" \/>\n<meta property=\"og:locale\" content=\"en_US\" \/>\n<meta property=\"og:type\" content=\"article\" \/>\n<meta property=\"og:title\" content=\"Poeziile Padurii - Societatea Biblic\u0103 din Moldova\" \/>\n<meta property=\"og:description\" content=\"Versurile din acest volum ne \u00eentorc pe to\u021bi, copii \u0219i adul\u021bi deopotriv\u0103, spre natur\u0103 \u0219i, prin intermediul ei, spre naturale\u021be, ajut\u00e2ndu-ne s\u0103 redescoperim nu doar frumuse\u021bile mediului \u00eenconjur\u0103tor, ci \u0219i frumosul ca o categorie a esteticii. Prin\u00a0Poeziile p\u0103durii\u00a0ne uimim \u00een fa\u021ba miracolului vie\u021bii, poposim \u00een lumini\u0219urile p\u0103durii doar pentru a reg\u0103si lumina din sufletul nostru \u0219i ne l\u0103s\u0103m purta\u021bi \u00een ritmuri line spre ad\u00e2ncurile codrului, acolo unde pare c\u0103 eternitatea \u0219i-a f\u0103cut s\u0103la\u0219.  Copiii vor g\u0103si \u00een\u00a0Poeziile p\u0103durii\u00a0o binevenit\u0103 ocazie de a iubi natura din ce \u00een ce mai mult.\" \/>\n<meta property=\"og:url\" content=\"https:\/\/biblia.md\/en\/shop\/poeziile-padurii\/\" \/>\n<meta property=\"og:site_name\" content=\"Societatea Biblic\u0103 din Moldova\" \/>\n<meta property=\"article:publisher\" content=\"https:\/\/www.facebook.com\/SocietateaBiblicaMoldova\/\" \/>\n<meta property=\"article:modified_time\" content=\"2026-02-11T06:35:06+00:00\" \/>\n<meta property=\"og:image\" content=\"https:\/\/biblia.md\/wp-content\/uploads\/2026\/01\/9570591a99d513d790.00004058.jpg\" \/>\n\t<meta property=\"og:image:width\" content=\"369\" \/>\n\t<meta property=\"og:image:height\" content=\"550\" \/>\n\t<meta property=\"og:image:type\" content=\"image\/jpeg\" \/>\n<meta name=\"twitter:card\" content=\"summary_large_image\" \/>\n<meta name=\"twitter:label1\" content=\"Est. reading time\" \/>\n\t<meta name=\"twitter:data1\" content=\"1 minute\" \/>\n<script type=\"application\/ld+json\" class=\"yoast-schema-graph\">{\"@context\":\"https:\\\/\\\/schema.org\",\"@graph\":[{\"@type\":\"WebPage\",\"@id\":\"https:\\\/\\\/biblia.md\\\/shop\\\/poeziile-padurii\\\/\",\"url\":\"https:\\\/\\\/biblia.md\\\/shop\\\/poeziile-padurii\\\/\",\"name\":\"Poeziile Padurii - Societatea Biblic\u0103 din Moldova\",\"isPartOf\":{\"@id\":\"https:\\\/\\\/biblia.md\\\/#website\"},\"primaryImageOfPage\":{\"@id\":\"https:\\\/\\\/biblia.md\\\/shop\\\/poeziile-padurii\\\/#primaryimage\"},\"image\":{\"@id\":\"https:\\\/\\\/biblia.md\\\/shop\\\/poeziile-padurii\\\/#primaryimage\"},\"thumbnailUrl\":\"https:\\\/\\\/biblia.md\\\/wp-content\\\/uploads\\\/2026\\\/01\\\/921bdc12-8087-4681-a392-648d23943cc1.png\",\"datePublished\":\"2026-01-21T09:14:50+00:00\",\"dateModified\":\"2026-02-11T06:35:06+00:00\",\"breadcrumb\":{\"@id\":\"https:\\\/\\\/biblia.md\\\/shop\\\/poeziile-padurii\\\/#breadcrumb\"},\"inLanguage\":\"en-US\",\"potentialAction\":[{\"@type\":\"ReadAction\",\"target\":[\"https:\\\/\\\/biblia.md\\\/shop\\\/poeziile-padurii\\\/\"]}]},{\"@type\":\"ImageObject\",\"inLanguage\":\"en-US\",\"@id\":\"https:\\\/\\\/biblia.md\\\/shop\\\/poeziile-padurii\\\/#primaryimage\",\"url\":\"https:\\\/\\\/biblia.md\\\/wp-content\\\/uploads\\\/2026\\\/01\\\/921bdc12-8087-4681-a392-648d23943cc1.png\",\"contentUrl\":\"https:\\\/\\\/biblia.md\\\/wp-content\\\/uploads\\\/2026\\\/01\\\/921bdc12-8087-4681-a392-648d23943cc1.png\",\"width\":1024,\"height\":1536},{\"@type\":\"BreadcrumbList\",\"@id\":\"https:\\\/\\\/biblia.md\\\/shop\\\/poeziile-padurii\\\/#breadcrumb\",\"itemListElement\":[{\"@type\":\"ListItem\",\"position\":1,\"name\":\"Prima pagin\u0103\",\"item\":\"https:\\\/\\\/biblia.md\\\/\"},{\"@type\":\"ListItem\",\"position\":2,\"name\":\"Shop\",\"item\":\"https:\\\/\\\/biblia.md\\\/shop\\\/\"},{\"@type\":\"ListItem\",\"position\":3,\"name\":\"Poeziile Padurii\"}]},{\"@type\":\"WebSite\",\"@id\":\"https:\\\/\\\/biblia.md\\\/#website\",\"url\":\"https:\\\/\\\/biblia.md\\\/\",\"name\":\"Societatea Biblic\u0103 din Moldova\",\"description\":\"\",\"publisher\":{\"@id\":\"https:\\\/\\\/biblia.md\\\/#organization\"},\"potentialAction\":[{\"@type\":\"SearchAction\",\"target\":{\"@type\":\"EntryPoint\",\"urlTemplate\":\"https:\\\/\\\/biblia.md\\\/?s={search_term_string}\"},\"query-input\":{\"@type\":\"PropertyValueSpecification\",\"valueRequired\":true,\"valueName\":\"search_term_string\"}}],\"inLanguage\":\"en-US\"},{\"@type\":\"Organization\",\"@id\":\"https:\\\/\\\/biblia.md\\\/#organization\",\"name\":\"Societatea Biblic\u0103 din Moldova\",\"url\":\"https:\\\/\\\/biblia.md\\\/\",\"logo\":{\"@type\":\"ImageObject\",\"inLanguage\":\"en-US\",\"@id\":\"https:\\\/\\\/biblia.md\\\/#\\\/schema\\\/logo\\\/image\\\/\",\"url\":\"https:\\\/\\\/biblia.md\\\/wp-content\\\/uploads\\\/2026\\\/01\\\/icon_site.jpg\",\"contentUrl\":\"https:\\\/\\\/biblia.md\\\/wp-content\\\/uploads\\\/2026\\\/01\\\/icon_site.jpg\",\"width\":656,\"height\":656,\"caption\":\"Societatea Biblic\u0103 din Moldova\"},\"image\":{\"@id\":\"https:\\\/\\\/biblia.md\\\/#\\\/schema\\\/logo\\\/image\\\/\"},\"sameAs\":[\"https:\\\/\\\/www.facebook.com\\\/SocietateaBiblicaMoldova\\\/\",\"https:\\\/\\\/www.instagram.com\\\/biblia.md\\\/\"]}]}<\/script>\n<!-- \/ Yoast SEO plugin. -->","yoast_head_json":{"title":"Poeziile Padurii - Societatea Biblic\u0103 din Moldova","robots":{"index":"index","follow":"follow","max-snippet":"max-snippet:-1","max-image-preview":"max-image-preview:large","max-video-preview":"max-video-preview:-1"},"canonical":"https:\/\/biblia.md\/en\/shop\/poeziile-padurii\/","og_locale":"en_US","og_type":"article","og_title":"Poeziile Padurii - Societatea Biblic\u0103 din Moldova","og_description":"Versurile din acest volum ne \u00eentorc pe to\u021bi, copii \u0219i adul\u021bi deopotriv\u0103, spre natur\u0103 \u0219i, prin intermediul ei, spre naturale\u021be, ajut\u00e2ndu-ne s\u0103 redescoperim nu doar frumuse\u021bile mediului \u00eenconjur\u0103tor, ci \u0219i frumosul ca o categorie a esteticii. Prin\u00a0Poeziile p\u0103durii\u00a0ne uimim \u00een fa\u021ba miracolului vie\u021bii, poposim \u00een lumini\u0219urile p\u0103durii doar pentru a reg\u0103si lumina din sufletul nostru \u0219i ne l\u0103s\u0103m purta\u021bi \u00een ritmuri line spre ad\u00e2ncurile codrului, acolo unde pare c\u0103 eternitatea \u0219i-a f\u0103cut s\u0103la\u0219.  Copiii vor g\u0103si \u00een\u00a0Poeziile p\u0103durii\u00a0o binevenit\u0103 ocazie de a iubi natura din ce \u00een ce mai mult.","og_url":"https:\/\/biblia.md\/en\/shop\/poeziile-padurii\/","og_site_name":"Societatea Biblic\u0103 din Moldova","article_publisher":"https:\/\/www.facebook.com\/SocietateaBiblicaMoldova\/","article_modified_time":"2026-02-11T06:35:06+00:00","og_image":[{"width":369,"height":550,"url":"https:\/\/biblia.md\/wp-content\/uploads\/2026\/01\/9570591a99d513d790.00004058.jpg","type":"image\/jpeg"}],"twitter_card":"summary_large_image","twitter_misc":{"Est. reading time":"1 minute"},"schema":{"@context":"https:\/\/schema.org","@graph":[{"@type":"WebPage","@id":"https:\/\/biblia.md\/shop\/poeziile-padurii\/","url":"https:\/\/biblia.md\/shop\/poeziile-padurii\/","name":"Poeziile Padurii - Societatea Biblic\u0103 din Moldova","isPartOf":{"@id":"https:\/\/biblia.md\/#website"},"primaryImageOfPage":{"@id":"https:\/\/biblia.md\/shop\/poeziile-padurii\/#primaryimage"},"image":{"@id":"https:\/\/biblia.md\/shop\/poeziile-padurii\/#primaryimage"},"thumbnailUrl":"https:\/\/biblia.md\/wp-content\/uploads\/2026\/01\/921bdc12-8087-4681-a392-648d23943cc1.png","datePublished":"2026-01-21T09:14:50+00:00","dateModified":"2026-02-11T06:35:06+00:00","breadcrumb":{"@id":"https:\/\/biblia.md\/shop\/poeziile-padurii\/#breadcrumb"},"inLanguage":"en-US","potentialAction":[{"@type":"ReadAction","target":["https:\/\/biblia.md\/shop\/poeziile-padurii\/"]}]},{"@type":"ImageObject","inLanguage":"en-US","@id":"https:\/\/biblia.md\/shop\/poeziile-padurii\/#primaryimage","url":"https:\/\/biblia.md\/wp-content\/uploads\/2026\/01\/921bdc12-8087-4681-a392-648d23943cc1.png","contentUrl":"https:\/\/biblia.md\/wp-content\/uploads\/2026\/01\/921bdc12-8087-4681-a392-648d23943cc1.png","width":1024,"height":1536},{"@type":"BreadcrumbList","@id":"https:\/\/biblia.md\/shop\/poeziile-padurii\/#breadcrumb","itemListElement":[{"@type":"ListItem","position":1,"name":"Prima pagin\u0103","item":"https:\/\/biblia.md\/"},{"@type":"ListItem","position":2,"name":"Shop","item":"https:\/\/biblia.md\/shop\/"},{"@type":"ListItem","position":3,"name":"Poeziile Padurii"}]},{"@type":"WebSite","@id":"https:\/\/biblia.md\/#website","url":"https:\/\/biblia.md\/","name":"Societatea Biblic\u0103 din Moldova","description":"","publisher":{"@id":"https:\/\/biblia.md\/#organization"},"potentialAction":[{"@type":"SearchAction","target":{"@type":"EntryPoint","urlTemplate":"https:\/\/biblia.md\/?s={search_term_string}"},"query-input":{"@type":"PropertyValueSpecification","valueRequired":true,"valueName":"search_term_string"}}],"inLanguage":"en-US"},{"@type":"Organization","@id":"https:\/\/biblia.md\/#organization","name":"Societatea Biblic\u0103 din Moldova","url":"https:\/\/biblia.md\/","logo":{"@type":"ImageObject","inLanguage":"en-US","@id":"https:\/\/biblia.md\/#\/schema\/logo\/image\/","url":"https:\/\/biblia.md\/wp-content\/uploads\/2026\/01\/icon_site.jpg","contentUrl":"https:\/\/biblia.md\/wp-content\/uploads\/2026\/01\/icon_site.jpg","width":656,"height":656,"caption":"Societatea Biblic\u0103 din Moldova"},"image":{"@id":"https:\/\/biblia.md\/#\/schema\/logo\/image\/"},"sameAs":["https:\/\/www.facebook.com\/SocietateaBiblicaMoldova\/","https:\/\/www.instagram.com\/biblia.md\/"]}]}},"_links":{"self":[{"href":"https:\/\/biblia.md\/en\/wp-json\/wp\/v2\/product\/32684","targetHints":{"allow":["GET"]}}],"collection":[{"href":"https:\/\/biblia.md\/en\/wp-json\/wp\/v2\/product"}],"about":[{"href":"https:\/\/biblia.md\/en\/wp-json\/wp\/v2\/types\/product"}],"replies":[{"embeddable":true,"href":"https:\/\/biblia.md\/en\/wp-json\/wp\/v2\/comments?post=32684"}],"version-history":[{"count":1,"href":"https:\/\/biblia.md\/en\/wp-json\/wp\/v2\/product\/32684\/revisions"}],"predecessor-version":[{"id":32690,"href":"https:\/\/biblia.md\/en\/wp-json\/wp\/v2\/product\/32684\/revisions\/32690"}],"wp:featuredmedia":[{"embeddable":true,"href":"https:\/\/biblia.md\/en\/wp-json\/wp\/v2\/media\/34734"}],"wp:attachment":[{"href":"https:\/\/biblia.md\/en\/wp-json\/wp\/v2\/media?parent=32684"}],"wp:term":[{"taxonomy":"product_brand","embeddable":true,"href":"https:\/\/biblia.md\/en\/wp-json\/wp\/v2\/product_brand?post=32684"},{"taxonomy":"product_cat","embeddable":true,"href":"https:\/\/biblia.md\/en\/wp-json\/wp\/v2\/product_cat?post=32684"},{"taxonomy":"product_tag","embeddable":true,"href":"https:\/\/biblia.md\/en\/wp-json\/wp\/v2\/product_tag?post=32684"}],"curies":[{"name":"wp","href":"https:\/\/api.w.org\/{rel}","templated":true}]}}