{"id":32703,"date":"2026-01-21T11:30:00","date_gmt":"2026-01-21T09:30:00","guid":{"rendered":"https:\/\/biblia.md\/?post_type=product&#038;p=32703"},"modified":"2026-02-27T15:44:25","modified_gmt":"2026-02-27T13:44:25","slug":"pollyanna-datoria-de-onoare","status":"publish","type":"product","link":"https:\/\/biblia.md\/en\/shop\/pollyanna-datoria-de-onoare\/","title":{"rendered":"Pollyanna &#8211; datoria de onoare"},"content":{"rendered":"<p>Jocul bucuriei continu\u0103 cu cel de-al cincilea volum, ap\u0103rut la c\u00e2\u021biva ani dup\u0103\u00a0<em>Pollyanna \u0219i comorile ei<\/em>.<br \/>\nPentru cei din familia Pendleton lucrurile par s\u0103 nu se fi schimbat prea mult, \u0219i totu\u0219i \u00een casa de peste drum de ei se mut\u0103 ni\u0219te vecini noi \u2013 t\u00e2n\u0103ra Lorraine \u00eempreun\u0103 cu tat\u0103l ei. \u00cen ciuda reticen\u021bei \u0219i a aparentei timidit\u0103\u021bi ale tinerei, Pollyanna reu\u0219e\u0219te s-o cunoasc\u0103 \u0219i s\u0103 \u0219i-o fac\u0103 prieten\u0103, fiind hot\u0103r\u00e2t\u0103 s-o ajute s\u0103-\u0219i dep\u0103\u0219easc\u0103 necazurile.<br \/>\nCe poate fi mai nobil \u0219i \u00een\u0103l\u021b\u0103tor dec\u00e2t a te d\u0103rui cu bucurie \u0219i \u00eencredere celorlal\u021bi?<br \/>\nPollyanna ne surprinde ca \u00eentotdeauna prin ma\u00adtu\u00ad\u00adri\u00ad\u00ad\u00ad\u00adtatea g\u00e2ndurilor \u0219i inocen\u021ba sufletului, prin in\u00adtui\u021bie \u0219i bl\u00e2nde\u021bea caracterului, moralitatea con\u00ad\u00advingerilor \u0219i p\u0103s\u00adtra\u00adrea idealurilor, care sunt repere perene \u0219i mai actuale ca niciodat\u0103.<\/p>\n<p>Eroina ne \u00eenva\u021b\u0103 cum egoismul se preface \u00een al\u00adtru\u00adism, gre\u0219eala \u2013 \u00een virtute, indiferen\u021ba \u2013 \u00een grij\u0103 \u0219i res\u00adponsabilitate fa\u021b\u0103 de cei din jur \u0219i cum aceste valori \u00eenfrumuse\u021beaz\u0103 \u0219i influen\u021beaz\u0103 nu numai vie\u021bile per\u00adso\u00adnajelor, ci \u0219i ale cititorilor s\u0103i din toate timpurile.<\/p>","protected":false},"excerpt":{"rendered":"<p>Jocul bucuriei continu\u0103 cu cel de-al cincilea volum, ap\u0103rut la c\u00e2\u021biva ani dup\u0103\u00a0<em>Pollyanna \u0219i comorile ei<\/em>.<\/p>\n<p>Pentru cei din familia Pendleton lucrurile par s\u0103 nu se fi schimbat prea mult, \u0219i totu\u0219i \u00een casa de peste drum de ei se mut\u0103 ni\u0219te vecini noi \u2013 t\u00e2n\u0103ra Lorraine \u00eempreun\u0103 cu tat\u0103l ei. \u00cen ciuda reticen\u021bei \u0219i a aparentei timidit\u0103\u021bi ale tinerei, Pollyanna reu\u0219e\u0219te s-o cunoasc\u0103 \u0219i s\u0103 \u0219i-o fac\u0103 prieten\u0103, fiind hot\u0103r\u00e2t\u0103 s-o ajute s\u0103-\u0219i dep\u0103\u0219easc\u0103 necazurile.<br \/>\nCe poate fi mai nobil \u0219i \u00een\u0103l\u021b\u0103tor dec\u00e2t a te d\u0103rui cu bucurie \u0219i \u00eencredere celorlal\u021bi?<br \/>\nPollyanna ne surprinde ca \u00eentotdeauna prin ma\u00adtu\u00ad\u00adri\u00ad\u00ad\u00ad\u00adtatea g\u00e2ndurilor \u0219i inocen\u021ba sufletului, prin in\u00adtui\u021bie \u0219i bl\u00e2nde\u021bea caracterului, moralitatea con\u00ad\u00advingerilor \u0219i p\u0103s\u00adtra\u00adrea idealurilor, care sunt repere perene \u0219i mai actuale ca niciodat\u0103.<\/p>\n<p>Eroina ne \u00eenva\u021b\u0103 cum egoismul se preface \u00een al\u00adtru\u00adism, gre\u0219eala \u2013 \u00een virtute, indiferen\u021ba \u2013 \u00een grij\u0103 \u0219i res\u00adponsabilitate fa\u021b\u0103 de cei din jur \u0219i cum aceste valori \u00eenfrumuse\u021beaz\u0103 \u0219i influen\u021beaz\u0103 nu numai vie\u021bile per\u00adso\u00adnajelor, ci \u0219i ale cititorilor s\u0103i din toate timpurile.<\/p>","protected":false},"featured_media":34733,"comment_status":"open","ping_status":"closed","template":"","meta":[],"product_brand":[],"product_cat":[377,149,364,400],"product_tag":[],"class_list":{"0":"post-32703","1":"product","2":"type-product","3":"status-publish","4":"has-post-thumbnail","6":"product_cat-carti","7":"product_cat-copii","8":"product_cat-povestiri","9":"product_cat-romane-povestiri-nuvele","10":"product_author-harriet-lummis-smith","11":"product_genre-knigi-rom","13":"first","14":"instock","15":"shipping-taxable","16":"purchasable","17":"product-type-simple"},"yoast_head":"<!-- This site is optimized with the Yoast SEO plugin v27.3 - https:\/\/yoast.com\/product\/yoast-seo-wordpress\/ -->\n<title>Pollyanna - datoria de onoare - Societatea Biblic\u0103 din Moldova<\/title>\n<meta name=\"robots\" content=\"index, follow, max-snippet:-1, max-image-preview:large, max-video-preview:-1\" \/>\n<link rel=\"canonical\" href=\"https:\/\/biblia.md\/en\/shop\/pollyanna-datoria-de-onoare\/\" \/>\n<meta property=\"og:locale\" content=\"en_US\" \/>\n<meta property=\"og:type\" content=\"article\" \/>\n<meta property=\"og:title\" content=\"Pollyanna - datoria de onoare - Societatea Biblic\u0103 din Moldova\" \/>\n<meta property=\"og:description\" content=\"Jocul bucuriei continu\u0103 cu cel de-al cincilea volum, ap\u0103rut la c\u00e2\u021biva ani dup\u0103\u00a0Pollyanna \u0219i comorile ei.  Pentru cei din familia Pendleton lucrurile par s\u0103 nu se fi schimbat prea mult, \u0219i totu\u0219i \u00een casa de peste drum de ei se mut\u0103 ni\u0219te vecini noi \u2013 t\u00e2n\u0103ra Lorraine \u00eempreun\u0103 cu tat\u0103l ei. \u00cen ciuda reticen\u021bei \u0219i a aparentei timidit\u0103\u021bi ale tinerei, Pollyanna reu\u0219e\u0219te s-o cunoasc\u0103 \u0219i s\u0103 \u0219i-o fac\u0103 prieten\u0103, fiind hot\u0103r\u00e2t\u0103 s-o ajute s\u0103-\u0219i dep\u0103\u0219easc\u0103 necazurile. Ce poate fi mai nobil \u0219i \u00een\u0103l\u021b\u0103tor dec\u00e2t a te d\u0103rui cu bucurie \u0219i \u00eencredere celorlal\u021bi? Pollyanna ne surprinde ca \u00eentotdeauna prin ma\u00adtu\u00ad\u00adri\u00ad\u00ad\u00ad\u00adtatea g\u00e2ndurilor \u0219i inocen\u021ba sufletului, prin in\u00adtui\u021bie \u0219i bl\u00e2nde\u021bea caracterului, moralitatea con\u00ad\u00advingerilor \u0219i p\u0103s\u00adtra\u00adrea idealurilor, care sunt repere perene \u0219i mai actuale ca niciodat\u0103.  Eroina ne \u00eenva\u021b\u0103 cum egoismul se preface \u00een al\u00adtru\u00adism, gre\u0219eala \u2013 \u00een virtute, indiferen\u021ba \u2013 \u00een grij\u0103 \u0219i res\u00adponsabilitate fa\u021b\u0103 de cei din jur \u0219i cum aceste valori \u00eenfrumuse\u021beaz\u0103 \u0219i influen\u021beaz\u0103 nu numai vie\u021bile per\u00adso\u00adnajelor, ci \u0219i ale cititorilor s\u0103i din toate timpurile.\" \/>\n<meta property=\"og:url\" content=\"https:\/\/biblia.md\/en\/shop\/pollyanna-datoria-de-onoare\/\" \/>\n<meta property=\"og:site_name\" content=\"Societatea Biblic\u0103 din Moldova\" \/>\n<meta property=\"article:publisher\" content=\"https:\/\/www.facebook.com\/SocietateaBiblicaMoldova\/\" \/>\n<meta property=\"article:modified_time\" content=\"2026-02-27T13:44:25+00:00\" \/>\n<meta property=\"og:image\" content=\"https:\/\/biblia.md\/wp-content\/uploads\/2026\/01\/0000001630.jpg\" \/>\n\t<meta property=\"og:image:width\" content=\"451\" \/>\n\t<meta property=\"og:image:height\" content=\"694\" \/>\n\t<meta property=\"og:image:type\" content=\"image\/jpeg\" \/>\n<meta name=\"twitter:card\" content=\"summary_large_image\" \/>\n<meta name=\"twitter:label1\" content=\"Est. reading time\" \/>\n\t<meta name=\"twitter:data1\" content=\"1 minute\" \/>\n<script type=\"application\/ld+json\" class=\"yoast-schema-graph\">{\"@context\":\"https:\\\/\\\/schema.org\",\"@graph\":[{\"@type\":\"WebPage\",\"@id\":\"https:\\\/\\\/biblia.md\\\/shop\\\/pollyanna-datoria-de-onoare\\\/\",\"url\":\"https:\\\/\\\/biblia.md\\\/shop\\\/pollyanna-datoria-de-onoare\\\/\",\"name\":\"Pollyanna - datoria de onoare - Societatea Biblic\u0103 din Moldova\",\"isPartOf\":{\"@id\":\"https:\\\/\\\/biblia.md\\\/#website\"},\"primaryImageOfPage\":{\"@id\":\"https:\\\/\\\/biblia.md\\\/shop\\\/pollyanna-datoria-de-onoare\\\/#primaryimage\"},\"image\":{\"@id\":\"https:\\\/\\\/biblia.md\\\/shop\\\/pollyanna-datoria-de-onoare\\\/#primaryimage\"},\"thumbnailUrl\":\"https:\\\/\\\/biblia.md\\\/wp-content\\\/uploads\\\/2026\\\/01\\\/73073a0f-8963-41c7-9bf4-14e78e72732c.png\",\"datePublished\":\"2026-01-21T09:30:00+00:00\",\"dateModified\":\"2026-02-27T13:44:25+00:00\",\"breadcrumb\":{\"@id\":\"https:\\\/\\\/biblia.md\\\/shop\\\/pollyanna-datoria-de-onoare\\\/#breadcrumb\"},\"inLanguage\":\"en-US\",\"potentialAction\":[{\"@type\":\"ReadAction\",\"target\":[\"https:\\\/\\\/biblia.md\\\/shop\\\/pollyanna-datoria-de-onoare\\\/\"]}]},{\"@type\":\"ImageObject\",\"inLanguage\":\"en-US\",\"@id\":\"https:\\\/\\\/biblia.md\\\/shop\\\/pollyanna-datoria-de-onoare\\\/#primaryimage\",\"url\":\"https:\\\/\\\/biblia.md\\\/wp-content\\\/uploads\\\/2026\\\/01\\\/73073a0f-8963-41c7-9bf4-14e78e72732c.png\",\"contentUrl\":\"https:\\\/\\\/biblia.md\\\/wp-content\\\/uploads\\\/2026\\\/01\\\/73073a0f-8963-41c7-9bf4-14e78e72732c.png\",\"width\":1024,\"height\":1536},{\"@type\":\"BreadcrumbList\",\"@id\":\"https:\\\/\\\/biblia.md\\\/shop\\\/pollyanna-datoria-de-onoare\\\/#breadcrumb\",\"itemListElement\":[{\"@type\":\"ListItem\",\"position\":1,\"name\":\"Prima pagin\u0103\",\"item\":\"https:\\\/\\\/biblia.md\\\/\"},{\"@type\":\"ListItem\",\"position\":2,\"name\":\"Shop\",\"item\":\"https:\\\/\\\/biblia.md\\\/shop\\\/\"},{\"@type\":\"ListItem\",\"position\":3,\"name\":\"Pollyanna &#8211; datoria de onoare\"}]},{\"@type\":\"WebSite\",\"@id\":\"https:\\\/\\\/biblia.md\\\/#website\",\"url\":\"https:\\\/\\\/biblia.md\\\/\",\"name\":\"Societatea Biblic\u0103 din Moldova\",\"description\":\"\",\"publisher\":{\"@id\":\"https:\\\/\\\/biblia.md\\\/#organization\"},\"potentialAction\":[{\"@type\":\"SearchAction\",\"target\":{\"@type\":\"EntryPoint\",\"urlTemplate\":\"https:\\\/\\\/biblia.md\\\/?s={search_term_string}\"},\"query-input\":{\"@type\":\"PropertyValueSpecification\",\"valueRequired\":true,\"valueName\":\"search_term_string\"}}],\"inLanguage\":\"en-US\"},{\"@type\":\"Organization\",\"@id\":\"https:\\\/\\\/biblia.md\\\/#organization\",\"name\":\"Societatea Biblic\u0103 din Moldova\",\"url\":\"https:\\\/\\\/biblia.md\\\/\",\"logo\":{\"@type\":\"ImageObject\",\"inLanguage\":\"en-US\",\"@id\":\"https:\\\/\\\/biblia.md\\\/#\\\/schema\\\/logo\\\/image\\\/\",\"url\":\"https:\\\/\\\/biblia.md\\\/wp-content\\\/uploads\\\/2026\\\/01\\\/icon_site.jpg\",\"contentUrl\":\"https:\\\/\\\/biblia.md\\\/wp-content\\\/uploads\\\/2026\\\/01\\\/icon_site.jpg\",\"width\":656,\"height\":656,\"caption\":\"Societatea Biblic\u0103 din Moldova\"},\"image\":{\"@id\":\"https:\\\/\\\/biblia.md\\\/#\\\/schema\\\/logo\\\/image\\\/\"},\"sameAs\":[\"https:\\\/\\\/www.facebook.com\\\/SocietateaBiblicaMoldova\\\/\",\"https:\\\/\\\/www.instagram.com\\\/biblia.md\\\/\"]}]}<\/script>\n<!-- \/ Yoast SEO plugin. -->","yoast_head_json":{"title":"Pollyanna - datoria de onoare - Societatea Biblic\u0103 din Moldova","robots":{"index":"index","follow":"follow","max-snippet":"max-snippet:-1","max-image-preview":"max-image-preview:large","max-video-preview":"max-video-preview:-1"},"canonical":"https:\/\/biblia.md\/en\/shop\/pollyanna-datoria-de-onoare\/","og_locale":"en_US","og_type":"article","og_title":"Pollyanna - datoria de onoare - Societatea Biblic\u0103 din Moldova","og_description":"Jocul bucuriei continu\u0103 cu cel de-al cincilea volum, ap\u0103rut la c\u00e2\u021biva ani dup\u0103\u00a0Pollyanna \u0219i comorile ei.  Pentru cei din familia Pendleton lucrurile par s\u0103 nu se fi schimbat prea mult, \u0219i totu\u0219i \u00een casa de peste drum de ei se mut\u0103 ni\u0219te vecini noi \u2013 t\u00e2n\u0103ra Lorraine \u00eempreun\u0103 cu tat\u0103l ei. \u00cen ciuda reticen\u021bei \u0219i a aparentei timidit\u0103\u021bi ale tinerei, Pollyanna reu\u0219e\u0219te s-o cunoasc\u0103 \u0219i s\u0103 \u0219i-o fac\u0103 prieten\u0103, fiind hot\u0103r\u00e2t\u0103 s-o ajute s\u0103-\u0219i dep\u0103\u0219easc\u0103 necazurile. Ce poate fi mai nobil \u0219i \u00een\u0103l\u021b\u0103tor dec\u00e2t a te d\u0103rui cu bucurie \u0219i \u00eencredere celorlal\u021bi? Pollyanna ne surprinde ca \u00eentotdeauna prin ma\u00adtu\u00ad\u00adri\u00ad\u00ad\u00ad\u00adtatea g\u00e2ndurilor \u0219i inocen\u021ba sufletului, prin in\u00adtui\u021bie \u0219i bl\u00e2nde\u021bea caracterului, moralitatea con\u00ad\u00advingerilor \u0219i p\u0103s\u00adtra\u00adrea idealurilor, care sunt repere perene \u0219i mai actuale ca niciodat\u0103.  Eroina ne \u00eenva\u021b\u0103 cum egoismul se preface \u00een al\u00adtru\u00adism, gre\u0219eala \u2013 \u00een virtute, indiferen\u021ba \u2013 \u00een grij\u0103 \u0219i res\u00adponsabilitate fa\u021b\u0103 de cei din jur \u0219i cum aceste valori \u00eenfrumuse\u021beaz\u0103 \u0219i influen\u021beaz\u0103 nu numai vie\u021bile per\u00adso\u00adnajelor, ci \u0219i ale cititorilor s\u0103i din toate timpurile.","og_url":"https:\/\/biblia.md\/en\/shop\/pollyanna-datoria-de-onoare\/","og_site_name":"Societatea Biblic\u0103 din Moldova","article_publisher":"https:\/\/www.facebook.com\/SocietateaBiblicaMoldova\/","article_modified_time":"2026-02-27T13:44:25+00:00","og_image":[{"width":451,"height":694,"url":"https:\/\/biblia.md\/wp-content\/uploads\/2026\/01\/0000001630.jpg","type":"image\/jpeg"}],"twitter_card":"summary_large_image","twitter_misc":{"Est. reading time":"1 minute"},"schema":{"@context":"https:\/\/schema.org","@graph":[{"@type":"WebPage","@id":"https:\/\/biblia.md\/shop\/pollyanna-datoria-de-onoare\/","url":"https:\/\/biblia.md\/shop\/pollyanna-datoria-de-onoare\/","name":"Pollyanna - datoria de onoare - Societatea Biblic\u0103 din Moldova","isPartOf":{"@id":"https:\/\/biblia.md\/#website"},"primaryImageOfPage":{"@id":"https:\/\/biblia.md\/shop\/pollyanna-datoria-de-onoare\/#primaryimage"},"image":{"@id":"https:\/\/biblia.md\/shop\/pollyanna-datoria-de-onoare\/#primaryimage"},"thumbnailUrl":"https:\/\/biblia.md\/wp-content\/uploads\/2026\/01\/73073a0f-8963-41c7-9bf4-14e78e72732c.png","datePublished":"2026-01-21T09:30:00+00:00","dateModified":"2026-02-27T13:44:25+00:00","breadcrumb":{"@id":"https:\/\/biblia.md\/shop\/pollyanna-datoria-de-onoare\/#breadcrumb"},"inLanguage":"en-US","potentialAction":[{"@type":"ReadAction","target":["https:\/\/biblia.md\/shop\/pollyanna-datoria-de-onoare\/"]}]},{"@type":"ImageObject","inLanguage":"en-US","@id":"https:\/\/biblia.md\/shop\/pollyanna-datoria-de-onoare\/#primaryimage","url":"https:\/\/biblia.md\/wp-content\/uploads\/2026\/01\/73073a0f-8963-41c7-9bf4-14e78e72732c.png","contentUrl":"https:\/\/biblia.md\/wp-content\/uploads\/2026\/01\/73073a0f-8963-41c7-9bf4-14e78e72732c.png","width":1024,"height":1536},{"@type":"BreadcrumbList","@id":"https:\/\/biblia.md\/shop\/pollyanna-datoria-de-onoare\/#breadcrumb","itemListElement":[{"@type":"ListItem","position":1,"name":"Prima pagin\u0103","item":"https:\/\/biblia.md\/"},{"@type":"ListItem","position":2,"name":"Shop","item":"https:\/\/biblia.md\/shop\/"},{"@type":"ListItem","position":3,"name":"Pollyanna &#8211; datoria de onoare"}]},{"@type":"WebSite","@id":"https:\/\/biblia.md\/#website","url":"https:\/\/biblia.md\/","name":"Societatea Biblic\u0103 din Moldova","description":"","publisher":{"@id":"https:\/\/biblia.md\/#organization"},"potentialAction":[{"@type":"SearchAction","target":{"@type":"EntryPoint","urlTemplate":"https:\/\/biblia.md\/?s={search_term_string}"},"query-input":{"@type":"PropertyValueSpecification","valueRequired":true,"valueName":"search_term_string"}}],"inLanguage":"en-US"},{"@type":"Organization","@id":"https:\/\/biblia.md\/#organization","name":"Societatea Biblic\u0103 din Moldova","url":"https:\/\/biblia.md\/","logo":{"@type":"ImageObject","inLanguage":"en-US","@id":"https:\/\/biblia.md\/#\/schema\/logo\/image\/","url":"https:\/\/biblia.md\/wp-content\/uploads\/2026\/01\/icon_site.jpg","contentUrl":"https:\/\/biblia.md\/wp-content\/uploads\/2026\/01\/icon_site.jpg","width":656,"height":656,"caption":"Societatea Biblic\u0103 din Moldova"},"image":{"@id":"https:\/\/biblia.md\/#\/schema\/logo\/image\/"},"sameAs":["https:\/\/www.facebook.com\/SocietateaBiblicaMoldova\/","https:\/\/www.instagram.com\/biblia.md\/"]}]}},"_links":{"self":[{"href":"https:\/\/biblia.md\/en\/wp-json\/wp\/v2\/product\/32703","targetHints":{"allow":["GET"]}}],"collection":[{"href":"https:\/\/biblia.md\/en\/wp-json\/wp\/v2\/product"}],"about":[{"href":"https:\/\/biblia.md\/en\/wp-json\/wp\/v2\/types\/product"}],"replies":[{"embeddable":true,"href":"https:\/\/biblia.md\/en\/wp-json\/wp\/v2\/comments?post=32703"}],"version-history":[{"count":1,"href":"https:\/\/biblia.md\/en\/wp-json\/wp\/v2\/product\/32703\/revisions"}],"predecessor-version":[{"id":32705,"href":"https:\/\/biblia.md\/en\/wp-json\/wp\/v2\/product\/32703\/revisions\/32705"}],"wp:featuredmedia":[{"embeddable":true,"href":"https:\/\/biblia.md\/en\/wp-json\/wp\/v2\/media\/34733"}],"wp:attachment":[{"href":"https:\/\/biblia.md\/en\/wp-json\/wp\/v2\/media?parent=32703"}],"wp:term":[{"taxonomy":"product_brand","embeddable":true,"href":"https:\/\/biblia.md\/en\/wp-json\/wp\/v2\/product_brand?post=32703"},{"taxonomy":"product_cat","embeddable":true,"href":"https:\/\/biblia.md\/en\/wp-json\/wp\/v2\/product_cat?post=32703"},{"taxonomy":"product_tag","embeddable":true,"href":"https:\/\/biblia.md\/en\/wp-json\/wp\/v2\/product_tag?post=32703"}],"curies":[{"name":"wp","href":"https:\/\/api.w.org\/{rel}","templated":true}]}}