{"id":32721,"date":"2026-01-21T11:52:41","date_gmt":"2026-01-21T09:52:41","guid":{"rendered":"https:\/\/biblia.md\/?post_type=product&#038;p=32721"},"modified":"2026-01-21T11:52:41","modified_gmt":"2026-01-21T09:52:41","slug":"povestea-unui-iepuras-nepoliticos-si-agresiv","status":"publish","type":"product","link":"https:\/\/biblia.md\/en\/shop\/povestea-unui-iepuras-nepoliticos-si-agresiv\/","title":{"rendered":"Povestea unui iepura\u0219 nepoliticos \u0219i agresiv"},"content":{"rendered":"<p>Pove\u0219tile despre animale ale lui Beatrix Potter au fost o bucurie pentru nenum\u0103rate genera\u021bii de copii. Ilustra\u021biile ei calde, juc\u0103u\u0219e, \u00een culori pastel, \u00eei invit\u0103 pe copii \u00eentr-o lume fantastic\u0103, vie \u0219i atractiv\u0103. Odat\u0103 ajun\u0219i acolo, ea \u00eei \u00eendrum\u0103 cu bl\u00e2nde\u021be \u0219i umor pe cititori pe calea \u00een\u021belepciunii \u0219i a faptelor bune.<\/p>\n<p>Pove\u0219tile lui Beatrix Potter sunt o bun\u0103 ocazie pentru consolidarea valorilor \u0219i a caracterului personal prin discu\u021bii deschise cu copiii. Folose\u0219te pentru acest lucru \u00eentreb\u0103rile de la sf\u00e2r\u0219itul c\u0103r\u021bii.<\/p>\n<p><em>Povestea unui iepura\u0219 nepoliticos \u0219i agresiv<\/em>\u00a0este o metafor\u0103 a vie\u021bii care \u0219tie s\u0103 r\u0103spl\u0103teasc\u0103 fiec\u0103ruia dup\u0103 faptele lui. Autorul ne poveste\u0219te despre un iepura\u0219 f\u0103r\u0103 maniere care ia cu for\u021ba morcovul altui iepura\u0219, dar \u00een cur\u00e2nd \u00ee\u0219i g\u0103se\u0219te na\u0219ul. Cartea este un avertizment pentru cei puternici \u0219i o \u00eencurajare pentru cei slabi, dar \u0219i o lec\u021bie despre consecin\u021bele ac\u021biunilor noastre.<\/p>","protected":false},"excerpt":{"rendered":"<p>Pove\u0219tile despre animale ale lui Beatrix Potter au fost o bucurie pentru nenum\u0103rate genera\u021bii de copii. Ilustra\u021biile ei calde, juc\u0103u\u0219e, \u00een culori pastel, \u00eei invit\u0103 pe copii \u00eentr-o lume fantastic\u0103, vie \u0219i atractiv\u0103. Odat\u0103 ajun\u0219i acolo, ea \u00eei \u00eendrum\u0103 cu bl\u00e2nde\u021be \u0219i umor pe cititori pe calea \u00een\u021belepciunii \u0219i a faptelor bune.<\/p>\n<p>Pove\u0219tile lui Beatrix Potter sunt o bun\u0103 ocazie pentru consolidarea valorilor \u0219i a caracterului personal prin discu\u021bii deschise cu copiii. Folose\u0219te pentru acest lucru \u00eentreb\u0103rile de la sf\u00e2r\u0219itul c\u0103r\u021bii.<\/p>\n<p><em>Povestea unui iepura\u0219 nepoliticos \u0219i agresiv<\/em>\u00a0este o metafor\u0103 a vie\u021bii care \u0219tie s\u0103 r\u0103spl\u0103teasc\u0103 fiec\u0103ruia dup\u0103 faptele lui. Autorul ne poveste\u0219te despre un iepura\u0219 f\u0103r\u0103 maniere care ia cu for\u021ba morcovul altui iepura\u0219, dar \u00een cur\u00e2nd \u00ee\u0219i g\u0103se\u0219te na\u0219ul. Cartea este un avertizment pentru cei puternici \u0219i o \u00eencurajare pentru cei slabi, dar \u0219i o lec\u021bie despre consecin\u021bele ac\u021biunilor noastre.<\/p>","protected":false},"featured_media":32722,"comment_status":"open","ping_status":"closed","template":"","meta":[],"product_brand":[],"product_cat":[149,364],"product_tag":[],"class_list":{"0":"post-32721","1":"product","2":"type-product","3":"status-publish","4":"has-post-thumbnail","6":"product_cat-copii","7":"product_cat-povestiri","8":"product_author-beatrix-potter","9":"product_genre-knigi-rom","11":"first","12":"instock","13":"shipping-taxable","14":"purchasable","15":"product-type-simple"},"yoast_head":"<!-- This site is optimized with the Yoast SEO plugin v27.3 - https:\/\/yoast.com\/product\/yoast-seo-wordpress\/ -->\n<title>Povestea unui iepura\u0219 nepoliticos \u0219i agresiv - Societatea Biblic\u0103 din Moldova<\/title>\n<meta name=\"robots\" content=\"index, follow, max-snippet:-1, max-image-preview:large, max-video-preview:-1\" \/>\n<link rel=\"canonical\" href=\"https:\/\/biblia.md\/en\/shop\/povestea-unui-iepuras-nepoliticos-si-agresiv\/\" \/>\n<meta property=\"og:locale\" content=\"en_US\" \/>\n<meta property=\"og:type\" content=\"article\" \/>\n<meta property=\"og:title\" content=\"Povestea unui iepura\u0219 nepoliticos \u0219i agresiv - Societatea Biblic\u0103 din Moldova\" \/>\n<meta property=\"og:description\" content=\"Pove\u0219tile despre animale ale lui Beatrix Potter au fost o bucurie pentru nenum\u0103rate genera\u021bii de copii. Ilustra\u021biile ei calde, juc\u0103u\u0219e, \u00een culori pastel, \u00eei invit\u0103 pe copii \u00eentr-o lume fantastic\u0103, vie \u0219i atractiv\u0103. Odat\u0103 ajun\u0219i acolo, ea \u00eei \u00eendrum\u0103 cu bl\u00e2nde\u021be \u0219i umor pe cititori pe calea \u00een\u021belepciunii \u0219i a faptelor bune.  Pove\u0219tile lui Beatrix Potter sunt o bun\u0103 ocazie pentru consolidarea valorilor \u0219i a caracterului personal prin discu\u021bii deschise cu copiii. Folose\u0219te pentru acest lucru \u00eentreb\u0103rile de la sf\u00e2r\u0219itul c\u0103r\u021bii.  Povestea unui iepura\u0219 nepoliticos \u0219i agresiv\u00a0este o metafor\u0103 a vie\u021bii care \u0219tie s\u0103 r\u0103spl\u0103teasc\u0103 fiec\u0103ruia dup\u0103 faptele lui. Autorul ne poveste\u0219te despre un iepura\u0219 f\u0103r\u0103 maniere care ia cu for\u021ba morcovul altui iepura\u0219, dar \u00een cur\u00e2nd \u00ee\u0219i g\u0103se\u0219te na\u0219ul. Cartea este un avertizment pentru cei puternici \u0219i o \u00eencurajare pentru cei slabi, dar \u0219i o lec\u021bie despre consecin\u021bele ac\u021biunilor noastre.\" \/>\n<meta property=\"og:url\" content=\"https:\/\/biblia.md\/en\/shop\/povestea-unui-iepuras-nepoliticos-si-agresiv\/\" \/>\n<meta property=\"og:site_name\" content=\"Societatea Biblic\u0103 din Moldova\" \/>\n<meta property=\"article:publisher\" content=\"https:\/\/www.facebook.com\/SocietateaBiblicaMoldova\/\" \/>\n<meta property=\"og:image\" content=\"https:\/\/biblia.md\/wp-content\/uploads\/2026\/01\/0000008340.jpg\" \/>\n\t<meta property=\"og:image:width\" content=\"900\" \/>\n\t<meta property=\"og:image:height\" content=\"974\" \/>\n\t<meta property=\"og:image:type\" content=\"image\/jpeg\" \/>\n<meta name=\"twitter:card\" content=\"summary_large_image\" \/>\n<meta name=\"twitter:label1\" content=\"Est. reading time\" \/>\n\t<meta name=\"twitter:data1\" content=\"1 minute\" \/>\n<script type=\"application\/ld+json\" class=\"yoast-schema-graph\">{\"@context\":\"https:\\\/\\\/schema.org\",\"@graph\":[{\"@type\":\"WebPage\",\"@id\":\"https:\\\/\\\/biblia.md\\\/shop\\\/povestea-unui-iepuras-nepoliticos-si-agresiv\\\/\",\"url\":\"https:\\\/\\\/biblia.md\\\/shop\\\/povestea-unui-iepuras-nepoliticos-si-agresiv\\\/\",\"name\":\"Povestea unui iepura\u0219 nepoliticos \u0219i agresiv - Societatea Biblic\u0103 din Moldova\",\"isPartOf\":{\"@id\":\"https:\\\/\\\/biblia.md\\\/#website\"},\"primaryImageOfPage\":{\"@id\":\"https:\\\/\\\/biblia.md\\\/shop\\\/povestea-unui-iepuras-nepoliticos-si-agresiv\\\/#primaryimage\"},\"image\":{\"@id\":\"https:\\\/\\\/biblia.md\\\/shop\\\/povestea-unui-iepuras-nepoliticos-si-agresiv\\\/#primaryimage\"},\"thumbnailUrl\":\"https:\\\/\\\/biblia.md\\\/wp-content\\\/uploads\\\/2026\\\/01\\\/0000008340.jpg\",\"datePublished\":\"2026-01-21T09:52:41+00:00\",\"breadcrumb\":{\"@id\":\"https:\\\/\\\/biblia.md\\\/shop\\\/povestea-unui-iepuras-nepoliticos-si-agresiv\\\/#breadcrumb\"},\"inLanguage\":\"en-US\",\"potentialAction\":[{\"@type\":\"ReadAction\",\"target\":[\"https:\\\/\\\/biblia.md\\\/shop\\\/povestea-unui-iepuras-nepoliticos-si-agresiv\\\/\"]}]},{\"@type\":\"ImageObject\",\"inLanguage\":\"en-US\",\"@id\":\"https:\\\/\\\/biblia.md\\\/shop\\\/povestea-unui-iepuras-nepoliticos-si-agresiv\\\/#primaryimage\",\"url\":\"https:\\\/\\\/biblia.md\\\/wp-content\\\/uploads\\\/2026\\\/01\\\/0000008340.jpg\",\"contentUrl\":\"https:\\\/\\\/biblia.md\\\/wp-content\\\/uploads\\\/2026\\\/01\\\/0000008340.jpg\",\"width\":900,\"height\":974},{\"@type\":\"BreadcrumbList\",\"@id\":\"https:\\\/\\\/biblia.md\\\/shop\\\/povestea-unui-iepuras-nepoliticos-si-agresiv\\\/#breadcrumb\",\"itemListElement\":[{\"@type\":\"ListItem\",\"position\":1,\"name\":\"Prima pagin\u0103\",\"item\":\"https:\\\/\\\/biblia.md\\\/\"},{\"@type\":\"ListItem\",\"position\":2,\"name\":\"Shop\",\"item\":\"https:\\\/\\\/biblia.md\\\/shop\\\/\"},{\"@type\":\"ListItem\",\"position\":3,\"name\":\"Povestea unui iepura\u0219 nepoliticos \u0219i agresiv\"}]},{\"@type\":\"WebSite\",\"@id\":\"https:\\\/\\\/biblia.md\\\/#website\",\"url\":\"https:\\\/\\\/biblia.md\\\/\",\"name\":\"Societatea Biblic\u0103 din Moldova\",\"description\":\"\",\"publisher\":{\"@id\":\"https:\\\/\\\/biblia.md\\\/#organization\"},\"potentialAction\":[{\"@type\":\"SearchAction\",\"target\":{\"@type\":\"EntryPoint\",\"urlTemplate\":\"https:\\\/\\\/biblia.md\\\/?s={search_term_string}\"},\"query-input\":{\"@type\":\"PropertyValueSpecification\",\"valueRequired\":true,\"valueName\":\"search_term_string\"}}],\"inLanguage\":\"en-US\"},{\"@type\":\"Organization\",\"@id\":\"https:\\\/\\\/biblia.md\\\/#organization\",\"name\":\"Societatea Biblic\u0103 din Moldova\",\"url\":\"https:\\\/\\\/biblia.md\\\/\",\"logo\":{\"@type\":\"ImageObject\",\"inLanguage\":\"en-US\",\"@id\":\"https:\\\/\\\/biblia.md\\\/#\\\/schema\\\/logo\\\/image\\\/\",\"url\":\"https:\\\/\\\/biblia.md\\\/wp-content\\\/uploads\\\/2026\\\/01\\\/icon_site.jpg\",\"contentUrl\":\"https:\\\/\\\/biblia.md\\\/wp-content\\\/uploads\\\/2026\\\/01\\\/icon_site.jpg\",\"width\":656,\"height\":656,\"caption\":\"Societatea Biblic\u0103 din Moldova\"},\"image\":{\"@id\":\"https:\\\/\\\/biblia.md\\\/#\\\/schema\\\/logo\\\/image\\\/\"},\"sameAs\":[\"https:\\\/\\\/www.facebook.com\\\/SocietateaBiblicaMoldova\\\/\",\"https:\\\/\\\/www.instagram.com\\\/biblia.md\\\/\"]}]}<\/script>\n<!-- \/ Yoast SEO plugin. -->","yoast_head_json":{"title":"Povestea unui iepura\u0219 nepoliticos \u0219i agresiv - Societatea Biblic\u0103 din Moldova","robots":{"index":"index","follow":"follow","max-snippet":"max-snippet:-1","max-image-preview":"max-image-preview:large","max-video-preview":"max-video-preview:-1"},"canonical":"https:\/\/biblia.md\/en\/shop\/povestea-unui-iepuras-nepoliticos-si-agresiv\/","og_locale":"en_US","og_type":"article","og_title":"Povestea unui iepura\u0219 nepoliticos \u0219i agresiv - Societatea Biblic\u0103 din Moldova","og_description":"Pove\u0219tile despre animale ale lui Beatrix Potter au fost o bucurie pentru nenum\u0103rate genera\u021bii de copii. Ilustra\u021biile ei calde, juc\u0103u\u0219e, \u00een culori pastel, \u00eei invit\u0103 pe copii \u00eentr-o lume fantastic\u0103, vie \u0219i atractiv\u0103. Odat\u0103 ajun\u0219i acolo, ea \u00eei \u00eendrum\u0103 cu bl\u00e2nde\u021be \u0219i umor pe cititori pe calea \u00een\u021belepciunii \u0219i a faptelor bune.  Pove\u0219tile lui Beatrix Potter sunt o bun\u0103 ocazie pentru consolidarea valorilor \u0219i a caracterului personal prin discu\u021bii deschise cu copiii. Folose\u0219te pentru acest lucru \u00eentreb\u0103rile de la sf\u00e2r\u0219itul c\u0103r\u021bii.  Povestea unui iepura\u0219 nepoliticos \u0219i agresiv\u00a0este o metafor\u0103 a vie\u021bii care \u0219tie s\u0103 r\u0103spl\u0103teasc\u0103 fiec\u0103ruia dup\u0103 faptele lui. Autorul ne poveste\u0219te despre un iepura\u0219 f\u0103r\u0103 maniere care ia cu for\u021ba morcovul altui iepura\u0219, dar \u00een cur\u00e2nd \u00ee\u0219i g\u0103se\u0219te na\u0219ul. Cartea este un avertizment pentru cei puternici \u0219i o \u00eencurajare pentru cei slabi, dar \u0219i o lec\u021bie despre consecin\u021bele ac\u021biunilor noastre.","og_url":"https:\/\/biblia.md\/en\/shop\/povestea-unui-iepuras-nepoliticos-si-agresiv\/","og_site_name":"Societatea Biblic\u0103 din Moldova","article_publisher":"https:\/\/www.facebook.com\/SocietateaBiblicaMoldova\/","og_image":[{"width":900,"height":974,"url":"https:\/\/biblia.md\/wp-content\/uploads\/2026\/01\/0000008340.jpg","type":"image\/jpeg"}],"twitter_card":"summary_large_image","twitter_misc":{"Est. reading time":"1 minute"},"schema":{"@context":"https:\/\/schema.org","@graph":[{"@type":"WebPage","@id":"https:\/\/biblia.md\/shop\/povestea-unui-iepuras-nepoliticos-si-agresiv\/","url":"https:\/\/biblia.md\/shop\/povestea-unui-iepuras-nepoliticos-si-agresiv\/","name":"Povestea unui iepura\u0219 nepoliticos \u0219i agresiv - Societatea Biblic\u0103 din Moldova","isPartOf":{"@id":"https:\/\/biblia.md\/#website"},"primaryImageOfPage":{"@id":"https:\/\/biblia.md\/shop\/povestea-unui-iepuras-nepoliticos-si-agresiv\/#primaryimage"},"image":{"@id":"https:\/\/biblia.md\/shop\/povestea-unui-iepuras-nepoliticos-si-agresiv\/#primaryimage"},"thumbnailUrl":"https:\/\/biblia.md\/wp-content\/uploads\/2026\/01\/0000008340.jpg","datePublished":"2026-01-21T09:52:41+00:00","breadcrumb":{"@id":"https:\/\/biblia.md\/shop\/povestea-unui-iepuras-nepoliticos-si-agresiv\/#breadcrumb"},"inLanguage":"en-US","potentialAction":[{"@type":"ReadAction","target":["https:\/\/biblia.md\/shop\/povestea-unui-iepuras-nepoliticos-si-agresiv\/"]}]},{"@type":"ImageObject","inLanguage":"en-US","@id":"https:\/\/biblia.md\/shop\/povestea-unui-iepuras-nepoliticos-si-agresiv\/#primaryimage","url":"https:\/\/biblia.md\/wp-content\/uploads\/2026\/01\/0000008340.jpg","contentUrl":"https:\/\/biblia.md\/wp-content\/uploads\/2026\/01\/0000008340.jpg","width":900,"height":974},{"@type":"BreadcrumbList","@id":"https:\/\/biblia.md\/shop\/povestea-unui-iepuras-nepoliticos-si-agresiv\/#breadcrumb","itemListElement":[{"@type":"ListItem","position":1,"name":"Prima pagin\u0103","item":"https:\/\/biblia.md\/"},{"@type":"ListItem","position":2,"name":"Shop","item":"https:\/\/biblia.md\/shop\/"},{"@type":"ListItem","position":3,"name":"Povestea unui iepura\u0219 nepoliticos \u0219i agresiv"}]},{"@type":"WebSite","@id":"https:\/\/biblia.md\/#website","url":"https:\/\/biblia.md\/","name":"Societatea Biblic\u0103 din Moldova","description":"","publisher":{"@id":"https:\/\/biblia.md\/#organization"},"potentialAction":[{"@type":"SearchAction","target":{"@type":"EntryPoint","urlTemplate":"https:\/\/biblia.md\/?s={search_term_string}"},"query-input":{"@type":"PropertyValueSpecification","valueRequired":true,"valueName":"search_term_string"}}],"inLanguage":"en-US"},{"@type":"Organization","@id":"https:\/\/biblia.md\/#organization","name":"Societatea Biblic\u0103 din Moldova","url":"https:\/\/biblia.md\/","logo":{"@type":"ImageObject","inLanguage":"en-US","@id":"https:\/\/biblia.md\/#\/schema\/logo\/image\/","url":"https:\/\/biblia.md\/wp-content\/uploads\/2026\/01\/icon_site.jpg","contentUrl":"https:\/\/biblia.md\/wp-content\/uploads\/2026\/01\/icon_site.jpg","width":656,"height":656,"caption":"Societatea Biblic\u0103 din Moldova"},"image":{"@id":"https:\/\/biblia.md\/#\/schema\/logo\/image\/"},"sameAs":["https:\/\/www.facebook.com\/SocietateaBiblicaMoldova\/","https:\/\/www.instagram.com\/biblia.md\/"]}]}},"_links":{"self":[{"href":"https:\/\/biblia.md\/en\/wp-json\/wp\/v2\/product\/32721","targetHints":{"allow":["GET"]}}],"collection":[{"href":"https:\/\/biblia.md\/en\/wp-json\/wp\/v2\/product"}],"about":[{"href":"https:\/\/biblia.md\/en\/wp-json\/wp\/v2\/types\/product"}],"replies":[{"embeddable":true,"href":"https:\/\/biblia.md\/en\/wp-json\/wp\/v2\/comments?post=32721"}],"version-history":[{"count":1,"href":"https:\/\/biblia.md\/en\/wp-json\/wp\/v2\/product\/32721\/revisions"}],"predecessor-version":[{"id":32723,"href":"https:\/\/biblia.md\/en\/wp-json\/wp\/v2\/product\/32721\/revisions\/32723"}],"wp:featuredmedia":[{"embeddable":true,"href":"https:\/\/biblia.md\/en\/wp-json\/wp\/v2\/media\/32722"}],"wp:attachment":[{"href":"https:\/\/biblia.md\/en\/wp-json\/wp\/v2\/media?parent=32721"}],"wp:term":[{"taxonomy":"product_brand","embeddable":true,"href":"https:\/\/biblia.md\/en\/wp-json\/wp\/v2\/product_brand?post=32721"},{"taxonomy":"product_cat","embeddable":true,"href":"https:\/\/biblia.md\/en\/wp-json\/wp\/v2\/product_cat?post=32721"},{"taxonomy":"product_tag","embeddable":true,"href":"https:\/\/biblia.md\/en\/wp-json\/wp\/v2\/product_tag?post=32721"}],"curies":[{"name":"wp","href":"https:\/\/api.w.org\/{rel}","templated":true}]}}