{"id":32735,"date":"2026-01-21T13:49:51","date_gmt":"2026-01-21T11:49:51","guid":{"rendered":"https:\/\/biblia.md\/?post_type=product&#038;p=32735"},"modified":"2026-01-21T13:51:32","modified_gmt":"2026-01-21T11:51:32","slug":"diferit-la-fel-ca-mine-ron-hall-denver-moore-lynn-vincent","status":"publish","type":"product","link":"https:\/\/biblia.md\/en\/shop\/diferit-la-fel-ca-mine-ron-hall-denver-moore-lynn-vincent\/","title":{"rendered":"Diferit la fel ca mine"},"content":{"rendered":"<p><strong>Un sclav al zilelor noastre, un comerciant de art\u0103 \u0219i o femeie hot\u0103r\u00e2t\u0103 care i-a adus \u00eempreun\u0103<\/strong><\/p>\n<p>&#8222;Cea mai emo\u021bionant\u0103 m\u0103rturie de credin\u021b\u0103, curaj \u0219i prietenie pe care am citit-o vreodat\u0103. Un exemplu puternic de vindecare, de iertare \u0219i de transformare determinat\u0103 de o iubire necondi\u021bionat\u0103.&#8221;<\/p>\n<p>&#8211; Mark Clayman, produc\u0103tor executiv, nominalizat la Premiul Oscar pentru\u00a0<em>The Pursuit of Happiness<\/em><\/p>\n<p>&nbsp;<\/p>\n<p>Un boschetar periculos, f\u0103r\u0103 ad\u0103post, care a crescut pe planta\u021biile din bumbac.<\/p>\n<p>Un comerciant de art\u0103 aflat \u00een plin\u0103 ascensiune, care cuno\u0219tea bine lumea Armani \u0219i Chanel.<\/p>\n<p>O femeie hot\u0103r\u00e2t\u0103, cu un vis ambi\u021bios.<\/p>\n<p>O poveste adev\u0103rat\u0103 at\u00e2t de impresionant\u0103, \u00eenc\u00e2t niciun autor de fic\u021biune nu ar \u00eendr\u0103zni s\u0103 \u0219i-o imagineze.<\/p>\n<p>&nbsp;<\/p>\n<p>Povestea \u00eencepe undeva \u00eentr-o colib\u0103 de pe planta\u021biile arz\u0103toare din Louisiana\u2026 la est de Texas\u2026 \u0219i, f\u0103r\u00ee nicio \u00eendoial\u0103, \u00een inima lui Dumnezeu. Trece apoi prin haciendele hollywoodiene \u2026 prin galeriile luxuriante din New York \u2026 pe l\u00e2ng\u0103 un tomberon din centru \u2026 \u0219i ajunge la o ferm\u0103 texan\u0103.<\/p>\n<p>Prin toat\u0103 durerea, tr\u0103darea \u0219i brutalitatea unei vie\u021bi chinuite, str\u0103bate, f\u0103r\u0103 veste, dragostea care schimb\u0103 cu totul traiectoria unui om, a unei comunit\u0103\u021bi.<\/p>\n<p>&nbsp;<\/p>\n<p>Carte ecranizat\u0103 \u00een filmul<em>\u00a0<strong>Same Kind of Different As Me<\/strong><\/em><\/p>","protected":false},"excerpt":{"rendered":"<p style=\"text-align: center\"><strong>Un sclav al zilelor noastre, un comerciant de art\u0103 \u0219i o femeie hot\u0103r\u00e2t\u0103 care i-a adus \u00eempreun\u0103<\/strong><\/p>\n<p>Un boschetar periculos, f\u0103r\u0103 ad\u0103post, care a crescut pe planta\u021biile din bumbac.<\/p>\n<p>Un comerciant de art\u0103 aflat \u00een plin\u0103 ascensiune, care cuno\u0219tea bine lumea Armani \u0219i Chanel.<\/p>\n<p>O femeie hot\u0103r\u00e2t\u0103, cu un vis ambi\u021bios.<\/p>\n<p>O poveste adev\u0103rat\u0103 at\u00e2t de impresionant\u0103, \u00eenc\u00e2t niciun autor de fic\u021biune nu ar \u00eendr\u0103zni s\u0103 \u0219i-o imagineze.<\/p>\n<p>Povestea \u00eencepe undeva \u00eentr-o colib\u0103 de pe planta\u021biile arz\u0103toare din Louisiana\u2026 la est de Texas\u2026 \u0219i, f\u0103r\u00ee nicio \u00eendoial\u0103, \u00een inima lui Dumnezeu. Trece apoi prin haciendele hollywoodiene \u2026 prin galeriile luxuriante din New York \u2026 pe l\u00e2ng\u0103 un tomberon din centru \u2026 \u0219i ajunge la o ferm\u0103 texan\u0103.<\/p>\n<p>Prin toat\u0103 durerea, tr\u0103darea \u0219i brutalitatea unei vie\u021bi chinuite, str\u0103bate, f\u0103r\u0103 veste, dragostea care schimb\u0103 cu totul traiectoria unui om, a unei comunit\u0103\u021bi.<\/p>","protected":false},"featured_media":32736,"comment_status":"open","ping_status":"closed","template":"","meta":[],"product_brand":[],"product_cat":[384,377,400],"product_tag":[],"class_list":{"0":"post-32735","1":"product","2":"type-product","3":"status-publish","4":"has-post-thumbnail","6":"product_cat-autobiografii-biografii-marturii","7":"product_cat-carti","8":"product_cat-romane-povestiri-nuvele","9":"product_author-denver-moore","10":"product_author-lynn-vincent","11":"product_author-ron-hall","12":"product_genre-knigi-rom","14":"first","15":"instock","16":"shipping-taxable","17":"purchasable","18":"product-type-simple"},"yoast_head":"<!-- This site is optimized with the Yoast SEO plugin v27.3 - https:\/\/yoast.com\/product\/yoast-seo-wordpress\/ -->\n<title>Diferit la fel ca mine - Societatea Biblic\u0103 din Moldova<\/title>\n<meta name=\"robots\" content=\"index, follow, max-snippet:-1, max-image-preview:large, max-video-preview:-1\" \/>\n<link rel=\"canonical\" href=\"https:\/\/biblia.md\/en\/shop\/diferit-la-fel-ca-mine-ron-hall-denver-moore-lynn-vincent\/\" \/>\n<meta property=\"og:locale\" content=\"en_US\" \/>\n<meta property=\"og:type\" content=\"article\" \/>\n<meta property=\"og:title\" content=\"Diferit la fel ca mine - Societatea Biblic\u0103 din Moldova\" \/>\n<meta property=\"og:description\" content=\"Un sclav al zilelor noastre, un comerciant de art\u0103 \u0219i o femeie hot\u0103r\u00e2t\u0103 care i-a adus \u00eempreun\u0103 Un boschetar periculos, f\u0103r\u0103 ad\u0103post, care a crescut pe planta\u021biile din bumbac.  Un comerciant de art\u0103 aflat \u00een plin\u0103 ascensiune, care cuno\u0219tea bine lumea Armani \u0219i Chanel.  O femeie hot\u0103r\u00e2t\u0103, cu un vis ambi\u021bios.  O poveste adev\u0103rat\u0103 at\u00e2t de impresionant\u0103, \u00eenc\u00e2t niciun autor de fic\u021biune nu ar \u00eendr\u0103zni s\u0103 \u0219i-o imagineze.  Povestea \u00eencepe undeva \u00eentr-o colib\u0103 de pe planta\u021biile arz\u0103toare din Louisiana\u2026 la est de Texas\u2026 \u0219i, f\u0103r\u00ee nicio \u00eendoial\u0103, \u00een inima lui Dumnezeu. Trece apoi prin haciendele hollywoodiene \u2026 prin galeriile luxuriante din New York \u2026 pe l\u00e2ng\u0103 un tomberon din centru \u2026 \u0219i ajunge la o ferm\u0103 texan\u0103.  Prin toat\u0103 durerea, tr\u0103darea \u0219i brutalitatea unei vie\u021bi chinuite, str\u0103bate, f\u0103r\u0103 veste, dragostea care schimb\u0103 cu totul traiectoria unui om, a unei comunit\u0103\u021bi.\" \/>\n<meta property=\"og:url\" content=\"https:\/\/biblia.md\/en\/shop\/diferit-la-fel-ca-mine-ron-hall-denver-moore-lynn-vincent\/\" \/>\n<meta property=\"og:site_name\" content=\"Societatea Biblic\u0103 din Moldova\" \/>\n<meta property=\"article:publisher\" content=\"https:\/\/www.facebook.com\/SocietateaBiblicaMoldova\/\" \/>\n<meta property=\"article:modified_time\" content=\"2026-01-21T11:51:32+00:00\" \/>\n<meta property=\"og:image\" content=\"https:\/\/biblia.md\/wp-content\/uploads\/2026\/01\/0000001494.jpg\" \/>\n\t<meta property=\"og:image:width\" content=\"724\" \/>\n\t<meta property=\"og:image:height\" content=\"1024\" \/>\n\t<meta property=\"og:image:type\" content=\"image\/jpeg\" \/>\n<meta name=\"twitter:card\" content=\"summary_large_image\" \/>\n<meta name=\"twitter:label1\" content=\"Est. reading time\" \/>\n\t<meta name=\"twitter:data1\" content=\"1 minute\" \/>\n<script type=\"application\/ld+json\" class=\"yoast-schema-graph\">{\"@context\":\"https:\\\/\\\/schema.org\",\"@graph\":[{\"@type\":\"WebPage\",\"@id\":\"https:\\\/\\\/biblia.md\\\/shop\\\/diferit-la-fel-ca-mine-ron-hall-denver-moore-lynn-vincent\\\/\",\"url\":\"https:\\\/\\\/biblia.md\\\/shop\\\/diferit-la-fel-ca-mine-ron-hall-denver-moore-lynn-vincent\\\/\",\"name\":\"Diferit la fel ca mine - Societatea Biblic\u0103 din Moldova\",\"isPartOf\":{\"@id\":\"https:\\\/\\\/biblia.md\\\/#website\"},\"primaryImageOfPage\":{\"@id\":\"https:\\\/\\\/biblia.md\\\/shop\\\/diferit-la-fel-ca-mine-ron-hall-denver-moore-lynn-vincent\\\/#primaryimage\"},\"image\":{\"@id\":\"https:\\\/\\\/biblia.md\\\/shop\\\/diferit-la-fel-ca-mine-ron-hall-denver-moore-lynn-vincent\\\/#primaryimage\"},\"thumbnailUrl\":\"https:\\\/\\\/biblia.md\\\/wp-content\\\/uploads\\\/2026\\\/01\\\/0000001494.jpg\",\"datePublished\":\"2026-01-21T11:49:51+00:00\",\"dateModified\":\"2026-01-21T11:51:32+00:00\",\"breadcrumb\":{\"@id\":\"https:\\\/\\\/biblia.md\\\/shop\\\/diferit-la-fel-ca-mine-ron-hall-denver-moore-lynn-vincent\\\/#breadcrumb\"},\"inLanguage\":\"en-US\",\"potentialAction\":[{\"@type\":\"ReadAction\",\"target\":[\"https:\\\/\\\/biblia.md\\\/shop\\\/diferit-la-fel-ca-mine-ron-hall-denver-moore-lynn-vincent\\\/\"]}]},{\"@type\":\"ImageObject\",\"inLanguage\":\"en-US\",\"@id\":\"https:\\\/\\\/biblia.md\\\/shop\\\/diferit-la-fel-ca-mine-ron-hall-denver-moore-lynn-vincent\\\/#primaryimage\",\"url\":\"https:\\\/\\\/biblia.md\\\/wp-content\\\/uploads\\\/2026\\\/01\\\/0000001494.jpg\",\"contentUrl\":\"https:\\\/\\\/biblia.md\\\/wp-content\\\/uploads\\\/2026\\\/01\\\/0000001494.jpg\",\"width\":724,\"height\":1024},{\"@type\":\"BreadcrumbList\",\"@id\":\"https:\\\/\\\/biblia.md\\\/shop\\\/diferit-la-fel-ca-mine-ron-hall-denver-moore-lynn-vincent\\\/#breadcrumb\",\"itemListElement\":[{\"@type\":\"ListItem\",\"position\":1,\"name\":\"Prima pagin\u0103\",\"item\":\"https:\\\/\\\/biblia.md\\\/\"},{\"@type\":\"ListItem\",\"position\":2,\"name\":\"Shop\",\"item\":\"https:\\\/\\\/biblia.md\\\/shop\\\/\"},{\"@type\":\"ListItem\",\"position\":3,\"name\":\"Diferit la fel ca mine\"}]},{\"@type\":\"WebSite\",\"@id\":\"https:\\\/\\\/biblia.md\\\/#website\",\"url\":\"https:\\\/\\\/biblia.md\\\/\",\"name\":\"Societatea Biblic\u0103 din Moldova\",\"description\":\"\",\"publisher\":{\"@id\":\"https:\\\/\\\/biblia.md\\\/#organization\"},\"potentialAction\":[{\"@type\":\"SearchAction\",\"target\":{\"@type\":\"EntryPoint\",\"urlTemplate\":\"https:\\\/\\\/biblia.md\\\/?s={search_term_string}\"},\"query-input\":{\"@type\":\"PropertyValueSpecification\",\"valueRequired\":true,\"valueName\":\"search_term_string\"}}],\"inLanguage\":\"en-US\"},{\"@type\":\"Organization\",\"@id\":\"https:\\\/\\\/biblia.md\\\/#organization\",\"name\":\"Societatea Biblic\u0103 din Moldova\",\"url\":\"https:\\\/\\\/biblia.md\\\/\",\"logo\":{\"@type\":\"ImageObject\",\"inLanguage\":\"en-US\",\"@id\":\"https:\\\/\\\/biblia.md\\\/#\\\/schema\\\/logo\\\/image\\\/\",\"url\":\"https:\\\/\\\/biblia.md\\\/wp-content\\\/uploads\\\/2026\\\/01\\\/icon_site.jpg\",\"contentUrl\":\"https:\\\/\\\/biblia.md\\\/wp-content\\\/uploads\\\/2026\\\/01\\\/icon_site.jpg\",\"width\":656,\"height\":656,\"caption\":\"Societatea Biblic\u0103 din Moldova\"},\"image\":{\"@id\":\"https:\\\/\\\/biblia.md\\\/#\\\/schema\\\/logo\\\/image\\\/\"},\"sameAs\":[\"https:\\\/\\\/www.facebook.com\\\/SocietateaBiblicaMoldova\\\/\",\"https:\\\/\\\/www.instagram.com\\\/biblia.md\\\/\"]}]}<\/script>\n<!-- \/ Yoast SEO plugin. -->","yoast_head_json":{"title":"Diferit la fel ca mine - Societatea Biblic\u0103 din Moldova","robots":{"index":"index","follow":"follow","max-snippet":"max-snippet:-1","max-image-preview":"max-image-preview:large","max-video-preview":"max-video-preview:-1"},"canonical":"https:\/\/biblia.md\/en\/shop\/diferit-la-fel-ca-mine-ron-hall-denver-moore-lynn-vincent\/","og_locale":"en_US","og_type":"article","og_title":"Diferit la fel ca mine - Societatea Biblic\u0103 din Moldova","og_description":"Un sclav al zilelor noastre, un comerciant de art\u0103 \u0219i o femeie hot\u0103r\u00e2t\u0103 care i-a adus \u00eempreun\u0103 Un boschetar periculos, f\u0103r\u0103 ad\u0103post, care a crescut pe planta\u021biile din bumbac.  Un comerciant de art\u0103 aflat \u00een plin\u0103 ascensiune, care cuno\u0219tea bine lumea Armani \u0219i Chanel.  O femeie hot\u0103r\u00e2t\u0103, cu un vis ambi\u021bios.  O poveste adev\u0103rat\u0103 at\u00e2t de impresionant\u0103, \u00eenc\u00e2t niciun autor de fic\u021biune nu ar \u00eendr\u0103zni s\u0103 \u0219i-o imagineze.  Povestea \u00eencepe undeva \u00eentr-o colib\u0103 de pe planta\u021biile arz\u0103toare din Louisiana\u2026 la est de Texas\u2026 \u0219i, f\u0103r\u00ee nicio \u00eendoial\u0103, \u00een inima lui Dumnezeu. Trece apoi prin haciendele hollywoodiene \u2026 prin galeriile luxuriante din New York \u2026 pe l\u00e2ng\u0103 un tomberon din centru \u2026 \u0219i ajunge la o ferm\u0103 texan\u0103.  Prin toat\u0103 durerea, tr\u0103darea \u0219i brutalitatea unei vie\u021bi chinuite, str\u0103bate, f\u0103r\u0103 veste, dragostea care schimb\u0103 cu totul traiectoria unui om, a unei comunit\u0103\u021bi.","og_url":"https:\/\/biblia.md\/en\/shop\/diferit-la-fel-ca-mine-ron-hall-denver-moore-lynn-vincent\/","og_site_name":"Societatea Biblic\u0103 din Moldova","article_publisher":"https:\/\/www.facebook.com\/SocietateaBiblicaMoldova\/","article_modified_time":"2026-01-21T11:51:32+00:00","og_image":[{"width":724,"height":1024,"url":"https:\/\/biblia.md\/wp-content\/uploads\/2026\/01\/0000001494.jpg","type":"image\/jpeg"}],"twitter_card":"summary_large_image","twitter_misc":{"Est. reading time":"1 minute"},"schema":{"@context":"https:\/\/schema.org","@graph":[{"@type":"WebPage","@id":"https:\/\/biblia.md\/shop\/diferit-la-fel-ca-mine-ron-hall-denver-moore-lynn-vincent\/","url":"https:\/\/biblia.md\/shop\/diferit-la-fel-ca-mine-ron-hall-denver-moore-lynn-vincent\/","name":"Diferit la fel ca mine - Societatea Biblic\u0103 din Moldova","isPartOf":{"@id":"https:\/\/biblia.md\/#website"},"primaryImageOfPage":{"@id":"https:\/\/biblia.md\/shop\/diferit-la-fel-ca-mine-ron-hall-denver-moore-lynn-vincent\/#primaryimage"},"image":{"@id":"https:\/\/biblia.md\/shop\/diferit-la-fel-ca-mine-ron-hall-denver-moore-lynn-vincent\/#primaryimage"},"thumbnailUrl":"https:\/\/biblia.md\/wp-content\/uploads\/2026\/01\/0000001494.jpg","datePublished":"2026-01-21T11:49:51+00:00","dateModified":"2026-01-21T11:51:32+00:00","breadcrumb":{"@id":"https:\/\/biblia.md\/shop\/diferit-la-fel-ca-mine-ron-hall-denver-moore-lynn-vincent\/#breadcrumb"},"inLanguage":"en-US","potentialAction":[{"@type":"ReadAction","target":["https:\/\/biblia.md\/shop\/diferit-la-fel-ca-mine-ron-hall-denver-moore-lynn-vincent\/"]}]},{"@type":"ImageObject","inLanguage":"en-US","@id":"https:\/\/biblia.md\/shop\/diferit-la-fel-ca-mine-ron-hall-denver-moore-lynn-vincent\/#primaryimage","url":"https:\/\/biblia.md\/wp-content\/uploads\/2026\/01\/0000001494.jpg","contentUrl":"https:\/\/biblia.md\/wp-content\/uploads\/2026\/01\/0000001494.jpg","width":724,"height":1024},{"@type":"BreadcrumbList","@id":"https:\/\/biblia.md\/shop\/diferit-la-fel-ca-mine-ron-hall-denver-moore-lynn-vincent\/#breadcrumb","itemListElement":[{"@type":"ListItem","position":1,"name":"Prima pagin\u0103","item":"https:\/\/biblia.md\/"},{"@type":"ListItem","position":2,"name":"Shop","item":"https:\/\/biblia.md\/shop\/"},{"@type":"ListItem","position":3,"name":"Diferit la fel ca mine"}]},{"@type":"WebSite","@id":"https:\/\/biblia.md\/#website","url":"https:\/\/biblia.md\/","name":"Societatea Biblic\u0103 din Moldova","description":"","publisher":{"@id":"https:\/\/biblia.md\/#organization"},"potentialAction":[{"@type":"SearchAction","target":{"@type":"EntryPoint","urlTemplate":"https:\/\/biblia.md\/?s={search_term_string}"},"query-input":{"@type":"PropertyValueSpecification","valueRequired":true,"valueName":"search_term_string"}}],"inLanguage":"en-US"},{"@type":"Organization","@id":"https:\/\/biblia.md\/#organization","name":"Societatea Biblic\u0103 din Moldova","url":"https:\/\/biblia.md\/","logo":{"@type":"ImageObject","inLanguage":"en-US","@id":"https:\/\/biblia.md\/#\/schema\/logo\/image\/","url":"https:\/\/biblia.md\/wp-content\/uploads\/2026\/01\/icon_site.jpg","contentUrl":"https:\/\/biblia.md\/wp-content\/uploads\/2026\/01\/icon_site.jpg","width":656,"height":656,"caption":"Societatea Biblic\u0103 din Moldova"},"image":{"@id":"https:\/\/biblia.md\/#\/schema\/logo\/image\/"},"sameAs":["https:\/\/www.facebook.com\/SocietateaBiblicaMoldova\/","https:\/\/www.instagram.com\/biblia.md\/"]}]}},"_links":{"self":[{"href":"https:\/\/biblia.md\/en\/wp-json\/wp\/v2\/product\/32735","targetHints":{"allow":["GET"]}}],"collection":[{"href":"https:\/\/biblia.md\/en\/wp-json\/wp\/v2\/product"}],"about":[{"href":"https:\/\/biblia.md\/en\/wp-json\/wp\/v2\/types\/product"}],"replies":[{"embeddable":true,"href":"https:\/\/biblia.md\/en\/wp-json\/wp\/v2\/comments?post=32735"}],"version-history":[{"count":2,"href":"https:\/\/biblia.md\/en\/wp-json\/wp\/v2\/product\/32735\/revisions"}],"predecessor-version":[{"id":32738,"href":"https:\/\/biblia.md\/en\/wp-json\/wp\/v2\/product\/32735\/revisions\/32738"}],"wp:featuredmedia":[{"embeddable":true,"href":"https:\/\/biblia.md\/en\/wp-json\/wp\/v2\/media\/32736"}],"wp:attachment":[{"href":"https:\/\/biblia.md\/en\/wp-json\/wp\/v2\/media?parent=32735"}],"wp:term":[{"taxonomy":"product_brand","embeddable":true,"href":"https:\/\/biblia.md\/en\/wp-json\/wp\/v2\/product_brand?post=32735"},{"taxonomy":"product_cat","embeddable":true,"href":"https:\/\/biblia.md\/en\/wp-json\/wp\/v2\/product_cat?post=32735"},{"taxonomy":"product_tag","embeddable":true,"href":"https:\/\/biblia.md\/en\/wp-json\/wp\/v2\/product_tag?post=32735"}],"curies":[{"name":"wp","href":"https:\/\/api.w.org\/{rel}","templated":true}]}}