{"id":33223,"date":"2026-01-26T14:01:32","date_gmt":"2026-01-26T12:01:32","guid":{"rendered":"https:\/\/biblia.md\/?post_type=product&#038;p=33223"},"modified":"2026-01-26T14:01:33","modified_gmt":"2026-01-26T12:01:33","slug":"sristi-povestea-unei-fetite-bhutaneze-in-tabara-de-refugiati-din-nepal","status":"publish","type":"product","link":"https:\/\/biblia.md\/en\/shop\/sristi-povestea-unei-fetite-bhutaneze-in-tabara-de-refugiati-din-nepal\/","title":{"rendered":"Sristi &#8211; Povestea unei feti\u021be bhutaneze \u00een tab\u0103ra de refugia\u021bi din Nepal"},"content":{"rendered":"<p><em><strong>Povestea unei feti\u021be bhutaneze \u00een tab\u0103ra de refugia\u021bi din Nepal<\/strong><\/em><\/p>\n<p><em>Ruth o trase pe Sristi \u00eentr-o parte \u0219i \u00eei d\u0103du ceva \u00eenvelit \u00een folie de plastic.<\/em><\/p>\n<p><em>\u2014 Sristi, probabil c\u0103 nu ne vom mai \u00eent\u00e2lni niciodat\u0103, \u00eens\u0103 vreau s\u0103-\u021bi dau un cadou pre\u021bios. Chiar dac\u0103 nu-l cite\u0219ti acum, p\u0103streaz\u0103-l cu tine. Mai t\u00e2rziu, c\u00e2nd vei cre\u0219te \u00eel vei putea citi.<\/em><\/p>\n<p>C\u0103su\u021ba unde locuia Sristi \u00een tab\u0103ra de refugia\u021bi din Nepal era din bambus. Feti\u021ba mergea la \u0219coala din tab\u0103r\u0103, se juca \u00eempreun\u0103 cu prietenele ei \u0219i alerga dup\u0103 fr\u0103\u021biorul ei plin de via\u021b\u0103. \u00cen fiecare diminea\u021b\u0103, mama lui Sristi se \u00eenchina zeilor arz\u00e2nd t\u0103m\u00e2ie \u0219i sun\u00e2nd dintr-un clopo\u021bel creat special pentru aceasta.<\/p>\n<p>\u00centr-o zi, Sristi deschise Biblia pe care o primise de la Ruth. Chiar de la prima propozi\u021bie pe care o citi avu parte de o surpriz\u0103. At\u00e2t ea, c\u00e2t \u0219i mama ei \u00eencepur\u0103 s\u0103 cunoasc\u0103 tot mai multe lucruri despre Dumnezeul din Biblie. Oare era acest Dumnezeu cu adev\u0103rat mai bun dec\u00e2t dumnezeul hindus \u0219i ceilal\u021bi zei?<\/p>","protected":false},"excerpt":{"rendered":"<p><em><strong>Povestea unei feti\u021be bhutaneze \u00een tab\u0103ra de refugia\u021bi din Nepal<\/strong><\/em><\/p>\n<p><em>Ruth o trase pe Sristi \u00eentr-o parte \u0219i \u00eei d\u0103du ceva \u00eenvelit \u00een folie de plastic.<\/em><\/p>\n<p><em>\u2014 Sristi, probabil c\u0103 nu ne vom mai \u00eent\u00e2lni niciodat\u0103, \u00eens\u0103 vreau s\u0103-\u021bi dau un cadou pre\u021bios. Chiar dac\u0103 nu-l cite\u0219ti acum, p\u0103streaz\u0103-l cu tine. Mai t\u00e2rziu, c\u00e2nd vei cre\u0219te \u00eel vei putea citi.<\/em><\/p>\n<p>C\u0103su\u021ba unde locuia Sristi \u00een tab\u0103ra de refugia\u021bi din Nepal era din bambus. Feti\u021ba mergea la \u0219coala din tab\u0103r\u0103, se juca \u00eempreun\u0103 cu prietenele ei \u0219i alerga dup\u0103 fr\u0103\u021biorul ei plin de via\u021b\u0103. \u00cen fiecare diminea\u021b\u0103, mama lui Sristi se \u00eenchina zeilor arz\u00e2nd t\u0103m\u00e2ie \u0219i sun\u00e2nd dintr-un clopo\u021bel creat special pentru aceasta.<\/p>\n<p>\u00centr-o zi, Sristi deschise Biblia pe care o primise de la Ruth. Chiar de la prima propozi\u021bie pe care o citi avu parte de o surpriz\u0103. At\u00e2t ea, c\u00e2t \u0219i mama ei \u00eencepur\u0103 s\u0103 cunoasc\u0103 tot mai multe lucruri despre Dumnezeul din Biblie. Oare era acest Dumnezeu cu adev\u0103rat mai bun dec\u00e2t dumnezeul hindus \u0219i ceilal\u021bi zei?<\/p>","protected":false},"featured_media":33224,"comment_status":"open","ping_status":"closed","template":"","meta":[],"product_brand":[],"product_cat":[149,364],"product_tag":[],"class_list":{"0":"post-33223","1":"product","2":"type-product","3":"status-publish","4":"has-post-thumbnail","6":"product_cat-copii","7":"product_cat-povestiri","8":"product_author-jyoti-nepal","9":"product_genre-knigi-rom","11":"first","12":"instock","13":"shipping-taxable","14":"purchasable","15":"product-type-simple"},"yoast_head":"<!-- This site is optimized with the Yoast SEO plugin v27.3 - https:\/\/yoast.com\/product\/yoast-seo-wordpress\/ -->\n<title>Sristi - Povestea unei feti\u021be bhutaneze \u00een tab\u0103ra de refugia\u021bi din Nepal - Societatea Biblic\u0103 din Moldova<\/title>\n<meta name=\"robots\" content=\"index, follow, max-snippet:-1, max-image-preview:large, max-video-preview:-1\" \/>\n<link rel=\"canonical\" href=\"https:\/\/biblia.md\/en\/shop\/sristi-povestea-unei-fetite-bhutaneze-in-tabara-de-refugiati-din-nepal\/\" \/>\n<meta property=\"og:locale\" content=\"en_US\" \/>\n<meta property=\"og:type\" content=\"article\" \/>\n<meta property=\"og:title\" content=\"Sristi - Povestea unei feti\u021be bhutaneze \u00een tab\u0103ra de refugia\u021bi din Nepal - Societatea Biblic\u0103 din Moldova\" \/>\n<meta property=\"og:description\" content=\"Povestea unei feti\u021be bhutaneze \u00een tab\u0103ra de refugia\u021bi din Nepal  Ruth o trase pe Sristi \u00eentr-o parte \u0219i \u00eei d\u0103du ceva \u00eenvelit \u00een folie de plastic.  \u2014 Sristi, probabil c\u0103 nu ne vom mai \u00eent\u00e2lni niciodat\u0103, \u00eens\u0103 vreau s\u0103-\u021bi dau un cadou pre\u021bios. Chiar dac\u0103 nu-l cite\u0219ti acum, p\u0103streaz\u0103-l cu tine. Mai t\u00e2rziu, c\u00e2nd vei cre\u0219te \u00eel vei putea citi.  C\u0103su\u021ba unde locuia Sristi \u00een tab\u0103ra de refugia\u021bi din Nepal era din bambus. Feti\u021ba mergea la \u0219coala din tab\u0103r\u0103, se juca \u00eempreun\u0103 cu prietenele ei \u0219i alerga dup\u0103 fr\u0103\u021biorul ei plin de via\u021b\u0103. \u00cen fiecare diminea\u021b\u0103, mama lui Sristi se \u00eenchina zeilor arz\u00e2nd t\u0103m\u00e2ie \u0219i sun\u00e2nd dintr-un clopo\u021bel creat special pentru aceasta.  \u00centr-o zi, Sristi deschise Biblia pe care o primise de la Ruth. Chiar de la prima propozi\u021bie pe care o citi avu parte de o surpriz\u0103. At\u00e2t ea, c\u00e2t \u0219i mama ei \u00eencepur\u0103 s\u0103 cunoasc\u0103 tot mai multe lucruri despre Dumnezeul din Biblie. Oare era acest Dumnezeu cu adev\u0103rat mai bun dec\u00e2t dumnezeul hindus \u0219i ceilal\u021bi zei?\" \/>\n<meta property=\"og:url\" content=\"https:\/\/biblia.md\/en\/shop\/sristi-povestea-unei-fetite-bhutaneze-in-tabara-de-refugiati-din-nepal\/\" \/>\n<meta property=\"og:site_name\" content=\"Societatea Biblic\u0103 din Moldova\" \/>\n<meta property=\"article:publisher\" content=\"https:\/\/www.facebook.com\/SocietateaBiblicaMoldova\/\" \/>\n<meta property=\"article:modified_time\" content=\"2026-01-26T12:01:33+00:00\" \/>\n<meta property=\"og:image\" content=\"https:\/\/biblia.md\/wp-content\/uploads\/2026\/01\/0000000647.jpg\" \/>\n\t<meta property=\"og:image:width\" content=\"631\" \/>\n\t<meta property=\"og:image:height\" content=\"862\" \/>\n\t<meta property=\"og:image:type\" content=\"image\/jpeg\" \/>\n<meta name=\"twitter:card\" content=\"summary_large_image\" \/>\n<meta name=\"twitter:label1\" content=\"Est. reading time\" \/>\n\t<meta name=\"twitter:data1\" content=\"2 minutes\" \/>\n<script type=\"application\/ld+json\" class=\"yoast-schema-graph\">{\"@context\":\"https:\\\/\\\/schema.org\",\"@graph\":[{\"@type\":\"WebPage\",\"@id\":\"https:\\\/\\\/biblia.md\\\/shop\\\/sristi-povestea-unei-fetite-bhutaneze-in-tabara-de-refugiati-din-nepal\\\/\",\"url\":\"https:\\\/\\\/biblia.md\\\/shop\\\/sristi-povestea-unei-fetite-bhutaneze-in-tabara-de-refugiati-din-nepal\\\/\",\"name\":\"Sristi - Povestea unei feti\u021be bhutaneze \u00een tab\u0103ra de refugia\u021bi din Nepal - Societatea Biblic\u0103 din Moldova\",\"isPartOf\":{\"@id\":\"https:\\\/\\\/biblia.md\\\/#website\"},\"primaryImageOfPage\":{\"@id\":\"https:\\\/\\\/biblia.md\\\/shop\\\/sristi-povestea-unei-fetite-bhutaneze-in-tabara-de-refugiati-din-nepal\\\/#primaryimage\"},\"image\":{\"@id\":\"https:\\\/\\\/biblia.md\\\/shop\\\/sristi-povestea-unei-fetite-bhutaneze-in-tabara-de-refugiati-din-nepal\\\/#primaryimage\"},\"thumbnailUrl\":\"https:\\\/\\\/biblia.md\\\/wp-content\\\/uploads\\\/2026\\\/01\\\/0000000647.jpg\",\"datePublished\":\"2026-01-26T12:01:32+00:00\",\"dateModified\":\"2026-01-26T12:01:33+00:00\",\"breadcrumb\":{\"@id\":\"https:\\\/\\\/biblia.md\\\/shop\\\/sristi-povestea-unei-fetite-bhutaneze-in-tabara-de-refugiati-din-nepal\\\/#breadcrumb\"},\"inLanguage\":\"en-US\",\"potentialAction\":[{\"@type\":\"ReadAction\",\"target\":[\"https:\\\/\\\/biblia.md\\\/shop\\\/sristi-povestea-unei-fetite-bhutaneze-in-tabara-de-refugiati-din-nepal\\\/\"]}]},{\"@type\":\"ImageObject\",\"inLanguage\":\"en-US\",\"@id\":\"https:\\\/\\\/biblia.md\\\/shop\\\/sristi-povestea-unei-fetite-bhutaneze-in-tabara-de-refugiati-din-nepal\\\/#primaryimage\",\"url\":\"https:\\\/\\\/biblia.md\\\/wp-content\\\/uploads\\\/2026\\\/01\\\/0000000647.jpg\",\"contentUrl\":\"https:\\\/\\\/biblia.md\\\/wp-content\\\/uploads\\\/2026\\\/01\\\/0000000647.jpg\",\"width\":631,\"height\":862},{\"@type\":\"BreadcrumbList\",\"@id\":\"https:\\\/\\\/biblia.md\\\/shop\\\/sristi-povestea-unei-fetite-bhutaneze-in-tabara-de-refugiati-din-nepal\\\/#breadcrumb\",\"itemListElement\":[{\"@type\":\"ListItem\",\"position\":1,\"name\":\"Prima pagin\u0103\",\"item\":\"https:\\\/\\\/biblia.md\\\/\"},{\"@type\":\"ListItem\",\"position\":2,\"name\":\"Shop\",\"item\":\"https:\\\/\\\/biblia.md\\\/shop\\\/\"},{\"@type\":\"ListItem\",\"position\":3,\"name\":\"Sristi &#8211; Povestea unei feti\u021be bhutaneze \u00een tab\u0103ra de refugia\u021bi din Nepal\"}]},{\"@type\":\"WebSite\",\"@id\":\"https:\\\/\\\/biblia.md\\\/#website\",\"url\":\"https:\\\/\\\/biblia.md\\\/\",\"name\":\"Societatea Biblic\u0103 din Moldova\",\"description\":\"\",\"publisher\":{\"@id\":\"https:\\\/\\\/biblia.md\\\/#organization\"},\"potentialAction\":[{\"@type\":\"SearchAction\",\"target\":{\"@type\":\"EntryPoint\",\"urlTemplate\":\"https:\\\/\\\/biblia.md\\\/?s={search_term_string}\"},\"query-input\":{\"@type\":\"PropertyValueSpecification\",\"valueRequired\":true,\"valueName\":\"search_term_string\"}}],\"inLanguage\":\"en-US\"},{\"@type\":\"Organization\",\"@id\":\"https:\\\/\\\/biblia.md\\\/#organization\",\"name\":\"Societatea Biblic\u0103 din Moldova\",\"url\":\"https:\\\/\\\/biblia.md\\\/\",\"logo\":{\"@type\":\"ImageObject\",\"inLanguage\":\"en-US\",\"@id\":\"https:\\\/\\\/biblia.md\\\/#\\\/schema\\\/logo\\\/image\\\/\",\"url\":\"https:\\\/\\\/biblia.md\\\/wp-content\\\/uploads\\\/2026\\\/01\\\/icon_site.jpg\",\"contentUrl\":\"https:\\\/\\\/biblia.md\\\/wp-content\\\/uploads\\\/2026\\\/01\\\/icon_site.jpg\",\"width\":656,\"height\":656,\"caption\":\"Societatea Biblic\u0103 din Moldova\"},\"image\":{\"@id\":\"https:\\\/\\\/biblia.md\\\/#\\\/schema\\\/logo\\\/image\\\/\"},\"sameAs\":[\"https:\\\/\\\/www.facebook.com\\\/SocietateaBiblicaMoldova\\\/\",\"https:\\\/\\\/www.instagram.com\\\/biblia.md\\\/\"]}]}<\/script>\n<!-- \/ Yoast SEO plugin. -->","yoast_head_json":{"title":"Sristi - Povestea unei feti\u021be bhutaneze \u00een tab\u0103ra de refugia\u021bi din Nepal - Societatea Biblic\u0103 din Moldova","robots":{"index":"index","follow":"follow","max-snippet":"max-snippet:-1","max-image-preview":"max-image-preview:large","max-video-preview":"max-video-preview:-1"},"canonical":"https:\/\/biblia.md\/en\/shop\/sristi-povestea-unei-fetite-bhutaneze-in-tabara-de-refugiati-din-nepal\/","og_locale":"en_US","og_type":"article","og_title":"Sristi - Povestea unei feti\u021be bhutaneze \u00een tab\u0103ra de refugia\u021bi din Nepal - Societatea Biblic\u0103 din Moldova","og_description":"Povestea unei feti\u021be bhutaneze \u00een tab\u0103ra de refugia\u021bi din Nepal  Ruth o trase pe Sristi \u00eentr-o parte \u0219i \u00eei d\u0103du ceva \u00eenvelit \u00een folie de plastic.  \u2014 Sristi, probabil c\u0103 nu ne vom mai \u00eent\u00e2lni niciodat\u0103, \u00eens\u0103 vreau s\u0103-\u021bi dau un cadou pre\u021bios. Chiar dac\u0103 nu-l cite\u0219ti acum, p\u0103streaz\u0103-l cu tine. Mai t\u00e2rziu, c\u00e2nd vei cre\u0219te \u00eel vei putea citi.  C\u0103su\u021ba unde locuia Sristi \u00een tab\u0103ra de refugia\u021bi din Nepal era din bambus. Feti\u021ba mergea la \u0219coala din tab\u0103r\u0103, se juca \u00eempreun\u0103 cu prietenele ei \u0219i alerga dup\u0103 fr\u0103\u021biorul ei plin de via\u021b\u0103. \u00cen fiecare diminea\u021b\u0103, mama lui Sristi se \u00eenchina zeilor arz\u00e2nd t\u0103m\u00e2ie \u0219i sun\u00e2nd dintr-un clopo\u021bel creat special pentru aceasta.  \u00centr-o zi, Sristi deschise Biblia pe care o primise de la Ruth. Chiar de la prima propozi\u021bie pe care o citi avu parte de o surpriz\u0103. At\u00e2t ea, c\u00e2t \u0219i mama ei \u00eencepur\u0103 s\u0103 cunoasc\u0103 tot mai multe lucruri despre Dumnezeul din Biblie. Oare era acest Dumnezeu cu adev\u0103rat mai bun dec\u00e2t dumnezeul hindus \u0219i ceilal\u021bi zei?","og_url":"https:\/\/biblia.md\/en\/shop\/sristi-povestea-unei-fetite-bhutaneze-in-tabara-de-refugiati-din-nepal\/","og_site_name":"Societatea Biblic\u0103 din Moldova","article_publisher":"https:\/\/www.facebook.com\/SocietateaBiblicaMoldova\/","article_modified_time":"2026-01-26T12:01:33+00:00","og_image":[{"width":631,"height":862,"url":"https:\/\/biblia.md\/wp-content\/uploads\/2026\/01\/0000000647.jpg","type":"image\/jpeg"}],"twitter_card":"summary_large_image","twitter_misc":{"Est. reading time":"2 minutes"},"schema":{"@context":"https:\/\/schema.org","@graph":[{"@type":"WebPage","@id":"https:\/\/biblia.md\/shop\/sristi-povestea-unei-fetite-bhutaneze-in-tabara-de-refugiati-din-nepal\/","url":"https:\/\/biblia.md\/shop\/sristi-povestea-unei-fetite-bhutaneze-in-tabara-de-refugiati-din-nepal\/","name":"Sristi - Povestea unei feti\u021be bhutaneze \u00een tab\u0103ra de refugia\u021bi din Nepal - Societatea Biblic\u0103 din Moldova","isPartOf":{"@id":"https:\/\/biblia.md\/#website"},"primaryImageOfPage":{"@id":"https:\/\/biblia.md\/shop\/sristi-povestea-unei-fetite-bhutaneze-in-tabara-de-refugiati-din-nepal\/#primaryimage"},"image":{"@id":"https:\/\/biblia.md\/shop\/sristi-povestea-unei-fetite-bhutaneze-in-tabara-de-refugiati-din-nepal\/#primaryimage"},"thumbnailUrl":"https:\/\/biblia.md\/wp-content\/uploads\/2026\/01\/0000000647.jpg","datePublished":"2026-01-26T12:01:32+00:00","dateModified":"2026-01-26T12:01:33+00:00","breadcrumb":{"@id":"https:\/\/biblia.md\/shop\/sristi-povestea-unei-fetite-bhutaneze-in-tabara-de-refugiati-din-nepal\/#breadcrumb"},"inLanguage":"en-US","potentialAction":[{"@type":"ReadAction","target":["https:\/\/biblia.md\/shop\/sristi-povestea-unei-fetite-bhutaneze-in-tabara-de-refugiati-din-nepal\/"]}]},{"@type":"ImageObject","inLanguage":"en-US","@id":"https:\/\/biblia.md\/shop\/sristi-povestea-unei-fetite-bhutaneze-in-tabara-de-refugiati-din-nepal\/#primaryimage","url":"https:\/\/biblia.md\/wp-content\/uploads\/2026\/01\/0000000647.jpg","contentUrl":"https:\/\/biblia.md\/wp-content\/uploads\/2026\/01\/0000000647.jpg","width":631,"height":862},{"@type":"BreadcrumbList","@id":"https:\/\/biblia.md\/shop\/sristi-povestea-unei-fetite-bhutaneze-in-tabara-de-refugiati-din-nepal\/#breadcrumb","itemListElement":[{"@type":"ListItem","position":1,"name":"Prima pagin\u0103","item":"https:\/\/biblia.md\/"},{"@type":"ListItem","position":2,"name":"Shop","item":"https:\/\/biblia.md\/shop\/"},{"@type":"ListItem","position":3,"name":"Sristi &#8211; Povestea unei feti\u021be bhutaneze \u00een tab\u0103ra de refugia\u021bi din Nepal"}]},{"@type":"WebSite","@id":"https:\/\/biblia.md\/#website","url":"https:\/\/biblia.md\/","name":"Societatea Biblic\u0103 din Moldova","description":"","publisher":{"@id":"https:\/\/biblia.md\/#organization"},"potentialAction":[{"@type":"SearchAction","target":{"@type":"EntryPoint","urlTemplate":"https:\/\/biblia.md\/?s={search_term_string}"},"query-input":{"@type":"PropertyValueSpecification","valueRequired":true,"valueName":"search_term_string"}}],"inLanguage":"en-US"},{"@type":"Organization","@id":"https:\/\/biblia.md\/#organization","name":"Societatea Biblic\u0103 din Moldova","url":"https:\/\/biblia.md\/","logo":{"@type":"ImageObject","inLanguage":"en-US","@id":"https:\/\/biblia.md\/#\/schema\/logo\/image\/","url":"https:\/\/biblia.md\/wp-content\/uploads\/2026\/01\/icon_site.jpg","contentUrl":"https:\/\/biblia.md\/wp-content\/uploads\/2026\/01\/icon_site.jpg","width":656,"height":656,"caption":"Societatea Biblic\u0103 din Moldova"},"image":{"@id":"https:\/\/biblia.md\/#\/schema\/logo\/image\/"},"sameAs":["https:\/\/www.facebook.com\/SocietateaBiblicaMoldova\/","https:\/\/www.instagram.com\/biblia.md\/"]}]}},"_links":{"self":[{"href":"https:\/\/biblia.md\/en\/wp-json\/wp\/v2\/product\/33223","targetHints":{"allow":["GET"]}}],"collection":[{"href":"https:\/\/biblia.md\/en\/wp-json\/wp\/v2\/product"}],"about":[{"href":"https:\/\/biblia.md\/en\/wp-json\/wp\/v2\/types\/product"}],"replies":[{"embeddable":true,"href":"https:\/\/biblia.md\/en\/wp-json\/wp\/v2\/comments?post=33223"}],"version-history":[{"count":1,"href":"https:\/\/biblia.md\/en\/wp-json\/wp\/v2\/product\/33223\/revisions"}],"predecessor-version":[{"id":33225,"href":"https:\/\/biblia.md\/en\/wp-json\/wp\/v2\/product\/33223\/revisions\/33225"}],"wp:featuredmedia":[{"embeddable":true,"href":"https:\/\/biblia.md\/en\/wp-json\/wp\/v2\/media\/33224"}],"wp:attachment":[{"href":"https:\/\/biblia.md\/en\/wp-json\/wp\/v2\/media?parent=33223"}],"wp:term":[{"taxonomy":"product_brand","embeddable":true,"href":"https:\/\/biblia.md\/en\/wp-json\/wp\/v2\/product_brand?post=33223"},{"taxonomy":"product_cat","embeddable":true,"href":"https:\/\/biblia.md\/en\/wp-json\/wp\/v2\/product_cat?post=33223"},{"taxonomy":"product_tag","embeddable":true,"href":"https:\/\/biblia.md\/en\/wp-json\/wp\/v2\/product_tag?post=33223"}],"curies":[{"name":"wp","href":"https:\/\/api.w.org\/{rel}","templated":true}]}}