{"id":33253,"date":"2026-01-26T14:18:07","date_gmt":"2026-01-26T12:18:07","guid":{"rendered":"https:\/\/biblia.md\/?post_type=product&#038;p=33253"},"modified":"2026-01-26T14:18:08","modified_gmt":"2026-01-26T12:18:08","slug":"te-ai-simtit-vreodata-singur-seria-comoara-copilariei","status":"publish","type":"product","link":"https:\/\/biblia.md\/en\/shop\/te-ai-simtit-vreodata-singur-seria-comoara-copilariei\/","title":{"rendered":"Te-ai sim\u021bit vreodat\u0103 singur? Seria Comoara Copil\u0103riei"},"content":{"rendered":"<p>Copilaria e un carusel cu emotii, iar ca parinti, nu ne place sa-i stim pe copiii nostri tristi pentru ca nu reusesc sa se integreze intr-un grup, sa-si faca prieteni sau, pur si simplu, se simt singuri. De aceea, vrem sa ii asiguram ca ii iubim intotdeauna, neconditionat.<\/p>\n<p><strong>Max Lucado<\/strong>\u00a0ne aminteste ca dragostea parinteasca este rezultatul unei relatii prin care le intarim copiilor aceasta convingere. Dar si mai important este faptul ca ei sunt intotdeauna iubiti si protejati de Dumnezeu, si El Se afla doar la o rugaciune distanta de oricare dintre noi.<\/p>\n<p><em>Cand lacrimile\u00a0<\/em><br \/>\n<em>vor fi gata sa-ti curga,\u00a0<\/em><br \/>\n<em>sa stii ca eu voi fi aici\u00a0<\/em><br \/>\n<em>sa te imbratisez tare-tare.\u00a0<\/em><\/p>\n<p><em>Aminteste-ti asta&#8230;\u00a0<\/em><br \/>\n<em>\u00a0 \u00a0 daca te simti vreodata singur.<\/em><\/p>","protected":false},"excerpt":{"rendered":"<p>Copilaria e un carusel cu emotii, iar ca parinti, nu ne place sa-i stim pe copiii nostri tristi pentru ca nu reusesc sa se integreze intr-un grup, sa-si faca prieteni sau, pur si simplu, se simt singuri. De aceea, vrem sa ii asiguram ca ii iubim intotdeauna, neconditionat.<\/p>\n<p><strong>Max Lucado<\/strong>\u00a0ne aminteste ca dragostea parinteasca este rezultatul unei relatii prin care le intarim copiilor aceasta convingere. Dar si mai important este faptul ca ei sunt intotdeauna iubiti si protejati de Dumnezeu, si El Se afla doar la o rugaciune distanta de oricare dintre noi.<\/p>\n<p><em>Cand lacrimile\u00a0<\/em><br \/>\n<em>vor fi gata sa-ti curga,\u00a0<\/em><br \/>\n<em>sa stii ca eu voi fi aici\u00a0<\/em><br \/>\n<em>sa te imbratisez tare-tare.\u00a0<\/em><\/p>\n<p><em>Aminteste-ti asta&#8230;\u00a0<\/em><br \/>\n<em>\u00a0 \u00a0 daca te simti vreodata singur.<\/em><\/p>","protected":false},"featured_media":33254,"comment_status":"open","ping_status":"closed","template":"","meta":[],"product_brand":[],"product_cat":[149,364],"product_tag":[],"class_list":{"0":"post-33253","1":"product","2":"type-product","3":"status-publish","4":"has-post-thumbnail","6":"product_cat-copii","7":"product_cat-povestiri","8":"product_author-max-lucado","9":"product_genre-knigi-rom","11":"first","12":"instock","13":"shipping-taxable","14":"purchasable","15":"product-type-simple"},"yoast_head":"<!-- This site is optimized with the Yoast SEO plugin v27.3 - https:\/\/yoast.com\/product\/yoast-seo-wordpress\/ -->\n<title>Te-ai sim\u021bit vreodat\u0103 singur? Seria Comoara Copil\u0103riei - Societatea Biblic\u0103 din Moldova<\/title>\n<meta name=\"robots\" content=\"index, follow, max-snippet:-1, max-image-preview:large, max-video-preview:-1\" \/>\n<link rel=\"canonical\" href=\"https:\/\/biblia.md\/en\/shop\/te-ai-simtit-vreodata-singur-seria-comoara-copilariei\/\" \/>\n<meta property=\"og:locale\" content=\"en_US\" \/>\n<meta property=\"og:type\" content=\"article\" \/>\n<meta property=\"og:title\" content=\"Te-ai sim\u021bit vreodat\u0103 singur? Seria Comoara Copil\u0103riei - Societatea Biblic\u0103 din Moldova\" \/>\n<meta property=\"og:description\" content=\"Copilaria e un carusel cu emotii, iar ca parinti, nu ne place sa-i stim pe copiii nostri tristi pentru ca nu reusesc sa se integreze intr-un grup, sa-si faca prieteni sau, pur si simplu, se simt singuri. De aceea, vrem sa ii asiguram ca ii iubim intotdeauna, neconditionat.  Max Lucado\u00a0ne aminteste ca dragostea parinteasca este rezultatul unei relatii prin care le intarim copiilor aceasta convingere. Dar si mai important este faptul ca ei sunt intotdeauna iubiti si protejati de Dumnezeu, si El Se afla doar la o rugaciune distanta de oricare dintre noi.  Cand lacrimile\u00a0 vor fi gata sa-ti curga,\u00a0 sa stii ca eu voi fi aici\u00a0 sa te imbratisez tare-tare.\u00a0  Aminteste-ti asta...\u00a0 \u00a0 \u00a0 daca te simti vreodata singur.\" \/>\n<meta property=\"og:url\" content=\"https:\/\/biblia.md\/en\/shop\/te-ai-simtit-vreodata-singur-seria-comoara-copilariei\/\" \/>\n<meta property=\"og:site_name\" content=\"Societatea Biblic\u0103 din Moldova\" \/>\n<meta property=\"article:publisher\" content=\"https:\/\/www.facebook.com\/SocietateaBiblicaMoldova\/\" \/>\n<meta property=\"article:modified_time\" content=\"2026-01-26T12:18:08+00:00\" \/>\n<meta property=\"og:image\" content=\"https:\/\/biblia.md\/wp-content\/uploads\/2026\/01\/0000000652-scaled.jpg\" \/>\n\t<meta property=\"og:image:width\" content=\"1982\" \/>\n\t<meta property=\"og:image:height\" content=\"2560\" \/>\n\t<meta property=\"og:image:type\" content=\"image\/jpeg\" \/>\n<meta name=\"twitter:card\" content=\"summary_large_image\" \/>\n<meta name=\"twitter:label1\" content=\"Est. reading time\" \/>\n\t<meta name=\"twitter:data1\" content=\"1 minute\" \/>\n<script type=\"application\/ld+json\" class=\"yoast-schema-graph\">{\"@context\":\"https:\\\/\\\/schema.org\",\"@graph\":[{\"@type\":\"WebPage\",\"@id\":\"https:\\\/\\\/biblia.md\\\/shop\\\/te-ai-simtit-vreodata-singur-seria-comoara-copilariei\\\/\",\"url\":\"https:\\\/\\\/biblia.md\\\/shop\\\/te-ai-simtit-vreodata-singur-seria-comoara-copilariei\\\/\",\"name\":\"Te-ai sim\u021bit vreodat\u0103 singur? Seria Comoara Copil\u0103riei - Societatea Biblic\u0103 din Moldova\",\"isPartOf\":{\"@id\":\"https:\\\/\\\/biblia.md\\\/#website\"},\"primaryImageOfPage\":{\"@id\":\"https:\\\/\\\/biblia.md\\\/shop\\\/te-ai-simtit-vreodata-singur-seria-comoara-copilariei\\\/#primaryimage\"},\"image\":{\"@id\":\"https:\\\/\\\/biblia.md\\\/shop\\\/te-ai-simtit-vreodata-singur-seria-comoara-copilariei\\\/#primaryimage\"},\"thumbnailUrl\":\"https:\\\/\\\/biblia.md\\\/wp-content\\\/uploads\\\/2026\\\/01\\\/0000000652-scaled.jpg\",\"datePublished\":\"2026-01-26T12:18:07+00:00\",\"dateModified\":\"2026-01-26T12:18:08+00:00\",\"breadcrumb\":{\"@id\":\"https:\\\/\\\/biblia.md\\\/shop\\\/te-ai-simtit-vreodata-singur-seria-comoara-copilariei\\\/#breadcrumb\"},\"inLanguage\":\"en-US\",\"potentialAction\":[{\"@type\":\"ReadAction\",\"target\":[\"https:\\\/\\\/biblia.md\\\/shop\\\/te-ai-simtit-vreodata-singur-seria-comoara-copilariei\\\/\"]}]},{\"@type\":\"ImageObject\",\"inLanguage\":\"en-US\",\"@id\":\"https:\\\/\\\/biblia.md\\\/shop\\\/te-ai-simtit-vreodata-singur-seria-comoara-copilariei\\\/#primaryimage\",\"url\":\"https:\\\/\\\/biblia.md\\\/wp-content\\\/uploads\\\/2026\\\/01\\\/0000000652-scaled.jpg\",\"contentUrl\":\"https:\\\/\\\/biblia.md\\\/wp-content\\\/uploads\\\/2026\\\/01\\\/0000000652-scaled.jpg\",\"width\":1982,\"height\":2560},{\"@type\":\"BreadcrumbList\",\"@id\":\"https:\\\/\\\/biblia.md\\\/shop\\\/te-ai-simtit-vreodata-singur-seria-comoara-copilariei\\\/#breadcrumb\",\"itemListElement\":[{\"@type\":\"ListItem\",\"position\":1,\"name\":\"Prima pagin\u0103\",\"item\":\"https:\\\/\\\/biblia.md\\\/\"},{\"@type\":\"ListItem\",\"position\":2,\"name\":\"Shop\",\"item\":\"https:\\\/\\\/biblia.md\\\/shop\\\/\"},{\"@type\":\"ListItem\",\"position\":3,\"name\":\"Te-ai sim\u021bit vreodat\u0103 singur? Seria Comoara Copil\u0103riei\"}]},{\"@type\":\"WebSite\",\"@id\":\"https:\\\/\\\/biblia.md\\\/#website\",\"url\":\"https:\\\/\\\/biblia.md\\\/\",\"name\":\"Societatea Biblic\u0103 din Moldova\",\"description\":\"\",\"publisher\":{\"@id\":\"https:\\\/\\\/biblia.md\\\/#organization\"},\"potentialAction\":[{\"@type\":\"SearchAction\",\"target\":{\"@type\":\"EntryPoint\",\"urlTemplate\":\"https:\\\/\\\/biblia.md\\\/?s={search_term_string}\"},\"query-input\":{\"@type\":\"PropertyValueSpecification\",\"valueRequired\":true,\"valueName\":\"search_term_string\"}}],\"inLanguage\":\"en-US\"},{\"@type\":\"Organization\",\"@id\":\"https:\\\/\\\/biblia.md\\\/#organization\",\"name\":\"Societatea Biblic\u0103 din Moldova\",\"url\":\"https:\\\/\\\/biblia.md\\\/\",\"logo\":{\"@type\":\"ImageObject\",\"inLanguage\":\"en-US\",\"@id\":\"https:\\\/\\\/biblia.md\\\/#\\\/schema\\\/logo\\\/image\\\/\",\"url\":\"https:\\\/\\\/biblia.md\\\/wp-content\\\/uploads\\\/2026\\\/01\\\/icon_site.jpg\",\"contentUrl\":\"https:\\\/\\\/biblia.md\\\/wp-content\\\/uploads\\\/2026\\\/01\\\/icon_site.jpg\",\"width\":656,\"height\":656,\"caption\":\"Societatea Biblic\u0103 din Moldova\"},\"image\":{\"@id\":\"https:\\\/\\\/biblia.md\\\/#\\\/schema\\\/logo\\\/image\\\/\"},\"sameAs\":[\"https:\\\/\\\/www.facebook.com\\\/SocietateaBiblicaMoldova\\\/\",\"https:\\\/\\\/www.instagram.com\\\/biblia.md\\\/\"]}]}<\/script>\n<!-- \/ Yoast SEO plugin. -->","yoast_head_json":{"title":"Te-ai sim\u021bit vreodat\u0103 singur? Seria Comoara Copil\u0103riei - Societatea Biblic\u0103 din Moldova","robots":{"index":"index","follow":"follow","max-snippet":"max-snippet:-1","max-image-preview":"max-image-preview:large","max-video-preview":"max-video-preview:-1"},"canonical":"https:\/\/biblia.md\/en\/shop\/te-ai-simtit-vreodata-singur-seria-comoara-copilariei\/","og_locale":"en_US","og_type":"article","og_title":"Te-ai sim\u021bit vreodat\u0103 singur? Seria Comoara Copil\u0103riei - Societatea Biblic\u0103 din Moldova","og_description":"Copilaria e un carusel cu emotii, iar ca parinti, nu ne place sa-i stim pe copiii nostri tristi pentru ca nu reusesc sa se integreze intr-un grup, sa-si faca prieteni sau, pur si simplu, se simt singuri. De aceea, vrem sa ii asiguram ca ii iubim intotdeauna, neconditionat.  Max Lucado\u00a0ne aminteste ca dragostea parinteasca este rezultatul unei relatii prin care le intarim copiilor aceasta convingere. Dar si mai important este faptul ca ei sunt intotdeauna iubiti si protejati de Dumnezeu, si El Se afla doar la o rugaciune distanta de oricare dintre noi.  Cand lacrimile\u00a0 vor fi gata sa-ti curga,\u00a0 sa stii ca eu voi fi aici\u00a0 sa te imbratisez tare-tare.\u00a0  Aminteste-ti asta...\u00a0 \u00a0 \u00a0 daca te simti vreodata singur.","og_url":"https:\/\/biblia.md\/en\/shop\/te-ai-simtit-vreodata-singur-seria-comoara-copilariei\/","og_site_name":"Societatea Biblic\u0103 din Moldova","article_publisher":"https:\/\/www.facebook.com\/SocietateaBiblicaMoldova\/","article_modified_time":"2026-01-26T12:18:08+00:00","og_image":[{"width":1982,"height":2560,"url":"https:\/\/biblia.md\/wp-content\/uploads\/2026\/01\/0000000652-scaled.jpg","type":"image\/jpeg"}],"twitter_card":"summary_large_image","twitter_misc":{"Est. reading time":"1 minute"},"schema":{"@context":"https:\/\/schema.org","@graph":[{"@type":"WebPage","@id":"https:\/\/biblia.md\/shop\/te-ai-simtit-vreodata-singur-seria-comoara-copilariei\/","url":"https:\/\/biblia.md\/shop\/te-ai-simtit-vreodata-singur-seria-comoara-copilariei\/","name":"Te-ai sim\u021bit vreodat\u0103 singur? Seria Comoara Copil\u0103riei - Societatea Biblic\u0103 din Moldova","isPartOf":{"@id":"https:\/\/biblia.md\/#website"},"primaryImageOfPage":{"@id":"https:\/\/biblia.md\/shop\/te-ai-simtit-vreodata-singur-seria-comoara-copilariei\/#primaryimage"},"image":{"@id":"https:\/\/biblia.md\/shop\/te-ai-simtit-vreodata-singur-seria-comoara-copilariei\/#primaryimage"},"thumbnailUrl":"https:\/\/biblia.md\/wp-content\/uploads\/2026\/01\/0000000652-scaled.jpg","datePublished":"2026-01-26T12:18:07+00:00","dateModified":"2026-01-26T12:18:08+00:00","breadcrumb":{"@id":"https:\/\/biblia.md\/shop\/te-ai-simtit-vreodata-singur-seria-comoara-copilariei\/#breadcrumb"},"inLanguage":"en-US","potentialAction":[{"@type":"ReadAction","target":["https:\/\/biblia.md\/shop\/te-ai-simtit-vreodata-singur-seria-comoara-copilariei\/"]}]},{"@type":"ImageObject","inLanguage":"en-US","@id":"https:\/\/biblia.md\/shop\/te-ai-simtit-vreodata-singur-seria-comoara-copilariei\/#primaryimage","url":"https:\/\/biblia.md\/wp-content\/uploads\/2026\/01\/0000000652-scaled.jpg","contentUrl":"https:\/\/biblia.md\/wp-content\/uploads\/2026\/01\/0000000652-scaled.jpg","width":1982,"height":2560},{"@type":"BreadcrumbList","@id":"https:\/\/biblia.md\/shop\/te-ai-simtit-vreodata-singur-seria-comoara-copilariei\/#breadcrumb","itemListElement":[{"@type":"ListItem","position":1,"name":"Prima pagin\u0103","item":"https:\/\/biblia.md\/"},{"@type":"ListItem","position":2,"name":"Shop","item":"https:\/\/biblia.md\/shop\/"},{"@type":"ListItem","position":3,"name":"Te-ai sim\u021bit vreodat\u0103 singur? Seria Comoara Copil\u0103riei"}]},{"@type":"WebSite","@id":"https:\/\/biblia.md\/#website","url":"https:\/\/biblia.md\/","name":"Societatea Biblic\u0103 din Moldova","description":"","publisher":{"@id":"https:\/\/biblia.md\/#organization"},"potentialAction":[{"@type":"SearchAction","target":{"@type":"EntryPoint","urlTemplate":"https:\/\/biblia.md\/?s={search_term_string}"},"query-input":{"@type":"PropertyValueSpecification","valueRequired":true,"valueName":"search_term_string"}}],"inLanguage":"en-US"},{"@type":"Organization","@id":"https:\/\/biblia.md\/#organization","name":"Societatea Biblic\u0103 din Moldova","url":"https:\/\/biblia.md\/","logo":{"@type":"ImageObject","inLanguage":"en-US","@id":"https:\/\/biblia.md\/#\/schema\/logo\/image\/","url":"https:\/\/biblia.md\/wp-content\/uploads\/2026\/01\/icon_site.jpg","contentUrl":"https:\/\/biblia.md\/wp-content\/uploads\/2026\/01\/icon_site.jpg","width":656,"height":656,"caption":"Societatea Biblic\u0103 din Moldova"},"image":{"@id":"https:\/\/biblia.md\/#\/schema\/logo\/image\/"},"sameAs":["https:\/\/www.facebook.com\/SocietateaBiblicaMoldova\/","https:\/\/www.instagram.com\/biblia.md\/"]}]}},"_links":{"self":[{"href":"https:\/\/biblia.md\/en\/wp-json\/wp\/v2\/product\/33253","targetHints":{"allow":["GET"]}}],"collection":[{"href":"https:\/\/biblia.md\/en\/wp-json\/wp\/v2\/product"}],"about":[{"href":"https:\/\/biblia.md\/en\/wp-json\/wp\/v2\/types\/product"}],"replies":[{"embeddable":true,"href":"https:\/\/biblia.md\/en\/wp-json\/wp\/v2\/comments?post=33253"}],"version-history":[{"count":1,"href":"https:\/\/biblia.md\/en\/wp-json\/wp\/v2\/product\/33253\/revisions"}],"predecessor-version":[{"id":33258,"href":"https:\/\/biblia.md\/en\/wp-json\/wp\/v2\/product\/33253\/revisions\/33258"}],"wp:featuredmedia":[{"embeddable":true,"href":"https:\/\/biblia.md\/en\/wp-json\/wp\/v2\/media\/33254"}],"wp:attachment":[{"href":"https:\/\/biblia.md\/en\/wp-json\/wp\/v2\/media?parent=33253"}],"wp:term":[{"taxonomy":"product_brand","embeddable":true,"href":"https:\/\/biblia.md\/en\/wp-json\/wp\/v2\/product_brand?post=33253"},{"taxonomy":"product_cat","embeddable":true,"href":"https:\/\/biblia.md\/en\/wp-json\/wp\/v2\/product_cat?post=33253"},{"taxonomy":"product_tag","embeddable":true,"href":"https:\/\/biblia.md\/en\/wp-json\/wp\/v2\/product_tag?post=33253"}],"curies":[{"name":"wp","href":"https:\/\/api.w.org\/{rel}","templated":true}]}}