{"id":33272,"date":"2026-01-26T14:00:00","date_gmt":"2026-01-26T12:00:00","guid":{"rendered":"https:\/\/biblia.md\/?post_type=product&#038;p=33272"},"modified":"2026-03-20T16:39:56","modified_gmt":"2026-03-20T14:39:56","slug":"un-strop-de-mila","status":"publish","type":"product","link":"https:\/\/biblia.md\/en\/shop\/un-strop-de-mila\/","title":{"rendered":"Un strop de mil\u0103"},"content":{"rendered":"<p>Situat\u0103 \u00een anii Revolu\u021biei Americane, cartea de fa\u021b\u0103 spune povestea unui t\u00e2n\u0103r aflat \u00een c\u0103utarea adev\u0103ratei c\u0103i. Dup\u0103 ce simte gustul amar al \u00eenfr\u00e2ngerii \u00een urma unei tulbur\u0103toare \u00eencerc\u0103ri, el \u00ee\u0219i pred\u0103 inima lui Dumnezeu, care-i trimite un nou prilej de a-\u0219i ar\u0103ta mila. O va face, oare?<\/p>\n<p><em>Un strop de mil\u0103<\/em>\u00a0e o perspectiv\u0103 literar\u0103 asupra principiului biblic al nonrezisten\u021bei \u0219i \u00eel va ajuta pe cititor s\u0103-\u0219i cerceteze via\u021ba cu mai mult\u0103 limpezime, ca s\u0103 poat\u0103 c\u0103p\u0103ta lumin\u0103 \u00een zilele zbuciumate ale veacului de pe urm\u0103.<\/p>","protected":false},"excerpt":{"rendered":"<p>Situat\u0103 \u00een anii Revolu\u021biei Americane, cartea de fa\u021b\u0103 spune povestea unui t\u00e2n\u0103r aflat \u00een c\u0103utarea adev\u0103ratei c\u0103i. Dup\u0103 ce simte gustul amar al \u00eenfr\u00e2ngerii \u00een urma unei tulbur\u0103toare \u00eencerc\u0103ri, el \u00ee\u0219i pred\u0103 inima lui Dumnezeu, care-i trimite un nou prilej de a-\u0219i ar\u0103ta mila. O va face, oare?<\/p>\n<p><em>Un strop de mil\u0103<\/em>\u00a0e o perspectiv\u0103 literar\u0103 asupra principiului biblic al nonrezisten\u021bei \u0219i \u00eel va ajuta pe cititor s\u0103-\u0219i cerceteze via\u021ba cu mai mult\u0103 limpezime, ca s\u0103 poat\u0103 c\u0103p\u0103ta lumin\u0103 \u00een zilele zbuciumate ale veacului de pe urm\u0103.<\/p>","protected":false},"featured_media":34720,"comment_status":"open","ping_status":"closed","template":"","meta":[],"product_brand":[],"product_cat":[387,377,149,364],"product_tag":[],"class_list":{"0":"post-33272","1":"product","2":"type-product","3":"status-publish","4":"has-post-thumbnail","6":"product_cat-adolescenti-tineri","7":"product_cat-carti","8":"product_cat-copii","9":"product_cat-povestiri","10":"product_author-becky-mcgurrin","11":"product_genre-knigi-rom","13":"first","14":"instock","15":"shipping-taxable","16":"purchasable","17":"product-type-simple"},"yoast_head":"<!-- This site is optimized with the Yoast SEO plugin v27.3 - https:\/\/yoast.com\/product\/yoast-seo-wordpress\/ -->\n<title>Un strop de mil\u0103 - Societatea Biblic\u0103 din Moldova<\/title>\n<meta name=\"robots\" content=\"index, follow, max-snippet:-1, max-image-preview:large, max-video-preview:-1\" \/>\n<link rel=\"canonical\" href=\"https:\/\/biblia.md\/en\/shop\/un-strop-de-mila\/\" \/>\n<meta property=\"og:locale\" content=\"en_US\" \/>\n<meta property=\"og:type\" content=\"article\" \/>\n<meta property=\"og:title\" content=\"Un strop de mil\u0103 - Societatea Biblic\u0103 din Moldova\" \/>\n<meta property=\"og:description\" content=\"Situat\u0103 \u00een anii Revolu\u021biei Americane, cartea de fa\u021b\u0103 spune povestea unui t\u00e2n\u0103r aflat \u00een c\u0103utarea adev\u0103ratei c\u0103i. Dup\u0103 ce simte gustul amar al \u00eenfr\u00e2ngerii \u00een urma unei tulbur\u0103toare \u00eencerc\u0103ri, el \u00ee\u0219i pred\u0103 inima lui Dumnezeu, care-i trimite un nou prilej de a-\u0219i ar\u0103ta mila. O va face, oare?  Un strop de mil\u0103\u00a0e o perspectiv\u0103 literar\u0103 asupra principiului biblic al nonrezisten\u021bei \u0219i \u00eel va ajuta pe cititor s\u0103-\u0219i cerceteze via\u021ba cu mai mult\u0103 limpezime, ca s\u0103 poat\u0103 c\u0103p\u0103ta lumin\u0103 \u00een zilele zbuciumate ale veacului de pe urm\u0103.\" \/>\n<meta property=\"og:url\" content=\"https:\/\/biblia.md\/en\/shop\/un-strop-de-mila\/\" \/>\n<meta property=\"og:site_name\" content=\"Societatea Biblic\u0103 din Moldova\" \/>\n<meta property=\"article:publisher\" content=\"https:\/\/www.facebook.com\/SocietateaBiblicaMoldova\/\" \/>\n<meta property=\"article:modified_time\" content=\"2026-03-20T14:39:56+00:00\" \/>\n<meta property=\"og:image\" content=\"https:\/\/biblia.md\/wp-content\/uploads\/2026\/01\/c71ddca8-e5a4-49aa-9b69-4c770355891e-683x1024.png\" \/>\n\t<meta property=\"og:image:width\" content=\"683\" \/>\n\t<meta property=\"og:image:height\" content=\"1024\" \/>\n\t<meta property=\"og:image:type\" content=\"image\/png\" \/>\n<meta name=\"twitter:card\" content=\"summary_large_image\" \/>\n<meta name=\"twitter:label1\" content=\"Est. reading time\" \/>\n\t<meta name=\"twitter:data1\" content=\"1 minute\" \/>\n<script type=\"application\/ld+json\" class=\"yoast-schema-graph\">{\"@context\":\"https:\\\/\\\/schema.org\",\"@graph\":[{\"@type\":\"WebPage\",\"@id\":\"https:\\\/\\\/biblia.md\\\/shop\\\/un-strop-de-mila\\\/\",\"url\":\"https:\\\/\\\/biblia.md\\\/shop\\\/un-strop-de-mila\\\/\",\"name\":\"Un strop de mil\u0103 - Societatea Biblic\u0103 din Moldova\",\"isPartOf\":{\"@id\":\"https:\\\/\\\/biblia.md\\\/#website\"},\"primaryImageOfPage\":{\"@id\":\"https:\\\/\\\/biblia.md\\\/shop\\\/un-strop-de-mila\\\/#primaryimage\"},\"image\":{\"@id\":\"https:\\\/\\\/biblia.md\\\/shop\\\/un-strop-de-mila\\\/#primaryimage\"},\"thumbnailUrl\":\"https:\\\/\\\/biblia.md\\\/wp-content\\\/uploads\\\/2026\\\/01\\\/c71ddca8-e5a4-49aa-9b69-4c770355891e.png\",\"datePublished\":\"2026-01-26T12:00:00+00:00\",\"dateModified\":\"2026-03-20T14:39:56+00:00\",\"breadcrumb\":{\"@id\":\"https:\\\/\\\/biblia.md\\\/shop\\\/un-strop-de-mila\\\/#breadcrumb\"},\"inLanguage\":\"en-US\",\"potentialAction\":[{\"@type\":\"ReadAction\",\"target\":[\"https:\\\/\\\/biblia.md\\\/shop\\\/un-strop-de-mila\\\/\"]}]},{\"@type\":\"ImageObject\",\"inLanguage\":\"en-US\",\"@id\":\"https:\\\/\\\/biblia.md\\\/shop\\\/un-strop-de-mila\\\/#primaryimage\",\"url\":\"https:\\\/\\\/biblia.md\\\/wp-content\\\/uploads\\\/2026\\\/01\\\/c71ddca8-e5a4-49aa-9b69-4c770355891e.png\",\"contentUrl\":\"https:\\\/\\\/biblia.md\\\/wp-content\\\/uploads\\\/2026\\\/01\\\/c71ddca8-e5a4-49aa-9b69-4c770355891e.png\",\"width\":1024,\"height\":1536},{\"@type\":\"BreadcrumbList\",\"@id\":\"https:\\\/\\\/biblia.md\\\/shop\\\/un-strop-de-mila\\\/#breadcrumb\",\"itemListElement\":[{\"@type\":\"ListItem\",\"position\":1,\"name\":\"Prima pagin\u0103\",\"item\":\"https:\\\/\\\/biblia.md\\\/\"},{\"@type\":\"ListItem\",\"position\":2,\"name\":\"Shop\",\"item\":\"https:\\\/\\\/biblia.md\\\/shop\\\/\"},{\"@type\":\"ListItem\",\"position\":3,\"name\":\"Un strop de mil\u0103\"}]},{\"@type\":\"WebSite\",\"@id\":\"https:\\\/\\\/biblia.md\\\/#website\",\"url\":\"https:\\\/\\\/biblia.md\\\/\",\"name\":\"Societatea Biblic\u0103 din Moldova\",\"description\":\"\",\"publisher\":{\"@id\":\"https:\\\/\\\/biblia.md\\\/#organization\"},\"potentialAction\":[{\"@type\":\"SearchAction\",\"target\":{\"@type\":\"EntryPoint\",\"urlTemplate\":\"https:\\\/\\\/biblia.md\\\/?s={search_term_string}\"},\"query-input\":{\"@type\":\"PropertyValueSpecification\",\"valueRequired\":true,\"valueName\":\"search_term_string\"}}],\"inLanguage\":\"en-US\"},{\"@type\":\"Organization\",\"@id\":\"https:\\\/\\\/biblia.md\\\/#organization\",\"name\":\"Societatea Biblic\u0103 din Moldova\",\"url\":\"https:\\\/\\\/biblia.md\\\/\",\"logo\":{\"@type\":\"ImageObject\",\"inLanguage\":\"en-US\",\"@id\":\"https:\\\/\\\/biblia.md\\\/#\\\/schema\\\/logo\\\/image\\\/\",\"url\":\"https:\\\/\\\/biblia.md\\\/wp-content\\\/uploads\\\/2026\\\/01\\\/icon_site.jpg\",\"contentUrl\":\"https:\\\/\\\/biblia.md\\\/wp-content\\\/uploads\\\/2026\\\/01\\\/icon_site.jpg\",\"width\":656,\"height\":656,\"caption\":\"Societatea Biblic\u0103 din Moldova\"},\"image\":{\"@id\":\"https:\\\/\\\/biblia.md\\\/#\\\/schema\\\/logo\\\/image\\\/\"},\"sameAs\":[\"https:\\\/\\\/www.facebook.com\\\/SocietateaBiblicaMoldova\\\/\",\"https:\\\/\\\/www.instagram.com\\\/biblia.md\\\/\"]}]}<\/script>\n<!-- \/ Yoast SEO plugin. -->","yoast_head_json":{"title":"Un strop de mil\u0103 - Societatea Biblic\u0103 din Moldova","robots":{"index":"index","follow":"follow","max-snippet":"max-snippet:-1","max-image-preview":"max-image-preview:large","max-video-preview":"max-video-preview:-1"},"canonical":"https:\/\/biblia.md\/en\/shop\/un-strop-de-mila\/","og_locale":"en_US","og_type":"article","og_title":"Un strop de mil\u0103 - Societatea Biblic\u0103 din Moldova","og_description":"Situat\u0103 \u00een anii Revolu\u021biei Americane, cartea de fa\u021b\u0103 spune povestea unui t\u00e2n\u0103r aflat \u00een c\u0103utarea adev\u0103ratei c\u0103i. Dup\u0103 ce simte gustul amar al \u00eenfr\u00e2ngerii \u00een urma unei tulbur\u0103toare \u00eencerc\u0103ri, el \u00ee\u0219i pred\u0103 inima lui Dumnezeu, care-i trimite un nou prilej de a-\u0219i ar\u0103ta mila. O va face, oare?  Un strop de mil\u0103\u00a0e o perspectiv\u0103 literar\u0103 asupra principiului biblic al nonrezisten\u021bei \u0219i \u00eel va ajuta pe cititor s\u0103-\u0219i cerceteze via\u021ba cu mai mult\u0103 limpezime, ca s\u0103 poat\u0103 c\u0103p\u0103ta lumin\u0103 \u00een zilele zbuciumate ale veacului de pe urm\u0103.","og_url":"https:\/\/biblia.md\/en\/shop\/un-strop-de-mila\/","og_site_name":"Societatea Biblic\u0103 din Moldova","article_publisher":"https:\/\/www.facebook.com\/SocietateaBiblicaMoldova\/","article_modified_time":"2026-03-20T14:39:56+00:00","og_image":[{"width":683,"height":1024,"url":"https:\/\/biblia.md\/wp-content\/uploads\/2026\/01\/c71ddca8-e5a4-49aa-9b69-4c770355891e-683x1024.png","type":"image\/png"}],"twitter_card":"summary_large_image","twitter_misc":{"Est. reading time":"1 minute"},"schema":{"@context":"https:\/\/schema.org","@graph":[{"@type":"WebPage","@id":"https:\/\/biblia.md\/shop\/un-strop-de-mila\/","url":"https:\/\/biblia.md\/shop\/un-strop-de-mila\/","name":"Un strop de mil\u0103 - Societatea Biblic\u0103 din Moldova","isPartOf":{"@id":"https:\/\/biblia.md\/#website"},"primaryImageOfPage":{"@id":"https:\/\/biblia.md\/shop\/un-strop-de-mila\/#primaryimage"},"image":{"@id":"https:\/\/biblia.md\/shop\/un-strop-de-mila\/#primaryimage"},"thumbnailUrl":"https:\/\/biblia.md\/wp-content\/uploads\/2026\/01\/c71ddca8-e5a4-49aa-9b69-4c770355891e.png","datePublished":"2026-01-26T12:00:00+00:00","dateModified":"2026-03-20T14:39:56+00:00","breadcrumb":{"@id":"https:\/\/biblia.md\/shop\/un-strop-de-mila\/#breadcrumb"},"inLanguage":"en-US","potentialAction":[{"@type":"ReadAction","target":["https:\/\/biblia.md\/shop\/un-strop-de-mila\/"]}]},{"@type":"ImageObject","inLanguage":"en-US","@id":"https:\/\/biblia.md\/shop\/un-strop-de-mila\/#primaryimage","url":"https:\/\/biblia.md\/wp-content\/uploads\/2026\/01\/c71ddca8-e5a4-49aa-9b69-4c770355891e.png","contentUrl":"https:\/\/biblia.md\/wp-content\/uploads\/2026\/01\/c71ddca8-e5a4-49aa-9b69-4c770355891e.png","width":1024,"height":1536},{"@type":"BreadcrumbList","@id":"https:\/\/biblia.md\/shop\/un-strop-de-mila\/#breadcrumb","itemListElement":[{"@type":"ListItem","position":1,"name":"Prima pagin\u0103","item":"https:\/\/biblia.md\/"},{"@type":"ListItem","position":2,"name":"Shop","item":"https:\/\/biblia.md\/shop\/"},{"@type":"ListItem","position":3,"name":"Un strop de mil\u0103"}]},{"@type":"WebSite","@id":"https:\/\/biblia.md\/#website","url":"https:\/\/biblia.md\/","name":"Societatea Biblic\u0103 din Moldova","description":"","publisher":{"@id":"https:\/\/biblia.md\/#organization"},"potentialAction":[{"@type":"SearchAction","target":{"@type":"EntryPoint","urlTemplate":"https:\/\/biblia.md\/?s={search_term_string}"},"query-input":{"@type":"PropertyValueSpecification","valueRequired":true,"valueName":"search_term_string"}}],"inLanguage":"en-US"},{"@type":"Organization","@id":"https:\/\/biblia.md\/#organization","name":"Societatea Biblic\u0103 din Moldova","url":"https:\/\/biblia.md\/","logo":{"@type":"ImageObject","inLanguage":"en-US","@id":"https:\/\/biblia.md\/#\/schema\/logo\/image\/","url":"https:\/\/biblia.md\/wp-content\/uploads\/2026\/01\/icon_site.jpg","contentUrl":"https:\/\/biblia.md\/wp-content\/uploads\/2026\/01\/icon_site.jpg","width":656,"height":656,"caption":"Societatea Biblic\u0103 din Moldova"},"image":{"@id":"https:\/\/biblia.md\/#\/schema\/logo\/image\/"},"sameAs":["https:\/\/www.facebook.com\/SocietateaBiblicaMoldova\/","https:\/\/www.instagram.com\/biblia.md\/"]}]}},"_links":{"self":[{"href":"https:\/\/biblia.md\/en\/wp-json\/wp\/v2\/product\/33272","targetHints":{"allow":["GET"]}}],"collection":[{"href":"https:\/\/biblia.md\/en\/wp-json\/wp\/v2\/product"}],"about":[{"href":"https:\/\/biblia.md\/en\/wp-json\/wp\/v2\/types\/product"}],"replies":[{"embeddable":true,"href":"https:\/\/biblia.md\/en\/wp-json\/wp\/v2\/comments?post=33272"}],"version-history":[{"count":1,"href":"https:\/\/biblia.md\/en\/wp-json\/wp\/v2\/product\/33272\/revisions"}],"predecessor-version":[{"id":33274,"href":"https:\/\/biblia.md\/en\/wp-json\/wp\/v2\/product\/33272\/revisions\/33274"}],"wp:featuredmedia":[{"embeddable":true,"href":"https:\/\/biblia.md\/en\/wp-json\/wp\/v2\/media\/34720"}],"wp:attachment":[{"href":"https:\/\/biblia.md\/en\/wp-json\/wp\/v2\/media?parent=33272"}],"wp:term":[{"taxonomy":"product_brand","embeddable":true,"href":"https:\/\/biblia.md\/en\/wp-json\/wp\/v2\/product_brand?post=33272"},{"taxonomy":"product_cat","embeddable":true,"href":"https:\/\/biblia.md\/en\/wp-json\/wp\/v2\/product_cat?post=33272"},{"taxonomy":"product_tag","embeddable":true,"href":"https:\/\/biblia.md\/en\/wp-json\/wp\/v2\/product_tag?post=33272"}],"curies":[{"name":"wp","href":"https:\/\/api.w.org\/{rel}","templated":true}]}}