{"id":33614,"date":"2026-01-28T09:29:21","date_gmt":"2026-01-28T07:29:21","guid":{"rendered":"https:\/\/biblia.md\/?post_type=product&#038;p=33614"},"modified":"2026-01-28T09:37:47","modified_gmt":"2026-01-28T07:37:47","slug":"fii-barbat","status":"publish","type":"product","link":"https:\/\/biblia.md\/en\/shop\/fii-barbat\/","title":{"rendered":"Fii barbat"},"content":{"rendered":"<p>In\u00a0<em>Fii b\u0103rbat<\/em>, Mark \u00eemi vorbe\u015fte de parc\u0103 ar cunoa\u015fte situa\u0163ia \u00een care m\u0103 aflu. Mai important este faptul c\u0103 le vorbe\u015fte tuturor b\u0103rba\u0163ilor care se confrunt\u0103 acum cu responsabilitatea uria\u015f\u0103 de a cre\u015fte genera\u0163ia viitoare. Ideile, sfaturile \u015fi \u00eencuraj\u0103rile lui sunt foarte valoroase.<\/p>\n<p>&#8211; Ernie Johnson Jr., comentator sportiv al TNT \u015fi autor al\u00a0<em>Unscripted<\/em><\/p>\n<p><strong>CUPRINS<\/strong><\/p>\n<p>Introducere\u00a0\u00a0 \u00a07<\/p>\n<p>Partea 1. Fii b\u0103rbat! Cele \u015fapte virtu\u0163i<\/p>\n<p>1. Tare ca fierul\u00a0\u00a0 \u00a021<br \/>\n2. Un gentleman \u015fi un erudit\u00a0\u00a0 \u00a037<br \/>\n3. Ne\u00eenfr\u00e2nt\u00a0\u00a0 \u00a059<br \/>\n4. Balaurul cu trei capete\u00a0\u00a0 \u00a075<br \/>\n5. Sockdolager\u00a0\u00a0 \u00a093<br \/>\n6. N\u0103scut pentru furtun\u0103\u00a0\u00a0 \u00a0\u00a0\u00a0 \u00a0\u00a0\u00a0 \u00a0111<br \/>\n7. Chemarea datoriei\u00a0\u00a0 \u00a0125<\/p>\n<p>Partea a 2-a. Formarea unui b\u0103rbat: Ritul de trecere<\/p>\n<p>8. \u0162ara nim\u0103nui\u00a0\u00a0 \u00a0143<br \/>\n9. Leg\u0103m\u00e2ntul Uceniciei\u00a0\u00a0 \u00a0155<br \/>\n10. Ritul de Trecere\u00a0\u00a0 \u00a0173<\/p>\n<p>Epilog\u00a0\u00a0 \u00a0187<br \/>\nNote\u00a0\u00a0 \u00a0189<\/p>","protected":false},"excerpt":{"rendered":"<p><strong>Fii barbat! &#8211; Sa devii barbatul care ai fost creat de Dumnezeu sa fii<\/strong><\/p>\n<p>Fii b\u0103rbat! Formeaz\u0103 un b\u0103rbat!<\/p>\n<p>C\u00e2ndva pe parcurs, cultura noastr\u0103 a pierdut felul \u00een care definea b\u0103rb\u0103\u0163ia, l\u0103s\u00e2nd genera\u0163ii \u00eentregi de b\u0103rba\u0163i \u015fi b\u0103rba\u0163i \u00een devenire confuzi cu privire la rolurile, responsabilit\u0103\u0163ile, rela\u0163iile \u015fi motivul pentru care i-a f\u0103cut Dumnezeu b\u0103rba\u0163i. In aceast\u0103 \u201e\u0163ar\u0103 a nim\u0103nui\u201d, Mark Batterson, autor de bestselleruri New York Times, declar\u0103 \u201emantra\u201d lui pentru b\u0103rb\u0103\u0163ie: Fii b\u0103rbat!<\/p>\n<p>In aceast\u0103 chemare d\u0103t\u0103toare de inspira\u0163ie c\u0103tre ceva mult mai \u00eenalt, autorul \u00eei ajut\u0103 pe b\u0103rba\u0163i s\u0103 \u00een\u0163eleag\u0103 ce \u00eenseamn\u0103 s\u0103 fii un om al lui Dumnezeu, prezent\u00e2nd \u015fapte virtu\u0163i ale b\u0103rb\u0103\u0163iei. Mark \u00eemp\u0103rt\u0103\u015fe\u015fte povestiri inspira\u0163ionale despre b\u0103rb\u0103\u0163ie, incluz\u00e2nd povestea adev\u0103rat\u0103 a eroului \u015fi martirului Policarp, care cel dint\u00e2i a auzit o voce din cer spun\u00e2ndu-i: \u201eFii b\u0103rbat!\u201d Mark al\u0103tur\u0103 acestor istorisiri idei practice despre cum s\u0103 ucenicizezi genera\u0163ia urm\u0103toare de b\u0103rba\u0163i, care \u00eel vor pune pe primul loc pe Dumnezeu, pe al doilea familia, iar pe al treilea cariera.<\/p>\n<p>E mult mai mult dec\u00e2t o carte; e o mi\u015fcare a b\u0103rba\u0163ilor care nu se vor mul\u0163umi cu nimic mai pu\u0163in dec\u00e2t s\u0103-\u015fi \u00eendeplineasc\u0103 cea mai \u00eenalt\u0103 chemare, aceea de a fi b\u0103rba\u0163ii \u015fi ta\u0163ii care au fost destina\u0163i de Dumnezeu s\u0103 fie.<\/p>","protected":false},"featured_media":33617,"comment_status":"open","ping_status":"closed","template":"","meta":[],"product_brand":[],"product_cat":[398,377],"product_tag":[],"class_list":{"0":"post-33614","1":"product","2":"type-product","3":"status-publish","4":"has-post-thumbnail","6":"product_cat-barbati","7":"product_cat-carti","8":"product_author-mark-betterson","9":"product_genre-knigi-rom","11":"first","12":"instock","13":"shipping-taxable","14":"purchasable","15":"product-type-simple"},"yoast_head":"<!-- This site is optimized with the Yoast SEO plugin v27.3 - https:\/\/yoast.com\/product\/yoast-seo-wordpress\/ -->\n<title>Fii barbat - Societatea Biblic\u0103 din Moldova<\/title>\n<meta name=\"robots\" content=\"index, follow, max-snippet:-1, max-image-preview:large, max-video-preview:-1\" \/>\n<link rel=\"canonical\" href=\"https:\/\/biblia.md\/en\/shop\/fii-barbat\/\" \/>\n<meta property=\"og:locale\" content=\"en_US\" \/>\n<meta property=\"og:type\" content=\"article\" \/>\n<meta property=\"og:title\" content=\"Fii barbat - Societatea Biblic\u0103 din Moldova\" \/>\n<meta property=\"og:description\" content=\"Fii barbat! - Sa devii barbatul care ai fost creat de Dumnezeu sa fii  Fii b\u0103rbat! Formeaz\u0103 un b\u0103rbat!  C\u00e2ndva pe parcurs, cultura noastr\u0103 a pierdut felul \u00een care definea b\u0103rb\u0103\u0163ia, l\u0103s\u00e2nd genera\u0163ii \u00eentregi de b\u0103rba\u0163i \u015fi b\u0103rba\u0163i \u00een devenire confuzi cu privire la rolurile, responsabilit\u0103\u0163ile, rela\u0163iile \u015fi motivul pentru care i-a f\u0103cut Dumnezeu b\u0103rba\u0163i. In aceast\u0103 \u201e\u0163ar\u0103 a nim\u0103nui\u201d, Mark Batterson, autor de bestselleruri New York Times, declar\u0103 \u201emantra\u201d lui pentru b\u0103rb\u0103\u0163ie: Fii b\u0103rbat!  In aceast\u0103 chemare d\u0103t\u0103toare de inspira\u0163ie c\u0103tre ceva mult mai \u00eenalt, autorul \u00eei ajut\u0103 pe b\u0103rba\u0163i s\u0103 \u00een\u0163eleag\u0103 ce \u00eenseamn\u0103 s\u0103 fii un om al lui Dumnezeu, prezent\u00e2nd \u015fapte virtu\u0163i ale b\u0103rb\u0103\u0163iei. Mark \u00eemp\u0103rt\u0103\u015fe\u015fte povestiri inspira\u0163ionale despre b\u0103rb\u0103\u0163ie, incluz\u00e2nd povestea adev\u0103rat\u0103 a eroului \u015fi martirului Policarp, care cel dint\u00e2i a auzit o voce din cer spun\u00e2ndu-i: \u201eFii b\u0103rbat!\u201d Mark al\u0103tur\u0103 acestor istorisiri idei practice despre cum s\u0103 ucenicizezi genera\u0163ia urm\u0103toare de b\u0103rba\u0163i, care \u00eel vor pune pe primul loc pe Dumnezeu, pe al doilea familia, iar pe al treilea cariera.  E mult mai mult dec\u00e2t o carte; e o mi\u015fcare a b\u0103rba\u0163ilor care nu se vor mul\u0163umi cu nimic mai pu\u0163in dec\u00e2t s\u0103-\u015fi \u00eendeplineasc\u0103 cea mai \u00eenalt\u0103 chemare, aceea de a fi b\u0103rba\u0163ii \u015fi ta\u0163ii care au fost destina\u0163i de Dumnezeu s\u0103 fie.\" \/>\n<meta property=\"og:url\" content=\"https:\/\/biblia.md\/en\/shop\/fii-barbat\/\" \/>\n<meta property=\"og:site_name\" content=\"Societatea Biblic\u0103 din Moldova\" \/>\n<meta property=\"article:publisher\" content=\"https:\/\/www.facebook.com\/SocietateaBiblicaMoldova\/\" \/>\n<meta property=\"article:modified_time\" content=\"2026-01-28T07:37:47+00:00\" \/>\n<meta property=\"og:image\" content=\"https:\/\/biblia.md\/wp-content\/uploads\/2026\/01\/img_7335-683x1024.png\" \/>\n\t<meta property=\"og:image:width\" content=\"683\" \/>\n\t<meta property=\"og:image:height\" content=\"1024\" \/>\n\t<meta property=\"og:image:type\" content=\"image\/png\" \/>\n<meta name=\"twitter:card\" content=\"summary_large_image\" \/>\n<meta name=\"twitter:label1\" content=\"Est. reading time\" \/>\n\t<meta name=\"twitter:data1\" content=\"1 minute\" \/>\n<script type=\"application\/ld+json\" class=\"yoast-schema-graph\">{\"@context\":\"https:\\\/\\\/schema.org\",\"@graph\":[{\"@type\":\"WebPage\",\"@id\":\"https:\\\/\\\/biblia.md\\\/shop\\\/fii-barbat\\\/\",\"url\":\"https:\\\/\\\/biblia.md\\\/shop\\\/fii-barbat\\\/\",\"name\":\"Fii barbat - Societatea Biblic\u0103 din Moldova\",\"isPartOf\":{\"@id\":\"https:\\\/\\\/biblia.md\\\/#website\"},\"primaryImageOfPage\":{\"@id\":\"https:\\\/\\\/biblia.md\\\/shop\\\/fii-barbat\\\/#primaryimage\"},\"image\":{\"@id\":\"https:\\\/\\\/biblia.md\\\/shop\\\/fii-barbat\\\/#primaryimage\"},\"thumbnailUrl\":\"https:\\\/\\\/biblia.md\\\/wp-content\\\/uploads\\\/2026\\\/01\\\/img_7335.png\",\"datePublished\":\"2026-01-28T07:29:21+00:00\",\"dateModified\":\"2026-01-28T07:37:47+00:00\",\"breadcrumb\":{\"@id\":\"https:\\\/\\\/biblia.md\\\/shop\\\/fii-barbat\\\/#breadcrumb\"},\"inLanguage\":\"en-US\",\"potentialAction\":[{\"@type\":\"ReadAction\",\"target\":[\"https:\\\/\\\/biblia.md\\\/shop\\\/fii-barbat\\\/\"]}]},{\"@type\":\"ImageObject\",\"inLanguage\":\"en-US\",\"@id\":\"https:\\\/\\\/biblia.md\\\/shop\\\/fii-barbat\\\/#primaryimage\",\"url\":\"https:\\\/\\\/biblia.md\\\/wp-content\\\/uploads\\\/2026\\\/01\\\/img_7335.png\",\"contentUrl\":\"https:\\\/\\\/biblia.md\\\/wp-content\\\/uploads\\\/2026\\\/01\\\/img_7335.png\",\"width\":1024,\"height\":1536},{\"@type\":\"BreadcrumbList\",\"@id\":\"https:\\\/\\\/biblia.md\\\/shop\\\/fii-barbat\\\/#breadcrumb\",\"itemListElement\":[{\"@type\":\"ListItem\",\"position\":1,\"name\":\"Prima pagin\u0103\",\"item\":\"https:\\\/\\\/biblia.md\\\/\"},{\"@type\":\"ListItem\",\"position\":2,\"name\":\"Shop\",\"item\":\"https:\\\/\\\/biblia.md\\\/shop\\\/\"},{\"@type\":\"ListItem\",\"position\":3,\"name\":\"Fii barbat\"}]},{\"@type\":\"WebSite\",\"@id\":\"https:\\\/\\\/biblia.md\\\/#website\",\"url\":\"https:\\\/\\\/biblia.md\\\/\",\"name\":\"Societatea Biblic\u0103 din Moldova\",\"description\":\"\",\"publisher\":{\"@id\":\"https:\\\/\\\/biblia.md\\\/#organization\"},\"potentialAction\":[{\"@type\":\"SearchAction\",\"target\":{\"@type\":\"EntryPoint\",\"urlTemplate\":\"https:\\\/\\\/biblia.md\\\/?s={search_term_string}\"},\"query-input\":{\"@type\":\"PropertyValueSpecification\",\"valueRequired\":true,\"valueName\":\"search_term_string\"}}],\"inLanguage\":\"en-US\"},{\"@type\":\"Organization\",\"@id\":\"https:\\\/\\\/biblia.md\\\/#organization\",\"name\":\"Societatea Biblic\u0103 din Moldova\",\"url\":\"https:\\\/\\\/biblia.md\\\/\",\"logo\":{\"@type\":\"ImageObject\",\"inLanguage\":\"en-US\",\"@id\":\"https:\\\/\\\/biblia.md\\\/#\\\/schema\\\/logo\\\/image\\\/\",\"url\":\"https:\\\/\\\/biblia.md\\\/wp-content\\\/uploads\\\/2026\\\/01\\\/icon_site.jpg\",\"contentUrl\":\"https:\\\/\\\/biblia.md\\\/wp-content\\\/uploads\\\/2026\\\/01\\\/icon_site.jpg\",\"width\":656,\"height\":656,\"caption\":\"Societatea Biblic\u0103 din Moldova\"},\"image\":{\"@id\":\"https:\\\/\\\/biblia.md\\\/#\\\/schema\\\/logo\\\/image\\\/\"},\"sameAs\":[\"https:\\\/\\\/www.facebook.com\\\/SocietateaBiblicaMoldova\\\/\",\"https:\\\/\\\/www.instagram.com\\\/biblia.md\\\/\"]}]}<\/script>\n<!-- \/ Yoast SEO plugin. -->","yoast_head_json":{"title":"Fii barbat - Societatea Biblic\u0103 din Moldova","robots":{"index":"index","follow":"follow","max-snippet":"max-snippet:-1","max-image-preview":"max-image-preview:large","max-video-preview":"max-video-preview:-1"},"canonical":"https:\/\/biblia.md\/en\/shop\/fii-barbat\/","og_locale":"en_US","og_type":"article","og_title":"Fii barbat - Societatea Biblic\u0103 din Moldova","og_description":"Fii barbat! - Sa devii barbatul care ai fost creat de Dumnezeu sa fii  Fii b\u0103rbat! Formeaz\u0103 un b\u0103rbat!  C\u00e2ndva pe parcurs, cultura noastr\u0103 a pierdut felul \u00een care definea b\u0103rb\u0103\u0163ia, l\u0103s\u00e2nd genera\u0163ii \u00eentregi de b\u0103rba\u0163i \u015fi b\u0103rba\u0163i \u00een devenire confuzi cu privire la rolurile, responsabilit\u0103\u0163ile, rela\u0163iile \u015fi motivul pentru care i-a f\u0103cut Dumnezeu b\u0103rba\u0163i. In aceast\u0103 \u201e\u0163ar\u0103 a nim\u0103nui\u201d, Mark Batterson, autor de bestselleruri New York Times, declar\u0103 \u201emantra\u201d lui pentru b\u0103rb\u0103\u0163ie: Fii b\u0103rbat!  In aceast\u0103 chemare d\u0103t\u0103toare de inspira\u0163ie c\u0103tre ceva mult mai \u00eenalt, autorul \u00eei ajut\u0103 pe b\u0103rba\u0163i s\u0103 \u00een\u0163eleag\u0103 ce \u00eenseamn\u0103 s\u0103 fii un om al lui Dumnezeu, prezent\u00e2nd \u015fapte virtu\u0163i ale b\u0103rb\u0103\u0163iei. Mark \u00eemp\u0103rt\u0103\u015fe\u015fte povestiri inspira\u0163ionale despre b\u0103rb\u0103\u0163ie, incluz\u00e2nd povestea adev\u0103rat\u0103 a eroului \u015fi martirului Policarp, care cel dint\u00e2i a auzit o voce din cer spun\u00e2ndu-i: \u201eFii b\u0103rbat!\u201d Mark al\u0103tur\u0103 acestor istorisiri idei practice despre cum s\u0103 ucenicizezi genera\u0163ia urm\u0103toare de b\u0103rba\u0163i, care \u00eel vor pune pe primul loc pe Dumnezeu, pe al doilea familia, iar pe al treilea cariera.  E mult mai mult dec\u00e2t o carte; e o mi\u015fcare a b\u0103rba\u0163ilor care nu se vor mul\u0163umi cu nimic mai pu\u0163in dec\u00e2t s\u0103-\u015fi \u00eendeplineasc\u0103 cea mai \u00eenalt\u0103 chemare, aceea de a fi b\u0103rba\u0163ii \u015fi ta\u0163ii care au fost destina\u0163i de Dumnezeu s\u0103 fie.","og_url":"https:\/\/biblia.md\/en\/shop\/fii-barbat\/","og_site_name":"Societatea Biblic\u0103 din Moldova","article_publisher":"https:\/\/www.facebook.com\/SocietateaBiblicaMoldova\/","article_modified_time":"2026-01-28T07:37:47+00:00","og_image":[{"width":683,"height":1024,"url":"https:\/\/biblia.md\/wp-content\/uploads\/2026\/01\/img_7335-683x1024.png","type":"image\/png"}],"twitter_card":"summary_large_image","twitter_misc":{"Est. reading time":"1 minute"},"schema":{"@context":"https:\/\/schema.org","@graph":[{"@type":"WebPage","@id":"https:\/\/biblia.md\/shop\/fii-barbat\/","url":"https:\/\/biblia.md\/shop\/fii-barbat\/","name":"Fii barbat - Societatea Biblic\u0103 din Moldova","isPartOf":{"@id":"https:\/\/biblia.md\/#website"},"primaryImageOfPage":{"@id":"https:\/\/biblia.md\/shop\/fii-barbat\/#primaryimage"},"image":{"@id":"https:\/\/biblia.md\/shop\/fii-barbat\/#primaryimage"},"thumbnailUrl":"https:\/\/biblia.md\/wp-content\/uploads\/2026\/01\/img_7335.png","datePublished":"2026-01-28T07:29:21+00:00","dateModified":"2026-01-28T07:37:47+00:00","breadcrumb":{"@id":"https:\/\/biblia.md\/shop\/fii-barbat\/#breadcrumb"},"inLanguage":"en-US","potentialAction":[{"@type":"ReadAction","target":["https:\/\/biblia.md\/shop\/fii-barbat\/"]}]},{"@type":"ImageObject","inLanguage":"en-US","@id":"https:\/\/biblia.md\/shop\/fii-barbat\/#primaryimage","url":"https:\/\/biblia.md\/wp-content\/uploads\/2026\/01\/img_7335.png","contentUrl":"https:\/\/biblia.md\/wp-content\/uploads\/2026\/01\/img_7335.png","width":1024,"height":1536},{"@type":"BreadcrumbList","@id":"https:\/\/biblia.md\/shop\/fii-barbat\/#breadcrumb","itemListElement":[{"@type":"ListItem","position":1,"name":"Prima pagin\u0103","item":"https:\/\/biblia.md\/"},{"@type":"ListItem","position":2,"name":"Shop","item":"https:\/\/biblia.md\/shop\/"},{"@type":"ListItem","position":3,"name":"Fii barbat"}]},{"@type":"WebSite","@id":"https:\/\/biblia.md\/#website","url":"https:\/\/biblia.md\/","name":"Societatea Biblic\u0103 din Moldova","description":"","publisher":{"@id":"https:\/\/biblia.md\/#organization"},"potentialAction":[{"@type":"SearchAction","target":{"@type":"EntryPoint","urlTemplate":"https:\/\/biblia.md\/?s={search_term_string}"},"query-input":{"@type":"PropertyValueSpecification","valueRequired":true,"valueName":"search_term_string"}}],"inLanguage":"en-US"},{"@type":"Organization","@id":"https:\/\/biblia.md\/#organization","name":"Societatea Biblic\u0103 din Moldova","url":"https:\/\/biblia.md\/","logo":{"@type":"ImageObject","inLanguage":"en-US","@id":"https:\/\/biblia.md\/#\/schema\/logo\/image\/","url":"https:\/\/biblia.md\/wp-content\/uploads\/2026\/01\/icon_site.jpg","contentUrl":"https:\/\/biblia.md\/wp-content\/uploads\/2026\/01\/icon_site.jpg","width":656,"height":656,"caption":"Societatea Biblic\u0103 din Moldova"},"image":{"@id":"https:\/\/biblia.md\/#\/schema\/logo\/image\/"},"sameAs":["https:\/\/www.facebook.com\/SocietateaBiblicaMoldova\/","https:\/\/www.instagram.com\/biblia.md\/"]}]}},"_links":{"self":[{"href":"https:\/\/biblia.md\/en\/wp-json\/wp\/v2\/product\/33614","targetHints":{"allow":["GET"]}}],"collection":[{"href":"https:\/\/biblia.md\/en\/wp-json\/wp\/v2\/product"}],"about":[{"href":"https:\/\/biblia.md\/en\/wp-json\/wp\/v2\/types\/product"}],"replies":[{"embeddable":true,"href":"https:\/\/biblia.md\/en\/wp-json\/wp\/v2\/comments?post=33614"}],"version-history":[{"count":1,"href":"https:\/\/biblia.md\/en\/wp-json\/wp\/v2\/product\/33614\/revisions"}],"predecessor-version":[{"id":33616,"href":"https:\/\/biblia.md\/en\/wp-json\/wp\/v2\/product\/33614\/revisions\/33616"}],"wp:featuredmedia":[{"embeddable":true,"href":"https:\/\/biblia.md\/en\/wp-json\/wp\/v2\/media\/33617"}],"wp:attachment":[{"href":"https:\/\/biblia.md\/en\/wp-json\/wp\/v2\/media?parent=33614"}],"wp:term":[{"taxonomy":"product_brand","embeddable":true,"href":"https:\/\/biblia.md\/en\/wp-json\/wp\/v2\/product_brand?post=33614"},{"taxonomy":"product_cat","embeddable":true,"href":"https:\/\/biblia.md\/en\/wp-json\/wp\/v2\/product_cat?post=33614"},{"taxonomy":"product_tag","embeddable":true,"href":"https:\/\/biblia.md\/en\/wp-json\/wp\/v2\/product_tag?post=33614"}],"curies":[{"name":"wp","href":"https:\/\/api.w.org\/{rel}","templated":true}]}}