{"id":33638,"date":"2026-01-28T15:36:16","date_gmt":"2026-01-28T13:36:16","guid":{"rendered":"https:\/\/biblia.md\/?post_type=product&#038;p=33638"},"modified":"2026-01-29T15:24:41","modified_gmt":"2026-01-29T13:24:41","slug":"fiica-apotecarului","status":"publish","type":"product","link":"https:\/\/biblia.md\/en\/shop\/fiica-apotecarului\/","title":{"rendered":"Fiica apotecarului"},"content":{"rendered":"<p><em>Nu o voi uita nicic\u00e2nd pe Lilly Haswell.<\/em>\u00a0\u2014 Beverly Lewis, autoare de succes<\/p>\n<p><strong>Julie Klassen<\/strong>\u00a0este o romancier\u0103 de origine american\u0103 c\u0103reia \u00eei place s\u0103 scrie despre pove\u0219tile romantice din epoca pre-victorian\u0103. Mai multe dintre romanele ei au fost distinse cu bine-cunoscutul premiu Christy. Aprecierile pentru lucr\u0103rile ei i-au adus \u0219i alte premii literare, dintre care amintim Minnesota Book Award, Midwest Book Award \u0219i Christian Retailing\u2019s BEST Award. Dintre romanele ei au mai fost publicate \u00een limba rom\u00e2n\u0103: Un Cr\u0103ciun de neuitat \u0219i Comorile naufragia\u021bilor.<\/p>","protected":false},"excerpt":{"rendered":"<p><strong>Romantismul, drama familial\u0103 \u0219i detaliile istorice fascinante sunt ingredientele principale care alc\u0103tuiesc fibra romanului Fiica apotecarului \u0219i fac din el un savuros deliciu literar.<\/strong><\/p>\n<p>Lillian Haswell, istea\u021ba fiic\u0103 a apotecarului din Bedsley Priors, t\u00e2nje\u0219te dup\u0103 mai mult\u0103 aventur\u0103 dec\u00e2t \u00eei ofer\u0103 via\u021ba de zi cu zi \u00een pr\u0103v\u0103lia de alifii \u0219i ierburi medicinale a tat\u0103lui ei.<br \/>\nDup\u0103 ce mama ei \u00eei p\u0103r\u0103se\u0219te, Lilly este cople\u0219it\u0103 de amintiri legate de dispari\u021bia ei \u0219i r\u00e2vne\u0219te s\u0103 afle motivul pentru care ea a plecat f\u0103r\u0103 urm\u0103, despre care s\u0103tenii \u0219u\u0219otesc pe la col\u021buri, dar despre care tat\u0103l ei refuz\u0103 s\u0103 discute. \u00cen tot acest timp, ea viseaz\u0103 la mai mult \u2013 c\u0103l\u0103torii, aventur\u0103 \u0219i romantism.<\/p>\n<p>Oportunit\u0103\u021bi noi se ivesc atunci c\u00e2nd o m\u0103tu\u0219\u0103 \u00eenstr\u0103inat\u0103 o invit\u0103 pe Lilly la Londra, unde \u00eei ofer\u0103 o educa\u021bie adecvat\u0103 pentru o domni\u0219oar\u0103 \u0219i unde Lilly cunoa\u0219te via\u021ba \u00een \u00eenalta societate, cu toate frumuse\u021bile \u0219i deziluziile ei. \u00cen marele ora\u0219, ea afl\u0103 indicii legate de dispari\u021bia mama ei \u0219i simte fiorii primei iubiri.<br \/>\nDar oare va g\u0103si Lilly ceea ce caut\u0103 \u2013 s\u0103 deslu\u0219easc\u0103 misterele trecutului \u0219i s\u0103 cunoasc\u0103 adev\u0103rata dragoste?<\/p>\n<p>O poveste magnific\u0103 din care r\u0103zbat c\u0103ldura sufleteasc\u0103, sinceritatea \u0219i bucuria.<\/p>","protected":false},"featured_media":33639,"comment_status":"open","ping_status":"closed","template":"","meta":[],"product_brand":[],"product_cat":[377,400],"product_tag":[],"class_list":{"0":"post-33638","1":"product","2":"type-product","3":"status-publish","4":"has-post-thumbnail","6":"product_cat-carti","7":"product_cat-romane-povestiri-nuvele","8":"product_author-julie-klassen","9":"product_genre-knigi-rom","11":"first","12":"instock","13":"shipping-taxable","14":"purchasable","15":"product-type-simple"},"yoast_head":"<!-- This site is optimized with the Yoast SEO plugin v27.3 - https:\/\/yoast.com\/product\/yoast-seo-wordpress\/ -->\n<title>Fiica apotecarului - Societatea Biblic\u0103 din Moldova<\/title>\n<meta name=\"robots\" content=\"index, follow, max-snippet:-1, max-image-preview:large, max-video-preview:-1\" \/>\n<link rel=\"canonical\" href=\"https:\/\/biblia.md\/en\/shop\/fiica-apotecarului\/\" \/>\n<meta property=\"og:locale\" content=\"en_US\" \/>\n<meta property=\"og:type\" content=\"article\" \/>\n<meta property=\"og:title\" content=\"Fiica apotecarului - Societatea Biblic\u0103 din Moldova\" \/>\n<meta property=\"og:description\" content=\"Romantismul, drama familial\u0103 \u0219i detaliile istorice fascinante sunt ingredientele principale care alc\u0103tuiesc fibra romanului Fiica apotecarului \u0219i fac din el un savuros deliciu literar.  Lillian Haswell, istea\u021ba fiic\u0103 a apotecarului din Bedsley Priors, t\u00e2nje\u0219te dup\u0103 mai mult\u0103 aventur\u0103 dec\u00e2t \u00eei ofer\u0103 via\u021ba de zi cu zi \u00een pr\u0103v\u0103lia de alifii \u0219i ierburi medicinale a tat\u0103lui ei. Dup\u0103 ce mama ei \u00eei p\u0103r\u0103se\u0219te, Lilly este cople\u0219it\u0103 de amintiri legate de dispari\u021bia ei \u0219i r\u00e2vne\u0219te s\u0103 afle motivul pentru care ea a plecat f\u0103r\u0103 urm\u0103, despre care s\u0103tenii \u0219u\u0219otesc pe la col\u021buri, dar despre care tat\u0103l ei refuz\u0103 s\u0103 discute. \u00cen tot acest timp, ea viseaz\u0103 la mai mult \u2013 c\u0103l\u0103torii, aventur\u0103 \u0219i romantism.  Oportunit\u0103\u021bi noi se ivesc atunci c\u00e2nd o m\u0103tu\u0219\u0103 \u00eenstr\u0103inat\u0103 o invit\u0103 pe Lilly la Londra, unde \u00eei ofer\u0103 o educa\u021bie adecvat\u0103 pentru o domni\u0219oar\u0103 \u0219i unde Lilly cunoa\u0219te via\u021ba \u00een \u00eenalta societate, cu toate frumuse\u021bile \u0219i deziluziile ei. \u00cen marele ora\u0219, ea afl\u0103 indicii legate de dispari\u021bia mama ei \u0219i simte fiorii primei iubiri. Dar oare va g\u0103si Lilly ceea ce caut\u0103 \u2013 s\u0103 deslu\u0219easc\u0103 misterele trecutului \u0219i s\u0103 cunoasc\u0103 adev\u0103rata dragoste?  O poveste magnific\u0103 din care r\u0103zbat c\u0103ldura sufleteasc\u0103, sinceritatea \u0219i bucuria.\" \/>\n<meta property=\"og:url\" content=\"https:\/\/biblia.md\/en\/shop\/fiica-apotecarului\/\" \/>\n<meta property=\"og:site_name\" content=\"Societatea Biblic\u0103 din Moldova\" \/>\n<meta property=\"article:publisher\" content=\"https:\/\/www.facebook.com\/SocietateaBiblicaMoldova\/\" \/>\n<meta property=\"article:modified_time\" content=\"2026-01-29T13:24:41+00:00\" \/>\n<meta property=\"og:image\" content=\"https:\/\/biblia.md\/wp-content\/uploads\/2026\/01\/0000001526-675x1024.jpg\" \/>\n\t<meta property=\"og:image:width\" content=\"675\" \/>\n\t<meta property=\"og:image:height\" content=\"1024\" \/>\n\t<meta property=\"og:image:type\" content=\"image\/jpeg\" \/>\n<meta name=\"twitter:card\" content=\"summary_large_image\" \/>\n<meta name=\"twitter:label1\" content=\"Est. reading time\" \/>\n\t<meta name=\"twitter:data1\" content=\"1 minute\" \/>\n<script type=\"application\/ld+json\" class=\"yoast-schema-graph\">{\"@context\":\"https:\\\/\\\/schema.org\",\"@graph\":[{\"@type\":\"WebPage\",\"@id\":\"https:\\\/\\\/biblia.md\\\/shop\\\/fiica-apotecarului\\\/\",\"url\":\"https:\\\/\\\/biblia.md\\\/shop\\\/fiica-apotecarului\\\/\",\"name\":\"Fiica apotecarului - Societatea Biblic\u0103 din Moldova\",\"isPartOf\":{\"@id\":\"https:\\\/\\\/biblia.md\\\/#website\"},\"primaryImageOfPage\":{\"@id\":\"https:\\\/\\\/biblia.md\\\/shop\\\/fiica-apotecarului\\\/#primaryimage\"},\"image\":{\"@id\":\"https:\\\/\\\/biblia.md\\\/shop\\\/fiica-apotecarului\\\/#primaryimage\"},\"thumbnailUrl\":\"https:\\\/\\\/biblia.md\\\/wp-content\\\/uploads\\\/2026\\\/01\\\/0000001526.jpg\",\"datePublished\":\"2026-01-28T13:36:16+00:00\",\"dateModified\":\"2026-01-29T13:24:41+00:00\",\"breadcrumb\":{\"@id\":\"https:\\\/\\\/biblia.md\\\/shop\\\/fiica-apotecarului\\\/#breadcrumb\"},\"inLanguage\":\"en-US\",\"potentialAction\":[{\"@type\":\"ReadAction\",\"target\":[\"https:\\\/\\\/biblia.md\\\/shop\\\/fiica-apotecarului\\\/\"]}]},{\"@type\":\"ImageObject\",\"inLanguage\":\"en-US\",\"@id\":\"https:\\\/\\\/biblia.md\\\/shop\\\/fiica-apotecarului\\\/#primaryimage\",\"url\":\"https:\\\/\\\/biblia.md\\\/wp-content\\\/uploads\\\/2026\\\/01\\\/0000001526.jpg\",\"contentUrl\":\"https:\\\/\\\/biblia.md\\\/wp-content\\\/uploads\\\/2026\\\/01\\\/0000001526.jpg\",\"width\":1600,\"height\":2429},{\"@type\":\"BreadcrumbList\",\"@id\":\"https:\\\/\\\/biblia.md\\\/shop\\\/fiica-apotecarului\\\/#breadcrumb\",\"itemListElement\":[{\"@type\":\"ListItem\",\"position\":1,\"name\":\"Prima pagin\u0103\",\"item\":\"https:\\\/\\\/biblia.md\\\/\"},{\"@type\":\"ListItem\",\"position\":2,\"name\":\"Shop\",\"item\":\"https:\\\/\\\/biblia.md\\\/shop\\\/\"},{\"@type\":\"ListItem\",\"position\":3,\"name\":\"Fiica apotecarului\"}]},{\"@type\":\"WebSite\",\"@id\":\"https:\\\/\\\/biblia.md\\\/#website\",\"url\":\"https:\\\/\\\/biblia.md\\\/\",\"name\":\"Societatea Biblic\u0103 din Moldova\",\"description\":\"\",\"publisher\":{\"@id\":\"https:\\\/\\\/biblia.md\\\/#organization\"},\"potentialAction\":[{\"@type\":\"SearchAction\",\"target\":{\"@type\":\"EntryPoint\",\"urlTemplate\":\"https:\\\/\\\/biblia.md\\\/?s={search_term_string}\"},\"query-input\":{\"@type\":\"PropertyValueSpecification\",\"valueRequired\":true,\"valueName\":\"search_term_string\"}}],\"inLanguage\":\"en-US\"},{\"@type\":\"Organization\",\"@id\":\"https:\\\/\\\/biblia.md\\\/#organization\",\"name\":\"Societatea Biblic\u0103 din Moldova\",\"url\":\"https:\\\/\\\/biblia.md\\\/\",\"logo\":{\"@type\":\"ImageObject\",\"inLanguage\":\"en-US\",\"@id\":\"https:\\\/\\\/biblia.md\\\/#\\\/schema\\\/logo\\\/image\\\/\",\"url\":\"https:\\\/\\\/biblia.md\\\/wp-content\\\/uploads\\\/2026\\\/01\\\/icon_site.jpg\",\"contentUrl\":\"https:\\\/\\\/biblia.md\\\/wp-content\\\/uploads\\\/2026\\\/01\\\/icon_site.jpg\",\"width\":656,\"height\":656,\"caption\":\"Societatea Biblic\u0103 din Moldova\"},\"image\":{\"@id\":\"https:\\\/\\\/biblia.md\\\/#\\\/schema\\\/logo\\\/image\\\/\"},\"sameAs\":[\"https:\\\/\\\/www.facebook.com\\\/SocietateaBiblicaMoldova\\\/\",\"https:\\\/\\\/www.instagram.com\\\/biblia.md\\\/\"]}]}<\/script>\n<!-- \/ Yoast SEO plugin. -->","yoast_head_json":{"title":"Fiica apotecarului - Societatea Biblic\u0103 din Moldova","robots":{"index":"index","follow":"follow","max-snippet":"max-snippet:-1","max-image-preview":"max-image-preview:large","max-video-preview":"max-video-preview:-1"},"canonical":"https:\/\/biblia.md\/en\/shop\/fiica-apotecarului\/","og_locale":"en_US","og_type":"article","og_title":"Fiica apotecarului - Societatea Biblic\u0103 din Moldova","og_description":"Romantismul, drama familial\u0103 \u0219i detaliile istorice fascinante sunt ingredientele principale care alc\u0103tuiesc fibra romanului Fiica apotecarului \u0219i fac din el un savuros deliciu literar.  Lillian Haswell, istea\u021ba fiic\u0103 a apotecarului din Bedsley Priors, t\u00e2nje\u0219te dup\u0103 mai mult\u0103 aventur\u0103 dec\u00e2t \u00eei ofer\u0103 via\u021ba de zi cu zi \u00een pr\u0103v\u0103lia de alifii \u0219i ierburi medicinale a tat\u0103lui ei. Dup\u0103 ce mama ei \u00eei p\u0103r\u0103se\u0219te, Lilly este cople\u0219it\u0103 de amintiri legate de dispari\u021bia ei \u0219i r\u00e2vne\u0219te s\u0103 afle motivul pentru care ea a plecat f\u0103r\u0103 urm\u0103, despre care s\u0103tenii \u0219u\u0219otesc pe la col\u021buri, dar despre care tat\u0103l ei refuz\u0103 s\u0103 discute. \u00cen tot acest timp, ea viseaz\u0103 la mai mult \u2013 c\u0103l\u0103torii, aventur\u0103 \u0219i romantism.  Oportunit\u0103\u021bi noi se ivesc atunci c\u00e2nd o m\u0103tu\u0219\u0103 \u00eenstr\u0103inat\u0103 o invit\u0103 pe Lilly la Londra, unde \u00eei ofer\u0103 o educa\u021bie adecvat\u0103 pentru o domni\u0219oar\u0103 \u0219i unde Lilly cunoa\u0219te via\u021ba \u00een \u00eenalta societate, cu toate frumuse\u021bile \u0219i deziluziile ei. \u00cen marele ora\u0219, ea afl\u0103 indicii legate de dispari\u021bia mama ei \u0219i simte fiorii primei iubiri. Dar oare va g\u0103si Lilly ceea ce caut\u0103 \u2013 s\u0103 deslu\u0219easc\u0103 misterele trecutului \u0219i s\u0103 cunoasc\u0103 adev\u0103rata dragoste?  O poveste magnific\u0103 din care r\u0103zbat c\u0103ldura sufleteasc\u0103, sinceritatea \u0219i bucuria.","og_url":"https:\/\/biblia.md\/en\/shop\/fiica-apotecarului\/","og_site_name":"Societatea Biblic\u0103 din Moldova","article_publisher":"https:\/\/www.facebook.com\/SocietateaBiblicaMoldova\/","article_modified_time":"2026-01-29T13:24:41+00:00","og_image":[{"width":675,"height":1024,"url":"https:\/\/biblia.md\/wp-content\/uploads\/2026\/01\/0000001526-675x1024.jpg","type":"image\/jpeg"}],"twitter_card":"summary_large_image","twitter_misc":{"Est. reading time":"1 minute"},"schema":{"@context":"https:\/\/schema.org","@graph":[{"@type":"WebPage","@id":"https:\/\/biblia.md\/shop\/fiica-apotecarului\/","url":"https:\/\/biblia.md\/shop\/fiica-apotecarului\/","name":"Fiica apotecarului - Societatea Biblic\u0103 din Moldova","isPartOf":{"@id":"https:\/\/biblia.md\/#website"},"primaryImageOfPage":{"@id":"https:\/\/biblia.md\/shop\/fiica-apotecarului\/#primaryimage"},"image":{"@id":"https:\/\/biblia.md\/shop\/fiica-apotecarului\/#primaryimage"},"thumbnailUrl":"https:\/\/biblia.md\/wp-content\/uploads\/2026\/01\/0000001526.jpg","datePublished":"2026-01-28T13:36:16+00:00","dateModified":"2026-01-29T13:24:41+00:00","breadcrumb":{"@id":"https:\/\/biblia.md\/shop\/fiica-apotecarului\/#breadcrumb"},"inLanguage":"en-US","potentialAction":[{"@type":"ReadAction","target":["https:\/\/biblia.md\/shop\/fiica-apotecarului\/"]}]},{"@type":"ImageObject","inLanguage":"en-US","@id":"https:\/\/biblia.md\/shop\/fiica-apotecarului\/#primaryimage","url":"https:\/\/biblia.md\/wp-content\/uploads\/2026\/01\/0000001526.jpg","contentUrl":"https:\/\/biblia.md\/wp-content\/uploads\/2026\/01\/0000001526.jpg","width":1600,"height":2429},{"@type":"BreadcrumbList","@id":"https:\/\/biblia.md\/shop\/fiica-apotecarului\/#breadcrumb","itemListElement":[{"@type":"ListItem","position":1,"name":"Prima pagin\u0103","item":"https:\/\/biblia.md\/"},{"@type":"ListItem","position":2,"name":"Shop","item":"https:\/\/biblia.md\/shop\/"},{"@type":"ListItem","position":3,"name":"Fiica apotecarului"}]},{"@type":"WebSite","@id":"https:\/\/biblia.md\/#website","url":"https:\/\/biblia.md\/","name":"Societatea Biblic\u0103 din Moldova","description":"","publisher":{"@id":"https:\/\/biblia.md\/#organization"},"potentialAction":[{"@type":"SearchAction","target":{"@type":"EntryPoint","urlTemplate":"https:\/\/biblia.md\/?s={search_term_string}"},"query-input":{"@type":"PropertyValueSpecification","valueRequired":true,"valueName":"search_term_string"}}],"inLanguage":"en-US"},{"@type":"Organization","@id":"https:\/\/biblia.md\/#organization","name":"Societatea Biblic\u0103 din Moldova","url":"https:\/\/biblia.md\/","logo":{"@type":"ImageObject","inLanguage":"en-US","@id":"https:\/\/biblia.md\/#\/schema\/logo\/image\/","url":"https:\/\/biblia.md\/wp-content\/uploads\/2026\/01\/icon_site.jpg","contentUrl":"https:\/\/biblia.md\/wp-content\/uploads\/2026\/01\/icon_site.jpg","width":656,"height":656,"caption":"Societatea Biblic\u0103 din Moldova"},"image":{"@id":"https:\/\/biblia.md\/#\/schema\/logo\/image\/"},"sameAs":["https:\/\/www.facebook.com\/SocietateaBiblicaMoldova\/","https:\/\/www.instagram.com\/biblia.md\/"]}]}},"_links":{"self":[{"href":"https:\/\/biblia.md\/en\/wp-json\/wp\/v2\/product\/33638","targetHints":{"allow":["GET"]}}],"collection":[{"href":"https:\/\/biblia.md\/en\/wp-json\/wp\/v2\/product"}],"about":[{"href":"https:\/\/biblia.md\/en\/wp-json\/wp\/v2\/types\/product"}],"replies":[{"embeddable":true,"href":"https:\/\/biblia.md\/en\/wp-json\/wp\/v2\/comments?post=33638"}],"version-history":[{"count":2,"href":"https:\/\/biblia.md\/en\/wp-json\/wp\/v2\/product\/33638\/revisions"}],"predecessor-version":[{"id":33641,"href":"https:\/\/biblia.md\/en\/wp-json\/wp\/v2\/product\/33638\/revisions\/33641"}],"wp:featuredmedia":[{"embeddable":true,"href":"https:\/\/biblia.md\/en\/wp-json\/wp\/v2\/media\/33639"}],"wp:attachment":[{"href":"https:\/\/biblia.md\/en\/wp-json\/wp\/v2\/media?parent=33638"}],"wp:term":[{"taxonomy":"product_brand","embeddable":true,"href":"https:\/\/biblia.md\/en\/wp-json\/wp\/v2\/product_brand?post=33638"},{"taxonomy":"product_cat","embeddable":true,"href":"https:\/\/biblia.md\/en\/wp-json\/wp\/v2\/product_cat?post=33638"},{"taxonomy":"product_tag","embeddable":true,"href":"https:\/\/biblia.md\/en\/wp-json\/wp\/v2\/product_tag?post=33638"}],"curies":[{"name":"wp","href":"https:\/\/api.w.org\/{rel}","templated":true}]}}