{"id":34121,"date":"2026-02-05T15:47:47","date_gmt":"2026-02-05T13:47:47","guid":{"rendered":"https:\/\/biblia.md\/?post_type=product&#038;p=34121"},"modified":"2026-02-05T15:56:12","modified_gmt":"2026-02-05T13:56:12","slug":"nazuinte-spuse-in-soapta-seria-plantatia-belle-meade-vol-1","status":"publish","type":"product","link":"https:\/\/biblia.md\/en\/shop\/nazuinte-spuse-in-soapta-seria-plantatia-belle-meade-vol-1\/","title":{"rendered":"Nazuinte spuse in soapta &#8211; Seria &#8222;Plantatia Belle Meade&#8221;, Vol. 1"},"content":{"rendered":"","protected":false},"excerpt":{"rendered":"<p style=\"text-align: center\"><em><strong>Seria Plantatia Belle Meade Vol. 1<\/strong><\/em><\/p>\n<p>Ac\u021biunea romanului\u00a0<em>N\u0103zuin\u021be spuse \u00een \u0219oapt\u0103<\/em>\u00a0se desf\u0103\u0219oar\u0103 pe planta\u021bia Belle Meade, cea mai important\u0103 ferm\u0103 de cai purs\u00e2nge din istoria Americii, \u0219i aduce \u00een prim-plan, pe fundalul unor fr\u0103m\u00e2nt\u0103ri istorice reale ale sudi\u0219tilor din perioada de dup\u0103 r\u0103zboi, destinul a doi oameni, Olivia \u0219i Ridley, ambii \u00eencerc\u00e2nd s\u0103 lase \u00een urm\u0103 am\u0103r\u0103ciunea \u0219i s\u0103 g\u0103seasc\u0103 putere pentru un nou \u00eenceput, dar plini de team\u0103 c\u0103 viitorul le-ar putea rezerva \u0219i alte dezam\u0103giri.<\/p>\n<p>Olivia Aberdeen, v\u0103duva dispre\u021buit\u0103 a unui sudist \u00eempu\u0219cat pentru tr\u0103dare, este respins\u0103 de c\u0103tre societatea respectabil\u0103 a locului, astfel c\u0103 accept\u0103 cu drag\u0103 inim\u0103 invita\u021bia f\u0103cut\u0103 de c\u0103tre \u201em\u0103tu\u0219a\u201d Elizabeth Harding, st\u0103p\u00e2na de la planta\u021bia Belle Meade. Sper\u00e2nd c\u0103 va fi primit\u0103 ca menajer\u0103 a familiei Harding, Olivia este decep\u021bionat\u0103 c\u00e2nd afl\u0103 adev\u0103ratul motiv pentru care so\u021bul lui Elizabeth, generalul confederat William Giles Harding, a acceptat s-o primeasc\u0103. Neg\u0103sind col\u021bul de rai ocrotitor la care tr\u0103gea n\u0103dejde, Olivia este luat\u0103 pe nepreg\u0103tite de sentimentele pe care \u00eencepe s\u0103 le nutreasc\u0103 pentru Ridley Adam Cooper, un sudist care numai gentleman spilcuit din Sud nu pare.<\/p>\n<p>Considerat, de unii, tr\u0103d\u0103tor, Ridley Cooper, un b\u0103iat din Sud care a ales s\u0103 lupte pentru unioni\u0219ti, t\u00e2nje\u0219te cu disperare s\u0103 pun\u0103 cap\u0103t r\u0103zboiului s\u0103u l\u0103untric. Hot\u0103r\u00e2t s\u0103 deprind\u0103 \u0219i el \u201edarul\u201d \u00eembl\u00e2nzirii cailor, pe care Bob Green, fost sclav \u0219i \u00eembl\u00e2nzitor de cai, \u00eel de\u021bine, Ridley ascunde secrete care pun \u00een primejdie vie\u021bile am\u00e2ndurora.<\/p>","protected":false},"featured_media":34122,"comment_status":"open","ping_status":"closed","template":"","meta":[],"product_brand":[],"product_cat":[377,400],"product_tag":[],"class_list":{"0":"post-34121","1":"product","2":"type-product","3":"status-publish","4":"has-post-thumbnail","6":"product_cat-carti","7":"product_cat-romane-povestiri-nuvele","8":"product_author-tamera-alexander","9":"product_genre-knigi-rom","11":"first","12":"instock","13":"shipping-taxable","14":"purchasable","15":"product-type-simple"},"yoast_head":"<!-- This site is optimized with the Yoast SEO plugin v27.3 - https:\/\/yoast.com\/product\/yoast-seo-wordpress\/ -->\n<title>Nazuinte spuse in soapta - Seria &quot;Plantatia Belle Meade&quot;, Vol. 1 - Societatea Biblic\u0103 din Moldova<\/title>\n<meta name=\"robots\" content=\"index, follow, max-snippet:-1, max-image-preview:large, max-video-preview:-1\" \/>\n<link rel=\"canonical\" href=\"https:\/\/biblia.md\/en\/shop\/nazuinte-spuse-in-soapta-seria-plantatia-belle-meade-vol-1\/\" \/>\n<meta property=\"og:locale\" content=\"en_US\" \/>\n<meta property=\"og:type\" content=\"article\" \/>\n<meta property=\"og:title\" content=\"Nazuinte spuse in soapta - Seria &quot;Plantatia Belle Meade&quot;, Vol. 1 - Societatea Biblic\u0103 din Moldova\" \/>\n<meta property=\"og:description\" content=\"Seria Plantatia Belle Meade Vol. 1 Ac\u021biunea romanului\u00a0N\u0103zuin\u021be spuse \u00een \u0219oapt\u0103\u00a0se desf\u0103\u0219oar\u0103 pe planta\u021bia Belle Meade, cea mai important\u0103 ferm\u0103 de cai purs\u00e2nge din istoria Americii, \u0219i aduce \u00een prim-plan, pe fundalul unor fr\u0103m\u00e2nt\u0103ri istorice reale ale sudi\u0219tilor din perioada de dup\u0103 r\u0103zboi, destinul a doi oameni, Olivia \u0219i Ridley, ambii \u00eencerc\u00e2nd s\u0103 lase \u00een urm\u0103 am\u0103r\u0103ciunea \u0219i s\u0103 g\u0103seasc\u0103 putere pentru un nou \u00eenceput, dar plini de team\u0103 c\u0103 viitorul le-ar putea rezerva \u0219i alte dezam\u0103giri.  Olivia Aberdeen, v\u0103duva dispre\u021buit\u0103 a unui sudist \u00eempu\u0219cat pentru tr\u0103dare, este respins\u0103 de c\u0103tre societatea respectabil\u0103 a locului, astfel c\u0103 accept\u0103 cu drag\u0103 inim\u0103 invita\u021bia f\u0103cut\u0103 de c\u0103tre \u201em\u0103tu\u0219a\u201d Elizabeth Harding, st\u0103p\u00e2na de la planta\u021bia Belle Meade. Sper\u00e2nd c\u0103 va fi primit\u0103 ca menajer\u0103 a familiei Harding, Olivia este decep\u021bionat\u0103 c\u00e2nd afl\u0103 adev\u0103ratul motiv pentru care so\u021bul lui Elizabeth, generalul confederat William Giles Harding, a acceptat s-o primeasc\u0103. Neg\u0103sind col\u021bul de rai ocrotitor la care tr\u0103gea n\u0103dejde, Olivia este luat\u0103 pe nepreg\u0103tite de sentimentele pe care \u00eencepe s\u0103 le nutreasc\u0103 pentru Ridley Adam Cooper, un sudist care numai gentleman spilcuit din Sud nu pare.  Considerat, de unii, tr\u0103d\u0103tor, Ridley Cooper, un b\u0103iat din Sud care a ales s\u0103 lupte pentru unioni\u0219ti, t\u00e2nje\u0219te cu disperare s\u0103 pun\u0103 cap\u0103t r\u0103zboiului s\u0103u l\u0103untric. Hot\u0103r\u00e2t s\u0103 deprind\u0103 \u0219i el \u201edarul\u201d \u00eembl\u00e2nzirii cailor, pe care Bob Green, fost sclav \u0219i \u00eembl\u00e2nzitor de cai, \u00eel de\u021bine, Ridley ascunde secrete care pun \u00een primejdie vie\u021bile am\u00e2ndurora.\" \/>\n<meta property=\"og:url\" content=\"https:\/\/biblia.md\/en\/shop\/nazuinte-spuse-in-soapta-seria-plantatia-belle-meade-vol-1\/\" \/>\n<meta property=\"og:site_name\" content=\"Societatea Biblic\u0103 din Moldova\" \/>\n<meta property=\"article:publisher\" content=\"https:\/\/www.facebook.com\/SocietateaBiblicaMoldova\/\" \/>\n<meta property=\"article:modified_time\" content=\"2026-02-05T13:56:12+00:00\" \/>\n<meta property=\"og:image\" content=\"https:\/\/biblia.md\/wp-content\/uploads\/2026\/02\/0000008454.jpg\" \/>\n\t<meta property=\"og:image:width\" content=\"600\" \/>\n\t<meta property=\"og:image:height\" content=\"900\" \/>\n\t<meta property=\"og:image:type\" content=\"image\/jpeg\" \/>\n<meta name=\"twitter:card\" content=\"summary_large_image\" \/>\n<meta name=\"twitter:label1\" content=\"Est. reading time\" \/>\n\t<meta name=\"twitter:data1\" content=\"1 minute\" \/>\n<script type=\"application\/ld+json\" class=\"yoast-schema-graph\">{\"@context\":\"https:\\\/\\\/schema.org\",\"@graph\":[{\"@type\":\"WebPage\",\"@id\":\"https:\\\/\\\/biblia.md\\\/shop\\\/nazuinte-spuse-in-soapta-seria-plantatia-belle-meade-vol-1\\\/\",\"url\":\"https:\\\/\\\/biblia.md\\\/shop\\\/nazuinte-spuse-in-soapta-seria-plantatia-belle-meade-vol-1\\\/\",\"name\":\"Nazuinte spuse in soapta - Seria \\\"Plantatia Belle Meade\\\", Vol. 1 - Societatea Biblic\u0103 din Moldova\",\"isPartOf\":{\"@id\":\"https:\\\/\\\/biblia.md\\\/#website\"},\"primaryImageOfPage\":{\"@id\":\"https:\\\/\\\/biblia.md\\\/shop\\\/nazuinte-spuse-in-soapta-seria-plantatia-belle-meade-vol-1\\\/#primaryimage\"},\"image\":{\"@id\":\"https:\\\/\\\/biblia.md\\\/shop\\\/nazuinte-spuse-in-soapta-seria-plantatia-belle-meade-vol-1\\\/#primaryimage\"},\"thumbnailUrl\":\"https:\\\/\\\/biblia.md\\\/wp-content\\\/uploads\\\/2026\\\/02\\\/0000008454.jpg\",\"datePublished\":\"2026-02-05T13:47:47+00:00\",\"dateModified\":\"2026-02-05T13:56:12+00:00\",\"breadcrumb\":{\"@id\":\"https:\\\/\\\/biblia.md\\\/shop\\\/nazuinte-spuse-in-soapta-seria-plantatia-belle-meade-vol-1\\\/#breadcrumb\"},\"inLanguage\":\"en-US\",\"potentialAction\":[{\"@type\":\"ReadAction\",\"target\":[\"https:\\\/\\\/biblia.md\\\/shop\\\/nazuinte-spuse-in-soapta-seria-plantatia-belle-meade-vol-1\\\/\"]}]},{\"@type\":\"ImageObject\",\"inLanguage\":\"en-US\",\"@id\":\"https:\\\/\\\/biblia.md\\\/shop\\\/nazuinte-spuse-in-soapta-seria-plantatia-belle-meade-vol-1\\\/#primaryimage\",\"url\":\"https:\\\/\\\/biblia.md\\\/wp-content\\\/uploads\\\/2026\\\/02\\\/0000008454.jpg\",\"contentUrl\":\"https:\\\/\\\/biblia.md\\\/wp-content\\\/uploads\\\/2026\\\/02\\\/0000008454.jpg\",\"width\":600,\"height\":900},{\"@type\":\"BreadcrumbList\",\"@id\":\"https:\\\/\\\/biblia.md\\\/shop\\\/nazuinte-spuse-in-soapta-seria-plantatia-belle-meade-vol-1\\\/#breadcrumb\",\"itemListElement\":[{\"@type\":\"ListItem\",\"position\":1,\"name\":\"Prima pagin\u0103\",\"item\":\"https:\\\/\\\/biblia.md\\\/\"},{\"@type\":\"ListItem\",\"position\":2,\"name\":\"Shop\",\"item\":\"https:\\\/\\\/biblia.md\\\/shop\\\/\"},{\"@type\":\"ListItem\",\"position\":3,\"name\":\"Nazuinte spuse in soapta &#8211; Seria &#8222;Plantatia Belle Meade&#8221;, Vol. 1\"}]},{\"@type\":\"WebSite\",\"@id\":\"https:\\\/\\\/biblia.md\\\/#website\",\"url\":\"https:\\\/\\\/biblia.md\\\/\",\"name\":\"Societatea Biblic\u0103 din Moldova\",\"description\":\"\",\"publisher\":{\"@id\":\"https:\\\/\\\/biblia.md\\\/#organization\"},\"potentialAction\":[{\"@type\":\"SearchAction\",\"target\":{\"@type\":\"EntryPoint\",\"urlTemplate\":\"https:\\\/\\\/biblia.md\\\/?s={search_term_string}\"},\"query-input\":{\"@type\":\"PropertyValueSpecification\",\"valueRequired\":true,\"valueName\":\"search_term_string\"}}],\"inLanguage\":\"en-US\"},{\"@type\":\"Organization\",\"@id\":\"https:\\\/\\\/biblia.md\\\/#organization\",\"name\":\"Societatea Biblic\u0103 din Moldova\",\"url\":\"https:\\\/\\\/biblia.md\\\/\",\"logo\":{\"@type\":\"ImageObject\",\"inLanguage\":\"en-US\",\"@id\":\"https:\\\/\\\/biblia.md\\\/#\\\/schema\\\/logo\\\/image\\\/\",\"url\":\"https:\\\/\\\/biblia.md\\\/wp-content\\\/uploads\\\/2026\\\/01\\\/icon_site.jpg\",\"contentUrl\":\"https:\\\/\\\/biblia.md\\\/wp-content\\\/uploads\\\/2026\\\/01\\\/icon_site.jpg\",\"width\":656,\"height\":656,\"caption\":\"Societatea Biblic\u0103 din Moldova\"},\"image\":{\"@id\":\"https:\\\/\\\/biblia.md\\\/#\\\/schema\\\/logo\\\/image\\\/\"},\"sameAs\":[\"https:\\\/\\\/www.facebook.com\\\/SocietateaBiblicaMoldova\\\/\",\"https:\\\/\\\/www.instagram.com\\\/biblia.md\\\/\"]}]}<\/script>\n<!-- \/ Yoast SEO plugin. -->","yoast_head_json":{"title":"Nazuinte spuse in soapta - Seria \"Plantatia Belle Meade\", Vol. 1 - Societatea Biblic\u0103 din Moldova","robots":{"index":"index","follow":"follow","max-snippet":"max-snippet:-1","max-image-preview":"max-image-preview:large","max-video-preview":"max-video-preview:-1"},"canonical":"https:\/\/biblia.md\/en\/shop\/nazuinte-spuse-in-soapta-seria-plantatia-belle-meade-vol-1\/","og_locale":"en_US","og_type":"article","og_title":"Nazuinte spuse in soapta - Seria \"Plantatia Belle Meade\", Vol. 1 - Societatea Biblic\u0103 din Moldova","og_description":"Seria Plantatia Belle Meade Vol. 1 Ac\u021biunea romanului\u00a0N\u0103zuin\u021be spuse \u00een \u0219oapt\u0103\u00a0se desf\u0103\u0219oar\u0103 pe planta\u021bia Belle Meade, cea mai important\u0103 ferm\u0103 de cai purs\u00e2nge din istoria Americii, \u0219i aduce \u00een prim-plan, pe fundalul unor fr\u0103m\u00e2nt\u0103ri istorice reale ale sudi\u0219tilor din perioada de dup\u0103 r\u0103zboi, destinul a doi oameni, Olivia \u0219i Ridley, ambii \u00eencerc\u00e2nd s\u0103 lase \u00een urm\u0103 am\u0103r\u0103ciunea \u0219i s\u0103 g\u0103seasc\u0103 putere pentru un nou \u00eenceput, dar plini de team\u0103 c\u0103 viitorul le-ar putea rezerva \u0219i alte dezam\u0103giri.  Olivia Aberdeen, v\u0103duva dispre\u021buit\u0103 a unui sudist \u00eempu\u0219cat pentru tr\u0103dare, este respins\u0103 de c\u0103tre societatea respectabil\u0103 a locului, astfel c\u0103 accept\u0103 cu drag\u0103 inim\u0103 invita\u021bia f\u0103cut\u0103 de c\u0103tre \u201em\u0103tu\u0219a\u201d Elizabeth Harding, st\u0103p\u00e2na de la planta\u021bia Belle Meade. Sper\u00e2nd c\u0103 va fi primit\u0103 ca menajer\u0103 a familiei Harding, Olivia este decep\u021bionat\u0103 c\u00e2nd afl\u0103 adev\u0103ratul motiv pentru care so\u021bul lui Elizabeth, generalul confederat William Giles Harding, a acceptat s-o primeasc\u0103. Neg\u0103sind col\u021bul de rai ocrotitor la care tr\u0103gea n\u0103dejde, Olivia este luat\u0103 pe nepreg\u0103tite de sentimentele pe care \u00eencepe s\u0103 le nutreasc\u0103 pentru Ridley Adam Cooper, un sudist care numai gentleman spilcuit din Sud nu pare.  Considerat, de unii, tr\u0103d\u0103tor, Ridley Cooper, un b\u0103iat din Sud care a ales s\u0103 lupte pentru unioni\u0219ti, t\u00e2nje\u0219te cu disperare s\u0103 pun\u0103 cap\u0103t r\u0103zboiului s\u0103u l\u0103untric. Hot\u0103r\u00e2t s\u0103 deprind\u0103 \u0219i el \u201edarul\u201d \u00eembl\u00e2nzirii cailor, pe care Bob Green, fost sclav \u0219i \u00eembl\u00e2nzitor de cai, \u00eel de\u021bine, Ridley ascunde secrete care pun \u00een primejdie vie\u021bile am\u00e2ndurora.","og_url":"https:\/\/biblia.md\/en\/shop\/nazuinte-spuse-in-soapta-seria-plantatia-belle-meade-vol-1\/","og_site_name":"Societatea Biblic\u0103 din Moldova","article_publisher":"https:\/\/www.facebook.com\/SocietateaBiblicaMoldova\/","article_modified_time":"2026-02-05T13:56:12+00:00","og_image":[{"width":600,"height":900,"url":"https:\/\/biblia.md\/wp-content\/uploads\/2026\/02\/0000008454.jpg","type":"image\/jpeg"}],"twitter_card":"summary_large_image","twitter_misc":{"Est. reading time":"1 minute"},"schema":{"@context":"https:\/\/schema.org","@graph":[{"@type":"WebPage","@id":"https:\/\/biblia.md\/shop\/nazuinte-spuse-in-soapta-seria-plantatia-belle-meade-vol-1\/","url":"https:\/\/biblia.md\/shop\/nazuinte-spuse-in-soapta-seria-plantatia-belle-meade-vol-1\/","name":"Nazuinte spuse in soapta - Seria \"Plantatia Belle Meade\", Vol. 1 - Societatea Biblic\u0103 din Moldova","isPartOf":{"@id":"https:\/\/biblia.md\/#website"},"primaryImageOfPage":{"@id":"https:\/\/biblia.md\/shop\/nazuinte-spuse-in-soapta-seria-plantatia-belle-meade-vol-1\/#primaryimage"},"image":{"@id":"https:\/\/biblia.md\/shop\/nazuinte-spuse-in-soapta-seria-plantatia-belle-meade-vol-1\/#primaryimage"},"thumbnailUrl":"https:\/\/biblia.md\/wp-content\/uploads\/2026\/02\/0000008454.jpg","datePublished":"2026-02-05T13:47:47+00:00","dateModified":"2026-02-05T13:56:12+00:00","breadcrumb":{"@id":"https:\/\/biblia.md\/shop\/nazuinte-spuse-in-soapta-seria-plantatia-belle-meade-vol-1\/#breadcrumb"},"inLanguage":"en-US","potentialAction":[{"@type":"ReadAction","target":["https:\/\/biblia.md\/shop\/nazuinte-spuse-in-soapta-seria-plantatia-belle-meade-vol-1\/"]}]},{"@type":"ImageObject","inLanguage":"en-US","@id":"https:\/\/biblia.md\/shop\/nazuinte-spuse-in-soapta-seria-plantatia-belle-meade-vol-1\/#primaryimage","url":"https:\/\/biblia.md\/wp-content\/uploads\/2026\/02\/0000008454.jpg","contentUrl":"https:\/\/biblia.md\/wp-content\/uploads\/2026\/02\/0000008454.jpg","width":600,"height":900},{"@type":"BreadcrumbList","@id":"https:\/\/biblia.md\/shop\/nazuinte-spuse-in-soapta-seria-plantatia-belle-meade-vol-1\/#breadcrumb","itemListElement":[{"@type":"ListItem","position":1,"name":"Prima pagin\u0103","item":"https:\/\/biblia.md\/"},{"@type":"ListItem","position":2,"name":"Shop","item":"https:\/\/biblia.md\/shop\/"},{"@type":"ListItem","position":3,"name":"Nazuinte spuse in soapta &#8211; Seria &#8222;Plantatia Belle Meade&#8221;, Vol. 1"}]},{"@type":"WebSite","@id":"https:\/\/biblia.md\/#website","url":"https:\/\/biblia.md\/","name":"Societatea Biblic\u0103 din Moldova","description":"","publisher":{"@id":"https:\/\/biblia.md\/#organization"},"potentialAction":[{"@type":"SearchAction","target":{"@type":"EntryPoint","urlTemplate":"https:\/\/biblia.md\/?s={search_term_string}"},"query-input":{"@type":"PropertyValueSpecification","valueRequired":true,"valueName":"search_term_string"}}],"inLanguage":"en-US"},{"@type":"Organization","@id":"https:\/\/biblia.md\/#organization","name":"Societatea Biblic\u0103 din Moldova","url":"https:\/\/biblia.md\/","logo":{"@type":"ImageObject","inLanguage":"en-US","@id":"https:\/\/biblia.md\/#\/schema\/logo\/image\/","url":"https:\/\/biblia.md\/wp-content\/uploads\/2026\/01\/icon_site.jpg","contentUrl":"https:\/\/biblia.md\/wp-content\/uploads\/2026\/01\/icon_site.jpg","width":656,"height":656,"caption":"Societatea Biblic\u0103 din Moldova"},"image":{"@id":"https:\/\/biblia.md\/#\/schema\/logo\/image\/"},"sameAs":["https:\/\/www.facebook.com\/SocietateaBiblicaMoldova\/","https:\/\/www.instagram.com\/biblia.md\/"]}]}},"_links":{"self":[{"href":"https:\/\/biblia.md\/en\/wp-json\/wp\/v2\/product\/34121","targetHints":{"allow":["GET"]}}],"collection":[{"href":"https:\/\/biblia.md\/en\/wp-json\/wp\/v2\/product"}],"about":[{"href":"https:\/\/biblia.md\/en\/wp-json\/wp\/v2\/types\/product"}],"replies":[{"embeddable":true,"href":"https:\/\/biblia.md\/en\/wp-json\/wp\/v2\/comments?post=34121"}],"version-history":[{"count":1,"href":"https:\/\/biblia.md\/en\/wp-json\/wp\/v2\/product\/34121\/revisions"}],"predecessor-version":[{"id":34123,"href":"https:\/\/biblia.md\/en\/wp-json\/wp\/v2\/product\/34121\/revisions\/34123"}],"wp:featuredmedia":[{"embeddable":true,"href":"https:\/\/biblia.md\/en\/wp-json\/wp\/v2\/media\/34122"}],"wp:attachment":[{"href":"https:\/\/biblia.md\/en\/wp-json\/wp\/v2\/media?parent=34121"}],"wp:term":[{"taxonomy":"product_brand","embeddable":true,"href":"https:\/\/biblia.md\/en\/wp-json\/wp\/v2\/product_brand?post=34121"},{"taxonomy":"product_cat","embeddable":true,"href":"https:\/\/biblia.md\/en\/wp-json\/wp\/v2\/product_cat?post=34121"},{"taxonomy":"product_tag","embeddable":true,"href":"https:\/\/biblia.md\/en\/wp-json\/wp\/v2\/product_tag?post=34121"}],"curies":[{"name":"wp","href":"https:\/\/api.w.org\/{rel}","templated":true}]}}