{"id":34225,"date":"2026-02-06T16:44:29","date_gmt":"2026-02-06T14:44:29","guid":{"rendered":"https:\/\/biblia.md\/?post_type=product&#038;p=34225"},"modified":"2026-02-06T16:45:31","modified_gmt":"2026-02-06T14:45:31","slug":"indurari-zilnice","status":"publish","type":"product","link":"https:\/\/biblia.md\/en\/shop\/indurari-zilnice\/","title":{"rendered":"Indurari zilnice"},"content":{"rendered":"<p><strong><em>Aceste lecturi devo\u021bionale v\u0103 vor \u00eent\u0103ri, v\u0103 vor da hran\u0103, v\u0103 vor umple inimile \u0219i v\u0103 vor deschide ochii pentru a vedea \u00eendur\u0103rile Domnului care se \u00eennoiesc \u00een zorile fiec\u0103rei zile. &#8211;\u00a0<\/em><\/strong><strong><em>Nancy Leigh DeMoss<\/em><\/strong><\/p>\n<p><em><strong>Paul Tripp \u00eembin\u0103 excelent \u00een\u021belepciunea pe care a dob\u00e2ndit-o de-a lungul anilor de consiliere, cu perspectiva biblic\u0103 a m\u00e2ntuirii \u0219i cu \u00een\u021belegerea sa profund\u0103 a lui Hristos ca \u00eenlocuitor al nostru, pentru a realiza o serie de devo\u021bionale zilnice care \u00eenfl\u0103c\u0103reaz\u0103 inima r\u0103nit\u0103 \u0219i o \u00eencearc\u0103 pe cea mul\u021bumit\u0103. Vei descoperi c\u0103 aceast\u0103 carte este ad\u00e2nc \u00eenr\u0103d\u0103cinat\u0103 \u00een adev\u0103rurile Scripturii \u0219i, totodat\u0103, u\u0219or de citit. &#8211; <\/strong><\/em><strong><em>Elyse M. Fitzpatrick<\/em><\/strong><\/p>\n<p><strong><em>Unul dintre adev\u0103rurile extraordinare ale vie\u021bii cre\u0219tine este c\u0103, \u00eentr-o lume \u00een care totul se afl\u0103 \u00eentr-o stare de degradare, \u00eendur\u0103rile lui Dumnezeu nu se \u00eenvechesc. Ele nu se sf\u00e2r\u0219esc niciodat\u0103, nu apar la momentul nepotrivit, nu seac\u0103 nicic\u00e2nd \u0219i nu-\u0219i pierd din putere. \u00centotdeauna vin \u00eent\u00e2mpinarea nevoilor, nu dezam\u0103gesc niciodat\u0103 \u0219i nu dau gre\u0219, pentru c\u0103 se \u00eennoiesc \u00een fiecare diminea\u021b\u0103. \u00cendur\u0103rile Domnului sunt potrivite pentru provoc\u0103rile, dezam\u0103girile, suferin\u021bele, luptele cu p\u0103catul interior \u0219i exterior.<\/em>\u00a0&#8211;\u00a0Paul David Tripp<\/strong><\/p>","protected":false},"excerpt":{"rendered":"<p>Acest volum,<em>\u00a0\u00ce<strong>ndur\u0103rile zilnice \u2013 un devo\u021bional biblic<\/strong>,\u00a0<\/em>nu \u00ee\u0219i propune s\u0103 fie \u00eenc\u0103 unul din cele care \u0219i-au propus s\u0103 asiste oamenii \u00een procesul, oricum dureros \u0219i spinos, al schimb\u0103rii comportamentului. \u021ainta pe care autorul, Paul David Tripp, a urm\u0103rit-o a fost, mai degrab\u0103, s\u0103-i conduc\u0103 pe cititori \u00een prezen\u021ba Dumnezeului viu, Singurul care ne poate schimba. Tocmai de aceea, cartea dore\u0219te s\u0103-i echipeze pe cititori cu o mai profund\u0103 cunoa\u0219tere a Ve\u0219tii Bune, s\u0103 \u00eei ajute s\u0103 se \u00eencread\u0103 mai mult \u00een bun\u0103tatea lui Dumnezeu, s\u0103 se bazeze pe harul S\u0103u bogat \u0219i s\u0103 tr\u0103iasc\u0103, zi de zi, pentru gloria Lui.<\/p>","protected":false},"featured_media":34227,"comment_status":"open","ping_status":"closed","template":"","meta":[],"product_brand":[],"product_cat":[377,382],"product_tag":[],"class_list":{"0":"post-34225","1":"product","2":"type-product","3":"status-publish","4":"has-post-thumbnail","6":"product_cat-carti","7":"product_cat-devotionale-meditatii-zilnic","8":"product_author-paul-david-tripp","9":"product_genre-knigi-rom","11":"first","12":"instock","13":"shipping-taxable","14":"purchasable","15":"product-type-simple"},"yoast_head":"<!-- This site is optimized with the Yoast SEO plugin v27.3 - https:\/\/yoast.com\/product\/yoast-seo-wordpress\/ -->\n<title>Indurari zilnice - Societatea Biblic\u0103 din Moldova<\/title>\n<meta name=\"robots\" content=\"index, follow, max-snippet:-1, max-image-preview:large, max-video-preview:-1\" \/>\n<link rel=\"canonical\" href=\"https:\/\/biblia.md\/en\/shop\/indurari-zilnice\/\" \/>\n<meta property=\"og:locale\" content=\"en_US\" \/>\n<meta property=\"og:type\" content=\"article\" \/>\n<meta property=\"og:title\" content=\"Indurari zilnice - Societatea Biblic\u0103 din Moldova\" \/>\n<meta property=\"og:description\" content=\"Acest volum,\u00a0\u00cendur\u0103rile zilnice \u2013 un devo\u021bional biblic,\u00a0nu \u00ee\u0219i propune s\u0103 fie \u00eenc\u0103 unul din cele care \u0219i-au propus s\u0103 asiste oamenii \u00een procesul, oricum dureros \u0219i spinos, al schimb\u0103rii comportamentului. \u021ainta pe care autorul, Paul David Tripp, a urm\u0103rit-o a fost, mai degrab\u0103, s\u0103-i conduc\u0103 pe cititori \u00een prezen\u021ba Dumnezeului viu, Singurul care ne poate schimba. Tocmai de aceea, cartea dore\u0219te s\u0103-i echipeze pe cititori cu o mai profund\u0103 cunoa\u0219tere a Ve\u0219tii Bune, s\u0103 \u00eei ajute s\u0103 se \u00eencread\u0103 mai mult \u00een bun\u0103tatea lui Dumnezeu, s\u0103 se bazeze pe harul S\u0103u bogat \u0219i s\u0103 tr\u0103iasc\u0103, zi de zi, pentru gloria Lui.\" \/>\n<meta property=\"og:url\" content=\"https:\/\/biblia.md\/en\/shop\/indurari-zilnice\/\" \/>\n<meta property=\"og:site_name\" content=\"Societatea Biblic\u0103 din Moldova\" \/>\n<meta property=\"article:publisher\" content=\"https:\/\/www.facebook.com\/SocietateaBiblicaMoldova\/\" \/>\n<meta property=\"article:modified_time\" content=\"2026-02-06T14:45:31+00:00\" \/>\n<meta property=\"og:image\" content=\"https:\/\/biblia.md\/wp-content\/uploads\/2026\/02\/indurari-zilnice-devotional-biblic-01.png\" \/>\n\t<meta property=\"og:image:width\" content=\"600\" \/>\n\t<meta property=\"og:image:height\" content=\"900\" \/>\n\t<meta property=\"og:image:type\" content=\"image\/png\" \/>\n<meta name=\"twitter:card\" content=\"summary_large_image\" \/>\n<meta name=\"twitter:label1\" content=\"Est. reading time\" \/>\n\t<meta name=\"twitter:data1\" content=\"2 minutes\" \/>\n<script type=\"application\/ld+json\" class=\"yoast-schema-graph\">{\"@context\":\"https:\\\/\\\/schema.org\",\"@graph\":[{\"@type\":\"WebPage\",\"@id\":\"https:\\\/\\\/biblia.md\\\/shop\\\/indurari-zilnice\\\/\",\"url\":\"https:\\\/\\\/biblia.md\\\/shop\\\/indurari-zilnice\\\/\",\"name\":\"Indurari zilnice - Societatea Biblic\u0103 din Moldova\",\"isPartOf\":{\"@id\":\"https:\\\/\\\/biblia.md\\\/#website\"},\"primaryImageOfPage\":{\"@id\":\"https:\\\/\\\/biblia.md\\\/shop\\\/indurari-zilnice\\\/#primaryimage\"},\"image\":{\"@id\":\"https:\\\/\\\/biblia.md\\\/shop\\\/indurari-zilnice\\\/#primaryimage\"},\"thumbnailUrl\":\"https:\\\/\\\/biblia.md\\\/wp-content\\\/uploads\\\/2026\\\/02\\\/indurari-zilnice-devotional-biblic-01.png\",\"datePublished\":\"2026-02-06T14:44:29+00:00\",\"dateModified\":\"2026-02-06T14:45:31+00:00\",\"breadcrumb\":{\"@id\":\"https:\\\/\\\/biblia.md\\\/shop\\\/indurari-zilnice\\\/#breadcrumb\"},\"inLanguage\":\"en-US\",\"potentialAction\":[{\"@type\":\"ReadAction\",\"target\":[\"https:\\\/\\\/biblia.md\\\/shop\\\/indurari-zilnice\\\/\"]}]},{\"@type\":\"ImageObject\",\"inLanguage\":\"en-US\",\"@id\":\"https:\\\/\\\/biblia.md\\\/shop\\\/indurari-zilnice\\\/#primaryimage\",\"url\":\"https:\\\/\\\/biblia.md\\\/wp-content\\\/uploads\\\/2026\\\/02\\\/indurari-zilnice-devotional-biblic-01.png\",\"contentUrl\":\"https:\\\/\\\/biblia.md\\\/wp-content\\\/uploads\\\/2026\\\/02\\\/indurari-zilnice-devotional-biblic-01.png\",\"width\":600,\"height\":900},{\"@type\":\"BreadcrumbList\",\"@id\":\"https:\\\/\\\/biblia.md\\\/shop\\\/indurari-zilnice\\\/#breadcrumb\",\"itemListElement\":[{\"@type\":\"ListItem\",\"position\":1,\"name\":\"Prima pagin\u0103\",\"item\":\"https:\\\/\\\/biblia.md\\\/\"},{\"@type\":\"ListItem\",\"position\":2,\"name\":\"Shop\",\"item\":\"https:\\\/\\\/biblia.md\\\/shop\\\/\"},{\"@type\":\"ListItem\",\"position\":3,\"name\":\"Indurari zilnice\"}]},{\"@type\":\"WebSite\",\"@id\":\"https:\\\/\\\/biblia.md\\\/#website\",\"url\":\"https:\\\/\\\/biblia.md\\\/\",\"name\":\"Societatea Biblic\u0103 din Moldova\",\"description\":\"\",\"publisher\":{\"@id\":\"https:\\\/\\\/biblia.md\\\/#organization\"},\"potentialAction\":[{\"@type\":\"SearchAction\",\"target\":{\"@type\":\"EntryPoint\",\"urlTemplate\":\"https:\\\/\\\/biblia.md\\\/?s={search_term_string}\"},\"query-input\":{\"@type\":\"PropertyValueSpecification\",\"valueRequired\":true,\"valueName\":\"search_term_string\"}}],\"inLanguage\":\"en-US\"},{\"@type\":\"Organization\",\"@id\":\"https:\\\/\\\/biblia.md\\\/#organization\",\"name\":\"Societatea Biblic\u0103 din Moldova\",\"url\":\"https:\\\/\\\/biblia.md\\\/\",\"logo\":{\"@type\":\"ImageObject\",\"inLanguage\":\"en-US\",\"@id\":\"https:\\\/\\\/biblia.md\\\/#\\\/schema\\\/logo\\\/image\\\/\",\"url\":\"https:\\\/\\\/biblia.md\\\/wp-content\\\/uploads\\\/2026\\\/01\\\/icon_site.jpg\",\"contentUrl\":\"https:\\\/\\\/biblia.md\\\/wp-content\\\/uploads\\\/2026\\\/01\\\/icon_site.jpg\",\"width\":656,\"height\":656,\"caption\":\"Societatea Biblic\u0103 din Moldova\"},\"image\":{\"@id\":\"https:\\\/\\\/biblia.md\\\/#\\\/schema\\\/logo\\\/image\\\/\"},\"sameAs\":[\"https:\\\/\\\/www.facebook.com\\\/SocietateaBiblicaMoldova\\\/\",\"https:\\\/\\\/www.instagram.com\\\/biblia.md\\\/\"]}]}<\/script>\n<!-- \/ Yoast SEO plugin. -->","yoast_head_json":{"title":"Indurari zilnice - Societatea Biblic\u0103 din Moldova","robots":{"index":"index","follow":"follow","max-snippet":"max-snippet:-1","max-image-preview":"max-image-preview:large","max-video-preview":"max-video-preview:-1"},"canonical":"https:\/\/biblia.md\/en\/shop\/indurari-zilnice\/","og_locale":"en_US","og_type":"article","og_title":"Indurari zilnice - Societatea Biblic\u0103 din Moldova","og_description":"Acest volum,\u00a0\u00cendur\u0103rile zilnice \u2013 un devo\u021bional biblic,\u00a0nu \u00ee\u0219i propune s\u0103 fie \u00eenc\u0103 unul din cele care \u0219i-au propus s\u0103 asiste oamenii \u00een procesul, oricum dureros \u0219i spinos, al schimb\u0103rii comportamentului. \u021ainta pe care autorul, Paul David Tripp, a urm\u0103rit-o a fost, mai degrab\u0103, s\u0103-i conduc\u0103 pe cititori \u00een prezen\u021ba Dumnezeului viu, Singurul care ne poate schimba. Tocmai de aceea, cartea dore\u0219te s\u0103-i echipeze pe cititori cu o mai profund\u0103 cunoa\u0219tere a Ve\u0219tii Bune, s\u0103 \u00eei ajute s\u0103 se \u00eencread\u0103 mai mult \u00een bun\u0103tatea lui Dumnezeu, s\u0103 se bazeze pe harul S\u0103u bogat \u0219i s\u0103 tr\u0103iasc\u0103, zi de zi, pentru gloria Lui.","og_url":"https:\/\/biblia.md\/en\/shop\/indurari-zilnice\/","og_site_name":"Societatea Biblic\u0103 din Moldova","article_publisher":"https:\/\/www.facebook.com\/SocietateaBiblicaMoldova\/","article_modified_time":"2026-02-06T14:45:31+00:00","og_image":[{"width":600,"height":900,"url":"https:\/\/biblia.md\/wp-content\/uploads\/2026\/02\/indurari-zilnice-devotional-biblic-01.png","type":"image\/png"}],"twitter_card":"summary_large_image","twitter_misc":{"Est. reading time":"2 minutes"},"schema":{"@context":"https:\/\/schema.org","@graph":[{"@type":"WebPage","@id":"https:\/\/biblia.md\/shop\/indurari-zilnice\/","url":"https:\/\/biblia.md\/shop\/indurari-zilnice\/","name":"Indurari zilnice - Societatea Biblic\u0103 din Moldova","isPartOf":{"@id":"https:\/\/biblia.md\/#website"},"primaryImageOfPage":{"@id":"https:\/\/biblia.md\/shop\/indurari-zilnice\/#primaryimage"},"image":{"@id":"https:\/\/biblia.md\/shop\/indurari-zilnice\/#primaryimage"},"thumbnailUrl":"https:\/\/biblia.md\/wp-content\/uploads\/2026\/02\/indurari-zilnice-devotional-biblic-01.png","datePublished":"2026-02-06T14:44:29+00:00","dateModified":"2026-02-06T14:45:31+00:00","breadcrumb":{"@id":"https:\/\/biblia.md\/shop\/indurari-zilnice\/#breadcrumb"},"inLanguage":"en-US","potentialAction":[{"@type":"ReadAction","target":["https:\/\/biblia.md\/shop\/indurari-zilnice\/"]}]},{"@type":"ImageObject","inLanguage":"en-US","@id":"https:\/\/biblia.md\/shop\/indurari-zilnice\/#primaryimage","url":"https:\/\/biblia.md\/wp-content\/uploads\/2026\/02\/indurari-zilnice-devotional-biblic-01.png","contentUrl":"https:\/\/biblia.md\/wp-content\/uploads\/2026\/02\/indurari-zilnice-devotional-biblic-01.png","width":600,"height":900},{"@type":"BreadcrumbList","@id":"https:\/\/biblia.md\/shop\/indurari-zilnice\/#breadcrumb","itemListElement":[{"@type":"ListItem","position":1,"name":"Prima pagin\u0103","item":"https:\/\/biblia.md\/"},{"@type":"ListItem","position":2,"name":"Shop","item":"https:\/\/biblia.md\/shop\/"},{"@type":"ListItem","position":3,"name":"Indurari zilnice"}]},{"@type":"WebSite","@id":"https:\/\/biblia.md\/#website","url":"https:\/\/biblia.md\/","name":"Societatea Biblic\u0103 din Moldova","description":"","publisher":{"@id":"https:\/\/biblia.md\/#organization"},"potentialAction":[{"@type":"SearchAction","target":{"@type":"EntryPoint","urlTemplate":"https:\/\/biblia.md\/?s={search_term_string}"},"query-input":{"@type":"PropertyValueSpecification","valueRequired":true,"valueName":"search_term_string"}}],"inLanguage":"en-US"},{"@type":"Organization","@id":"https:\/\/biblia.md\/#organization","name":"Societatea Biblic\u0103 din Moldova","url":"https:\/\/biblia.md\/","logo":{"@type":"ImageObject","inLanguage":"en-US","@id":"https:\/\/biblia.md\/#\/schema\/logo\/image\/","url":"https:\/\/biblia.md\/wp-content\/uploads\/2026\/01\/icon_site.jpg","contentUrl":"https:\/\/biblia.md\/wp-content\/uploads\/2026\/01\/icon_site.jpg","width":656,"height":656,"caption":"Societatea Biblic\u0103 din Moldova"},"image":{"@id":"https:\/\/biblia.md\/#\/schema\/logo\/image\/"},"sameAs":["https:\/\/www.facebook.com\/SocietateaBiblicaMoldova\/","https:\/\/www.instagram.com\/biblia.md\/"]}]}},"_links":{"self":[{"href":"https:\/\/biblia.md\/en\/wp-json\/wp\/v2\/product\/34225","targetHints":{"allow":["GET"]}}],"collection":[{"href":"https:\/\/biblia.md\/en\/wp-json\/wp\/v2\/product"}],"about":[{"href":"https:\/\/biblia.md\/en\/wp-json\/wp\/v2\/types\/product"}],"replies":[{"embeddable":true,"href":"https:\/\/biblia.md\/en\/wp-json\/wp\/v2\/comments?post=34225"}],"version-history":[{"count":1,"href":"https:\/\/biblia.md\/en\/wp-json\/wp\/v2\/product\/34225\/revisions"}],"predecessor-version":[{"id":34232,"href":"https:\/\/biblia.md\/en\/wp-json\/wp\/v2\/product\/34225\/revisions\/34232"}],"wp:featuredmedia":[{"embeddable":true,"href":"https:\/\/biblia.md\/en\/wp-json\/wp\/v2\/media\/34227"}],"wp:attachment":[{"href":"https:\/\/biblia.md\/en\/wp-json\/wp\/v2\/media?parent=34225"}],"wp:term":[{"taxonomy":"product_brand","embeddable":true,"href":"https:\/\/biblia.md\/en\/wp-json\/wp\/v2\/product_brand?post=34225"},{"taxonomy":"product_cat","embeddable":true,"href":"https:\/\/biblia.md\/en\/wp-json\/wp\/v2\/product_cat?post=34225"},{"taxonomy":"product_tag","embeddable":true,"href":"https:\/\/biblia.md\/en\/wp-json\/wp\/v2\/product_tag?post=34225"}],"curies":[{"name":"wp","href":"https:\/\/api.w.org\/{rel}","templated":true}]}}