{"id":34300,"date":"2026-02-08T18:31:30","date_gmt":"2026-02-08T16:31:30","guid":{"rendered":"https:\/\/biblia.md\/?post_type=product&#038;p=34300"},"modified":"2026-02-09T23:19:10","modified_gmt":"2026-02-09T21:19:10","slug":"inteligenta-relationala","status":"publish","type":"product","link":"https:\/\/biblia.md\/en\/shop\/inteligenta-relationala\/","title":{"rendered":"Inteligenta relationala"},"content":{"rendered":"","protected":false},"excerpt":{"rendered":"<p>Rela\u021biile tale te trag \u00eenapoi sau te propulseaz\u0103 spre atingerea scopului t\u0103u \u00een via\u021b\u0103?<br \/>\nFunc\u021bion\u00e2nd drept catalizatoare pentru bun\u0103starea noastr\u0103 general\u0103, rela\u021biile ne influen\u021beaz\u0103 fiecare aspect al vie\u021bii. Dac\u0103 vrem s\u0103 trecem la nivelul urm\u0103tor, trebuie s\u0103 \u00eencepem cu rela\u021biile noastre.<\/p>\n<p>Vorbitor cunoscut \u0219i pastor al unei biserici \u00eenfloritoare \u0219i active,\u00a0<strong>dr. Dharius Daniels<\/strong>, \u00een cartea\u00a0<em>Inteligen\u021ba rela\u021bional\u0103<\/em>, ne ofer\u0103 un plac de ac\u021biune pentru dezvoltarea \u00een\u021belegerii \u0219i abilit\u0103\u021bilor rela\u021bionale. Plin de idei \u0219i strategii pe care le putem aplica imediat, acest ghid practic ne va ajuta s\u0103 ne \u00eemplinim mai bine scopul \u00een via\u021b\u0103, s\u0103 avans\u0103m \u00een carier\u0103 \u0219i s\u0103 ne ad\u00e2ncim calitatea spiritual\u0103, fizic\u0103 \u0219i emo\u021bional\u0103 a vie\u021bilor noastre.<\/p>","protected":false},"featured_media":34470,"comment_status":"open","ping_status":"closed","template":"","meta":[],"product_brand":[],"product_cat":[377,385],"product_tag":[],"class_list":{"0":"post-34300","1":"product","2":"type-product","3":"status-publish","4":"has-post-thumbnail","6":"product_cat-carti","7":"product_cat-dezvoltare-personala","8":"product_author-dr-dharius-daniels","9":"product_genre-knigi-rom","11":"first","12":"outofstock","13":"shipping-taxable","14":"purchasable","15":"product-type-simple"},"yoast_head":"<!-- This site is optimized with the Yoast SEO plugin v27.3 - https:\/\/yoast.com\/product\/yoast-seo-wordpress\/ -->\n<title>Inteligenta relationala - Societatea Biblic\u0103 din Moldova<\/title>\n<meta name=\"robots\" content=\"index, follow, max-snippet:-1, max-image-preview:large, max-video-preview:-1\" \/>\n<link rel=\"canonical\" href=\"https:\/\/biblia.md\/en\/shop\/inteligenta-relationala\/\" \/>\n<meta property=\"og:locale\" content=\"en_US\" \/>\n<meta property=\"og:type\" content=\"article\" \/>\n<meta property=\"og:title\" content=\"Inteligenta relationala - Societatea Biblic\u0103 din Moldova\" \/>\n<meta property=\"og:description\" content=\"Rela\u021biile tale te trag \u00eenapoi sau te propulseaz\u0103 spre atingerea scopului t\u0103u \u00een via\u021b\u0103? Func\u021bion\u00e2nd drept catalizatoare pentru bun\u0103starea noastr\u0103 general\u0103, rela\u021biile ne influen\u021beaz\u0103 fiecare aspect al vie\u021bii. Dac\u0103 vrem s\u0103 trecem la nivelul urm\u0103tor, trebuie s\u0103 \u00eencepem cu rela\u021biile noastre.  Vorbitor cunoscut \u0219i pastor al unei biserici \u00eenfloritoare \u0219i active,\u00a0dr. Dharius Daniels, \u00een cartea\u00a0Inteligen\u021ba rela\u021bional\u0103, ne ofer\u0103 un plac de ac\u021biune pentru dezvoltarea \u00een\u021belegerii \u0219i abilit\u0103\u021bilor rela\u021bionale. Plin de idei \u0219i strategii pe care le putem aplica imediat, acest ghid practic ne va ajuta s\u0103 ne \u00eemplinim mai bine scopul \u00een via\u021b\u0103, s\u0103 avans\u0103m \u00een carier\u0103 \u0219i s\u0103 ne ad\u00e2ncim calitatea spiritual\u0103, fizic\u0103 \u0219i emo\u021bional\u0103 a vie\u021bilor noastre.\" \/>\n<meta property=\"og:url\" content=\"https:\/\/biblia.md\/en\/shop\/inteligenta-relationala\/\" \/>\n<meta property=\"og:site_name\" content=\"Societatea Biblic\u0103 din Moldova\" \/>\n<meta property=\"article:publisher\" content=\"https:\/\/www.facebook.com\/SocietateaBiblicaMoldova\/\" \/>\n<meta property=\"article:modified_time\" content=\"2026-02-09T21:19:10+00:00\" \/>\n<meta property=\"og:image\" content=\"https:\/\/biblia.md\/wp-content\/uploads\/2026\/02\/inteligenta_relationala_c1.jpg\" \/>\n\t<meta property=\"og:image:width\" content=\"364\" \/>\n\t<meta property=\"og:image:height\" content=\"550\" \/>\n\t<meta property=\"og:image:type\" content=\"image\/jpeg\" \/>\n<meta name=\"twitter:card\" content=\"summary_large_image\" \/>\n<meta name=\"twitter:label1\" content=\"Est. reading time\" \/>\n\t<meta name=\"twitter:data1\" content=\"1 minute\" \/>\n<script type=\"application\/ld+json\" class=\"yoast-schema-graph\">{\"@context\":\"https:\\\/\\\/schema.org\",\"@graph\":[{\"@type\":\"WebPage\",\"@id\":\"https:\\\/\\\/biblia.md\\\/shop\\\/inteligenta-relationala\\\/\",\"url\":\"https:\\\/\\\/biblia.md\\\/shop\\\/inteligenta-relationala\\\/\",\"name\":\"Inteligenta relationala - Societatea Biblic\u0103 din Moldova\",\"isPartOf\":{\"@id\":\"https:\\\/\\\/biblia.md\\\/#website\"},\"primaryImageOfPage\":{\"@id\":\"https:\\\/\\\/biblia.md\\\/shop\\\/inteligenta-relationala\\\/#primaryimage\"},\"image\":{\"@id\":\"https:\\\/\\\/biblia.md\\\/shop\\\/inteligenta-relationala\\\/#primaryimage\"},\"thumbnailUrl\":\"https:\\\/\\\/biblia.md\\\/wp-content\\\/uploads\\\/2026\\\/02\\\/68e31f75-b327-48ca-affa-a249ef1008d3.png\",\"datePublished\":\"2026-02-08T16:31:30+00:00\",\"dateModified\":\"2026-02-09T21:19:10+00:00\",\"breadcrumb\":{\"@id\":\"https:\\\/\\\/biblia.md\\\/shop\\\/inteligenta-relationala\\\/#breadcrumb\"},\"inLanguage\":\"en-US\",\"potentialAction\":[{\"@type\":\"ReadAction\",\"target\":[\"https:\\\/\\\/biblia.md\\\/shop\\\/inteligenta-relationala\\\/\"]}]},{\"@type\":\"ImageObject\",\"inLanguage\":\"en-US\",\"@id\":\"https:\\\/\\\/biblia.md\\\/shop\\\/inteligenta-relationala\\\/#primaryimage\",\"url\":\"https:\\\/\\\/biblia.md\\\/wp-content\\\/uploads\\\/2026\\\/02\\\/68e31f75-b327-48ca-affa-a249ef1008d3.png\",\"contentUrl\":\"https:\\\/\\\/biblia.md\\\/wp-content\\\/uploads\\\/2026\\\/02\\\/68e31f75-b327-48ca-affa-a249ef1008d3.png\",\"width\":1024,\"height\":1536},{\"@type\":\"BreadcrumbList\",\"@id\":\"https:\\\/\\\/biblia.md\\\/shop\\\/inteligenta-relationala\\\/#breadcrumb\",\"itemListElement\":[{\"@type\":\"ListItem\",\"position\":1,\"name\":\"Prima pagin\u0103\",\"item\":\"https:\\\/\\\/biblia.md\\\/\"},{\"@type\":\"ListItem\",\"position\":2,\"name\":\"Shop\",\"item\":\"https:\\\/\\\/biblia.md\\\/shop\\\/\"},{\"@type\":\"ListItem\",\"position\":3,\"name\":\"Inteligenta relationala\"}]},{\"@type\":\"WebSite\",\"@id\":\"https:\\\/\\\/biblia.md\\\/#website\",\"url\":\"https:\\\/\\\/biblia.md\\\/\",\"name\":\"Societatea Biblic\u0103 din Moldova\",\"description\":\"\",\"publisher\":{\"@id\":\"https:\\\/\\\/biblia.md\\\/#organization\"},\"potentialAction\":[{\"@type\":\"SearchAction\",\"target\":{\"@type\":\"EntryPoint\",\"urlTemplate\":\"https:\\\/\\\/biblia.md\\\/?s={search_term_string}\"},\"query-input\":{\"@type\":\"PropertyValueSpecification\",\"valueRequired\":true,\"valueName\":\"search_term_string\"}}],\"inLanguage\":\"en-US\"},{\"@type\":\"Organization\",\"@id\":\"https:\\\/\\\/biblia.md\\\/#organization\",\"name\":\"Societatea Biblic\u0103 din Moldova\",\"url\":\"https:\\\/\\\/biblia.md\\\/\",\"logo\":{\"@type\":\"ImageObject\",\"inLanguage\":\"en-US\",\"@id\":\"https:\\\/\\\/biblia.md\\\/#\\\/schema\\\/logo\\\/image\\\/\",\"url\":\"https:\\\/\\\/biblia.md\\\/wp-content\\\/uploads\\\/2026\\\/01\\\/icon_site.jpg\",\"contentUrl\":\"https:\\\/\\\/biblia.md\\\/wp-content\\\/uploads\\\/2026\\\/01\\\/icon_site.jpg\",\"width\":656,\"height\":656,\"caption\":\"Societatea Biblic\u0103 din Moldova\"},\"image\":{\"@id\":\"https:\\\/\\\/biblia.md\\\/#\\\/schema\\\/logo\\\/image\\\/\"},\"sameAs\":[\"https:\\\/\\\/www.facebook.com\\\/SocietateaBiblicaMoldova\\\/\",\"https:\\\/\\\/www.instagram.com\\\/biblia.md\\\/\"]}]}<\/script>\n<!-- \/ Yoast SEO plugin. -->","yoast_head_json":{"title":"Inteligenta relationala - Societatea Biblic\u0103 din Moldova","robots":{"index":"index","follow":"follow","max-snippet":"max-snippet:-1","max-image-preview":"max-image-preview:large","max-video-preview":"max-video-preview:-1"},"canonical":"https:\/\/biblia.md\/en\/shop\/inteligenta-relationala\/","og_locale":"en_US","og_type":"article","og_title":"Inteligenta relationala - Societatea Biblic\u0103 din Moldova","og_description":"Rela\u021biile tale te trag \u00eenapoi sau te propulseaz\u0103 spre atingerea scopului t\u0103u \u00een via\u021b\u0103? Func\u021bion\u00e2nd drept catalizatoare pentru bun\u0103starea noastr\u0103 general\u0103, rela\u021biile ne influen\u021beaz\u0103 fiecare aspect al vie\u021bii. Dac\u0103 vrem s\u0103 trecem la nivelul urm\u0103tor, trebuie s\u0103 \u00eencepem cu rela\u021biile noastre.  Vorbitor cunoscut \u0219i pastor al unei biserici \u00eenfloritoare \u0219i active,\u00a0dr. Dharius Daniels, \u00een cartea\u00a0Inteligen\u021ba rela\u021bional\u0103, ne ofer\u0103 un plac de ac\u021biune pentru dezvoltarea \u00een\u021belegerii \u0219i abilit\u0103\u021bilor rela\u021bionale. Plin de idei \u0219i strategii pe care le putem aplica imediat, acest ghid practic ne va ajuta s\u0103 ne \u00eemplinim mai bine scopul \u00een via\u021b\u0103, s\u0103 avans\u0103m \u00een carier\u0103 \u0219i s\u0103 ne ad\u00e2ncim calitatea spiritual\u0103, fizic\u0103 \u0219i emo\u021bional\u0103 a vie\u021bilor noastre.","og_url":"https:\/\/biblia.md\/en\/shop\/inteligenta-relationala\/","og_site_name":"Societatea Biblic\u0103 din Moldova","article_publisher":"https:\/\/www.facebook.com\/SocietateaBiblicaMoldova\/","article_modified_time":"2026-02-09T21:19:10+00:00","og_image":[{"width":364,"height":550,"url":"https:\/\/biblia.md\/wp-content\/uploads\/2026\/02\/inteligenta_relationala_c1.jpg","type":"image\/jpeg"}],"twitter_card":"summary_large_image","twitter_misc":{"Est. reading time":"1 minute"},"schema":{"@context":"https:\/\/schema.org","@graph":[{"@type":"WebPage","@id":"https:\/\/biblia.md\/shop\/inteligenta-relationala\/","url":"https:\/\/biblia.md\/shop\/inteligenta-relationala\/","name":"Inteligenta relationala - Societatea Biblic\u0103 din Moldova","isPartOf":{"@id":"https:\/\/biblia.md\/#website"},"primaryImageOfPage":{"@id":"https:\/\/biblia.md\/shop\/inteligenta-relationala\/#primaryimage"},"image":{"@id":"https:\/\/biblia.md\/shop\/inteligenta-relationala\/#primaryimage"},"thumbnailUrl":"https:\/\/biblia.md\/wp-content\/uploads\/2026\/02\/68e31f75-b327-48ca-affa-a249ef1008d3.png","datePublished":"2026-02-08T16:31:30+00:00","dateModified":"2026-02-09T21:19:10+00:00","breadcrumb":{"@id":"https:\/\/biblia.md\/shop\/inteligenta-relationala\/#breadcrumb"},"inLanguage":"en-US","potentialAction":[{"@type":"ReadAction","target":["https:\/\/biblia.md\/shop\/inteligenta-relationala\/"]}]},{"@type":"ImageObject","inLanguage":"en-US","@id":"https:\/\/biblia.md\/shop\/inteligenta-relationala\/#primaryimage","url":"https:\/\/biblia.md\/wp-content\/uploads\/2026\/02\/68e31f75-b327-48ca-affa-a249ef1008d3.png","contentUrl":"https:\/\/biblia.md\/wp-content\/uploads\/2026\/02\/68e31f75-b327-48ca-affa-a249ef1008d3.png","width":1024,"height":1536},{"@type":"BreadcrumbList","@id":"https:\/\/biblia.md\/shop\/inteligenta-relationala\/#breadcrumb","itemListElement":[{"@type":"ListItem","position":1,"name":"Prima pagin\u0103","item":"https:\/\/biblia.md\/"},{"@type":"ListItem","position":2,"name":"Shop","item":"https:\/\/biblia.md\/shop\/"},{"@type":"ListItem","position":3,"name":"Inteligenta relationala"}]},{"@type":"WebSite","@id":"https:\/\/biblia.md\/#website","url":"https:\/\/biblia.md\/","name":"Societatea Biblic\u0103 din Moldova","description":"","publisher":{"@id":"https:\/\/biblia.md\/#organization"},"potentialAction":[{"@type":"SearchAction","target":{"@type":"EntryPoint","urlTemplate":"https:\/\/biblia.md\/?s={search_term_string}"},"query-input":{"@type":"PropertyValueSpecification","valueRequired":true,"valueName":"search_term_string"}}],"inLanguage":"en-US"},{"@type":"Organization","@id":"https:\/\/biblia.md\/#organization","name":"Societatea Biblic\u0103 din Moldova","url":"https:\/\/biblia.md\/","logo":{"@type":"ImageObject","inLanguage":"en-US","@id":"https:\/\/biblia.md\/#\/schema\/logo\/image\/","url":"https:\/\/biblia.md\/wp-content\/uploads\/2026\/01\/icon_site.jpg","contentUrl":"https:\/\/biblia.md\/wp-content\/uploads\/2026\/01\/icon_site.jpg","width":656,"height":656,"caption":"Societatea Biblic\u0103 din Moldova"},"image":{"@id":"https:\/\/biblia.md\/#\/schema\/logo\/image\/"},"sameAs":["https:\/\/www.facebook.com\/SocietateaBiblicaMoldova\/","https:\/\/www.instagram.com\/biblia.md\/"]}]}},"_links":{"self":[{"href":"https:\/\/biblia.md\/en\/wp-json\/wp\/v2\/product\/34300","targetHints":{"allow":["GET"]}}],"collection":[{"href":"https:\/\/biblia.md\/en\/wp-json\/wp\/v2\/product"}],"about":[{"href":"https:\/\/biblia.md\/en\/wp-json\/wp\/v2\/types\/product"}],"replies":[{"embeddable":true,"href":"https:\/\/biblia.md\/en\/wp-json\/wp\/v2\/comments?post=34300"}],"version-history":[{"count":1,"href":"https:\/\/biblia.md\/en\/wp-json\/wp\/v2\/product\/34300\/revisions"}],"predecessor-version":[{"id":34303,"href":"https:\/\/biblia.md\/en\/wp-json\/wp\/v2\/product\/34300\/revisions\/34303"}],"wp:featuredmedia":[{"embeddable":true,"href":"https:\/\/biblia.md\/en\/wp-json\/wp\/v2\/media\/34470"}],"wp:attachment":[{"href":"https:\/\/biblia.md\/en\/wp-json\/wp\/v2\/media?parent=34300"}],"wp:term":[{"taxonomy":"product_brand","embeddable":true,"href":"https:\/\/biblia.md\/en\/wp-json\/wp\/v2\/product_brand?post=34300"},{"taxonomy":"product_cat","embeddable":true,"href":"https:\/\/biblia.md\/en\/wp-json\/wp\/v2\/product_cat?post=34300"},{"taxonomy":"product_tag","embeddable":true,"href":"https:\/\/biblia.md\/en\/wp-json\/wp\/v2\/product_tag?post=34300"}],"curies":[{"name":"wp","href":"https:\/\/api.w.org\/{rel}","templated":true}]}}