{"id":34381,"date":"2026-02-09T16:38:54","date_gmt":"2026-02-09T14:38:54","guid":{"rendered":"https:\/\/biblia.md\/?post_type=product&#038;p=34381"},"modified":"2026-02-09T22:51:16","modified_gmt":"2026-02-09T20:51:16","slug":"invingatorul-imperiul-lui-constantin","status":"publish","type":"product","link":"https:\/\/biblia.md\/en\/shop\/invingatorul-imperiul-lui-constantin\/","title":{"rendered":"Invingatorul &#8211; Seria \u201dImperiul lui Constantin\u201d, Vol. 1"},"content":{"rendered":"<p><strong>Despre autor<\/strong><\/p>\n<p><strong>Bryan Litfin<\/strong>\u00a0este autorul Trilogiei Chiveis, precum \u0219i al mai multor lucr\u0103ri de non-fic\u021biune, inclusiv\u00a0<em>Early Christian Martyr Stories, After Acts<\/em>\u00a0\u0219i\u00a0<em>Getting to Know the Church Fathers.<\/em>\u00a0Fost profesor de teologie la Institutul Biblic Moody, Litfin \u0219i-a ob\u021binut doctoratul \u00een studii religioase la Universitatea din Virginia \u0219i masteratul \u00een teologie istoric\u0103 la Seminarul Teologic din Dallas. \u00cenprezent este editor de achizi\u021bii pentru Moody Publishers. El \u0219i so\u021bia sa au doi copii adul\u021bi \u0219i locuiesc \u00een Wheaton, Illinois.<\/p>","protected":false},"excerpt":{"rendered":"<p>A fi cre\u0219tin niciodat\u0103 nu a fost u\u0219or. Biblia ne avertizeaz\u0103 c\u0103 cre\u0219tinii nu sunt pe placul lumii, dar cum po\u021bi \u201enaviga\u201c pe apele uneori turbulente ale societ\u0103\u021bii, \u00een care, vr\u00e2nd-nevr\u00e2nd trebuie s\u0103 tr\u0103ie\u0219ti? Poate c\u0103 o privire \u00een istorie ne arat\u0103 cum au reu\u0219it cre\u0219tinii s\u0103-\u0219i tr\u0103iasc\u0103 credin\u021ba \u00een mijlocul unei lumi violente, p\u0103g\u00e2ne, \u00een care linia dintre via\u021b\u0103 \u0219i moarte era uneori foarte sub\u021bire. O astfel de perioad\u0103 a fost epoca primilor cre\u0219tini p\u00e2n\u0103 la faimosul Edict de la Milano, emis de \u00eemp\u0103ratul Constantin. Romanul<em>\u00a0\u00cenving\u0103torul<\/em>\u00a0surprinde cr\u00e2mpeie din via\u021ba cotidian\u0103 din Imperiul Roman \u0219i cum s-au \u0219lefuit rela\u021biile cre\u0219tinismului cu puterea politic\u0103. Autorul este un teolog \u0219i un istoric cre\u0219tin \u0219i \u00ee\u0219i urze\u0219te povestirea \u00een jurul unor evenimente \u0219i personaje reale. Este o lectur\u0103 pl\u0103cut\u0103 \u0219i instructiv\u0103. \u0218i nu este dec\u00e2t primul dintr-o trilogie ce urmeaz\u0103.<\/p>\n<p>O \u00eentoarcere \u00een timp \u00een perioada cu impact major \u00een istorie, o perioad\u0103 \u00een care \u00eenchinarea \u00eenaintea zeilor p\u0103g\u00e2ni a cedat tot mai mult teren \u00een fa\u021ba cre\u0219tinismului \u0219i crucea, o \u201enebunie\u201c pentru greci \u0219i romani, cucerea pas cu pas Imperiul.<\/p>\n<p>Anul 309, Roma fierbea. R\u0103zboiul era la por\u021bile cet\u0103\u021bii necucerite de sute de ani. Venit din \u00eendep\u0103rtatele \u021binuturi germanice, barbarul p\u0103g\u00e2n Brandulf Rex se \u00eenroleaz\u0103 ca spion \u00een armata roman\u0103. \u00cen Roma, Junia Flavia, fiic\u0103 de senator, cade victim\u0103 luptelor politice pentru putere \u00een timp ce lupt\u0103 pentru drepturile bisericii.<\/p>\n<p>C\u00e2nd armatele se ciocnesc \u0219i for\u021be dincolo de controlul lor amenin\u021b\u0103 s\u0103 distrug\u0103 tot ce construiser\u0103 p\u00e2n\u0103 atunci, ace\u0219ti doi oameni din lumi at\u00e2t de diferite lupt\u0103 \u00eempreun\u0103 pentru \u00eenl\u0103turarea tiranicului \u00eemp\u0103rat Maxentius. Dar planurile m\u00e2r\u0219ave \u0219i adversarii josnici nu sunt u\u0219or de \u00eenvins.<\/p>\n<p>Vor tr\u0103i destul de mult Flavia \u0219i Rex s\u0103 vad\u0103 imperiul \u00eengenunchind \u00eenaintea lui Cristos? Sau partea lor \u00een victoria lui Constantin va cunoa\u0219te un sf\u00e2r\u0219it prematur \u0219i brutal?<\/p>","protected":false},"featured_media":34464,"comment_status":"open","ping_status":"closed","template":"","meta":[],"product_brand":[],"product_cat":[377,400],"product_tag":[],"class_list":{"0":"post-34381","1":"product","2":"type-product","3":"status-publish","4":"has-post-thumbnail","6":"product_cat-carti","7":"product_cat-romane-povestiri-nuvele","8":"product_author-bryan-litfin","9":"product_genre-knigi-rom","11":"first","12":"instock","13":"shipping-taxable","14":"purchasable","15":"product-type-simple"},"yoast_head":"<!-- This site is optimized with the Yoast SEO plugin v27.3 - https:\/\/yoast.com\/product\/yoast-seo-wordpress\/ -->\n<title>Invingatorul - Seria \u201dImperiul lui Constantin\u201d, Vol. 1 - Societatea Biblic\u0103 din Moldova<\/title>\n<meta name=\"robots\" content=\"index, follow, max-snippet:-1, max-image-preview:large, max-video-preview:-1\" \/>\n<link rel=\"canonical\" href=\"https:\/\/biblia.md\/en\/shop\/invingatorul-imperiul-lui-constantin\/\" \/>\n<meta property=\"og:locale\" content=\"en_US\" \/>\n<meta property=\"og:type\" content=\"article\" \/>\n<meta property=\"og:title\" content=\"Invingatorul - Seria \u201dImperiul lui Constantin\u201d, Vol. 1 - Societatea Biblic\u0103 din Moldova\" \/>\n<meta property=\"og:description\" content=\"A fi cre\u0219tin niciodat\u0103 nu a fost u\u0219or. Biblia ne avertizeaz\u0103 c\u0103 cre\u0219tinii nu sunt pe placul lumii, dar cum po\u021bi \u201enaviga\u201c pe apele uneori turbulente ale societ\u0103\u021bii, \u00een care, vr\u00e2nd-nevr\u00e2nd trebuie s\u0103 tr\u0103ie\u0219ti? Poate c\u0103 o privire \u00een istorie ne arat\u0103 cum au reu\u0219it cre\u0219tinii s\u0103-\u0219i tr\u0103iasc\u0103 credin\u021ba \u00een mijlocul unei lumi violente, p\u0103g\u00e2ne, \u00een care linia dintre via\u021b\u0103 \u0219i moarte era uneori foarte sub\u021bire. O astfel de perioad\u0103 a fost epoca primilor cre\u0219tini p\u00e2n\u0103 la faimosul Edict de la Milano, emis de \u00eemp\u0103ratul Constantin. Romanul\u00a0\u00cenving\u0103torul\u00a0surprinde cr\u00e2mpeie din via\u021ba cotidian\u0103 din Imperiul Roman \u0219i cum s-au \u0219lefuit rela\u021biile cre\u0219tinismului cu puterea politic\u0103. Autorul este un teolog \u0219i un istoric cre\u0219tin \u0219i \u00ee\u0219i urze\u0219te povestirea \u00een jurul unor evenimente \u0219i personaje reale. Este o lectur\u0103 pl\u0103cut\u0103 \u0219i instructiv\u0103. \u0218i nu este dec\u00e2t primul dintr-o trilogie ce urmeaz\u0103.  O \u00eentoarcere \u00een timp \u00een perioada cu impact major \u00een istorie, o perioad\u0103 \u00een care \u00eenchinarea \u00eenaintea zeilor p\u0103g\u00e2ni a cedat tot mai mult teren \u00een fa\u021ba cre\u0219tinismului \u0219i crucea, o \u201enebunie\u201c pentru greci \u0219i romani, cucerea pas cu pas Imperiul.  Anul 309, Roma fierbea. R\u0103zboiul era la por\u021bile cet\u0103\u021bii necucerite de sute de ani. Venit din \u00eendep\u0103rtatele \u021binuturi germanice, barbarul p\u0103g\u00e2n Brandulf Rex se \u00eenroleaz\u0103 ca spion \u00een armata roman\u0103. \u00cen Roma, Junia Flavia, fiic\u0103 de senator, cade victim\u0103 luptelor politice pentru putere \u00een timp ce lupt\u0103 pentru drepturile bisericii.  C\u00e2nd armatele se ciocnesc \u0219i for\u021be dincolo de controlul lor amenin\u021b\u0103 s\u0103 distrug\u0103 tot ce construiser\u0103 p\u00e2n\u0103 atunci, ace\u0219ti doi oameni din lumi at\u00e2t de diferite lupt\u0103 \u00eempreun\u0103 pentru \u00eenl\u0103turarea tiranicului \u00eemp\u0103rat Maxentius. Dar planurile m\u00e2r\u0219ave \u0219i adversarii josnici nu sunt u\u0219or de \u00eenvins.  Vor tr\u0103i destul de mult Flavia \u0219i Rex s\u0103 vad\u0103 imperiul \u00eengenunchind \u00eenaintea lui Cristos? Sau partea lor \u00een victoria lui Constantin va cunoa\u0219te un sf\u00e2r\u0219it prematur \u0219i brutal?\" \/>\n<meta property=\"og:url\" content=\"https:\/\/biblia.md\/en\/shop\/invingatorul-imperiul-lui-constantin\/\" \/>\n<meta property=\"og:site_name\" content=\"Societatea Biblic\u0103 din Moldova\" \/>\n<meta property=\"article:publisher\" content=\"https:\/\/www.facebook.com\/SocietateaBiblicaMoldova\/\" \/>\n<meta property=\"article:modified_time\" content=\"2026-02-09T20:51:16+00:00\" \/>\n<meta property=\"og:image\" content=\"https:\/\/biblia.md\/wp-content\/uploads\/2026\/02\/0000001931.jpg\" \/>\n\t<meta property=\"og:image:width\" content=\"600\" \/>\n\t<meta property=\"og:image:height\" content=\"900\" \/>\n\t<meta property=\"og:image:type\" content=\"image\/jpeg\" \/>\n<meta name=\"twitter:card\" content=\"summary_large_image\" \/>\n<meta name=\"twitter:label1\" content=\"Est. reading time\" \/>\n\t<meta name=\"twitter:data1\" content=\"1 minute\" \/>\n<script type=\"application\/ld+json\" class=\"yoast-schema-graph\">{\"@context\":\"https:\\\/\\\/schema.org\",\"@graph\":[{\"@type\":\"WebPage\",\"@id\":\"https:\\\/\\\/biblia.md\\\/shop\\\/invingatorul-imperiul-lui-constantin\\\/\",\"url\":\"https:\\\/\\\/biblia.md\\\/shop\\\/invingatorul-imperiul-lui-constantin\\\/\",\"name\":\"Invingatorul - Seria \u201dImperiul lui Constantin\u201d, Vol. 1 - Societatea Biblic\u0103 din Moldova\",\"isPartOf\":{\"@id\":\"https:\\\/\\\/biblia.md\\\/#website\"},\"primaryImageOfPage\":{\"@id\":\"https:\\\/\\\/biblia.md\\\/shop\\\/invingatorul-imperiul-lui-constantin\\\/#primaryimage\"},\"image\":{\"@id\":\"https:\\\/\\\/biblia.md\\\/shop\\\/invingatorul-imperiul-lui-constantin\\\/#primaryimage\"},\"thumbnailUrl\":\"https:\\\/\\\/biblia.md\\\/wp-content\\\/uploads\\\/2026\\\/02\\\/03f60663-1894-4a5c-9830-1a26ff3c1551.png\",\"datePublished\":\"2026-02-09T14:38:54+00:00\",\"dateModified\":\"2026-02-09T20:51:16+00:00\",\"breadcrumb\":{\"@id\":\"https:\\\/\\\/biblia.md\\\/shop\\\/invingatorul-imperiul-lui-constantin\\\/#breadcrumb\"},\"inLanguage\":\"en-US\",\"potentialAction\":[{\"@type\":\"ReadAction\",\"target\":[\"https:\\\/\\\/biblia.md\\\/shop\\\/invingatorul-imperiul-lui-constantin\\\/\"]}]},{\"@type\":\"ImageObject\",\"inLanguage\":\"en-US\",\"@id\":\"https:\\\/\\\/biblia.md\\\/shop\\\/invingatorul-imperiul-lui-constantin\\\/#primaryimage\",\"url\":\"https:\\\/\\\/biblia.md\\\/wp-content\\\/uploads\\\/2026\\\/02\\\/03f60663-1894-4a5c-9830-1a26ff3c1551.png\",\"contentUrl\":\"https:\\\/\\\/biblia.md\\\/wp-content\\\/uploads\\\/2026\\\/02\\\/03f60663-1894-4a5c-9830-1a26ff3c1551.png\",\"width\":1024,\"height\":1536},{\"@type\":\"BreadcrumbList\",\"@id\":\"https:\\\/\\\/biblia.md\\\/shop\\\/invingatorul-imperiul-lui-constantin\\\/#breadcrumb\",\"itemListElement\":[{\"@type\":\"ListItem\",\"position\":1,\"name\":\"Prima pagin\u0103\",\"item\":\"https:\\\/\\\/biblia.md\\\/\"},{\"@type\":\"ListItem\",\"position\":2,\"name\":\"Shop\",\"item\":\"https:\\\/\\\/biblia.md\\\/shop\\\/\"},{\"@type\":\"ListItem\",\"position\":3,\"name\":\"Invingatorul &#8211; Seria \u201dImperiul lui Constantin\u201d, Vol. 1\"}]},{\"@type\":\"WebSite\",\"@id\":\"https:\\\/\\\/biblia.md\\\/#website\",\"url\":\"https:\\\/\\\/biblia.md\\\/\",\"name\":\"Societatea Biblic\u0103 din Moldova\",\"description\":\"\",\"publisher\":{\"@id\":\"https:\\\/\\\/biblia.md\\\/#organization\"},\"potentialAction\":[{\"@type\":\"SearchAction\",\"target\":{\"@type\":\"EntryPoint\",\"urlTemplate\":\"https:\\\/\\\/biblia.md\\\/?s={search_term_string}\"},\"query-input\":{\"@type\":\"PropertyValueSpecification\",\"valueRequired\":true,\"valueName\":\"search_term_string\"}}],\"inLanguage\":\"en-US\"},{\"@type\":\"Organization\",\"@id\":\"https:\\\/\\\/biblia.md\\\/#organization\",\"name\":\"Societatea Biblic\u0103 din Moldova\",\"url\":\"https:\\\/\\\/biblia.md\\\/\",\"logo\":{\"@type\":\"ImageObject\",\"inLanguage\":\"en-US\",\"@id\":\"https:\\\/\\\/biblia.md\\\/#\\\/schema\\\/logo\\\/image\\\/\",\"url\":\"https:\\\/\\\/biblia.md\\\/wp-content\\\/uploads\\\/2026\\\/01\\\/icon_site.jpg\",\"contentUrl\":\"https:\\\/\\\/biblia.md\\\/wp-content\\\/uploads\\\/2026\\\/01\\\/icon_site.jpg\",\"width\":656,\"height\":656,\"caption\":\"Societatea Biblic\u0103 din Moldova\"},\"image\":{\"@id\":\"https:\\\/\\\/biblia.md\\\/#\\\/schema\\\/logo\\\/image\\\/\"},\"sameAs\":[\"https:\\\/\\\/www.facebook.com\\\/SocietateaBiblicaMoldova\\\/\",\"https:\\\/\\\/www.instagram.com\\\/biblia.md\\\/\"]}]}<\/script>\n<!-- \/ Yoast SEO plugin. -->","yoast_head_json":{"title":"Invingatorul - Seria \u201dImperiul lui Constantin\u201d, Vol. 1 - Societatea Biblic\u0103 din Moldova","robots":{"index":"index","follow":"follow","max-snippet":"max-snippet:-1","max-image-preview":"max-image-preview:large","max-video-preview":"max-video-preview:-1"},"canonical":"https:\/\/biblia.md\/en\/shop\/invingatorul-imperiul-lui-constantin\/","og_locale":"en_US","og_type":"article","og_title":"Invingatorul - Seria \u201dImperiul lui Constantin\u201d, Vol. 1 - Societatea Biblic\u0103 din Moldova","og_description":"A fi cre\u0219tin niciodat\u0103 nu a fost u\u0219or. Biblia ne avertizeaz\u0103 c\u0103 cre\u0219tinii nu sunt pe placul lumii, dar cum po\u021bi \u201enaviga\u201c pe apele uneori turbulente ale societ\u0103\u021bii, \u00een care, vr\u00e2nd-nevr\u00e2nd trebuie s\u0103 tr\u0103ie\u0219ti? Poate c\u0103 o privire \u00een istorie ne arat\u0103 cum au reu\u0219it cre\u0219tinii s\u0103-\u0219i tr\u0103iasc\u0103 credin\u021ba \u00een mijlocul unei lumi violente, p\u0103g\u00e2ne, \u00een care linia dintre via\u021b\u0103 \u0219i moarte era uneori foarte sub\u021bire. O astfel de perioad\u0103 a fost epoca primilor cre\u0219tini p\u00e2n\u0103 la faimosul Edict de la Milano, emis de \u00eemp\u0103ratul Constantin. Romanul\u00a0\u00cenving\u0103torul\u00a0surprinde cr\u00e2mpeie din via\u021ba cotidian\u0103 din Imperiul Roman \u0219i cum s-au \u0219lefuit rela\u021biile cre\u0219tinismului cu puterea politic\u0103. Autorul este un teolog \u0219i un istoric cre\u0219tin \u0219i \u00ee\u0219i urze\u0219te povestirea \u00een jurul unor evenimente \u0219i personaje reale. Este o lectur\u0103 pl\u0103cut\u0103 \u0219i instructiv\u0103. \u0218i nu este dec\u00e2t primul dintr-o trilogie ce urmeaz\u0103.  O \u00eentoarcere \u00een timp \u00een perioada cu impact major \u00een istorie, o perioad\u0103 \u00een care \u00eenchinarea \u00eenaintea zeilor p\u0103g\u00e2ni a cedat tot mai mult teren \u00een fa\u021ba cre\u0219tinismului \u0219i crucea, o \u201enebunie\u201c pentru greci \u0219i romani, cucerea pas cu pas Imperiul.  Anul 309, Roma fierbea. R\u0103zboiul era la por\u021bile cet\u0103\u021bii necucerite de sute de ani. Venit din \u00eendep\u0103rtatele \u021binuturi germanice, barbarul p\u0103g\u00e2n Brandulf Rex se \u00eenroleaz\u0103 ca spion \u00een armata roman\u0103. \u00cen Roma, Junia Flavia, fiic\u0103 de senator, cade victim\u0103 luptelor politice pentru putere \u00een timp ce lupt\u0103 pentru drepturile bisericii.  C\u00e2nd armatele se ciocnesc \u0219i for\u021be dincolo de controlul lor amenin\u021b\u0103 s\u0103 distrug\u0103 tot ce construiser\u0103 p\u00e2n\u0103 atunci, ace\u0219ti doi oameni din lumi at\u00e2t de diferite lupt\u0103 \u00eempreun\u0103 pentru \u00eenl\u0103turarea tiranicului \u00eemp\u0103rat Maxentius. Dar planurile m\u00e2r\u0219ave \u0219i adversarii josnici nu sunt u\u0219or de \u00eenvins.  Vor tr\u0103i destul de mult Flavia \u0219i Rex s\u0103 vad\u0103 imperiul \u00eengenunchind \u00eenaintea lui Cristos? Sau partea lor \u00een victoria lui Constantin va cunoa\u0219te un sf\u00e2r\u0219it prematur \u0219i brutal?","og_url":"https:\/\/biblia.md\/en\/shop\/invingatorul-imperiul-lui-constantin\/","og_site_name":"Societatea Biblic\u0103 din Moldova","article_publisher":"https:\/\/www.facebook.com\/SocietateaBiblicaMoldova\/","article_modified_time":"2026-02-09T20:51:16+00:00","og_image":[{"width":600,"height":900,"url":"https:\/\/biblia.md\/wp-content\/uploads\/2026\/02\/0000001931.jpg","type":"image\/jpeg"}],"twitter_card":"summary_large_image","twitter_misc":{"Est. reading time":"1 minute"},"schema":{"@context":"https:\/\/schema.org","@graph":[{"@type":"WebPage","@id":"https:\/\/biblia.md\/shop\/invingatorul-imperiul-lui-constantin\/","url":"https:\/\/biblia.md\/shop\/invingatorul-imperiul-lui-constantin\/","name":"Invingatorul - Seria \u201dImperiul lui Constantin\u201d, Vol. 1 - Societatea Biblic\u0103 din Moldova","isPartOf":{"@id":"https:\/\/biblia.md\/#website"},"primaryImageOfPage":{"@id":"https:\/\/biblia.md\/shop\/invingatorul-imperiul-lui-constantin\/#primaryimage"},"image":{"@id":"https:\/\/biblia.md\/shop\/invingatorul-imperiul-lui-constantin\/#primaryimage"},"thumbnailUrl":"https:\/\/biblia.md\/wp-content\/uploads\/2026\/02\/03f60663-1894-4a5c-9830-1a26ff3c1551.png","datePublished":"2026-02-09T14:38:54+00:00","dateModified":"2026-02-09T20:51:16+00:00","breadcrumb":{"@id":"https:\/\/biblia.md\/shop\/invingatorul-imperiul-lui-constantin\/#breadcrumb"},"inLanguage":"en-US","potentialAction":[{"@type":"ReadAction","target":["https:\/\/biblia.md\/shop\/invingatorul-imperiul-lui-constantin\/"]}]},{"@type":"ImageObject","inLanguage":"en-US","@id":"https:\/\/biblia.md\/shop\/invingatorul-imperiul-lui-constantin\/#primaryimage","url":"https:\/\/biblia.md\/wp-content\/uploads\/2026\/02\/03f60663-1894-4a5c-9830-1a26ff3c1551.png","contentUrl":"https:\/\/biblia.md\/wp-content\/uploads\/2026\/02\/03f60663-1894-4a5c-9830-1a26ff3c1551.png","width":1024,"height":1536},{"@type":"BreadcrumbList","@id":"https:\/\/biblia.md\/shop\/invingatorul-imperiul-lui-constantin\/#breadcrumb","itemListElement":[{"@type":"ListItem","position":1,"name":"Prima pagin\u0103","item":"https:\/\/biblia.md\/"},{"@type":"ListItem","position":2,"name":"Shop","item":"https:\/\/biblia.md\/shop\/"},{"@type":"ListItem","position":3,"name":"Invingatorul &#8211; Seria \u201dImperiul lui Constantin\u201d, Vol. 1"}]},{"@type":"WebSite","@id":"https:\/\/biblia.md\/#website","url":"https:\/\/biblia.md\/","name":"Societatea Biblic\u0103 din Moldova","description":"","publisher":{"@id":"https:\/\/biblia.md\/#organization"},"potentialAction":[{"@type":"SearchAction","target":{"@type":"EntryPoint","urlTemplate":"https:\/\/biblia.md\/?s={search_term_string}"},"query-input":{"@type":"PropertyValueSpecification","valueRequired":true,"valueName":"search_term_string"}}],"inLanguage":"en-US"},{"@type":"Organization","@id":"https:\/\/biblia.md\/#organization","name":"Societatea Biblic\u0103 din Moldova","url":"https:\/\/biblia.md\/","logo":{"@type":"ImageObject","inLanguage":"en-US","@id":"https:\/\/biblia.md\/#\/schema\/logo\/image\/","url":"https:\/\/biblia.md\/wp-content\/uploads\/2026\/01\/icon_site.jpg","contentUrl":"https:\/\/biblia.md\/wp-content\/uploads\/2026\/01\/icon_site.jpg","width":656,"height":656,"caption":"Societatea Biblic\u0103 din Moldova"},"image":{"@id":"https:\/\/biblia.md\/#\/schema\/logo\/image\/"},"sameAs":["https:\/\/www.facebook.com\/SocietateaBiblicaMoldova\/","https:\/\/www.instagram.com\/biblia.md\/"]}]}},"_links":{"self":[{"href":"https:\/\/biblia.md\/en\/wp-json\/wp\/v2\/product\/34381","targetHints":{"allow":["GET"]}}],"collection":[{"href":"https:\/\/biblia.md\/en\/wp-json\/wp\/v2\/product"}],"about":[{"href":"https:\/\/biblia.md\/en\/wp-json\/wp\/v2\/types\/product"}],"replies":[{"embeddable":true,"href":"https:\/\/biblia.md\/en\/wp-json\/wp\/v2\/comments?post=34381"}],"version-history":[{"count":2,"href":"https:\/\/biblia.md\/en\/wp-json\/wp\/v2\/product\/34381\/revisions"}],"predecessor-version":[{"id":34389,"href":"https:\/\/biblia.md\/en\/wp-json\/wp\/v2\/product\/34381\/revisions\/34389"}],"wp:featuredmedia":[{"embeddable":true,"href":"https:\/\/biblia.md\/en\/wp-json\/wp\/v2\/media\/34464"}],"wp:attachment":[{"href":"https:\/\/biblia.md\/en\/wp-json\/wp\/v2\/media?parent=34381"}],"wp:term":[{"taxonomy":"product_brand","embeddable":true,"href":"https:\/\/biblia.md\/en\/wp-json\/wp\/v2\/product_brand?post=34381"},{"taxonomy":"product_cat","embeddable":true,"href":"https:\/\/biblia.md\/en\/wp-json\/wp\/v2\/product_cat?post=34381"},{"taxonomy":"product_tag","embeddable":true,"href":"https:\/\/biblia.md\/en\/wp-json\/wp\/v2\/product_tag?post=34381"}],"curies":[{"name":"wp","href":"https:\/\/api.w.org\/{rel}","templated":true}]}}