{"id":34403,"date":"2026-02-09T20:14:07","date_gmt":"2026-02-09T18:14:07","guid":{"rendered":"https:\/\/biblia.md\/?post_type=product&#038;p=34403"},"modified":"2026-02-09T20:14:55","modified_gmt":"2026-02-09T18:14:55","slug":"israel-si-biserica-un-israelian-examineaza-planurile-in-desfasurare-ale-lui-dumnezeu-cu-privire-la-cele-doua-popoare-alese-de-el","status":"publish","type":"product","link":"https:\/\/biblia.md\/en\/shop\/israel-si-biserica-un-israelian-examineaza-planurile-in-desfasurare-ale-lui-dumnezeu-cu-privire-la-cele-doua-popoare-alese-de-el\/","title":{"rendered":"Israel si biserica &#8211; Un israelian examineaz\u0103 planurile \u00een desf\u0103\u0219urare ale lui Dumnezeu cu privire la cele dou\u0103 popoare alese de El"},"content":{"rendered":"","protected":false},"excerpt":{"rendered":"<p><strong>Amir Tsarfati<\/strong>\u00a0relateaza povestea profetica din Biblie, de la Geneza la Apocalipsa si, in proces, isi ajuta cititorii sa inteleaga scopurile si planurile unice ale lui Dumnezeu atat cu privire la Israel, cat si la biserica. Respingerea teologiei inlocuirii de catre el este profunda, si totusi lesne de inteles. Aceasta carte raspunde la o sumedenie de intrebari pe care multi autori profetici se tem sa le adreseze.<\/p>\n<p>Pentru a intelege cu adevarat profetiile din Biblie, trebuie sa intelegem intai cum promisiunile Lui fata de Israel vin in completarea viziunii Lui pentru biserica. Desi unii oameni cred ca Dumnezeu a parasit Israelul pentru biserica, acest lucru vine impotriva naturii Domnului credincios pe care-L vedem in Scripturi.<\/p>\n<p>In cartea de fata,\u00a0<strong>Amir Tsarfati<\/strong>\u00a0\u2013 israelian nativ si autor de bestselleruri \u2013 clarifica ce anume spune Biblia despre planurile supreme ale lui Dumnezeu pentru cele doua grupuri alese de El, Israel si biserica.\u00a0<strong>Amir\u00a0<\/strong>ajunge la miezul unor intrebari-cheie, precum:<\/p>\n<p>\u2022 Promisiunile pe care le-a facut Dumnezeu natiunii Israel se mai aplica si astazi poporului evreu?<br \/>\n\u2022 A inlocuit Dumnezeu poporul Israel cel razvratit cu biserica?<br \/>\n\u2022 Acum ca exista biserica, mai are Israel vreun rol distinct in lumea moderna?<br \/>\n\u2022 In ce fel sunt relevante pentru biserica evenimentele actuale din Israel?<br \/>\n\u2022 Care ar trebui sa fie atitudinea bisericii fata de Israel?<\/p>\n<p><em>Israel si Biserica<\/em>\u00a0ofera o privire fascinanta asupra tuturor lucrurilor pe care le-a pregatit Dumnezeu pentru cele doua popoare alese de El \u2013 si de ce sunt acestea atat de relevante pentru noi astazi!<\/p>","protected":false},"featured_media":34404,"comment_status":"open","ping_status":"closed","template":"","meta":[],"product_brand":[],"product_cat":[377,393],"product_tag":[],"class_list":{"0":"post-34403","1":"product","2":"type-product","3":"status-publish","4":"has-post-thumbnail","6":"product_cat-carti","7":"product_cat-teologie","8":"product_author-amir-tsarfati","9":"product_genre-knigi-rom","11":"first","12":"instock","13":"shipping-taxable","14":"purchasable","15":"product-type-simple"},"yoast_head":"<!-- This site is optimized with the Yoast SEO plugin v27.3 - https:\/\/yoast.com\/product\/yoast-seo-wordpress\/ -->\n<title>Israel si biserica - Un israelian examineaz\u0103 planurile \u00een desf\u0103\u0219urare ale lui Dumnezeu cu privire la cele dou\u0103 popoare alese de El - Societatea Biblic\u0103 din Moldova<\/title>\n<meta name=\"robots\" content=\"index, follow, max-snippet:-1, max-image-preview:large, max-video-preview:-1\" \/>\n<link rel=\"canonical\" href=\"https:\/\/biblia.md\/en\/shop\/israel-si-biserica-un-israelian-examineaza-planurile-in-desfasurare-ale-lui-dumnezeu-cu-privire-la-cele-doua-popoare-alese-de-el\/\" \/>\n<meta property=\"og:locale\" content=\"en_US\" \/>\n<meta property=\"og:type\" content=\"article\" \/>\n<meta property=\"og:title\" content=\"Israel si biserica - Un israelian examineaz\u0103 planurile \u00een desf\u0103\u0219urare ale lui Dumnezeu cu privire la cele dou\u0103 popoare alese de El - Societatea Biblic\u0103 din Moldova\" \/>\n<meta property=\"og:description\" content=\"Amir Tsarfati\u00a0relateaza povestea profetica din Biblie, de la Geneza la Apocalipsa si, in proces, isi ajuta cititorii sa inteleaga scopurile si planurile unice ale lui Dumnezeu atat cu privire la Israel, cat si la biserica. Respingerea teologiei inlocuirii de catre el este profunda, si totusi lesne de inteles. Aceasta carte raspunde la o sumedenie de intrebari pe care multi autori profetici se tem sa le adreseze.  Pentru a intelege cu adevarat profetiile din Biblie, trebuie sa intelegem intai cum promisiunile Lui fata de Israel vin in completarea viziunii Lui pentru biserica. Desi unii oameni cred ca Dumnezeu a parasit Israelul pentru biserica, acest lucru vine impotriva naturii Domnului credincios pe care-L vedem in Scripturi.  In cartea de fata,\u00a0Amir Tsarfati\u00a0\u2013 israelian nativ si autor de bestselleruri \u2013 clarifica ce anume spune Biblia despre planurile supreme ale lui Dumnezeu pentru cele doua grupuri alese de El, Israel si biserica.\u00a0Amir\u00a0ajunge la miezul unor intrebari-cheie, precum:  \u2022 Promisiunile pe care le-a facut Dumnezeu natiunii Israel se mai aplica si astazi poporului evreu? \u2022 A inlocuit Dumnezeu poporul Israel cel razvratit cu biserica? \u2022 Acum ca exista biserica, mai are Israel vreun rol distinct in lumea moderna? \u2022 In ce fel sunt relevante pentru biserica evenimentele actuale din Israel? \u2022 Care ar trebui sa fie atitudinea bisericii fata de Israel?  Israel si Biserica\u00a0ofera o privire fascinanta asupra tuturor lucrurilor pe care le-a pregatit Dumnezeu pentru cele doua popoare alese de El \u2013 si de ce sunt acestea atat de relevante pentru noi astazi!\" \/>\n<meta property=\"og:url\" content=\"https:\/\/biblia.md\/en\/shop\/israel-si-biserica-un-israelian-examineaza-planurile-in-desfasurare-ale-lui-dumnezeu-cu-privire-la-cele-doua-popoare-alese-de-el\/\" \/>\n<meta property=\"og:site_name\" content=\"Societatea Biblic\u0103 din Moldova\" \/>\n<meta property=\"article:publisher\" content=\"https:\/\/www.facebook.com\/SocietateaBiblicaMoldova\/\" \/>\n<meta property=\"article:modified_time\" content=\"2026-02-09T18:14:55+00:00\" \/>\n<meta property=\"og:image\" content=\"https:\/\/biblia.md\/wp-content\/uploads\/2026\/02\/0000000141.jpg\" \/>\n\t<meta property=\"og:image:width\" content=\"500\" \/>\n\t<meta property=\"og:image:height\" content=\"700\" \/>\n\t<meta property=\"og:image:type\" content=\"image\/jpeg\" \/>\n<meta name=\"twitter:card\" content=\"summary_large_image\" \/>\n<meta name=\"twitter:label1\" content=\"Est. reading time\" \/>\n\t<meta name=\"twitter:data1\" content=\"1 minute\" \/>\n<script type=\"application\/ld+json\" class=\"yoast-schema-graph\">{\"@context\":\"https:\\\/\\\/schema.org\",\"@graph\":[{\"@type\":\"WebPage\",\"@id\":\"https:\\\/\\\/biblia.md\\\/shop\\\/israel-si-biserica-un-israelian-examineaza-planurile-in-desfasurare-ale-lui-dumnezeu-cu-privire-la-cele-doua-popoare-alese-de-el\\\/\",\"url\":\"https:\\\/\\\/biblia.md\\\/shop\\\/israel-si-biserica-un-israelian-examineaza-planurile-in-desfasurare-ale-lui-dumnezeu-cu-privire-la-cele-doua-popoare-alese-de-el\\\/\",\"name\":\"Israel si biserica - Un israelian examineaz\u0103 planurile \u00een desf\u0103\u0219urare ale lui Dumnezeu cu privire la cele dou\u0103 popoare alese de El - Societatea Biblic\u0103 din Moldova\",\"isPartOf\":{\"@id\":\"https:\\\/\\\/biblia.md\\\/#website\"},\"primaryImageOfPage\":{\"@id\":\"https:\\\/\\\/biblia.md\\\/shop\\\/israel-si-biserica-un-israelian-examineaza-planurile-in-desfasurare-ale-lui-dumnezeu-cu-privire-la-cele-doua-popoare-alese-de-el\\\/#primaryimage\"},\"image\":{\"@id\":\"https:\\\/\\\/biblia.md\\\/shop\\\/israel-si-biserica-un-israelian-examineaza-planurile-in-desfasurare-ale-lui-dumnezeu-cu-privire-la-cele-doua-popoare-alese-de-el\\\/#primaryimage\"},\"thumbnailUrl\":\"https:\\\/\\\/biblia.md\\\/wp-content\\\/uploads\\\/2026\\\/02\\\/0000000141.jpg\",\"datePublished\":\"2026-02-09T18:14:07+00:00\",\"dateModified\":\"2026-02-09T18:14:55+00:00\",\"breadcrumb\":{\"@id\":\"https:\\\/\\\/biblia.md\\\/shop\\\/israel-si-biserica-un-israelian-examineaza-planurile-in-desfasurare-ale-lui-dumnezeu-cu-privire-la-cele-doua-popoare-alese-de-el\\\/#breadcrumb\"},\"inLanguage\":\"en-US\",\"potentialAction\":[{\"@type\":\"ReadAction\",\"target\":[\"https:\\\/\\\/biblia.md\\\/shop\\\/israel-si-biserica-un-israelian-examineaza-planurile-in-desfasurare-ale-lui-dumnezeu-cu-privire-la-cele-doua-popoare-alese-de-el\\\/\"]}]},{\"@type\":\"ImageObject\",\"inLanguage\":\"en-US\",\"@id\":\"https:\\\/\\\/biblia.md\\\/shop\\\/israel-si-biserica-un-israelian-examineaza-planurile-in-desfasurare-ale-lui-dumnezeu-cu-privire-la-cele-doua-popoare-alese-de-el\\\/#primaryimage\",\"url\":\"https:\\\/\\\/biblia.md\\\/wp-content\\\/uploads\\\/2026\\\/02\\\/0000000141.jpg\",\"contentUrl\":\"https:\\\/\\\/biblia.md\\\/wp-content\\\/uploads\\\/2026\\\/02\\\/0000000141.jpg\",\"width\":500,\"height\":700},{\"@type\":\"BreadcrumbList\",\"@id\":\"https:\\\/\\\/biblia.md\\\/shop\\\/israel-si-biserica-un-israelian-examineaza-planurile-in-desfasurare-ale-lui-dumnezeu-cu-privire-la-cele-doua-popoare-alese-de-el\\\/#breadcrumb\",\"itemListElement\":[{\"@type\":\"ListItem\",\"position\":1,\"name\":\"Prima pagin\u0103\",\"item\":\"https:\\\/\\\/biblia.md\\\/\"},{\"@type\":\"ListItem\",\"position\":2,\"name\":\"Shop\",\"item\":\"https:\\\/\\\/biblia.md\\\/shop\\\/\"},{\"@type\":\"ListItem\",\"position\":3,\"name\":\"Israel si biserica &#8211; Un israelian examineaz\u0103 planurile \u00een desf\u0103\u0219urare ale lui Dumnezeu cu privire la cele dou\u0103 popoare alese de El\"}]},{\"@type\":\"WebSite\",\"@id\":\"https:\\\/\\\/biblia.md\\\/#website\",\"url\":\"https:\\\/\\\/biblia.md\\\/\",\"name\":\"Societatea Biblic\u0103 din Moldova\",\"description\":\"\",\"publisher\":{\"@id\":\"https:\\\/\\\/biblia.md\\\/#organization\"},\"potentialAction\":[{\"@type\":\"SearchAction\",\"target\":{\"@type\":\"EntryPoint\",\"urlTemplate\":\"https:\\\/\\\/biblia.md\\\/?s={search_term_string}\"},\"query-input\":{\"@type\":\"PropertyValueSpecification\",\"valueRequired\":true,\"valueName\":\"search_term_string\"}}],\"inLanguage\":\"en-US\"},{\"@type\":\"Organization\",\"@id\":\"https:\\\/\\\/biblia.md\\\/#organization\",\"name\":\"Societatea Biblic\u0103 din Moldova\",\"url\":\"https:\\\/\\\/biblia.md\\\/\",\"logo\":{\"@type\":\"ImageObject\",\"inLanguage\":\"en-US\",\"@id\":\"https:\\\/\\\/biblia.md\\\/#\\\/schema\\\/logo\\\/image\\\/\",\"url\":\"https:\\\/\\\/biblia.md\\\/wp-content\\\/uploads\\\/2026\\\/01\\\/icon_site.jpg\",\"contentUrl\":\"https:\\\/\\\/biblia.md\\\/wp-content\\\/uploads\\\/2026\\\/01\\\/icon_site.jpg\",\"width\":656,\"height\":656,\"caption\":\"Societatea Biblic\u0103 din Moldova\"},\"image\":{\"@id\":\"https:\\\/\\\/biblia.md\\\/#\\\/schema\\\/logo\\\/image\\\/\"},\"sameAs\":[\"https:\\\/\\\/www.facebook.com\\\/SocietateaBiblicaMoldova\\\/\",\"https:\\\/\\\/www.instagram.com\\\/biblia.md\\\/\"]}]}<\/script>\n<!-- \/ Yoast SEO plugin. -->","yoast_head_json":{"title":"Israel si biserica - Un israelian examineaz\u0103 planurile \u00een desf\u0103\u0219urare ale lui Dumnezeu cu privire la cele dou\u0103 popoare alese de El - Societatea Biblic\u0103 din Moldova","robots":{"index":"index","follow":"follow","max-snippet":"max-snippet:-1","max-image-preview":"max-image-preview:large","max-video-preview":"max-video-preview:-1"},"canonical":"https:\/\/biblia.md\/en\/shop\/israel-si-biserica-un-israelian-examineaza-planurile-in-desfasurare-ale-lui-dumnezeu-cu-privire-la-cele-doua-popoare-alese-de-el\/","og_locale":"en_US","og_type":"article","og_title":"Israel si biserica - Un israelian examineaz\u0103 planurile \u00een desf\u0103\u0219urare ale lui Dumnezeu cu privire la cele dou\u0103 popoare alese de El - Societatea Biblic\u0103 din Moldova","og_description":"Amir Tsarfati\u00a0relateaza povestea profetica din Biblie, de la Geneza la Apocalipsa si, in proces, isi ajuta cititorii sa inteleaga scopurile si planurile unice ale lui Dumnezeu atat cu privire la Israel, cat si la biserica. Respingerea teologiei inlocuirii de catre el este profunda, si totusi lesne de inteles. Aceasta carte raspunde la o sumedenie de intrebari pe care multi autori profetici se tem sa le adreseze.  Pentru a intelege cu adevarat profetiile din Biblie, trebuie sa intelegem intai cum promisiunile Lui fata de Israel vin in completarea viziunii Lui pentru biserica. Desi unii oameni cred ca Dumnezeu a parasit Israelul pentru biserica, acest lucru vine impotriva naturii Domnului credincios pe care-L vedem in Scripturi.  In cartea de fata,\u00a0Amir Tsarfati\u00a0\u2013 israelian nativ si autor de bestselleruri \u2013 clarifica ce anume spune Biblia despre planurile supreme ale lui Dumnezeu pentru cele doua grupuri alese de El, Israel si biserica.\u00a0Amir\u00a0ajunge la miezul unor intrebari-cheie, precum:  \u2022 Promisiunile pe care le-a facut Dumnezeu natiunii Israel se mai aplica si astazi poporului evreu? \u2022 A inlocuit Dumnezeu poporul Israel cel razvratit cu biserica? \u2022 Acum ca exista biserica, mai are Israel vreun rol distinct in lumea moderna? \u2022 In ce fel sunt relevante pentru biserica evenimentele actuale din Israel? \u2022 Care ar trebui sa fie atitudinea bisericii fata de Israel?  Israel si Biserica\u00a0ofera o privire fascinanta asupra tuturor lucrurilor pe care le-a pregatit Dumnezeu pentru cele doua popoare alese de El \u2013 si de ce sunt acestea atat de relevante pentru noi astazi!","og_url":"https:\/\/biblia.md\/en\/shop\/israel-si-biserica-un-israelian-examineaza-planurile-in-desfasurare-ale-lui-dumnezeu-cu-privire-la-cele-doua-popoare-alese-de-el\/","og_site_name":"Societatea Biblic\u0103 din Moldova","article_publisher":"https:\/\/www.facebook.com\/SocietateaBiblicaMoldova\/","article_modified_time":"2026-02-09T18:14:55+00:00","og_image":[{"width":500,"height":700,"url":"https:\/\/biblia.md\/wp-content\/uploads\/2026\/02\/0000000141.jpg","type":"image\/jpeg"}],"twitter_card":"summary_large_image","twitter_misc":{"Est. reading time":"1 minute"},"schema":{"@context":"https:\/\/schema.org","@graph":[{"@type":"WebPage","@id":"https:\/\/biblia.md\/shop\/israel-si-biserica-un-israelian-examineaza-planurile-in-desfasurare-ale-lui-dumnezeu-cu-privire-la-cele-doua-popoare-alese-de-el\/","url":"https:\/\/biblia.md\/shop\/israel-si-biserica-un-israelian-examineaza-planurile-in-desfasurare-ale-lui-dumnezeu-cu-privire-la-cele-doua-popoare-alese-de-el\/","name":"Israel si biserica - Un israelian examineaz\u0103 planurile \u00een desf\u0103\u0219urare ale lui Dumnezeu cu privire la cele dou\u0103 popoare alese de El - Societatea Biblic\u0103 din Moldova","isPartOf":{"@id":"https:\/\/biblia.md\/#website"},"primaryImageOfPage":{"@id":"https:\/\/biblia.md\/shop\/israel-si-biserica-un-israelian-examineaza-planurile-in-desfasurare-ale-lui-dumnezeu-cu-privire-la-cele-doua-popoare-alese-de-el\/#primaryimage"},"image":{"@id":"https:\/\/biblia.md\/shop\/israel-si-biserica-un-israelian-examineaza-planurile-in-desfasurare-ale-lui-dumnezeu-cu-privire-la-cele-doua-popoare-alese-de-el\/#primaryimage"},"thumbnailUrl":"https:\/\/biblia.md\/wp-content\/uploads\/2026\/02\/0000000141.jpg","datePublished":"2026-02-09T18:14:07+00:00","dateModified":"2026-02-09T18:14:55+00:00","breadcrumb":{"@id":"https:\/\/biblia.md\/shop\/israel-si-biserica-un-israelian-examineaza-planurile-in-desfasurare-ale-lui-dumnezeu-cu-privire-la-cele-doua-popoare-alese-de-el\/#breadcrumb"},"inLanguage":"en-US","potentialAction":[{"@type":"ReadAction","target":["https:\/\/biblia.md\/shop\/israel-si-biserica-un-israelian-examineaza-planurile-in-desfasurare-ale-lui-dumnezeu-cu-privire-la-cele-doua-popoare-alese-de-el\/"]}]},{"@type":"ImageObject","inLanguage":"en-US","@id":"https:\/\/biblia.md\/shop\/israel-si-biserica-un-israelian-examineaza-planurile-in-desfasurare-ale-lui-dumnezeu-cu-privire-la-cele-doua-popoare-alese-de-el\/#primaryimage","url":"https:\/\/biblia.md\/wp-content\/uploads\/2026\/02\/0000000141.jpg","contentUrl":"https:\/\/biblia.md\/wp-content\/uploads\/2026\/02\/0000000141.jpg","width":500,"height":700},{"@type":"BreadcrumbList","@id":"https:\/\/biblia.md\/shop\/israel-si-biserica-un-israelian-examineaza-planurile-in-desfasurare-ale-lui-dumnezeu-cu-privire-la-cele-doua-popoare-alese-de-el\/#breadcrumb","itemListElement":[{"@type":"ListItem","position":1,"name":"Prima pagin\u0103","item":"https:\/\/biblia.md\/"},{"@type":"ListItem","position":2,"name":"Shop","item":"https:\/\/biblia.md\/shop\/"},{"@type":"ListItem","position":3,"name":"Israel si biserica &#8211; Un israelian examineaz\u0103 planurile \u00een desf\u0103\u0219urare ale lui Dumnezeu cu privire la cele dou\u0103 popoare alese de El"}]},{"@type":"WebSite","@id":"https:\/\/biblia.md\/#website","url":"https:\/\/biblia.md\/","name":"Societatea Biblic\u0103 din Moldova","description":"","publisher":{"@id":"https:\/\/biblia.md\/#organization"},"potentialAction":[{"@type":"SearchAction","target":{"@type":"EntryPoint","urlTemplate":"https:\/\/biblia.md\/?s={search_term_string}"},"query-input":{"@type":"PropertyValueSpecification","valueRequired":true,"valueName":"search_term_string"}}],"inLanguage":"en-US"},{"@type":"Organization","@id":"https:\/\/biblia.md\/#organization","name":"Societatea Biblic\u0103 din Moldova","url":"https:\/\/biblia.md\/","logo":{"@type":"ImageObject","inLanguage":"en-US","@id":"https:\/\/biblia.md\/#\/schema\/logo\/image\/","url":"https:\/\/biblia.md\/wp-content\/uploads\/2026\/01\/icon_site.jpg","contentUrl":"https:\/\/biblia.md\/wp-content\/uploads\/2026\/01\/icon_site.jpg","width":656,"height":656,"caption":"Societatea Biblic\u0103 din Moldova"},"image":{"@id":"https:\/\/biblia.md\/#\/schema\/logo\/image\/"},"sameAs":["https:\/\/www.facebook.com\/SocietateaBiblicaMoldova\/","https:\/\/www.instagram.com\/biblia.md\/"]}]}},"_links":{"self":[{"href":"https:\/\/biblia.md\/en\/wp-json\/wp\/v2\/product\/34403","targetHints":{"allow":["GET"]}}],"collection":[{"href":"https:\/\/biblia.md\/en\/wp-json\/wp\/v2\/product"}],"about":[{"href":"https:\/\/biblia.md\/en\/wp-json\/wp\/v2\/types\/product"}],"replies":[{"embeddable":true,"href":"https:\/\/biblia.md\/en\/wp-json\/wp\/v2\/comments?post=34403"}],"version-history":[{"count":1,"href":"https:\/\/biblia.md\/en\/wp-json\/wp\/v2\/product\/34403\/revisions"}],"predecessor-version":[{"id":34405,"href":"https:\/\/biblia.md\/en\/wp-json\/wp\/v2\/product\/34403\/revisions\/34405"}],"wp:featuredmedia":[{"embeddable":true,"href":"https:\/\/biblia.md\/en\/wp-json\/wp\/v2\/media\/34404"}],"wp:attachment":[{"href":"https:\/\/biblia.md\/en\/wp-json\/wp\/v2\/media?parent=34403"}],"wp:term":[{"taxonomy":"product_brand","embeddable":true,"href":"https:\/\/biblia.md\/en\/wp-json\/wp\/v2\/product_brand?post=34403"},{"taxonomy":"product_cat","embeddable":true,"href":"https:\/\/biblia.md\/en\/wp-json\/wp\/v2\/product_cat?post=34403"},{"taxonomy":"product_tag","embeddable":true,"href":"https:\/\/biblia.md\/en\/wp-json\/wp\/v2\/product_tag?post=34403"}],"curies":[{"name":"wp","href":"https:\/\/api.w.org\/{rel}","templated":true}]}}