{"id":34533,"date":"2026-02-10T11:20:03","date_gmt":"2026-02-10T09:20:03","guid":{"rendered":"https:\/\/biblia.md\/?post_type=product&#038;p=34533"},"modified":"2026-02-10T11:28:28","modified_gmt":"2026-02-10T09:28:28","slug":"misiunea-inimii-seria-cavalerii-lui-hanger-vol-2","status":"publish","type":"product","link":"https:\/\/biblia.md\/en\/shop\/misiunea-inimii-seria-cavalerii-lui-hanger-vol-2\/","title":{"rendered":"Misiunea inimii &#8211; Seria \u201dCavalerii lui Hanger\u201d, Vol.2"},"content":{"rendered":"","protected":false},"excerpt":{"rendered":"<p>ANI DE ZILE FUSESER\u0102 NI\u0218TE NOMAZI C\u0102UT\u00c2ND S\u0102 FAC\u0102 DREPTATE,<\/p>\n<p>\u00ceNS\u0102 O ULTIM\u0102 MISIUNE LE-AR PUTEA \u00ceNDREPTA INIMILE<\/p>\n<p>SPRE UN LOC PE CARE S\u0102-L NUMEASC\u0102 ACAS\u0102.<\/p>\n<p>Membri ai legendarului grup CAVALERII LUI HANGER, Mark Wallace \u0219i Jonah Brooks ajung \u00een comitatul Llano din Texas pentru a livra un arm\u0103sar, f\u0103r\u0103 s\u0103 se a\u0219tepte c\u0103 vor ajuta la aducerea pe lume a unui copil. R\u0103ma\u0219i cu un bebelu\u0219 \u00een grija lor, ei se \u00eendreapt\u0103 spre un c\u0103min din apropiere unde sunt \u00eengriji\u021bi copii p\u0103r\u0103si\u021bi \u0219i unde Mark o \u00eent\u00e2lne\u0219te pe femeia cu care era pe punctul de a se c\u0103s\u0103tori \u00een urm\u0103 cu zece ani.<\/p>\n<p>Dup\u0103 e\u0219ecul avut \u00een dragoste, Katherine Palmer \u00ee\u0219i dedic\u0103 via\u021ba \u00eengrijirii copiilor, asociindu-se cu Eliza Southerland ca s\u0103 fondeze \u201eCasa Armoniei\u201d. Eliza \u0219tie ce \u00eenseamn\u0103 durerea de a nu corespunde tiparelor societ\u0103\u021bii, de a fi un copil ilegitim \u0219i de a avea p\u0103rin\u021bi de rase diferite. \u00cens\u0103 tocmai acele lucruri sunt atuurile care o conduc spre ajutorarea copiilor respin\u0219i de societate. Taciturnul Jonah \u00eei st\u00e2rne\u0219te interesul prin sfidarea tuturor prejudec\u0103\u021bilor ei despre b\u0103rba\u021bi, \u00eens\u0103, \u00een spatele ochilor lui, se ascund ni\u0219te secrete \u2013 imagini obsedante din r\u0103zboaiele trecute \u0219i din cele care sunt \u00eenc\u0103 purtate.<\/p>\n<p>Atunci c\u00e2nd Cavalerii aud zvonuri despre ni\u0219te copii r\u0103pi\u021bi, ei r\u0103m\u00e2n s\u0103 investigheze, st\u00e2nd \u00een preajma \u201eCasei Armoniei\u201d \u0219i a frumoaselor ei proprietare. Pe m\u0103sur\u0103 ce lucreaz\u0103 \u00eempreun\u0103 la aflarea adev\u0103rului, iubirea \u0219i pericolele merg m\u00e2n\u0103 \u00een m\u00e2n\u0103 p\u00e2n\u0103 \u00een momentul \u00een care un plan sinistru amenin\u021b\u0103 s\u0103-i distrug\u0103 pe to\u021bi.<\/p>","protected":false},"featured_media":34534,"comment_status":"open","ping_status":"closed","template":"","meta":[],"product_brand":[],"product_cat":[377,400],"product_tag":[],"class_list":{"0":"post-34533","1":"product","2":"type-product","3":"status-publish","4":"has-post-thumbnail","6":"product_cat-carti","7":"product_cat-romane-povestiri-nuvele","8":"product_author-karen-witemeyer","9":"product_genre-knigi-rom","11":"first","12":"instock","13":"shipping-taxable","14":"purchasable","15":"product-type-simple"},"yoast_head":"<!-- This site is optimized with the Yoast SEO plugin v27.3 - https:\/\/yoast.com\/product\/yoast-seo-wordpress\/ -->\n<title>Misiunea inimii - Seria \u201dCavalerii lui Hanger\u201d, Vol.2 - Societatea Biblic\u0103 din Moldova<\/title>\n<meta name=\"robots\" content=\"index, follow, max-snippet:-1, max-image-preview:large, max-video-preview:-1\" \/>\n<link rel=\"canonical\" href=\"https:\/\/biblia.md\/en\/shop\/misiunea-inimii-seria-cavalerii-lui-hanger-vol-2\/\" \/>\n<meta property=\"og:locale\" content=\"en_US\" \/>\n<meta property=\"og:type\" content=\"article\" \/>\n<meta property=\"og:title\" content=\"Misiunea inimii - Seria \u201dCavalerii lui Hanger\u201d, Vol.2 - Societatea Biblic\u0103 din Moldova\" \/>\n<meta property=\"og:description\" content=\"ANI DE ZILE FUSESER\u0102 NI\u0218TE NOMAZI C\u0102UT\u00c2ND S\u0102 FAC\u0102 DREPTATE,  \u00ceNS\u0102 O ULTIM\u0102 MISIUNE LE-AR PUTEA \u00ceNDREPTA INIMILE  SPRE UN LOC PE CARE S\u0102-L NUMEASC\u0102 ACAS\u0102.  Membri ai legendarului grup CAVALERII LUI HANGER, Mark Wallace \u0219i Jonah Brooks ajung \u00een comitatul Llano din Texas pentru a livra un arm\u0103sar, f\u0103r\u0103 s\u0103 se a\u0219tepte c\u0103 vor ajuta la aducerea pe lume a unui copil. R\u0103ma\u0219i cu un bebelu\u0219 \u00een grija lor, ei se \u00eendreapt\u0103 spre un c\u0103min din apropiere unde sunt \u00eengriji\u021bi copii p\u0103r\u0103si\u021bi \u0219i unde Mark o \u00eent\u00e2lne\u0219te pe femeia cu care era pe punctul de a se c\u0103s\u0103tori \u00een urm\u0103 cu zece ani.  Dup\u0103 e\u0219ecul avut \u00een dragoste, Katherine Palmer \u00ee\u0219i dedic\u0103 via\u021ba \u00eengrijirii copiilor, asociindu-se cu Eliza Southerland ca s\u0103 fondeze \u201eCasa Armoniei\u201d. Eliza \u0219tie ce \u00eenseamn\u0103 durerea de a nu corespunde tiparelor societ\u0103\u021bii, de a fi un copil ilegitim \u0219i de a avea p\u0103rin\u021bi de rase diferite. \u00cens\u0103 tocmai acele lucruri sunt atuurile care o conduc spre ajutorarea copiilor respin\u0219i de societate. Taciturnul Jonah \u00eei st\u00e2rne\u0219te interesul prin sfidarea tuturor prejudec\u0103\u021bilor ei despre b\u0103rba\u021bi, \u00eens\u0103, \u00een spatele ochilor lui, se ascund ni\u0219te secrete \u2013 imagini obsedante din r\u0103zboaiele trecute \u0219i din cele care sunt \u00eenc\u0103 purtate.  Atunci c\u00e2nd Cavalerii aud zvonuri despre ni\u0219te copii r\u0103pi\u021bi, ei r\u0103m\u00e2n s\u0103 investigheze, st\u00e2nd \u00een preajma \u201eCasei Armoniei\u201d \u0219i a frumoaselor ei proprietare. Pe m\u0103sur\u0103 ce lucreaz\u0103 \u00eempreun\u0103 la aflarea adev\u0103rului, iubirea \u0219i pericolele merg m\u00e2n\u0103 \u00een m\u00e2n\u0103 p\u00e2n\u0103 \u00een momentul \u00een care un plan sinistru amenin\u021b\u0103 s\u0103-i distrug\u0103 pe to\u021bi.\" \/>\n<meta property=\"og:url\" content=\"https:\/\/biblia.md\/en\/shop\/misiunea-inimii-seria-cavalerii-lui-hanger-vol-2\/\" \/>\n<meta property=\"og:site_name\" content=\"Societatea Biblic\u0103 din Moldova\" \/>\n<meta property=\"article:publisher\" content=\"https:\/\/www.facebook.com\/SocietateaBiblicaMoldova\/\" \/>\n<meta property=\"article:modified_time\" content=\"2026-02-10T09:28:28+00:00\" \/>\n<meta property=\"og:image\" content=\"https:\/\/biblia.md\/wp-content\/uploads\/2026\/02\/0000008346.jpg\" \/>\n\t<meta property=\"og:image:width\" content=\"678\" \/>\n\t<meta property=\"og:image:height\" content=\"1000\" \/>\n\t<meta property=\"og:image:type\" content=\"image\/jpeg\" \/>\n<meta name=\"twitter:card\" content=\"summary_large_image\" \/>\n<meta name=\"twitter:label1\" content=\"Est. reading time\" \/>\n\t<meta name=\"twitter:data1\" content=\"1 minute\" \/>\n<script type=\"application\/ld+json\" class=\"yoast-schema-graph\">{\"@context\":\"https:\\\/\\\/schema.org\",\"@graph\":[{\"@type\":\"WebPage\",\"@id\":\"https:\\\/\\\/biblia.md\\\/shop\\\/misiunea-inimii-seria-cavalerii-lui-hanger-vol-2\\\/\",\"url\":\"https:\\\/\\\/biblia.md\\\/shop\\\/misiunea-inimii-seria-cavalerii-lui-hanger-vol-2\\\/\",\"name\":\"Misiunea inimii - Seria \u201dCavalerii lui Hanger\u201d, Vol.2 - Societatea Biblic\u0103 din Moldova\",\"isPartOf\":{\"@id\":\"https:\\\/\\\/biblia.md\\\/#website\"},\"primaryImageOfPage\":{\"@id\":\"https:\\\/\\\/biblia.md\\\/shop\\\/misiunea-inimii-seria-cavalerii-lui-hanger-vol-2\\\/#primaryimage\"},\"image\":{\"@id\":\"https:\\\/\\\/biblia.md\\\/shop\\\/misiunea-inimii-seria-cavalerii-lui-hanger-vol-2\\\/#primaryimage\"},\"thumbnailUrl\":\"https:\\\/\\\/biblia.md\\\/wp-content\\\/uploads\\\/2026\\\/02\\\/0000008346.jpg\",\"datePublished\":\"2026-02-10T09:20:03+00:00\",\"dateModified\":\"2026-02-10T09:28:28+00:00\",\"breadcrumb\":{\"@id\":\"https:\\\/\\\/biblia.md\\\/shop\\\/misiunea-inimii-seria-cavalerii-lui-hanger-vol-2\\\/#breadcrumb\"},\"inLanguage\":\"en-US\",\"potentialAction\":[{\"@type\":\"ReadAction\",\"target\":[\"https:\\\/\\\/biblia.md\\\/shop\\\/misiunea-inimii-seria-cavalerii-lui-hanger-vol-2\\\/\"]}]},{\"@type\":\"ImageObject\",\"inLanguage\":\"en-US\",\"@id\":\"https:\\\/\\\/biblia.md\\\/shop\\\/misiunea-inimii-seria-cavalerii-lui-hanger-vol-2\\\/#primaryimage\",\"url\":\"https:\\\/\\\/biblia.md\\\/wp-content\\\/uploads\\\/2026\\\/02\\\/0000008346.jpg\",\"contentUrl\":\"https:\\\/\\\/biblia.md\\\/wp-content\\\/uploads\\\/2026\\\/02\\\/0000008346.jpg\",\"width\":678,\"height\":1000},{\"@type\":\"BreadcrumbList\",\"@id\":\"https:\\\/\\\/biblia.md\\\/shop\\\/misiunea-inimii-seria-cavalerii-lui-hanger-vol-2\\\/#breadcrumb\",\"itemListElement\":[{\"@type\":\"ListItem\",\"position\":1,\"name\":\"Prima pagin\u0103\",\"item\":\"https:\\\/\\\/biblia.md\\\/\"},{\"@type\":\"ListItem\",\"position\":2,\"name\":\"Shop\",\"item\":\"https:\\\/\\\/biblia.md\\\/shop\\\/\"},{\"@type\":\"ListItem\",\"position\":3,\"name\":\"Misiunea inimii &#8211; Seria \u201dCavalerii lui Hanger\u201d, Vol.2\"}]},{\"@type\":\"WebSite\",\"@id\":\"https:\\\/\\\/biblia.md\\\/#website\",\"url\":\"https:\\\/\\\/biblia.md\\\/\",\"name\":\"Societatea Biblic\u0103 din Moldova\",\"description\":\"\",\"publisher\":{\"@id\":\"https:\\\/\\\/biblia.md\\\/#organization\"},\"potentialAction\":[{\"@type\":\"SearchAction\",\"target\":{\"@type\":\"EntryPoint\",\"urlTemplate\":\"https:\\\/\\\/biblia.md\\\/?s={search_term_string}\"},\"query-input\":{\"@type\":\"PropertyValueSpecification\",\"valueRequired\":true,\"valueName\":\"search_term_string\"}}],\"inLanguage\":\"en-US\"},{\"@type\":\"Organization\",\"@id\":\"https:\\\/\\\/biblia.md\\\/#organization\",\"name\":\"Societatea Biblic\u0103 din Moldova\",\"url\":\"https:\\\/\\\/biblia.md\\\/\",\"logo\":{\"@type\":\"ImageObject\",\"inLanguage\":\"en-US\",\"@id\":\"https:\\\/\\\/biblia.md\\\/#\\\/schema\\\/logo\\\/image\\\/\",\"url\":\"https:\\\/\\\/biblia.md\\\/wp-content\\\/uploads\\\/2026\\\/01\\\/icon_site.jpg\",\"contentUrl\":\"https:\\\/\\\/biblia.md\\\/wp-content\\\/uploads\\\/2026\\\/01\\\/icon_site.jpg\",\"width\":656,\"height\":656,\"caption\":\"Societatea Biblic\u0103 din Moldova\"},\"image\":{\"@id\":\"https:\\\/\\\/biblia.md\\\/#\\\/schema\\\/logo\\\/image\\\/\"},\"sameAs\":[\"https:\\\/\\\/www.facebook.com\\\/SocietateaBiblicaMoldova\\\/\",\"https:\\\/\\\/www.instagram.com\\\/biblia.md\\\/\"]}]}<\/script>\n<!-- \/ Yoast SEO plugin. -->","yoast_head_json":{"title":"Misiunea inimii - Seria \u201dCavalerii lui Hanger\u201d, Vol.2 - Societatea Biblic\u0103 din Moldova","robots":{"index":"index","follow":"follow","max-snippet":"max-snippet:-1","max-image-preview":"max-image-preview:large","max-video-preview":"max-video-preview:-1"},"canonical":"https:\/\/biblia.md\/en\/shop\/misiunea-inimii-seria-cavalerii-lui-hanger-vol-2\/","og_locale":"en_US","og_type":"article","og_title":"Misiunea inimii - Seria \u201dCavalerii lui Hanger\u201d, Vol.2 - Societatea Biblic\u0103 din Moldova","og_description":"ANI DE ZILE FUSESER\u0102 NI\u0218TE NOMAZI C\u0102UT\u00c2ND S\u0102 FAC\u0102 DREPTATE,  \u00ceNS\u0102 O ULTIM\u0102 MISIUNE LE-AR PUTEA \u00ceNDREPTA INIMILE  SPRE UN LOC PE CARE S\u0102-L NUMEASC\u0102 ACAS\u0102.  Membri ai legendarului grup CAVALERII LUI HANGER, Mark Wallace \u0219i Jonah Brooks ajung \u00een comitatul Llano din Texas pentru a livra un arm\u0103sar, f\u0103r\u0103 s\u0103 se a\u0219tepte c\u0103 vor ajuta la aducerea pe lume a unui copil. R\u0103ma\u0219i cu un bebelu\u0219 \u00een grija lor, ei se \u00eendreapt\u0103 spre un c\u0103min din apropiere unde sunt \u00eengriji\u021bi copii p\u0103r\u0103si\u021bi \u0219i unde Mark o \u00eent\u00e2lne\u0219te pe femeia cu care era pe punctul de a se c\u0103s\u0103tori \u00een urm\u0103 cu zece ani.  Dup\u0103 e\u0219ecul avut \u00een dragoste, Katherine Palmer \u00ee\u0219i dedic\u0103 via\u021ba \u00eengrijirii copiilor, asociindu-se cu Eliza Southerland ca s\u0103 fondeze \u201eCasa Armoniei\u201d. Eliza \u0219tie ce \u00eenseamn\u0103 durerea de a nu corespunde tiparelor societ\u0103\u021bii, de a fi un copil ilegitim \u0219i de a avea p\u0103rin\u021bi de rase diferite. \u00cens\u0103 tocmai acele lucruri sunt atuurile care o conduc spre ajutorarea copiilor respin\u0219i de societate. Taciturnul Jonah \u00eei st\u00e2rne\u0219te interesul prin sfidarea tuturor prejudec\u0103\u021bilor ei despre b\u0103rba\u021bi, \u00eens\u0103, \u00een spatele ochilor lui, se ascund ni\u0219te secrete \u2013 imagini obsedante din r\u0103zboaiele trecute \u0219i din cele care sunt \u00eenc\u0103 purtate.  Atunci c\u00e2nd Cavalerii aud zvonuri despre ni\u0219te copii r\u0103pi\u021bi, ei r\u0103m\u00e2n s\u0103 investigheze, st\u00e2nd \u00een preajma \u201eCasei Armoniei\u201d \u0219i a frumoaselor ei proprietare. Pe m\u0103sur\u0103 ce lucreaz\u0103 \u00eempreun\u0103 la aflarea adev\u0103rului, iubirea \u0219i pericolele merg m\u00e2n\u0103 \u00een m\u00e2n\u0103 p\u00e2n\u0103 \u00een momentul \u00een care un plan sinistru amenin\u021b\u0103 s\u0103-i distrug\u0103 pe to\u021bi.","og_url":"https:\/\/biblia.md\/en\/shop\/misiunea-inimii-seria-cavalerii-lui-hanger-vol-2\/","og_site_name":"Societatea Biblic\u0103 din Moldova","article_publisher":"https:\/\/www.facebook.com\/SocietateaBiblicaMoldova\/","article_modified_time":"2026-02-10T09:28:28+00:00","og_image":[{"width":678,"height":1000,"url":"https:\/\/biblia.md\/wp-content\/uploads\/2026\/02\/0000008346.jpg","type":"image\/jpeg"}],"twitter_card":"summary_large_image","twitter_misc":{"Est. reading time":"1 minute"},"schema":{"@context":"https:\/\/schema.org","@graph":[{"@type":"WebPage","@id":"https:\/\/biblia.md\/shop\/misiunea-inimii-seria-cavalerii-lui-hanger-vol-2\/","url":"https:\/\/biblia.md\/shop\/misiunea-inimii-seria-cavalerii-lui-hanger-vol-2\/","name":"Misiunea inimii - Seria \u201dCavalerii lui Hanger\u201d, Vol.2 - Societatea Biblic\u0103 din Moldova","isPartOf":{"@id":"https:\/\/biblia.md\/#website"},"primaryImageOfPage":{"@id":"https:\/\/biblia.md\/shop\/misiunea-inimii-seria-cavalerii-lui-hanger-vol-2\/#primaryimage"},"image":{"@id":"https:\/\/biblia.md\/shop\/misiunea-inimii-seria-cavalerii-lui-hanger-vol-2\/#primaryimage"},"thumbnailUrl":"https:\/\/biblia.md\/wp-content\/uploads\/2026\/02\/0000008346.jpg","datePublished":"2026-02-10T09:20:03+00:00","dateModified":"2026-02-10T09:28:28+00:00","breadcrumb":{"@id":"https:\/\/biblia.md\/shop\/misiunea-inimii-seria-cavalerii-lui-hanger-vol-2\/#breadcrumb"},"inLanguage":"en-US","potentialAction":[{"@type":"ReadAction","target":["https:\/\/biblia.md\/shop\/misiunea-inimii-seria-cavalerii-lui-hanger-vol-2\/"]}]},{"@type":"ImageObject","inLanguage":"en-US","@id":"https:\/\/biblia.md\/shop\/misiunea-inimii-seria-cavalerii-lui-hanger-vol-2\/#primaryimage","url":"https:\/\/biblia.md\/wp-content\/uploads\/2026\/02\/0000008346.jpg","contentUrl":"https:\/\/biblia.md\/wp-content\/uploads\/2026\/02\/0000008346.jpg","width":678,"height":1000},{"@type":"BreadcrumbList","@id":"https:\/\/biblia.md\/shop\/misiunea-inimii-seria-cavalerii-lui-hanger-vol-2\/#breadcrumb","itemListElement":[{"@type":"ListItem","position":1,"name":"Prima pagin\u0103","item":"https:\/\/biblia.md\/"},{"@type":"ListItem","position":2,"name":"Shop","item":"https:\/\/biblia.md\/shop\/"},{"@type":"ListItem","position":3,"name":"Misiunea inimii &#8211; Seria \u201dCavalerii lui Hanger\u201d, Vol.2"}]},{"@type":"WebSite","@id":"https:\/\/biblia.md\/#website","url":"https:\/\/biblia.md\/","name":"Societatea Biblic\u0103 din Moldova","description":"","publisher":{"@id":"https:\/\/biblia.md\/#organization"},"potentialAction":[{"@type":"SearchAction","target":{"@type":"EntryPoint","urlTemplate":"https:\/\/biblia.md\/?s={search_term_string}"},"query-input":{"@type":"PropertyValueSpecification","valueRequired":true,"valueName":"search_term_string"}}],"inLanguage":"en-US"},{"@type":"Organization","@id":"https:\/\/biblia.md\/#organization","name":"Societatea Biblic\u0103 din Moldova","url":"https:\/\/biblia.md\/","logo":{"@type":"ImageObject","inLanguage":"en-US","@id":"https:\/\/biblia.md\/#\/schema\/logo\/image\/","url":"https:\/\/biblia.md\/wp-content\/uploads\/2026\/01\/icon_site.jpg","contentUrl":"https:\/\/biblia.md\/wp-content\/uploads\/2026\/01\/icon_site.jpg","width":656,"height":656,"caption":"Societatea Biblic\u0103 din Moldova"},"image":{"@id":"https:\/\/biblia.md\/#\/schema\/logo\/image\/"},"sameAs":["https:\/\/www.facebook.com\/SocietateaBiblicaMoldova\/","https:\/\/www.instagram.com\/biblia.md\/"]}]}},"_links":{"self":[{"href":"https:\/\/biblia.md\/en\/wp-json\/wp\/v2\/product\/34533","targetHints":{"allow":["GET"]}}],"collection":[{"href":"https:\/\/biblia.md\/en\/wp-json\/wp\/v2\/product"}],"about":[{"href":"https:\/\/biblia.md\/en\/wp-json\/wp\/v2\/types\/product"}],"replies":[{"embeddable":true,"href":"https:\/\/biblia.md\/en\/wp-json\/wp\/v2\/comments?post=34533"}],"version-history":[{"count":1,"href":"https:\/\/biblia.md\/en\/wp-json\/wp\/v2\/product\/34533\/revisions"}],"predecessor-version":[{"id":34535,"href":"https:\/\/biblia.md\/en\/wp-json\/wp\/v2\/product\/34533\/revisions\/34535"}],"wp:featuredmedia":[{"embeddable":true,"href":"https:\/\/biblia.md\/en\/wp-json\/wp\/v2\/media\/34534"}],"wp:attachment":[{"href":"https:\/\/biblia.md\/en\/wp-json\/wp\/v2\/media?parent=34533"}],"wp:term":[{"taxonomy":"product_brand","embeddable":true,"href":"https:\/\/biblia.md\/en\/wp-json\/wp\/v2\/product_brand?post=34533"},{"taxonomy":"product_cat","embeddable":true,"href":"https:\/\/biblia.md\/en\/wp-json\/wp\/v2\/product_cat?post=34533"},{"taxonomy":"product_tag","embeddable":true,"href":"https:\/\/biblia.md\/en\/wp-json\/wp\/v2\/product_tag?post=34533"}],"curies":[{"name":"wp","href":"https:\/\/api.w.org\/{rel}","templated":true}]}}