{"id":34536,"date":"2026-02-10T11:32:28","date_gmt":"2026-02-10T09:32:28","guid":{"rendered":"https:\/\/biblia.md\/?post_type=product&#038;p=34536"},"modified":"2026-02-10T11:32:28","modified_gmt":"2026-02-10T09:32:28","slug":"langa-scriptura-schite-de-predici","status":"publish","type":"product","link":"https:\/\/biblia.md\/en\/shop\/langa-scriptura-schite-de-predici\/","title":{"rendered":"Langa Scriptura &#8211; Schite de predici"},"content":{"rendered":"","protected":false},"excerpt":{"rendered":"<p><strong>CUPRINS:<\/strong><\/p>\n<div>1. Chemarea ta<\/div>\n<div>2. Suta\u0219ul Corneliu<\/div>\n<div>3. ,,O, de-ar l\u0103uda oamenii pe Domnul!\u2019\u2019<\/div>\n<div>4. Psalm profetic<\/div>\n<div>5. Naomi, Rut \u0219i Boaz<\/div>\n<div>6. Despre r\u0103scump\u0103rare<\/div>\n<div>7. C\u0103s\u0103toria lui Boaz cu Rut<\/div>\n<div>8. Cum este Dumnezeul lui Israel?<\/div>\n<div>9. Despre sabat \u00een viziunea lui Isus<\/div>\n<div>10. Buna vestire<\/div>\n<div>11. Rug\u0103ciunea te preg\u0103te\u0219te pentru lucrare<\/div>\n<div>12. Blestemarea smochinului<\/div>\n<div>13. Intrarea lui Isus in Ierusalim (1)<\/div>\n<div>14. Intrarea lui Isus in Ierusalim (2)<\/div>\n<div>15. Intrarea lui Isus in Ierusalim (3)<\/div>\n<div>16. R\u0103stignirea lui Isus<\/div>\n<div>17. Noaptea st\u0103rilor antagonice<\/div>\n<div>18. Despre moartea \u0219i \u00eenvierea Domnului Isus<\/div>\n<div>19. Caracteristici<\/div>\n<div>20. Necredincio\u015fia lui Toma sau necredincio\u015fia noastr\u0103<\/div>\n<div>21. C\u00e2teva aspecte ale oamenilor credincio\u015fi<\/div>\n<div>22. G\u00e2nduri bune, g\u00e2nduri rele<\/div>\n<div>23. Moartea lui Ioan Botez\u0103torul<\/div>\n<div>24. \u00cenmul\u0163irea p\u00e2inilor<\/div>\n<div>25. Umblarea pe mare<\/div>\n<div>26. Sensibilitatea lui Isus<\/div>\n<div>27. Cele patru lucruri descrise de Asaf<\/div>\n<div>28. Cu adev\u0103rat acesta a fost Fiul lui Dumnezeu<\/div>\n<div>29. L\u00e2ng\u0103 Scriptur\u0103<\/div>\n<div>30. L\u0103uda\u0163i pe Domnul<\/div>\n<div>31. N\u0103dejde pentru ve\u015fnicie<\/div>\n<div>32. La casa Domnului<\/div>\n<div>33. \u00cen Atena<\/div>\n<div>34. Efeseni 1<\/div>\n<div>35. Factorii care determin\u0103 \u015federea noastr\u0103 la masa Domnului<\/div>\n<div>36. Lan\u0163uri \u015fi adev\u0103r<\/div>\n<div>37. Slujire \u015fi scop<\/div>\n<div>38. Botezul \u00een ap\u0103<\/div>\n<div>39. Psalmul 114<\/div>\n<div>40. Psalmul 115<\/div>","protected":false},"featured_media":34537,"comment_status":"open","ping_status":"closed","template":"","meta":[],"product_brand":[],"product_cat":[377,394],"product_tag":[],"class_list":{"0":"post-34536","1":"product","2":"type-product","3":"status-publish","4":"has-post-thumbnail","6":"product_cat-carti","7":"product_cat-predici","8":"product_author-petru-deznan","9":"product_genre-knigi-rom","11":"first","12":"instock","13":"shipping-taxable","14":"purchasable","15":"product-type-simple"},"yoast_head":"<!-- This site is optimized with the Yoast SEO plugin v27.3 - https:\/\/yoast.com\/product\/yoast-seo-wordpress\/ -->\n<title>Langa Scriptura - Schite de predici - Societatea Biblic\u0103 din Moldova<\/title>\n<meta name=\"robots\" content=\"index, follow, max-snippet:-1, max-image-preview:large, max-video-preview:-1\" \/>\n<link rel=\"canonical\" href=\"https:\/\/biblia.md\/en\/shop\/langa-scriptura-schite-de-predici\/\" \/>\n<meta property=\"og:locale\" content=\"en_US\" \/>\n<meta property=\"og:type\" content=\"article\" \/>\n<meta property=\"og:title\" content=\"Langa Scriptura - Schite de predici - Societatea Biblic\u0103 din Moldova\" \/>\n<meta property=\"og:description\" content=\"CUPRINS: 1. Chemarea ta 2. Suta\u0219ul Corneliu 3. ,,O, de-ar l\u0103uda oamenii pe Domnul!\u2019\u2019 4. Psalm profetic 5. Naomi, Rut \u0219i Boaz 6. Despre r\u0103scump\u0103rare 7. C\u0103s\u0103toria lui Boaz cu Rut 8. Cum este Dumnezeul lui Israel? 9. Despre sabat \u00een viziunea lui Isus 10. Buna vestire 11. Rug\u0103ciunea te preg\u0103te\u0219te pentru lucrare 12. Blestemarea smochinului 13. Intrarea lui Isus in Ierusalim (1) 14. Intrarea lui Isus in Ierusalim (2) 15. Intrarea lui Isus in Ierusalim (3) 16. R\u0103stignirea lui Isus 17. Noaptea st\u0103rilor antagonice 18. Despre moartea \u0219i \u00eenvierea Domnului Isus 19. Caracteristici 20. Necredincio\u015fia lui Toma sau necredincio\u015fia noastr\u0103 21. C\u00e2teva aspecte ale oamenilor credincio\u015fi 22. G\u00e2nduri bune, g\u00e2nduri rele 23. Moartea lui Ioan Botez\u0103torul 24. \u00cenmul\u0163irea p\u00e2inilor 25. Umblarea pe mare 26. Sensibilitatea lui Isus 27. Cele patru lucruri descrise de Asaf 28. Cu adev\u0103rat acesta a fost Fiul lui Dumnezeu 29. L\u00e2ng\u0103 Scriptur\u0103 30. L\u0103uda\u0163i pe Domnul 31. N\u0103dejde pentru ve\u015fnicie 32. La casa Domnului 33. \u00cen Atena 34. Efeseni 1 35. Factorii care determin\u0103 \u015federea noastr\u0103 la masa Domnului 36. Lan\u0163uri \u015fi adev\u0103r 37. Slujire \u015fi scop 38. Botezul \u00een ap\u0103 39. Psalmul 114 40. Psalmul 115\" \/>\n<meta property=\"og:url\" content=\"https:\/\/biblia.md\/en\/shop\/langa-scriptura-schite-de-predici\/\" \/>\n<meta property=\"og:site_name\" content=\"Societatea Biblic\u0103 din Moldova\" \/>\n<meta property=\"article:publisher\" content=\"https:\/\/www.facebook.com\/SocietateaBiblicaMoldova\/\" \/>\n<meta property=\"og:image\" content=\"https:\/\/biblia.md\/wp-content\/uploads\/2026\/02\/0000008309.jpg\" \/>\n\t<meta property=\"og:image:width\" content=\"400\" \/>\n\t<meta property=\"og:image:height\" content=\"566\" \/>\n\t<meta property=\"og:image:type\" content=\"image\/jpeg\" \/>\n<meta name=\"twitter:card\" content=\"summary_large_image\" \/>\n<meta name=\"twitter:label1\" content=\"Est. reading time\" \/>\n\t<meta name=\"twitter:data1\" content=\"1 minute\" \/>\n<script type=\"application\/ld+json\" class=\"yoast-schema-graph\">{\"@context\":\"https:\\\/\\\/schema.org\",\"@graph\":[{\"@type\":\"WebPage\",\"@id\":\"https:\\\/\\\/biblia.md\\\/shop\\\/langa-scriptura-schite-de-predici\\\/\",\"url\":\"https:\\\/\\\/biblia.md\\\/shop\\\/langa-scriptura-schite-de-predici\\\/\",\"name\":\"Langa Scriptura - Schite de predici - Societatea Biblic\u0103 din Moldova\",\"isPartOf\":{\"@id\":\"https:\\\/\\\/biblia.md\\\/#website\"},\"primaryImageOfPage\":{\"@id\":\"https:\\\/\\\/biblia.md\\\/shop\\\/langa-scriptura-schite-de-predici\\\/#primaryimage\"},\"image\":{\"@id\":\"https:\\\/\\\/biblia.md\\\/shop\\\/langa-scriptura-schite-de-predici\\\/#primaryimage\"},\"thumbnailUrl\":\"https:\\\/\\\/biblia.md\\\/wp-content\\\/uploads\\\/2026\\\/02\\\/0000008309.jpg\",\"datePublished\":\"2026-02-10T09:32:28+00:00\",\"breadcrumb\":{\"@id\":\"https:\\\/\\\/biblia.md\\\/shop\\\/langa-scriptura-schite-de-predici\\\/#breadcrumb\"},\"inLanguage\":\"en-US\",\"potentialAction\":[{\"@type\":\"ReadAction\",\"target\":[\"https:\\\/\\\/biblia.md\\\/shop\\\/langa-scriptura-schite-de-predici\\\/\"]}]},{\"@type\":\"ImageObject\",\"inLanguage\":\"en-US\",\"@id\":\"https:\\\/\\\/biblia.md\\\/shop\\\/langa-scriptura-schite-de-predici\\\/#primaryimage\",\"url\":\"https:\\\/\\\/biblia.md\\\/wp-content\\\/uploads\\\/2026\\\/02\\\/0000008309.jpg\",\"contentUrl\":\"https:\\\/\\\/biblia.md\\\/wp-content\\\/uploads\\\/2026\\\/02\\\/0000008309.jpg\",\"width\":400,\"height\":566},{\"@type\":\"BreadcrumbList\",\"@id\":\"https:\\\/\\\/biblia.md\\\/shop\\\/langa-scriptura-schite-de-predici\\\/#breadcrumb\",\"itemListElement\":[{\"@type\":\"ListItem\",\"position\":1,\"name\":\"Prima pagin\u0103\",\"item\":\"https:\\\/\\\/biblia.md\\\/\"},{\"@type\":\"ListItem\",\"position\":2,\"name\":\"Shop\",\"item\":\"https:\\\/\\\/biblia.md\\\/shop\\\/\"},{\"@type\":\"ListItem\",\"position\":3,\"name\":\"Langa Scriptura &#8211; Schite de predici\"}]},{\"@type\":\"WebSite\",\"@id\":\"https:\\\/\\\/biblia.md\\\/#website\",\"url\":\"https:\\\/\\\/biblia.md\\\/\",\"name\":\"Societatea Biblic\u0103 din Moldova\",\"description\":\"\",\"publisher\":{\"@id\":\"https:\\\/\\\/biblia.md\\\/#organization\"},\"potentialAction\":[{\"@type\":\"SearchAction\",\"target\":{\"@type\":\"EntryPoint\",\"urlTemplate\":\"https:\\\/\\\/biblia.md\\\/?s={search_term_string}\"},\"query-input\":{\"@type\":\"PropertyValueSpecification\",\"valueRequired\":true,\"valueName\":\"search_term_string\"}}],\"inLanguage\":\"en-US\"},{\"@type\":\"Organization\",\"@id\":\"https:\\\/\\\/biblia.md\\\/#organization\",\"name\":\"Societatea Biblic\u0103 din Moldova\",\"url\":\"https:\\\/\\\/biblia.md\\\/\",\"logo\":{\"@type\":\"ImageObject\",\"inLanguage\":\"en-US\",\"@id\":\"https:\\\/\\\/biblia.md\\\/#\\\/schema\\\/logo\\\/image\\\/\",\"url\":\"https:\\\/\\\/biblia.md\\\/wp-content\\\/uploads\\\/2026\\\/01\\\/icon_site.jpg\",\"contentUrl\":\"https:\\\/\\\/biblia.md\\\/wp-content\\\/uploads\\\/2026\\\/01\\\/icon_site.jpg\",\"width\":656,\"height\":656,\"caption\":\"Societatea Biblic\u0103 din Moldova\"},\"image\":{\"@id\":\"https:\\\/\\\/biblia.md\\\/#\\\/schema\\\/logo\\\/image\\\/\"},\"sameAs\":[\"https:\\\/\\\/www.facebook.com\\\/SocietateaBiblicaMoldova\\\/\",\"https:\\\/\\\/www.instagram.com\\\/biblia.md\\\/\"]}]}<\/script>\n<!-- \/ Yoast SEO plugin. -->","yoast_head_json":{"title":"Langa Scriptura - Schite de predici - Societatea Biblic\u0103 din Moldova","robots":{"index":"index","follow":"follow","max-snippet":"max-snippet:-1","max-image-preview":"max-image-preview:large","max-video-preview":"max-video-preview:-1"},"canonical":"https:\/\/biblia.md\/en\/shop\/langa-scriptura-schite-de-predici\/","og_locale":"en_US","og_type":"article","og_title":"Langa Scriptura - Schite de predici - Societatea Biblic\u0103 din Moldova","og_description":"CUPRINS: 1. Chemarea ta 2. Suta\u0219ul Corneliu 3. ,,O, de-ar l\u0103uda oamenii pe Domnul!\u2019\u2019 4. Psalm profetic 5. Naomi, Rut \u0219i Boaz 6. Despre r\u0103scump\u0103rare 7. C\u0103s\u0103toria lui Boaz cu Rut 8. Cum este Dumnezeul lui Israel? 9. Despre sabat \u00een viziunea lui Isus 10. Buna vestire 11. Rug\u0103ciunea te preg\u0103te\u0219te pentru lucrare 12. Blestemarea smochinului 13. Intrarea lui Isus in Ierusalim (1) 14. Intrarea lui Isus in Ierusalim (2) 15. Intrarea lui Isus in Ierusalim (3) 16. R\u0103stignirea lui Isus 17. Noaptea st\u0103rilor antagonice 18. Despre moartea \u0219i \u00eenvierea Domnului Isus 19. Caracteristici 20. Necredincio\u015fia lui Toma sau necredincio\u015fia noastr\u0103 21. C\u00e2teva aspecte ale oamenilor credincio\u015fi 22. G\u00e2nduri bune, g\u00e2nduri rele 23. Moartea lui Ioan Botez\u0103torul 24. \u00cenmul\u0163irea p\u00e2inilor 25. Umblarea pe mare 26. Sensibilitatea lui Isus 27. Cele patru lucruri descrise de Asaf 28. Cu adev\u0103rat acesta a fost Fiul lui Dumnezeu 29. L\u00e2ng\u0103 Scriptur\u0103 30. L\u0103uda\u0163i pe Domnul 31. N\u0103dejde pentru ve\u015fnicie 32. La casa Domnului 33. \u00cen Atena 34. Efeseni 1 35. Factorii care determin\u0103 \u015federea noastr\u0103 la masa Domnului 36. Lan\u0163uri \u015fi adev\u0103r 37. Slujire \u015fi scop 38. Botezul \u00een ap\u0103 39. Psalmul 114 40. Psalmul 115","og_url":"https:\/\/biblia.md\/en\/shop\/langa-scriptura-schite-de-predici\/","og_site_name":"Societatea Biblic\u0103 din Moldova","article_publisher":"https:\/\/www.facebook.com\/SocietateaBiblicaMoldova\/","og_image":[{"width":400,"height":566,"url":"https:\/\/biblia.md\/wp-content\/uploads\/2026\/02\/0000008309.jpg","type":"image\/jpeg"}],"twitter_card":"summary_large_image","twitter_misc":{"Est. reading time":"1 minute"},"schema":{"@context":"https:\/\/schema.org","@graph":[{"@type":"WebPage","@id":"https:\/\/biblia.md\/shop\/langa-scriptura-schite-de-predici\/","url":"https:\/\/biblia.md\/shop\/langa-scriptura-schite-de-predici\/","name":"Langa Scriptura - Schite de predici - Societatea Biblic\u0103 din Moldova","isPartOf":{"@id":"https:\/\/biblia.md\/#website"},"primaryImageOfPage":{"@id":"https:\/\/biblia.md\/shop\/langa-scriptura-schite-de-predici\/#primaryimage"},"image":{"@id":"https:\/\/biblia.md\/shop\/langa-scriptura-schite-de-predici\/#primaryimage"},"thumbnailUrl":"https:\/\/biblia.md\/wp-content\/uploads\/2026\/02\/0000008309.jpg","datePublished":"2026-02-10T09:32:28+00:00","breadcrumb":{"@id":"https:\/\/biblia.md\/shop\/langa-scriptura-schite-de-predici\/#breadcrumb"},"inLanguage":"en-US","potentialAction":[{"@type":"ReadAction","target":["https:\/\/biblia.md\/shop\/langa-scriptura-schite-de-predici\/"]}]},{"@type":"ImageObject","inLanguage":"en-US","@id":"https:\/\/biblia.md\/shop\/langa-scriptura-schite-de-predici\/#primaryimage","url":"https:\/\/biblia.md\/wp-content\/uploads\/2026\/02\/0000008309.jpg","contentUrl":"https:\/\/biblia.md\/wp-content\/uploads\/2026\/02\/0000008309.jpg","width":400,"height":566},{"@type":"BreadcrumbList","@id":"https:\/\/biblia.md\/shop\/langa-scriptura-schite-de-predici\/#breadcrumb","itemListElement":[{"@type":"ListItem","position":1,"name":"Prima pagin\u0103","item":"https:\/\/biblia.md\/"},{"@type":"ListItem","position":2,"name":"Shop","item":"https:\/\/biblia.md\/shop\/"},{"@type":"ListItem","position":3,"name":"Langa Scriptura &#8211; Schite de predici"}]},{"@type":"WebSite","@id":"https:\/\/biblia.md\/#website","url":"https:\/\/biblia.md\/","name":"Societatea Biblic\u0103 din Moldova","description":"","publisher":{"@id":"https:\/\/biblia.md\/#organization"},"potentialAction":[{"@type":"SearchAction","target":{"@type":"EntryPoint","urlTemplate":"https:\/\/biblia.md\/?s={search_term_string}"},"query-input":{"@type":"PropertyValueSpecification","valueRequired":true,"valueName":"search_term_string"}}],"inLanguage":"en-US"},{"@type":"Organization","@id":"https:\/\/biblia.md\/#organization","name":"Societatea Biblic\u0103 din Moldova","url":"https:\/\/biblia.md\/","logo":{"@type":"ImageObject","inLanguage":"en-US","@id":"https:\/\/biblia.md\/#\/schema\/logo\/image\/","url":"https:\/\/biblia.md\/wp-content\/uploads\/2026\/01\/icon_site.jpg","contentUrl":"https:\/\/biblia.md\/wp-content\/uploads\/2026\/01\/icon_site.jpg","width":656,"height":656,"caption":"Societatea Biblic\u0103 din Moldova"},"image":{"@id":"https:\/\/biblia.md\/#\/schema\/logo\/image\/"},"sameAs":["https:\/\/www.facebook.com\/SocietateaBiblicaMoldova\/","https:\/\/www.instagram.com\/biblia.md\/"]}]}},"_links":{"self":[{"href":"https:\/\/biblia.md\/en\/wp-json\/wp\/v2\/product\/34536","targetHints":{"allow":["GET"]}}],"collection":[{"href":"https:\/\/biblia.md\/en\/wp-json\/wp\/v2\/product"}],"about":[{"href":"https:\/\/biblia.md\/en\/wp-json\/wp\/v2\/types\/product"}],"replies":[{"embeddable":true,"href":"https:\/\/biblia.md\/en\/wp-json\/wp\/v2\/comments?post=34536"}],"version-history":[{"count":2,"href":"https:\/\/biblia.md\/en\/wp-json\/wp\/v2\/product\/34536\/revisions"}],"predecessor-version":[{"id":34539,"href":"https:\/\/biblia.md\/en\/wp-json\/wp\/v2\/product\/34536\/revisions\/34539"}],"wp:featuredmedia":[{"embeddable":true,"href":"https:\/\/biblia.md\/en\/wp-json\/wp\/v2\/media\/34537"}],"wp:attachment":[{"href":"https:\/\/biblia.md\/en\/wp-json\/wp\/v2\/media?parent=34536"}],"wp:term":[{"taxonomy":"product_brand","embeddable":true,"href":"https:\/\/biblia.md\/en\/wp-json\/wp\/v2\/product_brand?post=34536"},{"taxonomy":"product_cat","embeddable":true,"href":"https:\/\/biblia.md\/en\/wp-json\/wp\/v2\/product_cat?post=34536"},{"taxonomy":"product_tag","embeddable":true,"href":"https:\/\/biblia.md\/en\/wp-json\/wp\/v2\/product_tag?post=34536"}],"curies":[{"name":"wp","href":"https:\/\/api.w.org\/{rel}","templated":true}]}}