{"id":34749,"date":"2026-02-11T09:57:51","date_gmt":"2026-02-11T07:57:51","guid":{"rendered":"https:\/\/biblia.md\/?post_type=product&#038;p=34749"},"modified":"2026-02-11T09:57:52","modified_gmt":"2026-02-11T07:57:52","slug":"manual-de-consiliere-a-copiilor","status":"publish","type":"product","link":"https:\/\/biblia.md\/en\/shop\/manual-de-consiliere-a-copiilor\/","title":{"rendered":"Manual de consiliere a copiilor"},"content":{"rendered":"<p>Deseori credem c\u0103 ei, copiii, au nevoie de o abordare complet diferit\u0103 fa\u021b\u0103 de cea a adul\u021bilor \u00een consiliere. Este adev\u0103rat, desigur, c\u0103 trebuie s\u0103 adapt\u0103m interac\u021biunile cu ei \u00een func\u021bie de dezvoltarea \u0219i \u00een\u021belegerea copiilor, nu vom vorbi \u0219i nu vom interac\u021biona cu un copil \u00een acela\u0219i mod \u00een care am face-o cu un adult. Dar, \u00een ciuda diferen\u021belor privind modul de comunicare \u0219i metodele prin care \u00eei determin\u0103m s\u0103 se deschid\u0103, observa\u021biile mele dup\u0103 ani de lucru cu copiii demonstreaz\u0103 urm\u0103toarele:<\/p>\n<ul>\n<li>Copiii se lupt\u0103 cu\u00a0<em>acelea\u0219i<\/em>\u00a0dorin\u021be cu care se lupt\u0103 \u0219i adul\u021bii.<\/li>\n<li>Ei sunt atra\u0219i de\u00a0<em>acelea\u0219i<\/em>\u00a0minciuni c\u0103rora le cad prad\u0103 adul\u021bii.<\/li>\n<li>Ei \u00ee\u0219i g\u0103sesc speran\u021ba \u00een\u00a0<em>aceea\u0219i<\/em>\u00a0surs\u0103 \u00een care o g\u0103sesc \u0219i adul\u021bii \u2014 \u00een Domnul \u0219i M\u00e2ntuitorul nostru.<\/li>\n<\/ul>\n<p><em>Dac\u0103 lucrezi cu copii, \u00een orice calitate, ai nevoie de aceast\u0103 carte.\u00a0<\/em><strong><em>Manual de consiliere a copiilor<\/em><\/strong><em>\u00a0este o resurs\u0103 bogat\u0103 \u0219i consistent\u0103 care abordeaz\u0103 o gam\u0103 larg\u0103 de aspecte legate de \u00eengrijirea sufletelor copiilor. El ofer\u0103 o introducere \u00een metodologie \u0219i teorie, pune \u00een discu\u021bie aspecte obi\u0219nuite, dar adesea trecute cu vederea, ale consilierii copiilor \u0219i se ad\u00e2nce\u0219te \u00een cele mai \u00eentunecate provoc\u0103ri cu care se va confrunta un consilier. &#8211;\u00a0<\/em>Curtis Solomon<\/p>\n<p><em>Dac\u0103 \u201etrebuie s\u0103 consiliem copiii?\u201d \u0219i \u201ecum s\u0103 consiliem copiii?\u201d sunt unele din cele mai frecvente \u00eentreb\u0103ri \u00een cadrul mi\u0219c\u0103rii de consiliere biblic\u0103; au existat \u00eens\u0103 pu\u021bine resurse disponibile pe aceast\u0103 tem\u0103. Din fericire, o echip\u0103 de consilieri bine califica\u021bi \u0219i autori de \u00eencredere au lucrat \u00eempreun\u0103 pentru a umple un gol \u00een literatura de consiliere biblic\u0103. Dac\u0103 e\u0219ti consilier \u0219i te-ai str\u0103duit s\u0103 \u00een\u021belegi cum s\u0103-i sluje\u0219ti pe copiii din comunitatea ta, atunci aceast\u0103 resurs\u0103 este o lectur\u0103 obligatorie.\u00a0<\/em>\u00a0&#8211; Rob Green<\/p>\n<p><strong>Cuprins<\/strong><br \/>\n<strong><em>Partea 1:<\/em><\/strong><\/p>\n<p><strong><em>Aspecte fundamentale \u0219i metodologice\u00a0<\/em><\/strong><\/p>\n<p>Sufletul unui copil: o introducere \u00een consilierea copiilor (<em>Amy Baker<\/em>)<\/p>\n<p>Metodologie: elementele cheie \u00een consilierea copiilor (<em>Amy Baker<\/em>)<\/p>\n<p>Consilierea copiilor din grupe de v\u00e2rste diferite: v\u00e2rste \u0219i stadii de dezvoltare (<em>Julie Lowe<\/em>)<br \/>\n<strong><em>Partea 2:<\/em><\/strong><\/p>\n<p><strong><em>Consiliere specific\u0103. Probleme de consiliere\u00a0<\/em><\/strong><br \/>\n<strong>Copiii \u0219i rela\u021biile lor\u00a0<\/strong><\/p>\n<p>Cum s\u0103-i conduci pe copii la Isus (<em>Marty Machowski<\/em>)<\/p>\n<p>Abordarea rela\u021biilor p\u0103rin\u021bi-copii (<em>Jessica Thompson<\/em>)<\/p>\n<p>Cum aju\u021bi un copil \u00een privin\u021ba prieteniilor (<em>Jonathan Holmes<\/em>)<br \/>\n<strong>Copiii \u0219i emo\u021biile lor\u00a0<\/strong><\/p>\n<p>Cum s\u0103 aju\u021bi copiii anxio\u0219i (<em>Julie Lowe<\/em>)<\/p>\n<p>Cum s\u0103-i ajut\u0103m pe copiii m\u00e2nio\u0219i (<em>Michael R. Emlet<\/em>)<\/p>\n<p>Consilierea dup\u0103 o tentativ\u0103 de sinucidere\u00a0(<em>Garrett Higbee<\/em>)<\/p>\n<p>Cum aju\u021bi copiii \u00een privin\u021ba umilirii\u00a0(<em>Edward T. Welch<\/em>)<br \/>\n<strong>Copiii \u0219i trupurile lor\u00a0<\/strong><\/p>\n<p>Cum aju\u021bi copiii \u00een privin\u021ba aspectului fizic (<em>Jocelyn Wallace<\/em>)<\/p>\n<p>Cum s\u0103 le vorbe\u0219ti copiilor despre sex (<em>Kevin Carson<\/em>)<\/p>\n<p>Cum s\u0103 vorbim despre identitatea sexual\u0103 (<em>Tim Geiger, Harvest USA<\/em>)<\/p>\n<p>Cum s\u0103 aju\u021bi copiii care se automutileaz\u0103\u00a0(<em>Charles Hodges<\/em>)<\/p>\n<p>Consilierea copiilor care sufer\u0103 de o boal\u0103\u00a0(<em>Joni and Friends<\/em>)<\/p>\n<p>Consilierea copiilor cu dizabilit\u0103\u021bi (<em>Joni and Friends<\/em>)<br \/>\n<strong>Copiii \u0219i traumele\u00a0<\/strong><\/p>\n<p>Cum s\u0103 ajut\u0103m copiii abuza\u021bi\u00a0 (<em>Amy Baker<\/em>)<\/p>\n<p>Consilierea copiilor dup\u0103 divor\u021b (<em>Amy Baker<\/em>)<\/p>\n<p>\u00cenfruntarea mor\u021bii \u0219i a durerii: speran\u021b\u0103 \u0219i ajutor\u00a0pentru copiii \u00eendurera\u021bi (<em>Bob Kellemen<\/em>)<\/p>\n<p>Consilierea copiilor care nu locuiesc cu p\u0103rin\u021bii\u00a0lor biologici (<em>Pam Bauer<\/em>)<\/p>","protected":false},"excerpt":{"rendered":"<p>Acest manual \u00ee\u0219i propune s\u0103-i echipeze pe consilieri, p\u0103rin\u021bi, pastori \u0219i al\u021bi asisten\u021bi care iubesc copiii, cu resursele, informa\u021biile \u0219i mai ales contextul biblic necesar pentru o consiliere eficient\u0103. Editat\u0103 de consilierul \u0219i autoarea Amy Baker, aceast\u0103 resurs\u0103 esen\u021bial\u0103 \u00eencepe cu o prezentare general\u0103 a principiilor fundamentale pentru consilierea copiilor, ca, mai apoi, s\u0103 abordeze o gam\u0103 variat\u0103 de probleme specifice cu care se confrunt\u0103 copiii, inclusiv: anxietatea, furia, abuzul, g\u00e2ndurile \u0219i ac\u021biunile suicidale, automutilarea, divor\u021bul p\u0103rin\u021bilor, ru\u0219inea, durerea, handicapul, boala \u0219i multe altele.<\/p>\n<p><strong>Pentru copii, luptele, dorin\u0163ele \u0219i speran\u0163ele nu sunt diferite de ale noastre, ale adul\u0163ilor.<br \/>\nPrin urmare, sfaturile pe care le oferim ar trebui s\u0103-i conduc\u0103 \u00een acela\u0219i loc:<br \/>\nEvanghelia lui Isus Hristos.<\/strong><\/p>\n<p>A-i consilia pe copii \u0219i adolescen\u021bi poate s\u0103 fie un demers dificil \u0219i anevoios. Cum pot fi \u00eent\u00e2mpinate nevoile \u0219i durerile lor, t\u0103cerile \u0219i r\u0103zvr\u0103tirile lor astfel \u00eenc\u00e2t discu\u021bia \u0219i inima lor s\u0103 fie condus\u0103 spre Hristos: Calea, Adev\u0103rul \u0219i Via\u021ba?<\/p>\n<p>Acest manual \u00ee\u0219i propune s\u0103-i echipeze pe consilieri, p\u0103rin\u021bi, pastori \u0219i al\u021bi asisten\u021bi care iubesc copiii, cu resursele, informa\u021biile \u0219i mai ales contextul biblic necesar pentru o consiliere eficient\u0103. Editat\u0103 de consilierul \u0219i autoarea Amy Baker, aceast\u0103 resurs\u0103 esen\u021bial\u0103 \u00eencepe cu o prezentare general\u0103 a principiilor fundamentale pentru consilierea copiilor, ca, mai apoi, s\u0103 abordeze o gam\u0103 variat\u0103 de probleme specifice cu care se confrunt\u0103 copiii, inclusiv: anxietatea, furia, abuzul, g\u00e2ndurile \u0219i ac\u021biunile suicidale, automutilarea, divor\u021bul p\u0103rin\u021bilor, ru\u0219inea, durerea, handicapul, boala \u0219i multe altele.<\/p>","protected":false},"featured_media":34751,"comment_status":"open","ping_status":"closed","template":"","meta":[],"product_brand":[],"product_cat":[377,391,396],"product_tag":[],"class_list":{"0":"post-34749","1":"product","2":"type-product","3":"status-publish","4":"has-post-thumbnail","6":"product_cat-carti","7":"product_cat-consiliere-biblica","8":"product_cat-parinti","9":"product_author-amy-baker","10":"product_genre-knigi-rom","12":"first","13":"instock","14":"shipping-taxable","15":"purchasable","16":"product-type-simple"},"yoast_head":"<!-- This site is optimized with the Yoast SEO plugin v27.3 - https:\/\/yoast.com\/product\/yoast-seo-wordpress\/ -->\n<title>Manual de consiliere a copiilor - Societatea Biblic\u0103 din Moldova<\/title>\n<meta name=\"robots\" content=\"index, follow, max-snippet:-1, max-image-preview:large, max-video-preview:-1\" \/>\n<link rel=\"canonical\" href=\"https:\/\/biblia.md\/en\/shop\/manual-de-consiliere-a-copiilor\/\" \/>\n<meta property=\"og:locale\" content=\"en_US\" \/>\n<meta property=\"og:type\" content=\"article\" \/>\n<meta property=\"og:title\" content=\"Manual de consiliere a copiilor - Societatea Biblic\u0103 din Moldova\" \/>\n<meta property=\"og:description\" content=\"Acest manual \u00ee\u0219i propune s\u0103-i echipeze pe consilieri, p\u0103rin\u021bi, pastori \u0219i al\u021bi asisten\u021bi care iubesc copiii, cu resursele, informa\u021biile \u0219i mai ales contextul biblic necesar pentru o consiliere eficient\u0103. Editat\u0103 de consilierul \u0219i autoarea Amy Baker, aceast\u0103 resurs\u0103 esen\u021bial\u0103 \u00eencepe cu o prezentare general\u0103 a principiilor fundamentale pentru consilierea copiilor, ca, mai apoi, s\u0103 abordeze o gam\u0103 variat\u0103 de probleme specifice cu care se confrunt\u0103 copiii, inclusiv: anxietatea, furia, abuzul, g\u00e2ndurile \u0219i ac\u021biunile suicidale, automutilarea, divor\u021bul p\u0103rin\u021bilor, ru\u0219inea, durerea, handicapul, boala \u0219i multe altele.  Pentru copii, luptele, dorin\u0163ele \u0219i speran\u0163ele nu sunt diferite de ale noastre, ale adul\u0163ilor. Prin urmare, sfaturile pe care le oferim ar trebui s\u0103-i conduc\u0103 \u00een acela\u0219i loc: Evanghelia lui Isus Hristos.  A-i consilia pe copii \u0219i adolescen\u021bi poate s\u0103 fie un demers dificil \u0219i anevoios. Cum pot fi \u00eent\u00e2mpinate nevoile \u0219i durerile lor, t\u0103cerile \u0219i r\u0103zvr\u0103tirile lor astfel \u00eenc\u00e2t discu\u021bia \u0219i inima lor s\u0103 fie condus\u0103 spre Hristos: Calea, Adev\u0103rul \u0219i Via\u021ba?  Acest manual \u00ee\u0219i propune s\u0103-i echipeze pe consilieri, p\u0103rin\u021bi, pastori \u0219i al\u021bi asisten\u021bi care iubesc copiii, cu resursele, informa\u021biile \u0219i mai ales contextul biblic necesar pentru o consiliere eficient\u0103. Editat\u0103 de consilierul \u0219i autoarea Amy Baker, aceast\u0103 resurs\u0103 esen\u021bial\u0103 \u00eencepe cu o prezentare general\u0103 a principiilor fundamentale pentru consilierea copiilor, ca, mai apoi, s\u0103 abordeze o gam\u0103 variat\u0103 de probleme specifice cu care se confrunt\u0103 copiii, inclusiv: anxietatea, furia, abuzul, g\u00e2ndurile \u0219i ac\u021biunile suicidale, automutilarea, divor\u021bul p\u0103rin\u021bilor, ru\u0219inea, durerea, handicapul, boala \u0219i multe altele.\" \/>\n<meta property=\"og:url\" content=\"https:\/\/biblia.md\/en\/shop\/manual-de-consiliere-a-copiilor\/\" \/>\n<meta property=\"og:site_name\" content=\"Societatea Biblic\u0103 din Moldova\" \/>\n<meta property=\"article:publisher\" content=\"https:\/\/www.facebook.com\/SocietateaBiblicaMoldova\/\" \/>\n<meta property=\"article:modified_time\" content=\"2026-02-11T07:57:52+00:00\" \/>\n<meta property=\"og:image\" content=\"https:\/\/biblia.md\/wp-content\/uploads\/2026\/02\/0000008311.png\" \/>\n\t<meta property=\"og:image:width\" content=\"475\" \/>\n\t<meta property=\"og:image:height\" content=\"700\" \/>\n\t<meta property=\"og:image:type\" content=\"image\/png\" \/>\n<meta name=\"twitter:card\" content=\"summary_large_image\" \/>\n<meta name=\"twitter:label1\" content=\"Est. reading time\" \/>\n\t<meta name=\"twitter:data1\" content=\"3 minutes\" \/>\n<script type=\"application\/ld+json\" class=\"yoast-schema-graph\">{\"@context\":\"https:\\\/\\\/schema.org\",\"@graph\":[{\"@type\":\"WebPage\",\"@id\":\"https:\\\/\\\/biblia.md\\\/shop\\\/manual-de-consiliere-a-copiilor\\\/\",\"url\":\"https:\\\/\\\/biblia.md\\\/shop\\\/manual-de-consiliere-a-copiilor\\\/\",\"name\":\"Manual de consiliere a copiilor - Societatea Biblic\u0103 din Moldova\",\"isPartOf\":{\"@id\":\"https:\\\/\\\/biblia.md\\\/#website\"},\"primaryImageOfPage\":{\"@id\":\"https:\\\/\\\/biblia.md\\\/shop\\\/manual-de-consiliere-a-copiilor\\\/#primaryimage\"},\"image\":{\"@id\":\"https:\\\/\\\/biblia.md\\\/shop\\\/manual-de-consiliere-a-copiilor\\\/#primaryimage\"},\"thumbnailUrl\":\"https:\\\/\\\/biblia.md\\\/wp-content\\\/uploads\\\/2026\\\/02\\\/0000008311.png\",\"datePublished\":\"2026-02-11T07:57:51+00:00\",\"dateModified\":\"2026-02-11T07:57:52+00:00\",\"breadcrumb\":{\"@id\":\"https:\\\/\\\/biblia.md\\\/shop\\\/manual-de-consiliere-a-copiilor\\\/#breadcrumb\"},\"inLanguage\":\"en-US\",\"potentialAction\":[{\"@type\":\"ReadAction\",\"target\":[\"https:\\\/\\\/biblia.md\\\/shop\\\/manual-de-consiliere-a-copiilor\\\/\"]}]},{\"@type\":\"ImageObject\",\"inLanguage\":\"en-US\",\"@id\":\"https:\\\/\\\/biblia.md\\\/shop\\\/manual-de-consiliere-a-copiilor\\\/#primaryimage\",\"url\":\"https:\\\/\\\/biblia.md\\\/wp-content\\\/uploads\\\/2026\\\/02\\\/0000008311.png\",\"contentUrl\":\"https:\\\/\\\/biblia.md\\\/wp-content\\\/uploads\\\/2026\\\/02\\\/0000008311.png\",\"width\":475,\"height\":700},{\"@type\":\"BreadcrumbList\",\"@id\":\"https:\\\/\\\/biblia.md\\\/shop\\\/manual-de-consiliere-a-copiilor\\\/#breadcrumb\",\"itemListElement\":[{\"@type\":\"ListItem\",\"position\":1,\"name\":\"Prima pagin\u0103\",\"item\":\"https:\\\/\\\/biblia.md\\\/\"},{\"@type\":\"ListItem\",\"position\":2,\"name\":\"Shop\",\"item\":\"https:\\\/\\\/biblia.md\\\/shop\\\/\"},{\"@type\":\"ListItem\",\"position\":3,\"name\":\"Manual de consiliere a copiilor\"}]},{\"@type\":\"WebSite\",\"@id\":\"https:\\\/\\\/biblia.md\\\/#website\",\"url\":\"https:\\\/\\\/biblia.md\\\/\",\"name\":\"Societatea Biblic\u0103 din Moldova\",\"description\":\"\",\"publisher\":{\"@id\":\"https:\\\/\\\/biblia.md\\\/#organization\"},\"potentialAction\":[{\"@type\":\"SearchAction\",\"target\":{\"@type\":\"EntryPoint\",\"urlTemplate\":\"https:\\\/\\\/biblia.md\\\/?s={search_term_string}\"},\"query-input\":{\"@type\":\"PropertyValueSpecification\",\"valueRequired\":true,\"valueName\":\"search_term_string\"}}],\"inLanguage\":\"en-US\"},{\"@type\":\"Organization\",\"@id\":\"https:\\\/\\\/biblia.md\\\/#organization\",\"name\":\"Societatea Biblic\u0103 din Moldova\",\"url\":\"https:\\\/\\\/biblia.md\\\/\",\"logo\":{\"@type\":\"ImageObject\",\"inLanguage\":\"en-US\",\"@id\":\"https:\\\/\\\/biblia.md\\\/#\\\/schema\\\/logo\\\/image\\\/\",\"url\":\"https:\\\/\\\/biblia.md\\\/wp-content\\\/uploads\\\/2026\\\/01\\\/icon_site.jpg\",\"contentUrl\":\"https:\\\/\\\/biblia.md\\\/wp-content\\\/uploads\\\/2026\\\/01\\\/icon_site.jpg\",\"width\":656,\"height\":656,\"caption\":\"Societatea Biblic\u0103 din Moldova\"},\"image\":{\"@id\":\"https:\\\/\\\/biblia.md\\\/#\\\/schema\\\/logo\\\/image\\\/\"},\"sameAs\":[\"https:\\\/\\\/www.facebook.com\\\/SocietateaBiblicaMoldova\\\/\",\"https:\\\/\\\/www.instagram.com\\\/biblia.md\\\/\"]}]}<\/script>\n<!-- \/ Yoast SEO plugin. -->","yoast_head_json":{"title":"Manual de consiliere a copiilor - Societatea Biblic\u0103 din Moldova","robots":{"index":"index","follow":"follow","max-snippet":"max-snippet:-1","max-image-preview":"max-image-preview:large","max-video-preview":"max-video-preview:-1"},"canonical":"https:\/\/biblia.md\/en\/shop\/manual-de-consiliere-a-copiilor\/","og_locale":"en_US","og_type":"article","og_title":"Manual de consiliere a copiilor - Societatea Biblic\u0103 din Moldova","og_description":"Acest manual \u00ee\u0219i propune s\u0103-i echipeze pe consilieri, p\u0103rin\u021bi, pastori \u0219i al\u021bi asisten\u021bi care iubesc copiii, cu resursele, informa\u021biile \u0219i mai ales contextul biblic necesar pentru o consiliere eficient\u0103. Editat\u0103 de consilierul \u0219i autoarea Amy Baker, aceast\u0103 resurs\u0103 esen\u021bial\u0103 \u00eencepe cu o prezentare general\u0103 a principiilor fundamentale pentru consilierea copiilor, ca, mai apoi, s\u0103 abordeze o gam\u0103 variat\u0103 de probleme specifice cu care se confrunt\u0103 copiii, inclusiv: anxietatea, furia, abuzul, g\u00e2ndurile \u0219i ac\u021biunile suicidale, automutilarea, divor\u021bul p\u0103rin\u021bilor, ru\u0219inea, durerea, handicapul, boala \u0219i multe altele.  Pentru copii, luptele, dorin\u0163ele \u0219i speran\u0163ele nu sunt diferite de ale noastre, ale adul\u0163ilor. Prin urmare, sfaturile pe care le oferim ar trebui s\u0103-i conduc\u0103 \u00een acela\u0219i loc: Evanghelia lui Isus Hristos.  A-i consilia pe copii \u0219i adolescen\u021bi poate s\u0103 fie un demers dificil \u0219i anevoios. Cum pot fi \u00eent\u00e2mpinate nevoile \u0219i durerile lor, t\u0103cerile \u0219i r\u0103zvr\u0103tirile lor astfel \u00eenc\u00e2t discu\u021bia \u0219i inima lor s\u0103 fie condus\u0103 spre Hristos: Calea, Adev\u0103rul \u0219i Via\u021ba?  Acest manual \u00ee\u0219i propune s\u0103-i echipeze pe consilieri, p\u0103rin\u021bi, pastori \u0219i al\u021bi asisten\u021bi care iubesc copiii, cu resursele, informa\u021biile \u0219i mai ales contextul biblic necesar pentru o consiliere eficient\u0103. Editat\u0103 de consilierul \u0219i autoarea Amy Baker, aceast\u0103 resurs\u0103 esen\u021bial\u0103 \u00eencepe cu o prezentare general\u0103 a principiilor fundamentale pentru consilierea copiilor, ca, mai apoi, s\u0103 abordeze o gam\u0103 variat\u0103 de probleme specifice cu care se confrunt\u0103 copiii, inclusiv: anxietatea, furia, abuzul, g\u00e2ndurile \u0219i ac\u021biunile suicidale, automutilarea, divor\u021bul p\u0103rin\u021bilor, ru\u0219inea, durerea, handicapul, boala \u0219i multe altele.","og_url":"https:\/\/biblia.md\/en\/shop\/manual-de-consiliere-a-copiilor\/","og_site_name":"Societatea Biblic\u0103 din Moldova","article_publisher":"https:\/\/www.facebook.com\/SocietateaBiblicaMoldova\/","article_modified_time":"2026-02-11T07:57:52+00:00","og_image":[{"width":475,"height":700,"url":"https:\/\/biblia.md\/wp-content\/uploads\/2026\/02\/0000008311.png","type":"image\/png"}],"twitter_card":"summary_large_image","twitter_misc":{"Est. reading time":"3 minutes"},"schema":{"@context":"https:\/\/schema.org","@graph":[{"@type":"WebPage","@id":"https:\/\/biblia.md\/shop\/manual-de-consiliere-a-copiilor\/","url":"https:\/\/biblia.md\/shop\/manual-de-consiliere-a-copiilor\/","name":"Manual de consiliere a copiilor - Societatea Biblic\u0103 din Moldova","isPartOf":{"@id":"https:\/\/biblia.md\/#website"},"primaryImageOfPage":{"@id":"https:\/\/biblia.md\/shop\/manual-de-consiliere-a-copiilor\/#primaryimage"},"image":{"@id":"https:\/\/biblia.md\/shop\/manual-de-consiliere-a-copiilor\/#primaryimage"},"thumbnailUrl":"https:\/\/biblia.md\/wp-content\/uploads\/2026\/02\/0000008311.png","datePublished":"2026-02-11T07:57:51+00:00","dateModified":"2026-02-11T07:57:52+00:00","breadcrumb":{"@id":"https:\/\/biblia.md\/shop\/manual-de-consiliere-a-copiilor\/#breadcrumb"},"inLanguage":"en-US","potentialAction":[{"@type":"ReadAction","target":["https:\/\/biblia.md\/shop\/manual-de-consiliere-a-copiilor\/"]}]},{"@type":"ImageObject","inLanguage":"en-US","@id":"https:\/\/biblia.md\/shop\/manual-de-consiliere-a-copiilor\/#primaryimage","url":"https:\/\/biblia.md\/wp-content\/uploads\/2026\/02\/0000008311.png","contentUrl":"https:\/\/biblia.md\/wp-content\/uploads\/2026\/02\/0000008311.png","width":475,"height":700},{"@type":"BreadcrumbList","@id":"https:\/\/biblia.md\/shop\/manual-de-consiliere-a-copiilor\/#breadcrumb","itemListElement":[{"@type":"ListItem","position":1,"name":"Prima pagin\u0103","item":"https:\/\/biblia.md\/"},{"@type":"ListItem","position":2,"name":"Shop","item":"https:\/\/biblia.md\/shop\/"},{"@type":"ListItem","position":3,"name":"Manual de consiliere a copiilor"}]},{"@type":"WebSite","@id":"https:\/\/biblia.md\/#website","url":"https:\/\/biblia.md\/","name":"Societatea Biblic\u0103 din Moldova","description":"","publisher":{"@id":"https:\/\/biblia.md\/#organization"},"potentialAction":[{"@type":"SearchAction","target":{"@type":"EntryPoint","urlTemplate":"https:\/\/biblia.md\/?s={search_term_string}"},"query-input":{"@type":"PropertyValueSpecification","valueRequired":true,"valueName":"search_term_string"}}],"inLanguage":"en-US"},{"@type":"Organization","@id":"https:\/\/biblia.md\/#organization","name":"Societatea Biblic\u0103 din Moldova","url":"https:\/\/biblia.md\/","logo":{"@type":"ImageObject","inLanguage":"en-US","@id":"https:\/\/biblia.md\/#\/schema\/logo\/image\/","url":"https:\/\/biblia.md\/wp-content\/uploads\/2026\/01\/icon_site.jpg","contentUrl":"https:\/\/biblia.md\/wp-content\/uploads\/2026\/01\/icon_site.jpg","width":656,"height":656,"caption":"Societatea Biblic\u0103 din Moldova"},"image":{"@id":"https:\/\/biblia.md\/#\/schema\/logo\/image\/"},"sameAs":["https:\/\/www.facebook.com\/SocietateaBiblicaMoldova\/","https:\/\/www.instagram.com\/biblia.md\/"]}]}},"_links":{"self":[{"href":"https:\/\/biblia.md\/en\/wp-json\/wp\/v2\/product\/34749","targetHints":{"allow":["GET"]}}],"collection":[{"href":"https:\/\/biblia.md\/en\/wp-json\/wp\/v2\/product"}],"about":[{"href":"https:\/\/biblia.md\/en\/wp-json\/wp\/v2\/types\/product"}],"replies":[{"embeddable":true,"href":"https:\/\/biblia.md\/en\/wp-json\/wp\/v2\/comments?post=34749"}],"version-history":[{"count":1,"href":"https:\/\/biblia.md\/en\/wp-json\/wp\/v2\/product\/34749\/revisions"}],"predecessor-version":[{"id":34754,"href":"https:\/\/biblia.md\/en\/wp-json\/wp\/v2\/product\/34749\/revisions\/34754"}],"wp:featuredmedia":[{"embeddable":true,"href":"https:\/\/biblia.md\/en\/wp-json\/wp\/v2\/media\/34751"}],"wp:attachment":[{"href":"https:\/\/biblia.md\/en\/wp-json\/wp\/v2\/media?parent=34749"}],"wp:term":[{"taxonomy":"product_brand","embeddable":true,"href":"https:\/\/biblia.md\/en\/wp-json\/wp\/v2\/product_brand?post=34749"},{"taxonomy":"product_cat","embeddable":true,"href":"https:\/\/biblia.md\/en\/wp-json\/wp\/v2\/product_cat?post=34749"},{"taxonomy":"product_tag","embeddable":true,"href":"https:\/\/biblia.md\/en\/wp-json\/wp\/v2\/product_tag?post=34749"}],"curies":[{"name":"wp","href":"https:\/\/api.w.org\/{rel}","templated":true}]}}