{"id":34968,"date":"2026-02-17T16:04:55","date_gmt":"2026-02-17T14:04:55","guid":{"rendered":"https:\/\/biblia.md\/?post_type=product&#038;p=34968"},"modified":"2026-02-17T16:04:55","modified_gmt":"2026-02-17T14:04:55","slug":"minciunile-care-ne-sunt-spuse-adevarul-pe-care-trebuie-sa-il-sustinem","status":"publish","type":"product","link":"https:\/\/biblia.md\/en\/shop\/minciunile-care-ne-sunt-spuse-adevarul-pe-care-trebuie-sa-il-sustinem\/","title":{"rendered":"Minciunile care ne sunt spuse, adev\u0103rul pe care trebuie s\u0103 \u00eel sus\u021binem"},"content":{"rendered":"<p>&#8211; John MacArthur, pastor, Grace Community Church, Sun Valley, California. Rector, The Master\u2019s University and Seminary<\/p>\n<p>&#8230;o performan\u021b\u0103 remarcabil\u0103: abordeaz\u0103 minciunile pe care cultura noastr\u0103 le exalt\u0103 \u00een prezent ca adev\u0103r \u0219i face acest lucru \u00eentr-un mod care trece peste pr\u0103pastia dintre genera\u021bii&#8230;<\/p>\n<p>&#8211; Carl R. Trueman, profesor, Grove City College, Pennsylvania, Membru \u00een Ethics and Public Policy Center, DC<\/p>\n<p>Oricine caut\u0103 s\u0103 \u00een\u021beleag\u0103 de ce societatea pare s\u0103 se destrame \u0219i ce putem face \u00een acest sens trebuie s\u0103 citeasc\u0103 aceast\u0103 carte.<\/p>\n<p>&#8211; Wayne Grudem, renumit profesor \u0219i cercet\u0103tor \u00een teologie \u0219i studii biblice, Phoenix Seminary, Arizona<\/p>\n<p>Sharon James a deslu\u0219it cu claritate \u0219i for\u021b\u0103 at\u00e2t sfera minciunii \u0219i pe sus\u021bin\u0103torii ei de frunte, c\u00e2t \u0219i sfera adev\u0103rului \u0219i revela\u021bia Dumnezeului s\u0103u ca furnizor al iubirii, drept\u0103\u021bii \u0219i r\u0103scump\u0103r\u0103rii.<\/p>\n<p>&#8211; Tom J. Nettles, profesor principal de teologie istoric\u0103, The Southern Baptist Theological Seminary, Louisville, Kentucky<\/p>\n<p><strong>CUPRINS<\/strong><\/p>\n<p>Mul\u021bumiri<\/p>\n<p>Lista tabelelor \u0219i a ilustra\u021biilor<\/p>\n<p>ezumatele capitolelor<\/p>\n<p>Prefa\u021b\u0103<\/p>\n<p>Introducere<\/p>\n<p>Partea 1: Minciunile care ne sunt spuse<br \/>\n1 \u201eNu exist\u0103 Dumnezeu \u0219i moralitate absolut\u0103\u201d<\/p>\n<p>2 \u201eNu exist\u0103 Dumnezeu\u201d: De la ateism, la lag\u0103rele de exterminare<\/p>\n<p>Ludwig Feuerbach (1804-1872): Dumnezeu este doar o p\u0103turic\u0103 de alinare<br \/>\nCharles Darwin (1809-1882): a f\u0103cut ateismul posibil din punct de vedere intelectual<br \/>\nKarl Marx (1818-1883): R\u0103sturnarea vechii societ\u0103\u021bi<br \/>\nDe la vis la co\u0219mar<br \/>\n3 \u201eNu exist\u0103 o moralitate absolut\u0103\u201d: de la relativism la absen\u021ba paternit\u0103\u021bii<\/p>\n<p>Friedrich Nietzsche (1844-1900): Nu exist\u0103 o moralitate transcendent\u0103<br \/>\nSigmund Freud (1856-1939): A fi om \u00eenseamn\u0103 a fi sexual<br \/>\nWilhelm Reich (1897-1957): P\u0103rintele revolu\u021biei sexuale<br \/>\nMargaret Sanger (1879-1966): Sexul ca m\u00e2ntuire.<br \/>\nEliberarea sexual\u0103: Triumf sau tragedie?<br \/>\n4 \u201eNu exist\u0103 un adev\u0103r universal\u201d: Moartea bunului sim\u021b<\/p>\n<p>5 \u201eNu exist\u0103 umanitate universal\u0103\u201d:<br \/>\nDiviza\u021bi, c\u0103dem<\/p>\n<p>6 Profe\u021bii fal\u0219i: \u00cencercarea de a compromite biserica<\/p>\n<p>Partea a-2-a: Adev\u0103rul pe care trebuie s\u0103 \u00eel sus\u021binem<br \/>\n7 Perspectiva biblic\u0103 asupra lumii: Fundamentul adev\u0103rului, al libert\u0103\u021bii \u0219i al demnit\u0103\u021bii<\/p>\n<p>Dumnezeu Creatorul<br \/>\nCrea\u021bi dup\u0103 chipul S\u0103u<br \/>\nTo\u021bi suntem p\u0103c\u0103to\u0219i<br \/>\nTo\u021bi putem fi ierta\u021bi<\/p>\n<p>8 Perspectiva biblic\u0103 asupra lumii: Fundamentul prosper\u0103rii umane<\/p>\n<p>Planul cel bun al lui Dumnezeu: Familia<br \/>\nPlanul cel bun al lui Dumnezeu: Munca<br \/>\nPlanul cel bun al lui Dumnezeu: Comunit\u0103\u021bile<br \/>\nPlanul cel bun al lui Dumnezeu: Na\u021biunile<\/p>\n<p>9 Perspectiva biblic\u0103 asupra lumii: Cristos este Rege &#8211; Speran\u021b\u0103 pentru viitor<\/p>\n<p>10 Ce ar trebui s\u0103 fac acum?<br \/>\nLecturi suplimentare<\/p>\n<p><strong>Sharon James<\/strong>\u00a0este autoare a mai multor c\u0103r\u021bi \u0219i a sus\u021binut prelegeri \u00een cadrul unor conferin\u021be din multe \u021b\u0103ri ale lumii. A studiat istoria la Universitatea din Cambridge \u0219i teologia la Seminarul Baptist din Toronto.\u00a0 Studiile doctorale \u0219i le-a finalizat la Universitatea \u021a\u0103rii Galilor. Sharon este c\u0103s\u0103torit\u0103 cu Bill, rectorul Seminarului Teologic din Londra, \u0219i lucreaz\u0103 pentru The Christian Institute.<\/p>","protected":false},"excerpt":{"rendered":"<p>Suntem \u00eenconjura\u021bi de minciuni. Ele sunt \u00eencorporate \u00een viziunea noastr\u0103 cultural\u0103 asupra lumii. Examin\u00e2nd dovezile istoriei, Sharon James eviden\u021biaz\u0103 consecin\u021bele aplic\u0103rii unor neadev\u0103ruri periculoase. De asemenea, ea se \u00eendreapt\u0103 spre adev\u0103rul care duce la eliberare \u0219i dreptate real\u0103 \u0219i arat\u0103 de ce nu trebuie s\u0103 ne fie ru\u0219ine de Cristos sau s\u0103 fim intimida\u021bi de afirma\u021biile celor care se opun cu \u00eenc\u0103p\u0103\u021b\u00e2nare Bibliei. Aceast\u0103 carte \u00ee\u0219i propune s\u0103 \u00eei echipeze pe cre\u0219tini pentru a naviga pe c\u00e2mpul minat al afirma\u021biilor curente. Pentru a \u00een\u021belege semnifica\u021bia noastr\u0103 uman\u0103 inerent\u0103, pentru a cunoa\u0219te libertatea autentic\u0103 \u0219i pentru a lucra pentru o justi\u021bie real\u0103, trebuie s\u0103 cunoa\u0219tem adev\u0103rul.<\/p>\n<p>Recomand cu t\u0103rie aceast\u0103 lucrare!<\/p>","protected":false},"featured_media":34969,"comment_status":"open","ping_status":"closed","template":"","meta":[],"product_brand":[],"product_cat":[377,388],"product_tag":[],"class_list":{"0":"post-34968","1":"product","2":"type-product","3":"status-publish","4":"has-post-thumbnail","6":"product_cat-carti","7":"product_cat-viata-crestina","8":"product_author-sharon-james","9":"product_genre-knigi-rom","11":"first","12":"instock","13":"shipping-taxable","14":"purchasable","15":"product-type-simple"},"yoast_head":"<!-- This site is optimized with the Yoast SEO plugin v27.3 - https:\/\/yoast.com\/product\/yoast-seo-wordpress\/ -->\n<title>Minciunile care ne sunt spuse, adev\u0103rul pe care trebuie s\u0103 \u00eel sus\u021binem - Societatea Biblic\u0103 din Moldova<\/title>\n<meta name=\"robots\" content=\"index, follow, max-snippet:-1, max-image-preview:large, max-video-preview:-1\" \/>\n<link rel=\"canonical\" href=\"https:\/\/biblia.md\/en\/shop\/minciunile-care-ne-sunt-spuse-adevarul-pe-care-trebuie-sa-il-sustinem\/\" \/>\n<meta property=\"og:locale\" content=\"en_US\" \/>\n<meta property=\"og:type\" content=\"article\" \/>\n<meta property=\"og:title\" content=\"Minciunile care ne sunt spuse, adev\u0103rul pe care trebuie s\u0103 \u00eel sus\u021binem - Societatea Biblic\u0103 din Moldova\" \/>\n<meta property=\"og:description\" content=\"Suntem \u00eenconjura\u021bi de minciuni. Ele sunt \u00eencorporate \u00een viziunea noastr\u0103 cultural\u0103 asupra lumii. Examin\u00e2nd dovezile istoriei, Sharon James eviden\u021biaz\u0103 consecin\u021bele aplic\u0103rii unor neadev\u0103ruri periculoase. De asemenea, ea se \u00eendreapt\u0103 spre adev\u0103rul care duce la eliberare \u0219i dreptate real\u0103 \u0219i arat\u0103 de ce nu trebuie s\u0103 ne fie ru\u0219ine de Cristos sau s\u0103 fim intimida\u021bi de afirma\u021biile celor care se opun cu \u00eenc\u0103p\u0103\u021b\u00e2nare Bibliei. Aceast\u0103 carte \u00ee\u0219i propune s\u0103 \u00eei echipeze pe cre\u0219tini pentru a naviga pe c\u00e2mpul minat al afirma\u021biilor curente. Pentru a \u00een\u021belege semnifica\u021bia noastr\u0103 uman\u0103 inerent\u0103, pentru a cunoa\u0219te libertatea autentic\u0103 \u0219i pentru a lucra pentru o justi\u021bie real\u0103, trebuie s\u0103 cunoa\u0219tem adev\u0103rul.  Recomand cu t\u0103rie aceast\u0103 lucrare!\" \/>\n<meta property=\"og:url\" content=\"https:\/\/biblia.md\/en\/shop\/minciunile-care-ne-sunt-spuse-adevarul-pe-care-trebuie-sa-il-sustinem\/\" \/>\n<meta property=\"og:site_name\" content=\"Societatea Biblic\u0103 din Moldova\" \/>\n<meta property=\"article:publisher\" content=\"https:\/\/www.facebook.com\/SocietateaBiblicaMoldova\/\" \/>\n<meta property=\"og:image\" content=\"https:\/\/biblia.md\/wp-content\/uploads\/2026\/02\/0000008285.jpg\" \/>\n\t<meta property=\"og:image:width\" content=\"468\" \/>\n\t<meta property=\"og:image:height\" content=\"700\" \/>\n\t<meta property=\"og:image:type\" content=\"image\/jpeg\" \/>\n<meta name=\"twitter:card\" content=\"summary_large_image\" \/>\n<meta name=\"twitter:label1\" content=\"Est. reading time\" \/>\n\t<meta name=\"twitter:data1\" content=\"3 minutes\" \/>\n<script type=\"application\/ld+json\" class=\"yoast-schema-graph\">{\"@context\":\"https:\\\/\\\/schema.org\",\"@graph\":[{\"@type\":\"WebPage\",\"@id\":\"https:\\\/\\\/biblia.md\\\/shop\\\/minciunile-care-ne-sunt-spuse-adevarul-pe-care-trebuie-sa-il-sustinem\\\/\",\"url\":\"https:\\\/\\\/biblia.md\\\/shop\\\/minciunile-care-ne-sunt-spuse-adevarul-pe-care-trebuie-sa-il-sustinem\\\/\",\"name\":\"Minciunile care ne sunt spuse, adev\u0103rul pe care trebuie s\u0103 \u00eel sus\u021binem - Societatea Biblic\u0103 din Moldova\",\"isPartOf\":{\"@id\":\"https:\\\/\\\/biblia.md\\\/#website\"},\"primaryImageOfPage\":{\"@id\":\"https:\\\/\\\/biblia.md\\\/shop\\\/minciunile-care-ne-sunt-spuse-adevarul-pe-care-trebuie-sa-il-sustinem\\\/#primaryimage\"},\"image\":{\"@id\":\"https:\\\/\\\/biblia.md\\\/shop\\\/minciunile-care-ne-sunt-spuse-adevarul-pe-care-trebuie-sa-il-sustinem\\\/#primaryimage\"},\"thumbnailUrl\":\"https:\\\/\\\/biblia.md\\\/wp-content\\\/uploads\\\/2026\\\/02\\\/0000008285.jpg\",\"datePublished\":\"2026-02-17T14:04:55+00:00\",\"breadcrumb\":{\"@id\":\"https:\\\/\\\/biblia.md\\\/shop\\\/minciunile-care-ne-sunt-spuse-adevarul-pe-care-trebuie-sa-il-sustinem\\\/#breadcrumb\"},\"inLanguage\":\"en-US\",\"potentialAction\":[{\"@type\":\"ReadAction\",\"target\":[\"https:\\\/\\\/biblia.md\\\/shop\\\/minciunile-care-ne-sunt-spuse-adevarul-pe-care-trebuie-sa-il-sustinem\\\/\"]}]},{\"@type\":\"ImageObject\",\"inLanguage\":\"en-US\",\"@id\":\"https:\\\/\\\/biblia.md\\\/shop\\\/minciunile-care-ne-sunt-spuse-adevarul-pe-care-trebuie-sa-il-sustinem\\\/#primaryimage\",\"url\":\"https:\\\/\\\/biblia.md\\\/wp-content\\\/uploads\\\/2026\\\/02\\\/0000008285.jpg\",\"contentUrl\":\"https:\\\/\\\/biblia.md\\\/wp-content\\\/uploads\\\/2026\\\/02\\\/0000008285.jpg\",\"width\":468,\"height\":700},{\"@type\":\"BreadcrumbList\",\"@id\":\"https:\\\/\\\/biblia.md\\\/shop\\\/minciunile-care-ne-sunt-spuse-adevarul-pe-care-trebuie-sa-il-sustinem\\\/#breadcrumb\",\"itemListElement\":[{\"@type\":\"ListItem\",\"position\":1,\"name\":\"Prima pagin\u0103\",\"item\":\"https:\\\/\\\/biblia.md\\\/\"},{\"@type\":\"ListItem\",\"position\":2,\"name\":\"Shop\",\"item\":\"https:\\\/\\\/biblia.md\\\/shop\\\/\"},{\"@type\":\"ListItem\",\"position\":3,\"name\":\"Minciunile care ne sunt spuse, adev\u0103rul pe care trebuie s\u0103 \u00eel sus\u021binem\"}]},{\"@type\":\"WebSite\",\"@id\":\"https:\\\/\\\/biblia.md\\\/#website\",\"url\":\"https:\\\/\\\/biblia.md\\\/\",\"name\":\"Societatea Biblic\u0103 din Moldova\",\"description\":\"\",\"publisher\":{\"@id\":\"https:\\\/\\\/biblia.md\\\/#organization\"},\"potentialAction\":[{\"@type\":\"SearchAction\",\"target\":{\"@type\":\"EntryPoint\",\"urlTemplate\":\"https:\\\/\\\/biblia.md\\\/?s={search_term_string}\"},\"query-input\":{\"@type\":\"PropertyValueSpecification\",\"valueRequired\":true,\"valueName\":\"search_term_string\"}}],\"inLanguage\":\"en-US\"},{\"@type\":\"Organization\",\"@id\":\"https:\\\/\\\/biblia.md\\\/#organization\",\"name\":\"Societatea Biblic\u0103 din Moldova\",\"url\":\"https:\\\/\\\/biblia.md\\\/\",\"logo\":{\"@type\":\"ImageObject\",\"inLanguage\":\"en-US\",\"@id\":\"https:\\\/\\\/biblia.md\\\/#\\\/schema\\\/logo\\\/image\\\/\",\"url\":\"https:\\\/\\\/biblia.md\\\/wp-content\\\/uploads\\\/2026\\\/01\\\/icon_site.jpg\",\"contentUrl\":\"https:\\\/\\\/biblia.md\\\/wp-content\\\/uploads\\\/2026\\\/01\\\/icon_site.jpg\",\"width\":656,\"height\":656,\"caption\":\"Societatea Biblic\u0103 din Moldova\"},\"image\":{\"@id\":\"https:\\\/\\\/biblia.md\\\/#\\\/schema\\\/logo\\\/image\\\/\"},\"sameAs\":[\"https:\\\/\\\/www.facebook.com\\\/SocietateaBiblicaMoldova\\\/\",\"https:\\\/\\\/www.instagram.com\\\/biblia.md\\\/\"]}]}<\/script>\n<!-- \/ Yoast SEO plugin. -->","yoast_head_json":{"title":"Minciunile care ne sunt spuse, adev\u0103rul pe care trebuie s\u0103 \u00eel sus\u021binem - Societatea Biblic\u0103 din Moldova","robots":{"index":"index","follow":"follow","max-snippet":"max-snippet:-1","max-image-preview":"max-image-preview:large","max-video-preview":"max-video-preview:-1"},"canonical":"https:\/\/biblia.md\/en\/shop\/minciunile-care-ne-sunt-spuse-adevarul-pe-care-trebuie-sa-il-sustinem\/","og_locale":"en_US","og_type":"article","og_title":"Minciunile care ne sunt spuse, adev\u0103rul pe care trebuie s\u0103 \u00eel sus\u021binem - Societatea Biblic\u0103 din Moldova","og_description":"Suntem \u00eenconjura\u021bi de minciuni. Ele sunt \u00eencorporate \u00een viziunea noastr\u0103 cultural\u0103 asupra lumii. Examin\u00e2nd dovezile istoriei, Sharon James eviden\u021biaz\u0103 consecin\u021bele aplic\u0103rii unor neadev\u0103ruri periculoase. De asemenea, ea se \u00eendreapt\u0103 spre adev\u0103rul care duce la eliberare \u0219i dreptate real\u0103 \u0219i arat\u0103 de ce nu trebuie s\u0103 ne fie ru\u0219ine de Cristos sau s\u0103 fim intimida\u021bi de afirma\u021biile celor care se opun cu \u00eenc\u0103p\u0103\u021b\u00e2nare Bibliei. Aceast\u0103 carte \u00ee\u0219i propune s\u0103 \u00eei echipeze pe cre\u0219tini pentru a naviga pe c\u00e2mpul minat al afirma\u021biilor curente. Pentru a \u00een\u021belege semnifica\u021bia noastr\u0103 uman\u0103 inerent\u0103, pentru a cunoa\u0219te libertatea autentic\u0103 \u0219i pentru a lucra pentru o justi\u021bie real\u0103, trebuie s\u0103 cunoa\u0219tem adev\u0103rul.  Recomand cu t\u0103rie aceast\u0103 lucrare!","og_url":"https:\/\/biblia.md\/en\/shop\/minciunile-care-ne-sunt-spuse-adevarul-pe-care-trebuie-sa-il-sustinem\/","og_site_name":"Societatea Biblic\u0103 din Moldova","article_publisher":"https:\/\/www.facebook.com\/SocietateaBiblicaMoldova\/","og_image":[{"width":468,"height":700,"url":"https:\/\/biblia.md\/wp-content\/uploads\/2026\/02\/0000008285.jpg","type":"image\/jpeg"}],"twitter_card":"summary_large_image","twitter_misc":{"Est. reading time":"3 minutes"},"schema":{"@context":"https:\/\/schema.org","@graph":[{"@type":"WebPage","@id":"https:\/\/biblia.md\/shop\/minciunile-care-ne-sunt-spuse-adevarul-pe-care-trebuie-sa-il-sustinem\/","url":"https:\/\/biblia.md\/shop\/minciunile-care-ne-sunt-spuse-adevarul-pe-care-trebuie-sa-il-sustinem\/","name":"Minciunile care ne sunt spuse, adev\u0103rul pe care trebuie s\u0103 \u00eel sus\u021binem - Societatea Biblic\u0103 din Moldova","isPartOf":{"@id":"https:\/\/biblia.md\/#website"},"primaryImageOfPage":{"@id":"https:\/\/biblia.md\/shop\/minciunile-care-ne-sunt-spuse-adevarul-pe-care-trebuie-sa-il-sustinem\/#primaryimage"},"image":{"@id":"https:\/\/biblia.md\/shop\/minciunile-care-ne-sunt-spuse-adevarul-pe-care-trebuie-sa-il-sustinem\/#primaryimage"},"thumbnailUrl":"https:\/\/biblia.md\/wp-content\/uploads\/2026\/02\/0000008285.jpg","datePublished":"2026-02-17T14:04:55+00:00","breadcrumb":{"@id":"https:\/\/biblia.md\/shop\/minciunile-care-ne-sunt-spuse-adevarul-pe-care-trebuie-sa-il-sustinem\/#breadcrumb"},"inLanguage":"en-US","potentialAction":[{"@type":"ReadAction","target":["https:\/\/biblia.md\/shop\/minciunile-care-ne-sunt-spuse-adevarul-pe-care-trebuie-sa-il-sustinem\/"]}]},{"@type":"ImageObject","inLanguage":"en-US","@id":"https:\/\/biblia.md\/shop\/minciunile-care-ne-sunt-spuse-adevarul-pe-care-trebuie-sa-il-sustinem\/#primaryimage","url":"https:\/\/biblia.md\/wp-content\/uploads\/2026\/02\/0000008285.jpg","contentUrl":"https:\/\/biblia.md\/wp-content\/uploads\/2026\/02\/0000008285.jpg","width":468,"height":700},{"@type":"BreadcrumbList","@id":"https:\/\/biblia.md\/shop\/minciunile-care-ne-sunt-spuse-adevarul-pe-care-trebuie-sa-il-sustinem\/#breadcrumb","itemListElement":[{"@type":"ListItem","position":1,"name":"Prima pagin\u0103","item":"https:\/\/biblia.md\/"},{"@type":"ListItem","position":2,"name":"Shop","item":"https:\/\/biblia.md\/shop\/"},{"@type":"ListItem","position":3,"name":"Minciunile care ne sunt spuse, adev\u0103rul pe care trebuie s\u0103 \u00eel sus\u021binem"}]},{"@type":"WebSite","@id":"https:\/\/biblia.md\/#website","url":"https:\/\/biblia.md\/","name":"Societatea Biblic\u0103 din Moldova","description":"","publisher":{"@id":"https:\/\/biblia.md\/#organization"},"potentialAction":[{"@type":"SearchAction","target":{"@type":"EntryPoint","urlTemplate":"https:\/\/biblia.md\/?s={search_term_string}"},"query-input":{"@type":"PropertyValueSpecification","valueRequired":true,"valueName":"search_term_string"}}],"inLanguage":"en-US"},{"@type":"Organization","@id":"https:\/\/biblia.md\/#organization","name":"Societatea Biblic\u0103 din Moldova","url":"https:\/\/biblia.md\/","logo":{"@type":"ImageObject","inLanguage":"en-US","@id":"https:\/\/biblia.md\/#\/schema\/logo\/image\/","url":"https:\/\/biblia.md\/wp-content\/uploads\/2026\/01\/icon_site.jpg","contentUrl":"https:\/\/biblia.md\/wp-content\/uploads\/2026\/01\/icon_site.jpg","width":656,"height":656,"caption":"Societatea Biblic\u0103 din Moldova"},"image":{"@id":"https:\/\/biblia.md\/#\/schema\/logo\/image\/"},"sameAs":["https:\/\/www.facebook.com\/SocietateaBiblicaMoldova\/","https:\/\/www.instagram.com\/biblia.md\/"]}]}},"_links":{"self":[{"href":"https:\/\/biblia.md\/en\/wp-json\/wp\/v2\/product\/34968","targetHints":{"allow":["GET"]}}],"collection":[{"href":"https:\/\/biblia.md\/en\/wp-json\/wp\/v2\/product"}],"about":[{"href":"https:\/\/biblia.md\/en\/wp-json\/wp\/v2\/types\/product"}],"replies":[{"embeddable":true,"href":"https:\/\/biblia.md\/en\/wp-json\/wp\/v2\/comments?post=34968"}],"version-history":[{"count":1,"href":"https:\/\/biblia.md\/en\/wp-json\/wp\/v2\/product\/34968\/revisions"}],"predecessor-version":[{"id":34970,"href":"https:\/\/biblia.md\/en\/wp-json\/wp\/v2\/product\/34968\/revisions\/34970"}],"wp:featuredmedia":[{"embeddable":true,"href":"https:\/\/biblia.md\/en\/wp-json\/wp\/v2\/media\/34969"}],"wp:attachment":[{"href":"https:\/\/biblia.md\/en\/wp-json\/wp\/v2\/media?parent=34968"}],"wp:term":[{"taxonomy":"product_brand","embeddable":true,"href":"https:\/\/biblia.md\/en\/wp-json\/wp\/v2\/product_brand?post=34968"},{"taxonomy":"product_cat","embeddable":true,"href":"https:\/\/biblia.md\/en\/wp-json\/wp\/v2\/product_cat?post=34968"},{"taxonomy":"product_tag","embeddable":true,"href":"https:\/\/biblia.md\/en\/wp-json\/wp\/v2\/product_tag?post=34968"}],"curies":[{"name":"wp","href":"https:\/\/api.w.org\/{rel}","templated":true}]}}