{"id":35004,"date":"2026-02-17T17:20:54","date_gmt":"2026-02-17T15:20:54","guid":{"rendered":"https:\/\/biblia.md\/?post_type=product&#038;p=35004"},"modified":"2026-02-17T17:20:54","modified_gmt":"2026-02-17T15:20:54","slug":"momente-cruciale-din-istoria-bisericii","status":"publish","type":"product","link":"https:\/\/biblia.md\/en\/shop\/momente-cruciale-din-istoria-bisericii\/","title":{"rendered":"Momente cruciale din istoria bisericii"},"content":{"rendered":"<div><strong>James B. North, Ph.D., este profesor de istoria Bisericii la Cincinnati Bible College and Seminary, Cincinnati, Ohio. Studiile sale cuprind o licenta de la Lincoln Christian College, 1958-1962; o diploma de master \u00een istoria Bisericii de la Lincoln Christian Seminary, 1963, si un al doilea master \u00een istoria Bisericii de la University of Chicago, 1967. A lucrat ca asistent \u00een cercetarea istorica la University of Illinois, unde a urmat studiile de doctorat \u00een istoria Americii. A slujit de asemenea \u00een biserici din San Jose si Ripley, Illinois.<br \/>\n<\/strong><\/div>\n<div><strong>Articolele sale au fost publicate \u00een mai multe jurnale teologice; este si membru al organizatiilor American Society of Church History, Disciples of Christ Historical Society si Conference on Faith and History.<\/strong><\/div>","protected":false},"excerpt":{"rendered":"<div>Acest volum de istorie este destinat studiilor de istorie a Bisericii predate de-a lungul unui semestru. Printre subiectele discutate se numara Biserica apostolica, monasticismul, aparitia islamului, papalitatea medievala, conciliarismul, Renasterea, revolta protestanta, rationalismul, Biserica Rasariteana, expansiunea misionara si era ecumenismului. \u00centrebarile si proiectele de la sfarsitul fiecarui capitol sunt concepute special pentru un studiu aprofundat.<\/div>\n<div>\nWilliam J. Richardson afirma: \u201eEste o carte bine organizata. Sunt impresionat de claritatea relatarilor din \u00eentreg cuprinsul ei.\u201d<\/div>\n<div>\nPe langa acest material, studentilor li se va oferi material suplimentar \u00een cadrul orelor si prin scrierea altor eseuri. Grupurile de studiu din biserica vor dori, probabil, sa foloseasca acest text ca baza pentru o cercetare asupra istoriei Bisericii. \u00centrebarile si proiectele de la sfarsitul capitolelor sunt menite sa stimuleze gandirea despre \u00eentamplarile din trecut. Altii vor dori pur si simplu s-o lectureze ca pe o introducere \u00een istoria Bisericii.<\/div>\n<div>\nIstoria presupune o relatare si o interpretare a evenimentelor din trecut. Deseori, \u00eentamplarile trecutului \u00eesi pierd semnificatia din cauza lipsei unei interpretari care sa le dovedeasca semnificatia.<\/div>","protected":false},"featured_media":35006,"comment_status":"open","ping_status":"closed","template":"","meta":[],"product_brand":[],"product_cat":[377,389],"product_tag":[],"class_list":{"0":"post-35004","1":"product","2":"type-product","3":"status-publish","4":"has-post-thumbnail","6":"product_cat-carti","7":"product_cat-istoria-crestinismului","8":"product_author-mark-a-noll","9":"product_genre-knigi-rom","11":"first","12":"instock","13":"shipping-taxable","14":"purchasable","15":"product-type-simple"},"yoast_head":"<!-- This site is optimized with the Yoast SEO plugin v27.3 - https:\/\/yoast.com\/product\/yoast-seo-wordpress\/ -->\n<title>Momente cruciale din istoria bisericii - Societatea Biblic\u0103 din Moldova<\/title>\n<meta name=\"robots\" content=\"index, follow, max-snippet:-1, max-image-preview:large, max-video-preview:-1\" \/>\n<link rel=\"canonical\" href=\"https:\/\/biblia.md\/en\/shop\/momente-cruciale-din-istoria-bisericii\/\" \/>\n<meta property=\"og:locale\" content=\"en_US\" \/>\n<meta property=\"og:type\" content=\"article\" \/>\n<meta property=\"og:title\" content=\"Momente cruciale din istoria bisericii - Societatea Biblic\u0103 din Moldova\" \/>\n<meta property=\"og:description\" content=\"Acest volum de istorie este destinat studiilor de istorie a Bisericii predate de-a lungul unui semestru. Printre subiectele discutate se numara Biserica apostolica, monasticismul, aparitia islamului, papalitatea medievala, conciliarismul, Renasterea, revolta protestanta, rationalismul, Biserica Rasariteana, expansiunea misionara si era ecumenismului. \u00centrebarile si proiectele de la sfarsitul fiecarui capitol sunt concepute special pentru un studiu aprofundat.  William J. Richardson afirma: \u201eEste o carte bine organizata. Sunt impresionat de claritatea relatarilor din \u00eentreg cuprinsul ei.\u201d  Pe langa acest material, studentilor li se va oferi material suplimentar \u00een cadrul orelor si prin scrierea altor eseuri. Grupurile de studiu din biserica vor dori, probabil, sa foloseasca acest text ca baza pentru o cercetare asupra istoriei Bisericii. \u00centrebarile si proiectele de la sfarsitul capitolelor sunt menite sa stimuleze gandirea despre \u00eentamplarile din trecut. Altii vor dori pur si simplu s-o lectureze ca pe o introducere \u00een istoria Bisericii.  Istoria presupune o relatare si o interpretare a evenimentelor din trecut. Deseori, \u00eentamplarile trecutului \u00eesi pierd semnificatia din cauza lipsei unei interpretari care sa le dovedeasca semnificatia.\" \/>\n<meta property=\"og:url\" content=\"https:\/\/biblia.md\/en\/shop\/momente-cruciale-din-istoria-bisericii\/\" \/>\n<meta property=\"og:site_name\" content=\"Societatea Biblic\u0103 din Moldova\" \/>\n<meta property=\"article:publisher\" content=\"https:\/\/www.facebook.com\/SocietateaBiblicaMoldova\/\" \/>\n<meta property=\"og:image\" content=\"https:\/\/biblia.md\/wp-content\/uploads\/2026\/02\/0000001153-scaled.jpg\" \/>\n\t<meta property=\"og:image:width\" content=\"1671\" \/>\n\t<meta property=\"og:image:height\" content=\"2560\" \/>\n\t<meta property=\"og:image:type\" content=\"image\/jpeg\" \/>\n<meta name=\"twitter:card\" content=\"summary_large_image\" \/>\n<meta name=\"twitter:label1\" content=\"Est. reading time\" \/>\n\t<meta name=\"twitter:data1\" content=\"1 minute\" \/>\n<script type=\"application\/ld+json\" class=\"yoast-schema-graph\">{\"@context\":\"https:\\\/\\\/schema.org\",\"@graph\":[{\"@type\":\"WebPage\",\"@id\":\"https:\\\/\\\/biblia.md\\\/shop\\\/momente-cruciale-din-istoria-bisericii\\\/\",\"url\":\"https:\\\/\\\/biblia.md\\\/shop\\\/momente-cruciale-din-istoria-bisericii\\\/\",\"name\":\"Momente cruciale din istoria bisericii - Societatea Biblic\u0103 din Moldova\",\"isPartOf\":{\"@id\":\"https:\\\/\\\/biblia.md\\\/#website\"},\"primaryImageOfPage\":{\"@id\":\"https:\\\/\\\/biblia.md\\\/shop\\\/momente-cruciale-din-istoria-bisericii\\\/#primaryimage\"},\"image\":{\"@id\":\"https:\\\/\\\/biblia.md\\\/shop\\\/momente-cruciale-din-istoria-bisericii\\\/#primaryimage\"},\"thumbnailUrl\":\"https:\\\/\\\/biblia.md\\\/wp-content\\\/uploads\\\/2026\\\/02\\\/0000001153-scaled.jpg\",\"datePublished\":\"2026-02-17T15:20:54+00:00\",\"breadcrumb\":{\"@id\":\"https:\\\/\\\/biblia.md\\\/shop\\\/momente-cruciale-din-istoria-bisericii\\\/#breadcrumb\"},\"inLanguage\":\"en-US\",\"potentialAction\":[{\"@type\":\"ReadAction\",\"target\":[\"https:\\\/\\\/biblia.md\\\/shop\\\/momente-cruciale-din-istoria-bisericii\\\/\"]}]},{\"@type\":\"ImageObject\",\"inLanguage\":\"en-US\",\"@id\":\"https:\\\/\\\/biblia.md\\\/shop\\\/momente-cruciale-din-istoria-bisericii\\\/#primaryimage\",\"url\":\"https:\\\/\\\/biblia.md\\\/wp-content\\\/uploads\\\/2026\\\/02\\\/0000001153-scaled.jpg\",\"contentUrl\":\"https:\\\/\\\/biblia.md\\\/wp-content\\\/uploads\\\/2026\\\/02\\\/0000001153-scaled.jpg\",\"width\":1671,\"height\":2560},{\"@type\":\"BreadcrumbList\",\"@id\":\"https:\\\/\\\/biblia.md\\\/shop\\\/momente-cruciale-din-istoria-bisericii\\\/#breadcrumb\",\"itemListElement\":[{\"@type\":\"ListItem\",\"position\":1,\"name\":\"Prima pagin\u0103\",\"item\":\"https:\\\/\\\/biblia.md\\\/\"},{\"@type\":\"ListItem\",\"position\":2,\"name\":\"Shop\",\"item\":\"https:\\\/\\\/biblia.md\\\/shop\\\/\"},{\"@type\":\"ListItem\",\"position\":3,\"name\":\"Momente cruciale din istoria bisericii\"}]},{\"@type\":\"WebSite\",\"@id\":\"https:\\\/\\\/biblia.md\\\/#website\",\"url\":\"https:\\\/\\\/biblia.md\\\/\",\"name\":\"Societatea Biblic\u0103 din Moldova\",\"description\":\"\",\"publisher\":{\"@id\":\"https:\\\/\\\/biblia.md\\\/#organization\"},\"potentialAction\":[{\"@type\":\"SearchAction\",\"target\":{\"@type\":\"EntryPoint\",\"urlTemplate\":\"https:\\\/\\\/biblia.md\\\/?s={search_term_string}\"},\"query-input\":{\"@type\":\"PropertyValueSpecification\",\"valueRequired\":true,\"valueName\":\"search_term_string\"}}],\"inLanguage\":\"en-US\"},{\"@type\":\"Organization\",\"@id\":\"https:\\\/\\\/biblia.md\\\/#organization\",\"name\":\"Societatea Biblic\u0103 din Moldova\",\"url\":\"https:\\\/\\\/biblia.md\\\/\",\"logo\":{\"@type\":\"ImageObject\",\"inLanguage\":\"en-US\",\"@id\":\"https:\\\/\\\/biblia.md\\\/#\\\/schema\\\/logo\\\/image\\\/\",\"url\":\"https:\\\/\\\/biblia.md\\\/wp-content\\\/uploads\\\/2026\\\/01\\\/icon_site.jpg\",\"contentUrl\":\"https:\\\/\\\/biblia.md\\\/wp-content\\\/uploads\\\/2026\\\/01\\\/icon_site.jpg\",\"width\":656,\"height\":656,\"caption\":\"Societatea Biblic\u0103 din Moldova\"},\"image\":{\"@id\":\"https:\\\/\\\/biblia.md\\\/#\\\/schema\\\/logo\\\/image\\\/\"},\"sameAs\":[\"https:\\\/\\\/www.facebook.com\\\/SocietateaBiblicaMoldova\\\/\",\"https:\\\/\\\/www.instagram.com\\\/biblia.md\\\/\"]}]}<\/script>\n<!-- \/ Yoast SEO plugin. -->","yoast_head_json":{"title":"Momente cruciale din istoria bisericii - Societatea Biblic\u0103 din Moldova","robots":{"index":"index","follow":"follow","max-snippet":"max-snippet:-1","max-image-preview":"max-image-preview:large","max-video-preview":"max-video-preview:-1"},"canonical":"https:\/\/biblia.md\/en\/shop\/momente-cruciale-din-istoria-bisericii\/","og_locale":"en_US","og_type":"article","og_title":"Momente cruciale din istoria bisericii - Societatea Biblic\u0103 din Moldova","og_description":"Acest volum de istorie este destinat studiilor de istorie a Bisericii predate de-a lungul unui semestru. Printre subiectele discutate se numara Biserica apostolica, monasticismul, aparitia islamului, papalitatea medievala, conciliarismul, Renasterea, revolta protestanta, rationalismul, Biserica Rasariteana, expansiunea misionara si era ecumenismului. \u00centrebarile si proiectele de la sfarsitul fiecarui capitol sunt concepute special pentru un studiu aprofundat.  William J. Richardson afirma: \u201eEste o carte bine organizata. Sunt impresionat de claritatea relatarilor din \u00eentreg cuprinsul ei.\u201d  Pe langa acest material, studentilor li se va oferi material suplimentar \u00een cadrul orelor si prin scrierea altor eseuri. Grupurile de studiu din biserica vor dori, probabil, sa foloseasca acest text ca baza pentru o cercetare asupra istoriei Bisericii. \u00centrebarile si proiectele de la sfarsitul capitolelor sunt menite sa stimuleze gandirea despre \u00eentamplarile din trecut. Altii vor dori pur si simplu s-o lectureze ca pe o introducere \u00een istoria Bisericii.  Istoria presupune o relatare si o interpretare a evenimentelor din trecut. Deseori, \u00eentamplarile trecutului \u00eesi pierd semnificatia din cauza lipsei unei interpretari care sa le dovedeasca semnificatia.","og_url":"https:\/\/biblia.md\/en\/shop\/momente-cruciale-din-istoria-bisericii\/","og_site_name":"Societatea Biblic\u0103 din Moldova","article_publisher":"https:\/\/www.facebook.com\/SocietateaBiblicaMoldova\/","og_image":[{"width":1671,"height":2560,"url":"https:\/\/biblia.md\/wp-content\/uploads\/2026\/02\/0000001153-scaled.jpg","type":"image\/jpeg"}],"twitter_card":"summary_large_image","twitter_misc":{"Est. reading time":"1 minute"},"schema":{"@context":"https:\/\/schema.org","@graph":[{"@type":"WebPage","@id":"https:\/\/biblia.md\/shop\/momente-cruciale-din-istoria-bisericii\/","url":"https:\/\/biblia.md\/shop\/momente-cruciale-din-istoria-bisericii\/","name":"Momente cruciale din istoria bisericii - Societatea Biblic\u0103 din Moldova","isPartOf":{"@id":"https:\/\/biblia.md\/#website"},"primaryImageOfPage":{"@id":"https:\/\/biblia.md\/shop\/momente-cruciale-din-istoria-bisericii\/#primaryimage"},"image":{"@id":"https:\/\/biblia.md\/shop\/momente-cruciale-din-istoria-bisericii\/#primaryimage"},"thumbnailUrl":"https:\/\/biblia.md\/wp-content\/uploads\/2026\/02\/0000001153-scaled.jpg","datePublished":"2026-02-17T15:20:54+00:00","breadcrumb":{"@id":"https:\/\/biblia.md\/shop\/momente-cruciale-din-istoria-bisericii\/#breadcrumb"},"inLanguage":"en-US","potentialAction":[{"@type":"ReadAction","target":["https:\/\/biblia.md\/shop\/momente-cruciale-din-istoria-bisericii\/"]}]},{"@type":"ImageObject","inLanguage":"en-US","@id":"https:\/\/biblia.md\/shop\/momente-cruciale-din-istoria-bisericii\/#primaryimage","url":"https:\/\/biblia.md\/wp-content\/uploads\/2026\/02\/0000001153-scaled.jpg","contentUrl":"https:\/\/biblia.md\/wp-content\/uploads\/2026\/02\/0000001153-scaled.jpg","width":1671,"height":2560},{"@type":"BreadcrumbList","@id":"https:\/\/biblia.md\/shop\/momente-cruciale-din-istoria-bisericii\/#breadcrumb","itemListElement":[{"@type":"ListItem","position":1,"name":"Prima pagin\u0103","item":"https:\/\/biblia.md\/"},{"@type":"ListItem","position":2,"name":"Shop","item":"https:\/\/biblia.md\/shop\/"},{"@type":"ListItem","position":3,"name":"Momente cruciale din istoria bisericii"}]},{"@type":"WebSite","@id":"https:\/\/biblia.md\/#website","url":"https:\/\/biblia.md\/","name":"Societatea Biblic\u0103 din Moldova","description":"","publisher":{"@id":"https:\/\/biblia.md\/#organization"},"potentialAction":[{"@type":"SearchAction","target":{"@type":"EntryPoint","urlTemplate":"https:\/\/biblia.md\/?s={search_term_string}"},"query-input":{"@type":"PropertyValueSpecification","valueRequired":true,"valueName":"search_term_string"}}],"inLanguage":"en-US"},{"@type":"Organization","@id":"https:\/\/biblia.md\/#organization","name":"Societatea Biblic\u0103 din Moldova","url":"https:\/\/biblia.md\/","logo":{"@type":"ImageObject","inLanguage":"en-US","@id":"https:\/\/biblia.md\/#\/schema\/logo\/image\/","url":"https:\/\/biblia.md\/wp-content\/uploads\/2026\/01\/icon_site.jpg","contentUrl":"https:\/\/biblia.md\/wp-content\/uploads\/2026\/01\/icon_site.jpg","width":656,"height":656,"caption":"Societatea Biblic\u0103 din Moldova"},"image":{"@id":"https:\/\/biblia.md\/#\/schema\/logo\/image\/"},"sameAs":["https:\/\/www.facebook.com\/SocietateaBiblicaMoldova\/","https:\/\/www.instagram.com\/biblia.md\/"]}]}},"_links":{"self":[{"href":"https:\/\/biblia.md\/en\/wp-json\/wp\/v2\/product\/35004","targetHints":{"allow":["GET"]}}],"collection":[{"href":"https:\/\/biblia.md\/en\/wp-json\/wp\/v2\/product"}],"about":[{"href":"https:\/\/biblia.md\/en\/wp-json\/wp\/v2\/types\/product"}],"replies":[{"embeddable":true,"href":"https:\/\/biblia.md\/en\/wp-json\/wp\/v2\/comments?post=35004"}],"version-history":[{"count":1,"href":"https:\/\/biblia.md\/en\/wp-json\/wp\/v2\/product\/35004\/revisions"}],"predecessor-version":[{"id":35007,"href":"https:\/\/biblia.md\/en\/wp-json\/wp\/v2\/product\/35004\/revisions\/35007"}],"wp:featuredmedia":[{"embeddable":true,"href":"https:\/\/biblia.md\/en\/wp-json\/wp\/v2\/media\/35006"}],"wp:attachment":[{"href":"https:\/\/biblia.md\/en\/wp-json\/wp\/v2\/media?parent=35004"}],"wp:term":[{"taxonomy":"product_brand","embeddable":true,"href":"https:\/\/biblia.md\/en\/wp-json\/wp\/v2\/product_brand?post=35004"},{"taxonomy":"product_cat","embeddable":true,"href":"https:\/\/biblia.md\/en\/wp-json\/wp\/v2\/product_cat?post=35004"},{"taxonomy":"product_tag","embeddable":true,"href":"https:\/\/biblia.md\/en\/wp-json\/wp\/v2\/product_tag?post=35004"}],"curies":[{"name":"wp","href":"https:\/\/api.w.org\/{rel}","templated":true}]}}